{"id":223959,"date":"2024-07-28T18:26:20","date_gmt":"2024-07-28T16:26:20","guid":{"rendered":"https:\/\/marktxxl.de\/markt\/produkt\/lightning-auf-usb-c-adapter-2stueck-adapter-lightning-auf-usb-c-60w-schnelles-laden-mit-anti-verlust-seil-fuer-iphone15-15-pro-max-galaxy-s24-s23-ipad-pro-air-und-andere-typ-c-geraete\/"},"modified":"2024-07-28T18:26:20","modified_gmt":"2024-07-28T16:26:20","slug":"lightning-auf-usb-c-adapter-2stueck-adapter-lightning-auf-usb-c-60w-schnelles-laden-mit-anti-verlust-seil-fuer-iphone15-15-pro-max-galaxy-s24-s23-ipad-pro-air-und-andere-typ-c-geraete","status":"publish","type":"product","link":"https:\/\/marktxxl.de\/markt\/produkt\/lightning-auf-usb-c-adapter-2stueck-adapter-lightning-auf-usb-c-60w-schnelles-laden-mit-anti-verlust-seil-fuer-iphone15-15-pro-max-galaxy-s24-s23-ipad-pro-air-und-andere-typ-c-geraete\/","title":{"rendered":"Lightning auf USB C Adapter [2St\u00fcck] Adapter Lightning auf USB C 60W Schnelles Laden mit Anti Verlust Seil f\u00fcr iPhone15\/15 Pro\/MAX, Galaxy S24\/S23, iPad Pro\/Air und andere Typ C Ger\u00e4te"},"content":{"rendered":"<p>[60W Schnelles Laden] Der Lightning auf USB C Adapter unterst\u00fctzt PD schnelles laden, max 60W. Und Daten\u00fcbertragungsgeschwindigkeit bis zu 480 Mbps.Mit einem eingebauten 56K\u03a9 Pull-up Widerstand sorgt der Lightning auf USB C Adapter f\u00fcr sichereres Ladeerlebnis.(NOTE!!!Lightning auf USB C Adapter ist nur zum Laden vorgesehen und unterst\u00fctzt keine Daten\u00fcbertragung.)<br \/>\n[Einfach und bequem] jeder GIANAC Lightning auf USB C Adapter ist mit einem Anti-Verlust-Kabel,besteht aus dem Aluminiumgeh\u00e4use ist robuster und hitzebest\u00e4ndiger, was eine lange Lebensdauer gew\u00e4hrleistet. Es kann 10000s Eins\u00e4tze widerstehen. Einfach anschlie\u00dfen und spielen, f\u00fchlen Sie sich frei, es zu verwenden.<br \/>\n[Kompatibilit\u00e4t] Kompatibel mit iPhone 15\/15 Pro Max\/15 Plus, Google Pixel 7\/6\/5\/4; Samsung Galaxy Z Flip 5,S23\/S23 Ultra\/S23+\/S22\/S21 Plus\/S20\/Note 20\/20 Ultra\/10, iPad Pro\/Air\/mini; HTC U12 und andere Ger\u00e4te, die USB Typ C Kabel verwenden.(Hinweis!!:Dieser Lightning USB C Adapter unterst\u00fctzt nur das Aufladen und die Daten\u00fcbertragung zwischen Telefonen und Computern. Inkompatibel mit OTG Audio\/Video-Funktionen!<br \/>\n[Einfach und bequem] Vereinfachen Sie Ihr Leben mit diesem Lightning (weiblich) auf USB C (m\u00e4nnlicher) Adapter der Sie ohne zus\u00e4tzlichen Aufwand verbunden h\u00e4lt. Umkehrbarer USB-C-Anschluss, mit dem Sie ihn f\u00fcr maximalen Komfort in beide Richtungen stecken k\u00f6nnen. Koppeln Sie es mit einem kompatiblen USB-C-Netzteil und einem Lightning-Kabel. Das kompakte Design dieses Adapters macht es einfach, ihn in Ihrer Tasche, Handtasche oder Laptoptasche zu tragen.<br \/>\n[Erf\u00fcllen Sie Ihre Anforderungen] Sie erhalten 2 St\u00fcck 60w Lightning USB C Adapter mit Anti Verlust Seil, 24-Monate garantie und freundlichen Kundenservice.Bitte kontaktieren Sie uns bei Fragen oder Anliegen.<br \/>\n<div class=\"main-cross-sell\" data-asin=\"B0D9LNG422\">\n\n\t<div class=\"WooZone-cross-sell-loader\">\n\t\t<div>\n\t\t\t<div id=\"floatingBarsG\">\n\t\t\t\t<div class=\"blockG\" id=\"rotateG_01\"><\/div>\n\t\t\t\t<div class=\"blockG\" id=\"rotateG_02\"><\/div>\n\t\t\t\t<div class=\"blockG\" id=\"rotateG_03\"><\/div>\n\t\t\t\t<div class=\"blockG\" id=\"rotateG_04\"><\/div>\n\t\t\t\t<div class=\"blockG\" id=\"rotateG_05\"><\/div>\n\t\t\t\t<div class=\"blockG\" id=\"rotateG_06\"><\/div>\n\t\t\t\t<div class=\"blockG\" id=\"rotateG_07\"><\/div>\n\t\t\t\t<div class=\"blockG\" id=\"rotateG_08\"><\/div>\n\t\t\t<\/div>\n\t\t\t<div class=\"WooZone-cross-sell-loader-text\"><\/div>\n\t\t<\/div>\n\t<\/div>\n\n\t\t\n<\/div>\n<div style=\"clear:both;\"><\/div><\/p>\n","protected":false},"excerpt":{"rendered":"<p>[60W Schnelles Laden] Der Lightning auf USB C Adapter unterst\u00fctzt PD schnelles laden, max 60W. Und Daten\u00fcbertragungsgeschwindigkeit bis zu 480 Mbps.Mit einem eingebauten 56K\u03a9 Pull-up Widerstand sorgt der Lightning auf USB C Adapter f\u00fcr sichereres Ladeerlebnis.(NOTE!!!Lightning auf USB C Adapter ist nur zum Laden vorgesehen und unterst\u00fctzt keine Daten\u00fcbertragung.)<br \/>\n[Einfach und bequem] jeder GIANAC Lightning auf USB C Adapter ist mit einem Anti-Verlust-Kabel,besteht aus dem Aluminiumgeh\u00e4use ist robuster und hitzebest\u00e4ndiger, was eine lange Lebensdauer gew\u00e4hrleistet. Es kann 10000s Eins\u00e4tze widerstehen. Einfach anschlie\u00dfen und spielen, f\u00fchlen Sie sich frei, es zu verwenden.<br \/>\n[Kompatibilit\u00e4t] Kompatibel mit iPhone 15\/15 Pro Max\/15 Plus, Google Pixel 7\/6\/5\/4; Samsung Galaxy Z Flip 5,S23\/S23 Ultra\/S23+\/S22\/S21 Plus\/S20\/Note 20\/20 Ultra\/10, iPad Pro\/Air\/mini; HTC U12 und andere Ger\u00e4te, die USB Typ C Kabel verwenden.(Hinweis!!:Dieser Lightning USB C Adapter unterst\u00fctzt nur das Aufladen und die Daten\u00fcbertragung zwischen Telefonen und Computern. Inkompatibel mit OTG Audio\/Video-Funktionen!<\/p>\n","protected":false},"featured_media":223960,"comment_status":"open","ping_status":"closed","template":"","meta":[],"product_brand":[],"product_cat":[863],"product_tag":[],"class_list":{"0":"post-223959","1":"product","2":"type-product","3":"status-publish","4":"has-post-thumbnail","6":"product_cat-computer-zubehoer","7":"pa_brand-gianac","8":"pa_manufacturer-gianac","10":"first","11":"instock","12":"shipping-taxable","13":"product-type-simple","14":"customify-col","15":"product-has-gallery"},"yoast_head":"<!-- This site is optimized with the Yoast SEO plugin v27.3 - https:\/\/yoast.com\/product\/yoast-seo-wordpress\/ -->\n<title>Lightning auf USB C Adapter [2St\u00fcck] Adapter Lightning auf USB C 60W Schnelles Laden mit Anti Verlust Seil f\u00fcr iPhone15\/15 Pro\/MAX, Galaxy S24\/S23, iPad Pro\/Air und andere Typ C Ger\u00e4te - Markt-XXL<\/title>\n<meta name=\"description\" content=\"Markt-XXL Lightning auf USB C Adapter [2St\u00fcck] Adapter Lightning auf USB C 60W Schnelles Laden mit Anti Verlust Seil f\u00fcr iPhone15\/15 Pro\/MAX, Galaxy S24\/S23, iPad Pro\/Air und andere Typ C Ger\u00e4te\" \/>\n<meta name=\"robots\" content=\"index, follow, max-snippet:-1, max-image-preview:large, max-video-preview:-1\" \/>\n<link rel=\"canonical\" href=\"https:\/\/marktxxl.de\/markt\/produkt\/lightning-auf-usb-c-adapter-2stueck-adapter-lightning-auf-usb-c-60w-schnelles-laden-mit-anti-verlust-seil-fuer-iphone15-15-pro-max-galaxy-s24-s23-ipad-pro-air-und-andere-typ-c-geraete\/\" \/>\n<meta property=\"og:locale\" content=\"de_DE\" \/>\n<meta property=\"og:type\" content=\"article\" \/>\n<meta property=\"og:title\" content=\"Lightning auf USB C Adapter [2St\u00fcck] Adapter Lightning auf USB C 60W Schnelles Laden mit Anti Verlust Seil f\u00fcr iPhone15\/15 Pro\/MAX, Galaxy S24\/S23, iPad Pro\/Air und andere Typ C Ger\u00e4te - Markt-XXL\" \/>\n<meta property=\"og:description\" content=\"Markt-XXL Lightning auf USB C Adapter [2St\u00fcck] Adapter Lightning auf USB C 60W Schnelles Laden mit Anti Verlust Seil f\u00fcr iPhone15\/15 Pro\/MAX, Galaxy S24\/S23, iPad Pro\/Air und andere Typ C Ger\u00e4te\" \/>\n<meta property=\"og:url\" content=\"https:\/\/marktxxl.de\/markt\/produkt\/lightning-auf-usb-c-adapter-2stueck-adapter-lightning-auf-usb-c-60w-schnelles-laden-mit-anti-verlust-seil-fuer-iphone15-15-pro-max-galaxy-s24-s23-ipad-pro-air-und-andere-typ-c-geraete\/\" \/>\n<meta property=\"og:site_name\" content=\"Markt-XXL\" \/>\n<meta name=\"twitter:card\" content=\"summary_large_image\" \/>\n<meta name=\"twitter:label1\" content=\"Gesch\u00e4tzte Lesezeit\" \/>\n\t<meta name=\"twitter:data1\" content=\"1\u00a0Minute\" \/>\n<script type=\"application\/ld+json\" class=\"yoast-schema-graph\">{\"@context\":\"https:\\\/\\\/schema.org\",\"@graph\":[{\"@type\":\"WebPage\",\"@id\":\"https:\\\/\\\/marktxxl.de\\\/markt\\\/produkt\\\/lightning-auf-usb-c-adapter-2stueck-adapter-lightning-auf-usb-c-60w-schnelles-laden-mit-anti-verlust-seil-fuer-iphone15-15-pro-max-galaxy-s24-s23-ipad-pro-air-und-andere-typ-c-geraete\\\/\",\"url\":\"https:\\\/\\\/marktxxl.de\\\/markt\\\/produkt\\\/lightning-auf-usb-c-adapter-2stueck-adapter-lightning-auf-usb-c-60w-schnelles-laden-mit-anti-verlust-seil-fuer-iphone15-15-pro-max-galaxy-s24-s23-ipad-pro-air-und-andere-typ-c-geraete\\\/\",\"name\":\"Lightning auf USB C Adapter [2St\u00fcck] Adapter Lightning auf USB C 60W Schnelles Laden mit Anti Verlust Seil f\u00fcr iPhone15\\\/15 Pro\\\/MAX, Galaxy S24\\\/S23, iPad Pro\\\/Air und andere Typ C Ger\u00e4te - Markt-XXL\",\"isPartOf\":{\"@id\":\"https:\\\/\\\/marktxxl.de\\\/markt\\\/#website\"},\"primaryImageOfPage\":{\"@id\":\"https:\\\/\\\/marktxxl.de\\\/markt\\\/produkt\\\/lightning-auf-usb-c-adapter-2stueck-adapter-lightning-auf-usb-c-60w-schnelles-laden-mit-anti-verlust-seil-fuer-iphone15-15-pro-max-galaxy-s24-s23-ipad-pro-air-und-andere-typ-c-geraete\\\/#primaryimage\"},\"image\":{\"@id\":\"https:\\\/\\\/marktxxl.de\\\/markt\\\/produkt\\\/lightning-auf-usb-c-adapter-2stueck-adapter-lightning-auf-usb-c-60w-schnelles-laden-mit-anti-verlust-seil-fuer-iphone15-15-pro-max-galaxy-s24-s23-ipad-pro-air-und-andere-typ-c-geraete\\\/#primaryimage\"},\"thumbnailUrl\":\"https:\\\/\\\/m.media-amazon.com\\\/images\\\/I\\\/41YZinF6iNL._SL500_.jpg\",\"datePublished\":\"2024-07-28T16:26:20+00:00\",\"description\":\"Markt-XXL Lightning auf USB C Adapter [2St\u00fcck] Adapter Lightning auf USB C 60W Schnelles Laden mit Anti Verlust Seil f\u00fcr iPhone15\\\/15 Pro\\\/MAX, Galaxy S24\\\/S23, iPad Pro\\\/Air und andere Typ C Ger\u00e4te\",\"breadcrumb\":{\"@id\":\"https:\\\/\\\/marktxxl.de\\\/markt\\\/produkt\\\/lightning-auf-usb-c-adapter-2stueck-adapter-lightning-auf-usb-c-60w-schnelles-laden-mit-anti-verlust-seil-fuer-iphone15-15-pro-max-galaxy-s24-s23-ipad-pro-air-und-andere-typ-c-geraete\\\/#breadcrumb\"},\"inLanguage\":\"de\",\"potentialAction\":[{\"@type\":\"ReadAction\",\"target\":[\"https:\\\/\\\/marktxxl.de\\\/markt\\\/produkt\\\/lightning-auf-usb-c-adapter-2stueck-adapter-lightning-auf-usb-c-60w-schnelles-laden-mit-anti-verlust-seil-fuer-iphone15-15-pro-max-galaxy-s24-s23-ipad-pro-air-und-andere-typ-c-geraete\\\/\"]}]},{\"@type\":\"ImageObject\",\"inLanguage\":\"de\",\"@id\":\"https:\\\/\\\/marktxxl.de\\\/markt\\\/produkt\\\/lightning-auf-usb-c-adapter-2stueck-adapter-lightning-auf-usb-c-60w-schnelles-laden-mit-anti-verlust-seil-fuer-iphone15-15-pro-max-galaxy-s24-s23-ipad-pro-air-und-andere-typ-c-geraete\\\/#primaryimage\",\"url\":\"https:\\\/\\\/m.media-amazon.com\\\/images\\\/I\\\/41YZinF6iNL._SL500_.jpg\",\"contentUrl\":\"https:\\\/\\\/m.media-amazon.com\\\/images\\\/I\\\/41YZinF6iNL._SL500_.jpg\",\"width\":490,\"height\":500},{\"@type\":\"BreadcrumbList\",\"@id\":\"https:\\\/\\\/marktxxl.de\\\/markt\\\/produkt\\\/lightning-auf-usb-c-adapter-2stueck-adapter-lightning-auf-usb-c-60w-schnelles-laden-mit-anti-verlust-seil-fuer-iphone15-15-pro-max-galaxy-s24-s23-ipad-pro-air-und-andere-typ-c-geraete\\\/#breadcrumb\",\"itemListElement\":[{\"@type\":\"ListItem\",\"position\":1,\"name\":\"Startseite\",\"item\":\"https:\\\/\\\/marktxxl.de\\\/markt\\\/\"},{\"@type\":\"ListItem\",\"position\":2,\"name\":\"Markt\",\"item\":\"https:\\\/\\\/marktxxl.de\\\/markt\\\/\"},{\"@type\":\"ListItem\",\"position\":3,\"name\":\"Lightning auf USB C Adapter [2St\u00fcck] Adapter Lightning auf USB C 60W Schnelles Laden mit Anti Verlust Seil f\u00fcr iPhone15\\\/15 Pro\\\/MAX, Galaxy S24\\\/S23, iPad Pro\\\/Air und andere Typ C Ger\u00e4te\"}]},{\"@type\":\"WebSite\",\"@id\":\"https:\\\/\\\/marktxxl.de\\\/markt\\\/#website\",\"url\":\"https:\\\/\\\/marktxxl.de\\\/markt\\\/\",\"name\":\"Markt-XXL\",\"description\":\"Ihr Markt Online\",\"publisher\":{\"@id\":\"https:\\\/\\\/marktxxl.de\\\/markt\\\/#organization\"},\"potentialAction\":[{\"@type\":\"SearchAction\",\"target\":{\"@type\":\"EntryPoint\",\"urlTemplate\":\"https:\\\/\\\/marktxxl.de\\\/markt\\\/?s={search_term_string}\"},\"query-input\":{\"@type\":\"PropertyValueSpecification\",\"valueRequired\":true,\"valueName\":\"search_term_string\"}}],\"inLanguage\":\"de\"},{\"@type\":\"Organization\",\"@id\":\"https:\\\/\\\/marktxxl.de\\\/markt\\\/#organization\",\"name\":\"Markt-XXL\",\"url\":\"https:\\\/\\\/marktxxl.de\\\/markt\\\/\",\"logo\":{\"@type\":\"ImageObject\",\"inLanguage\":\"de\",\"@id\":\"https:\\\/\\\/marktxxl.de\\\/markt\\\/#\\\/schema\\\/logo\\\/image\\\/\",\"url\":\"https:\\\/\\\/marktxxl.de\\\/markt\\\/wp-content\\\/uploads\\\/sites\\\/3\\\/2020\\\/12\\\/logo.png\",\"contentUrl\":\"https:\\\/\\\/marktxxl.de\\\/markt\\\/wp-content\\\/uploads\\\/sites\\\/3\\\/2020\\\/12\\\/logo.png\",\"width\":200,\"height\":70,\"caption\":\"Markt-XXL\"},\"image\":{\"@id\":\"https:\\\/\\\/marktxxl.de\\\/markt\\\/#\\\/schema\\\/logo\\\/image\\\/\"}}]}<\/script>\n<!-- \/ Yoast SEO plugin. -->","yoast_head_json":{"title":"Lightning auf USB C Adapter [2St\u00fcck] Adapter Lightning auf USB C 60W Schnelles Laden mit Anti Verlust Seil f\u00fcr iPhone15\/15 Pro\/MAX, Galaxy S24\/S23, iPad Pro\/Air und andere Typ C Ger\u00e4te - Markt-XXL","description":"Markt-XXL Lightning auf USB C Adapter [2St\u00fcck] Adapter Lightning auf USB C 60W Schnelles Laden mit Anti Verlust Seil f\u00fcr iPhone15\/15 Pro\/MAX, Galaxy S24\/S23, iPad Pro\/Air und andere Typ C Ger\u00e4te","robots":{"index":"index","follow":"follow","max-snippet":"max-snippet:-1","max-image-preview":"max-image-preview:large","max-video-preview":"max-video-preview:-1"},"canonical":"https:\/\/marktxxl.de\/markt\/produkt\/lightning-auf-usb-c-adapter-2stueck-adapter-lightning-auf-usb-c-60w-schnelles-laden-mit-anti-verlust-seil-fuer-iphone15-15-pro-max-galaxy-s24-s23-ipad-pro-air-und-andere-typ-c-geraete\/","og_locale":"de_DE","og_type":"article","og_title":"Lightning auf USB C Adapter [2St\u00fcck] Adapter Lightning auf USB C 60W Schnelles Laden mit Anti Verlust Seil f\u00fcr iPhone15\/15 Pro\/MAX, Galaxy S24\/S23, iPad Pro\/Air und andere Typ C Ger\u00e4te - Markt-XXL","og_description":"Markt-XXL Lightning auf USB C Adapter [2St\u00fcck] Adapter Lightning auf USB C 60W Schnelles Laden mit Anti Verlust Seil f\u00fcr iPhone15\/15 Pro\/MAX, Galaxy S24\/S23, iPad Pro\/Air und andere Typ C Ger\u00e4te","og_url":"https:\/\/marktxxl.de\/markt\/produkt\/lightning-auf-usb-c-adapter-2stueck-adapter-lightning-auf-usb-c-60w-schnelles-laden-mit-anti-verlust-seil-fuer-iphone15-15-pro-max-galaxy-s24-s23-ipad-pro-air-und-andere-typ-c-geraete\/","og_site_name":"Markt-XXL","twitter_card":"summary_large_image","twitter_misc":{"Gesch\u00e4tzte Lesezeit":"1\u00a0Minute"},"schema":{"@context":"https:\/\/schema.org","@graph":[{"@type":"WebPage","@id":"https:\/\/marktxxl.de\/markt\/produkt\/lightning-auf-usb-c-adapter-2stueck-adapter-lightning-auf-usb-c-60w-schnelles-laden-mit-anti-verlust-seil-fuer-iphone15-15-pro-max-galaxy-s24-s23-ipad-pro-air-und-andere-typ-c-geraete\/","url":"https:\/\/marktxxl.de\/markt\/produkt\/lightning-auf-usb-c-adapter-2stueck-adapter-lightning-auf-usb-c-60w-schnelles-laden-mit-anti-verlust-seil-fuer-iphone15-15-pro-max-galaxy-s24-s23-ipad-pro-air-und-andere-typ-c-geraete\/","name":"Lightning auf USB C Adapter [2St\u00fcck] Adapter Lightning auf USB C 60W Schnelles Laden mit Anti Verlust Seil f\u00fcr iPhone15\/15 Pro\/MAX, Galaxy S24\/S23, iPad Pro\/Air und andere Typ C Ger\u00e4te - Markt-XXL","isPartOf":{"@id":"https:\/\/marktxxl.de\/markt\/#website"},"primaryImageOfPage":{"@id":"https:\/\/marktxxl.de\/markt\/produkt\/lightning-auf-usb-c-adapter-2stueck-adapter-lightning-auf-usb-c-60w-schnelles-laden-mit-anti-verlust-seil-fuer-iphone15-15-pro-max-galaxy-s24-s23-ipad-pro-air-und-andere-typ-c-geraete\/#primaryimage"},"image":{"@id":"https:\/\/marktxxl.de\/markt\/produkt\/lightning-auf-usb-c-adapter-2stueck-adapter-lightning-auf-usb-c-60w-schnelles-laden-mit-anti-verlust-seil-fuer-iphone15-15-pro-max-galaxy-s24-s23-ipad-pro-air-und-andere-typ-c-geraete\/#primaryimage"},"thumbnailUrl":"https:\/\/m.media-amazon.com\/images\/I\/41YZinF6iNL._SL500_.jpg","datePublished":"2024-07-28T16:26:20+00:00","description":"Markt-XXL Lightning auf USB C Adapter [2St\u00fcck] Adapter Lightning auf USB C 60W Schnelles Laden mit Anti Verlust Seil f\u00fcr iPhone15\/15 Pro\/MAX, Galaxy S24\/S23, iPad Pro\/Air und andere Typ C Ger\u00e4te","breadcrumb":{"@id":"https:\/\/marktxxl.de\/markt\/produkt\/lightning-auf-usb-c-adapter-2stueck-adapter-lightning-auf-usb-c-60w-schnelles-laden-mit-anti-verlust-seil-fuer-iphone15-15-pro-max-galaxy-s24-s23-ipad-pro-air-und-andere-typ-c-geraete\/#breadcrumb"},"inLanguage":"de","potentialAction":[{"@type":"ReadAction","target":["https:\/\/marktxxl.de\/markt\/produkt\/lightning-auf-usb-c-adapter-2stueck-adapter-lightning-auf-usb-c-60w-schnelles-laden-mit-anti-verlust-seil-fuer-iphone15-15-pro-max-galaxy-s24-s23-ipad-pro-air-und-andere-typ-c-geraete\/"]}]},{"@type":"ImageObject","inLanguage":"de","@id":"https:\/\/marktxxl.de\/markt\/produkt\/lightning-auf-usb-c-adapter-2stueck-adapter-lightning-auf-usb-c-60w-schnelles-laden-mit-anti-verlust-seil-fuer-iphone15-15-pro-max-galaxy-s24-s23-ipad-pro-air-und-andere-typ-c-geraete\/#primaryimage","url":"https:\/\/m.media-amazon.com\/images\/I\/41YZinF6iNL._SL500_.jpg","contentUrl":"https:\/\/m.media-amazon.com\/images\/I\/41YZinF6iNL._SL500_.jpg","width":490,"height":500},{"@type":"BreadcrumbList","@id":"https:\/\/marktxxl.de\/markt\/produkt\/lightning-auf-usb-c-adapter-2stueck-adapter-lightning-auf-usb-c-60w-schnelles-laden-mit-anti-verlust-seil-fuer-iphone15-15-pro-max-galaxy-s24-s23-ipad-pro-air-und-andere-typ-c-geraete\/#breadcrumb","itemListElement":[{"@type":"ListItem","position":1,"name":"Startseite","item":"https:\/\/marktxxl.de\/markt\/"},{"@type":"ListItem","position":2,"name":"Markt","item":"https:\/\/marktxxl.de\/markt\/"},{"@type":"ListItem","position":3,"name":"Lightning auf USB C Adapter [2St\u00fcck] Adapter Lightning auf USB C 60W Schnelles Laden mit Anti Verlust Seil f\u00fcr iPhone15\/15 Pro\/MAX, Galaxy S24\/S23, iPad Pro\/Air und andere Typ C Ger\u00e4te"}]},{"@type":"WebSite","@id":"https:\/\/marktxxl.de\/markt\/#website","url":"https:\/\/marktxxl.de\/markt\/","name":"Markt-XXL","description":"Ihr Markt Online","publisher":{"@id":"https:\/\/marktxxl.de\/markt\/#organization"},"potentialAction":[{"@type":"SearchAction","target":{"@type":"EntryPoint","urlTemplate":"https:\/\/marktxxl.de\/markt\/?s={search_term_string}"},"query-input":{"@type":"PropertyValueSpecification","valueRequired":true,"valueName":"search_term_string"}}],"inLanguage":"de"},{"@type":"Organization","@id":"https:\/\/marktxxl.de\/markt\/#organization","name":"Markt-XXL","url":"https:\/\/marktxxl.de\/markt\/","logo":{"@type":"ImageObject","inLanguage":"de","@id":"https:\/\/marktxxl.de\/markt\/#\/schema\/logo\/image\/","url":"https:\/\/marktxxl.de\/markt\/wp-content\/uploads\/sites\/3\/2020\/12\/logo.png","contentUrl":"https:\/\/marktxxl.de\/markt\/wp-content\/uploads\/sites\/3\/2020\/12\/logo.png","width":200,"height":70,"caption":"Markt-XXL"},"image":{"@id":"https:\/\/marktxxl.de\/markt\/#\/schema\/logo\/image\/"}}]}},"_links":{"self":[{"href":"https:\/\/marktxxl.de\/markt\/wp-json\/wp\/v2\/product\/223959","targetHints":{"allow":["GET"]}}],"collection":[{"href":"https:\/\/marktxxl.de\/markt\/wp-json\/wp\/v2\/product"}],"about":[{"href":"https:\/\/marktxxl.de\/markt\/wp-json\/wp\/v2\/types\/product"}],"replies":[{"embeddable":true,"href":"https:\/\/marktxxl.de\/markt\/wp-json\/wp\/v2\/comments?post=223959"}],"wp:featuredmedia":[{"embeddable":true,"href":"https:\/\/marktxxl.de\/markt\/wp-json\/wp\/v2\/media\/223960"}],"wp:attachment":[{"href":"https:\/\/marktxxl.de\/markt\/wp-json\/wp\/v2\/media?parent=223959"}],"wp:term":[{"taxonomy":"product_brand","embeddable":true,"href":"https:\/\/marktxxl.de\/markt\/wp-json\/wp\/v2\/product_brand?post=223959"},{"taxonomy":"product_cat","embeddable":true,"href":"https:\/\/marktxxl.de\/markt\/wp-json\/wp\/v2\/product_cat?post=223959"},{"taxonomy":"product_tag","embeddable":true,"href":"https:\/\/marktxxl.de\/markt\/wp-json\/wp\/v2\/product_tag?post=223959"}],"curies":[{"name":"wp","href":"https:\/\/api.w.org\/{rel}","templated":true}]}}