{"id":223894,"date":"2024-07-28T18:25:32","date_gmt":"2024-07-28T16:25:32","guid":{"rendered":"https:\/\/marktxxl.de\/markt\/produkt\/2-in-1-usb-c-schnellladekabel-1-5m-usb-a-auf-usb-c-kabel-und-lightning-kabel-iphone-ladekabel-usb-ladekabel-typ-c-datenkabel-fuer-iphone-samsung-huawei-xiaomi-oneplus-google-schwarz\/"},"modified":"2024-07-28T18:25:32","modified_gmt":"2024-07-28T16:25:32","slug":"2-in-1-usb-c-schnellladekabel-1-5m-usb-a-auf-usb-c-kabel-und-lightning-kabel-iphone-ladekabel-usb-ladekabel-typ-c-datenkabel-fuer-iphone-samsung-huawei-xiaomi-oneplus-google-schwarz","status":"publish","type":"product","link":"https:\/\/marktxxl.de\/markt\/produkt\/2-in-1-usb-c-schnellladekabel-1-5m-usb-a-auf-usb-c-kabel-und-lightning-kabel-iphone-ladekabel-usb-ladekabel-typ-c-datenkabel-fuer-iphone-samsung-huawei-xiaomi-oneplus-google-schwarz\/","title":{"rendered":"2 in 1 USB C Schnellladekabel 1.5m, USB A auf USB C Kabel und Lightning Kabel, iPhone Ladekabel USB Ladekabel Typ C Datenkabel f\u00fcr iPhone Samsung Huawei Xiaomi Oneplus Google &#8211; Schwarz"},"content":{"rendered":"<p>\u30102 in 1 Kabel\u3011Dies ist ein 2 in 1 USB A zu USB C und Lightning Kabel. Es kann f\u00fcr iPhone 15\/15 Pro max, iPhone 14\/13\/12\/11\/X\/SE, iPhone 8\/7\/6\/5\/4 plus, Samsung Galaxy S23 S22 S21, Xiaomi, Huawei Mate 40\/50\/60\/70, Redmi, Oneplus, Google Piexel, etc. verwendet werden.<br \/>\n\u3010Durable Material\u3011Das ladekabel usb auf usb c ist mit dem Allumium-Legierung Geh\u00e4use und Nylon geflochtenes Material entworfen, es ist mehr haltbar.<br \/>\n\u3010Schnelles Aufladen &amp; Datentransfer\u3011Dieses Kabel hat zwei Modi zum Aufladen. Es bietet 3A max f\u00fcr USB C Ger\u00e4te und 2.4A max f\u00fcr Lightning Ger\u00e4te. Und Sie k\u00f6nnen dieses Kabel an Ihren Laptop anschlie\u00dfen, es unterst\u00fctzt max 480 Mbps Daten\u00fcbertragungsgeschwindigkeit (USB 2.0).<br \/>\n\u3010Sicher &amp; Zuverl\u00e4ssig\u3011Der verdickte verzinnte Kupferkern und der eingebaute 56 K\u03a9-Widerstand sorgen f\u00fcr eine sichere und schnelle Aufladung. Es sch\u00fctzt Ihre Ger\u00e4te w\u00e4hrend des Ladens, um die \u00dcberspannung und den \u00dcberstrom zu vermeiden.<br \/>\n\u3010Was Sie bekommen\u3011Sie erhalten ein 1.5m USB A zu USB C &amp; Lightning Kabel 2 in 1 Kabel. Wir bieten 12 Monate Garantie und freundlichen Kundenservice. Wenn Sie irgendwelche Fragen haben, z\u00f6gern Sie nicht, uns zu kontaktieren.<br \/>\n<div class=\"main-cross-sell\" data-asin=\"B0D4QW8HRT\">\n\n\t<div class=\"WooZone-cross-sell-loader\">\n\t\t<div>\n\t\t\t<div id=\"floatingBarsG\">\n\t\t\t\t<div class=\"blockG\" id=\"rotateG_01\"><\/div>\n\t\t\t\t<div class=\"blockG\" id=\"rotateG_02\"><\/div>\n\t\t\t\t<div class=\"blockG\" id=\"rotateG_03\"><\/div>\n\t\t\t\t<div class=\"blockG\" id=\"rotateG_04\"><\/div>\n\t\t\t\t<div class=\"blockG\" id=\"rotateG_05\"><\/div>\n\t\t\t\t<div class=\"blockG\" id=\"rotateG_06\"><\/div>\n\t\t\t\t<div class=\"blockG\" id=\"rotateG_07\"><\/div>\n\t\t\t\t<div class=\"blockG\" id=\"rotateG_08\"><\/div>\n\t\t\t<\/div>\n\t\t\t<div class=\"WooZone-cross-sell-loader-text\"><\/div>\n\t\t<\/div>\n\t<\/div>\n\n\t\t\n<\/div>\n<div style=\"clear:both;\"><\/div><\/p>\n","protected":false},"excerpt":{"rendered":"<p>\u30102 in 1 Kabel\u3011Dies ist ein 2 in 1 USB A zu USB C und Lightning Kabel. Es kann f\u00fcr iPhone 15\/15 Pro max, iPhone 14\/13\/12\/11\/X\/SE, iPhone 8\/7\/6\/5\/4 plus, Samsung Galaxy S23 S22 S21, Xiaomi, Huawei Mate 40\/50\/60\/70, Redmi, Oneplus, Google Piexel, etc. verwendet werden.<br \/>\n\u3010Durable Material\u3011Das ladekabel usb auf usb c ist mit dem Allumium-Legierung Geh\u00e4use und Nylon geflochtenes Material entworfen, es ist mehr haltbar.<br \/>\n\u3010Schnelles Aufladen &amp; Datentransfer\u3011Dieses Kabel hat zwei Modi zum Aufladen. Es bietet 3A max f\u00fcr USB C Ger\u00e4te und 2.4A max f\u00fcr Lightning Ger\u00e4te. Und Sie k\u00f6nnen dieses Kabel an Ihren Laptop anschlie\u00dfen, es unterst\u00fctzt max 480 Mbps Daten\u00fcbertragungsgeschwindigkeit (USB 2.0).<\/p>\n","protected":false},"featured_media":223895,"comment_status":"open","ping_status":"closed","template":"","meta":[],"product_brand":[],"product_cat":[863],"product_tag":[],"class_list":{"0":"post-223894","1":"product","2":"type-product","3":"status-publish","4":"has-post-thumbnail","6":"product_cat-computer-zubehoer","7":"pa_brand-acecene","8":"pa_color-schwarz","9":"pa_manufacturer-acecene","10":"pa_size-1-5m","12":"first","13":"instock","14":"shipping-taxable","15":"purchasable","16":"product-type-simple","17":"customify-col","18":"product-has-gallery"},"yoast_head":"<!-- This site is optimized with the Yoast SEO plugin v27.4 - https:\/\/yoast.com\/product\/yoast-seo-wordpress\/ -->\n<title>2 in 1 USB C Schnellladekabel 1.5m, USB A auf USB C Kabel und Lightning Kabel, iPhone Ladekabel USB Ladekabel Typ C Datenkabel f\u00fcr iPhone Samsung Huawei Xiaomi Oneplus Google - Schwarz - Markt-XXL<\/title>\n<meta name=\"description\" content=\"Markt-XXL 2 in 1 USB C Schnellladekabel 1.5m, USB A auf USB C Kabel und Lightning Kabel, iPhone Ladekabel USB Ladekabel Typ C Datenkabel f\u00fcr iPhone Samsung Huawei Xiaomi Oneplus Google - Schwarz\" \/>\n<meta name=\"robots\" content=\"index, follow, max-snippet:-1, max-image-preview:large, max-video-preview:-1\" \/>\n<link rel=\"canonical\" href=\"https:\/\/marktxxl.de\/markt\/produkt\/2-in-1-usb-c-schnellladekabel-1-5m-usb-a-auf-usb-c-kabel-und-lightning-kabel-iphone-ladekabel-usb-ladekabel-typ-c-datenkabel-fuer-iphone-samsung-huawei-xiaomi-oneplus-google-schwarz\/\" \/>\n<meta property=\"og:locale\" content=\"de_DE\" \/>\n<meta property=\"og:type\" content=\"article\" \/>\n<meta property=\"og:title\" content=\"2 in 1 USB C Schnellladekabel 1.5m, USB A auf USB C Kabel und Lightning Kabel, iPhone Ladekabel USB Ladekabel Typ C Datenkabel f\u00fcr iPhone Samsung Huawei Xiaomi Oneplus Google - Schwarz - Markt-XXL\" \/>\n<meta property=\"og:description\" content=\"Markt-XXL 2 in 1 USB C Schnellladekabel 1.5m, USB A auf USB C Kabel und Lightning Kabel, iPhone Ladekabel USB Ladekabel Typ C Datenkabel f\u00fcr iPhone Samsung Huawei Xiaomi Oneplus Google - Schwarz\" \/>\n<meta property=\"og:url\" content=\"https:\/\/marktxxl.de\/markt\/produkt\/2-in-1-usb-c-schnellladekabel-1-5m-usb-a-auf-usb-c-kabel-und-lightning-kabel-iphone-ladekabel-usb-ladekabel-typ-c-datenkabel-fuer-iphone-samsung-huawei-xiaomi-oneplus-google-schwarz\/\" \/>\n<meta property=\"og:site_name\" content=\"Markt-XXL\" \/>\n<meta name=\"twitter:card\" content=\"summary_large_image\" \/>\n<meta name=\"twitter:label1\" content=\"Gesch\u00e4tzte Lesezeit\" \/>\n\t<meta name=\"twitter:data1\" content=\"1\u00a0Minute\" \/>\n<script type=\"application\/ld+json\" class=\"yoast-schema-graph\">{\"@context\":\"https:\\\/\\\/schema.org\",\"@graph\":[{\"@type\":\"WebPage\",\"@id\":\"https:\\\/\\\/marktxxl.de\\\/markt\\\/produkt\\\/2-in-1-usb-c-schnellladekabel-1-5m-usb-a-auf-usb-c-kabel-und-lightning-kabel-iphone-ladekabel-usb-ladekabel-typ-c-datenkabel-fuer-iphone-samsung-huawei-xiaomi-oneplus-google-schwarz\\\/\",\"url\":\"https:\\\/\\\/marktxxl.de\\\/markt\\\/produkt\\\/2-in-1-usb-c-schnellladekabel-1-5m-usb-a-auf-usb-c-kabel-und-lightning-kabel-iphone-ladekabel-usb-ladekabel-typ-c-datenkabel-fuer-iphone-samsung-huawei-xiaomi-oneplus-google-schwarz\\\/\",\"name\":\"2 in 1 USB C Schnellladekabel 1.5m, USB A auf USB C Kabel und Lightning Kabel, iPhone Ladekabel USB Ladekabel Typ C Datenkabel f\u00fcr iPhone Samsung Huawei Xiaomi Oneplus Google - Schwarz - Markt-XXL\",\"isPartOf\":{\"@id\":\"https:\\\/\\\/marktxxl.de\\\/markt\\\/#website\"},\"primaryImageOfPage\":{\"@id\":\"https:\\\/\\\/marktxxl.de\\\/markt\\\/produkt\\\/2-in-1-usb-c-schnellladekabel-1-5m-usb-a-auf-usb-c-kabel-und-lightning-kabel-iphone-ladekabel-usb-ladekabel-typ-c-datenkabel-fuer-iphone-samsung-huawei-xiaomi-oneplus-google-schwarz\\\/#primaryimage\"},\"image\":{\"@id\":\"https:\\\/\\\/marktxxl.de\\\/markt\\\/produkt\\\/2-in-1-usb-c-schnellladekabel-1-5m-usb-a-auf-usb-c-kabel-und-lightning-kabel-iphone-ladekabel-usb-ladekabel-typ-c-datenkabel-fuer-iphone-samsung-huawei-xiaomi-oneplus-google-schwarz\\\/#primaryimage\"},\"thumbnailUrl\":\"https:\\\/\\\/m.media-amazon.com\\\/images\\\/I\\\/41R+QYl3SQL._SL500_.jpg\",\"datePublished\":\"2024-07-28T16:25:32+00:00\",\"description\":\"Markt-XXL 2 in 1 USB C Schnellladekabel 1.5m, USB A auf USB C Kabel und Lightning Kabel, iPhone Ladekabel USB Ladekabel Typ C Datenkabel f\u00fcr iPhone Samsung Huawei Xiaomi Oneplus Google - Schwarz\",\"breadcrumb\":{\"@id\":\"https:\\\/\\\/marktxxl.de\\\/markt\\\/produkt\\\/2-in-1-usb-c-schnellladekabel-1-5m-usb-a-auf-usb-c-kabel-und-lightning-kabel-iphone-ladekabel-usb-ladekabel-typ-c-datenkabel-fuer-iphone-samsung-huawei-xiaomi-oneplus-google-schwarz\\\/#breadcrumb\"},\"inLanguage\":\"de\",\"potentialAction\":[{\"@type\":\"ReadAction\",\"target\":[\"https:\\\/\\\/marktxxl.de\\\/markt\\\/produkt\\\/2-in-1-usb-c-schnellladekabel-1-5m-usb-a-auf-usb-c-kabel-und-lightning-kabel-iphone-ladekabel-usb-ladekabel-typ-c-datenkabel-fuer-iphone-samsung-huawei-xiaomi-oneplus-google-schwarz\\\/\"]}]},{\"@type\":\"ImageObject\",\"inLanguage\":\"de\",\"@id\":\"https:\\\/\\\/marktxxl.de\\\/markt\\\/produkt\\\/2-in-1-usb-c-schnellladekabel-1-5m-usb-a-auf-usb-c-kabel-und-lightning-kabel-iphone-ladekabel-usb-ladekabel-typ-c-datenkabel-fuer-iphone-samsung-huawei-xiaomi-oneplus-google-schwarz\\\/#primaryimage\",\"url\":\"https:\\\/\\\/m.media-amazon.com\\\/images\\\/I\\\/41R+QYl3SQL._SL500_.jpg\",\"contentUrl\":\"https:\\\/\\\/m.media-amazon.com\\\/images\\\/I\\\/41R+QYl3SQL._SL500_.jpg\",\"width\":500,\"height\":500},{\"@type\":\"BreadcrumbList\",\"@id\":\"https:\\\/\\\/marktxxl.de\\\/markt\\\/produkt\\\/2-in-1-usb-c-schnellladekabel-1-5m-usb-a-auf-usb-c-kabel-und-lightning-kabel-iphone-ladekabel-usb-ladekabel-typ-c-datenkabel-fuer-iphone-samsung-huawei-xiaomi-oneplus-google-schwarz\\\/#breadcrumb\",\"itemListElement\":[{\"@type\":\"ListItem\",\"position\":1,\"name\":\"Startseite\",\"item\":\"https:\\\/\\\/marktxxl.de\\\/markt\\\/\"},{\"@type\":\"ListItem\",\"position\":2,\"name\":\"Markt\",\"item\":\"https:\\\/\\\/marktxxl.de\\\/markt\\\/\"},{\"@type\":\"ListItem\",\"position\":3,\"name\":\"2 in 1 USB C Schnellladekabel 1.5m, USB A auf USB C Kabel und Lightning Kabel, iPhone Ladekabel USB Ladekabel Typ C Datenkabel f\u00fcr iPhone Samsung Huawei Xiaomi Oneplus Google &#8211; Schwarz\"}]},{\"@type\":\"WebSite\",\"@id\":\"https:\\\/\\\/marktxxl.de\\\/markt\\\/#website\",\"url\":\"https:\\\/\\\/marktxxl.de\\\/markt\\\/\",\"name\":\"Markt-XXL\",\"description\":\"Ihr Markt Online\",\"publisher\":{\"@id\":\"https:\\\/\\\/marktxxl.de\\\/markt\\\/#organization\"},\"potentialAction\":[{\"@type\":\"SearchAction\",\"target\":{\"@type\":\"EntryPoint\",\"urlTemplate\":\"https:\\\/\\\/marktxxl.de\\\/markt\\\/?s={search_term_string}\"},\"query-input\":{\"@type\":\"PropertyValueSpecification\",\"valueRequired\":true,\"valueName\":\"search_term_string\"}}],\"inLanguage\":\"de\"},{\"@type\":\"Organization\",\"@id\":\"https:\\\/\\\/marktxxl.de\\\/markt\\\/#organization\",\"name\":\"Markt-XXL\",\"url\":\"https:\\\/\\\/marktxxl.de\\\/markt\\\/\",\"logo\":{\"@type\":\"ImageObject\",\"inLanguage\":\"de\",\"@id\":\"https:\\\/\\\/marktxxl.de\\\/markt\\\/#\\\/schema\\\/logo\\\/image\\\/\",\"url\":\"https:\\\/\\\/marktxxl.de\\\/markt\\\/wp-content\\\/uploads\\\/sites\\\/3\\\/2020\\\/12\\\/logo.png\",\"contentUrl\":\"https:\\\/\\\/marktxxl.de\\\/markt\\\/wp-content\\\/uploads\\\/sites\\\/3\\\/2020\\\/12\\\/logo.png\",\"width\":200,\"height\":70,\"caption\":\"Markt-XXL\"},\"image\":{\"@id\":\"https:\\\/\\\/marktxxl.de\\\/markt\\\/#\\\/schema\\\/logo\\\/image\\\/\"}}]}<\/script>\n<!-- \/ Yoast SEO plugin. -->","yoast_head_json":{"title":"2 in 1 USB C Schnellladekabel 1.5m, USB A auf USB C Kabel und Lightning Kabel, iPhone Ladekabel USB Ladekabel Typ C Datenkabel f\u00fcr iPhone Samsung Huawei Xiaomi Oneplus Google - Schwarz - Markt-XXL","description":"Markt-XXL 2 in 1 USB C Schnellladekabel 1.5m, USB A auf USB C Kabel und Lightning Kabel, iPhone Ladekabel USB Ladekabel Typ C Datenkabel f\u00fcr iPhone Samsung Huawei Xiaomi Oneplus Google - Schwarz","robots":{"index":"index","follow":"follow","max-snippet":"max-snippet:-1","max-image-preview":"max-image-preview:large","max-video-preview":"max-video-preview:-1"},"canonical":"https:\/\/marktxxl.de\/markt\/produkt\/2-in-1-usb-c-schnellladekabel-1-5m-usb-a-auf-usb-c-kabel-und-lightning-kabel-iphone-ladekabel-usb-ladekabel-typ-c-datenkabel-fuer-iphone-samsung-huawei-xiaomi-oneplus-google-schwarz\/","og_locale":"de_DE","og_type":"article","og_title":"2 in 1 USB C Schnellladekabel 1.5m, USB A auf USB C Kabel und Lightning Kabel, iPhone Ladekabel USB Ladekabel Typ C Datenkabel f\u00fcr iPhone Samsung Huawei Xiaomi Oneplus Google - Schwarz - Markt-XXL","og_description":"Markt-XXL 2 in 1 USB C Schnellladekabel 1.5m, USB A auf USB C Kabel und Lightning Kabel, iPhone Ladekabel USB Ladekabel Typ C Datenkabel f\u00fcr iPhone Samsung Huawei Xiaomi Oneplus Google - Schwarz","og_url":"https:\/\/marktxxl.de\/markt\/produkt\/2-in-1-usb-c-schnellladekabel-1-5m-usb-a-auf-usb-c-kabel-und-lightning-kabel-iphone-ladekabel-usb-ladekabel-typ-c-datenkabel-fuer-iphone-samsung-huawei-xiaomi-oneplus-google-schwarz\/","og_site_name":"Markt-XXL","twitter_card":"summary_large_image","twitter_misc":{"Gesch\u00e4tzte Lesezeit":"1\u00a0Minute"},"schema":{"@context":"https:\/\/schema.org","@graph":[{"@type":"WebPage","@id":"https:\/\/marktxxl.de\/markt\/produkt\/2-in-1-usb-c-schnellladekabel-1-5m-usb-a-auf-usb-c-kabel-und-lightning-kabel-iphone-ladekabel-usb-ladekabel-typ-c-datenkabel-fuer-iphone-samsung-huawei-xiaomi-oneplus-google-schwarz\/","url":"https:\/\/marktxxl.de\/markt\/produkt\/2-in-1-usb-c-schnellladekabel-1-5m-usb-a-auf-usb-c-kabel-und-lightning-kabel-iphone-ladekabel-usb-ladekabel-typ-c-datenkabel-fuer-iphone-samsung-huawei-xiaomi-oneplus-google-schwarz\/","name":"2 in 1 USB C Schnellladekabel 1.5m, USB A auf USB C Kabel und Lightning Kabel, iPhone Ladekabel USB Ladekabel Typ C Datenkabel f\u00fcr iPhone Samsung Huawei Xiaomi Oneplus Google - Schwarz - Markt-XXL","isPartOf":{"@id":"https:\/\/marktxxl.de\/markt\/#website"},"primaryImageOfPage":{"@id":"https:\/\/marktxxl.de\/markt\/produkt\/2-in-1-usb-c-schnellladekabel-1-5m-usb-a-auf-usb-c-kabel-und-lightning-kabel-iphone-ladekabel-usb-ladekabel-typ-c-datenkabel-fuer-iphone-samsung-huawei-xiaomi-oneplus-google-schwarz\/#primaryimage"},"image":{"@id":"https:\/\/marktxxl.de\/markt\/produkt\/2-in-1-usb-c-schnellladekabel-1-5m-usb-a-auf-usb-c-kabel-und-lightning-kabel-iphone-ladekabel-usb-ladekabel-typ-c-datenkabel-fuer-iphone-samsung-huawei-xiaomi-oneplus-google-schwarz\/#primaryimage"},"thumbnailUrl":"https:\/\/m.media-amazon.com\/images\/I\/41R+QYl3SQL._SL500_.jpg","datePublished":"2024-07-28T16:25:32+00:00","description":"Markt-XXL 2 in 1 USB C Schnellladekabel 1.5m, USB A auf USB C Kabel und Lightning Kabel, iPhone Ladekabel USB Ladekabel Typ C Datenkabel f\u00fcr iPhone Samsung Huawei Xiaomi Oneplus Google - Schwarz","breadcrumb":{"@id":"https:\/\/marktxxl.de\/markt\/produkt\/2-in-1-usb-c-schnellladekabel-1-5m-usb-a-auf-usb-c-kabel-und-lightning-kabel-iphone-ladekabel-usb-ladekabel-typ-c-datenkabel-fuer-iphone-samsung-huawei-xiaomi-oneplus-google-schwarz\/#breadcrumb"},"inLanguage":"de","potentialAction":[{"@type":"ReadAction","target":["https:\/\/marktxxl.de\/markt\/produkt\/2-in-1-usb-c-schnellladekabel-1-5m-usb-a-auf-usb-c-kabel-und-lightning-kabel-iphone-ladekabel-usb-ladekabel-typ-c-datenkabel-fuer-iphone-samsung-huawei-xiaomi-oneplus-google-schwarz\/"]}]},{"@type":"ImageObject","inLanguage":"de","@id":"https:\/\/marktxxl.de\/markt\/produkt\/2-in-1-usb-c-schnellladekabel-1-5m-usb-a-auf-usb-c-kabel-und-lightning-kabel-iphone-ladekabel-usb-ladekabel-typ-c-datenkabel-fuer-iphone-samsung-huawei-xiaomi-oneplus-google-schwarz\/#primaryimage","url":"https:\/\/m.media-amazon.com\/images\/I\/41R+QYl3SQL._SL500_.jpg","contentUrl":"https:\/\/m.media-amazon.com\/images\/I\/41R+QYl3SQL._SL500_.jpg","width":500,"height":500},{"@type":"BreadcrumbList","@id":"https:\/\/marktxxl.de\/markt\/produkt\/2-in-1-usb-c-schnellladekabel-1-5m-usb-a-auf-usb-c-kabel-und-lightning-kabel-iphone-ladekabel-usb-ladekabel-typ-c-datenkabel-fuer-iphone-samsung-huawei-xiaomi-oneplus-google-schwarz\/#breadcrumb","itemListElement":[{"@type":"ListItem","position":1,"name":"Startseite","item":"https:\/\/marktxxl.de\/markt\/"},{"@type":"ListItem","position":2,"name":"Markt","item":"https:\/\/marktxxl.de\/markt\/"},{"@type":"ListItem","position":3,"name":"2 in 1 USB C Schnellladekabel 1.5m, USB A auf USB C Kabel und Lightning Kabel, iPhone Ladekabel USB Ladekabel Typ C Datenkabel f\u00fcr iPhone Samsung Huawei Xiaomi Oneplus Google &#8211; Schwarz"}]},{"@type":"WebSite","@id":"https:\/\/marktxxl.de\/markt\/#website","url":"https:\/\/marktxxl.de\/markt\/","name":"Markt-XXL","description":"Ihr Markt Online","publisher":{"@id":"https:\/\/marktxxl.de\/markt\/#organization"},"potentialAction":[{"@type":"SearchAction","target":{"@type":"EntryPoint","urlTemplate":"https:\/\/marktxxl.de\/markt\/?s={search_term_string}"},"query-input":{"@type":"PropertyValueSpecification","valueRequired":true,"valueName":"search_term_string"}}],"inLanguage":"de"},{"@type":"Organization","@id":"https:\/\/marktxxl.de\/markt\/#organization","name":"Markt-XXL","url":"https:\/\/marktxxl.de\/markt\/","logo":{"@type":"ImageObject","inLanguage":"de","@id":"https:\/\/marktxxl.de\/markt\/#\/schema\/logo\/image\/","url":"https:\/\/marktxxl.de\/markt\/wp-content\/uploads\/sites\/3\/2020\/12\/logo.png","contentUrl":"https:\/\/marktxxl.de\/markt\/wp-content\/uploads\/sites\/3\/2020\/12\/logo.png","width":200,"height":70,"caption":"Markt-XXL"},"image":{"@id":"https:\/\/marktxxl.de\/markt\/#\/schema\/logo\/image\/"}}]}},"_links":{"self":[{"href":"https:\/\/marktxxl.de\/markt\/wp-json\/wp\/v2\/product\/223894","targetHints":{"allow":["GET"]}}],"collection":[{"href":"https:\/\/marktxxl.de\/markt\/wp-json\/wp\/v2\/product"}],"about":[{"href":"https:\/\/marktxxl.de\/markt\/wp-json\/wp\/v2\/types\/product"}],"replies":[{"embeddable":true,"href":"https:\/\/marktxxl.de\/markt\/wp-json\/wp\/v2\/comments?post=223894"}],"wp:featuredmedia":[{"embeddable":true,"href":"https:\/\/marktxxl.de\/markt\/wp-json\/wp\/v2\/media\/223895"}],"wp:attachment":[{"href":"https:\/\/marktxxl.de\/markt\/wp-json\/wp\/v2\/media?parent=223894"}],"wp:term":[{"taxonomy":"product_brand","embeddable":true,"href":"https:\/\/marktxxl.de\/markt\/wp-json\/wp\/v2\/product_brand?post=223894"},{"taxonomy":"product_cat","embeddable":true,"href":"https:\/\/marktxxl.de\/markt\/wp-json\/wp\/v2\/product_cat?post=223894"},{"taxonomy":"product_tag","embeddable":true,"href":"https:\/\/marktxxl.de\/markt\/wp-json\/wp\/v2\/product_tag?post=223894"}],"curies":[{"name":"wp","href":"https:\/\/api.w.org\/{rel}","templated":true}]}}