{"id":223886,"date":"2024-07-28T18:25:25","date_gmt":"2024-07-28T16:25:25","guid":{"rendered":"https:\/\/marktxxl.de\/markt\/produkt\/roowike-sd-karte-512gb-speicherkarte-impermeabile-tf-karte-hohes-volumen-speicherkarten-512gb-tragbar-sd-card-mini-memory-card-fuer-computer-kameras-tablets-smartphone\/"},"modified":"2024-07-28T18:25:25","modified_gmt":"2024-07-28T16:25:25","slug":"roowike-sd-karte-512gb-speicherkarte-impermeabile-tf-karte-hohes-volumen-speicherkarten-512gb-tragbar-sd-card-mini-memory-card-fuer-computer-kameras-tablets-smartphone","status":"publish","type":"product","link":"https:\/\/marktxxl.de\/markt\/produkt\/roowike-sd-karte-512gb-speicherkarte-impermeabile-tf-karte-hohes-volumen-speicherkarten-512gb-tragbar-sd-card-mini-memory-card-fuer-computer-kameras-tablets-smartphone\/","title":{"rendered":"Roowike SD Karte 512GB &#8211; Speicherkarte Impermeabile TF Karte Hohes Volumen Speicherkarten 512GB Tragbar SD Card Mini Memory Card f\u00fcr Computer\/Kameras\/Tablets\/Smartphone"},"content":{"rendered":"<p>\u3010Starke Sicherheit\u3011 Die Speicherkarte verwendet hochwertige Chips, hervorragende Leistung und gute Stabilit\u00e4t. Sie ist wasserdicht, sto\u00dffest, temperaturbest\u00e4ndig, wasserdicht und r\u00f6ntgensicher. Sie h\u00e4lt jeder extremen Umgebung stand, ist langlebig und hochsicher!<br \/>\n\u3010Leistungsstarker Speicher\u3011 Die 512 GB-Speicherkarte f\u00fcgt Ihrem Ger\u00e4t zus\u00e4tzliche Kapazit\u00e4t hinzu, die f\u00fcr ultralange Aufnahmen, hochaufl\u00f6sende Fotos und das Laden von Anwendungen oder Medien verwendet werden kann, wodurch die Belastung des Ger\u00e4ts reduziert wird, ohne dass Sie sich \u00fcber unzureichende Kapazit\u00e4t Gedanken machen m\u00fcssen.<br \/>\n\u3010Universelle Kompatibilit\u00e4t\u3011 Die Speicherkarte ist weithin kompatibel und kann f\u00fcr eine Vielzahl von Ger\u00e4ten verwendet werden. Sie eignet sich sehr gut f\u00fcr Kameras, Smartphones, Tablets, Drohnen, tragbare Spielekonsolen, Sportkameras, Dashcams usw. und kann Daten problemlos ger\u00e4te\u00fcbergreifend teilen und \u00fcbertragen, sodass Sie dieselben Daten auf verschiedenen Ger\u00e4ten anzeigen k\u00f6nnen.<br \/>\n\u3010Stabile Bedienung\u3011 Die SD-Karte bietet hervorragende Leistung und Stabilit\u00e4t, unterst\u00fctzt schnelles Lesen von Daten und Informationssicherung, nimmt einfach und schnell erstaunliche Fotos und Full-HD-Videos auf und nutzt das Potenzial des Ger\u00e4ts voll aus. Sie ist die beste Wahl f\u00fcr professionelle Zielgruppen.<br \/>\n\u3010Kompaktes Design\u3011 Das Design dieser SD-Karte ist sehr einfach, mit einem rot-schwarzen Design, geheimnisvoll und charmant, und eignet sich sehr gut f\u00fcr B\u00fcroangestellte und den Einsatz im Freien. Das kleine und leichte Erscheinungsbild ist ein perfektes Geschenk f\u00fcr Familie und Freunde.<br \/>\n<div class=\"main-cross-sell\" data-asin=\"B0DB52KZXW\">\n\n\t<div class=\"WooZone-cross-sell-loader\">\n\t\t<div>\n\t\t\t<div id=\"floatingBarsG\">\n\t\t\t\t<div class=\"blockG\" id=\"rotateG_01\"><\/div>\n\t\t\t\t<div class=\"blockG\" id=\"rotateG_02\"><\/div>\n\t\t\t\t<div class=\"blockG\" id=\"rotateG_03\"><\/div>\n\t\t\t\t<div class=\"blockG\" id=\"rotateG_04\"><\/div>\n\t\t\t\t<div class=\"blockG\" id=\"rotateG_05\"><\/div>\n\t\t\t\t<div class=\"blockG\" id=\"rotateG_06\"><\/div>\n\t\t\t\t<div class=\"blockG\" id=\"rotateG_07\"><\/div>\n\t\t\t\t<div class=\"blockG\" id=\"rotateG_08\"><\/div>\n\t\t\t<\/div>\n\t\t\t<div class=\"WooZone-cross-sell-loader-text\"><\/div>\n\t\t<\/div>\n\t<\/div>\n\n\t\t\n<\/div>\n<div style=\"clear:both;\"><\/div><\/p>\n","protected":false},"excerpt":{"rendered":"<p>\u3010Starke Sicherheit\u3011 Die Speicherkarte verwendet hochwertige Chips, hervorragende Leistung und gute Stabilit\u00e4t. Sie ist wasserdicht, sto\u00dffest, temperaturbest\u00e4ndig, wasserdicht und r\u00f6ntgensicher. Sie h\u00e4lt jeder extremen Umgebung stand, ist langlebig und hochsicher!<br \/>\n\u3010Leistungsstarker Speicher\u3011 Die 512 GB-Speicherkarte f\u00fcgt Ihrem Ger\u00e4t zus\u00e4tzliche Kapazit\u00e4t hinzu, die f\u00fcr ultralange Aufnahmen, hochaufl\u00f6sende Fotos und das Laden von Anwendungen oder Medien verwendet werden kann, wodurch die Belastung des Ger\u00e4ts reduziert wird, ohne dass Sie sich \u00fcber unzureichende Kapazit\u00e4t Gedanken machen m\u00fcssen.<br \/>\n\u3010Universelle Kompatibilit\u00e4t\u3011 Die Speicherkarte ist weithin kompatibel und kann f\u00fcr eine Vielzahl von Ger\u00e4ten verwendet werden. Sie eignet sich sehr gut f\u00fcr Kameras, Smartphones, Tablets, Drohnen, tragbare Spielekonsolen, Sportkameras, Dashcams usw. und kann Daten problemlos ger\u00e4te\u00fcbergreifend teilen und \u00fcbertragen, sodass Sie dieselben Daten auf verschiedenen Ger\u00e4ten anzeigen k\u00f6nnen.<\/p>\n","protected":false},"featured_media":223887,"comment_status":"open","ping_status":"closed","template":"","meta":[],"product_brand":[],"product_cat":[863],"product_tag":[],"class_list":{"0":"post-223886","1":"product","2":"type-product","3":"status-publish","4":"has-post-thumbnail","6":"product_cat-computer-zubehoer","7":"pa_brand-roowike","8":"pa_manufacturer-roowike","9":"pa_warranty-90days","11":"first","12":"instock","13":"shipping-taxable","14":"purchasable","15":"product-type-simple","16":"customify-col","17":"product-has-gallery"},"yoast_head":"<!-- This site is optimized with the Yoast SEO plugin v27.4 - https:\/\/yoast.com\/product\/yoast-seo-wordpress\/ -->\n<title>Roowike SD Karte 512GB - Speicherkarte Impermeabile TF Karte Hohes Volumen Speicherkarten 512GB Tragbar SD Card Mini Memory Card f\u00fcr Computer\/Kameras\/Tablets\/Smartphone - Markt-XXL<\/title>\n<meta name=\"description\" content=\"Markt-XXL Roowike SD Karte 512GB - Speicherkarte Impermeabile TF Karte Hohes Volumen Speicherkarten 512GB Tragbar SD Card Mini Memory Card f\u00fcr Computer\/Kameras\/Tablets\/Smartphone\" \/>\n<meta name=\"robots\" content=\"index, follow, max-snippet:-1, max-image-preview:large, max-video-preview:-1\" \/>\n<link rel=\"canonical\" href=\"https:\/\/marktxxl.de\/markt\/produkt\/roowike-sd-karte-512gb-speicherkarte-impermeabile-tf-karte-hohes-volumen-speicherkarten-512gb-tragbar-sd-card-mini-memory-card-fuer-computer-kameras-tablets-smartphone\/\" \/>\n<meta property=\"og:locale\" content=\"de_DE\" \/>\n<meta property=\"og:type\" content=\"article\" \/>\n<meta property=\"og:title\" content=\"Roowike SD Karte 512GB - Speicherkarte Impermeabile TF Karte Hohes Volumen Speicherkarten 512GB Tragbar SD Card Mini Memory Card f\u00fcr Computer\/Kameras\/Tablets\/Smartphone - Markt-XXL\" \/>\n<meta property=\"og:description\" content=\"Markt-XXL Roowike SD Karte 512GB - Speicherkarte Impermeabile TF Karte Hohes Volumen Speicherkarten 512GB Tragbar SD Card Mini Memory Card f\u00fcr Computer\/Kameras\/Tablets\/Smartphone\" \/>\n<meta property=\"og:url\" content=\"https:\/\/marktxxl.de\/markt\/produkt\/roowike-sd-karte-512gb-speicherkarte-impermeabile-tf-karte-hohes-volumen-speicherkarten-512gb-tragbar-sd-card-mini-memory-card-fuer-computer-kameras-tablets-smartphone\/\" \/>\n<meta property=\"og:site_name\" content=\"Markt-XXL\" \/>\n<meta name=\"twitter:card\" content=\"summary_large_image\" \/>\n<meta name=\"twitter:label1\" content=\"Gesch\u00e4tzte Lesezeit\" \/>\n\t<meta name=\"twitter:data1\" content=\"1\u00a0Minute\" \/>\n<script type=\"application\/ld+json\" class=\"yoast-schema-graph\">{\"@context\":\"https:\\\/\\\/schema.org\",\"@graph\":[{\"@type\":\"WebPage\",\"@id\":\"https:\\\/\\\/marktxxl.de\\\/markt\\\/produkt\\\/roowike-sd-karte-512gb-speicherkarte-impermeabile-tf-karte-hohes-volumen-speicherkarten-512gb-tragbar-sd-card-mini-memory-card-fuer-computer-kameras-tablets-smartphone\\\/\",\"url\":\"https:\\\/\\\/marktxxl.de\\\/markt\\\/produkt\\\/roowike-sd-karte-512gb-speicherkarte-impermeabile-tf-karte-hohes-volumen-speicherkarten-512gb-tragbar-sd-card-mini-memory-card-fuer-computer-kameras-tablets-smartphone\\\/\",\"name\":\"Roowike SD Karte 512GB - Speicherkarte Impermeabile TF Karte Hohes Volumen Speicherkarten 512GB Tragbar SD Card Mini Memory Card f\u00fcr Computer\\\/Kameras\\\/Tablets\\\/Smartphone - Markt-XXL\",\"isPartOf\":{\"@id\":\"https:\\\/\\\/marktxxl.de\\\/markt\\\/#website\"},\"primaryImageOfPage\":{\"@id\":\"https:\\\/\\\/marktxxl.de\\\/markt\\\/produkt\\\/roowike-sd-karte-512gb-speicherkarte-impermeabile-tf-karte-hohes-volumen-speicherkarten-512gb-tragbar-sd-card-mini-memory-card-fuer-computer-kameras-tablets-smartphone\\\/#primaryimage\"},\"image\":{\"@id\":\"https:\\\/\\\/marktxxl.de\\\/markt\\\/produkt\\\/roowike-sd-karte-512gb-speicherkarte-impermeabile-tf-karte-hohes-volumen-speicherkarten-512gb-tragbar-sd-card-mini-memory-card-fuer-computer-kameras-tablets-smartphone\\\/#primaryimage\"},\"thumbnailUrl\":\"https:\\\/\\\/m.media-amazon.com\\\/images\\\/I\\\/41vl4prAZmL._SL500_.jpg\",\"datePublished\":\"2024-07-28T16:25:25+00:00\",\"description\":\"Markt-XXL Roowike SD Karte 512GB - Speicherkarte Impermeabile TF Karte Hohes Volumen Speicherkarten 512GB Tragbar SD Card Mini Memory Card f\u00fcr Computer\\\/Kameras\\\/Tablets\\\/Smartphone\",\"breadcrumb\":{\"@id\":\"https:\\\/\\\/marktxxl.de\\\/markt\\\/produkt\\\/roowike-sd-karte-512gb-speicherkarte-impermeabile-tf-karte-hohes-volumen-speicherkarten-512gb-tragbar-sd-card-mini-memory-card-fuer-computer-kameras-tablets-smartphone\\\/#breadcrumb\"},\"inLanguage\":\"de\",\"potentialAction\":[{\"@type\":\"ReadAction\",\"target\":[\"https:\\\/\\\/marktxxl.de\\\/markt\\\/produkt\\\/roowike-sd-karte-512gb-speicherkarte-impermeabile-tf-karte-hohes-volumen-speicherkarten-512gb-tragbar-sd-card-mini-memory-card-fuer-computer-kameras-tablets-smartphone\\\/\"]}]},{\"@type\":\"ImageObject\",\"inLanguage\":\"de\",\"@id\":\"https:\\\/\\\/marktxxl.de\\\/markt\\\/produkt\\\/roowike-sd-karte-512gb-speicherkarte-impermeabile-tf-karte-hohes-volumen-speicherkarten-512gb-tragbar-sd-card-mini-memory-card-fuer-computer-kameras-tablets-smartphone\\\/#primaryimage\",\"url\":\"https:\\\/\\\/m.media-amazon.com\\\/images\\\/I\\\/41vl4prAZmL._SL500_.jpg\",\"contentUrl\":\"https:\\\/\\\/m.media-amazon.com\\\/images\\\/I\\\/41vl4prAZmL._SL500_.jpg\",\"width\":500,\"height\":500},{\"@type\":\"BreadcrumbList\",\"@id\":\"https:\\\/\\\/marktxxl.de\\\/markt\\\/produkt\\\/roowike-sd-karte-512gb-speicherkarte-impermeabile-tf-karte-hohes-volumen-speicherkarten-512gb-tragbar-sd-card-mini-memory-card-fuer-computer-kameras-tablets-smartphone\\\/#breadcrumb\",\"itemListElement\":[{\"@type\":\"ListItem\",\"position\":1,\"name\":\"Startseite\",\"item\":\"https:\\\/\\\/marktxxl.de\\\/markt\\\/\"},{\"@type\":\"ListItem\",\"position\":2,\"name\":\"Markt\",\"item\":\"https:\\\/\\\/marktxxl.de\\\/markt\\\/\"},{\"@type\":\"ListItem\",\"position\":3,\"name\":\"Roowike SD Karte 512GB &#8211; Speicherkarte Impermeabile TF Karte Hohes Volumen Speicherkarten 512GB Tragbar SD Card Mini Memory Card f\u00fcr Computer\\\/Kameras\\\/Tablets\\\/Smartphone\"}]},{\"@type\":\"WebSite\",\"@id\":\"https:\\\/\\\/marktxxl.de\\\/markt\\\/#website\",\"url\":\"https:\\\/\\\/marktxxl.de\\\/markt\\\/\",\"name\":\"Markt-XXL\",\"description\":\"Ihr Markt Online\",\"publisher\":{\"@id\":\"https:\\\/\\\/marktxxl.de\\\/markt\\\/#organization\"},\"potentialAction\":[{\"@type\":\"SearchAction\",\"target\":{\"@type\":\"EntryPoint\",\"urlTemplate\":\"https:\\\/\\\/marktxxl.de\\\/markt\\\/?s={search_term_string}\"},\"query-input\":{\"@type\":\"PropertyValueSpecification\",\"valueRequired\":true,\"valueName\":\"search_term_string\"}}],\"inLanguage\":\"de\"},{\"@type\":\"Organization\",\"@id\":\"https:\\\/\\\/marktxxl.de\\\/markt\\\/#organization\",\"name\":\"Markt-XXL\",\"url\":\"https:\\\/\\\/marktxxl.de\\\/markt\\\/\",\"logo\":{\"@type\":\"ImageObject\",\"inLanguage\":\"de\",\"@id\":\"https:\\\/\\\/marktxxl.de\\\/markt\\\/#\\\/schema\\\/logo\\\/image\\\/\",\"url\":\"https:\\\/\\\/marktxxl.de\\\/markt\\\/wp-content\\\/uploads\\\/sites\\\/3\\\/2020\\\/12\\\/logo.png\",\"contentUrl\":\"https:\\\/\\\/marktxxl.de\\\/markt\\\/wp-content\\\/uploads\\\/sites\\\/3\\\/2020\\\/12\\\/logo.png\",\"width\":200,\"height\":70,\"caption\":\"Markt-XXL\"},\"image\":{\"@id\":\"https:\\\/\\\/marktxxl.de\\\/markt\\\/#\\\/schema\\\/logo\\\/image\\\/\"}}]}<\/script>\n<!-- \/ Yoast SEO plugin. -->","yoast_head_json":{"title":"Roowike SD Karte 512GB - Speicherkarte Impermeabile TF Karte Hohes Volumen Speicherkarten 512GB Tragbar SD Card Mini Memory Card f\u00fcr Computer\/Kameras\/Tablets\/Smartphone - Markt-XXL","description":"Markt-XXL Roowike SD Karte 512GB - Speicherkarte Impermeabile TF Karte Hohes Volumen Speicherkarten 512GB Tragbar SD Card Mini Memory Card f\u00fcr Computer\/Kameras\/Tablets\/Smartphone","robots":{"index":"index","follow":"follow","max-snippet":"max-snippet:-1","max-image-preview":"max-image-preview:large","max-video-preview":"max-video-preview:-1"},"canonical":"https:\/\/marktxxl.de\/markt\/produkt\/roowike-sd-karte-512gb-speicherkarte-impermeabile-tf-karte-hohes-volumen-speicherkarten-512gb-tragbar-sd-card-mini-memory-card-fuer-computer-kameras-tablets-smartphone\/","og_locale":"de_DE","og_type":"article","og_title":"Roowike SD Karte 512GB - Speicherkarte Impermeabile TF Karte Hohes Volumen Speicherkarten 512GB Tragbar SD Card Mini Memory Card f\u00fcr Computer\/Kameras\/Tablets\/Smartphone - Markt-XXL","og_description":"Markt-XXL Roowike SD Karte 512GB - Speicherkarte Impermeabile TF Karte Hohes Volumen Speicherkarten 512GB Tragbar SD Card Mini Memory Card f\u00fcr Computer\/Kameras\/Tablets\/Smartphone","og_url":"https:\/\/marktxxl.de\/markt\/produkt\/roowike-sd-karte-512gb-speicherkarte-impermeabile-tf-karte-hohes-volumen-speicherkarten-512gb-tragbar-sd-card-mini-memory-card-fuer-computer-kameras-tablets-smartphone\/","og_site_name":"Markt-XXL","twitter_card":"summary_large_image","twitter_misc":{"Gesch\u00e4tzte Lesezeit":"1\u00a0Minute"},"schema":{"@context":"https:\/\/schema.org","@graph":[{"@type":"WebPage","@id":"https:\/\/marktxxl.de\/markt\/produkt\/roowike-sd-karte-512gb-speicherkarte-impermeabile-tf-karte-hohes-volumen-speicherkarten-512gb-tragbar-sd-card-mini-memory-card-fuer-computer-kameras-tablets-smartphone\/","url":"https:\/\/marktxxl.de\/markt\/produkt\/roowike-sd-karte-512gb-speicherkarte-impermeabile-tf-karte-hohes-volumen-speicherkarten-512gb-tragbar-sd-card-mini-memory-card-fuer-computer-kameras-tablets-smartphone\/","name":"Roowike SD Karte 512GB - Speicherkarte Impermeabile TF Karte Hohes Volumen Speicherkarten 512GB Tragbar SD Card Mini Memory Card f\u00fcr Computer\/Kameras\/Tablets\/Smartphone - Markt-XXL","isPartOf":{"@id":"https:\/\/marktxxl.de\/markt\/#website"},"primaryImageOfPage":{"@id":"https:\/\/marktxxl.de\/markt\/produkt\/roowike-sd-karte-512gb-speicherkarte-impermeabile-tf-karte-hohes-volumen-speicherkarten-512gb-tragbar-sd-card-mini-memory-card-fuer-computer-kameras-tablets-smartphone\/#primaryimage"},"image":{"@id":"https:\/\/marktxxl.de\/markt\/produkt\/roowike-sd-karte-512gb-speicherkarte-impermeabile-tf-karte-hohes-volumen-speicherkarten-512gb-tragbar-sd-card-mini-memory-card-fuer-computer-kameras-tablets-smartphone\/#primaryimage"},"thumbnailUrl":"https:\/\/m.media-amazon.com\/images\/I\/41vl4prAZmL._SL500_.jpg","datePublished":"2024-07-28T16:25:25+00:00","description":"Markt-XXL Roowike SD Karte 512GB - Speicherkarte Impermeabile TF Karte Hohes Volumen Speicherkarten 512GB Tragbar SD Card Mini Memory Card f\u00fcr Computer\/Kameras\/Tablets\/Smartphone","breadcrumb":{"@id":"https:\/\/marktxxl.de\/markt\/produkt\/roowike-sd-karte-512gb-speicherkarte-impermeabile-tf-karte-hohes-volumen-speicherkarten-512gb-tragbar-sd-card-mini-memory-card-fuer-computer-kameras-tablets-smartphone\/#breadcrumb"},"inLanguage":"de","potentialAction":[{"@type":"ReadAction","target":["https:\/\/marktxxl.de\/markt\/produkt\/roowike-sd-karte-512gb-speicherkarte-impermeabile-tf-karte-hohes-volumen-speicherkarten-512gb-tragbar-sd-card-mini-memory-card-fuer-computer-kameras-tablets-smartphone\/"]}]},{"@type":"ImageObject","inLanguage":"de","@id":"https:\/\/marktxxl.de\/markt\/produkt\/roowike-sd-karte-512gb-speicherkarte-impermeabile-tf-karte-hohes-volumen-speicherkarten-512gb-tragbar-sd-card-mini-memory-card-fuer-computer-kameras-tablets-smartphone\/#primaryimage","url":"https:\/\/m.media-amazon.com\/images\/I\/41vl4prAZmL._SL500_.jpg","contentUrl":"https:\/\/m.media-amazon.com\/images\/I\/41vl4prAZmL._SL500_.jpg","width":500,"height":500},{"@type":"BreadcrumbList","@id":"https:\/\/marktxxl.de\/markt\/produkt\/roowike-sd-karte-512gb-speicherkarte-impermeabile-tf-karte-hohes-volumen-speicherkarten-512gb-tragbar-sd-card-mini-memory-card-fuer-computer-kameras-tablets-smartphone\/#breadcrumb","itemListElement":[{"@type":"ListItem","position":1,"name":"Startseite","item":"https:\/\/marktxxl.de\/markt\/"},{"@type":"ListItem","position":2,"name":"Markt","item":"https:\/\/marktxxl.de\/markt\/"},{"@type":"ListItem","position":3,"name":"Roowike SD Karte 512GB &#8211; Speicherkarte Impermeabile TF Karte Hohes Volumen Speicherkarten 512GB Tragbar SD Card Mini Memory Card f\u00fcr Computer\/Kameras\/Tablets\/Smartphone"}]},{"@type":"WebSite","@id":"https:\/\/marktxxl.de\/markt\/#website","url":"https:\/\/marktxxl.de\/markt\/","name":"Markt-XXL","description":"Ihr Markt Online","publisher":{"@id":"https:\/\/marktxxl.de\/markt\/#organization"},"potentialAction":[{"@type":"SearchAction","target":{"@type":"EntryPoint","urlTemplate":"https:\/\/marktxxl.de\/markt\/?s={search_term_string}"},"query-input":{"@type":"PropertyValueSpecification","valueRequired":true,"valueName":"search_term_string"}}],"inLanguage":"de"},{"@type":"Organization","@id":"https:\/\/marktxxl.de\/markt\/#organization","name":"Markt-XXL","url":"https:\/\/marktxxl.de\/markt\/","logo":{"@type":"ImageObject","inLanguage":"de","@id":"https:\/\/marktxxl.de\/markt\/#\/schema\/logo\/image\/","url":"https:\/\/marktxxl.de\/markt\/wp-content\/uploads\/sites\/3\/2020\/12\/logo.png","contentUrl":"https:\/\/marktxxl.de\/markt\/wp-content\/uploads\/sites\/3\/2020\/12\/logo.png","width":200,"height":70,"caption":"Markt-XXL"},"image":{"@id":"https:\/\/marktxxl.de\/markt\/#\/schema\/logo\/image\/"}}]}},"_links":{"self":[{"href":"https:\/\/marktxxl.de\/markt\/wp-json\/wp\/v2\/product\/223886","targetHints":{"allow":["GET"]}}],"collection":[{"href":"https:\/\/marktxxl.de\/markt\/wp-json\/wp\/v2\/product"}],"about":[{"href":"https:\/\/marktxxl.de\/markt\/wp-json\/wp\/v2\/types\/product"}],"replies":[{"embeddable":true,"href":"https:\/\/marktxxl.de\/markt\/wp-json\/wp\/v2\/comments?post=223886"}],"wp:featuredmedia":[{"embeddable":true,"href":"https:\/\/marktxxl.de\/markt\/wp-json\/wp\/v2\/media\/223887"}],"wp:attachment":[{"href":"https:\/\/marktxxl.de\/markt\/wp-json\/wp\/v2\/media?parent=223886"}],"wp:term":[{"taxonomy":"product_brand","embeddable":true,"href":"https:\/\/marktxxl.de\/markt\/wp-json\/wp\/v2\/product_brand?post=223886"},{"taxonomy":"product_cat","embeddable":true,"href":"https:\/\/marktxxl.de\/markt\/wp-json\/wp\/v2\/product_cat?post=223886"},{"taxonomy":"product_tag","embeddable":true,"href":"https:\/\/marktxxl.de\/markt\/wp-json\/wp\/v2\/product_tag?post=223886"}],"curies":[{"name":"wp","href":"https:\/\/api.w.org\/{rel}","templated":true}]}}