{"id":223867,"date":"2024-07-28T18:24:46","date_gmt":"2024-07-28T16:24:46","guid":{"rendered":"https:\/\/marktxxl.de\/markt\/produkt\/edxeducation-plastic-pattern-blocks-satz-von-250-geometrische-faehigkeiten-mathe-lernmittel-formerkennung-symmetrie-und-brueche-alter-4\/"},"modified":"2024-07-28T18:24:46","modified_gmt":"2024-07-28T16:24:46","slug":"edxeducation-plastic-pattern-blocks-satz-von-250-geometrische-faehigkeiten-mathe-lernmittel-formerkennung-symmetrie-und-brueche-alter-4","status":"publish","type":"product","link":"https:\/\/marktxxl.de\/markt\/produkt\/edxeducation-plastic-pattern-blocks-satz-von-250-geometrische-faehigkeiten-mathe-lernmittel-formerkennung-symmetrie-und-brueche-alter-4\/","title":{"rendered":"edxeducation Plastic Pattern Blocks &#8211; Satz von 250 &#8211; Geometrische F\u00e4higkeiten Mathe Lernmittel &#8211; Formerkennung, Symmetrie und Br\u00fcche &#8211; Alter 4+"},"content":{"rendered":"<p>EIN GROSSES SET MIT 250 TEILEN &#8212; Dieses massive Set von Standard-Musterbl\u00f6cken enth\u00e4lt 25 gelbe Sechsecke, 25 orangefarbene Quadrate, 50 gr\u00fcne Dreiecke, 50 rote Trapeze, 50 blaue Parallelogramme und 50 braune Rauten.<br \/>\nDIE RICHTIGE PASSFORM &#8212; Diese Musterblocks sind so zugeschnitten, dass sie in jeder m\u00f6glichen Form, Kombination und jedem Muster leicht zusammenpassen. Keine l\u00e4stigen L\u00fccken oder L\u00f6cher!<br \/>\nTEACH EARLY MATH &#8212; Verwenden Sie diese Mathe-Lernmittel, um mathematische Konzepte zu demonstrieren, wie z.B.: Symmetrie, Br\u00fcche, Messungen und Formattribute.<br \/>\nSTANDARDFORMEN, -GR\u00d6SSEN UND -FARBEN &#8212; Diese Musterbl\u00f6cke entsprechen den Standard-Tangram-Formen, -Gr\u00f6\u00dfen und -Farben und erg\u00e4nzen andere Standardsets oder Karten. Die Teile sind 0,5 cm \/ 2&#8243; dick.<br \/>\nDEN VERSTAND ENTWICKELN &#8212; Pattern Blocks f\u00f6rdern den Verstand der Kinder! F\u00f6rdern Sie zu Hause oder im Klassenzimmer Probleml\u00f6sungsf\u00e4higkeiten, r\u00e4umliches Vorstellungsverm\u00f6gen, Feinmotorik, Hand-Augen-Koordination und logisches Denken.<br \/>\nVORSTELLEN UND KREIEREN &#8211; Mit 6 verschiedenen Formen und Farben bieten die Pattern Blocks endlose kreative M\u00f6glichkeiten. Die Kinder k\u00f6nnen Blumen, Autos, K\u00e4fer und vieles mehr in jeder erdenklichen Farbe gestalten!<br \/>\nEINFACH ZU VERSTAUEN UND ZU TRANSPORTIEREN &#8212; Dieses Musterblock-Set ist in einem Plastikgef\u00e4\u00df mit Griff verpackt, um die Aufbewahrung zu erleichtern. Nehmen Sie sie zum Spielen und zum Unterricht mit!<br \/>\nSPIELEND LERNEN &#8212; Unsere Produkte inspirieren Kinder zum Spielen mit Verstand. Das Spiel ist der beste Lehrer! Unsere hochwertigen Bildungsressourcen erf\u00fcllen die Lernbed\u00fcrfnisse von bis zu 12 J\u00e4hrigen.<br \/>\n<div class=\"main-cross-sell\" data-asin=\"B014V0I8LM\">\n\n\t<div class=\"WooZone-cross-sell-loader\">\n\t\t<div>\n\t\t\t<div id=\"floatingBarsG\">\n\t\t\t\t<div class=\"blockG\" id=\"rotateG_01\"><\/div>\n\t\t\t\t<div class=\"blockG\" id=\"rotateG_02\"><\/div>\n\t\t\t\t<div class=\"blockG\" id=\"rotateG_03\"><\/div>\n\t\t\t\t<div class=\"blockG\" id=\"rotateG_04\"><\/div>\n\t\t\t\t<div class=\"blockG\" id=\"rotateG_05\"><\/div>\n\t\t\t\t<div class=\"blockG\" id=\"rotateG_06\"><\/div>\n\t\t\t\t<div class=\"blockG\" id=\"rotateG_07\"><\/div>\n\t\t\t\t<div class=\"blockG\" id=\"rotateG_08\"><\/div>\n\t\t\t<\/div>\n\t\t\t<div class=\"WooZone-cross-sell-loader-text\"><\/div>\n\t\t<\/div>\n\t<\/div>\n\n\t\t\n<\/div>\n<div style=\"clear:both;\"><\/div><\/p>\n","protected":false},"excerpt":{"rendered":"<p>EIN GROSSES SET MIT 250 TEILEN &#8212; Dieses massive Set von Standard-Musterbl\u00f6cken enth\u00e4lt 25 gelbe Sechsecke, 25 orangefarbene Quadrate, 50 gr\u00fcne Dreiecke, 50 rote Trapeze, 50 blaue Parallelogramme und 50 braune Rauten.<br \/>\nDIE RICHTIGE PASSFORM &#8212; Diese Musterblocks sind so zugeschnitten, dass sie in jeder m\u00f6glichen Form, Kombination und jedem Muster leicht zusammenpassen. Keine l\u00e4stigen L\u00fccken oder L\u00f6cher!<br \/>\nTEACH EARLY MATH &#8212; Verwenden Sie diese Mathe-Lernmittel, um mathematische Konzepte zu demonstrieren, wie z.B.: Symmetrie, Br\u00fcche, Messungen und Formattribute.<\/p>\n","protected":false},"featured_media":223868,"comment_status":"open","ping_status":"closed","template":"","meta":[],"product_brand":[],"product_cat":[504,8631],"product_tag":[],"class_list":{"0":"post-223867","1":"product","2":"type-product","3":"status-publish","4":"has-post-thumbnail","6":"product_cat-buerobedarf-schreibwaren","7":"product_cat-schul-unibedarf","8":"pa_binding-misc","9":"pa_brand-edxeducation","10":"pa_color-multi","11":"pa_height-3-25-zoll","12":"pa_length-9-75-zoll","13":"pa_manufacturer-learning-advantage","14":"pa_model-56072","15":"pa_weight-1-5-pounds","16":"pa_width-3-25-zoll","18":"first","19":"instock","20":"sale","21":"shipping-taxable","22":"purchasable","23":"product-type-simple","24":"customify-col","25":"product-has-gallery"},"yoast_head":"<!-- This site is optimized with the Yoast SEO plugin v27.4 - https:\/\/yoast.com\/product\/yoast-seo-wordpress\/ -->\n<title>edxeducation Plastic Pattern Blocks - Satz von 250 - Geometrische F\u00e4higkeiten Mathe Lernmittel - Formerkennung, Symmetrie und Br\u00fcche - Alter 4+ - Markt-XXL<\/title>\n<meta name=\"description\" content=\"Markt-XXL edxeducation Plastic Pattern Blocks - Satz von 250 - Geometrische F\u00e4higkeiten Mathe Lernmittel - Formerkennung, Symmetrie und Br\u00fcche - Alter 4+\" \/>\n<meta name=\"robots\" content=\"index, follow, max-snippet:-1, max-image-preview:large, max-video-preview:-1\" \/>\n<link rel=\"canonical\" href=\"https:\/\/marktxxl.de\/markt\/produkt\/edxeducation-plastic-pattern-blocks-satz-von-250-geometrische-faehigkeiten-mathe-lernmittel-formerkennung-symmetrie-und-brueche-alter-4\/\" \/>\n<meta property=\"og:locale\" content=\"de_DE\" \/>\n<meta property=\"og:type\" content=\"article\" \/>\n<meta property=\"og:title\" content=\"edxeducation Plastic Pattern Blocks - Satz von 250 - Geometrische F\u00e4higkeiten Mathe Lernmittel - Formerkennung, Symmetrie und Br\u00fcche - Alter 4+ - Markt-XXL\" \/>\n<meta property=\"og:description\" content=\"Markt-XXL edxeducation Plastic Pattern Blocks - Satz von 250 - Geometrische F\u00e4higkeiten Mathe Lernmittel - Formerkennung, Symmetrie und Br\u00fcche - Alter 4+\" \/>\n<meta property=\"og:url\" content=\"https:\/\/marktxxl.de\/markt\/produkt\/edxeducation-plastic-pattern-blocks-satz-von-250-geometrische-faehigkeiten-mathe-lernmittel-formerkennung-symmetrie-und-brueche-alter-4\/\" \/>\n<meta property=\"og:site_name\" content=\"Markt-XXL\" \/>\n<meta name=\"twitter:card\" content=\"summary_large_image\" \/>\n<meta name=\"twitter:label1\" content=\"Gesch\u00e4tzte Lesezeit\" \/>\n\t<meta name=\"twitter:data1\" content=\"1\u00a0Minute\" \/>\n<script type=\"application\/ld+json\" class=\"yoast-schema-graph\">{\"@context\":\"https:\\\/\\\/schema.org\",\"@graph\":[{\"@type\":\"WebPage\",\"@id\":\"https:\\\/\\\/marktxxl.de\\\/markt\\\/produkt\\\/edxeducation-plastic-pattern-blocks-satz-von-250-geometrische-faehigkeiten-mathe-lernmittel-formerkennung-symmetrie-und-brueche-alter-4\\\/\",\"url\":\"https:\\\/\\\/marktxxl.de\\\/markt\\\/produkt\\\/edxeducation-plastic-pattern-blocks-satz-von-250-geometrische-faehigkeiten-mathe-lernmittel-formerkennung-symmetrie-und-brueche-alter-4\\\/\",\"name\":\"edxeducation Plastic Pattern Blocks - Satz von 250 - Geometrische F\u00e4higkeiten Mathe Lernmittel - Formerkennung, Symmetrie und Br\u00fcche - Alter 4+ - Markt-XXL\",\"isPartOf\":{\"@id\":\"https:\\\/\\\/marktxxl.de\\\/markt\\\/#website\"},\"primaryImageOfPage\":{\"@id\":\"https:\\\/\\\/marktxxl.de\\\/markt\\\/produkt\\\/edxeducation-plastic-pattern-blocks-satz-von-250-geometrische-faehigkeiten-mathe-lernmittel-formerkennung-symmetrie-und-brueche-alter-4\\\/#primaryimage\"},\"image\":{\"@id\":\"https:\\\/\\\/marktxxl.de\\\/markt\\\/produkt\\\/edxeducation-plastic-pattern-blocks-satz-von-250-geometrische-faehigkeiten-mathe-lernmittel-formerkennung-symmetrie-und-brueche-alter-4\\\/#primaryimage\"},\"thumbnailUrl\":\"https:\\\/\\\/m.media-amazon.com\\\/images\\\/I\\\/51zQkCUen2L._SL500_.jpg\",\"datePublished\":\"2024-07-28T16:24:46+00:00\",\"description\":\"Markt-XXL edxeducation Plastic Pattern Blocks - Satz von 250 - Geometrische F\u00e4higkeiten Mathe Lernmittel - Formerkennung, Symmetrie und Br\u00fcche - Alter 4+\",\"breadcrumb\":{\"@id\":\"https:\\\/\\\/marktxxl.de\\\/markt\\\/produkt\\\/edxeducation-plastic-pattern-blocks-satz-von-250-geometrische-faehigkeiten-mathe-lernmittel-formerkennung-symmetrie-und-brueche-alter-4\\\/#breadcrumb\"},\"inLanguage\":\"de\",\"potentialAction\":[{\"@type\":\"ReadAction\",\"target\":[\"https:\\\/\\\/marktxxl.de\\\/markt\\\/produkt\\\/edxeducation-plastic-pattern-blocks-satz-von-250-geometrische-faehigkeiten-mathe-lernmittel-formerkennung-symmetrie-und-brueche-alter-4\\\/\"]}]},{\"@type\":\"ImageObject\",\"inLanguage\":\"de\",\"@id\":\"https:\\\/\\\/marktxxl.de\\\/markt\\\/produkt\\\/edxeducation-plastic-pattern-blocks-satz-von-250-geometrische-faehigkeiten-mathe-lernmittel-formerkennung-symmetrie-und-brueche-alter-4\\\/#primaryimage\",\"url\":\"https:\\\/\\\/m.media-amazon.com\\\/images\\\/I\\\/51zQkCUen2L._SL500_.jpg\",\"contentUrl\":\"https:\\\/\\\/m.media-amazon.com\\\/images\\\/I\\\/51zQkCUen2L._SL500_.jpg\",\"width\":500,\"height\":500},{\"@type\":\"BreadcrumbList\",\"@id\":\"https:\\\/\\\/marktxxl.de\\\/markt\\\/produkt\\\/edxeducation-plastic-pattern-blocks-satz-von-250-geometrische-faehigkeiten-mathe-lernmittel-formerkennung-symmetrie-und-brueche-alter-4\\\/#breadcrumb\",\"itemListElement\":[{\"@type\":\"ListItem\",\"position\":1,\"name\":\"Startseite\",\"item\":\"https:\\\/\\\/marktxxl.de\\\/markt\\\/\"},{\"@type\":\"ListItem\",\"position\":2,\"name\":\"Markt\",\"item\":\"https:\\\/\\\/marktxxl.de\\\/markt\\\/\"},{\"@type\":\"ListItem\",\"position\":3,\"name\":\"edxeducation Plastic Pattern Blocks &#8211; Satz von 250 &#8211; Geometrische F\u00e4higkeiten Mathe Lernmittel &#8211; Formerkennung, Symmetrie und Br\u00fcche &#8211; Alter 4+\"}]},{\"@type\":\"WebSite\",\"@id\":\"https:\\\/\\\/marktxxl.de\\\/markt\\\/#website\",\"url\":\"https:\\\/\\\/marktxxl.de\\\/markt\\\/\",\"name\":\"Markt-XXL\",\"description\":\"Ihr Markt Online\",\"publisher\":{\"@id\":\"https:\\\/\\\/marktxxl.de\\\/markt\\\/#organization\"},\"potentialAction\":[{\"@type\":\"SearchAction\",\"target\":{\"@type\":\"EntryPoint\",\"urlTemplate\":\"https:\\\/\\\/marktxxl.de\\\/markt\\\/?s={search_term_string}\"},\"query-input\":{\"@type\":\"PropertyValueSpecification\",\"valueRequired\":true,\"valueName\":\"search_term_string\"}}],\"inLanguage\":\"de\"},{\"@type\":\"Organization\",\"@id\":\"https:\\\/\\\/marktxxl.de\\\/markt\\\/#organization\",\"name\":\"Markt-XXL\",\"url\":\"https:\\\/\\\/marktxxl.de\\\/markt\\\/\",\"logo\":{\"@type\":\"ImageObject\",\"inLanguage\":\"de\",\"@id\":\"https:\\\/\\\/marktxxl.de\\\/markt\\\/#\\\/schema\\\/logo\\\/image\\\/\",\"url\":\"https:\\\/\\\/marktxxl.de\\\/markt\\\/wp-content\\\/uploads\\\/sites\\\/3\\\/2020\\\/12\\\/logo.png\",\"contentUrl\":\"https:\\\/\\\/marktxxl.de\\\/markt\\\/wp-content\\\/uploads\\\/sites\\\/3\\\/2020\\\/12\\\/logo.png\",\"width\":200,\"height\":70,\"caption\":\"Markt-XXL\"},\"image\":{\"@id\":\"https:\\\/\\\/marktxxl.de\\\/markt\\\/#\\\/schema\\\/logo\\\/image\\\/\"}}]}<\/script>\n<!-- \/ Yoast SEO plugin. -->","yoast_head_json":{"title":"edxeducation Plastic Pattern Blocks - Satz von 250 - Geometrische F\u00e4higkeiten Mathe Lernmittel - Formerkennung, Symmetrie und Br\u00fcche - Alter 4+ - Markt-XXL","description":"Markt-XXL edxeducation Plastic Pattern Blocks - Satz von 250 - Geometrische F\u00e4higkeiten Mathe Lernmittel - Formerkennung, Symmetrie und Br\u00fcche - Alter 4+","robots":{"index":"index","follow":"follow","max-snippet":"max-snippet:-1","max-image-preview":"max-image-preview:large","max-video-preview":"max-video-preview:-1"},"canonical":"https:\/\/marktxxl.de\/markt\/produkt\/edxeducation-plastic-pattern-blocks-satz-von-250-geometrische-faehigkeiten-mathe-lernmittel-formerkennung-symmetrie-und-brueche-alter-4\/","og_locale":"de_DE","og_type":"article","og_title":"edxeducation Plastic Pattern Blocks - Satz von 250 - Geometrische F\u00e4higkeiten Mathe Lernmittel - Formerkennung, Symmetrie und Br\u00fcche - Alter 4+ - Markt-XXL","og_description":"Markt-XXL edxeducation Plastic Pattern Blocks - Satz von 250 - Geometrische F\u00e4higkeiten Mathe Lernmittel - Formerkennung, Symmetrie und Br\u00fcche - Alter 4+","og_url":"https:\/\/marktxxl.de\/markt\/produkt\/edxeducation-plastic-pattern-blocks-satz-von-250-geometrische-faehigkeiten-mathe-lernmittel-formerkennung-symmetrie-und-brueche-alter-4\/","og_site_name":"Markt-XXL","twitter_card":"summary_large_image","twitter_misc":{"Gesch\u00e4tzte Lesezeit":"1\u00a0Minute"},"schema":{"@context":"https:\/\/schema.org","@graph":[{"@type":"WebPage","@id":"https:\/\/marktxxl.de\/markt\/produkt\/edxeducation-plastic-pattern-blocks-satz-von-250-geometrische-faehigkeiten-mathe-lernmittel-formerkennung-symmetrie-und-brueche-alter-4\/","url":"https:\/\/marktxxl.de\/markt\/produkt\/edxeducation-plastic-pattern-blocks-satz-von-250-geometrische-faehigkeiten-mathe-lernmittel-formerkennung-symmetrie-und-brueche-alter-4\/","name":"edxeducation Plastic Pattern Blocks - Satz von 250 - Geometrische F\u00e4higkeiten Mathe Lernmittel - Formerkennung, Symmetrie und Br\u00fcche - Alter 4+ - Markt-XXL","isPartOf":{"@id":"https:\/\/marktxxl.de\/markt\/#website"},"primaryImageOfPage":{"@id":"https:\/\/marktxxl.de\/markt\/produkt\/edxeducation-plastic-pattern-blocks-satz-von-250-geometrische-faehigkeiten-mathe-lernmittel-formerkennung-symmetrie-und-brueche-alter-4\/#primaryimage"},"image":{"@id":"https:\/\/marktxxl.de\/markt\/produkt\/edxeducation-plastic-pattern-blocks-satz-von-250-geometrische-faehigkeiten-mathe-lernmittel-formerkennung-symmetrie-und-brueche-alter-4\/#primaryimage"},"thumbnailUrl":"https:\/\/m.media-amazon.com\/images\/I\/51zQkCUen2L._SL500_.jpg","datePublished":"2024-07-28T16:24:46+00:00","description":"Markt-XXL edxeducation Plastic Pattern Blocks - Satz von 250 - Geometrische F\u00e4higkeiten Mathe Lernmittel - Formerkennung, Symmetrie und Br\u00fcche - Alter 4+","breadcrumb":{"@id":"https:\/\/marktxxl.de\/markt\/produkt\/edxeducation-plastic-pattern-blocks-satz-von-250-geometrische-faehigkeiten-mathe-lernmittel-formerkennung-symmetrie-und-brueche-alter-4\/#breadcrumb"},"inLanguage":"de","potentialAction":[{"@type":"ReadAction","target":["https:\/\/marktxxl.de\/markt\/produkt\/edxeducation-plastic-pattern-blocks-satz-von-250-geometrische-faehigkeiten-mathe-lernmittel-formerkennung-symmetrie-und-brueche-alter-4\/"]}]},{"@type":"ImageObject","inLanguage":"de","@id":"https:\/\/marktxxl.de\/markt\/produkt\/edxeducation-plastic-pattern-blocks-satz-von-250-geometrische-faehigkeiten-mathe-lernmittel-formerkennung-symmetrie-und-brueche-alter-4\/#primaryimage","url":"https:\/\/m.media-amazon.com\/images\/I\/51zQkCUen2L._SL500_.jpg","contentUrl":"https:\/\/m.media-amazon.com\/images\/I\/51zQkCUen2L._SL500_.jpg","width":500,"height":500},{"@type":"BreadcrumbList","@id":"https:\/\/marktxxl.de\/markt\/produkt\/edxeducation-plastic-pattern-blocks-satz-von-250-geometrische-faehigkeiten-mathe-lernmittel-formerkennung-symmetrie-und-brueche-alter-4\/#breadcrumb","itemListElement":[{"@type":"ListItem","position":1,"name":"Startseite","item":"https:\/\/marktxxl.de\/markt\/"},{"@type":"ListItem","position":2,"name":"Markt","item":"https:\/\/marktxxl.de\/markt\/"},{"@type":"ListItem","position":3,"name":"edxeducation Plastic Pattern Blocks &#8211; Satz von 250 &#8211; Geometrische F\u00e4higkeiten Mathe Lernmittel &#8211; Formerkennung, Symmetrie und Br\u00fcche &#8211; Alter 4+"}]},{"@type":"WebSite","@id":"https:\/\/marktxxl.de\/markt\/#website","url":"https:\/\/marktxxl.de\/markt\/","name":"Markt-XXL","description":"Ihr Markt Online","publisher":{"@id":"https:\/\/marktxxl.de\/markt\/#organization"},"potentialAction":[{"@type":"SearchAction","target":{"@type":"EntryPoint","urlTemplate":"https:\/\/marktxxl.de\/markt\/?s={search_term_string}"},"query-input":{"@type":"PropertyValueSpecification","valueRequired":true,"valueName":"search_term_string"}}],"inLanguage":"de"},{"@type":"Organization","@id":"https:\/\/marktxxl.de\/markt\/#organization","name":"Markt-XXL","url":"https:\/\/marktxxl.de\/markt\/","logo":{"@type":"ImageObject","inLanguage":"de","@id":"https:\/\/marktxxl.de\/markt\/#\/schema\/logo\/image\/","url":"https:\/\/marktxxl.de\/markt\/wp-content\/uploads\/sites\/3\/2020\/12\/logo.png","contentUrl":"https:\/\/marktxxl.de\/markt\/wp-content\/uploads\/sites\/3\/2020\/12\/logo.png","width":200,"height":70,"caption":"Markt-XXL"},"image":{"@id":"https:\/\/marktxxl.de\/markt\/#\/schema\/logo\/image\/"}}]}},"_links":{"self":[{"href":"https:\/\/marktxxl.de\/markt\/wp-json\/wp\/v2\/product\/223867","targetHints":{"allow":["GET"]}}],"collection":[{"href":"https:\/\/marktxxl.de\/markt\/wp-json\/wp\/v2\/product"}],"about":[{"href":"https:\/\/marktxxl.de\/markt\/wp-json\/wp\/v2\/types\/product"}],"replies":[{"embeddable":true,"href":"https:\/\/marktxxl.de\/markt\/wp-json\/wp\/v2\/comments?post=223867"}],"wp:featuredmedia":[{"embeddable":true,"href":"https:\/\/marktxxl.de\/markt\/wp-json\/wp\/v2\/media\/223868"}],"wp:attachment":[{"href":"https:\/\/marktxxl.de\/markt\/wp-json\/wp\/v2\/media?parent=223867"}],"wp:term":[{"taxonomy":"product_brand","embeddable":true,"href":"https:\/\/marktxxl.de\/markt\/wp-json\/wp\/v2\/product_brand?post=223867"},{"taxonomy":"product_cat","embeddable":true,"href":"https:\/\/marktxxl.de\/markt\/wp-json\/wp\/v2\/product_cat?post=223867"},{"taxonomy":"product_tag","embeddable":true,"href":"https:\/\/marktxxl.de\/markt\/wp-json\/wp\/v2\/product_tag?post=223867"}],"curies":[{"name":"wp","href":"https:\/\/api.w.org\/{rel}","templated":true}]}}