{"id":223857,"date":"2024-07-28T18:24:39","date_gmt":"2024-07-28T16:24:39","guid":{"rendered":"https:\/\/marktxxl.de\/markt\/produkt\/naturally-kids-triceratops-dinosaurier-spielzeug-ab-2-jahre-maedchen-geschenke-maedchen-2-jahre-dinosaurier-kuscheltier\/"},"modified":"2024-07-28T18:24:39","modified_gmt":"2024-07-28T16:24:39","slug":"naturally-kids-triceratops-dinosaurier-spielzeug-ab-2-jahre-maedchen-geschenke-maedchen-2-jahre-dinosaurier-kuscheltier","status":"publish","type":"product","link":"https:\/\/marktxxl.de\/markt\/produkt\/naturally-kids-triceratops-dinosaurier-spielzeug-ab-2-jahre-maedchen-geschenke-maedchen-2-jahre-dinosaurier-kuscheltier\/","title":{"rendered":"Naturally KIDS Triceratops Dinosaurier Spielzeug ab 2 jahre M\u00e4dchen, Geschenke M\u00e4dchen 2 jahre, Dinosaurier Kuscheltier"},"content":{"rendered":"<p>\ud83c\udf92 Kinderrucksack &amp; Pl\u00fcsch Dinosaurier Spielzeug: Kleiner kinderrucksack und kleine pl\u00fcschtiere f\u00fcr m\u00e4dchen &#8211; sch\u00f6ne geschenke f\u00fcr 3-j\u00e4hrige m\u00e4dchen, jungen, teenager; Dinosaurier stofftier &#8211; geschenke f\u00fcr kinder &#8211; l\u00e4ssig kinderrucksack &#8211; dinosaurier figuren<br \/>\n\ud83e\uddf8 Spielzeug f\u00fcr 3-j\u00e4hrige Jungen &amp; M\u00e4dchen: pl\u00fcschtier geschenke m\u00e4dchen 5 jahre, bestseller, spielzeug m\u00e4dchen 2 jahre, spielzeug f\u00fcr m\u00e4dchen im alter von 4 jahren, spielzeug f\u00fcr 5-j\u00e4hrige m\u00e4dchen, teenager. spielzeug f\u00fcr 4-j\u00e4hrige m\u00e4dchen geschenk<br \/>\n\u2708\ufe0f Reisen, Spielen &amp; Lernen: 2-5 jahre kinder gep\u00e4ck &#8211; ausgestopfter triceratops kuscheltiere f\u00fcr babys mit denim backpack f\u00fcr jungen, geschenke f\u00fcr 3-j\u00e4hrige m\u00e4dchen, jungen, kleinkind<br \/>\n\ud83d\udd4a\ufe0f Rucksack Aus Denim &amp; Spielzeug F\u00fcr Kleinkinder: 1 fach mit rei\u00dfverschluss, gepolsterte tr\u00e4ger \u2013 rucksack f\u00fcr 3-j\u00e4hriges m\u00e4dchen, rucksack f\u00fcr 4-j\u00e4hriges m\u00e4dchen, dinosaurier jungs rucksack f\u00fcr einen jungen, kleiner rucksack f\u00fcr m\u00e4dchen ab 5 jahren<br \/>\n\ud83c\udf1f Naturally KIDS backpack in erstklassiger Qualit\u00e4t erf\u00fcllen die US-Kindersicherheitsstandards ASTM, CPSIA, CSPA<br \/>\n\ud83d\udce7 Garantierte Qualit\u00e4t und Zufriedenheit: Immer kostenlose R\u00fccksendungen und Umtausch. Wenn Sie irgendwelche Probleme mit unserem Produkt haben, wenden Sie sich f\u00fcr Ihre volle Zufriedenheit bitte direkt \u00fcber unser Schaufenster an uns.<br \/>\n<div class=\"main-cross-sell\" data-asin=\"B08H51GVGH\">\n\n\t<div class=\"WooZone-cross-sell-loader\">\n\t\t<div>\n\t\t\t<div id=\"floatingBarsG\">\n\t\t\t\t<div class=\"blockG\" id=\"rotateG_01\"><\/div>\n\t\t\t\t<div class=\"blockG\" id=\"rotateG_02\"><\/div>\n\t\t\t\t<div class=\"blockG\" id=\"rotateG_03\"><\/div>\n\t\t\t\t<div class=\"blockG\" id=\"rotateG_04\"><\/div>\n\t\t\t\t<div class=\"blockG\" id=\"rotateG_05\"><\/div>\n\t\t\t\t<div class=\"blockG\" id=\"rotateG_06\"><\/div>\n\t\t\t\t<div class=\"blockG\" id=\"rotateG_07\"><\/div>\n\t\t\t\t<div class=\"blockG\" id=\"rotateG_08\"><\/div>\n\t\t\t<\/div>\n\t\t\t<div class=\"WooZone-cross-sell-loader-text\"><\/div>\n\t\t<\/div>\n\t<\/div>\n\n\t\t\n<\/div>\n<div style=\"clear:both;\"><\/div><\/p>\n","protected":false},"excerpt":{"rendered":"<p>\ud83c\udf92 Kinderrucksack &amp; Pl\u00fcsch Dinosaurier Spielzeug: Kleiner kinderrucksack und kleine pl\u00fcschtiere f\u00fcr m\u00e4dchen &#8211; sch\u00f6ne geschenke f\u00fcr 3-j\u00e4hrige m\u00e4dchen, jungen, teenager; Dinosaurier stofftier &#8211; geschenke f\u00fcr kinder &#8211; l\u00e4ssig kinderrucksack &#8211; dinosaurier figuren<br \/>\n\ud83e\uddf8 Spielzeug f\u00fcr 3-j\u00e4hrige Jungen &amp; M\u00e4dchen: pl\u00fcschtier geschenke m\u00e4dchen 5 jahre, bestseller, spielzeug m\u00e4dchen 2 jahre, spielzeug f\u00fcr m\u00e4dchen im alter von 4 jahren, spielzeug f\u00fcr 5-j\u00e4hrige m\u00e4dchen, teenager. spielzeug f\u00fcr 4-j\u00e4hrige m\u00e4dchen geschenk<br \/>\n\u2708\ufe0f Reisen, Spielen &amp; Lernen: 2-5 jahre kinder gep\u00e4ck &#8211; ausgestopfter triceratops kuscheltiere f\u00fcr babys mit denim backpack f\u00fcr jungen, geschenke f\u00fcr 3-j\u00e4hrige m\u00e4dchen, jungen, kleinkind<\/p>\n","protected":false},"featured_media":223858,"comment_status":"open","ping_status":"closed","template":"","meta":[],"product_brand":[],"product_cat":[504,8631],"product_tag":[],"class_list":{"0":"post-223857","1":"product","2":"type-product","3":"status-publish","4":"has-post-thumbnail","6":"product_cat-buerobedarf-schreibwaren","7":"product_cat-schul-unibedarf","8":"pa_binding-unbekannter-einband","9":"pa_brand-naturally-kids","10":"pa_color-10-h-small-triceratops-pink","11":"pa_height-9-9999999898-zoll","12":"pa_length-7-99999999184-zoll","13":"pa_manufacturer-naturally-kids","14":"pa_model-bp1417a","15":"pa_size-small-backpack","16":"pa_weight-0-68749833631128-pounds","17":"pa_width-7-99999999184-zoll","19":"first","20":"instock","21":"shipping-taxable","22":"purchasable","23":"product-type-simple","24":"customify-col","25":"product-has-gallery"},"yoast_head":"<!-- This site is optimized with the Yoast SEO plugin v27.3 - https:\/\/yoast.com\/product\/yoast-seo-wordpress\/ -->\n<title>Naturally KIDS Triceratops Dinosaurier Spielzeug ab 2 jahre M\u00e4dchen, Geschenke M\u00e4dchen 2 jahre, Dinosaurier Kuscheltier - Markt-XXL<\/title>\n<meta name=\"description\" content=\"Markt-XXL Naturally KIDS Triceratops Dinosaurier Spielzeug ab 2 jahre M\u00e4dchen, Geschenke M\u00e4dchen 2 jahre, Dinosaurier Kuscheltier\" \/>\n<meta name=\"robots\" content=\"index, follow, max-snippet:-1, max-image-preview:large, max-video-preview:-1\" \/>\n<link rel=\"canonical\" href=\"https:\/\/marktxxl.de\/markt\/produkt\/naturally-kids-triceratops-dinosaurier-spielzeug-ab-2-jahre-maedchen-geschenke-maedchen-2-jahre-dinosaurier-kuscheltier\/\" \/>\n<meta property=\"og:locale\" content=\"de_DE\" \/>\n<meta property=\"og:type\" content=\"article\" \/>\n<meta property=\"og:title\" content=\"Naturally KIDS Triceratops Dinosaurier Spielzeug ab 2 jahre M\u00e4dchen, Geschenke M\u00e4dchen 2 jahre, Dinosaurier Kuscheltier - Markt-XXL\" \/>\n<meta property=\"og:description\" content=\"Markt-XXL Naturally KIDS Triceratops Dinosaurier Spielzeug ab 2 jahre M\u00e4dchen, Geschenke M\u00e4dchen 2 jahre, Dinosaurier Kuscheltier\" \/>\n<meta property=\"og:url\" content=\"https:\/\/marktxxl.de\/markt\/produkt\/naturally-kids-triceratops-dinosaurier-spielzeug-ab-2-jahre-maedchen-geschenke-maedchen-2-jahre-dinosaurier-kuscheltier\/\" \/>\n<meta property=\"og:site_name\" content=\"Markt-XXL\" \/>\n<meta name=\"twitter:card\" content=\"summary_large_image\" \/>\n<meta name=\"twitter:label1\" content=\"Gesch\u00e4tzte Lesezeit\" \/>\n\t<meta name=\"twitter:data1\" content=\"1\u00a0Minute\" \/>\n<script type=\"application\/ld+json\" class=\"yoast-schema-graph\">{\"@context\":\"https:\\\/\\\/schema.org\",\"@graph\":[{\"@type\":\"WebPage\",\"@id\":\"https:\\\/\\\/marktxxl.de\\\/markt\\\/produkt\\\/naturally-kids-triceratops-dinosaurier-spielzeug-ab-2-jahre-maedchen-geschenke-maedchen-2-jahre-dinosaurier-kuscheltier\\\/\",\"url\":\"https:\\\/\\\/marktxxl.de\\\/markt\\\/produkt\\\/naturally-kids-triceratops-dinosaurier-spielzeug-ab-2-jahre-maedchen-geschenke-maedchen-2-jahre-dinosaurier-kuscheltier\\\/\",\"name\":\"Naturally KIDS Triceratops Dinosaurier Spielzeug ab 2 jahre M\u00e4dchen, Geschenke M\u00e4dchen 2 jahre, Dinosaurier Kuscheltier - Markt-XXL\",\"isPartOf\":{\"@id\":\"https:\\\/\\\/marktxxl.de\\\/markt\\\/#website\"},\"primaryImageOfPage\":{\"@id\":\"https:\\\/\\\/marktxxl.de\\\/markt\\\/produkt\\\/naturally-kids-triceratops-dinosaurier-spielzeug-ab-2-jahre-maedchen-geschenke-maedchen-2-jahre-dinosaurier-kuscheltier\\\/#primaryimage\"},\"image\":{\"@id\":\"https:\\\/\\\/marktxxl.de\\\/markt\\\/produkt\\\/naturally-kids-triceratops-dinosaurier-spielzeug-ab-2-jahre-maedchen-geschenke-maedchen-2-jahre-dinosaurier-kuscheltier\\\/#primaryimage\"},\"thumbnailUrl\":\"https:\\\/\\\/m.media-amazon.com\\\/images\\\/I\\\/51uyW-C3I0L._SL500_.jpg\",\"datePublished\":\"2024-07-28T16:24:39+00:00\",\"description\":\"Markt-XXL Naturally KIDS Triceratops Dinosaurier Spielzeug ab 2 jahre M\u00e4dchen, Geschenke M\u00e4dchen 2 jahre, Dinosaurier Kuscheltier\",\"breadcrumb\":{\"@id\":\"https:\\\/\\\/marktxxl.de\\\/markt\\\/produkt\\\/naturally-kids-triceratops-dinosaurier-spielzeug-ab-2-jahre-maedchen-geschenke-maedchen-2-jahre-dinosaurier-kuscheltier\\\/#breadcrumb\"},\"inLanguage\":\"de\",\"potentialAction\":[{\"@type\":\"ReadAction\",\"target\":[\"https:\\\/\\\/marktxxl.de\\\/markt\\\/produkt\\\/naturally-kids-triceratops-dinosaurier-spielzeug-ab-2-jahre-maedchen-geschenke-maedchen-2-jahre-dinosaurier-kuscheltier\\\/\"]}]},{\"@type\":\"ImageObject\",\"inLanguage\":\"de\",\"@id\":\"https:\\\/\\\/marktxxl.de\\\/markt\\\/produkt\\\/naturally-kids-triceratops-dinosaurier-spielzeug-ab-2-jahre-maedchen-geschenke-maedchen-2-jahre-dinosaurier-kuscheltier\\\/#primaryimage\",\"url\":\"https:\\\/\\\/m.media-amazon.com\\\/images\\\/I\\\/51uyW-C3I0L._SL500_.jpg\",\"contentUrl\":\"https:\\\/\\\/m.media-amazon.com\\\/images\\\/I\\\/51uyW-C3I0L._SL500_.jpg\",\"width\":400,\"height\":500},{\"@type\":\"BreadcrumbList\",\"@id\":\"https:\\\/\\\/marktxxl.de\\\/markt\\\/produkt\\\/naturally-kids-triceratops-dinosaurier-spielzeug-ab-2-jahre-maedchen-geschenke-maedchen-2-jahre-dinosaurier-kuscheltier\\\/#breadcrumb\",\"itemListElement\":[{\"@type\":\"ListItem\",\"position\":1,\"name\":\"Startseite\",\"item\":\"https:\\\/\\\/marktxxl.de\\\/markt\\\/\"},{\"@type\":\"ListItem\",\"position\":2,\"name\":\"Markt\",\"item\":\"https:\\\/\\\/marktxxl.de\\\/markt\\\/\"},{\"@type\":\"ListItem\",\"position\":3,\"name\":\"Naturally KIDS Triceratops Dinosaurier Spielzeug ab 2 jahre M\u00e4dchen, Geschenke M\u00e4dchen 2 jahre, Dinosaurier Kuscheltier\"}]},{\"@type\":\"WebSite\",\"@id\":\"https:\\\/\\\/marktxxl.de\\\/markt\\\/#website\",\"url\":\"https:\\\/\\\/marktxxl.de\\\/markt\\\/\",\"name\":\"Markt-XXL\",\"description\":\"Ihr Markt Online\",\"publisher\":{\"@id\":\"https:\\\/\\\/marktxxl.de\\\/markt\\\/#organization\"},\"potentialAction\":[{\"@type\":\"SearchAction\",\"target\":{\"@type\":\"EntryPoint\",\"urlTemplate\":\"https:\\\/\\\/marktxxl.de\\\/markt\\\/?s={search_term_string}\"},\"query-input\":{\"@type\":\"PropertyValueSpecification\",\"valueRequired\":true,\"valueName\":\"search_term_string\"}}],\"inLanguage\":\"de\"},{\"@type\":\"Organization\",\"@id\":\"https:\\\/\\\/marktxxl.de\\\/markt\\\/#organization\",\"name\":\"Markt-XXL\",\"url\":\"https:\\\/\\\/marktxxl.de\\\/markt\\\/\",\"logo\":{\"@type\":\"ImageObject\",\"inLanguage\":\"de\",\"@id\":\"https:\\\/\\\/marktxxl.de\\\/markt\\\/#\\\/schema\\\/logo\\\/image\\\/\",\"url\":\"https:\\\/\\\/marktxxl.de\\\/markt\\\/wp-content\\\/uploads\\\/sites\\\/3\\\/2020\\\/12\\\/logo.png\",\"contentUrl\":\"https:\\\/\\\/marktxxl.de\\\/markt\\\/wp-content\\\/uploads\\\/sites\\\/3\\\/2020\\\/12\\\/logo.png\",\"width\":200,\"height\":70,\"caption\":\"Markt-XXL\"},\"image\":{\"@id\":\"https:\\\/\\\/marktxxl.de\\\/markt\\\/#\\\/schema\\\/logo\\\/image\\\/\"}}]}<\/script>\n<!-- \/ Yoast SEO plugin. -->","yoast_head_json":{"title":"Naturally KIDS Triceratops Dinosaurier Spielzeug ab 2 jahre M\u00e4dchen, Geschenke M\u00e4dchen 2 jahre, Dinosaurier Kuscheltier - Markt-XXL","description":"Markt-XXL Naturally KIDS Triceratops Dinosaurier Spielzeug ab 2 jahre M\u00e4dchen, Geschenke M\u00e4dchen 2 jahre, Dinosaurier Kuscheltier","robots":{"index":"index","follow":"follow","max-snippet":"max-snippet:-1","max-image-preview":"max-image-preview:large","max-video-preview":"max-video-preview:-1"},"canonical":"https:\/\/marktxxl.de\/markt\/produkt\/naturally-kids-triceratops-dinosaurier-spielzeug-ab-2-jahre-maedchen-geschenke-maedchen-2-jahre-dinosaurier-kuscheltier\/","og_locale":"de_DE","og_type":"article","og_title":"Naturally KIDS Triceratops Dinosaurier Spielzeug ab 2 jahre M\u00e4dchen, Geschenke M\u00e4dchen 2 jahre, Dinosaurier Kuscheltier - Markt-XXL","og_description":"Markt-XXL Naturally KIDS Triceratops Dinosaurier Spielzeug ab 2 jahre M\u00e4dchen, Geschenke M\u00e4dchen 2 jahre, Dinosaurier Kuscheltier","og_url":"https:\/\/marktxxl.de\/markt\/produkt\/naturally-kids-triceratops-dinosaurier-spielzeug-ab-2-jahre-maedchen-geschenke-maedchen-2-jahre-dinosaurier-kuscheltier\/","og_site_name":"Markt-XXL","twitter_card":"summary_large_image","twitter_misc":{"Gesch\u00e4tzte Lesezeit":"1\u00a0Minute"},"schema":{"@context":"https:\/\/schema.org","@graph":[{"@type":"WebPage","@id":"https:\/\/marktxxl.de\/markt\/produkt\/naturally-kids-triceratops-dinosaurier-spielzeug-ab-2-jahre-maedchen-geschenke-maedchen-2-jahre-dinosaurier-kuscheltier\/","url":"https:\/\/marktxxl.de\/markt\/produkt\/naturally-kids-triceratops-dinosaurier-spielzeug-ab-2-jahre-maedchen-geschenke-maedchen-2-jahre-dinosaurier-kuscheltier\/","name":"Naturally KIDS Triceratops Dinosaurier Spielzeug ab 2 jahre M\u00e4dchen, Geschenke M\u00e4dchen 2 jahre, Dinosaurier Kuscheltier - Markt-XXL","isPartOf":{"@id":"https:\/\/marktxxl.de\/markt\/#website"},"primaryImageOfPage":{"@id":"https:\/\/marktxxl.de\/markt\/produkt\/naturally-kids-triceratops-dinosaurier-spielzeug-ab-2-jahre-maedchen-geschenke-maedchen-2-jahre-dinosaurier-kuscheltier\/#primaryimage"},"image":{"@id":"https:\/\/marktxxl.de\/markt\/produkt\/naturally-kids-triceratops-dinosaurier-spielzeug-ab-2-jahre-maedchen-geschenke-maedchen-2-jahre-dinosaurier-kuscheltier\/#primaryimage"},"thumbnailUrl":"https:\/\/m.media-amazon.com\/images\/I\/51uyW-C3I0L._SL500_.jpg","datePublished":"2024-07-28T16:24:39+00:00","description":"Markt-XXL Naturally KIDS Triceratops Dinosaurier Spielzeug ab 2 jahre M\u00e4dchen, Geschenke M\u00e4dchen 2 jahre, Dinosaurier Kuscheltier","breadcrumb":{"@id":"https:\/\/marktxxl.de\/markt\/produkt\/naturally-kids-triceratops-dinosaurier-spielzeug-ab-2-jahre-maedchen-geschenke-maedchen-2-jahre-dinosaurier-kuscheltier\/#breadcrumb"},"inLanguage":"de","potentialAction":[{"@type":"ReadAction","target":["https:\/\/marktxxl.de\/markt\/produkt\/naturally-kids-triceratops-dinosaurier-spielzeug-ab-2-jahre-maedchen-geschenke-maedchen-2-jahre-dinosaurier-kuscheltier\/"]}]},{"@type":"ImageObject","inLanguage":"de","@id":"https:\/\/marktxxl.de\/markt\/produkt\/naturally-kids-triceratops-dinosaurier-spielzeug-ab-2-jahre-maedchen-geschenke-maedchen-2-jahre-dinosaurier-kuscheltier\/#primaryimage","url":"https:\/\/m.media-amazon.com\/images\/I\/51uyW-C3I0L._SL500_.jpg","contentUrl":"https:\/\/m.media-amazon.com\/images\/I\/51uyW-C3I0L._SL500_.jpg","width":400,"height":500},{"@type":"BreadcrumbList","@id":"https:\/\/marktxxl.de\/markt\/produkt\/naturally-kids-triceratops-dinosaurier-spielzeug-ab-2-jahre-maedchen-geschenke-maedchen-2-jahre-dinosaurier-kuscheltier\/#breadcrumb","itemListElement":[{"@type":"ListItem","position":1,"name":"Startseite","item":"https:\/\/marktxxl.de\/markt\/"},{"@type":"ListItem","position":2,"name":"Markt","item":"https:\/\/marktxxl.de\/markt\/"},{"@type":"ListItem","position":3,"name":"Naturally KIDS Triceratops Dinosaurier Spielzeug ab 2 jahre M\u00e4dchen, Geschenke M\u00e4dchen 2 jahre, Dinosaurier Kuscheltier"}]},{"@type":"WebSite","@id":"https:\/\/marktxxl.de\/markt\/#website","url":"https:\/\/marktxxl.de\/markt\/","name":"Markt-XXL","description":"Ihr Markt Online","publisher":{"@id":"https:\/\/marktxxl.de\/markt\/#organization"},"potentialAction":[{"@type":"SearchAction","target":{"@type":"EntryPoint","urlTemplate":"https:\/\/marktxxl.de\/markt\/?s={search_term_string}"},"query-input":{"@type":"PropertyValueSpecification","valueRequired":true,"valueName":"search_term_string"}}],"inLanguage":"de"},{"@type":"Organization","@id":"https:\/\/marktxxl.de\/markt\/#organization","name":"Markt-XXL","url":"https:\/\/marktxxl.de\/markt\/","logo":{"@type":"ImageObject","inLanguage":"de","@id":"https:\/\/marktxxl.de\/markt\/#\/schema\/logo\/image\/","url":"https:\/\/marktxxl.de\/markt\/wp-content\/uploads\/sites\/3\/2020\/12\/logo.png","contentUrl":"https:\/\/marktxxl.de\/markt\/wp-content\/uploads\/sites\/3\/2020\/12\/logo.png","width":200,"height":70,"caption":"Markt-XXL"},"image":{"@id":"https:\/\/marktxxl.de\/markt\/#\/schema\/logo\/image\/"}}]}},"_links":{"self":[{"href":"https:\/\/marktxxl.de\/markt\/wp-json\/wp\/v2\/product\/223857","targetHints":{"allow":["GET"]}}],"collection":[{"href":"https:\/\/marktxxl.de\/markt\/wp-json\/wp\/v2\/product"}],"about":[{"href":"https:\/\/marktxxl.de\/markt\/wp-json\/wp\/v2\/types\/product"}],"replies":[{"embeddable":true,"href":"https:\/\/marktxxl.de\/markt\/wp-json\/wp\/v2\/comments?post=223857"}],"wp:featuredmedia":[{"embeddable":true,"href":"https:\/\/marktxxl.de\/markt\/wp-json\/wp\/v2\/media\/223858"}],"wp:attachment":[{"href":"https:\/\/marktxxl.de\/markt\/wp-json\/wp\/v2\/media?parent=223857"}],"wp:term":[{"taxonomy":"product_brand","embeddable":true,"href":"https:\/\/marktxxl.de\/markt\/wp-json\/wp\/v2\/product_brand?post=223857"},{"taxonomy":"product_cat","embeddable":true,"href":"https:\/\/marktxxl.de\/markt\/wp-json\/wp\/v2\/product_cat?post=223857"},{"taxonomy":"product_tag","embeddable":true,"href":"https:\/\/marktxxl.de\/markt\/wp-json\/wp\/v2\/product_tag?post=223857"}],"curies":[{"name":"wp","href":"https:\/\/api.w.org\/{rel}","templated":true}]}}