{"id":223832,"date":"2024-07-28T18:24:18","date_gmt":"2024-07-28T16:24:18","guid":{"rendered":"https:\/\/marktxxl.de\/markt\/produkt\/architectural-scale-ruler-12-aluminum-architect-scale-triangular-scale-scale-ruler-for-blueprint-triangle-ruler-drafting-ruler-architect-ruler-metal-scale-ruler-architecture-ruler\/"},"modified":"2024-07-28T18:24:18","modified_gmt":"2024-07-28T16:24:18","slug":"architectural-scale-ruler-12-aluminum-architect-scale-triangular-scale-scale-ruler-for-blueprint-triangle-ruler-drafting-ruler-architect-ruler-metal-scale-ruler-architecture-ruler","status":"publish","type":"product","link":"https:\/\/marktxxl.de\/markt\/produkt\/architectural-scale-ruler-12-aluminum-architect-scale-triangular-scale-scale-ruler-for-blueprint-triangle-ruler-drafting-ruler-architect-ruler-metal-scale-ruler-architecture-ruler\/","title":{"rendered":"Architectural Scale Ruler, 12&#8242; Aluminum Architect Scale, Triangular Scale, Scale Ruler for Blueprint, Triangle Ruler, Drafting Ruler, Architect Ruler, Metal Scale Ruler, Architecture Ruler"},"content":{"rendered":"<p>30,5 cm dreieckige Architektenskala, die das Zeichnen und Messen von architektonischen Zeichnungen wie Grundrissen, blauen Drucken und orthografischen Projektionen erleichtert<br \/>\nDreieckiges Lineal mit 3 Seiten mit 6 verschiedenen Skalen und aus schlagfestem Aluminium, langlebig<br \/>\nLaserge\u00e4tzte Skalen, die nie verblassen. Architektenlineal mit langlebigen, lasergeschnittenen imperialen Drucken f\u00fcr Genauigkeit. Sie werden nie abwischen oder zerkratzen<br \/>\nProfessionelle Qualit\u00e4t f\u00fcr h\u00f6chste Genauigkeit, farbcodierte dreieckige Skala f\u00fcr einfache und schnelle Auswahl der gew\u00fcnschten Skala<br \/>\nStandard imperiale Ma\u00dfe: 1-1\/2, 1, 3\/4, 3\/8, 3\/16, 3\/32, 1\/2, 1\/4, 1\/8, 3, 16<br \/>\n<div class=\"main-cross-sell\" data-asin=\"B0BR62M28J\">\n\n\t<div class=\"WooZone-cross-sell-loader\">\n\t\t<div>\n\t\t\t<div id=\"floatingBarsG\">\n\t\t\t\t<div class=\"blockG\" id=\"rotateG_01\"><\/div>\n\t\t\t\t<div class=\"blockG\" id=\"rotateG_02\"><\/div>\n\t\t\t\t<div class=\"blockG\" id=\"rotateG_03\"><\/div>\n\t\t\t\t<div class=\"blockG\" id=\"rotateG_04\"><\/div>\n\t\t\t\t<div class=\"blockG\" id=\"rotateG_05\"><\/div>\n\t\t\t\t<div class=\"blockG\" id=\"rotateG_06\"><\/div>\n\t\t\t\t<div class=\"blockG\" id=\"rotateG_07\"><\/div>\n\t\t\t\t<div class=\"blockG\" id=\"rotateG_08\"><\/div>\n\t\t\t<\/div>\n\t\t\t<div class=\"WooZone-cross-sell-loader-text\"><\/div>\n\t\t<\/div>\n\t<\/div>\n\n\t\t\n<\/div>\n<div style=\"clear:both;\"><\/div><\/p>\n","protected":false},"excerpt":{"rendered":"<p>30,5 cm dreieckige Architektenskala, die das Zeichnen und Messen von architektonischen Zeichnungen wie Grundrissen, blauen Drucken und orthografischen Projektionen erleichtert<br \/>\nDreieckiges Lineal mit 3 Seiten mit 6 verschiedenen Skalen und aus schlagfestem Aluminium, langlebig<br \/>\nLaserge\u00e4tzte Skalen, die nie verblassen. Architektenlineal mit langlebigen, lasergeschnittenen imperialen Drucken f\u00fcr Genauigkeit. Sie werden nie abwischen oder zerkratzen<\/p>\n","protected":false},"featured_media":223833,"comment_status":"open","ping_status":"closed","template":"","meta":[],"product_brand":[],"product_cat":[504,8631],"product_tag":[],"class_list":{"0":"post-223832","1":"product","2":"type-product","3":"status-publish","4":"has-post-thumbnail","6":"product_cat-buerobedarf-schreibwaren","7":"product_cat-schul-unibedarf","8":"pa_brand-rena-chris","9":"pa_manufacturer-thl-1","11":"first","12":"instock","13":"shipping-taxable","14":"product-type-simple","15":"customify-col","16":"product-has-gallery"},"yoast_head":"<!-- This site is optimized with the Yoast SEO plugin v27.3 - https:\/\/yoast.com\/product\/yoast-seo-wordpress\/ -->\n<title>Architectural Scale Ruler, 12&#039; Aluminum Architect Scale, Triangular Scale, Scale Ruler for Blueprint, Triangle Ruler, Drafting Ruler, Architect Ruler, Metal Scale Ruler, Architecture Ruler - Markt-XXL<\/title>\n<meta name=\"description\" content=\"Markt-XXL Architectural Scale Ruler, 12&#039; Aluminum Architect Scale, Triangular Scale, Scale Ruler for Blueprint, Triangle Ruler, Drafting Ruler, Architect Ruler, Metal Scale Ruler, Architecture Ruler\" \/>\n<meta name=\"robots\" content=\"index, follow, max-snippet:-1, max-image-preview:large, max-video-preview:-1\" \/>\n<link rel=\"canonical\" href=\"https:\/\/marktxxl.de\/markt\/produkt\/architectural-scale-ruler-12-aluminum-architect-scale-triangular-scale-scale-ruler-for-blueprint-triangle-ruler-drafting-ruler-architect-ruler-metal-scale-ruler-architecture-ruler\/\" \/>\n<meta property=\"og:locale\" content=\"de_DE\" \/>\n<meta property=\"og:type\" content=\"article\" \/>\n<meta property=\"og:title\" content=\"Architectural Scale Ruler, 12&#039; Aluminum Architect Scale, Triangular Scale, Scale Ruler for Blueprint, Triangle Ruler, Drafting Ruler, Architect Ruler, Metal Scale Ruler, Architecture Ruler - Markt-XXL\" \/>\n<meta property=\"og:description\" content=\"Markt-XXL Architectural Scale Ruler, 12&#039; Aluminum Architect Scale, Triangular Scale, Scale Ruler for Blueprint, Triangle Ruler, Drafting Ruler, Architect Ruler, Metal Scale Ruler, Architecture Ruler\" \/>\n<meta property=\"og:url\" content=\"https:\/\/marktxxl.de\/markt\/produkt\/architectural-scale-ruler-12-aluminum-architect-scale-triangular-scale-scale-ruler-for-blueprint-triangle-ruler-drafting-ruler-architect-ruler-metal-scale-ruler-architecture-ruler\/\" \/>\n<meta property=\"og:site_name\" content=\"Markt-XXL\" \/>\n<meta name=\"twitter:card\" content=\"summary_large_image\" \/>\n<script type=\"application\/ld+json\" class=\"yoast-schema-graph\">{\"@context\":\"https:\\\/\\\/schema.org\",\"@graph\":[{\"@type\":\"WebPage\",\"@id\":\"https:\\\/\\\/marktxxl.de\\\/markt\\\/produkt\\\/architectural-scale-ruler-12-aluminum-architect-scale-triangular-scale-scale-ruler-for-blueprint-triangle-ruler-drafting-ruler-architect-ruler-metal-scale-ruler-architecture-ruler\\\/\",\"url\":\"https:\\\/\\\/marktxxl.de\\\/markt\\\/produkt\\\/architectural-scale-ruler-12-aluminum-architect-scale-triangular-scale-scale-ruler-for-blueprint-triangle-ruler-drafting-ruler-architect-ruler-metal-scale-ruler-architecture-ruler\\\/\",\"name\":\"Architectural Scale Ruler, 12' Aluminum Architect Scale, Triangular Scale, Scale Ruler for Blueprint, Triangle Ruler, Drafting Ruler, Architect Ruler, Metal Scale Ruler, Architecture Ruler - Markt-XXL\",\"isPartOf\":{\"@id\":\"https:\\\/\\\/marktxxl.de\\\/markt\\\/#website\"},\"primaryImageOfPage\":{\"@id\":\"https:\\\/\\\/marktxxl.de\\\/markt\\\/produkt\\\/architectural-scale-ruler-12-aluminum-architect-scale-triangular-scale-scale-ruler-for-blueprint-triangle-ruler-drafting-ruler-architect-ruler-metal-scale-ruler-architecture-ruler\\\/#primaryimage\"},\"image\":{\"@id\":\"https:\\\/\\\/marktxxl.de\\\/markt\\\/produkt\\\/architectural-scale-ruler-12-aluminum-architect-scale-triangular-scale-scale-ruler-for-blueprint-triangle-ruler-drafting-ruler-architect-ruler-metal-scale-ruler-architecture-ruler\\\/#primaryimage\"},\"thumbnailUrl\":\"https:\\\/\\\/m.media-amazon.com\\\/images\\\/I\\\/4149pwHRX0L._SL500_.jpg\",\"datePublished\":\"2024-07-28T16:24:18+00:00\",\"description\":\"Markt-XXL Architectural Scale Ruler, 12' Aluminum Architect Scale, Triangular Scale, Scale Ruler for Blueprint, Triangle Ruler, Drafting Ruler, Architect Ruler, Metal Scale Ruler, Architecture Ruler\",\"breadcrumb\":{\"@id\":\"https:\\\/\\\/marktxxl.de\\\/markt\\\/produkt\\\/architectural-scale-ruler-12-aluminum-architect-scale-triangular-scale-scale-ruler-for-blueprint-triangle-ruler-drafting-ruler-architect-ruler-metal-scale-ruler-architecture-ruler\\\/#breadcrumb\"},\"inLanguage\":\"de\",\"potentialAction\":[{\"@type\":\"ReadAction\",\"target\":[\"https:\\\/\\\/marktxxl.de\\\/markt\\\/produkt\\\/architectural-scale-ruler-12-aluminum-architect-scale-triangular-scale-scale-ruler-for-blueprint-triangle-ruler-drafting-ruler-architect-ruler-metal-scale-ruler-architecture-ruler\\\/\"]}]},{\"@type\":\"ImageObject\",\"inLanguage\":\"de\",\"@id\":\"https:\\\/\\\/marktxxl.de\\\/markt\\\/produkt\\\/architectural-scale-ruler-12-aluminum-architect-scale-triangular-scale-scale-ruler-for-blueprint-triangle-ruler-drafting-ruler-architect-ruler-metal-scale-ruler-architecture-ruler\\\/#primaryimage\",\"url\":\"https:\\\/\\\/m.media-amazon.com\\\/images\\\/I\\\/4149pwHRX0L._SL500_.jpg\",\"contentUrl\":\"https:\\\/\\\/m.media-amazon.com\\\/images\\\/I\\\/4149pwHRX0L._SL500_.jpg\",\"width\":500,\"height\":500},{\"@type\":\"BreadcrumbList\",\"@id\":\"https:\\\/\\\/marktxxl.de\\\/markt\\\/produkt\\\/architectural-scale-ruler-12-aluminum-architect-scale-triangular-scale-scale-ruler-for-blueprint-triangle-ruler-drafting-ruler-architect-ruler-metal-scale-ruler-architecture-ruler\\\/#breadcrumb\",\"itemListElement\":[{\"@type\":\"ListItem\",\"position\":1,\"name\":\"Startseite\",\"item\":\"https:\\\/\\\/marktxxl.de\\\/markt\\\/\"},{\"@type\":\"ListItem\",\"position\":2,\"name\":\"Markt\",\"item\":\"https:\\\/\\\/marktxxl.de\\\/markt\\\/\"},{\"@type\":\"ListItem\",\"position\":3,\"name\":\"Architectural Scale Ruler, 12&#8242; Aluminum Architect Scale, Triangular Scale, Scale Ruler for Blueprint, Triangle Ruler, Drafting Ruler, Architect Ruler, Metal Scale Ruler, Architecture Ruler\"}]},{\"@type\":\"WebSite\",\"@id\":\"https:\\\/\\\/marktxxl.de\\\/markt\\\/#website\",\"url\":\"https:\\\/\\\/marktxxl.de\\\/markt\\\/\",\"name\":\"Markt-XXL\",\"description\":\"Ihr Markt Online\",\"publisher\":{\"@id\":\"https:\\\/\\\/marktxxl.de\\\/markt\\\/#organization\"},\"potentialAction\":[{\"@type\":\"SearchAction\",\"target\":{\"@type\":\"EntryPoint\",\"urlTemplate\":\"https:\\\/\\\/marktxxl.de\\\/markt\\\/?s={search_term_string}\"},\"query-input\":{\"@type\":\"PropertyValueSpecification\",\"valueRequired\":true,\"valueName\":\"search_term_string\"}}],\"inLanguage\":\"de\"},{\"@type\":\"Organization\",\"@id\":\"https:\\\/\\\/marktxxl.de\\\/markt\\\/#organization\",\"name\":\"Markt-XXL\",\"url\":\"https:\\\/\\\/marktxxl.de\\\/markt\\\/\",\"logo\":{\"@type\":\"ImageObject\",\"inLanguage\":\"de\",\"@id\":\"https:\\\/\\\/marktxxl.de\\\/markt\\\/#\\\/schema\\\/logo\\\/image\\\/\",\"url\":\"https:\\\/\\\/marktxxl.de\\\/markt\\\/wp-content\\\/uploads\\\/sites\\\/3\\\/2020\\\/12\\\/logo.png\",\"contentUrl\":\"https:\\\/\\\/marktxxl.de\\\/markt\\\/wp-content\\\/uploads\\\/sites\\\/3\\\/2020\\\/12\\\/logo.png\",\"width\":200,\"height\":70,\"caption\":\"Markt-XXL\"},\"image\":{\"@id\":\"https:\\\/\\\/marktxxl.de\\\/markt\\\/#\\\/schema\\\/logo\\\/image\\\/\"}}]}<\/script>\n<!-- \/ Yoast SEO plugin. -->","yoast_head_json":{"title":"Architectural Scale Ruler, 12' Aluminum Architect Scale, Triangular Scale, Scale Ruler for Blueprint, Triangle Ruler, Drafting Ruler, Architect Ruler, Metal Scale Ruler, Architecture Ruler - Markt-XXL","description":"Markt-XXL Architectural Scale Ruler, 12' Aluminum Architect Scale, Triangular Scale, Scale Ruler for Blueprint, Triangle Ruler, Drafting Ruler, Architect Ruler, Metal Scale Ruler, Architecture Ruler","robots":{"index":"index","follow":"follow","max-snippet":"max-snippet:-1","max-image-preview":"max-image-preview:large","max-video-preview":"max-video-preview:-1"},"canonical":"https:\/\/marktxxl.de\/markt\/produkt\/architectural-scale-ruler-12-aluminum-architect-scale-triangular-scale-scale-ruler-for-blueprint-triangle-ruler-drafting-ruler-architect-ruler-metal-scale-ruler-architecture-ruler\/","og_locale":"de_DE","og_type":"article","og_title":"Architectural Scale Ruler, 12' Aluminum Architect Scale, Triangular Scale, Scale Ruler for Blueprint, Triangle Ruler, Drafting Ruler, Architect Ruler, Metal Scale Ruler, Architecture Ruler - Markt-XXL","og_description":"Markt-XXL Architectural Scale Ruler, 12' Aluminum Architect Scale, Triangular Scale, Scale Ruler for Blueprint, Triangle Ruler, Drafting Ruler, Architect Ruler, Metal Scale Ruler, Architecture Ruler","og_url":"https:\/\/marktxxl.de\/markt\/produkt\/architectural-scale-ruler-12-aluminum-architect-scale-triangular-scale-scale-ruler-for-blueprint-triangle-ruler-drafting-ruler-architect-ruler-metal-scale-ruler-architecture-ruler\/","og_site_name":"Markt-XXL","twitter_card":"summary_large_image","schema":{"@context":"https:\/\/schema.org","@graph":[{"@type":"WebPage","@id":"https:\/\/marktxxl.de\/markt\/produkt\/architectural-scale-ruler-12-aluminum-architect-scale-triangular-scale-scale-ruler-for-blueprint-triangle-ruler-drafting-ruler-architect-ruler-metal-scale-ruler-architecture-ruler\/","url":"https:\/\/marktxxl.de\/markt\/produkt\/architectural-scale-ruler-12-aluminum-architect-scale-triangular-scale-scale-ruler-for-blueprint-triangle-ruler-drafting-ruler-architect-ruler-metal-scale-ruler-architecture-ruler\/","name":"Architectural Scale Ruler, 12' Aluminum Architect Scale, Triangular Scale, Scale Ruler for Blueprint, Triangle Ruler, Drafting Ruler, Architect Ruler, Metal Scale Ruler, Architecture Ruler - Markt-XXL","isPartOf":{"@id":"https:\/\/marktxxl.de\/markt\/#website"},"primaryImageOfPage":{"@id":"https:\/\/marktxxl.de\/markt\/produkt\/architectural-scale-ruler-12-aluminum-architect-scale-triangular-scale-scale-ruler-for-blueprint-triangle-ruler-drafting-ruler-architect-ruler-metal-scale-ruler-architecture-ruler\/#primaryimage"},"image":{"@id":"https:\/\/marktxxl.de\/markt\/produkt\/architectural-scale-ruler-12-aluminum-architect-scale-triangular-scale-scale-ruler-for-blueprint-triangle-ruler-drafting-ruler-architect-ruler-metal-scale-ruler-architecture-ruler\/#primaryimage"},"thumbnailUrl":"https:\/\/m.media-amazon.com\/images\/I\/4149pwHRX0L._SL500_.jpg","datePublished":"2024-07-28T16:24:18+00:00","description":"Markt-XXL Architectural Scale Ruler, 12' Aluminum Architect Scale, Triangular Scale, Scale Ruler for Blueprint, Triangle Ruler, Drafting Ruler, Architect Ruler, Metal Scale Ruler, Architecture Ruler","breadcrumb":{"@id":"https:\/\/marktxxl.de\/markt\/produkt\/architectural-scale-ruler-12-aluminum-architect-scale-triangular-scale-scale-ruler-for-blueprint-triangle-ruler-drafting-ruler-architect-ruler-metal-scale-ruler-architecture-ruler\/#breadcrumb"},"inLanguage":"de","potentialAction":[{"@type":"ReadAction","target":["https:\/\/marktxxl.de\/markt\/produkt\/architectural-scale-ruler-12-aluminum-architect-scale-triangular-scale-scale-ruler-for-blueprint-triangle-ruler-drafting-ruler-architect-ruler-metal-scale-ruler-architecture-ruler\/"]}]},{"@type":"ImageObject","inLanguage":"de","@id":"https:\/\/marktxxl.de\/markt\/produkt\/architectural-scale-ruler-12-aluminum-architect-scale-triangular-scale-scale-ruler-for-blueprint-triangle-ruler-drafting-ruler-architect-ruler-metal-scale-ruler-architecture-ruler\/#primaryimage","url":"https:\/\/m.media-amazon.com\/images\/I\/4149pwHRX0L._SL500_.jpg","contentUrl":"https:\/\/m.media-amazon.com\/images\/I\/4149pwHRX0L._SL500_.jpg","width":500,"height":500},{"@type":"BreadcrumbList","@id":"https:\/\/marktxxl.de\/markt\/produkt\/architectural-scale-ruler-12-aluminum-architect-scale-triangular-scale-scale-ruler-for-blueprint-triangle-ruler-drafting-ruler-architect-ruler-metal-scale-ruler-architecture-ruler\/#breadcrumb","itemListElement":[{"@type":"ListItem","position":1,"name":"Startseite","item":"https:\/\/marktxxl.de\/markt\/"},{"@type":"ListItem","position":2,"name":"Markt","item":"https:\/\/marktxxl.de\/markt\/"},{"@type":"ListItem","position":3,"name":"Architectural Scale Ruler, 12&#8242; Aluminum Architect Scale, Triangular Scale, Scale Ruler for Blueprint, Triangle Ruler, Drafting Ruler, Architect Ruler, Metal Scale Ruler, Architecture Ruler"}]},{"@type":"WebSite","@id":"https:\/\/marktxxl.de\/markt\/#website","url":"https:\/\/marktxxl.de\/markt\/","name":"Markt-XXL","description":"Ihr Markt Online","publisher":{"@id":"https:\/\/marktxxl.de\/markt\/#organization"},"potentialAction":[{"@type":"SearchAction","target":{"@type":"EntryPoint","urlTemplate":"https:\/\/marktxxl.de\/markt\/?s={search_term_string}"},"query-input":{"@type":"PropertyValueSpecification","valueRequired":true,"valueName":"search_term_string"}}],"inLanguage":"de"},{"@type":"Organization","@id":"https:\/\/marktxxl.de\/markt\/#organization","name":"Markt-XXL","url":"https:\/\/marktxxl.de\/markt\/","logo":{"@type":"ImageObject","inLanguage":"de","@id":"https:\/\/marktxxl.de\/markt\/#\/schema\/logo\/image\/","url":"https:\/\/marktxxl.de\/markt\/wp-content\/uploads\/sites\/3\/2020\/12\/logo.png","contentUrl":"https:\/\/marktxxl.de\/markt\/wp-content\/uploads\/sites\/3\/2020\/12\/logo.png","width":200,"height":70,"caption":"Markt-XXL"},"image":{"@id":"https:\/\/marktxxl.de\/markt\/#\/schema\/logo\/image\/"}}]}},"_links":{"self":[{"href":"https:\/\/marktxxl.de\/markt\/wp-json\/wp\/v2\/product\/223832","targetHints":{"allow":["GET"]}}],"collection":[{"href":"https:\/\/marktxxl.de\/markt\/wp-json\/wp\/v2\/product"}],"about":[{"href":"https:\/\/marktxxl.de\/markt\/wp-json\/wp\/v2\/types\/product"}],"replies":[{"embeddable":true,"href":"https:\/\/marktxxl.de\/markt\/wp-json\/wp\/v2\/comments?post=223832"}],"wp:featuredmedia":[{"embeddable":true,"href":"https:\/\/marktxxl.de\/markt\/wp-json\/wp\/v2\/media\/223833"}],"wp:attachment":[{"href":"https:\/\/marktxxl.de\/markt\/wp-json\/wp\/v2\/media?parent=223832"}],"wp:term":[{"taxonomy":"product_brand","embeddable":true,"href":"https:\/\/marktxxl.de\/markt\/wp-json\/wp\/v2\/product_brand?post=223832"},{"taxonomy":"product_cat","embeddable":true,"href":"https:\/\/marktxxl.de\/markt\/wp-json\/wp\/v2\/product_cat?post=223832"},{"taxonomy":"product_tag","embeddable":true,"href":"https:\/\/marktxxl.de\/markt\/wp-json\/wp\/v2\/product_tag?post=223832"}],"curies":[{"name":"wp","href":"https:\/\/api.w.org\/{rel}","templated":true}]}}