{"id":223786,"date":"2024-07-28T18:20:11","date_gmt":"2024-07-28T16:20:11","guid":{"rendered":"https:\/\/marktxxl.de\/markt\/produkt\/mygreen-vorschulrucksack-little-kid-rucksaecke-fuer-jungen-und-maedchen-mit-brustgurt-truck-blau-small-modern-enganliegend\/"},"modified":"2024-07-28T18:20:11","modified_gmt":"2024-07-28T16:20:11","slug":"mygreen-vorschulrucksack-little-kid-rucksaecke-fuer-jungen-und-maedchen-mit-brustgurt-truck-blau-small-modern-enganliegend","status":"publish","type":"product","link":"https:\/\/marktxxl.de\/markt\/produkt\/mygreen-vorschulrucksack-little-kid-rucksaecke-fuer-jungen-und-maedchen-mit-brustgurt-truck-blau-small-modern-enganliegend\/","title":{"rendered":"mygreen Vorschulrucksack, Little Kid Rucks\u00e4cke f\u00fcr Jungen und M\u00e4dchen mit Brustgurt, Truck Blau, Small, modern\/enganliegend"},"content":{"rendered":"<p>Einzigartiges Design: Super s\u00fc\u00dfer Rucksack mit Tierdruck, modisch, leicht, weich und bunt, ein perfektes Geschenk f\u00fcr Ihre Kinder. Attraktiver Fuchs, Igel, Eichh\u00f6rnchen, Dinosaurier, Flugzeug, Seestern, Schildkr\u00f6te, Krabbe, Unkrautmuster, die es wirklich attraktiv machen. Kinder werden es lieben, es zu nehmen.<br \/>\nEinfach zu organisieren: Der Vorschulrucksack verf\u00fcgt \u00fcber leicht zu \u00f6ffnende und zu schlie\u00dfende Rei\u00dfverschl\u00fcsse, eine Haupttasche mit Rei\u00dfverschluss, zwei Seitentaschen f\u00fcr Wasser und Mikrofon, obere Schlaufen f\u00fcr andere Tragem\u00f6glichkeiten. Glatte SBS-Rei\u00dfverschl\u00fcsse f\u00fcr die kleinen Kinder zum einfachen \u00d6ffnen und Schlie\u00dfen. Die abnehmbare M\u00fcnzb\u00f6rse zum Aufbewahren von kleinen Snacks oder M\u00fcnzen.<br \/>\nGro\u00dfe Kapazit\u00e4t: 27 x 11 x 37 cm (B x T x H), wiegt 0,44 kg. Fassungsverm\u00f6gen: 11 l. Innenteiler passt auf das A4-Tablet, Aktivit\u00e4tsb\u00fccher usw. H\u00e4lt eine Lunch-Tasche, zwei kleine Notizb\u00fccher, zwei B\u00fccher und eine Wasserflasche. Es war eine praktische M\u00f6glichkeit, ihre Sachen (Zeitschriften, B\u00fccher, gesammelte Sch\u00e4tze usw.) aufzubewahren. organisiert.<br \/>\nLEICHT: Der Kleinkind-Rucksack besteht aus strapazierf\u00e4higem, wasserabweisendem Polyester, das leicht und leicht zu reinigen ist. Der Kinderrucksack ist perfekt f\u00fcr Kleinkinder, die in die Vorschule gehen oder spielen. Verstellbarer Brustgurt stabilisiert die Belastung w\u00e4hrend der gesamten Aktivit\u00e4ten.<br \/>\nAltersempfehlung: Es ist perfekt f\u00fcr Kinder ab 3 Jahren. Geeignet f\u00fcr alle Gelegenheiten, wie einen Ausflug in den Zoo, zum Spielen im Park oder andere Outdoor-Aktivit\u00e4ten. Dieser entz\u00fcckende kleine Rucksack mit bunten und sch\u00f6nen Mustern in verschiedenen Farben ist ein perfektes Geschenk f\u00fcr die lieben Kinder.<br \/>\n<div class=\"main-cross-sell\" data-asin=\"B09NLNHQ2V\">\n\n\t<div class=\"WooZone-cross-sell-loader\">\n\t\t<div>\n\t\t\t<div id=\"floatingBarsG\">\n\t\t\t\t<div class=\"blockG\" id=\"rotateG_01\"><\/div>\n\t\t\t\t<div class=\"blockG\" id=\"rotateG_02\"><\/div>\n\t\t\t\t<div class=\"blockG\" id=\"rotateG_03\"><\/div>\n\t\t\t\t<div class=\"blockG\" id=\"rotateG_04\"><\/div>\n\t\t\t\t<div class=\"blockG\" id=\"rotateG_05\"><\/div>\n\t\t\t\t<div class=\"blockG\" id=\"rotateG_06\"><\/div>\n\t\t\t\t<div class=\"blockG\" id=\"rotateG_07\"><\/div>\n\t\t\t\t<div class=\"blockG\" id=\"rotateG_08\"><\/div>\n\t\t\t<\/div>\n\t\t\t<div class=\"WooZone-cross-sell-loader-text\"><\/div>\n\t\t<\/div>\n\t<\/div>\n\n\t\t\n<\/div>\n<div style=\"clear:both;\"><\/div><\/p>\n","protected":false},"excerpt":{"rendered":"<p>Einzigartiges Design: Super s\u00fc\u00dfer Rucksack mit Tierdruck, modisch, leicht, weich und bunt, ein perfektes Geschenk f\u00fcr Ihre Kinder. Attraktiver Fuchs, Igel, Eichh\u00f6rnchen, Dinosaurier, Flugzeug, Seestern, Schildkr\u00f6te, Krabbe, Unkrautmuster, die es wirklich attraktiv machen. Kinder werden es lieben, es zu nehmen.<br \/>\nEinfach zu organisieren: Der Vorschulrucksack verf\u00fcgt \u00fcber leicht zu \u00f6ffnende und zu schlie\u00dfende Rei\u00dfverschl\u00fcsse, eine Haupttasche mit Rei\u00dfverschluss, zwei Seitentaschen f\u00fcr Wasser und Mikrofon, obere Schlaufen f\u00fcr andere Tragem\u00f6glichkeiten. Glatte SBS-Rei\u00dfverschl\u00fcsse f\u00fcr die kleinen Kinder zum einfachen \u00d6ffnen und Schlie\u00dfen. Die abnehmbare M\u00fcnzb\u00f6rse zum Aufbewahren von kleinen Snacks oder M\u00fcnzen.<br \/>\nGro\u00dfe Kapazit\u00e4t: 27 x 11 x 37 cm (B x T x H), wiegt 0,44 kg. Fassungsverm\u00f6gen: 11 l. Innenteiler passt auf das A4-Tablet, Aktivit\u00e4tsb\u00fccher usw. H\u00e4lt eine Lunch-Tasche, zwei kleine Notizb\u00fccher, zwei B\u00fccher und eine Wasserflasche. Es war eine praktische M\u00f6glichkeit, ihre Sachen (Zeitschriften, B\u00fccher, gesammelte Sch\u00e4tze usw.) aufzubewahren. organisiert.<\/p>\n","protected":false},"featured_media":223787,"comment_status":"open","ping_status":"closed","template":"","meta":[],"product_brand":[],"product_cat":[504,8631],"product_tag":[],"class_list":{"0":"post-223786","1":"product","2":"type-product","3":"status-publish","4":"has-post-thumbnail","6":"product_cat-buerobedarf-schreibwaren","7":"product_cat-schul-unibedarf","8":"pa_binding-unbekannter-einband","9":"pa_brand-mygreen","10":"pa_color-truck-blau","11":"pa_height-14-6-zoll","12":"pa_length-10-6-zoll","13":"pa_manufacturer-mygreen-trade","14":"pa_model-mg815ztbl","15":"pa_size-s","16":"pa_weight-0-97-pounds","17":"pa_width-4-3-zoll","19":"first","20":"instock","21":"shipping-taxable","22":"purchasable","23":"product-type-simple","24":"customify-col","25":"product-has-gallery"},"yoast_head":"<!-- This site is optimized with the Yoast SEO plugin v27.4 - https:\/\/yoast.com\/product\/yoast-seo-wordpress\/ -->\n<title>mygreen Vorschulrucksack, Little Kid Rucks\u00e4cke f\u00fcr Jungen und M\u00e4dchen mit Brustgurt, Truck Blau, Small, modern\/enganliegend - Markt-XXL<\/title>\n<meta name=\"description\" content=\"Markt-XXL mygreen Vorschulrucksack, Little Kid Rucks\u00e4cke f\u00fcr Jungen und M\u00e4dchen mit Brustgurt, Truck Blau, Small, modern\/enganliegend\" \/>\n<meta name=\"robots\" content=\"index, follow, max-snippet:-1, max-image-preview:large, max-video-preview:-1\" \/>\n<link rel=\"canonical\" href=\"https:\/\/marktxxl.de\/markt\/produkt\/mygreen-vorschulrucksack-little-kid-rucksaecke-fuer-jungen-und-maedchen-mit-brustgurt-truck-blau-small-modern-enganliegend\/\" \/>\n<meta property=\"og:locale\" content=\"de_DE\" \/>\n<meta property=\"og:type\" content=\"article\" \/>\n<meta property=\"og:title\" content=\"mygreen Vorschulrucksack, Little Kid Rucks\u00e4cke f\u00fcr Jungen und M\u00e4dchen mit Brustgurt, Truck Blau, Small, modern\/enganliegend - Markt-XXL\" \/>\n<meta property=\"og:description\" content=\"Markt-XXL mygreen Vorschulrucksack, Little Kid Rucks\u00e4cke f\u00fcr Jungen und M\u00e4dchen mit Brustgurt, Truck Blau, Small, modern\/enganliegend\" \/>\n<meta property=\"og:url\" content=\"https:\/\/marktxxl.de\/markt\/produkt\/mygreen-vorschulrucksack-little-kid-rucksaecke-fuer-jungen-und-maedchen-mit-brustgurt-truck-blau-small-modern-enganliegend\/\" \/>\n<meta property=\"og:site_name\" content=\"Markt-XXL\" \/>\n<meta name=\"twitter:card\" content=\"summary_large_image\" \/>\n<meta name=\"twitter:label1\" content=\"Gesch\u00e4tzte Lesezeit\" \/>\n\t<meta name=\"twitter:data1\" content=\"1\u00a0Minute\" \/>\n<script type=\"application\/ld+json\" class=\"yoast-schema-graph\">{\"@context\":\"https:\\\/\\\/schema.org\",\"@graph\":[{\"@type\":\"WebPage\",\"@id\":\"https:\\\/\\\/marktxxl.de\\\/markt\\\/produkt\\\/mygreen-vorschulrucksack-little-kid-rucksaecke-fuer-jungen-und-maedchen-mit-brustgurt-truck-blau-small-modern-enganliegend\\\/\",\"url\":\"https:\\\/\\\/marktxxl.de\\\/markt\\\/produkt\\\/mygreen-vorschulrucksack-little-kid-rucksaecke-fuer-jungen-und-maedchen-mit-brustgurt-truck-blau-small-modern-enganliegend\\\/\",\"name\":\"mygreen Vorschulrucksack, Little Kid Rucks\u00e4cke f\u00fcr Jungen und M\u00e4dchen mit Brustgurt, Truck Blau, Small, modern\\\/enganliegend - Markt-XXL\",\"isPartOf\":{\"@id\":\"https:\\\/\\\/marktxxl.de\\\/markt\\\/#website\"},\"primaryImageOfPage\":{\"@id\":\"https:\\\/\\\/marktxxl.de\\\/markt\\\/produkt\\\/mygreen-vorschulrucksack-little-kid-rucksaecke-fuer-jungen-und-maedchen-mit-brustgurt-truck-blau-small-modern-enganliegend\\\/#primaryimage\"},\"image\":{\"@id\":\"https:\\\/\\\/marktxxl.de\\\/markt\\\/produkt\\\/mygreen-vorschulrucksack-little-kid-rucksaecke-fuer-jungen-und-maedchen-mit-brustgurt-truck-blau-small-modern-enganliegend\\\/#primaryimage\"},\"thumbnailUrl\":\"https:\\\/\\\/m.media-amazon.com\\\/images\\\/I\\\/51mh5izN8iL._SL500_.jpg\",\"datePublished\":\"2024-07-28T16:20:11+00:00\",\"description\":\"Markt-XXL mygreen Vorschulrucksack, Little Kid Rucks\u00e4cke f\u00fcr Jungen und M\u00e4dchen mit Brustgurt, Truck Blau, Small, modern\\\/enganliegend\",\"breadcrumb\":{\"@id\":\"https:\\\/\\\/marktxxl.de\\\/markt\\\/produkt\\\/mygreen-vorschulrucksack-little-kid-rucksaecke-fuer-jungen-und-maedchen-mit-brustgurt-truck-blau-small-modern-enganliegend\\\/#breadcrumb\"},\"inLanguage\":\"de\",\"potentialAction\":[{\"@type\":\"ReadAction\",\"target\":[\"https:\\\/\\\/marktxxl.de\\\/markt\\\/produkt\\\/mygreen-vorschulrucksack-little-kid-rucksaecke-fuer-jungen-und-maedchen-mit-brustgurt-truck-blau-small-modern-enganliegend\\\/\"]}]},{\"@type\":\"ImageObject\",\"inLanguage\":\"de\",\"@id\":\"https:\\\/\\\/marktxxl.de\\\/markt\\\/produkt\\\/mygreen-vorschulrucksack-little-kid-rucksaecke-fuer-jungen-und-maedchen-mit-brustgurt-truck-blau-small-modern-enganliegend\\\/#primaryimage\",\"url\":\"https:\\\/\\\/m.media-amazon.com\\\/images\\\/I\\\/51mh5izN8iL._SL500_.jpg\",\"contentUrl\":\"https:\\\/\\\/m.media-amazon.com\\\/images\\\/I\\\/51mh5izN8iL._SL500_.jpg\",\"width\":500,\"height\":500},{\"@type\":\"BreadcrumbList\",\"@id\":\"https:\\\/\\\/marktxxl.de\\\/markt\\\/produkt\\\/mygreen-vorschulrucksack-little-kid-rucksaecke-fuer-jungen-und-maedchen-mit-brustgurt-truck-blau-small-modern-enganliegend\\\/#breadcrumb\",\"itemListElement\":[{\"@type\":\"ListItem\",\"position\":1,\"name\":\"Startseite\",\"item\":\"https:\\\/\\\/marktxxl.de\\\/markt\\\/\"},{\"@type\":\"ListItem\",\"position\":2,\"name\":\"Markt\",\"item\":\"https:\\\/\\\/marktxxl.de\\\/markt\\\/\"},{\"@type\":\"ListItem\",\"position\":3,\"name\":\"mygreen Vorschulrucksack, Little Kid Rucks\u00e4cke f\u00fcr Jungen und M\u00e4dchen mit Brustgurt, Truck Blau, Small, modern\\\/enganliegend\"}]},{\"@type\":\"WebSite\",\"@id\":\"https:\\\/\\\/marktxxl.de\\\/markt\\\/#website\",\"url\":\"https:\\\/\\\/marktxxl.de\\\/markt\\\/\",\"name\":\"Markt-XXL\",\"description\":\"Ihr Markt Online\",\"publisher\":{\"@id\":\"https:\\\/\\\/marktxxl.de\\\/markt\\\/#organization\"},\"potentialAction\":[{\"@type\":\"SearchAction\",\"target\":{\"@type\":\"EntryPoint\",\"urlTemplate\":\"https:\\\/\\\/marktxxl.de\\\/markt\\\/?s={search_term_string}\"},\"query-input\":{\"@type\":\"PropertyValueSpecification\",\"valueRequired\":true,\"valueName\":\"search_term_string\"}}],\"inLanguage\":\"de\"},{\"@type\":\"Organization\",\"@id\":\"https:\\\/\\\/marktxxl.de\\\/markt\\\/#organization\",\"name\":\"Markt-XXL\",\"url\":\"https:\\\/\\\/marktxxl.de\\\/markt\\\/\",\"logo\":{\"@type\":\"ImageObject\",\"inLanguage\":\"de\",\"@id\":\"https:\\\/\\\/marktxxl.de\\\/markt\\\/#\\\/schema\\\/logo\\\/image\\\/\",\"url\":\"https:\\\/\\\/marktxxl.de\\\/markt\\\/wp-content\\\/uploads\\\/sites\\\/3\\\/2020\\\/12\\\/logo.png\",\"contentUrl\":\"https:\\\/\\\/marktxxl.de\\\/markt\\\/wp-content\\\/uploads\\\/sites\\\/3\\\/2020\\\/12\\\/logo.png\",\"width\":200,\"height\":70,\"caption\":\"Markt-XXL\"},\"image\":{\"@id\":\"https:\\\/\\\/marktxxl.de\\\/markt\\\/#\\\/schema\\\/logo\\\/image\\\/\"}}]}<\/script>\n<!-- \/ Yoast SEO plugin. -->","yoast_head_json":{"title":"mygreen Vorschulrucksack, Little Kid Rucks\u00e4cke f\u00fcr Jungen und M\u00e4dchen mit Brustgurt, Truck Blau, Small, modern\/enganliegend - Markt-XXL","description":"Markt-XXL mygreen Vorschulrucksack, Little Kid Rucks\u00e4cke f\u00fcr Jungen und M\u00e4dchen mit Brustgurt, Truck Blau, Small, modern\/enganliegend","robots":{"index":"index","follow":"follow","max-snippet":"max-snippet:-1","max-image-preview":"max-image-preview:large","max-video-preview":"max-video-preview:-1"},"canonical":"https:\/\/marktxxl.de\/markt\/produkt\/mygreen-vorschulrucksack-little-kid-rucksaecke-fuer-jungen-und-maedchen-mit-brustgurt-truck-blau-small-modern-enganliegend\/","og_locale":"de_DE","og_type":"article","og_title":"mygreen Vorschulrucksack, Little Kid Rucks\u00e4cke f\u00fcr Jungen und M\u00e4dchen mit Brustgurt, Truck Blau, Small, modern\/enganliegend - Markt-XXL","og_description":"Markt-XXL mygreen Vorschulrucksack, Little Kid Rucks\u00e4cke f\u00fcr Jungen und M\u00e4dchen mit Brustgurt, Truck Blau, Small, modern\/enganliegend","og_url":"https:\/\/marktxxl.de\/markt\/produkt\/mygreen-vorschulrucksack-little-kid-rucksaecke-fuer-jungen-und-maedchen-mit-brustgurt-truck-blau-small-modern-enganliegend\/","og_site_name":"Markt-XXL","twitter_card":"summary_large_image","twitter_misc":{"Gesch\u00e4tzte Lesezeit":"1\u00a0Minute"},"schema":{"@context":"https:\/\/schema.org","@graph":[{"@type":"WebPage","@id":"https:\/\/marktxxl.de\/markt\/produkt\/mygreen-vorschulrucksack-little-kid-rucksaecke-fuer-jungen-und-maedchen-mit-brustgurt-truck-blau-small-modern-enganliegend\/","url":"https:\/\/marktxxl.de\/markt\/produkt\/mygreen-vorschulrucksack-little-kid-rucksaecke-fuer-jungen-und-maedchen-mit-brustgurt-truck-blau-small-modern-enganliegend\/","name":"mygreen Vorschulrucksack, Little Kid Rucks\u00e4cke f\u00fcr Jungen und M\u00e4dchen mit Brustgurt, Truck Blau, Small, modern\/enganliegend - Markt-XXL","isPartOf":{"@id":"https:\/\/marktxxl.de\/markt\/#website"},"primaryImageOfPage":{"@id":"https:\/\/marktxxl.de\/markt\/produkt\/mygreen-vorschulrucksack-little-kid-rucksaecke-fuer-jungen-und-maedchen-mit-brustgurt-truck-blau-small-modern-enganliegend\/#primaryimage"},"image":{"@id":"https:\/\/marktxxl.de\/markt\/produkt\/mygreen-vorschulrucksack-little-kid-rucksaecke-fuer-jungen-und-maedchen-mit-brustgurt-truck-blau-small-modern-enganliegend\/#primaryimage"},"thumbnailUrl":"https:\/\/m.media-amazon.com\/images\/I\/51mh5izN8iL._SL500_.jpg","datePublished":"2024-07-28T16:20:11+00:00","description":"Markt-XXL mygreen Vorschulrucksack, Little Kid Rucks\u00e4cke f\u00fcr Jungen und M\u00e4dchen mit Brustgurt, Truck Blau, Small, modern\/enganliegend","breadcrumb":{"@id":"https:\/\/marktxxl.de\/markt\/produkt\/mygreen-vorschulrucksack-little-kid-rucksaecke-fuer-jungen-und-maedchen-mit-brustgurt-truck-blau-small-modern-enganliegend\/#breadcrumb"},"inLanguage":"de","potentialAction":[{"@type":"ReadAction","target":["https:\/\/marktxxl.de\/markt\/produkt\/mygreen-vorschulrucksack-little-kid-rucksaecke-fuer-jungen-und-maedchen-mit-brustgurt-truck-blau-small-modern-enganliegend\/"]}]},{"@type":"ImageObject","inLanguage":"de","@id":"https:\/\/marktxxl.de\/markt\/produkt\/mygreen-vorschulrucksack-little-kid-rucksaecke-fuer-jungen-und-maedchen-mit-brustgurt-truck-blau-small-modern-enganliegend\/#primaryimage","url":"https:\/\/m.media-amazon.com\/images\/I\/51mh5izN8iL._SL500_.jpg","contentUrl":"https:\/\/m.media-amazon.com\/images\/I\/51mh5izN8iL._SL500_.jpg","width":500,"height":500},{"@type":"BreadcrumbList","@id":"https:\/\/marktxxl.de\/markt\/produkt\/mygreen-vorschulrucksack-little-kid-rucksaecke-fuer-jungen-und-maedchen-mit-brustgurt-truck-blau-small-modern-enganliegend\/#breadcrumb","itemListElement":[{"@type":"ListItem","position":1,"name":"Startseite","item":"https:\/\/marktxxl.de\/markt\/"},{"@type":"ListItem","position":2,"name":"Markt","item":"https:\/\/marktxxl.de\/markt\/"},{"@type":"ListItem","position":3,"name":"mygreen Vorschulrucksack, Little Kid Rucks\u00e4cke f\u00fcr Jungen und M\u00e4dchen mit Brustgurt, Truck Blau, Small, modern\/enganliegend"}]},{"@type":"WebSite","@id":"https:\/\/marktxxl.de\/markt\/#website","url":"https:\/\/marktxxl.de\/markt\/","name":"Markt-XXL","description":"Ihr Markt Online","publisher":{"@id":"https:\/\/marktxxl.de\/markt\/#organization"},"potentialAction":[{"@type":"SearchAction","target":{"@type":"EntryPoint","urlTemplate":"https:\/\/marktxxl.de\/markt\/?s={search_term_string}"},"query-input":{"@type":"PropertyValueSpecification","valueRequired":true,"valueName":"search_term_string"}}],"inLanguage":"de"},{"@type":"Organization","@id":"https:\/\/marktxxl.de\/markt\/#organization","name":"Markt-XXL","url":"https:\/\/marktxxl.de\/markt\/","logo":{"@type":"ImageObject","inLanguage":"de","@id":"https:\/\/marktxxl.de\/markt\/#\/schema\/logo\/image\/","url":"https:\/\/marktxxl.de\/markt\/wp-content\/uploads\/sites\/3\/2020\/12\/logo.png","contentUrl":"https:\/\/marktxxl.de\/markt\/wp-content\/uploads\/sites\/3\/2020\/12\/logo.png","width":200,"height":70,"caption":"Markt-XXL"},"image":{"@id":"https:\/\/marktxxl.de\/markt\/#\/schema\/logo\/image\/"}}]}},"_links":{"self":[{"href":"https:\/\/marktxxl.de\/markt\/wp-json\/wp\/v2\/product\/223786","targetHints":{"allow":["GET"]}}],"collection":[{"href":"https:\/\/marktxxl.de\/markt\/wp-json\/wp\/v2\/product"}],"about":[{"href":"https:\/\/marktxxl.de\/markt\/wp-json\/wp\/v2\/types\/product"}],"replies":[{"embeddable":true,"href":"https:\/\/marktxxl.de\/markt\/wp-json\/wp\/v2\/comments?post=223786"}],"wp:featuredmedia":[{"embeddable":true,"href":"https:\/\/marktxxl.de\/markt\/wp-json\/wp\/v2\/media\/223787"}],"wp:attachment":[{"href":"https:\/\/marktxxl.de\/markt\/wp-json\/wp\/v2\/media?parent=223786"}],"wp:term":[{"taxonomy":"product_brand","embeddable":true,"href":"https:\/\/marktxxl.de\/markt\/wp-json\/wp\/v2\/product_brand?post=223786"},{"taxonomy":"product_cat","embeddable":true,"href":"https:\/\/marktxxl.de\/markt\/wp-json\/wp\/v2\/product_cat?post=223786"},{"taxonomy":"product_tag","embeddable":true,"href":"https:\/\/marktxxl.de\/markt\/wp-json\/wp\/v2\/product_tag?post=223786"}],"curies":[{"name":"wp","href":"https:\/\/api.w.org\/{rel}","templated":true}]}}