{"id":223779,"date":"2024-07-28T18:20:04","date_gmt":"2024-07-28T16:20:04","guid":{"rendered":"https:\/\/marktxxl.de\/markt\/produkt\/sj-rucksack-schulranzen-fuer-grundschule-ab-1-klasse-erweiterbarer-schulranzen-extra-volumen-geraeumige-schultasche-fuer-maedchen-und-jungen-rosa-muster-mit-oehrchen-oder-flip-system\/"},"modified":"2024-07-28T18:20:04","modified_gmt":"2024-07-28T16:20:04","slug":"sj-rucksack-schulranzen-fuer-grundschule-ab-1-klasse-erweiterbarer-schulranzen-extra-volumen-geraeumige-schultasche-fuer-maedchen-und-jungen-rosa-muster-mit-oehrchen-oder-flip-system","status":"publish","type":"product","link":"https:\/\/marktxxl.de\/markt\/produkt\/sj-rucksack-schulranzen-fuer-grundschule-ab-1-klasse-erweiterbarer-schulranzen-extra-volumen-geraeumige-schultasche-fuer-maedchen-und-jungen-rosa-muster-mit-oehrchen-oder-flip-system\/","title":{"rendered":"SJ Rucksack, Schulranzen f\u00fcr Grundschule, ab 1. Klasse, Erweiterbarer Schulranzen, Extra Volumen; Ger\u00e4umige Schultasche f\u00fcr M\u00e4dchen und Jungen, rosa\/Muster, mit \u00d6hrchen oder Flip-System"},"content":{"rendered":"<p>ITALIENISCHES DESIGN: 100% italienischer Stil. Innovation und Kreativit\u00e4t: So lautet unser Motto seit Jahren. Wir haben unsere Erfahrung und unser Wissen in der Entwicklung und Herstellung von Bergrucks\u00e4cken gesammelt und auf unseren heutigen Kollektionen angewandt. Das Ergebnis ist ein hochwertiges und technisch fortschrittliches Produkt, das h\u00f6chste Anspr\u00fcche in Bezug auf Funktionalit\u00e4t, Stil und Trends erf\u00fcllt<br \/>\nABMESSUNGEN: 27 x 41 x 16 (+6) cm; VOLUMEN: 21 (+7) LT<br \/>\nKOMFORTABEL: Der Rucksack ist angenehm zum Tragen dank der vorgeformten R\u00fcckenlehne mit integriertem Boden, der den Inhalt stabil h\u00e4lt. Die mit atmungsaktivem Stoff bezogenen Schultergurten sind auch gepolstert<br \/>\nPRAKTISCH: Das Hauptfach ist ger\u00e4umig und die Au\u00dfentaschen vorne bietet noch zus\u00e4tzlichen Stauraum f\u00fcr kleinere Gegenst\u00e4nde. Wenn Du noch mehr verstauen m\u00f6chtest, kannst Du dank der seitlichen Rei\u00dfverschl\u00fcssen das Volumen erweitern und insgesamt 28 LT Fassungsverm\u00f6gen haben<br \/>\nSTOFF: Der Rucksack sorgt f\u00fcr einen einzigartigen Look dank des All-Over Musters<br \/>\nMERKMALE: Mit diesem Rucksack bedeutet zur Schule gehen viel mehr als fr\u00fch aufzustehen: Er bring Komfort, Spa\u00df und Farbe in den Alltag! Dank des Knopfes auf der Schultergurt kannst du mit den s\u00fc\u00dfen \u00d6hrchen des Rucksacks spielen und jeden Moment des Tages genie\u00dfen!<br \/>\n<div class=\"main-cross-sell\" data-asin=\"B0BZ2XSBFM\">\n\n\t<div class=\"WooZone-cross-sell-loader\">\n\t\t<div>\n\t\t\t<div id=\"floatingBarsG\">\n\t\t\t\t<div class=\"blockG\" id=\"rotateG_01\"><\/div>\n\t\t\t\t<div class=\"blockG\" id=\"rotateG_02\"><\/div>\n\t\t\t\t<div class=\"blockG\" id=\"rotateG_03\"><\/div>\n\t\t\t\t<div class=\"blockG\" id=\"rotateG_04\"><\/div>\n\t\t\t\t<div class=\"blockG\" id=\"rotateG_05\"><\/div>\n\t\t\t\t<div class=\"blockG\" id=\"rotateG_06\"><\/div>\n\t\t\t\t<div class=\"blockG\" id=\"rotateG_07\"><\/div>\n\t\t\t\t<div class=\"blockG\" id=\"rotateG_08\"><\/div>\n\t\t\t<\/div>\n\t\t\t<div class=\"WooZone-cross-sell-loader-text\"><\/div>\n\t\t<\/div>\n\t<\/div>\n\n\t\t\n<\/div>\n<div style=\"clear:both;\"><\/div><\/p>\n","protected":false},"excerpt":{"rendered":"<p>ITALIENISCHES DESIGN: 100% italienischer Stil. Innovation und Kreativit\u00e4t: So lautet unser Motto seit Jahren. Wir haben unsere Erfahrung und unser Wissen in der Entwicklung und Herstellung von Bergrucks\u00e4cken gesammelt und auf unseren heutigen Kollektionen angewandt. Das Ergebnis ist ein hochwertiges und technisch fortschrittliches Produkt, das h\u00f6chste Anspr\u00fcche in Bezug auf Funktionalit\u00e4t, Stil und Trends erf\u00fcllt<br \/>\nABMESSUNGEN: 27 x 41 x 16 (+6) cm; VOLUMEN: 21 (+7) LT<br \/>\nKOMFORTABEL: Der Rucksack ist angenehm zum Tragen dank der vorgeformten R\u00fcckenlehne mit integriertem Boden, der den Inhalt stabil h\u00e4lt. Die mit atmungsaktivem Stoff bezogenen Schultergurten sind auch gepolstert<\/p>\n","protected":false},"featured_media":223780,"comment_status":"open","ping_status":"closed","template":"","meta":[],"product_brand":[],"product_cat":[504,8631],"product_tag":[],"class_list":{"0":"post-223779","1":"product","2":"type-product","3":"status-publish","4":"has-post-thumbnail","6":"product_cat-buerobedarf-schreibwaren","7":"product_cat-schul-unibedarf","8":"pa_binding-luggage","9":"pa_brand-sj-gang","10":"pa_manufacturer-seven","12":"first","13":"instock","14":"shipping-taxable","15":"product-type-simple","16":"customify-col","17":"product-has-gallery"},"yoast_head":"<!-- This site is optimized with the Yoast SEO plugin v27.3 - https:\/\/yoast.com\/product\/yoast-seo-wordpress\/ -->\n<title>SJ Rucksack, Schulranzen f\u00fcr Grundschule, ab 1. Klasse, Erweiterbarer Schulranzen, Extra Volumen; Ger\u00e4umige Schultasche f\u00fcr M\u00e4dchen und Jungen, rosa\/Muster, mit \u00d6hrchen oder Flip-System - Markt-XXL<\/title>\n<meta name=\"description\" content=\"Markt-XXL SJ Rucksack, Schulranzen f\u00fcr Grundschule, ab 1. Klasse, Erweiterbarer Schulranzen, Extra Volumen; Ger\u00e4umige Schultasche f\u00fcr M\u00e4dchen und Jungen, rosa\/Muster, mit \u00d6hrchen oder Flip-System\" \/>\n<meta name=\"robots\" content=\"index, follow, max-snippet:-1, max-image-preview:large, max-video-preview:-1\" \/>\n<link rel=\"canonical\" href=\"https:\/\/marktxxl.de\/markt\/produkt\/sj-rucksack-schulranzen-fuer-grundschule-ab-1-klasse-erweiterbarer-schulranzen-extra-volumen-geraeumige-schultasche-fuer-maedchen-und-jungen-rosa-muster-mit-oehrchen-oder-flip-system\/\" \/>\n<meta property=\"og:locale\" content=\"de_DE\" \/>\n<meta property=\"og:type\" content=\"article\" \/>\n<meta property=\"og:title\" content=\"SJ Rucksack, Schulranzen f\u00fcr Grundschule, ab 1. Klasse, Erweiterbarer Schulranzen, Extra Volumen; Ger\u00e4umige Schultasche f\u00fcr M\u00e4dchen und Jungen, rosa\/Muster, mit \u00d6hrchen oder Flip-System - Markt-XXL\" \/>\n<meta property=\"og:description\" content=\"Markt-XXL SJ Rucksack, Schulranzen f\u00fcr Grundschule, ab 1. Klasse, Erweiterbarer Schulranzen, Extra Volumen; Ger\u00e4umige Schultasche f\u00fcr M\u00e4dchen und Jungen, rosa\/Muster, mit \u00d6hrchen oder Flip-System\" \/>\n<meta property=\"og:url\" content=\"https:\/\/marktxxl.de\/markt\/produkt\/sj-rucksack-schulranzen-fuer-grundschule-ab-1-klasse-erweiterbarer-schulranzen-extra-volumen-geraeumige-schultasche-fuer-maedchen-und-jungen-rosa-muster-mit-oehrchen-oder-flip-system\/\" \/>\n<meta property=\"og:site_name\" content=\"Markt-XXL\" \/>\n<meta name=\"twitter:card\" content=\"summary_large_image\" \/>\n<meta name=\"twitter:label1\" content=\"Gesch\u00e4tzte Lesezeit\" \/>\n\t<meta name=\"twitter:data1\" content=\"1\u00a0Minute\" \/>\n<script type=\"application\/ld+json\" class=\"yoast-schema-graph\">{\"@context\":\"https:\\\/\\\/schema.org\",\"@graph\":[{\"@type\":\"WebPage\",\"@id\":\"https:\\\/\\\/marktxxl.de\\\/markt\\\/produkt\\\/sj-rucksack-schulranzen-fuer-grundschule-ab-1-klasse-erweiterbarer-schulranzen-extra-volumen-geraeumige-schultasche-fuer-maedchen-und-jungen-rosa-muster-mit-oehrchen-oder-flip-system\\\/\",\"url\":\"https:\\\/\\\/marktxxl.de\\\/markt\\\/produkt\\\/sj-rucksack-schulranzen-fuer-grundschule-ab-1-klasse-erweiterbarer-schulranzen-extra-volumen-geraeumige-schultasche-fuer-maedchen-und-jungen-rosa-muster-mit-oehrchen-oder-flip-system\\\/\",\"name\":\"SJ Rucksack, Schulranzen f\u00fcr Grundschule, ab 1. Klasse, Erweiterbarer Schulranzen, Extra Volumen; Ger\u00e4umige Schultasche f\u00fcr M\u00e4dchen und Jungen, rosa\\\/Muster, mit \u00d6hrchen oder Flip-System - Markt-XXL\",\"isPartOf\":{\"@id\":\"https:\\\/\\\/marktxxl.de\\\/markt\\\/#website\"},\"primaryImageOfPage\":{\"@id\":\"https:\\\/\\\/marktxxl.de\\\/markt\\\/produkt\\\/sj-rucksack-schulranzen-fuer-grundschule-ab-1-klasse-erweiterbarer-schulranzen-extra-volumen-geraeumige-schultasche-fuer-maedchen-und-jungen-rosa-muster-mit-oehrchen-oder-flip-system\\\/#primaryimage\"},\"image\":{\"@id\":\"https:\\\/\\\/marktxxl.de\\\/markt\\\/produkt\\\/sj-rucksack-schulranzen-fuer-grundschule-ab-1-klasse-erweiterbarer-schulranzen-extra-volumen-geraeumige-schultasche-fuer-maedchen-und-jungen-rosa-muster-mit-oehrchen-oder-flip-system\\\/#primaryimage\"},\"thumbnailUrl\":\"https:\\\/\\\/m.media-amazon.com\\\/images\\\/I\\\/51VOU5ODLZL._SL500_.jpg\",\"datePublished\":\"2024-07-28T16:20:04+00:00\",\"description\":\"Markt-XXL SJ Rucksack, Schulranzen f\u00fcr Grundschule, ab 1. Klasse, Erweiterbarer Schulranzen, Extra Volumen; Ger\u00e4umige Schultasche f\u00fcr M\u00e4dchen und Jungen, rosa\\\/Muster, mit \u00d6hrchen oder Flip-System\",\"breadcrumb\":{\"@id\":\"https:\\\/\\\/marktxxl.de\\\/markt\\\/produkt\\\/sj-rucksack-schulranzen-fuer-grundschule-ab-1-klasse-erweiterbarer-schulranzen-extra-volumen-geraeumige-schultasche-fuer-maedchen-und-jungen-rosa-muster-mit-oehrchen-oder-flip-system\\\/#breadcrumb\"},\"inLanguage\":\"de\",\"potentialAction\":[{\"@type\":\"ReadAction\",\"target\":[\"https:\\\/\\\/marktxxl.de\\\/markt\\\/produkt\\\/sj-rucksack-schulranzen-fuer-grundschule-ab-1-klasse-erweiterbarer-schulranzen-extra-volumen-geraeumige-schultasche-fuer-maedchen-und-jungen-rosa-muster-mit-oehrchen-oder-flip-system\\\/\"]}]},{\"@type\":\"ImageObject\",\"inLanguage\":\"de\",\"@id\":\"https:\\\/\\\/marktxxl.de\\\/markt\\\/produkt\\\/sj-rucksack-schulranzen-fuer-grundschule-ab-1-klasse-erweiterbarer-schulranzen-extra-volumen-geraeumige-schultasche-fuer-maedchen-und-jungen-rosa-muster-mit-oehrchen-oder-flip-system\\\/#primaryimage\",\"url\":\"https:\\\/\\\/m.media-amazon.com\\\/images\\\/I\\\/51VOU5ODLZL._SL500_.jpg\",\"contentUrl\":\"https:\\\/\\\/m.media-amazon.com\\\/images\\\/I\\\/51VOU5ODLZL._SL500_.jpg\",\"width\":431,\"height\":500},{\"@type\":\"BreadcrumbList\",\"@id\":\"https:\\\/\\\/marktxxl.de\\\/markt\\\/produkt\\\/sj-rucksack-schulranzen-fuer-grundschule-ab-1-klasse-erweiterbarer-schulranzen-extra-volumen-geraeumige-schultasche-fuer-maedchen-und-jungen-rosa-muster-mit-oehrchen-oder-flip-system\\\/#breadcrumb\",\"itemListElement\":[{\"@type\":\"ListItem\",\"position\":1,\"name\":\"Startseite\",\"item\":\"https:\\\/\\\/marktxxl.de\\\/markt\\\/\"},{\"@type\":\"ListItem\",\"position\":2,\"name\":\"Markt\",\"item\":\"https:\\\/\\\/marktxxl.de\\\/markt\\\/\"},{\"@type\":\"ListItem\",\"position\":3,\"name\":\"SJ Rucksack, Schulranzen f\u00fcr Grundschule, ab 1. Klasse, Erweiterbarer Schulranzen, Extra Volumen; Ger\u00e4umige Schultasche f\u00fcr M\u00e4dchen und Jungen, rosa\\\/Muster, mit \u00d6hrchen oder Flip-System\"}]},{\"@type\":\"WebSite\",\"@id\":\"https:\\\/\\\/marktxxl.de\\\/markt\\\/#website\",\"url\":\"https:\\\/\\\/marktxxl.de\\\/markt\\\/\",\"name\":\"Markt-XXL\",\"description\":\"Ihr Markt Online\",\"publisher\":{\"@id\":\"https:\\\/\\\/marktxxl.de\\\/markt\\\/#organization\"},\"potentialAction\":[{\"@type\":\"SearchAction\",\"target\":{\"@type\":\"EntryPoint\",\"urlTemplate\":\"https:\\\/\\\/marktxxl.de\\\/markt\\\/?s={search_term_string}\"},\"query-input\":{\"@type\":\"PropertyValueSpecification\",\"valueRequired\":true,\"valueName\":\"search_term_string\"}}],\"inLanguage\":\"de\"},{\"@type\":\"Organization\",\"@id\":\"https:\\\/\\\/marktxxl.de\\\/markt\\\/#organization\",\"name\":\"Markt-XXL\",\"url\":\"https:\\\/\\\/marktxxl.de\\\/markt\\\/\",\"logo\":{\"@type\":\"ImageObject\",\"inLanguage\":\"de\",\"@id\":\"https:\\\/\\\/marktxxl.de\\\/markt\\\/#\\\/schema\\\/logo\\\/image\\\/\",\"url\":\"https:\\\/\\\/marktxxl.de\\\/markt\\\/wp-content\\\/uploads\\\/sites\\\/3\\\/2020\\\/12\\\/logo.png\",\"contentUrl\":\"https:\\\/\\\/marktxxl.de\\\/markt\\\/wp-content\\\/uploads\\\/sites\\\/3\\\/2020\\\/12\\\/logo.png\",\"width\":200,\"height\":70,\"caption\":\"Markt-XXL\"},\"image\":{\"@id\":\"https:\\\/\\\/marktxxl.de\\\/markt\\\/#\\\/schema\\\/logo\\\/image\\\/\"}}]}<\/script>\n<!-- \/ Yoast SEO plugin. -->","yoast_head_json":{"title":"SJ Rucksack, Schulranzen f\u00fcr Grundschule, ab 1. Klasse, Erweiterbarer Schulranzen, Extra Volumen; Ger\u00e4umige Schultasche f\u00fcr M\u00e4dchen und Jungen, rosa\/Muster, mit \u00d6hrchen oder Flip-System - Markt-XXL","description":"Markt-XXL SJ Rucksack, Schulranzen f\u00fcr Grundschule, ab 1. Klasse, Erweiterbarer Schulranzen, Extra Volumen; Ger\u00e4umige Schultasche f\u00fcr M\u00e4dchen und Jungen, rosa\/Muster, mit \u00d6hrchen oder Flip-System","robots":{"index":"index","follow":"follow","max-snippet":"max-snippet:-1","max-image-preview":"max-image-preview:large","max-video-preview":"max-video-preview:-1"},"canonical":"https:\/\/marktxxl.de\/markt\/produkt\/sj-rucksack-schulranzen-fuer-grundschule-ab-1-klasse-erweiterbarer-schulranzen-extra-volumen-geraeumige-schultasche-fuer-maedchen-und-jungen-rosa-muster-mit-oehrchen-oder-flip-system\/","og_locale":"de_DE","og_type":"article","og_title":"SJ Rucksack, Schulranzen f\u00fcr Grundschule, ab 1. Klasse, Erweiterbarer Schulranzen, Extra Volumen; Ger\u00e4umige Schultasche f\u00fcr M\u00e4dchen und Jungen, rosa\/Muster, mit \u00d6hrchen oder Flip-System - Markt-XXL","og_description":"Markt-XXL SJ Rucksack, Schulranzen f\u00fcr Grundschule, ab 1. Klasse, Erweiterbarer Schulranzen, Extra Volumen; Ger\u00e4umige Schultasche f\u00fcr M\u00e4dchen und Jungen, rosa\/Muster, mit \u00d6hrchen oder Flip-System","og_url":"https:\/\/marktxxl.de\/markt\/produkt\/sj-rucksack-schulranzen-fuer-grundschule-ab-1-klasse-erweiterbarer-schulranzen-extra-volumen-geraeumige-schultasche-fuer-maedchen-und-jungen-rosa-muster-mit-oehrchen-oder-flip-system\/","og_site_name":"Markt-XXL","twitter_card":"summary_large_image","twitter_misc":{"Gesch\u00e4tzte Lesezeit":"1\u00a0Minute"},"schema":{"@context":"https:\/\/schema.org","@graph":[{"@type":"WebPage","@id":"https:\/\/marktxxl.de\/markt\/produkt\/sj-rucksack-schulranzen-fuer-grundschule-ab-1-klasse-erweiterbarer-schulranzen-extra-volumen-geraeumige-schultasche-fuer-maedchen-und-jungen-rosa-muster-mit-oehrchen-oder-flip-system\/","url":"https:\/\/marktxxl.de\/markt\/produkt\/sj-rucksack-schulranzen-fuer-grundschule-ab-1-klasse-erweiterbarer-schulranzen-extra-volumen-geraeumige-schultasche-fuer-maedchen-und-jungen-rosa-muster-mit-oehrchen-oder-flip-system\/","name":"SJ Rucksack, Schulranzen f\u00fcr Grundschule, ab 1. Klasse, Erweiterbarer Schulranzen, Extra Volumen; Ger\u00e4umige Schultasche f\u00fcr M\u00e4dchen und Jungen, rosa\/Muster, mit \u00d6hrchen oder Flip-System - Markt-XXL","isPartOf":{"@id":"https:\/\/marktxxl.de\/markt\/#website"},"primaryImageOfPage":{"@id":"https:\/\/marktxxl.de\/markt\/produkt\/sj-rucksack-schulranzen-fuer-grundschule-ab-1-klasse-erweiterbarer-schulranzen-extra-volumen-geraeumige-schultasche-fuer-maedchen-und-jungen-rosa-muster-mit-oehrchen-oder-flip-system\/#primaryimage"},"image":{"@id":"https:\/\/marktxxl.de\/markt\/produkt\/sj-rucksack-schulranzen-fuer-grundschule-ab-1-klasse-erweiterbarer-schulranzen-extra-volumen-geraeumige-schultasche-fuer-maedchen-und-jungen-rosa-muster-mit-oehrchen-oder-flip-system\/#primaryimage"},"thumbnailUrl":"https:\/\/m.media-amazon.com\/images\/I\/51VOU5ODLZL._SL500_.jpg","datePublished":"2024-07-28T16:20:04+00:00","description":"Markt-XXL SJ Rucksack, Schulranzen f\u00fcr Grundschule, ab 1. Klasse, Erweiterbarer Schulranzen, Extra Volumen; Ger\u00e4umige Schultasche f\u00fcr M\u00e4dchen und Jungen, rosa\/Muster, mit \u00d6hrchen oder Flip-System","breadcrumb":{"@id":"https:\/\/marktxxl.de\/markt\/produkt\/sj-rucksack-schulranzen-fuer-grundschule-ab-1-klasse-erweiterbarer-schulranzen-extra-volumen-geraeumige-schultasche-fuer-maedchen-und-jungen-rosa-muster-mit-oehrchen-oder-flip-system\/#breadcrumb"},"inLanguage":"de","potentialAction":[{"@type":"ReadAction","target":["https:\/\/marktxxl.de\/markt\/produkt\/sj-rucksack-schulranzen-fuer-grundschule-ab-1-klasse-erweiterbarer-schulranzen-extra-volumen-geraeumige-schultasche-fuer-maedchen-und-jungen-rosa-muster-mit-oehrchen-oder-flip-system\/"]}]},{"@type":"ImageObject","inLanguage":"de","@id":"https:\/\/marktxxl.de\/markt\/produkt\/sj-rucksack-schulranzen-fuer-grundschule-ab-1-klasse-erweiterbarer-schulranzen-extra-volumen-geraeumige-schultasche-fuer-maedchen-und-jungen-rosa-muster-mit-oehrchen-oder-flip-system\/#primaryimage","url":"https:\/\/m.media-amazon.com\/images\/I\/51VOU5ODLZL._SL500_.jpg","contentUrl":"https:\/\/m.media-amazon.com\/images\/I\/51VOU5ODLZL._SL500_.jpg","width":431,"height":500},{"@type":"BreadcrumbList","@id":"https:\/\/marktxxl.de\/markt\/produkt\/sj-rucksack-schulranzen-fuer-grundschule-ab-1-klasse-erweiterbarer-schulranzen-extra-volumen-geraeumige-schultasche-fuer-maedchen-und-jungen-rosa-muster-mit-oehrchen-oder-flip-system\/#breadcrumb","itemListElement":[{"@type":"ListItem","position":1,"name":"Startseite","item":"https:\/\/marktxxl.de\/markt\/"},{"@type":"ListItem","position":2,"name":"Markt","item":"https:\/\/marktxxl.de\/markt\/"},{"@type":"ListItem","position":3,"name":"SJ Rucksack, Schulranzen f\u00fcr Grundschule, ab 1. Klasse, Erweiterbarer Schulranzen, Extra Volumen; Ger\u00e4umige Schultasche f\u00fcr M\u00e4dchen und Jungen, rosa\/Muster, mit \u00d6hrchen oder Flip-System"}]},{"@type":"WebSite","@id":"https:\/\/marktxxl.de\/markt\/#website","url":"https:\/\/marktxxl.de\/markt\/","name":"Markt-XXL","description":"Ihr Markt Online","publisher":{"@id":"https:\/\/marktxxl.de\/markt\/#organization"},"potentialAction":[{"@type":"SearchAction","target":{"@type":"EntryPoint","urlTemplate":"https:\/\/marktxxl.de\/markt\/?s={search_term_string}"},"query-input":{"@type":"PropertyValueSpecification","valueRequired":true,"valueName":"search_term_string"}}],"inLanguage":"de"},{"@type":"Organization","@id":"https:\/\/marktxxl.de\/markt\/#organization","name":"Markt-XXL","url":"https:\/\/marktxxl.de\/markt\/","logo":{"@type":"ImageObject","inLanguage":"de","@id":"https:\/\/marktxxl.de\/markt\/#\/schema\/logo\/image\/","url":"https:\/\/marktxxl.de\/markt\/wp-content\/uploads\/sites\/3\/2020\/12\/logo.png","contentUrl":"https:\/\/marktxxl.de\/markt\/wp-content\/uploads\/sites\/3\/2020\/12\/logo.png","width":200,"height":70,"caption":"Markt-XXL"},"image":{"@id":"https:\/\/marktxxl.de\/markt\/#\/schema\/logo\/image\/"}}]}},"_links":{"self":[{"href":"https:\/\/marktxxl.de\/markt\/wp-json\/wp\/v2\/product\/223779","targetHints":{"allow":["GET"]}}],"collection":[{"href":"https:\/\/marktxxl.de\/markt\/wp-json\/wp\/v2\/product"}],"about":[{"href":"https:\/\/marktxxl.de\/markt\/wp-json\/wp\/v2\/types\/product"}],"replies":[{"embeddable":true,"href":"https:\/\/marktxxl.de\/markt\/wp-json\/wp\/v2\/comments?post=223779"}],"wp:featuredmedia":[{"embeddable":true,"href":"https:\/\/marktxxl.de\/markt\/wp-json\/wp\/v2\/media\/223780"}],"wp:attachment":[{"href":"https:\/\/marktxxl.de\/markt\/wp-json\/wp\/v2\/media?parent=223779"}],"wp:term":[{"taxonomy":"product_brand","embeddable":true,"href":"https:\/\/marktxxl.de\/markt\/wp-json\/wp\/v2\/product_brand?post=223779"},{"taxonomy":"product_cat","embeddable":true,"href":"https:\/\/marktxxl.de\/markt\/wp-json\/wp\/v2\/product_cat?post=223779"},{"taxonomy":"product_tag","embeddable":true,"href":"https:\/\/marktxxl.de\/markt\/wp-json\/wp\/v2\/product_tag?post=223779"}],"curies":[{"name":"wp","href":"https:\/\/api.w.org\/{rel}","templated":true}]}}