{"id":223731,"date":"2024-07-28T18:19:23","date_gmt":"2024-07-28T16:19:23","guid":{"rendered":"https:\/\/marktxxl.de\/markt\/produkt\/christian-art-gifts-klassische-bibelhuelle-fuer-herren-be-strong-and-courageous-joshua-19-braunes-kunstleder-gross\/"},"modified":"2024-07-28T18:19:23","modified_gmt":"2024-07-28T16:19:23","slug":"christian-art-gifts-klassische-bibelhuelle-fuer-herren-be-strong-and-courageous-joshua-19-braunes-kunstleder-gross","status":"publish","type":"product","link":"https:\/\/marktxxl.de\/markt\/produkt\/christian-art-gifts-klassische-bibelhuelle-fuer-herren-be-strong-and-courageous-joshua-19-braunes-kunstleder-gross\/","title":{"rendered":"Christian Art Gifts Klassische Bibelh\u00fclle f\u00fcr Herren, Be Strong and Courageous Joshua 1:9, braunes Kunstleder, gro\u00df"},"content":{"rendered":"<p>LANGLEBIG &#8211; Sch\u00fctzen Sie Ihre Bibel vor Missgeschicken des Lebens mit dieser klassischen braunen Bibelh\u00fclle f\u00fcr M\u00e4nner und Frauen aus robustem Kunstledermaterial, das leicht zu reinigen ist und dem t\u00e4glichen Verschlei\u00df standh\u00e4lt.<br \/>\nBibelh\u00fclle: Diese sch\u00f6ne zweifarbige H\u00fclle verf\u00fcgt \u00fcber eine Schrift von Joshua 1:9 auf der Vorder- und R\u00fcckseite und Goldfolien-Akzente auf der Schrift und dem R\u00fccken.<br \/>\nGr\u00f6\u00dfe M, L, XL: Beachten Sie, dass die Amazon-Spezifikationen die Au\u00dfenma\u00dfe der Bibelh\u00fclle sind. Um die beste Passform zu gew\u00e4hrleisten, messen Sie die Bibel genau und vergleichen Sie sie mit der Gr\u00f6\u00dfentabelle. Lassen Sie zus\u00e4tzlichen Platz, um eine zu enge Passform zu vermeiden.<br \/>\nPraktisches Zubeh\u00f6r: Der Griff ist einfach zu halten, oder stecken Sie diese Bibelh\u00fclle in eine gr\u00f6\u00dfere Tasche, um einfach zur Kirche oder zum Bibelstudium zu reisen. Die innere Stiftschlaufe sichert Ihren Stift oder Textmarker, wenn er nicht in Gebrauch ist.<br \/>\nSicherer Rei\u00dfverschluss: sorgt daf\u00fcr, dass Ihre Bibel sauber und sicher im Inneren bleibt. Schieben Sie Ihre losen Notizen, Bulletins oder Taschent\u00fccher hinein, um sie einfach aufzubewahren.<br \/>\n<div class=\"main-cross-sell\" data-asin=\"B011DDTTMC\">\n\n\t<div class=\"WooZone-cross-sell-loader\">\n\t\t<div>\n\t\t\t<div id=\"floatingBarsG\">\n\t\t\t\t<div class=\"blockG\" id=\"rotateG_01\"><\/div>\n\t\t\t\t<div class=\"blockG\" id=\"rotateG_02\"><\/div>\n\t\t\t\t<div class=\"blockG\" id=\"rotateG_03\"><\/div>\n\t\t\t\t<div class=\"blockG\" id=\"rotateG_04\"><\/div>\n\t\t\t\t<div class=\"blockG\" id=\"rotateG_05\"><\/div>\n\t\t\t\t<div class=\"blockG\" id=\"rotateG_06\"><\/div>\n\t\t\t\t<div class=\"blockG\" id=\"rotateG_07\"><\/div>\n\t\t\t\t<div class=\"blockG\" id=\"rotateG_08\"><\/div>\n\t\t\t<\/div>\n\t\t\t<div class=\"WooZone-cross-sell-loader-text\"><\/div>\n\t\t<\/div>\n\t<\/div>\n\n\t\t\n<\/div>\n<div style=\"clear:both;\"><\/div><\/p>\n","protected":false},"excerpt":{"rendered":"<p>LANGLEBIG &#8211; Sch\u00fctzen Sie Ihre Bibel vor Missgeschicken des Lebens mit dieser klassischen braunen Bibelh\u00fclle f\u00fcr M\u00e4nner und Frauen aus robustem Kunstledermaterial, das leicht zu reinigen ist und dem t\u00e4glichen Verschlei\u00df standh\u00e4lt.<br \/>\nBibelh\u00fclle: Diese sch\u00f6ne zweifarbige H\u00fclle verf\u00fcgt \u00fcber eine Schrift von Joshua 1:9 auf der Vorder- und R\u00fcckseite und Goldfolien-Akzente auf der Schrift und dem R\u00fccken.<br \/>\nGr\u00f6\u00dfe M, L, XL: Beachten Sie, dass die Amazon-Spezifikationen die Au\u00dfenma\u00dfe der Bibelh\u00fclle sind. Um die beste Passform zu gew\u00e4hrleisten, messen Sie die Bibel genau und vergleichen Sie sie mit der Gr\u00f6\u00dfentabelle. Lassen Sie zus\u00e4tzlichen Platz, um eine zu enge Passform zu vermeiden.<\/p>\n","protected":false},"featured_media":223732,"comment_status":"open","ping_status":"closed","template":"","meta":[],"product_brand":[],"product_cat":[504,8631],"product_tag":[],"class_list":{"0":"post-223731","1":"product","2":"type-product","3":"status-publish","4":"has-post-thumbnail","6":"product_cat-buerobedarf-schreibwaren","7":"product_cat-schul-unibedarf","8":"pa_binding-kunstledereinband","9":"pa_brand-christian-art-gifts","10":"pa_color-braun","11":"pa_height-11-1-zoll","12":"pa_languages-veroeffentlicht-englisch-originalsprache-englisch-unbekannt-englisch","13":"pa_length-8-zoll","14":"pa_manufacturer-christian-art-gifts","15":"pa_model-sg_b011ddttmc_us","16":"pa_size-large","17":"pa_weight-0-5-pounds","18":"pa_width-2-zoll","20":"first","21":"instock","22":"shipping-taxable","23":"purchasable","24":"product-type-simple","25":"customify-col","26":"product-has-gallery"},"yoast_head":"<!-- This site is optimized with the Yoast SEO plugin v27.4 - https:\/\/yoast.com\/product\/yoast-seo-wordpress\/ -->\n<title>Christian Art Gifts Klassische Bibelh\u00fclle f\u00fcr Herren, Be Strong and Courageous Joshua 1:9, braunes Kunstleder, gro\u00df - Markt-XXL<\/title>\n<meta name=\"description\" content=\"Markt-XXL Christian Art Gifts Klassische Bibelh\u00fclle f\u00fcr Herren, Be Strong and Courageous Joshua 1:9, braunes Kunstleder, gro\u00df\" \/>\n<meta name=\"robots\" content=\"index, follow, max-snippet:-1, max-image-preview:large, max-video-preview:-1\" \/>\n<link rel=\"canonical\" href=\"https:\/\/marktxxl.de\/markt\/produkt\/christian-art-gifts-klassische-bibelhuelle-fuer-herren-be-strong-and-courageous-joshua-19-braunes-kunstleder-gross\/\" \/>\n<meta property=\"og:locale\" content=\"de_DE\" \/>\n<meta property=\"og:type\" content=\"article\" \/>\n<meta property=\"og:title\" content=\"Christian Art Gifts Klassische Bibelh\u00fclle f\u00fcr Herren, Be Strong and Courageous Joshua 1:9, braunes Kunstleder, gro\u00df - Markt-XXL\" \/>\n<meta property=\"og:description\" content=\"Markt-XXL Christian Art Gifts Klassische Bibelh\u00fclle f\u00fcr Herren, Be Strong and Courageous Joshua 1:9, braunes Kunstleder, gro\u00df\" \/>\n<meta property=\"og:url\" content=\"https:\/\/marktxxl.de\/markt\/produkt\/christian-art-gifts-klassische-bibelhuelle-fuer-herren-be-strong-and-courageous-joshua-19-braunes-kunstleder-gross\/\" \/>\n<meta property=\"og:site_name\" content=\"Markt-XXL\" \/>\n<meta name=\"twitter:card\" content=\"summary_large_image\" \/>\n<meta name=\"twitter:label1\" content=\"Gesch\u00e4tzte Lesezeit\" \/>\n\t<meta name=\"twitter:data1\" content=\"1\u00a0Minute\" \/>\n<script type=\"application\/ld+json\" class=\"yoast-schema-graph\">{\"@context\":\"https:\\\/\\\/schema.org\",\"@graph\":[{\"@type\":\"WebPage\",\"@id\":\"https:\\\/\\\/marktxxl.de\\\/markt\\\/produkt\\\/christian-art-gifts-klassische-bibelhuelle-fuer-herren-be-strong-and-courageous-joshua-19-braunes-kunstleder-gross\\\/\",\"url\":\"https:\\\/\\\/marktxxl.de\\\/markt\\\/produkt\\\/christian-art-gifts-klassische-bibelhuelle-fuer-herren-be-strong-and-courageous-joshua-19-braunes-kunstleder-gross\\\/\",\"name\":\"Christian Art Gifts Klassische Bibelh\u00fclle f\u00fcr Herren, Be Strong and Courageous Joshua 1:9, braunes Kunstleder, gro\u00df - Markt-XXL\",\"isPartOf\":{\"@id\":\"https:\\\/\\\/marktxxl.de\\\/markt\\\/#website\"},\"primaryImageOfPage\":{\"@id\":\"https:\\\/\\\/marktxxl.de\\\/markt\\\/produkt\\\/christian-art-gifts-klassische-bibelhuelle-fuer-herren-be-strong-and-courageous-joshua-19-braunes-kunstleder-gross\\\/#primaryimage\"},\"image\":{\"@id\":\"https:\\\/\\\/marktxxl.de\\\/markt\\\/produkt\\\/christian-art-gifts-klassische-bibelhuelle-fuer-herren-be-strong-and-courageous-joshua-19-braunes-kunstleder-gross\\\/#primaryimage\"},\"thumbnailUrl\":\"https:\\\/\\\/m.media-amazon.com\\\/images\\\/I\\\/412bFKccSWL._SL500_.jpg\",\"datePublished\":\"2024-07-28T16:19:23+00:00\",\"description\":\"Markt-XXL Christian Art Gifts Klassische Bibelh\u00fclle f\u00fcr Herren, Be Strong and Courageous Joshua 1:9, braunes Kunstleder, gro\u00df\",\"breadcrumb\":{\"@id\":\"https:\\\/\\\/marktxxl.de\\\/markt\\\/produkt\\\/christian-art-gifts-klassische-bibelhuelle-fuer-herren-be-strong-and-courageous-joshua-19-braunes-kunstleder-gross\\\/#breadcrumb\"},\"inLanguage\":\"de\",\"potentialAction\":[{\"@type\":\"ReadAction\",\"target\":[\"https:\\\/\\\/marktxxl.de\\\/markt\\\/produkt\\\/christian-art-gifts-klassische-bibelhuelle-fuer-herren-be-strong-and-courageous-joshua-19-braunes-kunstleder-gross\\\/\"]}]},{\"@type\":\"ImageObject\",\"inLanguage\":\"de\",\"@id\":\"https:\\\/\\\/marktxxl.de\\\/markt\\\/produkt\\\/christian-art-gifts-klassische-bibelhuelle-fuer-herren-be-strong-and-courageous-joshua-19-braunes-kunstleder-gross\\\/#primaryimage\",\"url\":\"https:\\\/\\\/m.media-amazon.com\\\/images\\\/I\\\/412bFKccSWL._SL500_.jpg\",\"contentUrl\":\"https:\\\/\\\/m.media-amazon.com\\\/images\\\/I\\\/412bFKccSWL._SL500_.jpg\",\"width\":500,\"height\":500},{\"@type\":\"BreadcrumbList\",\"@id\":\"https:\\\/\\\/marktxxl.de\\\/markt\\\/produkt\\\/christian-art-gifts-klassische-bibelhuelle-fuer-herren-be-strong-and-courageous-joshua-19-braunes-kunstleder-gross\\\/#breadcrumb\",\"itemListElement\":[{\"@type\":\"ListItem\",\"position\":1,\"name\":\"Startseite\",\"item\":\"https:\\\/\\\/marktxxl.de\\\/markt\\\/\"},{\"@type\":\"ListItem\",\"position\":2,\"name\":\"Markt\",\"item\":\"https:\\\/\\\/marktxxl.de\\\/markt\\\/\"},{\"@type\":\"ListItem\",\"position\":3,\"name\":\"Christian Art Gifts Klassische Bibelh\u00fclle f\u00fcr Herren, Be Strong and Courageous Joshua 1:9, braunes Kunstleder, gro\u00df\"}]},{\"@type\":\"WebSite\",\"@id\":\"https:\\\/\\\/marktxxl.de\\\/markt\\\/#website\",\"url\":\"https:\\\/\\\/marktxxl.de\\\/markt\\\/\",\"name\":\"Markt-XXL\",\"description\":\"Ihr Markt Online\",\"publisher\":{\"@id\":\"https:\\\/\\\/marktxxl.de\\\/markt\\\/#organization\"},\"potentialAction\":[{\"@type\":\"SearchAction\",\"target\":{\"@type\":\"EntryPoint\",\"urlTemplate\":\"https:\\\/\\\/marktxxl.de\\\/markt\\\/?s={search_term_string}\"},\"query-input\":{\"@type\":\"PropertyValueSpecification\",\"valueRequired\":true,\"valueName\":\"search_term_string\"}}],\"inLanguage\":\"de\"},{\"@type\":\"Organization\",\"@id\":\"https:\\\/\\\/marktxxl.de\\\/markt\\\/#organization\",\"name\":\"Markt-XXL\",\"url\":\"https:\\\/\\\/marktxxl.de\\\/markt\\\/\",\"logo\":{\"@type\":\"ImageObject\",\"inLanguage\":\"de\",\"@id\":\"https:\\\/\\\/marktxxl.de\\\/markt\\\/#\\\/schema\\\/logo\\\/image\\\/\",\"url\":\"https:\\\/\\\/marktxxl.de\\\/markt\\\/wp-content\\\/uploads\\\/sites\\\/3\\\/2020\\\/12\\\/logo.png\",\"contentUrl\":\"https:\\\/\\\/marktxxl.de\\\/markt\\\/wp-content\\\/uploads\\\/sites\\\/3\\\/2020\\\/12\\\/logo.png\",\"width\":200,\"height\":70,\"caption\":\"Markt-XXL\"},\"image\":{\"@id\":\"https:\\\/\\\/marktxxl.de\\\/markt\\\/#\\\/schema\\\/logo\\\/image\\\/\"}}]}<\/script>\n<!-- \/ Yoast SEO plugin. -->","yoast_head_json":{"title":"Christian Art Gifts Klassische Bibelh\u00fclle f\u00fcr Herren, Be Strong and Courageous Joshua 1:9, braunes Kunstleder, gro\u00df - Markt-XXL","description":"Markt-XXL Christian Art Gifts Klassische Bibelh\u00fclle f\u00fcr Herren, Be Strong and Courageous Joshua 1:9, braunes Kunstleder, gro\u00df","robots":{"index":"index","follow":"follow","max-snippet":"max-snippet:-1","max-image-preview":"max-image-preview:large","max-video-preview":"max-video-preview:-1"},"canonical":"https:\/\/marktxxl.de\/markt\/produkt\/christian-art-gifts-klassische-bibelhuelle-fuer-herren-be-strong-and-courageous-joshua-19-braunes-kunstleder-gross\/","og_locale":"de_DE","og_type":"article","og_title":"Christian Art Gifts Klassische Bibelh\u00fclle f\u00fcr Herren, Be Strong and Courageous Joshua 1:9, braunes Kunstleder, gro\u00df - Markt-XXL","og_description":"Markt-XXL Christian Art Gifts Klassische Bibelh\u00fclle f\u00fcr Herren, Be Strong and Courageous Joshua 1:9, braunes Kunstleder, gro\u00df","og_url":"https:\/\/marktxxl.de\/markt\/produkt\/christian-art-gifts-klassische-bibelhuelle-fuer-herren-be-strong-and-courageous-joshua-19-braunes-kunstleder-gross\/","og_site_name":"Markt-XXL","twitter_card":"summary_large_image","twitter_misc":{"Gesch\u00e4tzte Lesezeit":"1\u00a0Minute"},"schema":{"@context":"https:\/\/schema.org","@graph":[{"@type":"WebPage","@id":"https:\/\/marktxxl.de\/markt\/produkt\/christian-art-gifts-klassische-bibelhuelle-fuer-herren-be-strong-and-courageous-joshua-19-braunes-kunstleder-gross\/","url":"https:\/\/marktxxl.de\/markt\/produkt\/christian-art-gifts-klassische-bibelhuelle-fuer-herren-be-strong-and-courageous-joshua-19-braunes-kunstleder-gross\/","name":"Christian Art Gifts Klassische Bibelh\u00fclle f\u00fcr Herren, Be Strong and Courageous Joshua 1:9, braunes Kunstleder, gro\u00df - Markt-XXL","isPartOf":{"@id":"https:\/\/marktxxl.de\/markt\/#website"},"primaryImageOfPage":{"@id":"https:\/\/marktxxl.de\/markt\/produkt\/christian-art-gifts-klassische-bibelhuelle-fuer-herren-be-strong-and-courageous-joshua-19-braunes-kunstleder-gross\/#primaryimage"},"image":{"@id":"https:\/\/marktxxl.de\/markt\/produkt\/christian-art-gifts-klassische-bibelhuelle-fuer-herren-be-strong-and-courageous-joshua-19-braunes-kunstleder-gross\/#primaryimage"},"thumbnailUrl":"https:\/\/m.media-amazon.com\/images\/I\/412bFKccSWL._SL500_.jpg","datePublished":"2024-07-28T16:19:23+00:00","description":"Markt-XXL Christian Art Gifts Klassische Bibelh\u00fclle f\u00fcr Herren, Be Strong and Courageous Joshua 1:9, braunes Kunstleder, gro\u00df","breadcrumb":{"@id":"https:\/\/marktxxl.de\/markt\/produkt\/christian-art-gifts-klassische-bibelhuelle-fuer-herren-be-strong-and-courageous-joshua-19-braunes-kunstleder-gross\/#breadcrumb"},"inLanguage":"de","potentialAction":[{"@type":"ReadAction","target":["https:\/\/marktxxl.de\/markt\/produkt\/christian-art-gifts-klassische-bibelhuelle-fuer-herren-be-strong-and-courageous-joshua-19-braunes-kunstleder-gross\/"]}]},{"@type":"ImageObject","inLanguage":"de","@id":"https:\/\/marktxxl.de\/markt\/produkt\/christian-art-gifts-klassische-bibelhuelle-fuer-herren-be-strong-and-courageous-joshua-19-braunes-kunstleder-gross\/#primaryimage","url":"https:\/\/m.media-amazon.com\/images\/I\/412bFKccSWL._SL500_.jpg","contentUrl":"https:\/\/m.media-amazon.com\/images\/I\/412bFKccSWL._SL500_.jpg","width":500,"height":500},{"@type":"BreadcrumbList","@id":"https:\/\/marktxxl.de\/markt\/produkt\/christian-art-gifts-klassische-bibelhuelle-fuer-herren-be-strong-and-courageous-joshua-19-braunes-kunstleder-gross\/#breadcrumb","itemListElement":[{"@type":"ListItem","position":1,"name":"Startseite","item":"https:\/\/marktxxl.de\/markt\/"},{"@type":"ListItem","position":2,"name":"Markt","item":"https:\/\/marktxxl.de\/markt\/"},{"@type":"ListItem","position":3,"name":"Christian Art Gifts Klassische Bibelh\u00fclle f\u00fcr Herren, Be Strong and Courageous Joshua 1:9, braunes Kunstleder, gro\u00df"}]},{"@type":"WebSite","@id":"https:\/\/marktxxl.de\/markt\/#website","url":"https:\/\/marktxxl.de\/markt\/","name":"Markt-XXL","description":"Ihr Markt Online","publisher":{"@id":"https:\/\/marktxxl.de\/markt\/#organization"},"potentialAction":[{"@type":"SearchAction","target":{"@type":"EntryPoint","urlTemplate":"https:\/\/marktxxl.de\/markt\/?s={search_term_string}"},"query-input":{"@type":"PropertyValueSpecification","valueRequired":true,"valueName":"search_term_string"}}],"inLanguage":"de"},{"@type":"Organization","@id":"https:\/\/marktxxl.de\/markt\/#organization","name":"Markt-XXL","url":"https:\/\/marktxxl.de\/markt\/","logo":{"@type":"ImageObject","inLanguage":"de","@id":"https:\/\/marktxxl.de\/markt\/#\/schema\/logo\/image\/","url":"https:\/\/marktxxl.de\/markt\/wp-content\/uploads\/sites\/3\/2020\/12\/logo.png","contentUrl":"https:\/\/marktxxl.de\/markt\/wp-content\/uploads\/sites\/3\/2020\/12\/logo.png","width":200,"height":70,"caption":"Markt-XXL"},"image":{"@id":"https:\/\/marktxxl.de\/markt\/#\/schema\/logo\/image\/"}}]}},"_links":{"self":[{"href":"https:\/\/marktxxl.de\/markt\/wp-json\/wp\/v2\/product\/223731","targetHints":{"allow":["GET"]}}],"collection":[{"href":"https:\/\/marktxxl.de\/markt\/wp-json\/wp\/v2\/product"}],"about":[{"href":"https:\/\/marktxxl.de\/markt\/wp-json\/wp\/v2\/types\/product"}],"replies":[{"embeddable":true,"href":"https:\/\/marktxxl.de\/markt\/wp-json\/wp\/v2\/comments?post=223731"}],"wp:featuredmedia":[{"embeddable":true,"href":"https:\/\/marktxxl.de\/markt\/wp-json\/wp\/v2\/media\/223732"}],"wp:attachment":[{"href":"https:\/\/marktxxl.de\/markt\/wp-json\/wp\/v2\/media?parent=223731"}],"wp:term":[{"taxonomy":"product_brand","embeddable":true,"href":"https:\/\/marktxxl.de\/markt\/wp-json\/wp\/v2\/product_brand?post=223731"},{"taxonomy":"product_cat","embeddable":true,"href":"https:\/\/marktxxl.de\/markt\/wp-json\/wp\/v2\/product_cat?post=223731"},{"taxonomy":"product_tag","embeddable":true,"href":"https:\/\/marktxxl.de\/markt\/wp-json\/wp\/v2\/product_tag?post=223731"}],"curies":[{"name":"wp","href":"https:\/\/api.w.org\/{rel}","templated":true}]}}