{"id":223724,"date":"2024-07-28T18:17:39","date_gmt":"2024-07-28T16:17:39","guid":{"rendered":"https:\/\/marktxxl.de\/markt\/produkt\/disney-kinder-der-koenig-der-loewen-rucksack\/"},"modified":"2024-07-28T18:17:39","modified_gmt":"2024-07-28T16:17:39","slug":"disney-kinder-der-koenig-der-loewen-rucksack","status":"publish","type":"product","link":"https:\/\/marktxxl.de\/markt\/produkt\/disney-kinder-der-koenig-der-loewen-rucksack\/","title":{"rendered":"Disney Kinder Der K\u00f6nig der L\u00f6wen Rucksack"},"content":{"rendered":"<p>Kinder Lion King Rucksack.<br \/>\nUngef\u00e4hre Abmessungen: H: 36 x B: 29 x T: 11 cm<br \/>\nIn den Farben Orange und Gelb bietet diese lebendige Tasche Simba auf der Vordertasche in einem flockigen, strukturierten Stoff mit 3D-Pl\u00fcschohren! Die Haupttasche hat einen gestreiften Hintergrund mit afrikanischen Aufdrucken und ein gummiertes Simba-Logo mit &#8216;The Lion King Since&#8217; 94.<br \/>\nKomplett mit einem gummierten Rei\u00dfverschluss mit Simbas zuverl\u00e4ssigem Berater Zazu und gelben Netztaschen an den Seiten wird dieser fantastische Rucksack mit Sicherheit das Hauptereignis sein, wie es noch kein K\u00f6nig zuvor getan hat!<br \/>\nOffiziell lizenzierte Disney-Ware, exklusiv f\u00fcr Character DE.<br \/>\n<div class=\"main-cross-sell\" data-asin=\"B07ZH9LQ15\">\n\n\t<div class=\"WooZone-cross-sell-loader\">\n\t\t<div>\n\t\t\t<div id=\"floatingBarsG\">\n\t\t\t\t<div class=\"blockG\" id=\"rotateG_01\"><\/div>\n\t\t\t\t<div class=\"blockG\" id=\"rotateG_02\"><\/div>\n\t\t\t\t<div class=\"blockG\" id=\"rotateG_03\"><\/div>\n\t\t\t\t<div class=\"blockG\" id=\"rotateG_04\"><\/div>\n\t\t\t\t<div class=\"blockG\" id=\"rotateG_05\"><\/div>\n\t\t\t\t<div class=\"blockG\" id=\"rotateG_06\"><\/div>\n\t\t\t\t<div class=\"blockG\" id=\"rotateG_07\"><\/div>\n\t\t\t\t<div class=\"blockG\" id=\"rotateG_08\"><\/div>\n\t\t\t<\/div>\n\t\t\t<div class=\"WooZone-cross-sell-loader-text\"><\/div>\n\t\t<\/div>\n\t<\/div>\n\n\t\t\n<\/div>\n<div style=\"clear:both;\"><\/div><\/p>\n","protected":false},"excerpt":{"rendered":"<p>Kinder Lion King Rucksack.<br \/>\nUngef\u00e4hre Abmessungen: H: 36 x B: 29 x T: 11 cm<br \/>\nIn den Farben Orange und Gelb bietet diese lebendige Tasche Simba auf der Vordertasche in einem flockigen, strukturierten Stoff mit 3D-Pl\u00fcschohren! Die Haupttasche hat einen gestreiften Hintergrund mit afrikanischen Aufdrucken und ein gummiertes Simba-Logo mit &#8216;The Lion King Since&#8217; 94.<\/p>\n","protected":false},"featured_media":223725,"comment_status":"open","ping_status":"closed","template":"","meta":[],"product_brand":[],"product_cat":[504,8631],"product_tag":[],"class_list":{"0":"post-223724","1":"product","2":"type-product","3":"status-publish","4":"has-post-thumbnail","6":"product_cat-buerobedarf-schreibwaren","7":"product_cat-schul-unibedarf","8":"pa_binding-luggage","9":"pa_brand-disney","10":"pa_color-orange","11":"pa_height-14-173228332-zoll","12":"pa_length-4-330708657-zoll","13":"pa_size-einheitsgroesse","14":"pa_weight-0-6393405598-pounds","15":"pa_width-11-417322823-zoll","17":"first","18":"instock","19":"shipping-taxable","20":"purchasable","21":"product-type-simple","22":"customify-col","23":"product-has-gallery"},"yoast_head":"<!-- This site is optimized with the Yoast SEO plugin v27.3 - https:\/\/yoast.com\/product\/yoast-seo-wordpress\/ -->\n<title>Disney Kinder Der K\u00f6nig der L\u00f6wen Rucksack - Markt-XXL<\/title>\n<meta name=\"description\" content=\"Markt-XXL Disney Kinder Der K\u00f6nig der L\u00f6wen Rucksack\" \/>\n<meta name=\"robots\" content=\"index, follow, max-snippet:-1, max-image-preview:large, max-video-preview:-1\" \/>\n<link rel=\"canonical\" href=\"https:\/\/marktxxl.de\/markt\/produkt\/disney-kinder-der-koenig-der-loewen-rucksack\/\" \/>\n<meta property=\"og:locale\" content=\"de_DE\" \/>\n<meta property=\"og:type\" content=\"article\" \/>\n<meta property=\"og:title\" content=\"Disney Kinder Der K\u00f6nig der L\u00f6wen Rucksack - Markt-XXL\" \/>\n<meta property=\"og:description\" content=\"Markt-XXL Disney Kinder Der K\u00f6nig der L\u00f6wen Rucksack\" \/>\n<meta property=\"og:url\" content=\"https:\/\/marktxxl.de\/markt\/produkt\/disney-kinder-der-koenig-der-loewen-rucksack\/\" \/>\n<meta property=\"og:site_name\" content=\"Markt-XXL\" \/>\n<meta name=\"twitter:card\" content=\"summary_large_image\" \/>\n<meta name=\"twitter:label1\" content=\"Gesch\u00e4tzte Lesezeit\" \/>\n\t<meta name=\"twitter:data1\" content=\"1\u00a0Minute\" \/>\n<script type=\"application\/ld+json\" class=\"yoast-schema-graph\">{\"@context\":\"https:\\\/\\\/schema.org\",\"@graph\":[{\"@type\":\"WebPage\",\"@id\":\"https:\\\/\\\/marktxxl.de\\\/markt\\\/produkt\\\/disney-kinder-der-koenig-der-loewen-rucksack\\\/\",\"url\":\"https:\\\/\\\/marktxxl.de\\\/markt\\\/produkt\\\/disney-kinder-der-koenig-der-loewen-rucksack\\\/\",\"name\":\"Disney Kinder Der K\u00f6nig der L\u00f6wen Rucksack - Markt-XXL\",\"isPartOf\":{\"@id\":\"https:\\\/\\\/marktxxl.de\\\/markt\\\/#website\"},\"primaryImageOfPage\":{\"@id\":\"https:\\\/\\\/marktxxl.de\\\/markt\\\/produkt\\\/disney-kinder-der-koenig-der-loewen-rucksack\\\/#primaryimage\"},\"image\":{\"@id\":\"https:\\\/\\\/marktxxl.de\\\/markt\\\/produkt\\\/disney-kinder-der-koenig-der-loewen-rucksack\\\/#primaryimage\"},\"thumbnailUrl\":\"https:\\\/\\\/m.media-amazon.com\\\/images\\\/I\\\/51c6uXaBZcL._SL500_.jpg\",\"datePublished\":\"2024-07-28T16:17:39+00:00\",\"description\":\"Markt-XXL Disney Kinder Der K\u00f6nig der L\u00f6wen Rucksack\",\"breadcrumb\":{\"@id\":\"https:\\\/\\\/marktxxl.de\\\/markt\\\/produkt\\\/disney-kinder-der-koenig-der-loewen-rucksack\\\/#breadcrumb\"},\"inLanguage\":\"de\",\"potentialAction\":[{\"@type\":\"ReadAction\",\"target\":[\"https:\\\/\\\/marktxxl.de\\\/markt\\\/produkt\\\/disney-kinder-der-koenig-der-loewen-rucksack\\\/\"]}]},{\"@type\":\"ImageObject\",\"inLanguage\":\"de\",\"@id\":\"https:\\\/\\\/marktxxl.de\\\/markt\\\/produkt\\\/disney-kinder-der-koenig-der-loewen-rucksack\\\/#primaryimage\",\"url\":\"https:\\\/\\\/m.media-amazon.com\\\/images\\\/I\\\/51c6uXaBZcL._SL500_.jpg\",\"contentUrl\":\"https:\\\/\\\/m.media-amazon.com\\\/images\\\/I\\\/51c6uXaBZcL._SL500_.jpg\",\"width\":375,\"height\":500},{\"@type\":\"BreadcrumbList\",\"@id\":\"https:\\\/\\\/marktxxl.de\\\/markt\\\/produkt\\\/disney-kinder-der-koenig-der-loewen-rucksack\\\/#breadcrumb\",\"itemListElement\":[{\"@type\":\"ListItem\",\"position\":1,\"name\":\"Startseite\",\"item\":\"https:\\\/\\\/marktxxl.de\\\/markt\\\/\"},{\"@type\":\"ListItem\",\"position\":2,\"name\":\"Markt\",\"item\":\"https:\\\/\\\/marktxxl.de\\\/markt\\\/\"},{\"@type\":\"ListItem\",\"position\":3,\"name\":\"Disney Kinder Der K\u00f6nig der L\u00f6wen Rucksack\"}]},{\"@type\":\"WebSite\",\"@id\":\"https:\\\/\\\/marktxxl.de\\\/markt\\\/#website\",\"url\":\"https:\\\/\\\/marktxxl.de\\\/markt\\\/\",\"name\":\"Markt-XXL\",\"description\":\"Ihr Markt Online\",\"publisher\":{\"@id\":\"https:\\\/\\\/marktxxl.de\\\/markt\\\/#organization\"},\"potentialAction\":[{\"@type\":\"SearchAction\",\"target\":{\"@type\":\"EntryPoint\",\"urlTemplate\":\"https:\\\/\\\/marktxxl.de\\\/markt\\\/?s={search_term_string}\"},\"query-input\":{\"@type\":\"PropertyValueSpecification\",\"valueRequired\":true,\"valueName\":\"search_term_string\"}}],\"inLanguage\":\"de\"},{\"@type\":\"Organization\",\"@id\":\"https:\\\/\\\/marktxxl.de\\\/markt\\\/#organization\",\"name\":\"Markt-XXL\",\"url\":\"https:\\\/\\\/marktxxl.de\\\/markt\\\/\",\"logo\":{\"@type\":\"ImageObject\",\"inLanguage\":\"de\",\"@id\":\"https:\\\/\\\/marktxxl.de\\\/markt\\\/#\\\/schema\\\/logo\\\/image\\\/\",\"url\":\"https:\\\/\\\/marktxxl.de\\\/markt\\\/wp-content\\\/uploads\\\/sites\\\/3\\\/2020\\\/12\\\/logo.png\",\"contentUrl\":\"https:\\\/\\\/marktxxl.de\\\/markt\\\/wp-content\\\/uploads\\\/sites\\\/3\\\/2020\\\/12\\\/logo.png\",\"width\":200,\"height\":70,\"caption\":\"Markt-XXL\"},\"image\":{\"@id\":\"https:\\\/\\\/marktxxl.de\\\/markt\\\/#\\\/schema\\\/logo\\\/image\\\/\"}}]}<\/script>\n<!-- \/ Yoast SEO plugin. -->","yoast_head_json":{"title":"Disney Kinder Der K\u00f6nig der L\u00f6wen Rucksack - Markt-XXL","description":"Markt-XXL Disney Kinder Der K\u00f6nig der L\u00f6wen Rucksack","robots":{"index":"index","follow":"follow","max-snippet":"max-snippet:-1","max-image-preview":"max-image-preview:large","max-video-preview":"max-video-preview:-1"},"canonical":"https:\/\/marktxxl.de\/markt\/produkt\/disney-kinder-der-koenig-der-loewen-rucksack\/","og_locale":"de_DE","og_type":"article","og_title":"Disney Kinder Der K\u00f6nig der L\u00f6wen Rucksack - Markt-XXL","og_description":"Markt-XXL Disney Kinder Der K\u00f6nig der L\u00f6wen Rucksack","og_url":"https:\/\/marktxxl.de\/markt\/produkt\/disney-kinder-der-koenig-der-loewen-rucksack\/","og_site_name":"Markt-XXL","twitter_card":"summary_large_image","twitter_misc":{"Gesch\u00e4tzte Lesezeit":"1\u00a0Minute"},"schema":{"@context":"https:\/\/schema.org","@graph":[{"@type":"WebPage","@id":"https:\/\/marktxxl.de\/markt\/produkt\/disney-kinder-der-koenig-der-loewen-rucksack\/","url":"https:\/\/marktxxl.de\/markt\/produkt\/disney-kinder-der-koenig-der-loewen-rucksack\/","name":"Disney Kinder Der K\u00f6nig der L\u00f6wen Rucksack - Markt-XXL","isPartOf":{"@id":"https:\/\/marktxxl.de\/markt\/#website"},"primaryImageOfPage":{"@id":"https:\/\/marktxxl.de\/markt\/produkt\/disney-kinder-der-koenig-der-loewen-rucksack\/#primaryimage"},"image":{"@id":"https:\/\/marktxxl.de\/markt\/produkt\/disney-kinder-der-koenig-der-loewen-rucksack\/#primaryimage"},"thumbnailUrl":"https:\/\/m.media-amazon.com\/images\/I\/51c6uXaBZcL._SL500_.jpg","datePublished":"2024-07-28T16:17:39+00:00","description":"Markt-XXL Disney Kinder Der K\u00f6nig der L\u00f6wen Rucksack","breadcrumb":{"@id":"https:\/\/marktxxl.de\/markt\/produkt\/disney-kinder-der-koenig-der-loewen-rucksack\/#breadcrumb"},"inLanguage":"de","potentialAction":[{"@type":"ReadAction","target":["https:\/\/marktxxl.de\/markt\/produkt\/disney-kinder-der-koenig-der-loewen-rucksack\/"]}]},{"@type":"ImageObject","inLanguage":"de","@id":"https:\/\/marktxxl.de\/markt\/produkt\/disney-kinder-der-koenig-der-loewen-rucksack\/#primaryimage","url":"https:\/\/m.media-amazon.com\/images\/I\/51c6uXaBZcL._SL500_.jpg","contentUrl":"https:\/\/m.media-amazon.com\/images\/I\/51c6uXaBZcL._SL500_.jpg","width":375,"height":500},{"@type":"BreadcrumbList","@id":"https:\/\/marktxxl.de\/markt\/produkt\/disney-kinder-der-koenig-der-loewen-rucksack\/#breadcrumb","itemListElement":[{"@type":"ListItem","position":1,"name":"Startseite","item":"https:\/\/marktxxl.de\/markt\/"},{"@type":"ListItem","position":2,"name":"Markt","item":"https:\/\/marktxxl.de\/markt\/"},{"@type":"ListItem","position":3,"name":"Disney Kinder Der K\u00f6nig der L\u00f6wen Rucksack"}]},{"@type":"WebSite","@id":"https:\/\/marktxxl.de\/markt\/#website","url":"https:\/\/marktxxl.de\/markt\/","name":"Markt-XXL","description":"Ihr Markt Online","publisher":{"@id":"https:\/\/marktxxl.de\/markt\/#organization"},"potentialAction":[{"@type":"SearchAction","target":{"@type":"EntryPoint","urlTemplate":"https:\/\/marktxxl.de\/markt\/?s={search_term_string}"},"query-input":{"@type":"PropertyValueSpecification","valueRequired":true,"valueName":"search_term_string"}}],"inLanguage":"de"},{"@type":"Organization","@id":"https:\/\/marktxxl.de\/markt\/#organization","name":"Markt-XXL","url":"https:\/\/marktxxl.de\/markt\/","logo":{"@type":"ImageObject","inLanguage":"de","@id":"https:\/\/marktxxl.de\/markt\/#\/schema\/logo\/image\/","url":"https:\/\/marktxxl.de\/markt\/wp-content\/uploads\/sites\/3\/2020\/12\/logo.png","contentUrl":"https:\/\/marktxxl.de\/markt\/wp-content\/uploads\/sites\/3\/2020\/12\/logo.png","width":200,"height":70,"caption":"Markt-XXL"},"image":{"@id":"https:\/\/marktxxl.de\/markt\/#\/schema\/logo\/image\/"}}]}},"_links":{"self":[{"href":"https:\/\/marktxxl.de\/markt\/wp-json\/wp\/v2\/product\/223724","targetHints":{"allow":["GET"]}}],"collection":[{"href":"https:\/\/marktxxl.de\/markt\/wp-json\/wp\/v2\/product"}],"about":[{"href":"https:\/\/marktxxl.de\/markt\/wp-json\/wp\/v2\/types\/product"}],"replies":[{"embeddable":true,"href":"https:\/\/marktxxl.de\/markt\/wp-json\/wp\/v2\/comments?post=223724"}],"wp:featuredmedia":[{"embeddable":true,"href":"https:\/\/marktxxl.de\/markt\/wp-json\/wp\/v2\/media\/223725"}],"wp:attachment":[{"href":"https:\/\/marktxxl.de\/markt\/wp-json\/wp\/v2\/media?parent=223724"}],"wp:term":[{"taxonomy":"product_brand","embeddable":true,"href":"https:\/\/marktxxl.de\/markt\/wp-json\/wp\/v2\/product_brand?post=223724"},{"taxonomy":"product_cat","embeddable":true,"href":"https:\/\/marktxxl.de\/markt\/wp-json\/wp\/v2\/product_cat?post=223724"},{"taxonomy":"product_tag","embeddable":true,"href":"https:\/\/marktxxl.de\/markt\/wp-json\/wp\/v2\/product_tag?post=223724"}],"curies":[{"name":"wp","href":"https:\/\/api.w.org\/{rel}","templated":true}]}}