{"id":223711,"date":"2024-07-28T18:17:26","date_gmt":"2024-07-28T16:17:26","guid":{"rendered":"https:\/\/marktxxl.de\/markt\/produkt\/zipit\/"},"modified":"2024-07-28T18:17:26","modified_gmt":"2024-07-28T16:17:26","slug":"zipit","status":"publish","type":"product","link":"https:\/\/marktxxl.de\/markt\/produkt\/zipit\/","title":{"rendered":"ZIPIT"},"content":{"rendered":"<p>Verspielt und lustig &#8211; ein cooles Federm\u00e4ppchen und l\u00e4chelnder Monstercharakter in einem. W\u00e4hlen Sie Ihre Lieblingsfarbe und haben Sie einen klugen Freund, der Ihnen hilft, das ganze Jahr \u00fcber organisiert zu bleiben.<br \/>\nAus einem langen Rei\u00dfverschluss Cleveres Design verf\u00fcgt \u00fcber einen langen Rei\u00dfverschluss, der vollst\u00e4ndig mit Rei\u00dfverschluss ge\u00f6ffnet und ge\u00f6ffnet werden kann. Es ist ein cooles Federm\u00e4ppchen f\u00fcr Jungen oder M\u00e4dchen und ist ein perfektes Geschenk.<br \/>\nPraktische Aufbewahrung: Bleiben Sie stilvoll organisiert. Mit einer 7,8 cm extra breiten Rei\u00dfverschluss\u00f6ffnung haben Sie einfachen Zugriff auf alle Ihre Schulsachen oder B\u00fcromaterialien. Passend f\u00fcr 25\u201330 Stifte und Bleistifte und kann als Make-up-Tasche, Handytasche oder Geldb\u00f6rse verwendet werden.<br \/>\n100 % Polyester \u2013 Dieses niedliche Federm\u00e4ppchen wurde sorgf\u00e4ltig aus robustem, strapazierf\u00e4higem Polyestergewebe gefertigt, um sicherzustellen, dass es lange h\u00e4lt.<br \/>\nPFLEGELEICHT &#8211; Ihr ZIPIT GRILLZ Federm\u00e4ppchen kann im Schonwaschgang in der Maschine gewaschen werden. F\u00fcr beste Ergebnisse, vor dem Waschen vollst\u00e4ndig versiegeln und eine maximale Wassertemperatur von 30 \u00b0C verwenden, zum Trocknen flach hinlegen.<br \/>\n<div class=\"main-cross-sell\" data-asin=\"B08P3TKNZZ\">\n\n\t<div class=\"WooZone-cross-sell-loader\">\n\t\t<div>\n\t\t\t<div id=\"floatingBarsG\">\n\t\t\t\t<div class=\"blockG\" id=\"rotateG_01\"><\/div>\n\t\t\t\t<div class=\"blockG\" id=\"rotateG_02\"><\/div>\n\t\t\t\t<div class=\"blockG\" id=\"rotateG_03\"><\/div>\n\t\t\t\t<div class=\"blockG\" id=\"rotateG_04\"><\/div>\n\t\t\t\t<div class=\"blockG\" id=\"rotateG_05\"><\/div>\n\t\t\t\t<div class=\"blockG\" id=\"rotateG_06\"><\/div>\n\t\t\t\t<div class=\"blockG\" id=\"rotateG_07\"><\/div>\n\t\t\t\t<div class=\"blockG\" id=\"rotateG_08\"><\/div>\n\t\t\t<\/div>\n\t\t\t<div class=\"WooZone-cross-sell-loader-text\"><\/div>\n\t\t<\/div>\n\t<\/div>\n\n\t\t\n<\/div>\n<div style=\"clear:both;\"><\/div><\/p>\n","protected":false},"excerpt":{"rendered":"<p>Verspielt und lustig &#8211; ein cooles Federm\u00e4ppchen und l\u00e4chelnder Monstercharakter in einem. W\u00e4hlen Sie Ihre Lieblingsfarbe und haben Sie einen klugen Freund, der Ihnen hilft, das ganze Jahr \u00fcber organisiert zu bleiben.<br \/>\nAus einem langen Rei\u00dfverschluss Cleveres Design verf\u00fcgt \u00fcber einen langen Rei\u00dfverschluss, der vollst\u00e4ndig mit Rei\u00dfverschluss ge\u00f6ffnet und ge\u00f6ffnet werden kann. Es ist ein cooles Federm\u00e4ppchen f\u00fcr Jungen oder M\u00e4dchen und ist ein perfektes Geschenk.<br \/>\nPraktische Aufbewahrung: Bleiben Sie stilvoll organisiert. Mit einer 7,8 cm extra breiten Rei\u00dfverschluss\u00f6ffnung haben Sie einfachen Zugriff auf alle Ihre Schulsachen oder B\u00fcromaterialien. Passend f\u00fcr 25\u201330 Stifte und Bleistifte und kann als Make-up-Tasche, Handytasche oder Geldb\u00f6rse verwendet werden.<\/p>\n","protected":false},"featured_media":223712,"comment_status":"open","ping_status":"closed","template":"","meta":[],"product_brand":[],"product_cat":[504,8631],"product_tag":[],"class_list":{"0":"post-223711","1":"product","2":"type-product","3":"status-publish","4":"has-post-thumbnail","6":"product_cat-buerobedarf-schreibwaren","7":"product_cat-schul-unibedarf","8":"pa_binding-buerobedarf-schreibwaren","9":"pa_brand-zipit","10":"pa_height-3-94-zoll","11":"pa_length-8-66-zoll","12":"pa_manufacturer-zipit","13":"pa_width-0-39-zoll","15":"first","16":"instock","17":"shipping-taxable","18":"product-type-simple","19":"customify-col","20":"product-has-gallery"},"yoast_head":"<!-- This site is optimized with the Yoast SEO plugin v27.3 - https:\/\/yoast.com\/product\/yoast-seo-wordpress\/ -->\n<title>ZIPIT - Markt-XXL<\/title>\n<meta name=\"description\" content=\"Markt-XXL ZIPIT\" \/>\n<meta name=\"robots\" content=\"index, follow, max-snippet:-1, max-image-preview:large, max-video-preview:-1\" \/>\n<link rel=\"canonical\" href=\"https:\/\/marktxxl.de\/markt\/produkt\/zipit\/\" \/>\n<meta property=\"og:locale\" content=\"de_DE\" \/>\n<meta property=\"og:type\" content=\"article\" \/>\n<meta property=\"og:title\" content=\"ZIPIT - Markt-XXL\" \/>\n<meta property=\"og:description\" content=\"Markt-XXL ZIPIT\" \/>\n<meta property=\"og:url\" content=\"https:\/\/marktxxl.de\/markt\/produkt\/zipit\/\" \/>\n<meta property=\"og:site_name\" content=\"Markt-XXL\" \/>\n<meta name=\"twitter:card\" content=\"summary_large_image\" \/>\n<meta name=\"twitter:label1\" content=\"Gesch\u00e4tzte Lesezeit\" \/>\n\t<meta name=\"twitter:data1\" content=\"1\u00a0Minute\" \/>\n<script type=\"application\/ld+json\" class=\"yoast-schema-graph\">{\"@context\":\"https:\\\/\\\/schema.org\",\"@graph\":[{\"@type\":\"WebPage\",\"@id\":\"https:\\\/\\\/marktxxl.de\\\/markt\\\/produkt\\\/zipit\\\/\",\"url\":\"https:\\\/\\\/marktxxl.de\\\/markt\\\/produkt\\\/zipit\\\/\",\"name\":\"ZIPIT - Markt-XXL\",\"isPartOf\":{\"@id\":\"https:\\\/\\\/marktxxl.de\\\/markt\\\/#website\"},\"primaryImageOfPage\":{\"@id\":\"https:\\\/\\\/marktxxl.de\\\/markt\\\/produkt\\\/zipit\\\/#primaryimage\"},\"image\":{\"@id\":\"https:\\\/\\\/marktxxl.de\\\/markt\\\/produkt\\\/zipit\\\/#primaryimage\"},\"thumbnailUrl\":\"https:\\\/\\\/m.media-amazon.com\\\/images\\\/I\\\/41Ma9IXV-ZL._SL500_.jpg\",\"datePublished\":\"2024-07-28T16:17:26+00:00\",\"description\":\"Markt-XXL ZIPIT\",\"breadcrumb\":{\"@id\":\"https:\\\/\\\/marktxxl.de\\\/markt\\\/produkt\\\/zipit\\\/#breadcrumb\"},\"inLanguage\":\"de\",\"potentialAction\":[{\"@type\":\"ReadAction\",\"target\":[\"https:\\\/\\\/marktxxl.de\\\/markt\\\/produkt\\\/zipit\\\/\"]}]},{\"@type\":\"ImageObject\",\"inLanguage\":\"de\",\"@id\":\"https:\\\/\\\/marktxxl.de\\\/markt\\\/produkt\\\/zipit\\\/#primaryimage\",\"url\":\"https:\\\/\\\/m.media-amazon.com\\\/images\\\/I\\\/41Ma9IXV-ZL._SL500_.jpg\",\"contentUrl\":\"https:\\\/\\\/m.media-amazon.com\\\/images\\\/I\\\/41Ma9IXV-ZL._SL500_.jpg\",\"width\":500,\"height\":500},{\"@type\":\"BreadcrumbList\",\"@id\":\"https:\\\/\\\/marktxxl.de\\\/markt\\\/produkt\\\/zipit\\\/#breadcrumb\",\"itemListElement\":[{\"@type\":\"ListItem\",\"position\":1,\"name\":\"Startseite\",\"item\":\"https:\\\/\\\/marktxxl.de\\\/markt\\\/\"},{\"@type\":\"ListItem\",\"position\":2,\"name\":\"Markt\",\"item\":\"https:\\\/\\\/marktxxl.de\\\/markt\\\/\"},{\"@type\":\"ListItem\",\"position\":3,\"name\":\"ZIPIT\"}]},{\"@type\":\"WebSite\",\"@id\":\"https:\\\/\\\/marktxxl.de\\\/markt\\\/#website\",\"url\":\"https:\\\/\\\/marktxxl.de\\\/markt\\\/\",\"name\":\"Markt-XXL\",\"description\":\"Ihr Markt Online\",\"publisher\":{\"@id\":\"https:\\\/\\\/marktxxl.de\\\/markt\\\/#organization\"},\"potentialAction\":[{\"@type\":\"SearchAction\",\"target\":{\"@type\":\"EntryPoint\",\"urlTemplate\":\"https:\\\/\\\/marktxxl.de\\\/markt\\\/?s={search_term_string}\"},\"query-input\":{\"@type\":\"PropertyValueSpecification\",\"valueRequired\":true,\"valueName\":\"search_term_string\"}}],\"inLanguage\":\"de\"},{\"@type\":\"Organization\",\"@id\":\"https:\\\/\\\/marktxxl.de\\\/markt\\\/#organization\",\"name\":\"Markt-XXL\",\"url\":\"https:\\\/\\\/marktxxl.de\\\/markt\\\/\",\"logo\":{\"@type\":\"ImageObject\",\"inLanguage\":\"de\",\"@id\":\"https:\\\/\\\/marktxxl.de\\\/markt\\\/#\\\/schema\\\/logo\\\/image\\\/\",\"url\":\"https:\\\/\\\/marktxxl.de\\\/markt\\\/wp-content\\\/uploads\\\/sites\\\/3\\\/2020\\\/12\\\/logo.png\",\"contentUrl\":\"https:\\\/\\\/marktxxl.de\\\/markt\\\/wp-content\\\/uploads\\\/sites\\\/3\\\/2020\\\/12\\\/logo.png\",\"width\":200,\"height\":70,\"caption\":\"Markt-XXL\"},\"image\":{\"@id\":\"https:\\\/\\\/marktxxl.de\\\/markt\\\/#\\\/schema\\\/logo\\\/image\\\/\"}}]}<\/script>\n<!-- \/ Yoast SEO plugin. -->","yoast_head_json":{"title":"ZIPIT - Markt-XXL","description":"Markt-XXL ZIPIT","robots":{"index":"index","follow":"follow","max-snippet":"max-snippet:-1","max-image-preview":"max-image-preview:large","max-video-preview":"max-video-preview:-1"},"canonical":"https:\/\/marktxxl.de\/markt\/produkt\/zipit\/","og_locale":"de_DE","og_type":"article","og_title":"ZIPIT - Markt-XXL","og_description":"Markt-XXL ZIPIT","og_url":"https:\/\/marktxxl.de\/markt\/produkt\/zipit\/","og_site_name":"Markt-XXL","twitter_card":"summary_large_image","twitter_misc":{"Gesch\u00e4tzte Lesezeit":"1\u00a0Minute"},"schema":{"@context":"https:\/\/schema.org","@graph":[{"@type":"WebPage","@id":"https:\/\/marktxxl.de\/markt\/produkt\/zipit\/","url":"https:\/\/marktxxl.de\/markt\/produkt\/zipit\/","name":"ZIPIT - Markt-XXL","isPartOf":{"@id":"https:\/\/marktxxl.de\/markt\/#website"},"primaryImageOfPage":{"@id":"https:\/\/marktxxl.de\/markt\/produkt\/zipit\/#primaryimage"},"image":{"@id":"https:\/\/marktxxl.de\/markt\/produkt\/zipit\/#primaryimage"},"thumbnailUrl":"https:\/\/m.media-amazon.com\/images\/I\/41Ma9IXV-ZL._SL500_.jpg","datePublished":"2024-07-28T16:17:26+00:00","description":"Markt-XXL ZIPIT","breadcrumb":{"@id":"https:\/\/marktxxl.de\/markt\/produkt\/zipit\/#breadcrumb"},"inLanguage":"de","potentialAction":[{"@type":"ReadAction","target":["https:\/\/marktxxl.de\/markt\/produkt\/zipit\/"]}]},{"@type":"ImageObject","inLanguage":"de","@id":"https:\/\/marktxxl.de\/markt\/produkt\/zipit\/#primaryimage","url":"https:\/\/m.media-amazon.com\/images\/I\/41Ma9IXV-ZL._SL500_.jpg","contentUrl":"https:\/\/m.media-amazon.com\/images\/I\/41Ma9IXV-ZL._SL500_.jpg","width":500,"height":500},{"@type":"BreadcrumbList","@id":"https:\/\/marktxxl.de\/markt\/produkt\/zipit\/#breadcrumb","itemListElement":[{"@type":"ListItem","position":1,"name":"Startseite","item":"https:\/\/marktxxl.de\/markt\/"},{"@type":"ListItem","position":2,"name":"Markt","item":"https:\/\/marktxxl.de\/markt\/"},{"@type":"ListItem","position":3,"name":"ZIPIT"}]},{"@type":"WebSite","@id":"https:\/\/marktxxl.de\/markt\/#website","url":"https:\/\/marktxxl.de\/markt\/","name":"Markt-XXL","description":"Ihr Markt Online","publisher":{"@id":"https:\/\/marktxxl.de\/markt\/#organization"},"potentialAction":[{"@type":"SearchAction","target":{"@type":"EntryPoint","urlTemplate":"https:\/\/marktxxl.de\/markt\/?s={search_term_string}"},"query-input":{"@type":"PropertyValueSpecification","valueRequired":true,"valueName":"search_term_string"}}],"inLanguage":"de"},{"@type":"Organization","@id":"https:\/\/marktxxl.de\/markt\/#organization","name":"Markt-XXL","url":"https:\/\/marktxxl.de\/markt\/","logo":{"@type":"ImageObject","inLanguage":"de","@id":"https:\/\/marktxxl.de\/markt\/#\/schema\/logo\/image\/","url":"https:\/\/marktxxl.de\/markt\/wp-content\/uploads\/sites\/3\/2020\/12\/logo.png","contentUrl":"https:\/\/marktxxl.de\/markt\/wp-content\/uploads\/sites\/3\/2020\/12\/logo.png","width":200,"height":70,"caption":"Markt-XXL"},"image":{"@id":"https:\/\/marktxxl.de\/markt\/#\/schema\/logo\/image\/"}}]}},"_links":{"self":[{"href":"https:\/\/marktxxl.de\/markt\/wp-json\/wp\/v2\/product\/223711","targetHints":{"allow":["GET"]}}],"collection":[{"href":"https:\/\/marktxxl.de\/markt\/wp-json\/wp\/v2\/product"}],"about":[{"href":"https:\/\/marktxxl.de\/markt\/wp-json\/wp\/v2\/types\/product"}],"replies":[{"embeddable":true,"href":"https:\/\/marktxxl.de\/markt\/wp-json\/wp\/v2\/comments?post=223711"}],"wp:featuredmedia":[{"embeddable":true,"href":"https:\/\/marktxxl.de\/markt\/wp-json\/wp\/v2\/media\/223712"}],"wp:attachment":[{"href":"https:\/\/marktxxl.de\/markt\/wp-json\/wp\/v2\/media?parent=223711"}],"wp:term":[{"taxonomy":"product_brand","embeddable":true,"href":"https:\/\/marktxxl.de\/markt\/wp-json\/wp\/v2\/product_brand?post=223711"},{"taxonomy":"product_cat","embeddable":true,"href":"https:\/\/marktxxl.de\/markt\/wp-json\/wp\/v2\/product_cat?post=223711"},{"taxonomy":"product_tag","embeddable":true,"href":"https:\/\/marktxxl.de\/markt\/wp-json\/wp\/v2\/product_tag?post=223711"}],"curies":[{"name":"wp","href":"https:\/\/api.w.org\/{rel}","templated":true}]}}