{"id":223703,"date":"2024-07-28T18:17:19","date_gmt":"2024-07-28T16:17:19","guid":{"rendered":"https:\/\/marktxxl.de\/markt\/produkt\/20-klassenzimmer-lernposter-fuer-vorschueler-kleinkinder-kindergarten-elementar-406-x-279-cm-20-stueck-lernposter-fuer-kleinkinder-wand-vorschule-kindergarten-kinderzimmer-dekora\/"},"modified":"2024-07-28T18:17:19","modified_gmt":"2024-07-28T16:17:19","slug":"20-klassenzimmer-lernposter-fuer-vorschueler-kleinkinder-kindergarten-elementar-406-x-279-cm-20-stueck-lernposter-fuer-kleinkinder-wand-vorschule-kindergarten-kinderzimmer-dekora","status":"publish","type":"product","link":"https:\/\/marktxxl.de\/markt\/produkt\/20-klassenzimmer-lernposter-fuer-vorschueler-kleinkinder-kindergarten-elementar-406-x-279-cm-20-stueck-lernposter-fuer-kleinkinder-wand-vorschule-kindergarten-kinderzimmer-dekora\/","title":{"rendered":"20 Klassenzimmer-Lernposter f\u00fcr Vorsch\u00fcler, Kleinkinder, Kindergarten, Elementar, 40,6 x 27,9 cm, 20 St\u00fcck \u2013 Lernposter f\u00fcr Kleinkinder, Wand, Vorschule, Kindergarten, Kinderzimmer, Dekoration"},"content":{"rendered":"<p>Lernposter f\u00fcr Kleinkinder, Vorschule, Kindergarten und Grundschule. 20 St\u00fcck (40,6 x 27,9 cm pro Poster): 2D &amp; 3D Shapes Poster, The Alphabet Poster, Animals &amp; their babies, Collective Animal Names, Color Chart f\u00fcr Kinder, Wochentage, Emotionen, Good Maners, Human Body, Monate des Jahres, Zahlen 1\u201310, Zahlendiagramm 1\u2013100 f\u00fcr Kinder, gegengesetzte, Berufe, Jahreszeiten. &amp; Wettertabelle f\u00fcr: Vorschule, Sonnensystem, Sport, Telling Time, Transport und USA Geld.<br \/>\nKlassenzimmer-Dekor, um die K\u00f6pfe der Kinder zu besch\u00e4ftigen und ihnen zu helfen, wichtige Meilensteine in ihren formativen Jahren zu treffen. Komplettes Klassenzimmer-Zubeh\u00f6r f\u00fcr Vorschul-Lernplakate. Zum Pr\u00e4sentieren in Klassenzimmern, Hausschule, Vorschule, Bibliotheken, etc. Beginnen Sie in einem fr\u00fchen Alter zu lernen.<br \/>\nKindergartenschullep\u00e4dagogische Poster sind aus wasserdichtem und rei\u00dffestem PVC-Kunststoff. Tr\u00e4nken Sie sie, befeuchten Sie sie, sie werden im Laufe der Zeit nicht ruiniert. Schreiben Sie sie mit einem Whiteboard-Marker, um Lehrpunkte hervorzuheben und leicht mit einem feuchten Tuch zu l\u00f6schen, um bequem und stressfrei zu lernen.<br \/>\nLebendiges Design und hochwertiger Farbdruck ziehen Kinder an und regen die Kreativit\u00e4t an. Sauberes Layout schont die Augen, erm\u00f6glicht kontinuierliches und ablenkungsfreies Lernen.<br \/>\nAbgerundete Kanten sorgen daf\u00fcr, dass Kinder beim Lernen nicht durch scharfe Ecken verletzt werden. Nie wieder schmerzhafte Papierschnitte durch scharfe Kanten. Wird in einem robusten PVC-Druckverschlussbeutel geliefert, f\u00fcr eine einfache und flache Lagerung, wenn nicht in Gebrauch. Kann jahrelang wiederverwendet werden. Bestellen Sie jetzt.<br \/>\n<div class=\"main-cross-sell\" data-asin=\"B0BXBN9VRN\">\n\n\t<div class=\"WooZone-cross-sell-loader\">\n\t\t<div>\n\t\t\t<div id=\"floatingBarsG\">\n\t\t\t\t<div class=\"blockG\" id=\"rotateG_01\"><\/div>\n\t\t\t\t<div class=\"blockG\" id=\"rotateG_02\"><\/div>\n\t\t\t\t<div class=\"blockG\" id=\"rotateG_03\"><\/div>\n\t\t\t\t<div class=\"blockG\" id=\"rotateG_04\"><\/div>\n\t\t\t\t<div class=\"blockG\" id=\"rotateG_05\"><\/div>\n\t\t\t\t<div class=\"blockG\" id=\"rotateG_06\"><\/div>\n\t\t\t\t<div class=\"blockG\" id=\"rotateG_07\"><\/div>\n\t\t\t\t<div class=\"blockG\" id=\"rotateG_08\"><\/div>\n\t\t\t<\/div>\n\t\t\t<div class=\"WooZone-cross-sell-loader-text\"><\/div>\n\t\t<\/div>\n\t<\/div>\n\n\t\t\n<\/div>\n<div style=\"clear:both;\"><\/div><\/p>\n","protected":false},"excerpt":{"rendered":"<p>Lernposter f\u00fcr Kleinkinder, Vorschule, Kindergarten und Grundschule. 20 St\u00fcck (40,6 x 27,9 cm pro Poster): 2D &amp; 3D Shapes Poster, The Alphabet Poster, Animals &amp; their babies, Collective Animal Names, Color Chart f\u00fcr Kinder, Wochentage, Emotionen, Good Maners, Human Body, Monate des Jahres, Zahlen 1\u201310, Zahlendiagramm 1\u2013100 f\u00fcr Kinder, gegengesetzte, Berufe, Jahreszeiten. &amp; Wettertabelle f\u00fcr: Vorschule, Sonnensystem, Sport, Telling Time, Transport und USA Geld.<br \/>\nKlassenzimmer-Dekor, um die K\u00f6pfe der Kinder zu besch\u00e4ftigen und ihnen zu helfen, wichtige Meilensteine in ihren formativen Jahren zu treffen. Komplettes Klassenzimmer-Zubeh\u00f6r f\u00fcr Vorschul-Lernplakate. Zum Pr\u00e4sentieren in Klassenzimmern, Hausschule, Vorschule, Bibliotheken, etc. Beginnen Sie in einem fr\u00fchen Alter zu lernen.<br \/>\nKindergartenschullep\u00e4dagogische Poster sind aus wasserdichtem und rei\u00dffestem PVC-Kunststoff. Tr\u00e4nken Sie sie, befeuchten Sie sie, sie werden im Laufe der Zeit nicht ruiniert. Schreiben Sie sie mit einem Whiteboard-Marker, um Lehrpunkte hervorzuheben und leicht mit einem feuchten Tuch zu l\u00f6schen, um bequem und stressfrei zu lernen.<\/p>\n","protected":false},"featured_media":223704,"comment_status":"open","ping_status":"closed","template":"","meta":[],"product_brand":[],"product_cat":[504,8631],"product_tag":[],"class_list":{"0":"post-223703","1":"product","2":"type-product","3":"status-publish","4":"has-post-thumbnail","6":"product_cat-buerobedarf-schreibwaren","7":"product_cat-schul-unibedarf","8":"pa_brand-momo-nashi","10":"first","11":"instock","12":"shipping-taxable","13":"product-type-simple","14":"customify-col","15":"product-has-gallery"},"yoast_head":"<!-- This site is optimized with the Yoast SEO plugin v27.3 - https:\/\/yoast.com\/product\/yoast-seo-wordpress\/ -->\n<title>20 Klassenzimmer-Lernposter f\u00fcr Vorsch\u00fcler, Kleinkinder, Kindergarten, Elementar, 40,6 x 27,9 cm, 20 St\u00fcck \u2013 Lernposter f\u00fcr Kleinkinder, Wand, Vorschule, Kindergarten, Kinderzimmer, Dekoration - Markt-XXL<\/title>\n<meta name=\"description\" content=\"Markt-XXL 20 Klassenzimmer-Lernposter f\u00fcr Vorsch\u00fcler, Kleinkinder, Kindergarten, Elementar, 40,6 x 27,9 cm, 20 St\u00fcck \u2013 Lernposter f\u00fcr Kleinkinder, Wand, Vorschule, Kindergarten, Kinderzimmer, Dekoration\" \/>\n<meta name=\"robots\" content=\"index, follow, max-snippet:-1, max-image-preview:large, max-video-preview:-1\" \/>\n<link rel=\"canonical\" href=\"https:\/\/marktxxl.de\/markt\/produkt\/20-klassenzimmer-lernposter-fuer-vorschueler-kleinkinder-kindergarten-elementar-406-x-279-cm-20-stueck-lernposter-fuer-kleinkinder-wand-vorschule-kindergarten-kinderzimmer-dekora\/\" \/>\n<meta property=\"og:locale\" content=\"de_DE\" \/>\n<meta property=\"og:type\" content=\"article\" \/>\n<meta property=\"og:title\" content=\"20 Klassenzimmer-Lernposter f\u00fcr Vorsch\u00fcler, Kleinkinder, Kindergarten, Elementar, 40,6 x 27,9 cm, 20 St\u00fcck \u2013 Lernposter f\u00fcr Kleinkinder, Wand, Vorschule, Kindergarten, Kinderzimmer, Dekoration - Markt-XXL\" \/>\n<meta property=\"og:description\" content=\"Markt-XXL 20 Klassenzimmer-Lernposter f\u00fcr Vorsch\u00fcler, Kleinkinder, Kindergarten, Elementar, 40,6 x 27,9 cm, 20 St\u00fcck \u2013 Lernposter f\u00fcr Kleinkinder, Wand, Vorschule, Kindergarten, Kinderzimmer, Dekoration\" \/>\n<meta property=\"og:url\" content=\"https:\/\/marktxxl.de\/markt\/produkt\/20-klassenzimmer-lernposter-fuer-vorschueler-kleinkinder-kindergarten-elementar-406-x-279-cm-20-stueck-lernposter-fuer-kleinkinder-wand-vorschule-kindergarten-kinderzimmer-dekora\/\" \/>\n<meta property=\"og:site_name\" content=\"Markt-XXL\" \/>\n<meta name=\"twitter:card\" content=\"summary_large_image\" \/>\n<meta name=\"twitter:label1\" content=\"Gesch\u00e4tzte Lesezeit\" \/>\n\t<meta name=\"twitter:data1\" content=\"1\u00a0Minute\" \/>\n<script type=\"application\/ld+json\" class=\"yoast-schema-graph\">{\"@context\":\"https:\\\/\\\/schema.org\",\"@graph\":[{\"@type\":\"WebPage\",\"@id\":\"https:\\\/\\\/marktxxl.de\\\/markt\\\/produkt\\\/20-klassenzimmer-lernposter-fuer-vorschueler-kleinkinder-kindergarten-elementar-406-x-279-cm-20-stueck-lernposter-fuer-kleinkinder-wand-vorschule-kindergarten-kinderzimmer-dekora\\\/\",\"url\":\"https:\\\/\\\/marktxxl.de\\\/markt\\\/produkt\\\/20-klassenzimmer-lernposter-fuer-vorschueler-kleinkinder-kindergarten-elementar-406-x-279-cm-20-stueck-lernposter-fuer-kleinkinder-wand-vorschule-kindergarten-kinderzimmer-dekora\\\/\",\"name\":\"20 Klassenzimmer-Lernposter f\u00fcr Vorsch\u00fcler, Kleinkinder, Kindergarten, Elementar, 40,6 x 27,9 cm, 20 St\u00fcck \u2013 Lernposter f\u00fcr Kleinkinder, Wand, Vorschule, Kindergarten, Kinderzimmer, Dekoration - Markt-XXL\",\"isPartOf\":{\"@id\":\"https:\\\/\\\/marktxxl.de\\\/markt\\\/#website\"},\"primaryImageOfPage\":{\"@id\":\"https:\\\/\\\/marktxxl.de\\\/markt\\\/produkt\\\/20-klassenzimmer-lernposter-fuer-vorschueler-kleinkinder-kindergarten-elementar-406-x-279-cm-20-stueck-lernposter-fuer-kleinkinder-wand-vorschule-kindergarten-kinderzimmer-dekora\\\/#primaryimage\"},\"image\":{\"@id\":\"https:\\\/\\\/marktxxl.de\\\/markt\\\/produkt\\\/20-klassenzimmer-lernposter-fuer-vorschueler-kleinkinder-kindergarten-elementar-406-x-279-cm-20-stueck-lernposter-fuer-kleinkinder-wand-vorschule-kindergarten-kinderzimmer-dekora\\\/#primaryimage\"},\"thumbnailUrl\":\"https:\\\/\\\/m.media-amazon.com\\\/images\\\/I\\\/51xT-2hAokS._SL500_.jpg\",\"datePublished\":\"2024-07-28T16:17:19+00:00\",\"description\":\"Markt-XXL 20 Klassenzimmer-Lernposter f\u00fcr Vorsch\u00fcler, Kleinkinder, Kindergarten, Elementar, 40,6 x 27,9 cm, 20 St\u00fcck \u2013 Lernposter f\u00fcr Kleinkinder, Wand, Vorschule, Kindergarten, Kinderzimmer, Dekoration\",\"breadcrumb\":{\"@id\":\"https:\\\/\\\/marktxxl.de\\\/markt\\\/produkt\\\/20-klassenzimmer-lernposter-fuer-vorschueler-kleinkinder-kindergarten-elementar-406-x-279-cm-20-stueck-lernposter-fuer-kleinkinder-wand-vorschule-kindergarten-kinderzimmer-dekora\\\/#breadcrumb\"},\"inLanguage\":\"de\",\"potentialAction\":[{\"@type\":\"ReadAction\",\"target\":[\"https:\\\/\\\/marktxxl.de\\\/markt\\\/produkt\\\/20-klassenzimmer-lernposter-fuer-vorschueler-kleinkinder-kindergarten-elementar-406-x-279-cm-20-stueck-lernposter-fuer-kleinkinder-wand-vorschule-kindergarten-kinderzimmer-dekora\\\/\"]}]},{\"@type\":\"ImageObject\",\"inLanguage\":\"de\",\"@id\":\"https:\\\/\\\/marktxxl.de\\\/markt\\\/produkt\\\/20-klassenzimmer-lernposter-fuer-vorschueler-kleinkinder-kindergarten-elementar-406-x-279-cm-20-stueck-lernposter-fuer-kleinkinder-wand-vorschule-kindergarten-kinderzimmer-dekora\\\/#primaryimage\",\"url\":\"https:\\\/\\\/m.media-amazon.com\\\/images\\\/I\\\/51xT-2hAokS._SL500_.jpg\",\"contentUrl\":\"https:\\\/\\\/m.media-amazon.com\\\/images\\\/I\\\/51xT-2hAokS._SL500_.jpg\",\"width\":500,\"height\":500},{\"@type\":\"BreadcrumbList\",\"@id\":\"https:\\\/\\\/marktxxl.de\\\/markt\\\/produkt\\\/20-klassenzimmer-lernposter-fuer-vorschueler-kleinkinder-kindergarten-elementar-406-x-279-cm-20-stueck-lernposter-fuer-kleinkinder-wand-vorschule-kindergarten-kinderzimmer-dekora\\\/#breadcrumb\",\"itemListElement\":[{\"@type\":\"ListItem\",\"position\":1,\"name\":\"Startseite\",\"item\":\"https:\\\/\\\/marktxxl.de\\\/markt\\\/\"},{\"@type\":\"ListItem\",\"position\":2,\"name\":\"Markt\",\"item\":\"https:\\\/\\\/marktxxl.de\\\/markt\\\/\"},{\"@type\":\"ListItem\",\"position\":3,\"name\":\"20 Klassenzimmer-Lernposter f\u00fcr Vorsch\u00fcler, Kleinkinder, Kindergarten, Elementar, 40,6 x 27,9 cm, 20 St\u00fcck \u2013 Lernposter f\u00fcr Kleinkinder, Wand, Vorschule, Kindergarten, Kinderzimmer, Dekoration\"}]},{\"@type\":\"WebSite\",\"@id\":\"https:\\\/\\\/marktxxl.de\\\/markt\\\/#website\",\"url\":\"https:\\\/\\\/marktxxl.de\\\/markt\\\/\",\"name\":\"Markt-XXL\",\"description\":\"Ihr Markt Online\",\"publisher\":{\"@id\":\"https:\\\/\\\/marktxxl.de\\\/markt\\\/#organization\"},\"potentialAction\":[{\"@type\":\"SearchAction\",\"target\":{\"@type\":\"EntryPoint\",\"urlTemplate\":\"https:\\\/\\\/marktxxl.de\\\/markt\\\/?s={search_term_string}\"},\"query-input\":{\"@type\":\"PropertyValueSpecification\",\"valueRequired\":true,\"valueName\":\"search_term_string\"}}],\"inLanguage\":\"de\"},{\"@type\":\"Organization\",\"@id\":\"https:\\\/\\\/marktxxl.de\\\/markt\\\/#organization\",\"name\":\"Markt-XXL\",\"url\":\"https:\\\/\\\/marktxxl.de\\\/markt\\\/\",\"logo\":{\"@type\":\"ImageObject\",\"inLanguage\":\"de\",\"@id\":\"https:\\\/\\\/marktxxl.de\\\/markt\\\/#\\\/schema\\\/logo\\\/image\\\/\",\"url\":\"https:\\\/\\\/marktxxl.de\\\/markt\\\/wp-content\\\/uploads\\\/sites\\\/3\\\/2020\\\/12\\\/logo.png\",\"contentUrl\":\"https:\\\/\\\/marktxxl.de\\\/markt\\\/wp-content\\\/uploads\\\/sites\\\/3\\\/2020\\\/12\\\/logo.png\",\"width\":200,\"height\":70,\"caption\":\"Markt-XXL\"},\"image\":{\"@id\":\"https:\\\/\\\/marktxxl.de\\\/markt\\\/#\\\/schema\\\/logo\\\/image\\\/\"}}]}<\/script>\n<!-- \/ Yoast SEO plugin. -->","yoast_head_json":{"title":"20 Klassenzimmer-Lernposter f\u00fcr Vorsch\u00fcler, Kleinkinder, Kindergarten, Elementar, 40,6 x 27,9 cm, 20 St\u00fcck \u2013 Lernposter f\u00fcr Kleinkinder, Wand, Vorschule, Kindergarten, Kinderzimmer, Dekoration - Markt-XXL","description":"Markt-XXL 20 Klassenzimmer-Lernposter f\u00fcr Vorsch\u00fcler, Kleinkinder, Kindergarten, Elementar, 40,6 x 27,9 cm, 20 St\u00fcck \u2013 Lernposter f\u00fcr Kleinkinder, Wand, Vorschule, Kindergarten, Kinderzimmer, Dekoration","robots":{"index":"index","follow":"follow","max-snippet":"max-snippet:-1","max-image-preview":"max-image-preview:large","max-video-preview":"max-video-preview:-1"},"canonical":"https:\/\/marktxxl.de\/markt\/produkt\/20-klassenzimmer-lernposter-fuer-vorschueler-kleinkinder-kindergarten-elementar-406-x-279-cm-20-stueck-lernposter-fuer-kleinkinder-wand-vorschule-kindergarten-kinderzimmer-dekora\/","og_locale":"de_DE","og_type":"article","og_title":"20 Klassenzimmer-Lernposter f\u00fcr Vorsch\u00fcler, Kleinkinder, Kindergarten, Elementar, 40,6 x 27,9 cm, 20 St\u00fcck \u2013 Lernposter f\u00fcr Kleinkinder, Wand, Vorschule, Kindergarten, Kinderzimmer, Dekoration - Markt-XXL","og_description":"Markt-XXL 20 Klassenzimmer-Lernposter f\u00fcr Vorsch\u00fcler, Kleinkinder, Kindergarten, Elementar, 40,6 x 27,9 cm, 20 St\u00fcck \u2013 Lernposter f\u00fcr Kleinkinder, Wand, Vorschule, Kindergarten, Kinderzimmer, Dekoration","og_url":"https:\/\/marktxxl.de\/markt\/produkt\/20-klassenzimmer-lernposter-fuer-vorschueler-kleinkinder-kindergarten-elementar-406-x-279-cm-20-stueck-lernposter-fuer-kleinkinder-wand-vorschule-kindergarten-kinderzimmer-dekora\/","og_site_name":"Markt-XXL","twitter_card":"summary_large_image","twitter_misc":{"Gesch\u00e4tzte Lesezeit":"1\u00a0Minute"},"schema":{"@context":"https:\/\/schema.org","@graph":[{"@type":"WebPage","@id":"https:\/\/marktxxl.de\/markt\/produkt\/20-klassenzimmer-lernposter-fuer-vorschueler-kleinkinder-kindergarten-elementar-406-x-279-cm-20-stueck-lernposter-fuer-kleinkinder-wand-vorschule-kindergarten-kinderzimmer-dekora\/","url":"https:\/\/marktxxl.de\/markt\/produkt\/20-klassenzimmer-lernposter-fuer-vorschueler-kleinkinder-kindergarten-elementar-406-x-279-cm-20-stueck-lernposter-fuer-kleinkinder-wand-vorschule-kindergarten-kinderzimmer-dekora\/","name":"20 Klassenzimmer-Lernposter f\u00fcr Vorsch\u00fcler, Kleinkinder, Kindergarten, Elementar, 40,6 x 27,9 cm, 20 St\u00fcck \u2013 Lernposter f\u00fcr Kleinkinder, Wand, Vorschule, Kindergarten, Kinderzimmer, Dekoration - Markt-XXL","isPartOf":{"@id":"https:\/\/marktxxl.de\/markt\/#website"},"primaryImageOfPage":{"@id":"https:\/\/marktxxl.de\/markt\/produkt\/20-klassenzimmer-lernposter-fuer-vorschueler-kleinkinder-kindergarten-elementar-406-x-279-cm-20-stueck-lernposter-fuer-kleinkinder-wand-vorschule-kindergarten-kinderzimmer-dekora\/#primaryimage"},"image":{"@id":"https:\/\/marktxxl.de\/markt\/produkt\/20-klassenzimmer-lernposter-fuer-vorschueler-kleinkinder-kindergarten-elementar-406-x-279-cm-20-stueck-lernposter-fuer-kleinkinder-wand-vorschule-kindergarten-kinderzimmer-dekora\/#primaryimage"},"thumbnailUrl":"https:\/\/m.media-amazon.com\/images\/I\/51xT-2hAokS._SL500_.jpg","datePublished":"2024-07-28T16:17:19+00:00","description":"Markt-XXL 20 Klassenzimmer-Lernposter f\u00fcr Vorsch\u00fcler, Kleinkinder, Kindergarten, Elementar, 40,6 x 27,9 cm, 20 St\u00fcck \u2013 Lernposter f\u00fcr Kleinkinder, Wand, Vorschule, Kindergarten, Kinderzimmer, Dekoration","breadcrumb":{"@id":"https:\/\/marktxxl.de\/markt\/produkt\/20-klassenzimmer-lernposter-fuer-vorschueler-kleinkinder-kindergarten-elementar-406-x-279-cm-20-stueck-lernposter-fuer-kleinkinder-wand-vorschule-kindergarten-kinderzimmer-dekora\/#breadcrumb"},"inLanguage":"de","potentialAction":[{"@type":"ReadAction","target":["https:\/\/marktxxl.de\/markt\/produkt\/20-klassenzimmer-lernposter-fuer-vorschueler-kleinkinder-kindergarten-elementar-406-x-279-cm-20-stueck-lernposter-fuer-kleinkinder-wand-vorschule-kindergarten-kinderzimmer-dekora\/"]}]},{"@type":"ImageObject","inLanguage":"de","@id":"https:\/\/marktxxl.de\/markt\/produkt\/20-klassenzimmer-lernposter-fuer-vorschueler-kleinkinder-kindergarten-elementar-406-x-279-cm-20-stueck-lernposter-fuer-kleinkinder-wand-vorschule-kindergarten-kinderzimmer-dekora\/#primaryimage","url":"https:\/\/m.media-amazon.com\/images\/I\/51xT-2hAokS._SL500_.jpg","contentUrl":"https:\/\/m.media-amazon.com\/images\/I\/51xT-2hAokS._SL500_.jpg","width":500,"height":500},{"@type":"BreadcrumbList","@id":"https:\/\/marktxxl.de\/markt\/produkt\/20-klassenzimmer-lernposter-fuer-vorschueler-kleinkinder-kindergarten-elementar-406-x-279-cm-20-stueck-lernposter-fuer-kleinkinder-wand-vorschule-kindergarten-kinderzimmer-dekora\/#breadcrumb","itemListElement":[{"@type":"ListItem","position":1,"name":"Startseite","item":"https:\/\/marktxxl.de\/markt\/"},{"@type":"ListItem","position":2,"name":"Markt","item":"https:\/\/marktxxl.de\/markt\/"},{"@type":"ListItem","position":3,"name":"20 Klassenzimmer-Lernposter f\u00fcr Vorsch\u00fcler, Kleinkinder, Kindergarten, Elementar, 40,6 x 27,9 cm, 20 St\u00fcck \u2013 Lernposter f\u00fcr Kleinkinder, Wand, Vorschule, Kindergarten, Kinderzimmer, Dekoration"}]},{"@type":"WebSite","@id":"https:\/\/marktxxl.de\/markt\/#website","url":"https:\/\/marktxxl.de\/markt\/","name":"Markt-XXL","description":"Ihr Markt Online","publisher":{"@id":"https:\/\/marktxxl.de\/markt\/#organization"},"potentialAction":[{"@type":"SearchAction","target":{"@type":"EntryPoint","urlTemplate":"https:\/\/marktxxl.de\/markt\/?s={search_term_string}"},"query-input":{"@type":"PropertyValueSpecification","valueRequired":true,"valueName":"search_term_string"}}],"inLanguage":"de"},{"@type":"Organization","@id":"https:\/\/marktxxl.de\/markt\/#organization","name":"Markt-XXL","url":"https:\/\/marktxxl.de\/markt\/","logo":{"@type":"ImageObject","inLanguage":"de","@id":"https:\/\/marktxxl.de\/markt\/#\/schema\/logo\/image\/","url":"https:\/\/marktxxl.de\/markt\/wp-content\/uploads\/sites\/3\/2020\/12\/logo.png","contentUrl":"https:\/\/marktxxl.de\/markt\/wp-content\/uploads\/sites\/3\/2020\/12\/logo.png","width":200,"height":70,"caption":"Markt-XXL"},"image":{"@id":"https:\/\/marktxxl.de\/markt\/#\/schema\/logo\/image\/"}}]}},"_links":{"self":[{"href":"https:\/\/marktxxl.de\/markt\/wp-json\/wp\/v2\/product\/223703","targetHints":{"allow":["GET"]}}],"collection":[{"href":"https:\/\/marktxxl.de\/markt\/wp-json\/wp\/v2\/product"}],"about":[{"href":"https:\/\/marktxxl.de\/markt\/wp-json\/wp\/v2\/types\/product"}],"replies":[{"embeddable":true,"href":"https:\/\/marktxxl.de\/markt\/wp-json\/wp\/v2\/comments?post=223703"}],"wp:featuredmedia":[{"embeddable":true,"href":"https:\/\/marktxxl.de\/markt\/wp-json\/wp\/v2\/media\/223704"}],"wp:attachment":[{"href":"https:\/\/marktxxl.de\/markt\/wp-json\/wp\/v2\/media?parent=223703"}],"wp:term":[{"taxonomy":"product_brand","embeddable":true,"href":"https:\/\/marktxxl.de\/markt\/wp-json\/wp\/v2\/product_brand?post=223703"},{"taxonomy":"product_cat","embeddable":true,"href":"https:\/\/marktxxl.de\/markt\/wp-json\/wp\/v2\/product_cat?post=223703"},{"taxonomy":"product_tag","embeddable":true,"href":"https:\/\/marktxxl.de\/markt\/wp-json\/wp\/v2\/product_tag?post=223703"}],"curies":[{"name":"wp","href":"https:\/\/api.w.org\/{rel}","templated":true}]}}