{"id":223668,"date":"2024-07-28T18:16:38","date_gmt":"2024-07-28T16:16:38","guid":{"rendered":"https:\/\/marktxxl.de\/markt\/produkt\/riesige-weltkarte-aktualisiert-2024-mega-karte-der-welt-201-cm-b-x-1165-cm-h-vollstaendige-laminierung-maps-international\/"},"modified":"2024-07-28T18:16:38","modified_gmt":"2024-07-28T16:16:38","slug":"riesige-weltkarte-aktualisiert-2024-mega-karte-der-welt-201-cm-b-x-1165-cm-h-vollstaendige-laminierung-maps-international","status":"publish","type":"product","link":"https:\/\/marktxxl.de\/markt\/produkt\/riesige-weltkarte-aktualisiert-2024-mega-karte-der-welt-201-cm-b-x-1165-cm-h-vollstaendige-laminierung-maps-international\/","title":{"rendered":"Riesige Weltkarte, aktualisiert 2024, Mega-Karte der Welt, 201 cm (B) x 116,5 cm (H), vollst\u00e4ndige Laminierung. Maps International"},"content":{"rendered":"<p>Extra gro\u00dfe Wandkarte: Die gr\u00f6\u00dfte Weltkarte, die als einzelnes bedrucktes Blatt erh\u00e4ltlich ist: Diese riesige Weltkarte misst enorme 201 cm (B) x 116,5 cm (H) mit einem Ma\u00dfstab von 1:20 m, was sie zu einem Blickfang f\u00fcr jeden Raum macht.<br \/>\nAtemberaubende Details aktualisiert 2024: Wir stellen sicher, dass unsere Karten auf dem neuesten Stand sind und genaue Details einschlie\u00dflich der aktuellen politischen Grenzen f\u00fcr 2024 liefern. Die politische Weltkarte zeigt farbige L\u00e4nder, klare St\u00e4dte und die Weltkarte ist mit H\u00fcgel- und Meeresschattierungen versehen.<br \/>\nWeltkarte zum Beschreiben: Hitzeversiegelt zwischen zwei B\u00f6gen industrieller Qualit\u00e4tsfolie, diese Karte ist laminiert und perfekt als Klassenzimmer-Weltkarte, da sie mit Whiteboard-Stift beschrieben und abgewischt werden kann.<br \/>\nFaltenfreie Lieferung: Ihr riesiges Weltkarten-Poster wird zur Lieferung in einer Tube gerollt, sodass es bereit zum Ausstellen ankommt.<br \/>\nMAPS INTERNATIONAL: In Oxford ans\u00e4ssiges Unternehmen mit mehr als 50 Jahren Erfahrung in der Herstellung von Karten. Unsere Philosophie der &#8220;kartografischen Exzellenz&#8221; kombiniert Details, Design und hochwertige Oberfl\u00e4chen in einer Reihe von atemberaubenden Wandkarten.<br \/>\n<div class=\"main-cross-sell\" data-asin=\"B00JR92Y8Q\">\n\n\t<div class=\"WooZone-cross-sell-loader\">\n\t\t<div>\n\t\t\t<div id=\"floatingBarsG\">\n\t\t\t\t<div class=\"blockG\" id=\"rotateG_01\"><\/div>\n\t\t\t\t<div class=\"blockG\" id=\"rotateG_02\"><\/div>\n\t\t\t\t<div class=\"blockG\" id=\"rotateG_03\"><\/div>\n\t\t\t\t<div class=\"blockG\" id=\"rotateG_04\"><\/div>\n\t\t\t\t<div class=\"blockG\" id=\"rotateG_05\"><\/div>\n\t\t\t\t<div class=\"blockG\" id=\"rotateG_06\"><\/div>\n\t\t\t\t<div class=\"blockG\" id=\"rotateG_07\"><\/div>\n\t\t\t\t<div class=\"blockG\" id=\"rotateG_08\"><\/div>\n\t\t\t<\/div>\n\t\t\t<div class=\"WooZone-cross-sell-loader-text\"><\/div>\n\t\t<\/div>\n\t<\/div>\n\n\t\t\n<\/div>\n<div style=\"clear:both;\"><\/div><\/p>\n","protected":false},"excerpt":{"rendered":"<p>Extra gro\u00dfe Wandkarte: Die gr\u00f6\u00dfte Weltkarte, die als einzelnes bedrucktes Blatt erh\u00e4ltlich ist: Diese riesige Weltkarte misst enorme 201 cm (B) x 116,5 cm (H) mit einem Ma\u00dfstab von 1:20 m, was sie zu einem Blickfang f\u00fcr jeden Raum macht.<br \/>\nAtemberaubende Details aktualisiert 2024: Wir stellen sicher, dass unsere Karten auf dem neuesten Stand sind und genaue Details einschlie\u00dflich der aktuellen politischen Grenzen f\u00fcr 2024 liefern. Die politische Weltkarte zeigt farbige L\u00e4nder, klare St\u00e4dte und die Weltkarte ist mit H\u00fcgel- und Meeresschattierungen versehen.<br \/>\nWeltkarte zum Beschreiben: Hitzeversiegelt zwischen zwei B\u00f6gen industrieller Qualit\u00e4tsfolie, diese Karte ist laminiert und perfekt als Klassenzimmer-Weltkarte, da sie mit Whiteboard-Stift beschrieben und abgewischt werden kann.<\/p>\n","protected":false},"featured_media":223669,"comment_status":"open","ping_status":"closed","template":"","meta":[],"product_brand":[],"product_cat":[504,8631],"product_tag":[],"class_list":{"0":"post-223668","1":"product","2":"type-product","3":"status-publish","4":"has-post-thumbnail","6":"product_cat-buerobedarf-schreibwaren","7":"product_cat-schul-unibedarf","8":"pa_binding-haushaltswaren","9":"pa_brand-maps-international","10":"pa_color-201-cm-b-x-1165-cm-h-laminiert","11":"pa_height-2-36-zoll","12":"pa_languages-unbekannt-englisch","13":"pa_length-39-3-zoll","14":"pa_manufacturer-maps-international","15":"pa_model-fba_wm001-487","16":"pa_size-201cm-w-x-116-5cm-h-laminated","17":"pa_width-2-36-zoll","19":"first","20":"instock","21":"shipping-taxable","22":"purchasable","23":"product-type-simple","24":"customify-col","25":"product-has-gallery"},"yoast_head":"<!-- This site is optimized with the Yoast SEO plugin v27.3 - https:\/\/yoast.com\/product\/yoast-seo-wordpress\/ -->\n<title>Riesige Weltkarte, aktualisiert 2024, Mega-Karte der Welt, 201 cm (B) x 116,5 cm (H), vollst\u00e4ndige Laminierung. Maps International - Markt-XXL<\/title>\n<meta name=\"description\" content=\"Markt-XXL Riesige Weltkarte, aktualisiert 2024, Mega-Karte der Welt, 201 cm (B) x 116,5 cm (H), vollst\u00e4ndige Laminierung. Maps International\" \/>\n<meta name=\"robots\" content=\"index, follow, max-snippet:-1, max-image-preview:large, max-video-preview:-1\" \/>\n<link rel=\"canonical\" href=\"https:\/\/marktxxl.de\/markt\/produkt\/riesige-weltkarte-aktualisiert-2024-mega-karte-der-welt-201-cm-b-x-1165-cm-h-vollstaendige-laminierung-maps-international\/\" \/>\n<meta property=\"og:locale\" content=\"de_DE\" \/>\n<meta property=\"og:type\" content=\"article\" \/>\n<meta property=\"og:title\" content=\"Riesige Weltkarte, aktualisiert 2024, Mega-Karte der Welt, 201 cm (B) x 116,5 cm (H), vollst\u00e4ndige Laminierung. Maps International - Markt-XXL\" \/>\n<meta property=\"og:description\" content=\"Markt-XXL Riesige Weltkarte, aktualisiert 2024, Mega-Karte der Welt, 201 cm (B) x 116,5 cm (H), vollst\u00e4ndige Laminierung. Maps International\" \/>\n<meta property=\"og:url\" content=\"https:\/\/marktxxl.de\/markt\/produkt\/riesige-weltkarte-aktualisiert-2024-mega-karte-der-welt-201-cm-b-x-1165-cm-h-vollstaendige-laminierung-maps-international\/\" \/>\n<meta property=\"og:site_name\" content=\"Markt-XXL\" \/>\n<meta name=\"twitter:card\" content=\"summary_large_image\" \/>\n<meta name=\"twitter:label1\" content=\"Gesch\u00e4tzte Lesezeit\" \/>\n\t<meta name=\"twitter:data1\" content=\"1\u00a0Minute\" \/>\n<script type=\"application\/ld+json\" class=\"yoast-schema-graph\">{\"@context\":\"https:\\\/\\\/schema.org\",\"@graph\":[{\"@type\":\"WebPage\",\"@id\":\"https:\\\/\\\/marktxxl.de\\\/markt\\\/produkt\\\/riesige-weltkarte-aktualisiert-2024-mega-karte-der-welt-201-cm-b-x-1165-cm-h-vollstaendige-laminierung-maps-international\\\/\",\"url\":\"https:\\\/\\\/marktxxl.de\\\/markt\\\/produkt\\\/riesige-weltkarte-aktualisiert-2024-mega-karte-der-welt-201-cm-b-x-1165-cm-h-vollstaendige-laminierung-maps-international\\\/\",\"name\":\"Riesige Weltkarte, aktualisiert 2024, Mega-Karte der Welt, 201 cm (B) x 116,5 cm (H), vollst\u00e4ndige Laminierung. Maps International - Markt-XXL\",\"isPartOf\":{\"@id\":\"https:\\\/\\\/marktxxl.de\\\/markt\\\/#website\"},\"primaryImageOfPage\":{\"@id\":\"https:\\\/\\\/marktxxl.de\\\/markt\\\/produkt\\\/riesige-weltkarte-aktualisiert-2024-mega-karte-der-welt-201-cm-b-x-1165-cm-h-vollstaendige-laminierung-maps-international\\\/#primaryimage\"},\"image\":{\"@id\":\"https:\\\/\\\/marktxxl.de\\\/markt\\\/produkt\\\/riesige-weltkarte-aktualisiert-2024-mega-karte-der-welt-201-cm-b-x-1165-cm-h-vollstaendige-laminierung-maps-international\\\/#primaryimage\"},\"thumbnailUrl\":\"https:\\\/\\\/m.media-amazon.com\\\/images\\\/I\\\/51u59UsRJbL._SL500_.jpg\",\"datePublished\":\"2024-07-28T16:16:38+00:00\",\"description\":\"Markt-XXL Riesige Weltkarte, aktualisiert 2024, Mega-Karte der Welt, 201 cm (B) x 116,5 cm (H), vollst\u00e4ndige Laminierung. Maps International\",\"breadcrumb\":{\"@id\":\"https:\\\/\\\/marktxxl.de\\\/markt\\\/produkt\\\/riesige-weltkarte-aktualisiert-2024-mega-karte-der-welt-201-cm-b-x-1165-cm-h-vollstaendige-laminierung-maps-international\\\/#breadcrumb\"},\"inLanguage\":\"de\",\"potentialAction\":[{\"@type\":\"ReadAction\",\"target\":[\"https:\\\/\\\/marktxxl.de\\\/markt\\\/produkt\\\/riesige-weltkarte-aktualisiert-2024-mega-karte-der-welt-201-cm-b-x-1165-cm-h-vollstaendige-laminierung-maps-international\\\/\"]}]},{\"@type\":\"ImageObject\",\"inLanguage\":\"de\",\"@id\":\"https:\\\/\\\/marktxxl.de\\\/markt\\\/produkt\\\/riesige-weltkarte-aktualisiert-2024-mega-karte-der-welt-201-cm-b-x-1165-cm-h-vollstaendige-laminierung-maps-international\\\/#primaryimage\",\"url\":\"https:\\\/\\\/m.media-amazon.com\\\/images\\\/I\\\/51u59UsRJbL._SL500_.jpg\",\"contentUrl\":\"https:\\\/\\\/m.media-amazon.com\\\/images\\\/I\\\/51u59UsRJbL._SL500_.jpg\",\"width\":500,\"height\":300},{\"@type\":\"BreadcrumbList\",\"@id\":\"https:\\\/\\\/marktxxl.de\\\/markt\\\/produkt\\\/riesige-weltkarte-aktualisiert-2024-mega-karte-der-welt-201-cm-b-x-1165-cm-h-vollstaendige-laminierung-maps-international\\\/#breadcrumb\",\"itemListElement\":[{\"@type\":\"ListItem\",\"position\":1,\"name\":\"Startseite\",\"item\":\"https:\\\/\\\/marktxxl.de\\\/markt\\\/\"},{\"@type\":\"ListItem\",\"position\":2,\"name\":\"Markt\",\"item\":\"https:\\\/\\\/marktxxl.de\\\/markt\\\/\"},{\"@type\":\"ListItem\",\"position\":3,\"name\":\"Riesige Weltkarte, aktualisiert 2024, Mega-Karte der Welt, 201 cm (B) x 116,5 cm (H), vollst\u00e4ndige Laminierung. Maps International\"}]},{\"@type\":\"WebSite\",\"@id\":\"https:\\\/\\\/marktxxl.de\\\/markt\\\/#website\",\"url\":\"https:\\\/\\\/marktxxl.de\\\/markt\\\/\",\"name\":\"Markt-XXL\",\"description\":\"Ihr Markt Online\",\"publisher\":{\"@id\":\"https:\\\/\\\/marktxxl.de\\\/markt\\\/#organization\"},\"potentialAction\":[{\"@type\":\"SearchAction\",\"target\":{\"@type\":\"EntryPoint\",\"urlTemplate\":\"https:\\\/\\\/marktxxl.de\\\/markt\\\/?s={search_term_string}\"},\"query-input\":{\"@type\":\"PropertyValueSpecification\",\"valueRequired\":true,\"valueName\":\"search_term_string\"}}],\"inLanguage\":\"de\"},{\"@type\":\"Organization\",\"@id\":\"https:\\\/\\\/marktxxl.de\\\/markt\\\/#organization\",\"name\":\"Markt-XXL\",\"url\":\"https:\\\/\\\/marktxxl.de\\\/markt\\\/\",\"logo\":{\"@type\":\"ImageObject\",\"inLanguage\":\"de\",\"@id\":\"https:\\\/\\\/marktxxl.de\\\/markt\\\/#\\\/schema\\\/logo\\\/image\\\/\",\"url\":\"https:\\\/\\\/marktxxl.de\\\/markt\\\/wp-content\\\/uploads\\\/sites\\\/3\\\/2020\\\/12\\\/logo.png\",\"contentUrl\":\"https:\\\/\\\/marktxxl.de\\\/markt\\\/wp-content\\\/uploads\\\/sites\\\/3\\\/2020\\\/12\\\/logo.png\",\"width\":200,\"height\":70,\"caption\":\"Markt-XXL\"},\"image\":{\"@id\":\"https:\\\/\\\/marktxxl.de\\\/markt\\\/#\\\/schema\\\/logo\\\/image\\\/\"}}]}<\/script>\n<!-- \/ Yoast SEO plugin. -->","yoast_head_json":{"title":"Riesige Weltkarte, aktualisiert 2024, Mega-Karte der Welt, 201 cm (B) x 116,5 cm (H), vollst\u00e4ndige Laminierung. Maps International - Markt-XXL","description":"Markt-XXL Riesige Weltkarte, aktualisiert 2024, Mega-Karte der Welt, 201 cm (B) x 116,5 cm (H), vollst\u00e4ndige Laminierung. Maps International","robots":{"index":"index","follow":"follow","max-snippet":"max-snippet:-1","max-image-preview":"max-image-preview:large","max-video-preview":"max-video-preview:-1"},"canonical":"https:\/\/marktxxl.de\/markt\/produkt\/riesige-weltkarte-aktualisiert-2024-mega-karte-der-welt-201-cm-b-x-1165-cm-h-vollstaendige-laminierung-maps-international\/","og_locale":"de_DE","og_type":"article","og_title":"Riesige Weltkarte, aktualisiert 2024, Mega-Karte der Welt, 201 cm (B) x 116,5 cm (H), vollst\u00e4ndige Laminierung. Maps International - Markt-XXL","og_description":"Markt-XXL Riesige Weltkarte, aktualisiert 2024, Mega-Karte der Welt, 201 cm (B) x 116,5 cm (H), vollst\u00e4ndige Laminierung. Maps International","og_url":"https:\/\/marktxxl.de\/markt\/produkt\/riesige-weltkarte-aktualisiert-2024-mega-karte-der-welt-201-cm-b-x-1165-cm-h-vollstaendige-laminierung-maps-international\/","og_site_name":"Markt-XXL","twitter_card":"summary_large_image","twitter_misc":{"Gesch\u00e4tzte Lesezeit":"1\u00a0Minute"},"schema":{"@context":"https:\/\/schema.org","@graph":[{"@type":"WebPage","@id":"https:\/\/marktxxl.de\/markt\/produkt\/riesige-weltkarte-aktualisiert-2024-mega-karte-der-welt-201-cm-b-x-1165-cm-h-vollstaendige-laminierung-maps-international\/","url":"https:\/\/marktxxl.de\/markt\/produkt\/riesige-weltkarte-aktualisiert-2024-mega-karte-der-welt-201-cm-b-x-1165-cm-h-vollstaendige-laminierung-maps-international\/","name":"Riesige Weltkarte, aktualisiert 2024, Mega-Karte der Welt, 201 cm (B) x 116,5 cm (H), vollst\u00e4ndige Laminierung. Maps International - Markt-XXL","isPartOf":{"@id":"https:\/\/marktxxl.de\/markt\/#website"},"primaryImageOfPage":{"@id":"https:\/\/marktxxl.de\/markt\/produkt\/riesige-weltkarte-aktualisiert-2024-mega-karte-der-welt-201-cm-b-x-1165-cm-h-vollstaendige-laminierung-maps-international\/#primaryimage"},"image":{"@id":"https:\/\/marktxxl.de\/markt\/produkt\/riesige-weltkarte-aktualisiert-2024-mega-karte-der-welt-201-cm-b-x-1165-cm-h-vollstaendige-laminierung-maps-international\/#primaryimage"},"thumbnailUrl":"https:\/\/m.media-amazon.com\/images\/I\/51u59UsRJbL._SL500_.jpg","datePublished":"2024-07-28T16:16:38+00:00","description":"Markt-XXL Riesige Weltkarte, aktualisiert 2024, Mega-Karte der Welt, 201 cm (B) x 116,5 cm (H), vollst\u00e4ndige Laminierung. Maps International","breadcrumb":{"@id":"https:\/\/marktxxl.de\/markt\/produkt\/riesige-weltkarte-aktualisiert-2024-mega-karte-der-welt-201-cm-b-x-1165-cm-h-vollstaendige-laminierung-maps-international\/#breadcrumb"},"inLanguage":"de","potentialAction":[{"@type":"ReadAction","target":["https:\/\/marktxxl.de\/markt\/produkt\/riesige-weltkarte-aktualisiert-2024-mega-karte-der-welt-201-cm-b-x-1165-cm-h-vollstaendige-laminierung-maps-international\/"]}]},{"@type":"ImageObject","inLanguage":"de","@id":"https:\/\/marktxxl.de\/markt\/produkt\/riesige-weltkarte-aktualisiert-2024-mega-karte-der-welt-201-cm-b-x-1165-cm-h-vollstaendige-laminierung-maps-international\/#primaryimage","url":"https:\/\/m.media-amazon.com\/images\/I\/51u59UsRJbL._SL500_.jpg","contentUrl":"https:\/\/m.media-amazon.com\/images\/I\/51u59UsRJbL._SL500_.jpg","width":500,"height":300},{"@type":"BreadcrumbList","@id":"https:\/\/marktxxl.de\/markt\/produkt\/riesige-weltkarte-aktualisiert-2024-mega-karte-der-welt-201-cm-b-x-1165-cm-h-vollstaendige-laminierung-maps-international\/#breadcrumb","itemListElement":[{"@type":"ListItem","position":1,"name":"Startseite","item":"https:\/\/marktxxl.de\/markt\/"},{"@type":"ListItem","position":2,"name":"Markt","item":"https:\/\/marktxxl.de\/markt\/"},{"@type":"ListItem","position":3,"name":"Riesige Weltkarte, aktualisiert 2024, Mega-Karte der Welt, 201 cm (B) x 116,5 cm (H), vollst\u00e4ndige Laminierung. Maps International"}]},{"@type":"WebSite","@id":"https:\/\/marktxxl.de\/markt\/#website","url":"https:\/\/marktxxl.de\/markt\/","name":"Markt-XXL","description":"Ihr Markt Online","publisher":{"@id":"https:\/\/marktxxl.de\/markt\/#organization"},"potentialAction":[{"@type":"SearchAction","target":{"@type":"EntryPoint","urlTemplate":"https:\/\/marktxxl.de\/markt\/?s={search_term_string}"},"query-input":{"@type":"PropertyValueSpecification","valueRequired":true,"valueName":"search_term_string"}}],"inLanguage":"de"},{"@type":"Organization","@id":"https:\/\/marktxxl.de\/markt\/#organization","name":"Markt-XXL","url":"https:\/\/marktxxl.de\/markt\/","logo":{"@type":"ImageObject","inLanguage":"de","@id":"https:\/\/marktxxl.de\/markt\/#\/schema\/logo\/image\/","url":"https:\/\/marktxxl.de\/markt\/wp-content\/uploads\/sites\/3\/2020\/12\/logo.png","contentUrl":"https:\/\/marktxxl.de\/markt\/wp-content\/uploads\/sites\/3\/2020\/12\/logo.png","width":200,"height":70,"caption":"Markt-XXL"},"image":{"@id":"https:\/\/marktxxl.de\/markt\/#\/schema\/logo\/image\/"}}]}},"_links":{"self":[{"href":"https:\/\/marktxxl.de\/markt\/wp-json\/wp\/v2\/product\/223668","targetHints":{"allow":["GET"]}}],"collection":[{"href":"https:\/\/marktxxl.de\/markt\/wp-json\/wp\/v2\/product"}],"about":[{"href":"https:\/\/marktxxl.de\/markt\/wp-json\/wp\/v2\/types\/product"}],"replies":[{"embeddable":true,"href":"https:\/\/marktxxl.de\/markt\/wp-json\/wp\/v2\/comments?post=223668"}],"wp:featuredmedia":[{"embeddable":true,"href":"https:\/\/marktxxl.de\/markt\/wp-json\/wp\/v2\/media\/223669"}],"wp:attachment":[{"href":"https:\/\/marktxxl.de\/markt\/wp-json\/wp\/v2\/media?parent=223668"}],"wp:term":[{"taxonomy":"product_brand","embeddable":true,"href":"https:\/\/marktxxl.de\/markt\/wp-json\/wp\/v2\/product_brand?post=223668"},{"taxonomy":"product_cat","embeddable":true,"href":"https:\/\/marktxxl.de\/markt\/wp-json\/wp\/v2\/product_cat?post=223668"},{"taxonomy":"product_tag","embeddable":true,"href":"https:\/\/marktxxl.de\/markt\/wp-json\/wp\/v2\/product_tag?post=223668"}],"curies":[{"name":"wp","href":"https:\/\/api.w.org\/{rel}","templated":true}]}}