{"id":223292,"date":"2024-07-28T17:25:31","date_gmt":"2024-07-28T15:25:31","guid":{"rendered":"https:\/\/marktxxl.de\/markt\/produkt\/wixgear-tragbarer-laptop-staender-fuer-den-schreibtisch-verstellbar-faltbar-aluminium-kompatibel-mit-allen-laptops\/"},"modified":"2024-07-28T17:25:31","modified_gmt":"2024-07-28T15:25:31","slug":"wixgear-tragbarer-laptop-staender-fuer-den-schreibtisch-verstellbar-faltbar-aluminium-kompatibel-mit-allen-laptops","status":"publish","type":"product","link":"https:\/\/marktxxl.de\/markt\/produkt\/wixgear-tragbarer-laptop-staender-fuer-den-schreibtisch-verstellbar-faltbar-aluminium-kompatibel-mit-allen-laptops\/","title":{"rendered":"WixGear Tragbarer Laptop-St\u00e4nder f\u00fcr den Schreibtisch, verstellbar, faltbar, Aluminium, kompatibel mit allen Laptops"},"content":{"rendered":"<p>Laptop-St\u00e4nder faltbares Design: Dieser Metall-Laptopst\u00e4nder ist aufgrund seines leichten und faltbaren Designs ein guter Reise-Laptop-St\u00e4nder. Sie k\u00f6nnen es \u00fcberall hin mitnehmen, wo Sie nach Hause oder im B\u00fcro gehen.<br \/>\nPassend f\u00fcr die meisten Laptops: Dieser faltbare Laptop-St\u00e4nder ist kompatibel mit den meisten Laptops mit einer Gr\u00f6\u00dfe von 10 bis 15,6 Zoll. Kann mit MacBook Air\/Pro, iPad Pro, iPad, iPad mini und mehr verwendet werden.<br \/>\nErh\u00f6ht Ihren Laptop: Dieser faltbare Laptop-St\u00e4nder kann Ihren Computer oder Tablet hochheben und bietet Komfort beim Arbeiten an Ihrem Laptop f\u00fcr lange Stunden mit guter Haltung und Bequemlichkeit beim Tippen.<br \/>\nVerhindert \u00dcberhitzung des Laptops\/Tablets. Dieser MacBook-St\u00e4nder ist so konzipiert, dass Luft leicht unter Ihrem Ger\u00e4t str\u00f6men kann. Dieser tragbare Computerst\u00e4nder h\u00e4lt Ihr Ger\u00e4t w\u00e4hrend der Nutzung k\u00fchl.<br \/>\nRutschfeste Gummi-Pads: Dieser Laptop-St\u00e4nder mit 15,6 Zoll ist mit Gummi-Pads ausgestattet, um ein Verrutschen zu verhindern, w\u00e4hrend Ihr Ger\u00e4t darauf ist. Dieser St\u00e4nder wird sicherstellen, dass Ihr Laptop gesch\u00fctzt ist.<br \/>\n<div class=\"main-cross-sell\" data-asin=\"B09CRDNNXN\">\n\n\t<div class=\"WooZone-cross-sell-loader\">\n\t\t<div>\n\t\t\t<div id=\"floatingBarsG\">\n\t\t\t\t<div class=\"blockG\" id=\"rotateG_01\"><\/div>\n\t\t\t\t<div class=\"blockG\" id=\"rotateG_02\"><\/div>\n\t\t\t\t<div class=\"blockG\" id=\"rotateG_03\"><\/div>\n\t\t\t\t<div class=\"blockG\" id=\"rotateG_04\"><\/div>\n\t\t\t\t<div class=\"blockG\" id=\"rotateG_05\"><\/div>\n\t\t\t\t<div class=\"blockG\" id=\"rotateG_06\"><\/div>\n\t\t\t\t<div class=\"blockG\" id=\"rotateG_07\"><\/div>\n\t\t\t\t<div class=\"blockG\" id=\"rotateG_08\"><\/div>\n\t\t\t<\/div>\n\t\t\t<div class=\"WooZone-cross-sell-loader-text\"><\/div>\n\t\t<\/div>\n\t<\/div>\n\n\t\t\n<\/div>\n<div style=\"clear:both;\"><\/div><\/p>\n","protected":false},"excerpt":{"rendered":"<p>Laptop-St\u00e4nder faltbares Design: Dieser Metall-Laptopst\u00e4nder ist aufgrund seines leichten und faltbaren Designs ein guter Reise-Laptop-St\u00e4nder. Sie k\u00f6nnen es \u00fcberall hin mitnehmen, wo Sie nach Hause oder im B\u00fcro gehen.<br \/>\nPassend f\u00fcr die meisten Laptops: Dieser faltbare Laptop-St\u00e4nder ist kompatibel mit den meisten Laptops mit einer Gr\u00f6\u00dfe von 10 bis 15,6 Zoll. Kann mit MacBook Air\/Pro, iPad Pro, iPad, iPad mini und mehr verwendet werden.<br \/>\nErh\u00f6ht Ihren Laptop: Dieser faltbare Laptop-St\u00e4nder kann Ihren Computer oder Tablet hochheben und bietet Komfort beim Arbeiten an Ihrem Laptop f\u00fcr lange Stunden mit guter Haltung und Bequemlichkeit beim Tippen.<\/p>\n","protected":false},"featured_media":223293,"comment_status":"open","ping_status":"closed","template":"","meta":[],"product_brand":[],"product_cat":[504,8312],"product_tag":[],"class_list":{"0":"post-223292","1":"product","2":"type-product","3":"status-publish","4":"has-post-thumbnail","6":"product_cat-buerobedarf-schreibwaren","7":"product_cat-bueromoebel-beleuchtung","8":"pa_binding-elektronik","9":"pa_brand-wixgear","10":"pa_color-silver","11":"pa_manufacturer-wixgear","12":"pa_weight-0-4375-pounds","14":"first","15":"instock","16":"shipping-taxable","17":"purchasable","18":"product-type-simple","19":"customify-col","20":"product-has-gallery"},"yoast_head":"<!-- This site is optimized with the Yoast SEO plugin v27.4 - https:\/\/yoast.com\/product\/yoast-seo-wordpress\/ -->\n<title>WixGear Tragbarer Laptop-St\u00e4nder f\u00fcr den Schreibtisch, verstellbar, faltbar, Aluminium, kompatibel mit allen Laptops - Markt-XXL<\/title>\n<meta name=\"description\" content=\"Markt-XXL WixGear Tragbarer Laptop-St\u00e4nder f\u00fcr den Schreibtisch, verstellbar, faltbar, Aluminium, kompatibel mit allen Laptops\" \/>\n<meta name=\"robots\" content=\"index, follow, max-snippet:-1, max-image-preview:large, max-video-preview:-1\" \/>\n<link rel=\"canonical\" href=\"https:\/\/marktxxl.de\/markt\/produkt\/wixgear-tragbarer-laptop-staender-fuer-den-schreibtisch-verstellbar-faltbar-aluminium-kompatibel-mit-allen-laptops\/\" \/>\n<meta property=\"og:locale\" content=\"de_DE\" \/>\n<meta property=\"og:type\" content=\"article\" \/>\n<meta property=\"og:title\" content=\"WixGear Tragbarer Laptop-St\u00e4nder f\u00fcr den Schreibtisch, verstellbar, faltbar, Aluminium, kompatibel mit allen Laptops - Markt-XXL\" \/>\n<meta property=\"og:description\" content=\"Markt-XXL WixGear Tragbarer Laptop-St\u00e4nder f\u00fcr den Schreibtisch, verstellbar, faltbar, Aluminium, kompatibel mit allen Laptops\" \/>\n<meta property=\"og:url\" content=\"https:\/\/marktxxl.de\/markt\/produkt\/wixgear-tragbarer-laptop-staender-fuer-den-schreibtisch-verstellbar-faltbar-aluminium-kompatibel-mit-allen-laptops\/\" \/>\n<meta property=\"og:site_name\" content=\"Markt-XXL\" \/>\n<meta name=\"twitter:card\" content=\"summary_large_image\" \/>\n<meta name=\"twitter:label1\" content=\"Gesch\u00e4tzte Lesezeit\" \/>\n\t<meta name=\"twitter:data1\" content=\"1\u00a0Minute\" \/>\n<script type=\"application\/ld+json\" class=\"yoast-schema-graph\">{\"@context\":\"https:\\\/\\\/schema.org\",\"@graph\":[{\"@type\":\"WebPage\",\"@id\":\"https:\\\/\\\/marktxxl.de\\\/markt\\\/produkt\\\/wixgear-tragbarer-laptop-staender-fuer-den-schreibtisch-verstellbar-faltbar-aluminium-kompatibel-mit-allen-laptops\\\/\",\"url\":\"https:\\\/\\\/marktxxl.de\\\/markt\\\/produkt\\\/wixgear-tragbarer-laptop-staender-fuer-den-schreibtisch-verstellbar-faltbar-aluminium-kompatibel-mit-allen-laptops\\\/\",\"name\":\"WixGear Tragbarer Laptop-St\u00e4nder f\u00fcr den Schreibtisch, verstellbar, faltbar, Aluminium, kompatibel mit allen Laptops - Markt-XXL\",\"isPartOf\":{\"@id\":\"https:\\\/\\\/marktxxl.de\\\/markt\\\/#website\"},\"primaryImageOfPage\":{\"@id\":\"https:\\\/\\\/marktxxl.de\\\/markt\\\/produkt\\\/wixgear-tragbarer-laptop-staender-fuer-den-schreibtisch-verstellbar-faltbar-aluminium-kompatibel-mit-allen-laptops\\\/#primaryimage\"},\"image\":{\"@id\":\"https:\\\/\\\/marktxxl.de\\\/markt\\\/produkt\\\/wixgear-tragbarer-laptop-staender-fuer-den-schreibtisch-verstellbar-faltbar-aluminium-kompatibel-mit-allen-laptops\\\/#primaryimage\"},\"thumbnailUrl\":\"https:\\\/\\\/m.media-amazon.com\\\/images\\\/I\\\/31tqs5KQboL._SL500_.jpg\",\"datePublished\":\"2024-07-28T15:25:31+00:00\",\"description\":\"Markt-XXL WixGear Tragbarer Laptop-St\u00e4nder f\u00fcr den Schreibtisch, verstellbar, faltbar, Aluminium, kompatibel mit allen Laptops\",\"breadcrumb\":{\"@id\":\"https:\\\/\\\/marktxxl.de\\\/markt\\\/produkt\\\/wixgear-tragbarer-laptop-staender-fuer-den-schreibtisch-verstellbar-faltbar-aluminium-kompatibel-mit-allen-laptops\\\/#breadcrumb\"},\"inLanguage\":\"de\",\"potentialAction\":[{\"@type\":\"ReadAction\",\"target\":[\"https:\\\/\\\/marktxxl.de\\\/markt\\\/produkt\\\/wixgear-tragbarer-laptop-staender-fuer-den-schreibtisch-verstellbar-faltbar-aluminium-kompatibel-mit-allen-laptops\\\/\"]}]},{\"@type\":\"ImageObject\",\"inLanguage\":\"de\",\"@id\":\"https:\\\/\\\/marktxxl.de\\\/markt\\\/produkt\\\/wixgear-tragbarer-laptop-staender-fuer-den-schreibtisch-verstellbar-faltbar-aluminium-kompatibel-mit-allen-laptops\\\/#primaryimage\",\"url\":\"https:\\\/\\\/m.media-amazon.com\\\/images\\\/I\\\/31tqs5KQboL._SL500_.jpg\",\"contentUrl\":\"https:\\\/\\\/m.media-amazon.com\\\/images\\\/I\\\/31tqs5KQboL._SL500_.jpg\",\"width\":500,\"height\":500},{\"@type\":\"BreadcrumbList\",\"@id\":\"https:\\\/\\\/marktxxl.de\\\/markt\\\/produkt\\\/wixgear-tragbarer-laptop-staender-fuer-den-schreibtisch-verstellbar-faltbar-aluminium-kompatibel-mit-allen-laptops\\\/#breadcrumb\",\"itemListElement\":[{\"@type\":\"ListItem\",\"position\":1,\"name\":\"Startseite\",\"item\":\"https:\\\/\\\/marktxxl.de\\\/markt\\\/\"},{\"@type\":\"ListItem\",\"position\":2,\"name\":\"Markt\",\"item\":\"https:\\\/\\\/marktxxl.de\\\/markt\\\/\"},{\"@type\":\"ListItem\",\"position\":3,\"name\":\"WixGear Tragbarer Laptop-St\u00e4nder f\u00fcr den Schreibtisch, verstellbar, faltbar, Aluminium, kompatibel mit allen Laptops\"}]},{\"@type\":\"WebSite\",\"@id\":\"https:\\\/\\\/marktxxl.de\\\/markt\\\/#website\",\"url\":\"https:\\\/\\\/marktxxl.de\\\/markt\\\/\",\"name\":\"Markt-XXL\",\"description\":\"Ihr Markt Online\",\"publisher\":{\"@id\":\"https:\\\/\\\/marktxxl.de\\\/markt\\\/#organization\"},\"potentialAction\":[{\"@type\":\"SearchAction\",\"target\":{\"@type\":\"EntryPoint\",\"urlTemplate\":\"https:\\\/\\\/marktxxl.de\\\/markt\\\/?s={search_term_string}\"},\"query-input\":{\"@type\":\"PropertyValueSpecification\",\"valueRequired\":true,\"valueName\":\"search_term_string\"}}],\"inLanguage\":\"de\"},{\"@type\":\"Organization\",\"@id\":\"https:\\\/\\\/marktxxl.de\\\/markt\\\/#organization\",\"name\":\"Markt-XXL\",\"url\":\"https:\\\/\\\/marktxxl.de\\\/markt\\\/\",\"logo\":{\"@type\":\"ImageObject\",\"inLanguage\":\"de\",\"@id\":\"https:\\\/\\\/marktxxl.de\\\/markt\\\/#\\\/schema\\\/logo\\\/image\\\/\",\"url\":\"https:\\\/\\\/marktxxl.de\\\/markt\\\/wp-content\\\/uploads\\\/sites\\\/3\\\/2020\\\/12\\\/logo.png\",\"contentUrl\":\"https:\\\/\\\/marktxxl.de\\\/markt\\\/wp-content\\\/uploads\\\/sites\\\/3\\\/2020\\\/12\\\/logo.png\",\"width\":200,\"height\":70,\"caption\":\"Markt-XXL\"},\"image\":{\"@id\":\"https:\\\/\\\/marktxxl.de\\\/markt\\\/#\\\/schema\\\/logo\\\/image\\\/\"}}]}<\/script>\n<!-- \/ Yoast SEO plugin. -->","yoast_head_json":{"title":"WixGear Tragbarer Laptop-St\u00e4nder f\u00fcr den Schreibtisch, verstellbar, faltbar, Aluminium, kompatibel mit allen Laptops - Markt-XXL","description":"Markt-XXL WixGear Tragbarer Laptop-St\u00e4nder f\u00fcr den Schreibtisch, verstellbar, faltbar, Aluminium, kompatibel mit allen Laptops","robots":{"index":"index","follow":"follow","max-snippet":"max-snippet:-1","max-image-preview":"max-image-preview:large","max-video-preview":"max-video-preview:-1"},"canonical":"https:\/\/marktxxl.de\/markt\/produkt\/wixgear-tragbarer-laptop-staender-fuer-den-schreibtisch-verstellbar-faltbar-aluminium-kompatibel-mit-allen-laptops\/","og_locale":"de_DE","og_type":"article","og_title":"WixGear Tragbarer Laptop-St\u00e4nder f\u00fcr den Schreibtisch, verstellbar, faltbar, Aluminium, kompatibel mit allen Laptops - Markt-XXL","og_description":"Markt-XXL WixGear Tragbarer Laptop-St\u00e4nder f\u00fcr den Schreibtisch, verstellbar, faltbar, Aluminium, kompatibel mit allen Laptops","og_url":"https:\/\/marktxxl.de\/markt\/produkt\/wixgear-tragbarer-laptop-staender-fuer-den-schreibtisch-verstellbar-faltbar-aluminium-kompatibel-mit-allen-laptops\/","og_site_name":"Markt-XXL","twitter_card":"summary_large_image","twitter_misc":{"Gesch\u00e4tzte Lesezeit":"1\u00a0Minute"},"schema":{"@context":"https:\/\/schema.org","@graph":[{"@type":"WebPage","@id":"https:\/\/marktxxl.de\/markt\/produkt\/wixgear-tragbarer-laptop-staender-fuer-den-schreibtisch-verstellbar-faltbar-aluminium-kompatibel-mit-allen-laptops\/","url":"https:\/\/marktxxl.de\/markt\/produkt\/wixgear-tragbarer-laptop-staender-fuer-den-schreibtisch-verstellbar-faltbar-aluminium-kompatibel-mit-allen-laptops\/","name":"WixGear Tragbarer Laptop-St\u00e4nder f\u00fcr den Schreibtisch, verstellbar, faltbar, Aluminium, kompatibel mit allen Laptops - Markt-XXL","isPartOf":{"@id":"https:\/\/marktxxl.de\/markt\/#website"},"primaryImageOfPage":{"@id":"https:\/\/marktxxl.de\/markt\/produkt\/wixgear-tragbarer-laptop-staender-fuer-den-schreibtisch-verstellbar-faltbar-aluminium-kompatibel-mit-allen-laptops\/#primaryimage"},"image":{"@id":"https:\/\/marktxxl.de\/markt\/produkt\/wixgear-tragbarer-laptop-staender-fuer-den-schreibtisch-verstellbar-faltbar-aluminium-kompatibel-mit-allen-laptops\/#primaryimage"},"thumbnailUrl":"https:\/\/m.media-amazon.com\/images\/I\/31tqs5KQboL._SL500_.jpg","datePublished":"2024-07-28T15:25:31+00:00","description":"Markt-XXL WixGear Tragbarer Laptop-St\u00e4nder f\u00fcr den Schreibtisch, verstellbar, faltbar, Aluminium, kompatibel mit allen Laptops","breadcrumb":{"@id":"https:\/\/marktxxl.de\/markt\/produkt\/wixgear-tragbarer-laptop-staender-fuer-den-schreibtisch-verstellbar-faltbar-aluminium-kompatibel-mit-allen-laptops\/#breadcrumb"},"inLanguage":"de","potentialAction":[{"@type":"ReadAction","target":["https:\/\/marktxxl.de\/markt\/produkt\/wixgear-tragbarer-laptop-staender-fuer-den-schreibtisch-verstellbar-faltbar-aluminium-kompatibel-mit-allen-laptops\/"]}]},{"@type":"ImageObject","inLanguage":"de","@id":"https:\/\/marktxxl.de\/markt\/produkt\/wixgear-tragbarer-laptop-staender-fuer-den-schreibtisch-verstellbar-faltbar-aluminium-kompatibel-mit-allen-laptops\/#primaryimage","url":"https:\/\/m.media-amazon.com\/images\/I\/31tqs5KQboL._SL500_.jpg","contentUrl":"https:\/\/m.media-amazon.com\/images\/I\/31tqs5KQboL._SL500_.jpg","width":500,"height":500},{"@type":"BreadcrumbList","@id":"https:\/\/marktxxl.de\/markt\/produkt\/wixgear-tragbarer-laptop-staender-fuer-den-schreibtisch-verstellbar-faltbar-aluminium-kompatibel-mit-allen-laptops\/#breadcrumb","itemListElement":[{"@type":"ListItem","position":1,"name":"Startseite","item":"https:\/\/marktxxl.de\/markt\/"},{"@type":"ListItem","position":2,"name":"Markt","item":"https:\/\/marktxxl.de\/markt\/"},{"@type":"ListItem","position":3,"name":"WixGear Tragbarer Laptop-St\u00e4nder f\u00fcr den Schreibtisch, verstellbar, faltbar, Aluminium, kompatibel mit allen Laptops"}]},{"@type":"WebSite","@id":"https:\/\/marktxxl.de\/markt\/#website","url":"https:\/\/marktxxl.de\/markt\/","name":"Markt-XXL","description":"Ihr Markt Online","publisher":{"@id":"https:\/\/marktxxl.de\/markt\/#organization"},"potentialAction":[{"@type":"SearchAction","target":{"@type":"EntryPoint","urlTemplate":"https:\/\/marktxxl.de\/markt\/?s={search_term_string}"},"query-input":{"@type":"PropertyValueSpecification","valueRequired":true,"valueName":"search_term_string"}}],"inLanguage":"de"},{"@type":"Organization","@id":"https:\/\/marktxxl.de\/markt\/#organization","name":"Markt-XXL","url":"https:\/\/marktxxl.de\/markt\/","logo":{"@type":"ImageObject","inLanguage":"de","@id":"https:\/\/marktxxl.de\/markt\/#\/schema\/logo\/image\/","url":"https:\/\/marktxxl.de\/markt\/wp-content\/uploads\/sites\/3\/2020\/12\/logo.png","contentUrl":"https:\/\/marktxxl.de\/markt\/wp-content\/uploads\/sites\/3\/2020\/12\/logo.png","width":200,"height":70,"caption":"Markt-XXL"},"image":{"@id":"https:\/\/marktxxl.de\/markt\/#\/schema\/logo\/image\/"}}]}},"_links":{"self":[{"href":"https:\/\/marktxxl.de\/markt\/wp-json\/wp\/v2\/product\/223292","targetHints":{"allow":["GET"]}}],"collection":[{"href":"https:\/\/marktxxl.de\/markt\/wp-json\/wp\/v2\/product"}],"about":[{"href":"https:\/\/marktxxl.de\/markt\/wp-json\/wp\/v2\/types\/product"}],"replies":[{"embeddable":true,"href":"https:\/\/marktxxl.de\/markt\/wp-json\/wp\/v2\/comments?post=223292"}],"wp:featuredmedia":[{"embeddable":true,"href":"https:\/\/marktxxl.de\/markt\/wp-json\/wp\/v2\/media\/223293"}],"wp:attachment":[{"href":"https:\/\/marktxxl.de\/markt\/wp-json\/wp\/v2\/media?parent=223292"}],"wp:term":[{"taxonomy":"product_brand","embeddable":true,"href":"https:\/\/marktxxl.de\/markt\/wp-json\/wp\/v2\/product_brand?post=223292"},{"taxonomy":"product_cat","embeddable":true,"href":"https:\/\/marktxxl.de\/markt\/wp-json\/wp\/v2\/product_cat?post=223292"},{"taxonomy":"product_tag","embeddable":true,"href":"https:\/\/marktxxl.de\/markt\/wp-json\/wp\/v2\/product_tag?post=223292"}],"curies":[{"name":"wp","href":"https:\/\/api.w.org\/{rel}","templated":true}]}}