{"id":223182,"date":"2024-07-28T17:20:21","date_gmt":"2024-07-28T15:20:21","guid":{"rendered":"https:\/\/marktxxl.de\/markt\/produkt\/zeigis-din-lang-prospektbox-prospekthalter-flyerhalter-im-hochformat-wetterfest-fuer-aussen-mit-deckel-aus-glasklarem-acrylglas\/"},"modified":"2024-07-28T17:20:21","modified_gmt":"2024-07-28T15:20:21","slug":"zeigis-din-lang-prospektbox-prospekthalter-flyerhalter-im-hochformat-wetterfest-fuer-aussen-mit-deckel-aus-glasklarem-acrylglas","status":"publish","type":"product","link":"https:\/\/marktxxl.de\/markt\/produkt\/zeigis-din-lang-prospektbox-prospekthalter-flyerhalter-im-hochformat-wetterfest-fuer-aussen-mit-deckel-aus-glasklarem-acrylglas\/","title":{"rendered":"Zeigis DIN Lang Prospektbox \/ Prospekthalter \/ Flyerhalter im Hochformat, wetterfest, f\u00fcr Au\u00dfen, mit Deckel, aus glasklarem Acrylglas"},"content":{"rendered":"<p>Mit diesem wetterfesten Prospekthalter, passend f\u00fcr Prospekte im DIN Lang Hochformat, stellen Sie Ihren Kunden und Interessenten Ihre Prospekte auch au\u00dferhalb Ihrer Gesch\u00e4ftszeiten, im Au\u00dfenbereich, zur Verf\u00fcgung.<br \/>\nDurch einen Deckel werden Ihre Prospekte und Flyer sicher vor Wind, Regen und Schnee gesch\u00fctzt. Der Deckel schlie\u00dft nach der Entnahme automatisch, er kann daher auch nicht versehentlich, nach der Entnahme von Prospekten, offen gelassen werden.<br \/>\nDie Prospektbox hat eine gro\u00dfe F\u00fclltiefe von 43mm und braucht daher nicht so h\u00e4ufig nachgef\u00fcllt werden wie Boxen mit einer geringeren F\u00fclltiefe.<br \/>\nDie Prospektbox ist ein Markenprodukt aus glasklarem Acrylglas. Acrylglas vergilbt nicht durch UV-Strahlen (Sonnenstrahlen).<br \/>\nDer Prospekthalter ist f\u00fcr die Wandmontage mit Schrauben oder f\u00fcr die Verklebung an glatten Fl\u00e4chen geeignet (Befestigungsmaterial ist nicht enthalten).<br \/>\n<div class=\"main-cross-sell\" data-asin=\"B00KH5N6CM\">\n\n\t<div class=\"WooZone-cross-sell-loader\">\n\t\t<div>\n\t\t\t<div id=\"floatingBarsG\">\n\t\t\t\t<div class=\"blockG\" id=\"rotateG_01\"><\/div>\n\t\t\t\t<div class=\"blockG\" id=\"rotateG_02\"><\/div>\n\t\t\t\t<div class=\"blockG\" id=\"rotateG_03\"><\/div>\n\t\t\t\t<div class=\"blockG\" id=\"rotateG_04\"><\/div>\n\t\t\t\t<div class=\"blockG\" id=\"rotateG_05\"><\/div>\n\t\t\t\t<div class=\"blockG\" id=\"rotateG_06\"><\/div>\n\t\t\t\t<div class=\"blockG\" id=\"rotateG_07\"><\/div>\n\t\t\t\t<div class=\"blockG\" id=\"rotateG_08\"><\/div>\n\t\t\t<\/div>\n\t\t\t<div class=\"WooZone-cross-sell-loader-text\"><\/div>\n\t\t<\/div>\n\t<\/div>\n\n\t\t\n<\/div>\n<div style=\"clear:both;\"><\/div><\/p>\n","protected":false},"excerpt":{"rendered":"<p>Mit diesem wetterfesten Prospekthalter, passend f\u00fcr Prospekte im DIN Lang Hochformat, stellen Sie Ihren Kunden und Interessenten Ihre Prospekte auch au\u00dferhalb Ihrer Gesch\u00e4ftszeiten, im Au\u00dfenbereich, zur Verf\u00fcgung.<br \/>\nDurch einen Deckel werden Ihre Prospekte und Flyer sicher vor Wind, Regen und Schnee gesch\u00fctzt. Der Deckel schlie\u00dft nach der Entnahme automatisch, er kann daher auch nicht versehentlich, nach der Entnahme von Prospekten, offen gelassen werden.<br \/>\nDie Prospektbox hat eine gro\u00dfe F\u00fclltiefe von 43mm und braucht daher nicht so h\u00e4ufig nachgef\u00fcllt werden wie Boxen mit einer geringeren F\u00fclltiefe.<\/p>\n","protected":false},"featured_media":223183,"comment_status":"open","ping_status":"closed","template":"","meta":[],"product_brand":[],"product_cat":[504,8312],"product_tag":[],"class_list":{"0":"post-223182","1":"product","2":"type-product","3":"status-publish","4":"has-post-thumbnail","6":"product_cat-buerobedarf-schreibwaren","7":"product_cat-bueromoebel-beleuchtung","8":"pa_binding-buerobedarf-schreibwaren","9":"pa_brand-zeigis","10":"pa_color-transparent-glasklar","11":"pa_manufacturer-unbekannt","12":"pa_model-a0347","13":"pa_weight-0-75839018128-pounds","15":"first","16":"instock","17":"shipping-taxable","18":"purchasable","19":"product-type-simple","20":"customify-col","21":"product-has-gallery"},"yoast_head":"<!-- This site is optimized with the Yoast SEO plugin v27.4 - https:\/\/yoast.com\/product\/yoast-seo-wordpress\/ -->\n<title>Zeigis DIN Lang Prospektbox \/ Prospekthalter \/ Flyerhalter im Hochformat, wetterfest, f\u00fcr Au\u00dfen, mit Deckel, aus glasklarem Acrylglas - Markt-XXL<\/title>\n<meta name=\"description\" content=\"Markt-XXL Zeigis DIN Lang Prospektbox \/ Prospekthalter \/ Flyerhalter im Hochformat, wetterfest, f\u00fcr Au\u00dfen, mit Deckel, aus glasklarem Acrylglas\" \/>\n<meta name=\"robots\" content=\"index, follow, max-snippet:-1, max-image-preview:large, max-video-preview:-1\" \/>\n<link rel=\"canonical\" href=\"https:\/\/marktxxl.de\/markt\/produkt\/zeigis-din-lang-prospektbox-prospekthalter-flyerhalter-im-hochformat-wetterfest-fuer-aussen-mit-deckel-aus-glasklarem-acrylglas\/\" \/>\n<meta property=\"og:locale\" content=\"de_DE\" \/>\n<meta property=\"og:type\" content=\"article\" \/>\n<meta property=\"og:title\" content=\"Zeigis DIN Lang Prospektbox \/ Prospekthalter \/ Flyerhalter im Hochformat, wetterfest, f\u00fcr Au\u00dfen, mit Deckel, aus glasklarem Acrylglas - Markt-XXL\" \/>\n<meta property=\"og:description\" content=\"Markt-XXL Zeigis DIN Lang Prospektbox \/ Prospekthalter \/ Flyerhalter im Hochformat, wetterfest, f\u00fcr Au\u00dfen, mit Deckel, aus glasklarem Acrylglas\" \/>\n<meta property=\"og:url\" content=\"https:\/\/marktxxl.de\/markt\/produkt\/zeigis-din-lang-prospektbox-prospekthalter-flyerhalter-im-hochformat-wetterfest-fuer-aussen-mit-deckel-aus-glasklarem-acrylglas\/\" \/>\n<meta property=\"og:site_name\" content=\"Markt-XXL\" \/>\n<meta name=\"twitter:card\" content=\"summary_large_image\" \/>\n<meta name=\"twitter:label1\" content=\"Gesch\u00e4tzte Lesezeit\" \/>\n\t<meta name=\"twitter:data1\" content=\"1\u00a0Minute\" \/>\n<script type=\"application\/ld+json\" class=\"yoast-schema-graph\">{\"@context\":\"https:\\\/\\\/schema.org\",\"@graph\":[{\"@type\":\"WebPage\",\"@id\":\"https:\\\/\\\/marktxxl.de\\\/markt\\\/produkt\\\/zeigis-din-lang-prospektbox-prospekthalter-flyerhalter-im-hochformat-wetterfest-fuer-aussen-mit-deckel-aus-glasklarem-acrylglas\\\/\",\"url\":\"https:\\\/\\\/marktxxl.de\\\/markt\\\/produkt\\\/zeigis-din-lang-prospektbox-prospekthalter-flyerhalter-im-hochformat-wetterfest-fuer-aussen-mit-deckel-aus-glasklarem-acrylglas\\\/\",\"name\":\"Zeigis DIN Lang Prospektbox \\\/ Prospekthalter \\\/ Flyerhalter im Hochformat, wetterfest, f\u00fcr Au\u00dfen, mit Deckel, aus glasklarem Acrylglas - Markt-XXL\",\"isPartOf\":{\"@id\":\"https:\\\/\\\/marktxxl.de\\\/markt\\\/#website\"},\"primaryImageOfPage\":{\"@id\":\"https:\\\/\\\/marktxxl.de\\\/markt\\\/produkt\\\/zeigis-din-lang-prospektbox-prospekthalter-flyerhalter-im-hochformat-wetterfest-fuer-aussen-mit-deckel-aus-glasklarem-acrylglas\\\/#primaryimage\"},\"image\":{\"@id\":\"https:\\\/\\\/marktxxl.de\\\/markt\\\/produkt\\\/zeigis-din-lang-prospektbox-prospekthalter-flyerhalter-im-hochformat-wetterfest-fuer-aussen-mit-deckel-aus-glasklarem-acrylglas\\\/#primaryimage\"},\"thumbnailUrl\":\"https:\\\/\\\/m.media-amazon.com\\\/images\\\/I\\\/41iPNM52nxL._SL500_.jpg\",\"datePublished\":\"2024-07-28T15:20:21+00:00\",\"description\":\"Markt-XXL Zeigis DIN Lang Prospektbox \\\/ Prospekthalter \\\/ Flyerhalter im Hochformat, wetterfest, f\u00fcr Au\u00dfen, mit Deckel, aus glasklarem Acrylglas\",\"breadcrumb\":{\"@id\":\"https:\\\/\\\/marktxxl.de\\\/markt\\\/produkt\\\/zeigis-din-lang-prospektbox-prospekthalter-flyerhalter-im-hochformat-wetterfest-fuer-aussen-mit-deckel-aus-glasklarem-acrylglas\\\/#breadcrumb\"},\"inLanguage\":\"de\",\"potentialAction\":[{\"@type\":\"ReadAction\",\"target\":[\"https:\\\/\\\/marktxxl.de\\\/markt\\\/produkt\\\/zeigis-din-lang-prospektbox-prospekthalter-flyerhalter-im-hochformat-wetterfest-fuer-aussen-mit-deckel-aus-glasklarem-acrylglas\\\/\"]}]},{\"@type\":\"ImageObject\",\"inLanguage\":\"de\",\"@id\":\"https:\\\/\\\/marktxxl.de\\\/markt\\\/produkt\\\/zeigis-din-lang-prospektbox-prospekthalter-flyerhalter-im-hochformat-wetterfest-fuer-aussen-mit-deckel-aus-glasklarem-acrylglas\\\/#primaryimage\",\"url\":\"https:\\\/\\\/m.media-amazon.com\\\/images\\\/I\\\/41iPNM52nxL._SL500_.jpg\",\"contentUrl\":\"https:\\\/\\\/m.media-amazon.com\\\/images\\\/I\\\/41iPNM52nxL._SL500_.jpg\",\"width\":500,\"height\":500},{\"@type\":\"BreadcrumbList\",\"@id\":\"https:\\\/\\\/marktxxl.de\\\/markt\\\/produkt\\\/zeigis-din-lang-prospektbox-prospekthalter-flyerhalter-im-hochformat-wetterfest-fuer-aussen-mit-deckel-aus-glasklarem-acrylglas\\\/#breadcrumb\",\"itemListElement\":[{\"@type\":\"ListItem\",\"position\":1,\"name\":\"Startseite\",\"item\":\"https:\\\/\\\/marktxxl.de\\\/markt\\\/\"},{\"@type\":\"ListItem\",\"position\":2,\"name\":\"Markt\",\"item\":\"https:\\\/\\\/marktxxl.de\\\/markt\\\/\"},{\"@type\":\"ListItem\",\"position\":3,\"name\":\"Zeigis DIN Lang Prospektbox \\\/ Prospekthalter \\\/ Flyerhalter im Hochformat, wetterfest, f\u00fcr Au\u00dfen, mit Deckel, aus glasklarem Acrylglas\"}]},{\"@type\":\"WebSite\",\"@id\":\"https:\\\/\\\/marktxxl.de\\\/markt\\\/#website\",\"url\":\"https:\\\/\\\/marktxxl.de\\\/markt\\\/\",\"name\":\"Markt-XXL\",\"description\":\"Ihr Markt Online\",\"publisher\":{\"@id\":\"https:\\\/\\\/marktxxl.de\\\/markt\\\/#organization\"},\"potentialAction\":[{\"@type\":\"SearchAction\",\"target\":{\"@type\":\"EntryPoint\",\"urlTemplate\":\"https:\\\/\\\/marktxxl.de\\\/markt\\\/?s={search_term_string}\"},\"query-input\":{\"@type\":\"PropertyValueSpecification\",\"valueRequired\":true,\"valueName\":\"search_term_string\"}}],\"inLanguage\":\"de\"},{\"@type\":\"Organization\",\"@id\":\"https:\\\/\\\/marktxxl.de\\\/markt\\\/#organization\",\"name\":\"Markt-XXL\",\"url\":\"https:\\\/\\\/marktxxl.de\\\/markt\\\/\",\"logo\":{\"@type\":\"ImageObject\",\"inLanguage\":\"de\",\"@id\":\"https:\\\/\\\/marktxxl.de\\\/markt\\\/#\\\/schema\\\/logo\\\/image\\\/\",\"url\":\"https:\\\/\\\/marktxxl.de\\\/markt\\\/wp-content\\\/uploads\\\/sites\\\/3\\\/2020\\\/12\\\/logo.png\",\"contentUrl\":\"https:\\\/\\\/marktxxl.de\\\/markt\\\/wp-content\\\/uploads\\\/sites\\\/3\\\/2020\\\/12\\\/logo.png\",\"width\":200,\"height\":70,\"caption\":\"Markt-XXL\"},\"image\":{\"@id\":\"https:\\\/\\\/marktxxl.de\\\/markt\\\/#\\\/schema\\\/logo\\\/image\\\/\"}}]}<\/script>\n<!-- \/ Yoast SEO plugin. -->","yoast_head_json":{"title":"Zeigis DIN Lang Prospektbox \/ Prospekthalter \/ Flyerhalter im Hochformat, wetterfest, f\u00fcr Au\u00dfen, mit Deckel, aus glasklarem Acrylglas - Markt-XXL","description":"Markt-XXL Zeigis DIN Lang Prospektbox \/ Prospekthalter \/ Flyerhalter im Hochformat, wetterfest, f\u00fcr Au\u00dfen, mit Deckel, aus glasklarem Acrylglas","robots":{"index":"index","follow":"follow","max-snippet":"max-snippet:-1","max-image-preview":"max-image-preview:large","max-video-preview":"max-video-preview:-1"},"canonical":"https:\/\/marktxxl.de\/markt\/produkt\/zeigis-din-lang-prospektbox-prospekthalter-flyerhalter-im-hochformat-wetterfest-fuer-aussen-mit-deckel-aus-glasklarem-acrylglas\/","og_locale":"de_DE","og_type":"article","og_title":"Zeigis DIN Lang Prospektbox \/ Prospekthalter \/ Flyerhalter im Hochformat, wetterfest, f\u00fcr Au\u00dfen, mit Deckel, aus glasklarem Acrylglas - Markt-XXL","og_description":"Markt-XXL Zeigis DIN Lang Prospektbox \/ Prospekthalter \/ Flyerhalter im Hochformat, wetterfest, f\u00fcr Au\u00dfen, mit Deckel, aus glasklarem Acrylglas","og_url":"https:\/\/marktxxl.de\/markt\/produkt\/zeigis-din-lang-prospektbox-prospekthalter-flyerhalter-im-hochformat-wetterfest-fuer-aussen-mit-deckel-aus-glasklarem-acrylglas\/","og_site_name":"Markt-XXL","twitter_card":"summary_large_image","twitter_misc":{"Gesch\u00e4tzte Lesezeit":"1\u00a0Minute"},"schema":{"@context":"https:\/\/schema.org","@graph":[{"@type":"WebPage","@id":"https:\/\/marktxxl.de\/markt\/produkt\/zeigis-din-lang-prospektbox-prospekthalter-flyerhalter-im-hochformat-wetterfest-fuer-aussen-mit-deckel-aus-glasklarem-acrylglas\/","url":"https:\/\/marktxxl.de\/markt\/produkt\/zeigis-din-lang-prospektbox-prospekthalter-flyerhalter-im-hochformat-wetterfest-fuer-aussen-mit-deckel-aus-glasklarem-acrylglas\/","name":"Zeigis DIN Lang Prospektbox \/ Prospekthalter \/ Flyerhalter im Hochformat, wetterfest, f\u00fcr Au\u00dfen, mit Deckel, aus glasklarem Acrylglas - Markt-XXL","isPartOf":{"@id":"https:\/\/marktxxl.de\/markt\/#website"},"primaryImageOfPage":{"@id":"https:\/\/marktxxl.de\/markt\/produkt\/zeigis-din-lang-prospektbox-prospekthalter-flyerhalter-im-hochformat-wetterfest-fuer-aussen-mit-deckel-aus-glasklarem-acrylglas\/#primaryimage"},"image":{"@id":"https:\/\/marktxxl.de\/markt\/produkt\/zeigis-din-lang-prospektbox-prospekthalter-flyerhalter-im-hochformat-wetterfest-fuer-aussen-mit-deckel-aus-glasklarem-acrylglas\/#primaryimage"},"thumbnailUrl":"https:\/\/m.media-amazon.com\/images\/I\/41iPNM52nxL._SL500_.jpg","datePublished":"2024-07-28T15:20:21+00:00","description":"Markt-XXL Zeigis DIN Lang Prospektbox \/ Prospekthalter \/ Flyerhalter im Hochformat, wetterfest, f\u00fcr Au\u00dfen, mit Deckel, aus glasklarem Acrylglas","breadcrumb":{"@id":"https:\/\/marktxxl.de\/markt\/produkt\/zeigis-din-lang-prospektbox-prospekthalter-flyerhalter-im-hochformat-wetterfest-fuer-aussen-mit-deckel-aus-glasklarem-acrylglas\/#breadcrumb"},"inLanguage":"de","potentialAction":[{"@type":"ReadAction","target":["https:\/\/marktxxl.de\/markt\/produkt\/zeigis-din-lang-prospektbox-prospekthalter-flyerhalter-im-hochformat-wetterfest-fuer-aussen-mit-deckel-aus-glasklarem-acrylglas\/"]}]},{"@type":"ImageObject","inLanguage":"de","@id":"https:\/\/marktxxl.de\/markt\/produkt\/zeigis-din-lang-prospektbox-prospekthalter-flyerhalter-im-hochformat-wetterfest-fuer-aussen-mit-deckel-aus-glasklarem-acrylglas\/#primaryimage","url":"https:\/\/m.media-amazon.com\/images\/I\/41iPNM52nxL._SL500_.jpg","contentUrl":"https:\/\/m.media-amazon.com\/images\/I\/41iPNM52nxL._SL500_.jpg","width":500,"height":500},{"@type":"BreadcrumbList","@id":"https:\/\/marktxxl.de\/markt\/produkt\/zeigis-din-lang-prospektbox-prospekthalter-flyerhalter-im-hochformat-wetterfest-fuer-aussen-mit-deckel-aus-glasklarem-acrylglas\/#breadcrumb","itemListElement":[{"@type":"ListItem","position":1,"name":"Startseite","item":"https:\/\/marktxxl.de\/markt\/"},{"@type":"ListItem","position":2,"name":"Markt","item":"https:\/\/marktxxl.de\/markt\/"},{"@type":"ListItem","position":3,"name":"Zeigis DIN Lang Prospektbox \/ Prospekthalter \/ Flyerhalter im Hochformat, wetterfest, f\u00fcr Au\u00dfen, mit Deckel, aus glasklarem Acrylglas"}]},{"@type":"WebSite","@id":"https:\/\/marktxxl.de\/markt\/#website","url":"https:\/\/marktxxl.de\/markt\/","name":"Markt-XXL","description":"Ihr Markt Online","publisher":{"@id":"https:\/\/marktxxl.de\/markt\/#organization"},"potentialAction":[{"@type":"SearchAction","target":{"@type":"EntryPoint","urlTemplate":"https:\/\/marktxxl.de\/markt\/?s={search_term_string}"},"query-input":{"@type":"PropertyValueSpecification","valueRequired":true,"valueName":"search_term_string"}}],"inLanguage":"de"},{"@type":"Organization","@id":"https:\/\/marktxxl.de\/markt\/#organization","name":"Markt-XXL","url":"https:\/\/marktxxl.de\/markt\/","logo":{"@type":"ImageObject","inLanguage":"de","@id":"https:\/\/marktxxl.de\/markt\/#\/schema\/logo\/image\/","url":"https:\/\/marktxxl.de\/markt\/wp-content\/uploads\/sites\/3\/2020\/12\/logo.png","contentUrl":"https:\/\/marktxxl.de\/markt\/wp-content\/uploads\/sites\/3\/2020\/12\/logo.png","width":200,"height":70,"caption":"Markt-XXL"},"image":{"@id":"https:\/\/marktxxl.de\/markt\/#\/schema\/logo\/image\/"}}]}},"_links":{"self":[{"href":"https:\/\/marktxxl.de\/markt\/wp-json\/wp\/v2\/product\/223182","targetHints":{"allow":["GET"]}}],"collection":[{"href":"https:\/\/marktxxl.de\/markt\/wp-json\/wp\/v2\/product"}],"about":[{"href":"https:\/\/marktxxl.de\/markt\/wp-json\/wp\/v2\/types\/product"}],"replies":[{"embeddable":true,"href":"https:\/\/marktxxl.de\/markt\/wp-json\/wp\/v2\/comments?post=223182"}],"wp:featuredmedia":[{"embeddable":true,"href":"https:\/\/marktxxl.de\/markt\/wp-json\/wp\/v2\/media\/223183"}],"wp:attachment":[{"href":"https:\/\/marktxxl.de\/markt\/wp-json\/wp\/v2\/media?parent=223182"}],"wp:term":[{"taxonomy":"product_brand","embeddable":true,"href":"https:\/\/marktxxl.de\/markt\/wp-json\/wp\/v2\/product_brand?post=223182"},{"taxonomy":"product_cat","embeddable":true,"href":"https:\/\/marktxxl.de\/markt\/wp-json\/wp\/v2\/product_cat?post=223182"},{"taxonomy":"product_tag","embeddable":true,"href":"https:\/\/marktxxl.de\/markt\/wp-json\/wp\/v2\/product_tag?post=223182"}],"curies":[{"name":"wp","href":"https:\/\/api.w.org\/{rel}","templated":true}]}}