{"id":223165,"date":"2024-07-28T17:20:07","date_gmt":"2024-07-28T15:20:07","guid":{"rendered":"https:\/\/marktxxl.de\/markt\/produkt\/milacyee-buerostuhl-ergonomisch-buerostuhl-schreibtischstuhl-mit-verstellbarer-armlehnen-lendenwirbelstuetze-hoehenverstellbar-buerodrehstuhl-mit-atmungsaktivem-netzruecken-schwarz\/"},"modified":"2024-07-28T17:20:07","modified_gmt":"2024-07-28T15:20:07","slug":"milacyee-buerostuhl-ergonomisch-buerostuhl-schreibtischstuhl-mit-verstellbarer-armlehnen-lendenwirbelstuetze-hoehenverstellbar-buerodrehstuhl-mit-atmungsaktivem-netzruecken-schwarz","status":"publish","type":"product","link":"https:\/\/marktxxl.de\/markt\/produkt\/milacyee-buerostuhl-ergonomisch-buerostuhl-schreibtischstuhl-mit-verstellbarer-armlehnen-lendenwirbelstuetze-hoehenverstellbar-buerodrehstuhl-mit-atmungsaktivem-netzruecken-schwarz\/","title":{"rendered":"Milacyee B\u00fcrostuhl Ergonomisch, B\u00fcrostuhl, Schreibtischstuhl mit Verstellbarer Armlehnen, Lendenwirbelst\u00fctze, H\u00f6henverstellbar, B\u00fcrodrehstuhl mit atmungsaktivem Netzr\u00fccken, Schwarz"},"content":{"rendered":"<p>\u3010Ergonomischer B\u00fcrostuhl\u3011 B\u00fcrostuhl kann die Armlehnen hochklappen und den Stuhl unter den Schreibtisch stellen, um Platz zu sparen. Geeignet f\u00fcr B\u00fcro, Besprechungsraum, Studie, unter dem Computer-Schreibtisch. Sie k\u00f6nnen sich beim Arbeiten, Spielen, Fernsehen oder Ausruhen entspannen und das bequeme Leben genie\u00dfen, das die moderne Handwerkskunst mit sich bringt.<br \/>\n\u3010Breathable Mesh Chair with Backrest\u3011B\u00fcrostuhl ist mit einer schmetterlingsf\u00f6rmigen R\u00fcckenlehne f\u00fcr Ihren R\u00fccken Komfort und Unterst\u00fctzung entworfen, unsere ergonomischen Schreibtischstuhl mit seiner Lendenwirbelst\u00fctze Design erm\u00f6glicht es Ihnen, eine gute Sitzhaltung zu halten und ist die beste Wahl f\u00fcr lange Stunden Arbeit und Studium an Ihrem Schreibtisch.<br \/>\n\u3010Mehr bequemes Sitzkissen\u3011B\u00fcrost\u00fchle, immer f\u00fcr die Erfahrung des Kunden in den ersten Platz gestellt. Das Kissen unseres Schreibtischstuhl besteht aus 7cm dicker Schwammf\u00fcllung, die nach langem Sitzen nicht verformt wird. Bringen Sie eine bequemere und weichere Erfahrung.<br \/>\n\u3010Verstellbarer Arbeitsstuhl\u3011Arbeitsstuhl ist mit einer R\u00fcckenlehnenneigungsfunktion mit einem maximalen Neigungswinkel von 120\u00b0 ausgestattet. Die R\u00fcckenlehne kann w\u00e4hrend des Kippens nicht arretiert werden. B\u00fcrostuhl mit einer maximalen Belastung von 102KG<br \/>\n\u3010Langlebiger B\u00fcrostuhl\u3011Schreibtischstuhl hat BIFMA und SGS zertifizierte Gasfedern, einstellbare H\u00f6he von 10cm, robuste Basis und flexible Rollen, so dass es keine Spuren hinterl\u00e4sst, wenn es auf dem Boden rollt.<br \/>\n<div class=\"main-cross-sell\" data-asin=\"B0D2WZ5JL4\">\n\n\t<div class=\"WooZone-cross-sell-loader\">\n\t\t<div>\n\t\t\t<div id=\"floatingBarsG\">\n\t\t\t\t<div class=\"blockG\" id=\"rotateG_01\"><\/div>\n\t\t\t\t<div class=\"blockG\" id=\"rotateG_02\"><\/div>\n\t\t\t\t<div class=\"blockG\" id=\"rotateG_03\"><\/div>\n\t\t\t\t<div class=\"blockG\" id=\"rotateG_04\"><\/div>\n\t\t\t\t<div class=\"blockG\" id=\"rotateG_05\"><\/div>\n\t\t\t\t<div class=\"blockG\" id=\"rotateG_06\"><\/div>\n\t\t\t\t<div class=\"blockG\" id=\"rotateG_07\"><\/div>\n\t\t\t\t<div class=\"blockG\" id=\"rotateG_08\"><\/div>\n\t\t\t<\/div>\n\t\t\t<div class=\"WooZone-cross-sell-loader-text\"><\/div>\n\t\t<\/div>\n\t<\/div>\n\n\t\t\n<\/div>\n<div style=\"clear:both;\"><\/div><\/p>\n","protected":false},"excerpt":{"rendered":"<p>\u3010Ergonomischer B\u00fcrostuhl\u3011 B\u00fcrostuhl kann die Armlehnen hochklappen und den Stuhl unter den Schreibtisch stellen, um Platz zu sparen. Geeignet f\u00fcr B\u00fcro, Besprechungsraum, Studie, unter dem Computer-Schreibtisch. Sie k\u00f6nnen sich beim Arbeiten, Spielen, Fernsehen oder Ausruhen entspannen und das bequeme Leben genie\u00dfen, das die moderne Handwerkskunst mit sich bringt.<br \/>\n\u3010Breathable Mesh Chair with Backrest\u3011B\u00fcrostuhl ist mit einer schmetterlingsf\u00f6rmigen R\u00fcckenlehne f\u00fcr Ihren R\u00fccken Komfort und Unterst\u00fctzung entworfen, unsere ergonomischen Schreibtischstuhl mit seiner Lendenwirbelst\u00fctze Design erm\u00f6glicht es Ihnen, eine gute Sitzhaltung zu halten und ist die beste Wahl f\u00fcr lange Stunden Arbeit und Studium an Ihrem Schreibtisch.<br \/>\n\u3010Mehr bequemes Sitzkissen\u3011B\u00fcrost\u00fchle, immer f\u00fcr die Erfahrung des Kunden in den ersten Platz gestellt. Das Kissen unseres Schreibtischstuhl besteht aus 7cm dicker Schwammf\u00fcllung, die nach langem Sitzen nicht verformt wird. Bringen Sie eine bequemere und weichere Erfahrung.<\/p>\n","protected":false},"featured_media":223166,"comment_status":"open","ping_status":"closed","template":"","meta":[],"product_brand":[],"product_cat":[504,8312],"product_tag":[],"class_list":{"0":"post-223165","1":"product","2":"type-product","3":"status-publish","4":"has-post-thumbnail","6":"product_cat-buerobedarf-schreibwaren","7":"product_cat-bueromoebel-beleuchtung","8":"pa_brand-milacyee","9":"pa_color-schwarz","10":"pa_height-40-157480274-zoll","11":"pa_length-22-834645646-zoll","12":"pa_manufacturer-milacyee","13":"pa_model-55872","14":"pa_size-norm","15":"pa_weight-22-487150724-pfund","16":"pa_width-22-440944859-zoll","18":"first","19":"instock","20":"shipping-taxable","21":"purchasable","22":"product-type-simple","23":"customify-col","24":"product-has-gallery"},"yoast_head":"<!-- This site is optimized with the Yoast SEO plugin v27.4 - https:\/\/yoast.com\/product\/yoast-seo-wordpress\/ -->\n<title>Milacyee B\u00fcrostuhl Ergonomisch, B\u00fcrostuhl, Schreibtischstuhl mit Verstellbarer Armlehnen, Lendenwirbelst\u00fctze, H\u00f6henverstellbar, B\u00fcrodrehstuhl mit atmungsaktivem Netzr\u00fccken, Schwarz - Markt-XXL<\/title>\n<meta name=\"description\" content=\"Markt-XXL Milacyee B\u00fcrostuhl Ergonomisch, B\u00fcrostuhl, Schreibtischstuhl mit Verstellbarer Armlehnen, Lendenwirbelst\u00fctze, H\u00f6henverstellbar, B\u00fcrodrehstuhl mit atmungsaktivem Netzr\u00fccken, Schwarz\" \/>\n<meta name=\"robots\" content=\"index, follow, max-snippet:-1, max-image-preview:large, max-video-preview:-1\" \/>\n<link rel=\"canonical\" href=\"https:\/\/marktxxl.de\/markt\/produkt\/milacyee-buerostuhl-ergonomisch-buerostuhl-schreibtischstuhl-mit-verstellbarer-armlehnen-lendenwirbelstuetze-hoehenverstellbar-buerodrehstuhl-mit-atmungsaktivem-netzruecken-schwarz\/\" \/>\n<meta property=\"og:locale\" content=\"de_DE\" \/>\n<meta property=\"og:type\" content=\"article\" \/>\n<meta property=\"og:title\" content=\"Milacyee B\u00fcrostuhl Ergonomisch, B\u00fcrostuhl, Schreibtischstuhl mit Verstellbarer Armlehnen, Lendenwirbelst\u00fctze, H\u00f6henverstellbar, B\u00fcrodrehstuhl mit atmungsaktivem Netzr\u00fccken, Schwarz - Markt-XXL\" \/>\n<meta property=\"og:description\" content=\"Markt-XXL Milacyee B\u00fcrostuhl Ergonomisch, B\u00fcrostuhl, Schreibtischstuhl mit Verstellbarer Armlehnen, Lendenwirbelst\u00fctze, H\u00f6henverstellbar, B\u00fcrodrehstuhl mit atmungsaktivem Netzr\u00fccken, Schwarz\" \/>\n<meta property=\"og:url\" content=\"https:\/\/marktxxl.de\/markt\/produkt\/milacyee-buerostuhl-ergonomisch-buerostuhl-schreibtischstuhl-mit-verstellbarer-armlehnen-lendenwirbelstuetze-hoehenverstellbar-buerodrehstuhl-mit-atmungsaktivem-netzruecken-schwarz\/\" \/>\n<meta property=\"og:site_name\" content=\"Markt-XXL\" \/>\n<meta name=\"twitter:card\" content=\"summary_large_image\" \/>\n<meta name=\"twitter:label1\" content=\"Gesch\u00e4tzte Lesezeit\" \/>\n\t<meta name=\"twitter:data1\" content=\"1\u00a0Minute\" \/>\n<script type=\"application\/ld+json\" class=\"yoast-schema-graph\">{\"@context\":\"https:\\\/\\\/schema.org\",\"@graph\":[{\"@type\":\"WebPage\",\"@id\":\"https:\\\/\\\/marktxxl.de\\\/markt\\\/produkt\\\/milacyee-buerostuhl-ergonomisch-buerostuhl-schreibtischstuhl-mit-verstellbarer-armlehnen-lendenwirbelstuetze-hoehenverstellbar-buerodrehstuhl-mit-atmungsaktivem-netzruecken-schwarz\\\/\",\"url\":\"https:\\\/\\\/marktxxl.de\\\/markt\\\/produkt\\\/milacyee-buerostuhl-ergonomisch-buerostuhl-schreibtischstuhl-mit-verstellbarer-armlehnen-lendenwirbelstuetze-hoehenverstellbar-buerodrehstuhl-mit-atmungsaktivem-netzruecken-schwarz\\\/\",\"name\":\"Milacyee B\u00fcrostuhl Ergonomisch, B\u00fcrostuhl, Schreibtischstuhl mit Verstellbarer Armlehnen, Lendenwirbelst\u00fctze, H\u00f6henverstellbar, B\u00fcrodrehstuhl mit atmungsaktivem Netzr\u00fccken, Schwarz - Markt-XXL\",\"isPartOf\":{\"@id\":\"https:\\\/\\\/marktxxl.de\\\/markt\\\/#website\"},\"primaryImageOfPage\":{\"@id\":\"https:\\\/\\\/marktxxl.de\\\/markt\\\/produkt\\\/milacyee-buerostuhl-ergonomisch-buerostuhl-schreibtischstuhl-mit-verstellbarer-armlehnen-lendenwirbelstuetze-hoehenverstellbar-buerodrehstuhl-mit-atmungsaktivem-netzruecken-schwarz\\\/#primaryimage\"},\"image\":{\"@id\":\"https:\\\/\\\/marktxxl.de\\\/markt\\\/produkt\\\/milacyee-buerostuhl-ergonomisch-buerostuhl-schreibtischstuhl-mit-verstellbarer-armlehnen-lendenwirbelstuetze-hoehenverstellbar-buerodrehstuhl-mit-atmungsaktivem-netzruecken-schwarz\\\/#primaryimage\"},\"thumbnailUrl\":\"https:\\\/\\\/m.media-amazon.com\\\/images\\\/I\\\/31uOOZ40fBL._SL500_.jpg\",\"datePublished\":\"2024-07-28T15:20:07+00:00\",\"description\":\"Markt-XXL Milacyee B\u00fcrostuhl Ergonomisch, B\u00fcrostuhl, Schreibtischstuhl mit Verstellbarer Armlehnen, Lendenwirbelst\u00fctze, H\u00f6henverstellbar, B\u00fcrodrehstuhl mit atmungsaktivem Netzr\u00fccken, Schwarz\",\"breadcrumb\":{\"@id\":\"https:\\\/\\\/marktxxl.de\\\/markt\\\/produkt\\\/milacyee-buerostuhl-ergonomisch-buerostuhl-schreibtischstuhl-mit-verstellbarer-armlehnen-lendenwirbelstuetze-hoehenverstellbar-buerodrehstuhl-mit-atmungsaktivem-netzruecken-schwarz\\\/#breadcrumb\"},\"inLanguage\":\"de\",\"potentialAction\":[{\"@type\":\"ReadAction\",\"target\":[\"https:\\\/\\\/marktxxl.de\\\/markt\\\/produkt\\\/milacyee-buerostuhl-ergonomisch-buerostuhl-schreibtischstuhl-mit-verstellbarer-armlehnen-lendenwirbelstuetze-hoehenverstellbar-buerodrehstuhl-mit-atmungsaktivem-netzruecken-schwarz\\\/\"]}]},{\"@type\":\"ImageObject\",\"inLanguage\":\"de\",\"@id\":\"https:\\\/\\\/marktxxl.de\\\/markt\\\/produkt\\\/milacyee-buerostuhl-ergonomisch-buerostuhl-schreibtischstuhl-mit-verstellbarer-armlehnen-lendenwirbelstuetze-hoehenverstellbar-buerodrehstuhl-mit-atmungsaktivem-netzruecken-schwarz\\\/#primaryimage\",\"url\":\"https:\\\/\\\/m.media-amazon.com\\\/images\\\/I\\\/31uOOZ40fBL._SL500_.jpg\",\"contentUrl\":\"https:\\\/\\\/m.media-amazon.com\\\/images\\\/I\\\/31uOOZ40fBL._SL500_.jpg\",\"width\":375,\"height\":500},{\"@type\":\"BreadcrumbList\",\"@id\":\"https:\\\/\\\/marktxxl.de\\\/markt\\\/produkt\\\/milacyee-buerostuhl-ergonomisch-buerostuhl-schreibtischstuhl-mit-verstellbarer-armlehnen-lendenwirbelstuetze-hoehenverstellbar-buerodrehstuhl-mit-atmungsaktivem-netzruecken-schwarz\\\/#breadcrumb\",\"itemListElement\":[{\"@type\":\"ListItem\",\"position\":1,\"name\":\"Startseite\",\"item\":\"https:\\\/\\\/marktxxl.de\\\/markt\\\/\"},{\"@type\":\"ListItem\",\"position\":2,\"name\":\"Markt\",\"item\":\"https:\\\/\\\/marktxxl.de\\\/markt\\\/\"},{\"@type\":\"ListItem\",\"position\":3,\"name\":\"Milacyee B\u00fcrostuhl Ergonomisch, B\u00fcrostuhl, Schreibtischstuhl mit Verstellbarer Armlehnen, Lendenwirbelst\u00fctze, H\u00f6henverstellbar, B\u00fcrodrehstuhl mit atmungsaktivem Netzr\u00fccken, Schwarz\"}]},{\"@type\":\"WebSite\",\"@id\":\"https:\\\/\\\/marktxxl.de\\\/markt\\\/#website\",\"url\":\"https:\\\/\\\/marktxxl.de\\\/markt\\\/\",\"name\":\"Markt-XXL\",\"description\":\"Ihr Markt Online\",\"publisher\":{\"@id\":\"https:\\\/\\\/marktxxl.de\\\/markt\\\/#organization\"},\"potentialAction\":[{\"@type\":\"SearchAction\",\"target\":{\"@type\":\"EntryPoint\",\"urlTemplate\":\"https:\\\/\\\/marktxxl.de\\\/markt\\\/?s={search_term_string}\"},\"query-input\":{\"@type\":\"PropertyValueSpecification\",\"valueRequired\":true,\"valueName\":\"search_term_string\"}}],\"inLanguage\":\"de\"},{\"@type\":\"Organization\",\"@id\":\"https:\\\/\\\/marktxxl.de\\\/markt\\\/#organization\",\"name\":\"Markt-XXL\",\"url\":\"https:\\\/\\\/marktxxl.de\\\/markt\\\/\",\"logo\":{\"@type\":\"ImageObject\",\"inLanguage\":\"de\",\"@id\":\"https:\\\/\\\/marktxxl.de\\\/markt\\\/#\\\/schema\\\/logo\\\/image\\\/\",\"url\":\"https:\\\/\\\/marktxxl.de\\\/markt\\\/wp-content\\\/uploads\\\/sites\\\/3\\\/2020\\\/12\\\/logo.png\",\"contentUrl\":\"https:\\\/\\\/marktxxl.de\\\/markt\\\/wp-content\\\/uploads\\\/sites\\\/3\\\/2020\\\/12\\\/logo.png\",\"width\":200,\"height\":70,\"caption\":\"Markt-XXL\"},\"image\":{\"@id\":\"https:\\\/\\\/marktxxl.de\\\/markt\\\/#\\\/schema\\\/logo\\\/image\\\/\"}}]}<\/script>\n<!-- \/ Yoast SEO plugin. -->","yoast_head_json":{"title":"Milacyee B\u00fcrostuhl Ergonomisch, B\u00fcrostuhl, Schreibtischstuhl mit Verstellbarer Armlehnen, Lendenwirbelst\u00fctze, H\u00f6henverstellbar, B\u00fcrodrehstuhl mit atmungsaktivem Netzr\u00fccken, Schwarz - Markt-XXL","description":"Markt-XXL Milacyee B\u00fcrostuhl Ergonomisch, B\u00fcrostuhl, Schreibtischstuhl mit Verstellbarer Armlehnen, Lendenwirbelst\u00fctze, H\u00f6henverstellbar, B\u00fcrodrehstuhl mit atmungsaktivem Netzr\u00fccken, Schwarz","robots":{"index":"index","follow":"follow","max-snippet":"max-snippet:-1","max-image-preview":"max-image-preview:large","max-video-preview":"max-video-preview:-1"},"canonical":"https:\/\/marktxxl.de\/markt\/produkt\/milacyee-buerostuhl-ergonomisch-buerostuhl-schreibtischstuhl-mit-verstellbarer-armlehnen-lendenwirbelstuetze-hoehenverstellbar-buerodrehstuhl-mit-atmungsaktivem-netzruecken-schwarz\/","og_locale":"de_DE","og_type":"article","og_title":"Milacyee B\u00fcrostuhl Ergonomisch, B\u00fcrostuhl, Schreibtischstuhl mit Verstellbarer Armlehnen, Lendenwirbelst\u00fctze, H\u00f6henverstellbar, B\u00fcrodrehstuhl mit atmungsaktivem Netzr\u00fccken, Schwarz - Markt-XXL","og_description":"Markt-XXL Milacyee B\u00fcrostuhl Ergonomisch, B\u00fcrostuhl, Schreibtischstuhl mit Verstellbarer Armlehnen, Lendenwirbelst\u00fctze, H\u00f6henverstellbar, B\u00fcrodrehstuhl mit atmungsaktivem Netzr\u00fccken, Schwarz","og_url":"https:\/\/marktxxl.de\/markt\/produkt\/milacyee-buerostuhl-ergonomisch-buerostuhl-schreibtischstuhl-mit-verstellbarer-armlehnen-lendenwirbelstuetze-hoehenverstellbar-buerodrehstuhl-mit-atmungsaktivem-netzruecken-schwarz\/","og_site_name":"Markt-XXL","twitter_card":"summary_large_image","twitter_misc":{"Gesch\u00e4tzte Lesezeit":"1\u00a0Minute"},"schema":{"@context":"https:\/\/schema.org","@graph":[{"@type":"WebPage","@id":"https:\/\/marktxxl.de\/markt\/produkt\/milacyee-buerostuhl-ergonomisch-buerostuhl-schreibtischstuhl-mit-verstellbarer-armlehnen-lendenwirbelstuetze-hoehenverstellbar-buerodrehstuhl-mit-atmungsaktivem-netzruecken-schwarz\/","url":"https:\/\/marktxxl.de\/markt\/produkt\/milacyee-buerostuhl-ergonomisch-buerostuhl-schreibtischstuhl-mit-verstellbarer-armlehnen-lendenwirbelstuetze-hoehenverstellbar-buerodrehstuhl-mit-atmungsaktivem-netzruecken-schwarz\/","name":"Milacyee B\u00fcrostuhl Ergonomisch, B\u00fcrostuhl, Schreibtischstuhl mit Verstellbarer Armlehnen, Lendenwirbelst\u00fctze, H\u00f6henverstellbar, B\u00fcrodrehstuhl mit atmungsaktivem Netzr\u00fccken, Schwarz - Markt-XXL","isPartOf":{"@id":"https:\/\/marktxxl.de\/markt\/#website"},"primaryImageOfPage":{"@id":"https:\/\/marktxxl.de\/markt\/produkt\/milacyee-buerostuhl-ergonomisch-buerostuhl-schreibtischstuhl-mit-verstellbarer-armlehnen-lendenwirbelstuetze-hoehenverstellbar-buerodrehstuhl-mit-atmungsaktivem-netzruecken-schwarz\/#primaryimage"},"image":{"@id":"https:\/\/marktxxl.de\/markt\/produkt\/milacyee-buerostuhl-ergonomisch-buerostuhl-schreibtischstuhl-mit-verstellbarer-armlehnen-lendenwirbelstuetze-hoehenverstellbar-buerodrehstuhl-mit-atmungsaktivem-netzruecken-schwarz\/#primaryimage"},"thumbnailUrl":"https:\/\/m.media-amazon.com\/images\/I\/31uOOZ40fBL._SL500_.jpg","datePublished":"2024-07-28T15:20:07+00:00","description":"Markt-XXL Milacyee B\u00fcrostuhl Ergonomisch, B\u00fcrostuhl, Schreibtischstuhl mit Verstellbarer Armlehnen, Lendenwirbelst\u00fctze, H\u00f6henverstellbar, B\u00fcrodrehstuhl mit atmungsaktivem Netzr\u00fccken, Schwarz","breadcrumb":{"@id":"https:\/\/marktxxl.de\/markt\/produkt\/milacyee-buerostuhl-ergonomisch-buerostuhl-schreibtischstuhl-mit-verstellbarer-armlehnen-lendenwirbelstuetze-hoehenverstellbar-buerodrehstuhl-mit-atmungsaktivem-netzruecken-schwarz\/#breadcrumb"},"inLanguage":"de","potentialAction":[{"@type":"ReadAction","target":["https:\/\/marktxxl.de\/markt\/produkt\/milacyee-buerostuhl-ergonomisch-buerostuhl-schreibtischstuhl-mit-verstellbarer-armlehnen-lendenwirbelstuetze-hoehenverstellbar-buerodrehstuhl-mit-atmungsaktivem-netzruecken-schwarz\/"]}]},{"@type":"ImageObject","inLanguage":"de","@id":"https:\/\/marktxxl.de\/markt\/produkt\/milacyee-buerostuhl-ergonomisch-buerostuhl-schreibtischstuhl-mit-verstellbarer-armlehnen-lendenwirbelstuetze-hoehenverstellbar-buerodrehstuhl-mit-atmungsaktivem-netzruecken-schwarz\/#primaryimage","url":"https:\/\/m.media-amazon.com\/images\/I\/31uOOZ40fBL._SL500_.jpg","contentUrl":"https:\/\/m.media-amazon.com\/images\/I\/31uOOZ40fBL._SL500_.jpg","width":375,"height":500},{"@type":"BreadcrumbList","@id":"https:\/\/marktxxl.de\/markt\/produkt\/milacyee-buerostuhl-ergonomisch-buerostuhl-schreibtischstuhl-mit-verstellbarer-armlehnen-lendenwirbelstuetze-hoehenverstellbar-buerodrehstuhl-mit-atmungsaktivem-netzruecken-schwarz\/#breadcrumb","itemListElement":[{"@type":"ListItem","position":1,"name":"Startseite","item":"https:\/\/marktxxl.de\/markt\/"},{"@type":"ListItem","position":2,"name":"Markt","item":"https:\/\/marktxxl.de\/markt\/"},{"@type":"ListItem","position":3,"name":"Milacyee B\u00fcrostuhl Ergonomisch, B\u00fcrostuhl, Schreibtischstuhl mit Verstellbarer Armlehnen, Lendenwirbelst\u00fctze, H\u00f6henverstellbar, B\u00fcrodrehstuhl mit atmungsaktivem Netzr\u00fccken, Schwarz"}]},{"@type":"WebSite","@id":"https:\/\/marktxxl.de\/markt\/#website","url":"https:\/\/marktxxl.de\/markt\/","name":"Markt-XXL","description":"Ihr Markt Online","publisher":{"@id":"https:\/\/marktxxl.de\/markt\/#organization"},"potentialAction":[{"@type":"SearchAction","target":{"@type":"EntryPoint","urlTemplate":"https:\/\/marktxxl.de\/markt\/?s={search_term_string}"},"query-input":{"@type":"PropertyValueSpecification","valueRequired":true,"valueName":"search_term_string"}}],"inLanguage":"de"},{"@type":"Organization","@id":"https:\/\/marktxxl.de\/markt\/#organization","name":"Markt-XXL","url":"https:\/\/marktxxl.de\/markt\/","logo":{"@type":"ImageObject","inLanguage":"de","@id":"https:\/\/marktxxl.de\/markt\/#\/schema\/logo\/image\/","url":"https:\/\/marktxxl.de\/markt\/wp-content\/uploads\/sites\/3\/2020\/12\/logo.png","contentUrl":"https:\/\/marktxxl.de\/markt\/wp-content\/uploads\/sites\/3\/2020\/12\/logo.png","width":200,"height":70,"caption":"Markt-XXL"},"image":{"@id":"https:\/\/marktxxl.de\/markt\/#\/schema\/logo\/image\/"}}]}},"_links":{"self":[{"href":"https:\/\/marktxxl.de\/markt\/wp-json\/wp\/v2\/product\/223165","targetHints":{"allow":["GET"]}}],"collection":[{"href":"https:\/\/marktxxl.de\/markt\/wp-json\/wp\/v2\/product"}],"about":[{"href":"https:\/\/marktxxl.de\/markt\/wp-json\/wp\/v2\/types\/product"}],"replies":[{"embeddable":true,"href":"https:\/\/marktxxl.de\/markt\/wp-json\/wp\/v2\/comments?post=223165"}],"wp:featuredmedia":[{"embeddable":true,"href":"https:\/\/marktxxl.de\/markt\/wp-json\/wp\/v2\/media\/223166"}],"wp:attachment":[{"href":"https:\/\/marktxxl.de\/markt\/wp-json\/wp\/v2\/media?parent=223165"}],"wp:term":[{"taxonomy":"product_brand","embeddable":true,"href":"https:\/\/marktxxl.de\/markt\/wp-json\/wp\/v2\/product_brand?post=223165"},{"taxonomy":"product_cat","embeddable":true,"href":"https:\/\/marktxxl.de\/markt\/wp-json\/wp\/v2\/product_cat?post=223165"},{"taxonomy":"product_tag","embeddable":true,"href":"https:\/\/marktxxl.de\/markt\/wp-json\/wp\/v2\/product_tag?post=223165"}],"curies":[{"name":"wp","href":"https:\/\/api.w.org\/{rel}","templated":true}]}}