{"id":223147,"date":"2024-07-28T17:19:54","date_gmt":"2024-07-28T15:19:54","guid":{"rendered":"https:\/\/marktxxl.de\/markt\/produkt\/buerostuhl-fusskreuz5-sterne-fusskreuz-mit-stuetzeschwarzer-fuenfeckiger-metallrahmendrehstuhl-kreuz%ef%bc%8cgeeignet-fuer-11mm-x-22mm-rollen-50mmgasfeder\/"},"modified":"2024-07-28T17:19:54","modified_gmt":"2024-07-28T15:19:54","slug":"buerostuhl-fusskreuz5-sterne-fusskreuz-mit-stuetzeschwarzer-fuenfeckiger-metallrahmendrehstuhl-kreuz%ef%bc%8cgeeignet-fuer-11mm-x-22mm-rollen-50mmgasfeder","status":"publish","type":"product","link":"https:\/\/marktxxl.de\/markt\/produkt\/buerostuhl-fusskreuz5-sterne-fusskreuz-mit-stuetzeschwarzer-fuenfeckiger-metallrahmendrehstuhl-kreuz%ef%bc%8cgeeignet-fuer-11mm-x-22mm-rollen-50mmgasfeder\/","title":{"rendered":"B\u00fcrostuhl fu\u00dfkreuz,5-Sterne-fu\u00dfkreuz mit St\u00fctze,schwarzer f\u00fcnfeckiger Metallrahmen,drehstuhl Kreuz\uff0cgeeignet f\u00fcr 11mm x 22mm Rollen, 50mmGasfeder"},"content":{"rendered":"<p>\u3010Ausgezeichnete Qualit\u00e4t\u3011Das hochbelastbare verchromte drehstuhl kreuz entspricht den h\u00f6chsten Industriestandards f\u00fcr B\u00fcrost\u00fchle. Das Material besteht aus verst\u00e4rktem Metall,was dem Sockel zus\u00e4tzliche Tragf\u00e4higkeit und eine l\u00e4ngere Lebensdauer verleiht.Maximal belastbare 2200LBS (1000KG)\uff0c Geeignet f\u00fcr alle mit 50mm Gasfedern und 11mm Rollen.<br \/>\n\u3010Allgemeiner Anwendungsbereich\u3011Der fusskreuz kann f\u00fcr alle auf dem Markt befindlichen B\u00fcrost\u00fchle, Gaming-St\u00fchle, Chefsessel, Tischst\u00fchle und Drehst\u00fchle verwendet werden. Solange sie in der Gr\u00f6\u00dfe \u00fcbereinstimmen, k\u00f6nnen Sie sie ohne Bedenken austauschen und sie passen perfekt.<br \/>\n\u3010Allgemeiner Gr\u00f6\u00dfe\u3011Durchmesser des b\u00fcrostuhl f\u00fc\u00dfe: 28&#8243; (70 cm). drehstuhl fu\u00dfkreuz Anwendbarer Standard-Gasfederdurchmesser: 2&#8243; (50mm), Standard-Rollenh\u00fclse: 7\/16&#8221; x 7\/8&#8221; (11mm x 22mm). H\u00f6he des verchromten Sockels: 4&#8243; (100mm)<br \/>\n\u3010Einfache Installation\u3011Das Auswechseln des alten b\u00fcrostuhl untergestell ist einfach, es wird nicht viel Ihrer Zeit in Anspruch nehmen, setzen Sie einfach zuerst die Rollen in den neuen drehstuhl untergestell ein, dann die Gasfedern und werden einen brandneuen, verst\u00e4rkten Stuhl haben. Vertrauen mir, es ist nicht schwer.Sie erhalten einen nagelneuen drehkreuz f\u00fcr b\u00fcrostuhl<br \/>\n\u3010Qualitativer Service\u3011Wenn Sie nicht wie unsere Produkte oder sie nicht Ihren Bed\u00fcrfnissen entsprechen, bitte keine Eile zu kommentieren, kontaktieren Sie uns so bald wie m\u00f6glich und wir werden Ihr Problem zu l\u00f6sen, Kundenzufriedenheit Erfahrung ist, was wir immer verfolgen.<br \/>\n<div class=\"main-cross-sell\" data-asin=\"B09FLGPWZ6\">\n\n\t<div class=\"WooZone-cross-sell-loader\">\n\t\t<div>\n\t\t\t<div id=\"floatingBarsG\">\n\t\t\t\t<div class=\"blockG\" id=\"rotateG_01\"><\/div>\n\t\t\t\t<div class=\"blockG\" id=\"rotateG_02\"><\/div>\n\t\t\t\t<div class=\"blockG\" id=\"rotateG_03\"><\/div>\n\t\t\t\t<div class=\"blockG\" id=\"rotateG_04\"><\/div>\n\t\t\t\t<div class=\"blockG\" id=\"rotateG_05\"><\/div>\n\t\t\t\t<div class=\"blockG\" id=\"rotateG_06\"><\/div>\n\t\t\t\t<div class=\"blockG\" id=\"rotateG_07\"><\/div>\n\t\t\t\t<div class=\"blockG\" id=\"rotateG_08\"><\/div>\n\t\t\t<\/div>\n\t\t\t<div class=\"WooZone-cross-sell-loader-text\"><\/div>\n\t\t<\/div>\n\t<\/div>\n\n\t\t\n<\/div>\n<div style=\"clear:both;\"><\/div><\/p>\n","protected":false},"excerpt":{"rendered":"<p>\u3010Ausgezeichnete Qualit\u00e4t\u3011Das hochbelastbare verchromte drehstuhl kreuz entspricht den h\u00f6chsten Industriestandards f\u00fcr B\u00fcrost\u00fchle. Das Material besteht aus verst\u00e4rktem Metall,was dem Sockel zus\u00e4tzliche Tragf\u00e4higkeit und eine l\u00e4ngere Lebensdauer verleiht.Maximal belastbare 2200LBS (1000KG)\uff0c Geeignet f\u00fcr alle mit 50mm Gasfedern und 11mm Rollen.<br \/>\n\u3010Allgemeiner Anwendungsbereich\u3011Der fusskreuz kann f\u00fcr alle auf dem Markt befindlichen B\u00fcrost\u00fchle, Gaming-St\u00fchle, Chefsessel, Tischst\u00fchle und Drehst\u00fchle verwendet werden. Solange sie in der Gr\u00f6\u00dfe \u00fcbereinstimmen, k\u00f6nnen Sie sie ohne Bedenken austauschen und sie passen perfekt.<br \/>\n\u3010Allgemeiner Gr\u00f6\u00dfe\u3011Durchmesser des b\u00fcrostuhl f\u00fc\u00dfe: 28&#8243; (70 cm). drehstuhl fu\u00dfkreuz Anwendbarer Standard-Gasfederdurchmesser: 2&#8243; (50mm), Standard-Rollenh\u00fclse: 7\/16&#8221; x 7\/8&#8221; (11mm x 22mm). H\u00f6he des verchromten Sockels: 4&#8243; (100mm)<\/p>\n","protected":false},"featured_media":223148,"comment_status":"open","ping_status":"closed","template":"","meta":[],"product_brand":[],"product_cat":[504,8312],"product_tag":[],"class_list":{"0":"post-223147","1":"product","2":"type-product","3":"status-publish","4":"has-post-thumbnail","6":"product_cat-buerobedarf-schreibwaren","7":"product_cat-bueromoebel-beleuchtung","8":"pa_binding-unbekannter-einband","9":"pa_brand-baasha","10":"pa_color-schwarz","11":"pa_height-5-7086614115-zoll","12":"pa_length-14-173228332-zoll","13":"pa_size-70cm","14":"pa_width-8-267716527-zoll","16":"first","17":"instock","18":"shipping-taxable","19":"purchasable","20":"product-type-simple","21":"customify-col","22":"product-has-gallery"},"yoast_head":"<!-- This site is optimized with the Yoast SEO plugin v27.4 - https:\/\/yoast.com\/product\/yoast-seo-wordpress\/ -->\n<title>B\u00fcrostuhl fu\u00dfkreuz,5-Sterne-fu\u00dfkreuz mit St\u00fctze,schwarzer f\u00fcnfeckiger Metallrahmen,drehstuhl Kreuz\uff0cgeeignet f\u00fcr 11mm x 22mm Rollen, 50mmGasfeder - Markt-XXL<\/title>\n<meta name=\"description\" content=\"Markt-XXL B\u00fcrostuhl fu\u00dfkreuz,5-Sterne-fu\u00dfkreuz mit St\u00fctze,schwarzer f\u00fcnfeckiger Metallrahmen,drehstuhl Kreuz\uff0cgeeignet f\u00fcr 11mm x 22mm Rollen, 50mmGasfeder\" \/>\n<meta name=\"robots\" content=\"index, follow, max-snippet:-1, max-image-preview:large, max-video-preview:-1\" \/>\n<link rel=\"canonical\" href=\"https:\/\/marktxxl.de\/markt\/produkt\/buerostuhl-fusskreuz5-sterne-fusskreuz-mit-stuetzeschwarzer-fuenfeckiger-metallrahmendrehstuhl-kreuz\uff0cgeeignet-fuer-11mm-x-22mm-rollen-50mmgasfeder\/\" \/>\n<meta property=\"og:locale\" content=\"de_DE\" \/>\n<meta property=\"og:type\" content=\"article\" \/>\n<meta property=\"og:title\" content=\"B\u00fcrostuhl fu\u00dfkreuz,5-Sterne-fu\u00dfkreuz mit St\u00fctze,schwarzer f\u00fcnfeckiger Metallrahmen,drehstuhl Kreuz\uff0cgeeignet f\u00fcr 11mm x 22mm Rollen, 50mmGasfeder - Markt-XXL\" \/>\n<meta property=\"og:description\" content=\"Markt-XXL B\u00fcrostuhl fu\u00dfkreuz,5-Sterne-fu\u00dfkreuz mit St\u00fctze,schwarzer f\u00fcnfeckiger Metallrahmen,drehstuhl Kreuz\uff0cgeeignet f\u00fcr 11mm x 22mm Rollen, 50mmGasfeder\" \/>\n<meta property=\"og:url\" content=\"https:\/\/marktxxl.de\/markt\/produkt\/buerostuhl-fusskreuz5-sterne-fusskreuz-mit-stuetzeschwarzer-fuenfeckiger-metallrahmendrehstuhl-kreuz\uff0cgeeignet-fuer-11mm-x-22mm-rollen-50mmgasfeder\/\" \/>\n<meta property=\"og:site_name\" content=\"Markt-XXL\" \/>\n<meta name=\"twitter:card\" content=\"summary_large_image\" \/>\n<meta name=\"twitter:label1\" content=\"Gesch\u00e4tzte Lesezeit\" \/>\n\t<meta name=\"twitter:data1\" content=\"1\u00a0Minute\" \/>\n<script type=\"application\/ld+json\" class=\"yoast-schema-graph\">{\"@context\":\"https:\\\/\\\/schema.org\",\"@graph\":[{\"@type\":\"WebPage\",\"@id\":\"https:\\\/\\\/marktxxl.de\\\/markt\\\/produkt\\\/buerostuhl-fusskreuz5-sterne-fusskreuz-mit-stuetzeschwarzer-fuenfeckiger-metallrahmendrehstuhl-kreuz%ef%bc%8cgeeignet-fuer-11mm-x-22mm-rollen-50mmgasfeder\\\/\",\"url\":\"https:\\\/\\\/marktxxl.de\\\/markt\\\/produkt\\\/buerostuhl-fusskreuz5-sterne-fusskreuz-mit-stuetzeschwarzer-fuenfeckiger-metallrahmendrehstuhl-kreuz%ef%bc%8cgeeignet-fuer-11mm-x-22mm-rollen-50mmgasfeder\\\/\",\"name\":\"B\u00fcrostuhl fu\u00dfkreuz,5-Sterne-fu\u00dfkreuz mit St\u00fctze,schwarzer f\u00fcnfeckiger Metallrahmen,drehstuhl Kreuz\uff0cgeeignet f\u00fcr 11mm x 22mm Rollen, 50mmGasfeder - Markt-XXL\",\"isPartOf\":{\"@id\":\"https:\\\/\\\/marktxxl.de\\\/markt\\\/#website\"},\"primaryImageOfPage\":{\"@id\":\"https:\\\/\\\/marktxxl.de\\\/markt\\\/produkt\\\/buerostuhl-fusskreuz5-sterne-fusskreuz-mit-stuetzeschwarzer-fuenfeckiger-metallrahmendrehstuhl-kreuz%ef%bc%8cgeeignet-fuer-11mm-x-22mm-rollen-50mmgasfeder\\\/#primaryimage\"},\"image\":{\"@id\":\"https:\\\/\\\/marktxxl.de\\\/markt\\\/produkt\\\/buerostuhl-fusskreuz5-sterne-fusskreuz-mit-stuetzeschwarzer-fuenfeckiger-metallrahmendrehstuhl-kreuz%ef%bc%8cgeeignet-fuer-11mm-x-22mm-rollen-50mmgasfeder\\\/#primaryimage\"},\"thumbnailUrl\":\"https:\\\/\\\/m.media-amazon.com\\\/images\\\/I\\\/31D5i83jbiL._SL500_.jpg\",\"datePublished\":\"2024-07-28T15:19:54+00:00\",\"description\":\"Markt-XXL B\u00fcrostuhl fu\u00dfkreuz,5-Sterne-fu\u00dfkreuz mit St\u00fctze,schwarzer f\u00fcnfeckiger Metallrahmen,drehstuhl Kreuz\uff0cgeeignet f\u00fcr 11mm x 22mm Rollen, 50mmGasfeder\",\"breadcrumb\":{\"@id\":\"https:\\\/\\\/marktxxl.de\\\/markt\\\/produkt\\\/buerostuhl-fusskreuz5-sterne-fusskreuz-mit-stuetzeschwarzer-fuenfeckiger-metallrahmendrehstuhl-kreuz%ef%bc%8cgeeignet-fuer-11mm-x-22mm-rollen-50mmgasfeder\\\/#breadcrumb\"},\"inLanguage\":\"de\",\"potentialAction\":[{\"@type\":\"ReadAction\",\"target\":[\"https:\\\/\\\/marktxxl.de\\\/markt\\\/produkt\\\/buerostuhl-fusskreuz5-sterne-fusskreuz-mit-stuetzeschwarzer-fuenfeckiger-metallrahmendrehstuhl-kreuz%ef%bc%8cgeeignet-fuer-11mm-x-22mm-rollen-50mmgasfeder\\\/\"]}]},{\"@type\":\"ImageObject\",\"inLanguage\":\"de\",\"@id\":\"https:\\\/\\\/marktxxl.de\\\/markt\\\/produkt\\\/buerostuhl-fusskreuz5-sterne-fusskreuz-mit-stuetzeschwarzer-fuenfeckiger-metallrahmendrehstuhl-kreuz%ef%bc%8cgeeignet-fuer-11mm-x-22mm-rollen-50mmgasfeder\\\/#primaryimage\",\"url\":\"https:\\\/\\\/m.media-amazon.com\\\/images\\\/I\\\/31D5i83jbiL._SL500_.jpg\",\"contentUrl\":\"https:\\\/\\\/m.media-amazon.com\\\/images\\\/I\\\/31D5i83jbiL._SL500_.jpg\",\"width\":500,\"height\":465},{\"@type\":\"BreadcrumbList\",\"@id\":\"https:\\\/\\\/marktxxl.de\\\/markt\\\/produkt\\\/buerostuhl-fusskreuz5-sterne-fusskreuz-mit-stuetzeschwarzer-fuenfeckiger-metallrahmendrehstuhl-kreuz%ef%bc%8cgeeignet-fuer-11mm-x-22mm-rollen-50mmgasfeder\\\/#breadcrumb\",\"itemListElement\":[{\"@type\":\"ListItem\",\"position\":1,\"name\":\"Startseite\",\"item\":\"https:\\\/\\\/marktxxl.de\\\/markt\\\/\"},{\"@type\":\"ListItem\",\"position\":2,\"name\":\"Markt\",\"item\":\"https:\\\/\\\/marktxxl.de\\\/markt\\\/\"},{\"@type\":\"ListItem\",\"position\":3,\"name\":\"B\u00fcrostuhl fu\u00dfkreuz,5-Sterne-fu\u00dfkreuz mit St\u00fctze,schwarzer f\u00fcnfeckiger Metallrahmen,drehstuhl Kreuz\uff0cgeeignet f\u00fcr 11mm x 22mm Rollen, 50mmGasfeder\"}]},{\"@type\":\"WebSite\",\"@id\":\"https:\\\/\\\/marktxxl.de\\\/markt\\\/#website\",\"url\":\"https:\\\/\\\/marktxxl.de\\\/markt\\\/\",\"name\":\"Markt-XXL\",\"description\":\"Ihr Markt Online\",\"publisher\":{\"@id\":\"https:\\\/\\\/marktxxl.de\\\/markt\\\/#organization\"},\"potentialAction\":[{\"@type\":\"SearchAction\",\"target\":{\"@type\":\"EntryPoint\",\"urlTemplate\":\"https:\\\/\\\/marktxxl.de\\\/markt\\\/?s={search_term_string}\"},\"query-input\":{\"@type\":\"PropertyValueSpecification\",\"valueRequired\":true,\"valueName\":\"search_term_string\"}}],\"inLanguage\":\"de\"},{\"@type\":\"Organization\",\"@id\":\"https:\\\/\\\/marktxxl.de\\\/markt\\\/#organization\",\"name\":\"Markt-XXL\",\"url\":\"https:\\\/\\\/marktxxl.de\\\/markt\\\/\",\"logo\":{\"@type\":\"ImageObject\",\"inLanguage\":\"de\",\"@id\":\"https:\\\/\\\/marktxxl.de\\\/markt\\\/#\\\/schema\\\/logo\\\/image\\\/\",\"url\":\"https:\\\/\\\/marktxxl.de\\\/markt\\\/wp-content\\\/uploads\\\/sites\\\/3\\\/2020\\\/12\\\/logo.png\",\"contentUrl\":\"https:\\\/\\\/marktxxl.de\\\/markt\\\/wp-content\\\/uploads\\\/sites\\\/3\\\/2020\\\/12\\\/logo.png\",\"width\":200,\"height\":70,\"caption\":\"Markt-XXL\"},\"image\":{\"@id\":\"https:\\\/\\\/marktxxl.de\\\/markt\\\/#\\\/schema\\\/logo\\\/image\\\/\"}}]}<\/script>\n<!-- \/ Yoast SEO plugin. -->","yoast_head_json":{"title":"B\u00fcrostuhl fu\u00dfkreuz,5-Sterne-fu\u00dfkreuz mit St\u00fctze,schwarzer f\u00fcnfeckiger Metallrahmen,drehstuhl Kreuz\uff0cgeeignet f\u00fcr 11mm x 22mm Rollen, 50mmGasfeder - Markt-XXL","description":"Markt-XXL B\u00fcrostuhl fu\u00dfkreuz,5-Sterne-fu\u00dfkreuz mit St\u00fctze,schwarzer f\u00fcnfeckiger Metallrahmen,drehstuhl Kreuz\uff0cgeeignet f\u00fcr 11mm x 22mm Rollen, 50mmGasfeder","robots":{"index":"index","follow":"follow","max-snippet":"max-snippet:-1","max-image-preview":"max-image-preview:large","max-video-preview":"max-video-preview:-1"},"canonical":"https:\/\/marktxxl.de\/markt\/produkt\/buerostuhl-fusskreuz5-sterne-fusskreuz-mit-stuetzeschwarzer-fuenfeckiger-metallrahmendrehstuhl-kreuz\uff0cgeeignet-fuer-11mm-x-22mm-rollen-50mmgasfeder\/","og_locale":"de_DE","og_type":"article","og_title":"B\u00fcrostuhl fu\u00dfkreuz,5-Sterne-fu\u00dfkreuz mit St\u00fctze,schwarzer f\u00fcnfeckiger Metallrahmen,drehstuhl Kreuz\uff0cgeeignet f\u00fcr 11mm x 22mm Rollen, 50mmGasfeder - Markt-XXL","og_description":"Markt-XXL B\u00fcrostuhl fu\u00dfkreuz,5-Sterne-fu\u00dfkreuz mit St\u00fctze,schwarzer f\u00fcnfeckiger Metallrahmen,drehstuhl Kreuz\uff0cgeeignet f\u00fcr 11mm x 22mm Rollen, 50mmGasfeder","og_url":"https:\/\/marktxxl.de\/markt\/produkt\/buerostuhl-fusskreuz5-sterne-fusskreuz-mit-stuetzeschwarzer-fuenfeckiger-metallrahmendrehstuhl-kreuz\uff0cgeeignet-fuer-11mm-x-22mm-rollen-50mmgasfeder\/","og_site_name":"Markt-XXL","twitter_card":"summary_large_image","twitter_misc":{"Gesch\u00e4tzte Lesezeit":"1\u00a0Minute"},"schema":{"@context":"https:\/\/schema.org","@graph":[{"@type":"WebPage","@id":"https:\/\/marktxxl.de\/markt\/produkt\/buerostuhl-fusskreuz5-sterne-fusskreuz-mit-stuetzeschwarzer-fuenfeckiger-metallrahmendrehstuhl-kreuz%ef%bc%8cgeeignet-fuer-11mm-x-22mm-rollen-50mmgasfeder\/","url":"https:\/\/marktxxl.de\/markt\/produkt\/buerostuhl-fusskreuz5-sterne-fusskreuz-mit-stuetzeschwarzer-fuenfeckiger-metallrahmendrehstuhl-kreuz%ef%bc%8cgeeignet-fuer-11mm-x-22mm-rollen-50mmgasfeder\/","name":"B\u00fcrostuhl fu\u00dfkreuz,5-Sterne-fu\u00dfkreuz mit St\u00fctze,schwarzer f\u00fcnfeckiger Metallrahmen,drehstuhl Kreuz\uff0cgeeignet f\u00fcr 11mm x 22mm Rollen, 50mmGasfeder - Markt-XXL","isPartOf":{"@id":"https:\/\/marktxxl.de\/markt\/#website"},"primaryImageOfPage":{"@id":"https:\/\/marktxxl.de\/markt\/produkt\/buerostuhl-fusskreuz5-sterne-fusskreuz-mit-stuetzeschwarzer-fuenfeckiger-metallrahmendrehstuhl-kreuz%ef%bc%8cgeeignet-fuer-11mm-x-22mm-rollen-50mmgasfeder\/#primaryimage"},"image":{"@id":"https:\/\/marktxxl.de\/markt\/produkt\/buerostuhl-fusskreuz5-sterne-fusskreuz-mit-stuetzeschwarzer-fuenfeckiger-metallrahmendrehstuhl-kreuz%ef%bc%8cgeeignet-fuer-11mm-x-22mm-rollen-50mmgasfeder\/#primaryimage"},"thumbnailUrl":"https:\/\/m.media-amazon.com\/images\/I\/31D5i83jbiL._SL500_.jpg","datePublished":"2024-07-28T15:19:54+00:00","description":"Markt-XXL B\u00fcrostuhl fu\u00dfkreuz,5-Sterne-fu\u00dfkreuz mit St\u00fctze,schwarzer f\u00fcnfeckiger Metallrahmen,drehstuhl Kreuz\uff0cgeeignet f\u00fcr 11mm x 22mm Rollen, 50mmGasfeder","breadcrumb":{"@id":"https:\/\/marktxxl.de\/markt\/produkt\/buerostuhl-fusskreuz5-sterne-fusskreuz-mit-stuetzeschwarzer-fuenfeckiger-metallrahmendrehstuhl-kreuz%ef%bc%8cgeeignet-fuer-11mm-x-22mm-rollen-50mmgasfeder\/#breadcrumb"},"inLanguage":"de","potentialAction":[{"@type":"ReadAction","target":["https:\/\/marktxxl.de\/markt\/produkt\/buerostuhl-fusskreuz5-sterne-fusskreuz-mit-stuetzeschwarzer-fuenfeckiger-metallrahmendrehstuhl-kreuz%ef%bc%8cgeeignet-fuer-11mm-x-22mm-rollen-50mmgasfeder\/"]}]},{"@type":"ImageObject","inLanguage":"de","@id":"https:\/\/marktxxl.de\/markt\/produkt\/buerostuhl-fusskreuz5-sterne-fusskreuz-mit-stuetzeschwarzer-fuenfeckiger-metallrahmendrehstuhl-kreuz%ef%bc%8cgeeignet-fuer-11mm-x-22mm-rollen-50mmgasfeder\/#primaryimage","url":"https:\/\/m.media-amazon.com\/images\/I\/31D5i83jbiL._SL500_.jpg","contentUrl":"https:\/\/m.media-amazon.com\/images\/I\/31D5i83jbiL._SL500_.jpg","width":500,"height":465},{"@type":"BreadcrumbList","@id":"https:\/\/marktxxl.de\/markt\/produkt\/buerostuhl-fusskreuz5-sterne-fusskreuz-mit-stuetzeschwarzer-fuenfeckiger-metallrahmendrehstuhl-kreuz%ef%bc%8cgeeignet-fuer-11mm-x-22mm-rollen-50mmgasfeder\/#breadcrumb","itemListElement":[{"@type":"ListItem","position":1,"name":"Startseite","item":"https:\/\/marktxxl.de\/markt\/"},{"@type":"ListItem","position":2,"name":"Markt","item":"https:\/\/marktxxl.de\/markt\/"},{"@type":"ListItem","position":3,"name":"B\u00fcrostuhl fu\u00dfkreuz,5-Sterne-fu\u00dfkreuz mit St\u00fctze,schwarzer f\u00fcnfeckiger Metallrahmen,drehstuhl Kreuz\uff0cgeeignet f\u00fcr 11mm x 22mm Rollen, 50mmGasfeder"}]},{"@type":"WebSite","@id":"https:\/\/marktxxl.de\/markt\/#website","url":"https:\/\/marktxxl.de\/markt\/","name":"Markt-XXL","description":"Ihr Markt Online","publisher":{"@id":"https:\/\/marktxxl.de\/markt\/#organization"},"potentialAction":[{"@type":"SearchAction","target":{"@type":"EntryPoint","urlTemplate":"https:\/\/marktxxl.de\/markt\/?s={search_term_string}"},"query-input":{"@type":"PropertyValueSpecification","valueRequired":true,"valueName":"search_term_string"}}],"inLanguage":"de"},{"@type":"Organization","@id":"https:\/\/marktxxl.de\/markt\/#organization","name":"Markt-XXL","url":"https:\/\/marktxxl.de\/markt\/","logo":{"@type":"ImageObject","inLanguage":"de","@id":"https:\/\/marktxxl.de\/markt\/#\/schema\/logo\/image\/","url":"https:\/\/marktxxl.de\/markt\/wp-content\/uploads\/sites\/3\/2020\/12\/logo.png","contentUrl":"https:\/\/marktxxl.de\/markt\/wp-content\/uploads\/sites\/3\/2020\/12\/logo.png","width":200,"height":70,"caption":"Markt-XXL"},"image":{"@id":"https:\/\/marktxxl.de\/markt\/#\/schema\/logo\/image\/"}}]}},"_links":{"self":[{"href":"https:\/\/marktxxl.de\/markt\/wp-json\/wp\/v2\/product\/223147","targetHints":{"allow":["GET"]}}],"collection":[{"href":"https:\/\/marktxxl.de\/markt\/wp-json\/wp\/v2\/product"}],"about":[{"href":"https:\/\/marktxxl.de\/markt\/wp-json\/wp\/v2\/types\/product"}],"replies":[{"embeddable":true,"href":"https:\/\/marktxxl.de\/markt\/wp-json\/wp\/v2\/comments?post=223147"}],"wp:featuredmedia":[{"embeddable":true,"href":"https:\/\/marktxxl.de\/markt\/wp-json\/wp\/v2\/media\/223148"}],"wp:attachment":[{"href":"https:\/\/marktxxl.de\/markt\/wp-json\/wp\/v2\/media?parent=223147"}],"wp:term":[{"taxonomy":"product_brand","embeddable":true,"href":"https:\/\/marktxxl.de\/markt\/wp-json\/wp\/v2\/product_brand?post=223147"},{"taxonomy":"product_cat","embeddable":true,"href":"https:\/\/marktxxl.de\/markt\/wp-json\/wp\/v2\/product_cat?post=223147"},{"taxonomy":"product_tag","embeddable":true,"href":"https:\/\/marktxxl.de\/markt\/wp-json\/wp\/v2\/product_tag?post=223147"}],"curies":[{"name":"wp","href":"https:\/\/api.w.org\/{rel}","templated":true}]}}