{"id":223116,"date":"2024-07-28T17:19:27","date_gmt":"2024-07-28T15:19:27","guid":{"rendered":"https:\/\/marktxxl.de\/markt\/produkt\/vertikaler-laptop-staender-aus-acryl-fuer-schreibtisch-unsichtbarer-desktop-notebook-dock-vertikaler-laptop-halter-platzsparender-organizer-fuer-alle-macbook-surface-samsung-hp-dell\/"},"modified":"2024-07-28T17:19:27","modified_gmt":"2024-07-28T15:19:27","slug":"vertikaler-laptop-staender-aus-acryl-fuer-schreibtisch-unsichtbarer-desktop-notebook-dock-vertikaler-laptop-halter-platzsparender-organizer-fuer-alle-macbook-surface-samsung-hp-dell","status":"publish","type":"product","link":"https:\/\/marktxxl.de\/markt\/produkt\/vertikaler-laptop-staender-aus-acryl-fuer-schreibtisch-unsichtbarer-desktop-notebook-dock-vertikaler-laptop-halter-platzsparender-organizer-fuer-alle-macbook-surface-samsung-hp-dell\/","title":{"rendered":"Vertikaler Laptop-St\u00e4nder aus Acryl f\u00fcr Schreibtisch, unsichtbarer Desktop-Notebook-Dock, vertikaler Laptop-Halter, platzsparender Organizer f\u00fcr alle MacBook, Surface, Samsung, HP, Dell"},"content":{"rendered":"<p>Platzsparende vertikale Aufbewahrung: Im Vergleich zu horizontalen St\u00e4ndern spart dieser Laptop-Halter effektiv Platz auf dem Schreibtisch, f\u00f6rdert einen ordentlichen Arbeitsplatz und maximiert die Auslastung. Das vertikale Aufbewahrungsdesign verhindert die Verstopfung des Luftauslasses des Laptops, verbessert die Luftzirkulation und beschleunigt die W\u00e4rmeableitung.<br \/>\nSicher und stabil: Dieser vertikale Laptopst\u00e4nder verf\u00fcgt \u00fcber ein klassisches gew\u00f6lbtes Design mit einer &#8220;unteren breiten&#8221; Grundstruktur, die eine hervorragende Stabilit\u00e4t gew\u00e4hrleistet, elektronische Ger\u00e4te aufrecht und sicher h\u00e4lt, ohne zu kippen oder zu fallen. Die rutschfesten Silikonpads an der Unterseite verhindern effektiv, dass das Ger\u00e4t beim Aufheben oder Ablegen verrutscht.<br \/>\n\u3010Breite Kompatibilit\u00e4t\u3011Diese vertikale Laptop-Dockingstation aus Acryl ist kompatibel mit mehreren Laptops (bis zu 24 mm Dicke) und anderen elektronischen Ger\u00e4ten oder Gegenst\u00e4nden wie MacBook, MacBook Pro, iPads und B\u00fcchern. In Verbindung mit den Laptops kann es als praktische Bildschirmverl\u00e4ngerung dienen, die mehrere Bildschirme f\u00fcr eine verbesserte Produktivit\u00e4t erm\u00f6glicht.<br \/>\nSilikonstreifen f\u00fcr Ger\u00e4teschutz: Die Acryl-Laptopdock ist mit sch\u00fctzenden Silikonstreifen an den Seiten des Schlitzes ausgestattet, um Ger\u00e4te effektiv vor Kratzern und Rutschen zu sch\u00fctzen. Die Acryl-Oberfl\u00e4che wird wiederholt poliert, um ein glattes Gef\u00fchl zu bieten, was hilft, den Schutz des Ger\u00e4ts vor Kratzern und Besch\u00e4digungen zu optimieren.<br \/>\nSchlankes und stilvolles Acryl-Handwerk: Der vertikale Laptop-St\u00e4nder aus klarem Premium-Acrylmaterial verf\u00fcgt \u00fcber ein schlankes, minimalistisches Design, das sowohl funktional als auch platzsparend ist und gleichzeitig dem Schreibtisch ein einzigartiges Aussehen und Gef\u00fchl verleiht. Das klare, gew\u00f6lbte Design behindert die Sicht nicht und erg\u00e4nzt elektronische Ger\u00e4te in verschiedenen Farben.<br \/>\n<div class=\"main-cross-sell\" data-asin=\"B0CPXCK3B5\">\n\n\t<div class=\"WooZone-cross-sell-loader\">\n\t\t<div>\n\t\t\t<div id=\"floatingBarsG\">\n\t\t\t\t<div class=\"blockG\" id=\"rotateG_01\"><\/div>\n\t\t\t\t<div class=\"blockG\" id=\"rotateG_02\"><\/div>\n\t\t\t\t<div class=\"blockG\" id=\"rotateG_03\"><\/div>\n\t\t\t\t<div class=\"blockG\" id=\"rotateG_04\"><\/div>\n\t\t\t\t<div class=\"blockG\" id=\"rotateG_05\"><\/div>\n\t\t\t\t<div class=\"blockG\" id=\"rotateG_06\"><\/div>\n\t\t\t\t<div class=\"blockG\" id=\"rotateG_07\"><\/div>\n\t\t\t\t<div class=\"blockG\" id=\"rotateG_08\"><\/div>\n\t\t\t<\/div>\n\t\t\t<div class=\"WooZone-cross-sell-loader-text\"><\/div>\n\t\t<\/div>\n\t<\/div>\n\n\t\t\n<\/div>\n<div style=\"clear:both;\"><\/div><\/p>\n","protected":false},"excerpt":{"rendered":"<p>Platzsparende vertikale Aufbewahrung: Im Vergleich zu horizontalen St\u00e4ndern spart dieser Laptop-Halter effektiv Platz auf dem Schreibtisch, f\u00f6rdert einen ordentlichen Arbeitsplatz und maximiert die Auslastung. Das vertikale Aufbewahrungsdesign verhindert die Verstopfung des Luftauslasses des Laptops, verbessert die Luftzirkulation und beschleunigt die W\u00e4rmeableitung.<br \/>\nSicher und stabil: Dieser vertikale Laptopst\u00e4nder verf\u00fcgt \u00fcber ein klassisches gew\u00f6lbtes Design mit einer &#8220;unteren breiten&#8221; Grundstruktur, die eine hervorragende Stabilit\u00e4t gew\u00e4hrleistet, elektronische Ger\u00e4te aufrecht und sicher h\u00e4lt, ohne zu kippen oder zu fallen. Die rutschfesten Silikonpads an der Unterseite verhindern effektiv, dass das Ger\u00e4t beim Aufheben oder Ablegen verrutscht.<br \/>\n\u3010Breite Kompatibilit\u00e4t\u3011Diese vertikale Laptop-Dockingstation aus Acryl ist kompatibel mit mehreren Laptops (bis zu 24 mm Dicke) und anderen elektronischen Ger\u00e4ten oder Gegenst\u00e4nden wie MacBook, MacBook Pro, iPads und B\u00fcchern. In Verbindung mit den Laptops kann es als praktische Bildschirmverl\u00e4ngerung dienen, die mehrere Bildschirme f\u00fcr eine verbesserte Produktivit\u00e4t erm\u00f6glicht.<\/p>\n","protected":false},"featured_media":223117,"comment_status":"open","ping_status":"closed","template":"","meta":[],"product_brand":[],"product_cat":[504,8312],"product_tag":[],"class_list":{"0":"post-223116","1":"product","2":"type-product","3":"status-publish","4":"has-post-thumbnail","6":"product_cat-buerobedarf-schreibwaren","7":"product_cat-bueromoebel-beleuchtung","8":"pa_brand-yikola","9":"pa_height-3-35-zoll","10":"pa_length-8-94-zoll","11":"pa_manufacturer-yilaxia-yimase","12":"pa_weight-0-4-pounds","13":"pa_width-3-82-zoll","15":"first","16":"instock","17":"shipping-taxable","18":"purchasable","19":"product-type-simple","20":"customify-col","21":"product-has-gallery"},"yoast_head":"<!-- This site is optimized with the Yoast SEO plugin v27.4 - https:\/\/yoast.com\/product\/yoast-seo-wordpress\/ -->\n<title>Vertikaler Laptop-St\u00e4nder aus Acryl f\u00fcr Schreibtisch, unsichtbarer Desktop-Notebook-Dock, vertikaler Laptop-Halter, platzsparender Organizer f\u00fcr alle MacBook, Surface, Samsung, HP, Dell - Markt-XXL<\/title>\n<meta name=\"description\" content=\"Markt-XXL Vertikaler Laptop-St\u00e4nder aus Acryl f\u00fcr Schreibtisch, unsichtbarer Desktop-Notebook-Dock, vertikaler Laptop-Halter, platzsparender Organizer f\u00fcr alle MacBook, Surface, Samsung, HP, Dell\" \/>\n<meta name=\"robots\" content=\"index, follow, max-snippet:-1, max-image-preview:large, max-video-preview:-1\" \/>\n<link rel=\"canonical\" href=\"https:\/\/marktxxl.de\/markt\/produkt\/vertikaler-laptop-staender-aus-acryl-fuer-schreibtisch-unsichtbarer-desktop-notebook-dock-vertikaler-laptop-halter-platzsparender-organizer-fuer-alle-macbook-surface-samsung-hp-dell\/\" \/>\n<meta property=\"og:locale\" content=\"de_DE\" \/>\n<meta property=\"og:type\" content=\"article\" \/>\n<meta property=\"og:title\" content=\"Vertikaler Laptop-St\u00e4nder aus Acryl f\u00fcr Schreibtisch, unsichtbarer Desktop-Notebook-Dock, vertikaler Laptop-Halter, platzsparender Organizer f\u00fcr alle MacBook, Surface, Samsung, HP, Dell - Markt-XXL\" \/>\n<meta property=\"og:description\" content=\"Markt-XXL Vertikaler Laptop-St\u00e4nder aus Acryl f\u00fcr Schreibtisch, unsichtbarer Desktop-Notebook-Dock, vertikaler Laptop-Halter, platzsparender Organizer f\u00fcr alle MacBook, Surface, Samsung, HP, Dell\" \/>\n<meta property=\"og:url\" content=\"https:\/\/marktxxl.de\/markt\/produkt\/vertikaler-laptop-staender-aus-acryl-fuer-schreibtisch-unsichtbarer-desktop-notebook-dock-vertikaler-laptop-halter-platzsparender-organizer-fuer-alle-macbook-surface-samsung-hp-dell\/\" \/>\n<meta property=\"og:site_name\" content=\"Markt-XXL\" \/>\n<meta name=\"twitter:card\" content=\"summary_large_image\" \/>\n<meta name=\"twitter:label1\" content=\"Gesch\u00e4tzte Lesezeit\" \/>\n\t<meta name=\"twitter:data1\" content=\"1\u00a0Minute\" \/>\n<script type=\"application\/ld+json\" class=\"yoast-schema-graph\">{\"@context\":\"https:\\\/\\\/schema.org\",\"@graph\":[{\"@type\":\"WebPage\",\"@id\":\"https:\\\/\\\/marktxxl.de\\\/markt\\\/produkt\\\/vertikaler-laptop-staender-aus-acryl-fuer-schreibtisch-unsichtbarer-desktop-notebook-dock-vertikaler-laptop-halter-platzsparender-organizer-fuer-alle-macbook-surface-samsung-hp-dell\\\/\",\"url\":\"https:\\\/\\\/marktxxl.de\\\/markt\\\/produkt\\\/vertikaler-laptop-staender-aus-acryl-fuer-schreibtisch-unsichtbarer-desktop-notebook-dock-vertikaler-laptop-halter-platzsparender-organizer-fuer-alle-macbook-surface-samsung-hp-dell\\\/\",\"name\":\"Vertikaler Laptop-St\u00e4nder aus Acryl f\u00fcr Schreibtisch, unsichtbarer Desktop-Notebook-Dock, vertikaler Laptop-Halter, platzsparender Organizer f\u00fcr alle MacBook, Surface, Samsung, HP, Dell - Markt-XXL\",\"isPartOf\":{\"@id\":\"https:\\\/\\\/marktxxl.de\\\/markt\\\/#website\"},\"primaryImageOfPage\":{\"@id\":\"https:\\\/\\\/marktxxl.de\\\/markt\\\/produkt\\\/vertikaler-laptop-staender-aus-acryl-fuer-schreibtisch-unsichtbarer-desktop-notebook-dock-vertikaler-laptop-halter-platzsparender-organizer-fuer-alle-macbook-surface-samsung-hp-dell\\\/#primaryimage\"},\"image\":{\"@id\":\"https:\\\/\\\/marktxxl.de\\\/markt\\\/produkt\\\/vertikaler-laptop-staender-aus-acryl-fuer-schreibtisch-unsichtbarer-desktop-notebook-dock-vertikaler-laptop-halter-platzsparender-organizer-fuer-alle-macbook-surface-samsung-hp-dell\\\/#primaryimage\"},\"thumbnailUrl\":\"https:\\\/\\\/m.media-amazon.com\\\/images\\\/I\\\/31kAX93iUHL._SL500_.jpg\",\"datePublished\":\"2024-07-28T15:19:27+00:00\",\"description\":\"Markt-XXL Vertikaler Laptop-St\u00e4nder aus Acryl f\u00fcr Schreibtisch, unsichtbarer Desktop-Notebook-Dock, vertikaler Laptop-Halter, platzsparender Organizer f\u00fcr alle MacBook, Surface, Samsung, HP, Dell\",\"breadcrumb\":{\"@id\":\"https:\\\/\\\/marktxxl.de\\\/markt\\\/produkt\\\/vertikaler-laptop-staender-aus-acryl-fuer-schreibtisch-unsichtbarer-desktop-notebook-dock-vertikaler-laptop-halter-platzsparender-organizer-fuer-alle-macbook-surface-samsung-hp-dell\\\/#breadcrumb\"},\"inLanguage\":\"de\",\"potentialAction\":[{\"@type\":\"ReadAction\",\"target\":[\"https:\\\/\\\/marktxxl.de\\\/markt\\\/produkt\\\/vertikaler-laptop-staender-aus-acryl-fuer-schreibtisch-unsichtbarer-desktop-notebook-dock-vertikaler-laptop-halter-platzsparender-organizer-fuer-alle-macbook-surface-samsung-hp-dell\\\/\"]}]},{\"@type\":\"ImageObject\",\"inLanguage\":\"de\",\"@id\":\"https:\\\/\\\/marktxxl.de\\\/markt\\\/produkt\\\/vertikaler-laptop-staender-aus-acryl-fuer-schreibtisch-unsichtbarer-desktop-notebook-dock-vertikaler-laptop-halter-platzsparender-organizer-fuer-alle-macbook-surface-samsung-hp-dell\\\/#primaryimage\",\"url\":\"https:\\\/\\\/m.media-amazon.com\\\/images\\\/I\\\/31kAX93iUHL._SL500_.jpg\",\"contentUrl\":\"https:\\\/\\\/m.media-amazon.com\\\/images\\\/I\\\/31kAX93iUHL._SL500_.jpg\",\"width\":500,\"height\":500},{\"@type\":\"BreadcrumbList\",\"@id\":\"https:\\\/\\\/marktxxl.de\\\/markt\\\/produkt\\\/vertikaler-laptop-staender-aus-acryl-fuer-schreibtisch-unsichtbarer-desktop-notebook-dock-vertikaler-laptop-halter-platzsparender-organizer-fuer-alle-macbook-surface-samsung-hp-dell\\\/#breadcrumb\",\"itemListElement\":[{\"@type\":\"ListItem\",\"position\":1,\"name\":\"Startseite\",\"item\":\"https:\\\/\\\/marktxxl.de\\\/markt\\\/\"},{\"@type\":\"ListItem\",\"position\":2,\"name\":\"Markt\",\"item\":\"https:\\\/\\\/marktxxl.de\\\/markt\\\/\"},{\"@type\":\"ListItem\",\"position\":3,\"name\":\"Vertikaler Laptop-St\u00e4nder aus Acryl f\u00fcr Schreibtisch, unsichtbarer Desktop-Notebook-Dock, vertikaler Laptop-Halter, platzsparender Organizer f\u00fcr alle MacBook, Surface, Samsung, HP, Dell\"}]},{\"@type\":\"WebSite\",\"@id\":\"https:\\\/\\\/marktxxl.de\\\/markt\\\/#website\",\"url\":\"https:\\\/\\\/marktxxl.de\\\/markt\\\/\",\"name\":\"Markt-XXL\",\"description\":\"Ihr Markt Online\",\"publisher\":{\"@id\":\"https:\\\/\\\/marktxxl.de\\\/markt\\\/#organization\"},\"potentialAction\":[{\"@type\":\"SearchAction\",\"target\":{\"@type\":\"EntryPoint\",\"urlTemplate\":\"https:\\\/\\\/marktxxl.de\\\/markt\\\/?s={search_term_string}\"},\"query-input\":{\"@type\":\"PropertyValueSpecification\",\"valueRequired\":true,\"valueName\":\"search_term_string\"}}],\"inLanguage\":\"de\"},{\"@type\":\"Organization\",\"@id\":\"https:\\\/\\\/marktxxl.de\\\/markt\\\/#organization\",\"name\":\"Markt-XXL\",\"url\":\"https:\\\/\\\/marktxxl.de\\\/markt\\\/\",\"logo\":{\"@type\":\"ImageObject\",\"inLanguage\":\"de\",\"@id\":\"https:\\\/\\\/marktxxl.de\\\/markt\\\/#\\\/schema\\\/logo\\\/image\\\/\",\"url\":\"https:\\\/\\\/marktxxl.de\\\/markt\\\/wp-content\\\/uploads\\\/sites\\\/3\\\/2020\\\/12\\\/logo.png\",\"contentUrl\":\"https:\\\/\\\/marktxxl.de\\\/markt\\\/wp-content\\\/uploads\\\/sites\\\/3\\\/2020\\\/12\\\/logo.png\",\"width\":200,\"height\":70,\"caption\":\"Markt-XXL\"},\"image\":{\"@id\":\"https:\\\/\\\/marktxxl.de\\\/markt\\\/#\\\/schema\\\/logo\\\/image\\\/\"}}]}<\/script>\n<!-- \/ Yoast SEO plugin. -->","yoast_head_json":{"title":"Vertikaler Laptop-St\u00e4nder aus Acryl f\u00fcr Schreibtisch, unsichtbarer Desktop-Notebook-Dock, vertikaler Laptop-Halter, platzsparender Organizer f\u00fcr alle MacBook, Surface, Samsung, HP, Dell - Markt-XXL","description":"Markt-XXL Vertikaler Laptop-St\u00e4nder aus Acryl f\u00fcr Schreibtisch, unsichtbarer Desktop-Notebook-Dock, vertikaler Laptop-Halter, platzsparender Organizer f\u00fcr alle MacBook, Surface, Samsung, HP, Dell","robots":{"index":"index","follow":"follow","max-snippet":"max-snippet:-1","max-image-preview":"max-image-preview:large","max-video-preview":"max-video-preview:-1"},"canonical":"https:\/\/marktxxl.de\/markt\/produkt\/vertikaler-laptop-staender-aus-acryl-fuer-schreibtisch-unsichtbarer-desktop-notebook-dock-vertikaler-laptop-halter-platzsparender-organizer-fuer-alle-macbook-surface-samsung-hp-dell\/","og_locale":"de_DE","og_type":"article","og_title":"Vertikaler Laptop-St\u00e4nder aus Acryl f\u00fcr Schreibtisch, unsichtbarer Desktop-Notebook-Dock, vertikaler Laptop-Halter, platzsparender Organizer f\u00fcr alle MacBook, Surface, Samsung, HP, Dell - Markt-XXL","og_description":"Markt-XXL Vertikaler Laptop-St\u00e4nder aus Acryl f\u00fcr Schreibtisch, unsichtbarer Desktop-Notebook-Dock, vertikaler Laptop-Halter, platzsparender Organizer f\u00fcr alle MacBook, Surface, Samsung, HP, Dell","og_url":"https:\/\/marktxxl.de\/markt\/produkt\/vertikaler-laptop-staender-aus-acryl-fuer-schreibtisch-unsichtbarer-desktop-notebook-dock-vertikaler-laptop-halter-platzsparender-organizer-fuer-alle-macbook-surface-samsung-hp-dell\/","og_site_name":"Markt-XXL","twitter_card":"summary_large_image","twitter_misc":{"Gesch\u00e4tzte Lesezeit":"1\u00a0Minute"},"schema":{"@context":"https:\/\/schema.org","@graph":[{"@type":"WebPage","@id":"https:\/\/marktxxl.de\/markt\/produkt\/vertikaler-laptop-staender-aus-acryl-fuer-schreibtisch-unsichtbarer-desktop-notebook-dock-vertikaler-laptop-halter-platzsparender-organizer-fuer-alle-macbook-surface-samsung-hp-dell\/","url":"https:\/\/marktxxl.de\/markt\/produkt\/vertikaler-laptop-staender-aus-acryl-fuer-schreibtisch-unsichtbarer-desktop-notebook-dock-vertikaler-laptop-halter-platzsparender-organizer-fuer-alle-macbook-surface-samsung-hp-dell\/","name":"Vertikaler Laptop-St\u00e4nder aus Acryl f\u00fcr Schreibtisch, unsichtbarer Desktop-Notebook-Dock, vertikaler Laptop-Halter, platzsparender Organizer f\u00fcr alle MacBook, Surface, Samsung, HP, Dell - Markt-XXL","isPartOf":{"@id":"https:\/\/marktxxl.de\/markt\/#website"},"primaryImageOfPage":{"@id":"https:\/\/marktxxl.de\/markt\/produkt\/vertikaler-laptop-staender-aus-acryl-fuer-schreibtisch-unsichtbarer-desktop-notebook-dock-vertikaler-laptop-halter-platzsparender-organizer-fuer-alle-macbook-surface-samsung-hp-dell\/#primaryimage"},"image":{"@id":"https:\/\/marktxxl.de\/markt\/produkt\/vertikaler-laptop-staender-aus-acryl-fuer-schreibtisch-unsichtbarer-desktop-notebook-dock-vertikaler-laptop-halter-platzsparender-organizer-fuer-alle-macbook-surface-samsung-hp-dell\/#primaryimage"},"thumbnailUrl":"https:\/\/m.media-amazon.com\/images\/I\/31kAX93iUHL._SL500_.jpg","datePublished":"2024-07-28T15:19:27+00:00","description":"Markt-XXL Vertikaler Laptop-St\u00e4nder aus Acryl f\u00fcr Schreibtisch, unsichtbarer Desktop-Notebook-Dock, vertikaler Laptop-Halter, platzsparender Organizer f\u00fcr alle MacBook, Surface, Samsung, HP, Dell","breadcrumb":{"@id":"https:\/\/marktxxl.de\/markt\/produkt\/vertikaler-laptop-staender-aus-acryl-fuer-schreibtisch-unsichtbarer-desktop-notebook-dock-vertikaler-laptop-halter-platzsparender-organizer-fuer-alle-macbook-surface-samsung-hp-dell\/#breadcrumb"},"inLanguage":"de","potentialAction":[{"@type":"ReadAction","target":["https:\/\/marktxxl.de\/markt\/produkt\/vertikaler-laptop-staender-aus-acryl-fuer-schreibtisch-unsichtbarer-desktop-notebook-dock-vertikaler-laptop-halter-platzsparender-organizer-fuer-alle-macbook-surface-samsung-hp-dell\/"]}]},{"@type":"ImageObject","inLanguage":"de","@id":"https:\/\/marktxxl.de\/markt\/produkt\/vertikaler-laptop-staender-aus-acryl-fuer-schreibtisch-unsichtbarer-desktop-notebook-dock-vertikaler-laptop-halter-platzsparender-organizer-fuer-alle-macbook-surface-samsung-hp-dell\/#primaryimage","url":"https:\/\/m.media-amazon.com\/images\/I\/31kAX93iUHL._SL500_.jpg","contentUrl":"https:\/\/m.media-amazon.com\/images\/I\/31kAX93iUHL._SL500_.jpg","width":500,"height":500},{"@type":"BreadcrumbList","@id":"https:\/\/marktxxl.de\/markt\/produkt\/vertikaler-laptop-staender-aus-acryl-fuer-schreibtisch-unsichtbarer-desktop-notebook-dock-vertikaler-laptop-halter-platzsparender-organizer-fuer-alle-macbook-surface-samsung-hp-dell\/#breadcrumb","itemListElement":[{"@type":"ListItem","position":1,"name":"Startseite","item":"https:\/\/marktxxl.de\/markt\/"},{"@type":"ListItem","position":2,"name":"Markt","item":"https:\/\/marktxxl.de\/markt\/"},{"@type":"ListItem","position":3,"name":"Vertikaler Laptop-St\u00e4nder aus Acryl f\u00fcr Schreibtisch, unsichtbarer Desktop-Notebook-Dock, vertikaler Laptop-Halter, platzsparender Organizer f\u00fcr alle MacBook, Surface, Samsung, HP, Dell"}]},{"@type":"WebSite","@id":"https:\/\/marktxxl.de\/markt\/#website","url":"https:\/\/marktxxl.de\/markt\/","name":"Markt-XXL","description":"Ihr Markt Online","publisher":{"@id":"https:\/\/marktxxl.de\/markt\/#organization"},"potentialAction":[{"@type":"SearchAction","target":{"@type":"EntryPoint","urlTemplate":"https:\/\/marktxxl.de\/markt\/?s={search_term_string}"},"query-input":{"@type":"PropertyValueSpecification","valueRequired":true,"valueName":"search_term_string"}}],"inLanguage":"de"},{"@type":"Organization","@id":"https:\/\/marktxxl.de\/markt\/#organization","name":"Markt-XXL","url":"https:\/\/marktxxl.de\/markt\/","logo":{"@type":"ImageObject","inLanguage":"de","@id":"https:\/\/marktxxl.de\/markt\/#\/schema\/logo\/image\/","url":"https:\/\/marktxxl.de\/markt\/wp-content\/uploads\/sites\/3\/2020\/12\/logo.png","contentUrl":"https:\/\/marktxxl.de\/markt\/wp-content\/uploads\/sites\/3\/2020\/12\/logo.png","width":200,"height":70,"caption":"Markt-XXL"},"image":{"@id":"https:\/\/marktxxl.de\/markt\/#\/schema\/logo\/image\/"}}]}},"_links":{"self":[{"href":"https:\/\/marktxxl.de\/markt\/wp-json\/wp\/v2\/product\/223116","targetHints":{"allow":["GET"]}}],"collection":[{"href":"https:\/\/marktxxl.de\/markt\/wp-json\/wp\/v2\/product"}],"about":[{"href":"https:\/\/marktxxl.de\/markt\/wp-json\/wp\/v2\/types\/product"}],"replies":[{"embeddable":true,"href":"https:\/\/marktxxl.de\/markt\/wp-json\/wp\/v2\/comments?post=223116"}],"wp:featuredmedia":[{"embeddable":true,"href":"https:\/\/marktxxl.de\/markt\/wp-json\/wp\/v2\/media\/223117"}],"wp:attachment":[{"href":"https:\/\/marktxxl.de\/markt\/wp-json\/wp\/v2\/media?parent=223116"}],"wp:term":[{"taxonomy":"product_brand","embeddable":true,"href":"https:\/\/marktxxl.de\/markt\/wp-json\/wp\/v2\/product_brand?post=223116"},{"taxonomy":"product_cat","embeddable":true,"href":"https:\/\/marktxxl.de\/markt\/wp-json\/wp\/v2\/product_cat?post=223116"},{"taxonomy":"product_tag","embeddable":true,"href":"https:\/\/marktxxl.de\/markt\/wp-json\/wp\/v2\/product_tag?post=223116"}],"curies":[{"name":"wp","href":"https:\/\/api.w.org\/{rel}","templated":true}]}}