{"id":223032,"date":"2024-07-28T17:16:03","date_gmt":"2024-07-28T15:16:03","guid":{"rendered":"https:\/\/marktxxl.de\/markt\/produkt\/oeffnen-und-freuen-aufkleber-600-stueck-40mm-blumenfoermige-etiketten-auf-rolle-geschenkaufkleber-selbstklebend-ideal-fuer-geschenkverpackunghochzeitueberraschungindividuelles-design\/"},"modified":"2024-07-28T17:16:03","modified_gmt":"2024-07-28T15:16:03","slug":"oeffnen-und-freuen-aufkleber-600-stueck-40mm-blumenfoermige-etiketten-auf-rolle-geschenkaufkleber-selbstklebend-ideal-fuer-geschenkverpackunghochzeitueberraschungindividuelles-design","status":"publish","type":"product","link":"https:\/\/marktxxl.de\/markt\/produkt\/oeffnen-und-freuen-aufkleber-600-stueck-40mm-blumenfoermige-etiketten-auf-rolle-geschenkaufkleber-selbstklebend-ideal-fuer-geschenkverpackunghochzeitueberraschungindividuelles-design\/","title":{"rendered":"\u00d6ffnen und Freuen Aufkleber 600 St\u00fcck 40mm Blumenf\u00f6rmige Etiketten auf Rolle Geschenkaufkleber Selbstklebend ideal f\u00fcr Geschenkverpackung,Hochzeit,\u00dcberraschung,Individuelles Design"},"content":{"rendered":"<p>\u00d6ffnen und Freuen Aufkleber Roller: Runder Aufkleber mit 40mm Durchmesser, 600 Etiketten pro Rolle und in 2 verschiedenen Designs erh\u00e4ltlich.<br \/>\nElegantes Design:Diese personalisierten &#8221;\u00d6ffnen und Freuen&#8221;sind die perfekte Erg\u00e4nzung zu Ihrer Verpackung, um Ihre Wertsch\u00e4tzung zu zeigen &#8211; geeignet f\u00fcr kleine Unternehmen und Handwerker.<br \/>\nWeit verbreitet:Die liebevoll gestalteten Sticker sind ideal zum Kennzeichnen und Verzieren von Geschenken, Geburtstagskarten und Selbstgemachtem wie Chutneys, Kekse, Marmelade,Lik\u00f6re, Eingemachtem u.v.m.<br \/>\nStarker Klebstoff: Unsere \u00d6ffnen und Freuen Aufkleber lassen sich leicht abziehen oder aufkleben, fallen mit hochwertigem Klebstoff nicht leicht ab. Klare und sch\u00f6ne Drucke verblassen nicht leicht, k\u00f6nnen Ihnen lange dienen, sie sind klein und leicht. einfach zu lagern und zu tragen.<br \/>\nHochwertiges Material: Diese runden Dankesrollen sind aus hochwertigem Papier und wasserfest. Es l\u00e4sst sich leicht anbringen und entfernen und hinterl\u00e4sst keine R\u00fcckst\u00e4nde auf der Oberfl\u00e4che.<br \/>\n<div class=\"main-cross-sell\" data-asin=\"B09QPHKX4N\">\n\n\t<div class=\"WooZone-cross-sell-loader\">\n\t\t<div>\n\t\t\t<div id=\"floatingBarsG\">\n\t\t\t\t<div class=\"blockG\" id=\"rotateG_01\"><\/div>\n\t\t\t\t<div class=\"blockG\" id=\"rotateG_02\"><\/div>\n\t\t\t\t<div class=\"blockG\" id=\"rotateG_03\"><\/div>\n\t\t\t\t<div class=\"blockG\" id=\"rotateG_04\"><\/div>\n\t\t\t\t<div class=\"blockG\" id=\"rotateG_05\"><\/div>\n\t\t\t\t<div class=\"blockG\" id=\"rotateG_06\"><\/div>\n\t\t\t\t<div class=\"blockG\" id=\"rotateG_07\"><\/div>\n\t\t\t\t<div class=\"blockG\" id=\"rotateG_08\"><\/div>\n\t\t\t<\/div>\n\t\t\t<div class=\"WooZone-cross-sell-loader-text\"><\/div>\n\t\t<\/div>\n\t<\/div>\n\n\t\t\n<\/div>\n<div style=\"clear:both;\"><\/div><\/p>\n","protected":false},"excerpt":{"rendered":"<p>\u00d6ffnen und Freuen Aufkleber Roller: Runder Aufkleber mit 40mm Durchmesser, 600 Etiketten pro Rolle und in 2 verschiedenen Designs erh\u00e4ltlich.<br \/>\nElegantes Design:Diese personalisierten &#8221;\u00d6ffnen und Freuen&#8221;sind die perfekte Erg\u00e4nzung zu Ihrer Verpackung, um Ihre Wertsch\u00e4tzung zu zeigen &#8211; geeignet f\u00fcr kleine Unternehmen und Handwerker.<br \/>\nWeit verbreitet:Die liebevoll gestalteten Sticker sind ideal zum Kennzeichnen und Verzieren von Geschenken, Geburtstagskarten und Selbstgemachtem wie Chutneys, Kekse, Marmelade,Lik\u00f6re, Eingemachtem u.v.m.<\/p>\n","protected":false},"featured_media":223033,"comment_status":"open","ping_status":"closed","template":"","meta":[],"product_brand":[],"product_cat":[504],"product_tag":[],"class_list":{"0":"post-223032","1":"product","2":"type-product","3":"status-publish","4":"has-post-thumbnail","6":"product_cat-buerobedarf-schreibwaren","7":"pa_brand-gocohhi","8":"pa_manufacturer-gocohhi","10":"first","11":"instock","12":"shipping-taxable","13":"product-type-simple","14":"customify-col","15":"product-has-gallery"},"yoast_head":"<!-- This site is optimized with the Yoast SEO plugin v27.4 - https:\/\/yoast.com\/product\/yoast-seo-wordpress\/ -->\n<title>\u00d6ffnen und Freuen Aufkleber 600 St\u00fcck 40mm Blumenf\u00f6rmige Etiketten auf Rolle Geschenkaufkleber Selbstklebend ideal f\u00fcr Geschenkverpackung,Hochzeit,\u00dcberraschung,Individuelles Design - Markt-XXL<\/title>\n<meta name=\"description\" content=\"Markt-XXL \u00d6ffnen und Freuen Aufkleber 600 St\u00fcck 40mm Blumenf\u00f6rmige Etiketten auf Rolle Geschenkaufkleber Selbstklebend ideal f\u00fcr Geschenkverpackung,Hochzeit,\u00dcberraschung,Individuelles Design\" \/>\n<meta name=\"robots\" content=\"index, follow, max-snippet:-1, max-image-preview:large, max-video-preview:-1\" \/>\n<link rel=\"canonical\" href=\"https:\/\/marktxxl.de\/markt\/produkt\/oeffnen-und-freuen-aufkleber-600-stueck-40mm-blumenfoermige-etiketten-auf-rolle-geschenkaufkleber-selbstklebend-ideal-fuer-geschenkverpackunghochzeitueberraschungindividuelles-design\/\" \/>\n<meta property=\"og:locale\" content=\"de_DE\" \/>\n<meta property=\"og:type\" content=\"article\" \/>\n<meta property=\"og:title\" content=\"\u00d6ffnen und Freuen Aufkleber 600 St\u00fcck 40mm Blumenf\u00f6rmige Etiketten auf Rolle Geschenkaufkleber Selbstklebend ideal f\u00fcr Geschenkverpackung,Hochzeit,\u00dcberraschung,Individuelles Design - Markt-XXL\" \/>\n<meta property=\"og:description\" content=\"Markt-XXL \u00d6ffnen und Freuen Aufkleber 600 St\u00fcck 40mm Blumenf\u00f6rmige Etiketten auf Rolle Geschenkaufkleber Selbstklebend ideal f\u00fcr Geschenkverpackung,Hochzeit,\u00dcberraschung,Individuelles Design\" \/>\n<meta property=\"og:url\" content=\"https:\/\/marktxxl.de\/markt\/produkt\/oeffnen-und-freuen-aufkleber-600-stueck-40mm-blumenfoermige-etiketten-auf-rolle-geschenkaufkleber-selbstklebend-ideal-fuer-geschenkverpackunghochzeitueberraschungindividuelles-design\/\" \/>\n<meta property=\"og:site_name\" content=\"Markt-XXL\" \/>\n<meta name=\"twitter:card\" content=\"summary_large_image\" \/>\n<meta name=\"twitter:label1\" content=\"Gesch\u00e4tzte Lesezeit\" \/>\n\t<meta name=\"twitter:data1\" content=\"1\u00a0Minute\" \/>\n<script type=\"application\/ld+json\" class=\"yoast-schema-graph\">{\"@context\":\"https:\\\/\\\/schema.org\",\"@graph\":[{\"@type\":\"WebPage\",\"@id\":\"https:\\\/\\\/marktxxl.de\\\/markt\\\/produkt\\\/oeffnen-und-freuen-aufkleber-600-stueck-40mm-blumenfoermige-etiketten-auf-rolle-geschenkaufkleber-selbstklebend-ideal-fuer-geschenkverpackunghochzeitueberraschungindividuelles-design\\\/\",\"url\":\"https:\\\/\\\/marktxxl.de\\\/markt\\\/produkt\\\/oeffnen-und-freuen-aufkleber-600-stueck-40mm-blumenfoermige-etiketten-auf-rolle-geschenkaufkleber-selbstklebend-ideal-fuer-geschenkverpackunghochzeitueberraschungindividuelles-design\\\/\",\"name\":\"\u00d6ffnen und Freuen Aufkleber 600 St\u00fcck 40mm Blumenf\u00f6rmige Etiketten auf Rolle Geschenkaufkleber Selbstklebend ideal f\u00fcr Geschenkverpackung,Hochzeit,\u00dcberraschung,Individuelles Design - Markt-XXL\",\"isPartOf\":{\"@id\":\"https:\\\/\\\/marktxxl.de\\\/markt\\\/#website\"},\"primaryImageOfPage\":{\"@id\":\"https:\\\/\\\/marktxxl.de\\\/markt\\\/produkt\\\/oeffnen-und-freuen-aufkleber-600-stueck-40mm-blumenfoermige-etiketten-auf-rolle-geschenkaufkleber-selbstklebend-ideal-fuer-geschenkverpackunghochzeitueberraschungindividuelles-design\\\/#primaryimage\"},\"image\":{\"@id\":\"https:\\\/\\\/marktxxl.de\\\/markt\\\/produkt\\\/oeffnen-und-freuen-aufkleber-600-stueck-40mm-blumenfoermige-etiketten-auf-rolle-geschenkaufkleber-selbstklebend-ideal-fuer-geschenkverpackunghochzeitueberraschungindividuelles-design\\\/#primaryimage\"},\"thumbnailUrl\":\"https:\\\/\\\/m.media-amazon.com\\\/images\\\/I\\\/510VCgfWt5L._SL500_.jpg\",\"datePublished\":\"2024-07-28T15:16:03+00:00\",\"description\":\"Markt-XXL \u00d6ffnen und Freuen Aufkleber 600 St\u00fcck 40mm Blumenf\u00f6rmige Etiketten auf Rolle Geschenkaufkleber Selbstklebend ideal f\u00fcr Geschenkverpackung,Hochzeit,\u00dcberraschung,Individuelles Design\",\"breadcrumb\":{\"@id\":\"https:\\\/\\\/marktxxl.de\\\/markt\\\/produkt\\\/oeffnen-und-freuen-aufkleber-600-stueck-40mm-blumenfoermige-etiketten-auf-rolle-geschenkaufkleber-selbstklebend-ideal-fuer-geschenkverpackunghochzeitueberraschungindividuelles-design\\\/#breadcrumb\"},\"inLanguage\":\"de\",\"potentialAction\":[{\"@type\":\"ReadAction\",\"target\":[\"https:\\\/\\\/marktxxl.de\\\/markt\\\/produkt\\\/oeffnen-und-freuen-aufkleber-600-stueck-40mm-blumenfoermige-etiketten-auf-rolle-geschenkaufkleber-selbstklebend-ideal-fuer-geschenkverpackunghochzeitueberraschungindividuelles-design\\\/\"]}]},{\"@type\":\"ImageObject\",\"inLanguage\":\"de\",\"@id\":\"https:\\\/\\\/marktxxl.de\\\/markt\\\/produkt\\\/oeffnen-und-freuen-aufkleber-600-stueck-40mm-blumenfoermige-etiketten-auf-rolle-geschenkaufkleber-selbstklebend-ideal-fuer-geschenkverpackunghochzeitueberraschungindividuelles-design\\\/#primaryimage\",\"url\":\"https:\\\/\\\/m.media-amazon.com\\\/images\\\/I\\\/510VCgfWt5L._SL500_.jpg\",\"contentUrl\":\"https:\\\/\\\/m.media-amazon.com\\\/images\\\/I\\\/510VCgfWt5L._SL500_.jpg\",\"width\":500,\"height\":500},{\"@type\":\"BreadcrumbList\",\"@id\":\"https:\\\/\\\/marktxxl.de\\\/markt\\\/produkt\\\/oeffnen-und-freuen-aufkleber-600-stueck-40mm-blumenfoermige-etiketten-auf-rolle-geschenkaufkleber-selbstklebend-ideal-fuer-geschenkverpackunghochzeitueberraschungindividuelles-design\\\/#breadcrumb\",\"itemListElement\":[{\"@type\":\"ListItem\",\"position\":1,\"name\":\"Startseite\",\"item\":\"https:\\\/\\\/marktxxl.de\\\/markt\\\/\"},{\"@type\":\"ListItem\",\"position\":2,\"name\":\"Markt\",\"item\":\"https:\\\/\\\/marktxxl.de\\\/markt\\\/\"},{\"@type\":\"ListItem\",\"position\":3,\"name\":\"\u00d6ffnen und Freuen Aufkleber 600 St\u00fcck 40mm Blumenf\u00f6rmige Etiketten auf Rolle Geschenkaufkleber Selbstklebend ideal f\u00fcr Geschenkverpackung,Hochzeit,\u00dcberraschung,Individuelles Design\"}]},{\"@type\":\"WebSite\",\"@id\":\"https:\\\/\\\/marktxxl.de\\\/markt\\\/#website\",\"url\":\"https:\\\/\\\/marktxxl.de\\\/markt\\\/\",\"name\":\"Markt-XXL\",\"description\":\"Ihr Markt Online\",\"publisher\":{\"@id\":\"https:\\\/\\\/marktxxl.de\\\/markt\\\/#organization\"},\"potentialAction\":[{\"@type\":\"SearchAction\",\"target\":{\"@type\":\"EntryPoint\",\"urlTemplate\":\"https:\\\/\\\/marktxxl.de\\\/markt\\\/?s={search_term_string}\"},\"query-input\":{\"@type\":\"PropertyValueSpecification\",\"valueRequired\":true,\"valueName\":\"search_term_string\"}}],\"inLanguage\":\"de\"},{\"@type\":\"Organization\",\"@id\":\"https:\\\/\\\/marktxxl.de\\\/markt\\\/#organization\",\"name\":\"Markt-XXL\",\"url\":\"https:\\\/\\\/marktxxl.de\\\/markt\\\/\",\"logo\":{\"@type\":\"ImageObject\",\"inLanguage\":\"de\",\"@id\":\"https:\\\/\\\/marktxxl.de\\\/markt\\\/#\\\/schema\\\/logo\\\/image\\\/\",\"url\":\"https:\\\/\\\/marktxxl.de\\\/markt\\\/wp-content\\\/uploads\\\/sites\\\/3\\\/2020\\\/12\\\/logo.png\",\"contentUrl\":\"https:\\\/\\\/marktxxl.de\\\/markt\\\/wp-content\\\/uploads\\\/sites\\\/3\\\/2020\\\/12\\\/logo.png\",\"width\":200,\"height\":70,\"caption\":\"Markt-XXL\"},\"image\":{\"@id\":\"https:\\\/\\\/marktxxl.de\\\/markt\\\/#\\\/schema\\\/logo\\\/image\\\/\"}}]}<\/script>\n<!-- \/ Yoast SEO plugin. -->","yoast_head_json":{"title":"\u00d6ffnen und Freuen Aufkleber 600 St\u00fcck 40mm Blumenf\u00f6rmige Etiketten auf Rolle Geschenkaufkleber Selbstklebend ideal f\u00fcr Geschenkverpackung,Hochzeit,\u00dcberraschung,Individuelles Design - Markt-XXL","description":"Markt-XXL \u00d6ffnen und Freuen Aufkleber 600 St\u00fcck 40mm Blumenf\u00f6rmige Etiketten auf Rolle Geschenkaufkleber Selbstklebend ideal f\u00fcr Geschenkverpackung,Hochzeit,\u00dcberraschung,Individuelles Design","robots":{"index":"index","follow":"follow","max-snippet":"max-snippet:-1","max-image-preview":"max-image-preview:large","max-video-preview":"max-video-preview:-1"},"canonical":"https:\/\/marktxxl.de\/markt\/produkt\/oeffnen-und-freuen-aufkleber-600-stueck-40mm-blumenfoermige-etiketten-auf-rolle-geschenkaufkleber-selbstklebend-ideal-fuer-geschenkverpackunghochzeitueberraschungindividuelles-design\/","og_locale":"de_DE","og_type":"article","og_title":"\u00d6ffnen und Freuen Aufkleber 600 St\u00fcck 40mm Blumenf\u00f6rmige Etiketten auf Rolle Geschenkaufkleber Selbstklebend ideal f\u00fcr Geschenkverpackung,Hochzeit,\u00dcberraschung,Individuelles Design - Markt-XXL","og_description":"Markt-XXL \u00d6ffnen und Freuen Aufkleber 600 St\u00fcck 40mm Blumenf\u00f6rmige Etiketten auf Rolle Geschenkaufkleber Selbstklebend ideal f\u00fcr Geschenkverpackung,Hochzeit,\u00dcberraschung,Individuelles Design","og_url":"https:\/\/marktxxl.de\/markt\/produkt\/oeffnen-und-freuen-aufkleber-600-stueck-40mm-blumenfoermige-etiketten-auf-rolle-geschenkaufkleber-selbstklebend-ideal-fuer-geschenkverpackunghochzeitueberraschungindividuelles-design\/","og_site_name":"Markt-XXL","twitter_card":"summary_large_image","twitter_misc":{"Gesch\u00e4tzte Lesezeit":"1\u00a0Minute"},"schema":{"@context":"https:\/\/schema.org","@graph":[{"@type":"WebPage","@id":"https:\/\/marktxxl.de\/markt\/produkt\/oeffnen-und-freuen-aufkleber-600-stueck-40mm-blumenfoermige-etiketten-auf-rolle-geschenkaufkleber-selbstklebend-ideal-fuer-geschenkverpackunghochzeitueberraschungindividuelles-design\/","url":"https:\/\/marktxxl.de\/markt\/produkt\/oeffnen-und-freuen-aufkleber-600-stueck-40mm-blumenfoermige-etiketten-auf-rolle-geschenkaufkleber-selbstklebend-ideal-fuer-geschenkverpackunghochzeitueberraschungindividuelles-design\/","name":"\u00d6ffnen und Freuen Aufkleber 600 St\u00fcck 40mm Blumenf\u00f6rmige Etiketten auf Rolle Geschenkaufkleber Selbstklebend ideal f\u00fcr Geschenkverpackung,Hochzeit,\u00dcberraschung,Individuelles Design - Markt-XXL","isPartOf":{"@id":"https:\/\/marktxxl.de\/markt\/#website"},"primaryImageOfPage":{"@id":"https:\/\/marktxxl.de\/markt\/produkt\/oeffnen-und-freuen-aufkleber-600-stueck-40mm-blumenfoermige-etiketten-auf-rolle-geschenkaufkleber-selbstklebend-ideal-fuer-geschenkverpackunghochzeitueberraschungindividuelles-design\/#primaryimage"},"image":{"@id":"https:\/\/marktxxl.de\/markt\/produkt\/oeffnen-und-freuen-aufkleber-600-stueck-40mm-blumenfoermige-etiketten-auf-rolle-geschenkaufkleber-selbstklebend-ideal-fuer-geschenkverpackunghochzeitueberraschungindividuelles-design\/#primaryimage"},"thumbnailUrl":"https:\/\/m.media-amazon.com\/images\/I\/510VCgfWt5L._SL500_.jpg","datePublished":"2024-07-28T15:16:03+00:00","description":"Markt-XXL \u00d6ffnen und Freuen Aufkleber 600 St\u00fcck 40mm Blumenf\u00f6rmige Etiketten auf Rolle Geschenkaufkleber Selbstklebend ideal f\u00fcr Geschenkverpackung,Hochzeit,\u00dcberraschung,Individuelles Design","breadcrumb":{"@id":"https:\/\/marktxxl.de\/markt\/produkt\/oeffnen-und-freuen-aufkleber-600-stueck-40mm-blumenfoermige-etiketten-auf-rolle-geschenkaufkleber-selbstklebend-ideal-fuer-geschenkverpackunghochzeitueberraschungindividuelles-design\/#breadcrumb"},"inLanguage":"de","potentialAction":[{"@type":"ReadAction","target":["https:\/\/marktxxl.de\/markt\/produkt\/oeffnen-und-freuen-aufkleber-600-stueck-40mm-blumenfoermige-etiketten-auf-rolle-geschenkaufkleber-selbstklebend-ideal-fuer-geschenkverpackunghochzeitueberraschungindividuelles-design\/"]}]},{"@type":"ImageObject","inLanguage":"de","@id":"https:\/\/marktxxl.de\/markt\/produkt\/oeffnen-und-freuen-aufkleber-600-stueck-40mm-blumenfoermige-etiketten-auf-rolle-geschenkaufkleber-selbstklebend-ideal-fuer-geschenkverpackunghochzeitueberraschungindividuelles-design\/#primaryimage","url":"https:\/\/m.media-amazon.com\/images\/I\/510VCgfWt5L._SL500_.jpg","contentUrl":"https:\/\/m.media-amazon.com\/images\/I\/510VCgfWt5L._SL500_.jpg","width":500,"height":500},{"@type":"BreadcrumbList","@id":"https:\/\/marktxxl.de\/markt\/produkt\/oeffnen-und-freuen-aufkleber-600-stueck-40mm-blumenfoermige-etiketten-auf-rolle-geschenkaufkleber-selbstklebend-ideal-fuer-geschenkverpackunghochzeitueberraschungindividuelles-design\/#breadcrumb","itemListElement":[{"@type":"ListItem","position":1,"name":"Startseite","item":"https:\/\/marktxxl.de\/markt\/"},{"@type":"ListItem","position":2,"name":"Markt","item":"https:\/\/marktxxl.de\/markt\/"},{"@type":"ListItem","position":3,"name":"\u00d6ffnen und Freuen Aufkleber 600 St\u00fcck 40mm Blumenf\u00f6rmige Etiketten auf Rolle Geschenkaufkleber Selbstklebend ideal f\u00fcr Geschenkverpackung,Hochzeit,\u00dcberraschung,Individuelles Design"}]},{"@type":"WebSite","@id":"https:\/\/marktxxl.de\/markt\/#website","url":"https:\/\/marktxxl.de\/markt\/","name":"Markt-XXL","description":"Ihr Markt Online","publisher":{"@id":"https:\/\/marktxxl.de\/markt\/#organization"},"potentialAction":[{"@type":"SearchAction","target":{"@type":"EntryPoint","urlTemplate":"https:\/\/marktxxl.de\/markt\/?s={search_term_string}"},"query-input":{"@type":"PropertyValueSpecification","valueRequired":true,"valueName":"search_term_string"}}],"inLanguage":"de"},{"@type":"Organization","@id":"https:\/\/marktxxl.de\/markt\/#organization","name":"Markt-XXL","url":"https:\/\/marktxxl.de\/markt\/","logo":{"@type":"ImageObject","inLanguage":"de","@id":"https:\/\/marktxxl.de\/markt\/#\/schema\/logo\/image\/","url":"https:\/\/marktxxl.de\/markt\/wp-content\/uploads\/sites\/3\/2020\/12\/logo.png","contentUrl":"https:\/\/marktxxl.de\/markt\/wp-content\/uploads\/sites\/3\/2020\/12\/logo.png","width":200,"height":70,"caption":"Markt-XXL"},"image":{"@id":"https:\/\/marktxxl.de\/markt\/#\/schema\/logo\/image\/"}}]}},"_links":{"self":[{"href":"https:\/\/marktxxl.de\/markt\/wp-json\/wp\/v2\/product\/223032","targetHints":{"allow":["GET"]}}],"collection":[{"href":"https:\/\/marktxxl.de\/markt\/wp-json\/wp\/v2\/product"}],"about":[{"href":"https:\/\/marktxxl.de\/markt\/wp-json\/wp\/v2\/types\/product"}],"replies":[{"embeddable":true,"href":"https:\/\/marktxxl.de\/markt\/wp-json\/wp\/v2\/comments?post=223032"}],"wp:featuredmedia":[{"embeddable":true,"href":"https:\/\/marktxxl.de\/markt\/wp-json\/wp\/v2\/media\/223033"}],"wp:attachment":[{"href":"https:\/\/marktxxl.de\/markt\/wp-json\/wp\/v2\/media?parent=223032"}],"wp:term":[{"taxonomy":"product_brand","embeddable":true,"href":"https:\/\/marktxxl.de\/markt\/wp-json\/wp\/v2\/product_brand?post=223032"},{"taxonomy":"product_cat","embeddable":true,"href":"https:\/\/marktxxl.de\/markt\/wp-json\/wp\/v2\/product_cat?post=223032"},{"taxonomy":"product_tag","embeddable":true,"href":"https:\/\/marktxxl.de\/markt\/wp-json\/wp\/v2\/product_tag?post=223032"}],"curies":[{"name":"wp","href":"https:\/\/api.w.org\/{rel}","templated":true}]}}