{"id":222929,"date":"2024-07-28T16:53:50","date_gmt":"2024-07-28T14:53:50","guid":{"rendered":"https:\/\/marktxxl.de\/markt\/produkt\/blukar-led-taschenlampe-aufladbar-extrem-helle-zoombares-taschenlampen-mit-5-lichtmodi-und-langer-betriebsdauer-ipx6-wasserdichte-handlampe-fuer-camping-wandern-angeln-notfaell-2-stueck-schwarz\/"},"modified":"2024-07-28T16:53:50","modified_gmt":"2024-07-28T14:53:50","slug":"blukar-led-taschenlampe-aufladbar-extrem-helle-zoombares-taschenlampen-mit-5-lichtmodi-und-langer-betriebsdauer-ipx6-wasserdichte-handlampe-fuer-camping-wandern-angeln-notfaell-2-stueck-schwarz","status":"publish","type":"product","link":"https:\/\/marktxxl.de\/markt\/produkt\/blukar-led-taschenlampe-aufladbar-extrem-helle-zoombares-taschenlampen-mit-5-lichtmodi-und-langer-betriebsdauer-ipx6-wasserdichte-handlampe-fuer-camping-wandern-angeln-notfaell-2-stueck-schwarz\/","title":{"rendered":"Blukar LED Taschenlampe Aufladbar, Extrem Helle Zoombares Taschenlampen mit 5 Lichtmodi und Langer Betriebsdauer, IPX6 Wasserdichte Handlampe f\u00fcr Camping, Wandern, Angeln, Notf\u00e4ll [2 St\u00fcck]-Schwarz"},"content":{"rendered":"<p>Superhell LED Taschenlampe: Diese LED Taschenlampe ist extrem Hell und bietet einen gleichm\u00e4\u00dfigen Strahl mit hoher Helligkeit und einen gr\u00f6\u00dferen Beleuchtungsbereich, um Ihren t\u00e4glichen Anforderungen gerecht zu werden.<br \/>\nZoombar &amp; 5 Lichtmodi: Mit Zoombarem Design k\u00f6nnen Sie den Brennpunkt zwischen dem Punktstrahl und dem Flutstrahl frei w\u00e4hlen, um den Beleuchtungsanforderungen unterschiedlicher Entfernungen gerecht zu werden. 5 Beleuchtungsmodi &#8211; Hell, Normal, Weich, Strobe, SOS zur freien Auswahl.<br \/>\nUSB C Wiederaufladbar: Der eingebaute 1800 mHA wiederauflabare Akku bietet bis zu 17 Stunden Leuchtzeit. Mit dem Standard USB C Kabel-Ladekabel (im Lieferumfang enthalten) k\u00f6nnen Sie nicht nur ein USB Wandladeger\u00e4t, sondern auch Powerbank, Computer und andere Ger\u00e4te zum Aufladen Ihrer Taschenlampe verwenden, was besonders im Freien n\u00fctzlich ist.<br \/>\nWasserdicht &amp; Benutzerfreundlich: ES ist IPX6 wasserdicht, super geeignet f\u00fcr verschiedene Outdoor Aktivit\u00e4ten wie Camping, Wandern, Angeln und kann auch als Notlichtquelle f\u00fcr Notf\u00e4lle wie Stromausf\u00e4lle verwendet werden. Dank der Betriebsanzeige k\u00f6nnen Sie den Strom der Batterie jederzeit und \u00fcberall verfolgen. Und in jedem Modus dr\u00fccken Sie lange auf den Schalter, um die Taschenlampe auszuschalten.<br \/>\nTragbar &amp; 2 St\u00fcck: Dieses Produkt ist sehr kompakt und kann problemlos in der Tasche getragen werden. Egal, ob Sie wandern oder mit Ihrem Hund spazieren gehen, diese leichte und tragbare Taschenlampe ist ideal f\u00fcr Sie. Zu einem erschwinglichen Preis erhalten Sie 2* Taschenlampen, 2* USB C Ladekabel, 1*Benutzerbuch.<br \/>\n<div class=\"main-cross-sell\" data-asin=\"B0C3B4H4Z5\">\n\n\t<div class=\"WooZone-cross-sell-loader\">\n\t\t<div>\n\t\t\t<div id=\"floatingBarsG\">\n\t\t\t\t<div class=\"blockG\" id=\"rotateG_01\"><\/div>\n\t\t\t\t<div class=\"blockG\" id=\"rotateG_02\"><\/div>\n\t\t\t\t<div class=\"blockG\" id=\"rotateG_03\"><\/div>\n\t\t\t\t<div class=\"blockG\" id=\"rotateG_04\"><\/div>\n\t\t\t\t<div class=\"blockG\" id=\"rotateG_05\"><\/div>\n\t\t\t\t<div class=\"blockG\" id=\"rotateG_06\"><\/div>\n\t\t\t\t<div class=\"blockG\" id=\"rotateG_07\"><\/div>\n\t\t\t\t<div class=\"blockG\" id=\"rotateG_08\"><\/div>\n\t\t\t<\/div>\n\t\t\t<div class=\"WooZone-cross-sell-loader-text\"><\/div>\n\t\t<\/div>\n\t<\/div>\n\n\t\t\n<\/div>\n<div style=\"clear:both;\"><\/div><\/p>\n","protected":false},"excerpt":{"rendered":"<p>Superhell LED Taschenlampe: Diese LED Taschenlampe ist extrem Hell und bietet einen gleichm\u00e4\u00dfigen Strahl mit hoher Helligkeit und einen gr\u00f6\u00dferen Beleuchtungsbereich, um Ihren t\u00e4glichen Anforderungen gerecht zu werden.<br \/>\nZoombar &amp; 5 Lichtmodi: Mit Zoombarem Design k\u00f6nnen Sie den Brennpunkt zwischen dem Punktstrahl und dem Flutstrahl frei w\u00e4hlen, um den Beleuchtungsanforderungen unterschiedlicher Entfernungen gerecht zu werden. 5 Beleuchtungsmodi &#8211; Hell, Normal, Weich, Strobe, SOS zur freien Auswahl.<br \/>\nUSB C Wiederaufladbar: Der eingebaute 1800 mHA wiederauflabare Akku bietet bis zu 17 Stunden Leuchtzeit. Mit dem Standard USB C Kabel-Ladekabel (im Lieferumfang enthalten) k\u00f6nnen Sie nicht nur ein USB Wandladeger\u00e4t, sondern auch Powerbank, Computer und andere Ger\u00e4te zum Aufladen Ihrer Taschenlampe verwenden, was besonders im Freien n\u00fctzlich ist.<\/p>\n","protected":false},"featured_media":222930,"comment_status":"open","ping_status":"closed","template":"","meta":[],"product_brand":[],"product_cat":[2108],"product_tag":[],"class_list":{"0":"post-222929","1":"product","2":"type-product","3":"status-publish","4":"has-post-thumbnail","6":"product_cat-beleuchtung","7":"pa_brand-blukar","8":"pa_color-schwarz","9":"pa_height-2-4409448794-zoll","10":"pa_length-5-7480314902-zoll","11":"pa_manufacturer-blukar","12":"pa_model-k9137","13":"pa_weight-0-61288508836-pounds","14":"pa_width-2-5590551155-zoll","16":"first","17":"instock","18":"shipping-taxable","19":"purchasable","20":"product-type-simple","21":"customify-col","22":"product-has-gallery"},"yoast_head":"<!-- This site is optimized with the Yoast SEO plugin v27.4 - https:\/\/yoast.com\/product\/yoast-seo-wordpress\/ -->\n<title>Blukar LED Taschenlampe Aufladbar, Extrem Helle Zoombares Taschenlampen mit 5 Lichtmodi und Langer Betriebsdauer, IPX6 Wasserdichte Handlampe f\u00fcr Camping, Wandern, Angeln, Notf\u00e4ll [2 St\u00fcck]-Schwarz - Markt-XXL<\/title>\n<meta name=\"description\" content=\"Markt-XXL Blukar LED Taschenlampe Aufladbar, Extrem Helle Zoombares Taschenlampen mit 5 Lichtmodi und Langer Betriebsdauer, IPX6 Wasserdichte Handlampe f\u00fcr Camping, Wandern, Angeln, Notf\u00e4ll [2 St\u00fcck]-Schwarz\" \/>\n<meta name=\"robots\" content=\"index, follow, max-snippet:-1, max-image-preview:large, max-video-preview:-1\" \/>\n<link rel=\"canonical\" href=\"https:\/\/marktxxl.de\/markt\/produkt\/blukar-led-taschenlampe-aufladbar-extrem-helle-zoombares-taschenlampen-mit-5-lichtmodi-und-langer-betriebsdauer-ipx6-wasserdichte-handlampe-fuer-camping-wandern-angeln-notfaell-2-stueck-schwarz\/\" \/>\n<meta property=\"og:locale\" content=\"de_DE\" \/>\n<meta property=\"og:type\" content=\"article\" \/>\n<meta property=\"og:title\" content=\"Blukar LED Taschenlampe Aufladbar, Extrem Helle Zoombares Taschenlampen mit 5 Lichtmodi und Langer Betriebsdauer, IPX6 Wasserdichte Handlampe f\u00fcr Camping, Wandern, Angeln, Notf\u00e4ll [2 St\u00fcck]-Schwarz - Markt-XXL\" \/>\n<meta property=\"og:description\" content=\"Markt-XXL Blukar LED Taschenlampe Aufladbar, Extrem Helle Zoombares Taschenlampen mit 5 Lichtmodi und Langer Betriebsdauer, IPX6 Wasserdichte Handlampe f\u00fcr Camping, Wandern, Angeln, Notf\u00e4ll [2 St\u00fcck]-Schwarz\" \/>\n<meta property=\"og:url\" content=\"https:\/\/marktxxl.de\/markt\/produkt\/blukar-led-taschenlampe-aufladbar-extrem-helle-zoombares-taschenlampen-mit-5-lichtmodi-und-langer-betriebsdauer-ipx6-wasserdichte-handlampe-fuer-camping-wandern-angeln-notfaell-2-stueck-schwarz\/\" \/>\n<meta property=\"og:site_name\" content=\"Markt-XXL\" \/>\n<meta name=\"twitter:card\" content=\"summary_large_image\" \/>\n<meta name=\"twitter:label1\" content=\"Gesch\u00e4tzte Lesezeit\" \/>\n\t<meta name=\"twitter:data1\" content=\"1\u00a0Minute\" \/>\n<script type=\"application\/ld+json\" class=\"yoast-schema-graph\">{\"@context\":\"https:\\\/\\\/schema.org\",\"@graph\":[{\"@type\":\"WebPage\",\"@id\":\"https:\\\/\\\/marktxxl.de\\\/markt\\\/produkt\\\/blukar-led-taschenlampe-aufladbar-extrem-helle-zoombares-taschenlampen-mit-5-lichtmodi-und-langer-betriebsdauer-ipx6-wasserdichte-handlampe-fuer-camping-wandern-angeln-notfaell-2-stueck-schwarz\\\/\",\"url\":\"https:\\\/\\\/marktxxl.de\\\/markt\\\/produkt\\\/blukar-led-taschenlampe-aufladbar-extrem-helle-zoombares-taschenlampen-mit-5-lichtmodi-und-langer-betriebsdauer-ipx6-wasserdichte-handlampe-fuer-camping-wandern-angeln-notfaell-2-stueck-schwarz\\\/\",\"name\":\"Blukar LED Taschenlampe Aufladbar, Extrem Helle Zoombares Taschenlampen mit 5 Lichtmodi und Langer Betriebsdauer, IPX6 Wasserdichte Handlampe f\u00fcr Camping, Wandern, Angeln, Notf\u00e4ll [2 St\u00fcck]-Schwarz - Markt-XXL\",\"isPartOf\":{\"@id\":\"https:\\\/\\\/marktxxl.de\\\/markt\\\/#website\"},\"primaryImageOfPage\":{\"@id\":\"https:\\\/\\\/marktxxl.de\\\/markt\\\/produkt\\\/blukar-led-taschenlampe-aufladbar-extrem-helle-zoombares-taschenlampen-mit-5-lichtmodi-und-langer-betriebsdauer-ipx6-wasserdichte-handlampe-fuer-camping-wandern-angeln-notfaell-2-stueck-schwarz\\\/#primaryimage\"},\"image\":{\"@id\":\"https:\\\/\\\/marktxxl.de\\\/markt\\\/produkt\\\/blukar-led-taschenlampe-aufladbar-extrem-helle-zoombares-taschenlampen-mit-5-lichtmodi-und-langer-betriebsdauer-ipx6-wasserdichte-handlampe-fuer-camping-wandern-angeln-notfaell-2-stueck-schwarz\\\/#primaryimage\"},\"thumbnailUrl\":\"https:\\\/\\\/m.media-amazon.com\\\/images\\\/I\\\/41xlBhtgQKL._SL500_.jpg\",\"datePublished\":\"2024-07-28T14:53:50+00:00\",\"description\":\"Markt-XXL Blukar LED Taschenlampe Aufladbar, Extrem Helle Zoombares Taschenlampen mit 5 Lichtmodi und Langer Betriebsdauer, IPX6 Wasserdichte Handlampe f\u00fcr Camping, Wandern, Angeln, Notf\u00e4ll [2 St\u00fcck]-Schwarz\",\"breadcrumb\":{\"@id\":\"https:\\\/\\\/marktxxl.de\\\/markt\\\/produkt\\\/blukar-led-taschenlampe-aufladbar-extrem-helle-zoombares-taschenlampen-mit-5-lichtmodi-und-langer-betriebsdauer-ipx6-wasserdichte-handlampe-fuer-camping-wandern-angeln-notfaell-2-stueck-schwarz\\\/#breadcrumb\"},\"inLanguage\":\"de\",\"potentialAction\":[{\"@type\":\"ReadAction\",\"target\":[\"https:\\\/\\\/marktxxl.de\\\/markt\\\/produkt\\\/blukar-led-taschenlampe-aufladbar-extrem-helle-zoombares-taschenlampen-mit-5-lichtmodi-und-langer-betriebsdauer-ipx6-wasserdichte-handlampe-fuer-camping-wandern-angeln-notfaell-2-stueck-schwarz\\\/\"]}]},{\"@type\":\"ImageObject\",\"inLanguage\":\"de\",\"@id\":\"https:\\\/\\\/marktxxl.de\\\/markt\\\/produkt\\\/blukar-led-taschenlampe-aufladbar-extrem-helle-zoombares-taschenlampen-mit-5-lichtmodi-und-langer-betriebsdauer-ipx6-wasserdichte-handlampe-fuer-camping-wandern-angeln-notfaell-2-stueck-schwarz\\\/#primaryimage\",\"url\":\"https:\\\/\\\/m.media-amazon.com\\\/images\\\/I\\\/41xlBhtgQKL._SL500_.jpg\",\"contentUrl\":\"https:\\\/\\\/m.media-amazon.com\\\/images\\\/I\\\/41xlBhtgQKL._SL500_.jpg\",\"width\":500,\"height\":500},{\"@type\":\"BreadcrumbList\",\"@id\":\"https:\\\/\\\/marktxxl.de\\\/markt\\\/produkt\\\/blukar-led-taschenlampe-aufladbar-extrem-helle-zoombares-taschenlampen-mit-5-lichtmodi-und-langer-betriebsdauer-ipx6-wasserdichte-handlampe-fuer-camping-wandern-angeln-notfaell-2-stueck-schwarz\\\/#breadcrumb\",\"itemListElement\":[{\"@type\":\"ListItem\",\"position\":1,\"name\":\"Startseite\",\"item\":\"https:\\\/\\\/marktxxl.de\\\/markt\\\/\"},{\"@type\":\"ListItem\",\"position\":2,\"name\":\"Markt\",\"item\":\"https:\\\/\\\/marktxxl.de\\\/markt\\\/\"},{\"@type\":\"ListItem\",\"position\":3,\"name\":\"Blukar LED Taschenlampe Aufladbar, Extrem Helle Zoombares Taschenlampen mit 5 Lichtmodi und Langer Betriebsdauer, IPX6 Wasserdichte Handlampe f\u00fcr Camping, Wandern, Angeln, Notf\u00e4ll [2 St\u00fcck]-Schwarz\"}]},{\"@type\":\"WebSite\",\"@id\":\"https:\\\/\\\/marktxxl.de\\\/markt\\\/#website\",\"url\":\"https:\\\/\\\/marktxxl.de\\\/markt\\\/\",\"name\":\"Markt-XXL\",\"description\":\"Ihr Markt Online\",\"publisher\":{\"@id\":\"https:\\\/\\\/marktxxl.de\\\/markt\\\/#organization\"},\"potentialAction\":[{\"@type\":\"SearchAction\",\"target\":{\"@type\":\"EntryPoint\",\"urlTemplate\":\"https:\\\/\\\/marktxxl.de\\\/markt\\\/?s={search_term_string}\"},\"query-input\":{\"@type\":\"PropertyValueSpecification\",\"valueRequired\":true,\"valueName\":\"search_term_string\"}}],\"inLanguage\":\"de\"},{\"@type\":\"Organization\",\"@id\":\"https:\\\/\\\/marktxxl.de\\\/markt\\\/#organization\",\"name\":\"Markt-XXL\",\"url\":\"https:\\\/\\\/marktxxl.de\\\/markt\\\/\",\"logo\":{\"@type\":\"ImageObject\",\"inLanguage\":\"de\",\"@id\":\"https:\\\/\\\/marktxxl.de\\\/markt\\\/#\\\/schema\\\/logo\\\/image\\\/\",\"url\":\"https:\\\/\\\/marktxxl.de\\\/markt\\\/wp-content\\\/uploads\\\/sites\\\/3\\\/2020\\\/12\\\/logo.png\",\"contentUrl\":\"https:\\\/\\\/marktxxl.de\\\/markt\\\/wp-content\\\/uploads\\\/sites\\\/3\\\/2020\\\/12\\\/logo.png\",\"width\":200,\"height\":70,\"caption\":\"Markt-XXL\"},\"image\":{\"@id\":\"https:\\\/\\\/marktxxl.de\\\/markt\\\/#\\\/schema\\\/logo\\\/image\\\/\"}}]}<\/script>\n<!-- \/ Yoast SEO plugin. -->","yoast_head_json":{"title":"Blukar LED Taschenlampe Aufladbar, Extrem Helle Zoombares Taschenlampen mit 5 Lichtmodi und Langer Betriebsdauer, IPX6 Wasserdichte Handlampe f\u00fcr Camping, Wandern, Angeln, Notf\u00e4ll [2 St\u00fcck]-Schwarz - Markt-XXL","description":"Markt-XXL Blukar LED Taschenlampe Aufladbar, Extrem Helle Zoombares Taschenlampen mit 5 Lichtmodi und Langer Betriebsdauer, IPX6 Wasserdichte Handlampe f\u00fcr Camping, Wandern, Angeln, Notf\u00e4ll [2 St\u00fcck]-Schwarz","robots":{"index":"index","follow":"follow","max-snippet":"max-snippet:-1","max-image-preview":"max-image-preview:large","max-video-preview":"max-video-preview:-1"},"canonical":"https:\/\/marktxxl.de\/markt\/produkt\/blukar-led-taschenlampe-aufladbar-extrem-helle-zoombares-taschenlampen-mit-5-lichtmodi-und-langer-betriebsdauer-ipx6-wasserdichte-handlampe-fuer-camping-wandern-angeln-notfaell-2-stueck-schwarz\/","og_locale":"de_DE","og_type":"article","og_title":"Blukar LED Taschenlampe Aufladbar, Extrem Helle Zoombares Taschenlampen mit 5 Lichtmodi und Langer Betriebsdauer, IPX6 Wasserdichte Handlampe f\u00fcr Camping, Wandern, Angeln, Notf\u00e4ll [2 St\u00fcck]-Schwarz - Markt-XXL","og_description":"Markt-XXL Blukar LED Taschenlampe Aufladbar, Extrem Helle Zoombares Taschenlampen mit 5 Lichtmodi und Langer Betriebsdauer, IPX6 Wasserdichte Handlampe f\u00fcr Camping, Wandern, Angeln, Notf\u00e4ll [2 St\u00fcck]-Schwarz","og_url":"https:\/\/marktxxl.de\/markt\/produkt\/blukar-led-taschenlampe-aufladbar-extrem-helle-zoombares-taschenlampen-mit-5-lichtmodi-und-langer-betriebsdauer-ipx6-wasserdichte-handlampe-fuer-camping-wandern-angeln-notfaell-2-stueck-schwarz\/","og_site_name":"Markt-XXL","twitter_card":"summary_large_image","twitter_misc":{"Gesch\u00e4tzte Lesezeit":"1\u00a0Minute"},"schema":{"@context":"https:\/\/schema.org","@graph":[{"@type":"WebPage","@id":"https:\/\/marktxxl.de\/markt\/produkt\/blukar-led-taschenlampe-aufladbar-extrem-helle-zoombares-taschenlampen-mit-5-lichtmodi-und-langer-betriebsdauer-ipx6-wasserdichte-handlampe-fuer-camping-wandern-angeln-notfaell-2-stueck-schwarz\/","url":"https:\/\/marktxxl.de\/markt\/produkt\/blukar-led-taschenlampe-aufladbar-extrem-helle-zoombares-taschenlampen-mit-5-lichtmodi-und-langer-betriebsdauer-ipx6-wasserdichte-handlampe-fuer-camping-wandern-angeln-notfaell-2-stueck-schwarz\/","name":"Blukar LED Taschenlampe Aufladbar, Extrem Helle Zoombares Taschenlampen mit 5 Lichtmodi und Langer Betriebsdauer, IPX6 Wasserdichte Handlampe f\u00fcr Camping, Wandern, Angeln, Notf\u00e4ll [2 St\u00fcck]-Schwarz - Markt-XXL","isPartOf":{"@id":"https:\/\/marktxxl.de\/markt\/#website"},"primaryImageOfPage":{"@id":"https:\/\/marktxxl.de\/markt\/produkt\/blukar-led-taschenlampe-aufladbar-extrem-helle-zoombares-taschenlampen-mit-5-lichtmodi-und-langer-betriebsdauer-ipx6-wasserdichte-handlampe-fuer-camping-wandern-angeln-notfaell-2-stueck-schwarz\/#primaryimage"},"image":{"@id":"https:\/\/marktxxl.de\/markt\/produkt\/blukar-led-taschenlampe-aufladbar-extrem-helle-zoombares-taschenlampen-mit-5-lichtmodi-und-langer-betriebsdauer-ipx6-wasserdichte-handlampe-fuer-camping-wandern-angeln-notfaell-2-stueck-schwarz\/#primaryimage"},"thumbnailUrl":"https:\/\/m.media-amazon.com\/images\/I\/41xlBhtgQKL._SL500_.jpg","datePublished":"2024-07-28T14:53:50+00:00","description":"Markt-XXL Blukar LED Taschenlampe Aufladbar, Extrem Helle Zoombares Taschenlampen mit 5 Lichtmodi und Langer Betriebsdauer, IPX6 Wasserdichte Handlampe f\u00fcr Camping, Wandern, Angeln, Notf\u00e4ll [2 St\u00fcck]-Schwarz","breadcrumb":{"@id":"https:\/\/marktxxl.de\/markt\/produkt\/blukar-led-taschenlampe-aufladbar-extrem-helle-zoombares-taschenlampen-mit-5-lichtmodi-und-langer-betriebsdauer-ipx6-wasserdichte-handlampe-fuer-camping-wandern-angeln-notfaell-2-stueck-schwarz\/#breadcrumb"},"inLanguage":"de","potentialAction":[{"@type":"ReadAction","target":["https:\/\/marktxxl.de\/markt\/produkt\/blukar-led-taschenlampe-aufladbar-extrem-helle-zoombares-taschenlampen-mit-5-lichtmodi-und-langer-betriebsdauer-ipx6-wasserdichte-handlampe-fuer-camping-wandern-angeln-notfaell-2-stueck-schwarz\/"]}]},{"@type":"ImageObject","inLanguage":"de","@id":"https:\/\/marktxxl.de\/markt\/produkt\/blukar-led-taschenlampe-aufladbar-extrem-helle-zoombares-taschenlampen-mit-5-lichtmodi-und-langer-betriebsdauer-ipx6-wasserdichte-handlampe-fuer-camping-wandern-angeln-notfaell-2-stueck-schwarz\/#primaryimage","url":"https:\/\/m.media-amazon.com\/images\/I\/41xlBhtgQKL._SL500_.jpg","contentUrl":"https:\/\/m.media-amazon.com\/images\/I\/41xlBhtgQKL._SL500_.jpg","width":500,"height":500},{"@type":"BreadcrumbList","@id":"https:\/\/marktxxl.de\/markt\/produkt\/blukar-led-taschenlampe-aufladbar-extrem-helle-zoombares-taschenlampen-mit-5-lichtmodi-und-langer-betriebsdauer-ipx6-wasserdichte-handlampe-fuer-camping-wandern-angeln-notfaell-2-stueck-schwarz\/#breadcrumb","itemListElement":[{"@type":"ListItem","position":1,"name":"Startseite","item":"https:\/\/marktxxl.de\/markt\/"},{"@type":"ListItem","position":2,"name":"Markt","item":"https:\/\/marktxxl.de\/markt\/"},{"@type":"ListItem","position":3,"name":"Blukar LED Taschenlampe Aufladbar, Extrem Helle Zoombares Taschenlampen mit 5 Lichtmodi und Langer Betriebsdauer, IPX6 Wasserdichte Handlampe f\u00fcr Camping, Wandern, Angeln, Notf\u00e4ll [2 St\u00fcck]-Schwarz"}]},{"@type":"WebSite","@id":"https:\/\/marktxxl.de\/markt\/#website","url":"https:\/\/marktxxl.de\/markt\/","name":"Markt-XXL","description":"Ihr Markt Online","publisher":{"@id":"https:\/\/marktxxl.de\/markt\/#organization"},"potentialAction":[{"@type":"SearchAction","target":{"@type":"EntryPoint","urlTemplate":"https:\/\/marktxxl.de\/markt\/?s={search_term_string}"},"query-input":{"@type":"PropertyValueSpecification","valueRequired":true,"valueName":"search_term_string"}}],"inLanguage":"de"},{"@type":"Organization","@id":"https:\/\/marktxxl.de\/markt\/#organization","name":"Markt-XXL","url":"https:\/\/marktxxl.de\/markt\/","logo":{"@type":"ImageObject","inLanguage":"de","@id":"https:\/\/marktxxl.de\/markt\/#\/schema\/logo\/image\/","url":"https:\/\/marktxxl.de\/markt\/wp-content\/uploads\/sites\/3\/2020\/12\/logo.png","contentUrl":"https:\/\/marktxxl.de\/markt\/wp-content\/uploads\/sites\/3\/2020\/12\/logo.png","width":200,"height":70,"caption":"Markt-XXL"},"image":{"@id":"https:\/\/marktxxl.de\/markt\/#\/schema\/logo\/image\/"}}]}},"_links":{"self":[{"href":"https:\/\/marktxxl.de\/markt\/wp-json\/wp\/v2\/product\/222929","targetHints":{"allow":["GET"]}}],"collection":[{"href":"https:\/\/marktxxl.de\/markt\/wp-json\/wp\/v2\/product"}],"about":[{"href":"https:\/\/marktxxl.de\/markt\/wp-json\/wp\/v2\/types\/product"}],"replies":[{"embeddable":true,"href":"https:\/\/marktxxl.de\/markt\/wp-json\/wp\/v2\/comments?post=222929"}],"wp:featuredmedia":[{"embeddable":true,"href":"https:\/\/marktxxl.de\/markt\/wp-json\/wp\/v2\/media\/222930"}],"wp:attachment":[{"href":"https:\/\/marktxxl.de\/markt\/wp-json\/wp\/v2\/media?parent=222929"}],"wp:term":[{"taxonomy":"product_brand","embeddable":true,"href":"https:\/\/marktxxl.de\/markt\/wp-json\/wp\/v2\/product_brand?post=222929"},{"taxonomy":"product_cat","embeddable":true,"href":"https:\/\/marktxxl.de\/markt\/wp-json\/wp\/v2\/product_cat?post=222929"},{"taxonomy":"product_tag","embeddable":true,"href":"https:\/\/marktxxl.de\/markt\/wp-json\/wp\/v2\/product_tag?post=222929"}],"curies":[{"name":"wp","href":"https:\/\/api.w.org\/{rel}","templated":true}]}}