{"id":222872,"date":"2024-07-28T16:52:30","date_gmt":"2024-07-28T14:52:30","guid":{"rendered":"https:\/\/marktxxl.de\/markt\/produkt\/k-bright-dimmbare-led-akku-tischleuchte-fuer-drinnen-und-draussen-geeignet-wiederaufladbar-3000k-kaltweisses-licht-designer-tischleuchte-ladestation-kontaktieren-gold\/"},"modified":"2024-07-28T16:52:30","modified_gmt":"2024-07-28T14:52:30","slug":"k-bright-dimmbare-led-akku-tischleuchte-fuer-drinnen-und-draussen-geeignet-wiederaufladbar-3000k-kaltweisses-licht-designer-tischleuchte-ladestation-kontaktieren-gold","status":"publish","type":"product","link":"https:\/\/marktxxl.de\/markt\/produkt\/k-bright-dimmbare-led-akku-tischleuchte-fuer-drinnen-und-draussen-geeignet-wiederaufladbar-3000k-kaltweisses-licht-designer-tischleuchte-ladestation-kontaktieren-gold\/","title":{"rendered":"K-Bright Dimmbare LED Akku Tischleuchte | F\u00fcr drinnen und drau\u00dfen geeignet | Wiederaufladbar | 3000K Kaltwei\u00dfes Licht | Designer Tischleuchte | Ladestation kontaktieren | Gold"},"content":{"rendered":"<p>\ud83c\udf1f Modedesign: Stilvoller und moderner Stil mit klassischen Farben und klarem und schlichtem Design. Wiederaufladbare Tischleuchte aus lackiertem Aluminium. Es wiegt nur 800 Gramm Geeignet f\u00fcr Familienessen, Strand und Outdoor Picknicks, nachts auf dem Balkon lesen<br \/>\n\ud83d\udca1 20 LEDs AT 3000 K, 240 Lumen: Lichtquelle regelbar auf 2 Watt, bestehend aus 20 LEDs mit einer Farbtemperatur von 3000 K, ein nat\u00fcrliches und entspannendes Licht, ideal zum Aufstellen auf dem Tisch und f\u00fcr alle Aktivit\u00e4ten zu Hause. Hohe Farbwiedergabe: CRI 95%. Lichtstrom von 240 Lumen.<br \/>\n\ud83d\udc47 Einstellung mit Touch-Dimmer: Die Lampe wird durch schnelles Ber\u00fchren der Touch-Oberfl\u00e4che des Lampenschirms ein- und ausgeschaltet. Die Lichtintensit\u00e4t wird durch Halten des Fingers auf der Touchfl\u00e4che eingestellt (dimmen). Die K-Bright Lampe speichert die zuletzt eingestellte Lichtintensit\u00e4t.<br \/>\n\ud83d\udd0b Lange Lebensdauer: Es enth\u00e4lt zwei langlebige Lithiumbatterien, die je nach Helligkeitseinstellung 9 bis 48 Stunden Dauerbeleuchtung bieten k\u00f6nnen. Es kann in 6 Stunden mit einer speziellen USB-Ladestation vollst\u00e4ndig aufgeladen werden. Die USB-Ladestation f\u00fcr die Lampe ist im Lieferumfang enthalten.<br \/>\n\ud83d\udca6 Schutzklasse IP54: Sie verf\u00fcgt \u00fcber einen Schutzgrad gegen Fl\u00fcssigkeiten, sodass die Lampe ideal f\u00fcr den Einsatz im Innen- und Au\u00dfenbereich geeignet ist.<br \/>\n<div class=\"main-cross-sell\" data-asin=\"B07CLM9ZPM\">\n\n\t<div class=\"WooZone-cross-sell-loader\">\n\t\t<div>\n\t\t\t<div id=\"floatingBarsG\">\n\t\t\t\t<div class=\"blockG\" id=\"rotateG_01\"><\/div>\n\t\t\t\t<div class=\"blockG\" id=\"rotateG_02\"><\/div>\n\t\t\t\t<div class=\"blockG\" id=\"rotateG_03\"><\/div>\n\t\t\t\t<div class=\"blockG\" id=\"rotateG_04\"><\/div>\n\t\t\t\t<div class=\"blockG\" id=\"rotateG_05\"><\/div>\n\t\t\t\t<div class=\"blockG\" id=\"rotateG_06\"><\/div>\n\t\t\t\t<div class=\"blockG\" id=\"rotateG_07\"><\/div>\n\t\t\t\t<div class=\"blockG\" id=\"rotateG_08\"><\/div>\n\t\t\t<\/div>\n\t\t\t<div class=\"WooZone-cross-sell-loader-text\"><\/div>\n\t\t<\/div>\n\t<\/div>\n\n\t\t\n<\/div>\n<div style=\"clear:both;\"><\/div><\/p>\n","protected":false},"excerpt":{"rendered":"<p>\ud83c\udf1f Modedesign: Stilvoller und moderner Stil mit klassischen Farben und klarem und schlichtem Design. Wiederaufladbare Tischleuchte aus lackiertem Aluminium. Es wiegt nur 800 Gramm Geeignet f\u00fcr Familienessen, Strand und Outdoor Picknicks, nachts auf dem Balkon lesen<br \/>\n\ud83d\udca1 20 LEDs AT 3000 K, 240 Lumen: Lichtquelle regelbar auf 2 Watt, bestehend aus 20 LEDs mit einer Farbtemperatur von 3000 K, ein nat\u00fcrliches und entspannendes Licht, ideal zum Aufstellen auf dem Tisch und f\u00fcr alle Aktivit\u00e4ten zu Hause. Hohe Farbwiedergabe: CRI 95%. Lichtstrom von 240 Lumen.<br \/>\n\ud83d\udc47 Einstellung mit Touch-Dimmer: Die Lampe wird durch schnelles Ber\u00fchren der Touch-Oberfl\u00e4che des Lampenschirms ein- und ausgeschaltet. Die Lichtintensit\u00e4t wird durch Halten des Fingers auf der Touchfl\u00e4che eingestellt (dimmen). Die K-Bright Lampe speichert die zuletzt eingestellte Lichtintensit\u00e4t.<\/p>\n","protected":false},"featured_media":222873,"comment_status":"open","ping_status":"closed","template":"","meta":[],"product_brand":[],"product_cat":[2108],"product_tag":[],"class_list":{"0":"post-222872","1":"product","2":"type-product","3":"status-publish","4":"has-post-thumbnail","6":"product_cat-beleuchtung","7":"pa_binding-werkzeug","8":"pa_brand-k-bright","9":"pa_color-3000k-warmweiss","10":"pa_height-3-93700787-zoll","11":"pa_length-3-93700787-zoll","12":"pa_manufacturer-k-bright","13":"pa_model-gt-001","14":"pa_weight-1-3558429113-pfund","15":"pa_width-3-93700787-zoll","17":"first","18":"instock","19":"shipping-taxable","20":"purchasable","21":"product-type-simple","22":"customify-col","23":"product-has-gallery"},"yoast_head":"<!-- This site is optimized with the Yoast SEO plugin v27.4 - https:\/\/yoast.com\/product\/yoast-seo-wordpress\/ -->\n<title>K-Bright Dimmbare LED Akku Tischleuchte | F\u00fcr drinnen und drau\u00dfen geeignet | Wiederaufladbar | 3000K Kaltwei\u00dfes Licht | Designer Tischleuchte | Ladestation kontaktieren | Gold - Markt-XXL<\/title>\n<meta name=\"description\" content=\"Markt-XXL K-Bright Dimmbare LED Akku Tischleuchte | F\u00fcr drinnen und drau\u00dfen geeignet | Wiederaufladbar | 3000K Kaltwei\u00dfes Licht | Designer Tischleuchte | Ladestation kontaktieren | Gold\" \/>\n<meta name=\"robots\" content=\"index, follow, max-snippet:-1, max-image-preview:large, max-video-preview:-1\" \/>\n<link rel=\"canonical\" href=\"https:\/\/marktxxl.de\/markt\/produkt\/k-bright-dimmbare-led-akku-tischleuchte-fuer-drinnen-und-draussen-geeignet-wiederaufladbar-3000k-kaltweisses-licht-designer-tischleuchte-ladestation-kontaktieren-gold\/\" \/>\n<meta property=\"og:locale\" content=\"de_DE\" \/>\n<meta property=\"og:type\" content=\"article\" \/>\n<meta property=\"og:title\" content=\"K-Bright Dimmbare LED Akku Tischleuchte | F\u00fcr drinnen und drau\u00dfen geeignet | Wiederaufladbar | 3000K Kaltwei\u00dfes Licht | Designer Tischleuchte | Ladestation kontaktieren | Gold - Markt-XXL\" \/>\n<meta property=\"og:description\" content=\"Markt-XXL K-Bright Dimmbare LED Akku Tischleuchte | F\u00fcr drinnen und drau\u00dfen geeignet | Wiederaufladbar | 3000K Kaltwei\u00dfes Licht | Designer Tischleuchte | Ladestation kontaktieren | Gold\" \/>\n<meta property=\"og:url\" content=\"https:\/\/marktxxl.de\/markt\/produkt\/k-bright-dimmbare-led-akku-tischleuchte-fuer-drinnen-und-draussen-geeignet-wiederaufladbar-3000k-kaltweisses-licht-designer-tischleuchte-ladestation-kontaktieren-gold\/\" \/>\n<meta property=\"og:site_name\" content=\"Markt-XXL\" \/>\n<meta name=\"twitter:card\" content=\"summary_large_image\" \/>\n<meta name=\"twitter:label1\" content=\"Gesch\u00e4tzte Lesezeit\" \/>\n\t<meta name=\"twitter:data1\" content=\"1\u00a0Minute\" \/>\n<script type=\"application\/ld+json\" class=\"yoast-schema-graph\">{\"@context\":\"https:\\\/\\\/schema.org\",\"@graph\":[{\"@type\":\"WebPage\",\"@id\":\"https:\\\/\\\/marktxxl.de\\\/markt\\\/produkt\\\/k-bright-dimmbare-led-akku-tischleuchte-fuer-drinnen-und-draussen-geeignet-wiederaufladbar-3000k-kaltweisses-licht-designer-tischleuchte-ladestation-kontaktieren-gold\\\/\",\"url\":\"https:\\\/\\\/marktxxl.de\\\/markt\\\/produkt\\\/k-bright-dimmbare-led-akku-tischleuchte-fuer-drinnen-und-draussen-geeignet-wiederaufladbar-3000k-kaltweisses-licht-designer-tischleuchte-ladestation-kontaktieren-gold\\\/\",\"name\":\"K-Bright Dimmbare LED Akku Tischleuchte | F\u00fcr drinnen und drau\u00dfen geeignet | Wiederaufladbar | 3000K Kaltwei\u00dfes Licht | Designer Tischleuchte | Ladestation kontaktieren | Gold - Markt-XXL\",\"isPartOf\":{\"@id\":\"https:\\\/\\\/marktxxl.de\\\/markt\\\/#website\"},\"primaryImageOfPage\":{\"@id\":\"https:\\\/\\\/marktxxl.de\\\/markt\\\/produkt\\\/k-bright-dimmbare-led-akku-tischleuchte-fuer-drinnen-und-draussen-geeignet-wiederaufladbar-3000k-kaltweisses-licht-designer-tischleuchte-ladestation-kontaktieren-gold\\\/#primaryimage\"},\"image\":{\"@id\":\"https:\\\/\\\/marktxxl.de\\\/markt\\\/produkt\\\/k-bright-dimmbare-led-akku-tischleuchte-fuer-drinnen-und-draussen-geeignet-wiederaufladbar-3000k-kaltweisses-licht-designer-tischleuchte-ladestation-kontaktieren-gold\\\/#primaryimage\"},\"thumbnailUrl\":\"https:\\\/\\\/m.media-amazon.com\\\/images\\\/I\\\/31Mr-uib6RL._SL500_.jpg\",\"datePublished\":\"2024-07-28T14:52:30+00:00\",\"description\":\"Markt-XXL K-Bright Dimmbare LED Akku Tischleuchte | F\u00fcr drinnen und drau\u00dfen geeignet | Wiederaufladbar | 3000K Kaltwei\u00dfes Licht | Designer Tischleuchte | Ladestation kontaktieren | Gold\",\"breadcrumb\":{\"@id\":\"https:\\\/\\\/marktxxl.de\\\/markt\\\/produkt\\\/k-bright-dimmbare-led-akku-tischleuchte-fuer-drinnen-und-draussen-geeignet-wiederaufladbar-3000k-kaltweisses-licht-designer-tischleuchte-ladestation-kontaktieren-gold\\\/#breadcrumb\"},\"inLanguage\":\"de\",\"potentialAction\":[{\"@type\":\"ReadAction\",\"target\":[\"https:\\\/\\\/marktxxl.de\\\/markt\\\/produkt\\\/k-bright-dimmbare-led-akku-tischleuchte-fuer-drinnen-und-draussen-geeignet-wiederaufladbar-3000k-kaltweisses-licht-designer-tischleuchte-ladestation-kontaktieren-gold\\\/\"]}]},{\"@type\":\"ImageObject\",\"inLanguage\":\"de\",\"@id\":\"https:\\\/\\\/marktxxl.de\\\/markt\\\/produkt\\\/k-bright-dimmbare-led-akku-tischleuchte-fuer-drinnen-und-draussen-geeignet-wiederaufladbar-3000k-kaltweisses-licht-designer-tischleuchte-ladestation-kontaktieren-gold\\\/#primaryimage\",\"url\":\"https:\\\/\\\/m.media-amazon.com\\\/images\\\/I\\\/31Mr-uib6RL._SL500_.jpg\",\"contentUrl\":\"https:\\\/\\\/m.media-amazon.com\\\/images\\\/I\\\/31Mr-uib6RL._SL500_.jpg\",\"width\":500,\"height\":500},{\"@type\":\"BreadcrumbList\",\"@id\":\"https:\\\/\\\/marktxxl.de\\\/markt\\\/produkt\\\/k-bright-dimmbare-led-akku-tischleuchte-fuer-drinnen-und-draussen-geeignet-wiederaufladbar-3000k-kaltweisses-licht-designer-tischleuchte-ladestation-kontaktieren-gold\\\/#breadcrumb\",\"itemListElement\":[{\"@type\":\"ListItem\",\"position\":1,\"name\":\"Startseite\",\"item\":\"https:\\\/\\\/marktxxl.de\\\/markt\\\/\"},{\"@type\":\"ListItem\",\"position\":2,\"name\":\"Markt\",\"item\":\"https:\\\/\\\/marktxxl.de\\\/markt\\\/\"},{\"@type\":\"ListItem\",\"position\":3,\"name\":\"K-Bright Dimmbare LED Akku Tischleuchte | F\u00fcr drinnen und drau\u00dfen geeignet | Wiederaufladbar | 3000K Kaltwei\u00dfes Licht | Designer Tischleuchte | Ladestation kontaktieren | Gold\"}]},{\"@type\":\"WebSite\",\"@id\":\"https:\\\/\\\/marktxxl.de\\\/markt\\\/#website\",\"url\":\"https:\\\/\\\/marktxxl.de\\\/markt\\\/\",\"name\":\"Markt-XXL\",\"description\":\"Ihr Markt Online\",\"publisher\":{\"@id\":\"https:\\\/\\\/marktxxl.de\\\/markt\\\/#organization\"},\"potentialAction\":[{\"@type\":\"SearchAction\",\"target\":{\"@type\":\"EntryPoint\",\"urlTemplate\":\"https:\\\/\\\/marktxxl.de\\\/markt\\\/?s={search_term_string}\"},\"query-input\":{\"@type\":\"PropertyValueSpecification\",\"valueRequired\":true,\"valueName\":\"search_term_string\"}}],\"inLanguage\":\"de\"},{\"@type\":\"Organization\",\"@id\":\"https:\\\/\\\/marktxxl.de\\\/markt\\\/#organization\",\"name\":\"Markt-XXL\",\"url\":\"https:\\\/\\\/marktxxl.de\\\/markt\\\/\",\"logo\":{\"@type\":\"ImageObject\",\"inLanguage\":\"de\",\"@id\":\"https:\\\/\\\/marktxxl.de\\\/markt\\\/#\\\/schema\\\/logo\\\/image\\\/\",\"url\":\"https:\\\/\\\/marktxxl.de\\\/markt\\\/wp-content\\\/uploads\\\/sites\\\/3\\\/2020\\\/12\\\/logo.png\",\"contentUrl\":\"https:\\\/\\\/marktxxl.de\\\/markt\\\/wp-content\\\/uploads\\\/sites\\\/3\\\/2020\\\/12\\\/logo.png\",\"width\":200,\"height\":70,\"caption\":\"Markt-XXL\"},\"image\":{\"@id\":\"https:\\\/\\\/marktxxl.de\\\/markt\\\/#\\\/schema\\\/logo\\\/image\\\/\"}}]}<\/script>\n<!-- \/ Yoast SEO plugin. -->","yoast_head_json":{"title":"K-Bright Dimmbare LED Akku Tischleuchte | F\u00fcr drinnen und drau\u00dfen geeignet | Wiederaufladbar | 3000K Kaltwei\u00dfes Licht | Designer Tischleuchte | Ladestation kontaktieren | Gold - Markt-XXL","description":"Markt-XXL K-Bright Dimmbare LED Akku Tischleuchte | F\u00fcr drinnen und drau\u00dfen geeignet | Wiederaufladbar | 3000K Kaltwei\u00dfes Licht | Designer Tischleuchte | Ladestation kontaktieren | Gold","robots":{"index":"index","follow":"follow","max-snippet":"max-snippet:-1","max-image-preview":"max-image-preview:large","max-video-preview":"max-video-preview:-1"},"canonical":"https:\/\/marktxxl.de\/markt\/produkt\/k-bright-dimmbare-led-akku-tischleuchte-fuer-drinnen-und-draussen-geeignet-wiederaufladbar-3000k-kaltweisses-licht-designer-tischleuchte-ladestation-kontaktieren-gold\/","og_locale":"de_DE","og_type":"article","og_title":"K-Bright Dimmbare LED Akku Tischleuchte | F\u00fcr drinnen und drau\u00dfen geeignet | Wiederaufladbar | 3000K Kaltwei\u00dfes Licht | Designer Tischleuchte | Ladestation kontaktieren | Gold - Markt-XXL","og_description":"Markt-XXL K-Bright Dimmbare LED Akku Tischleuchte | F\u00fcr drinnen und drau\u00dfen geeignet | Wiederaufladbar | 3000K Kaltwei\u00dfes Licht | Designer Tischleuchte | Ladestation kontaktieren | Gold","og_url":"https:\/\/marktxxl.de\/markt\/produkt\/k-bright-dimmbare-led-akku-tischleuchte-fuer-drinnen-und-draussen-geeignet-wiederaufladbar-3000k-kaltweisses-licht-designer-tischleuchte-ladestation-kontaktieren-gold\/","og_site_name":"Markt-XXL","twitter_card":"summary_large_image","twitter_misc":{"Gesch\u00e4tzte Lesezeit":"1\u00a0Minute"},"schema":{"@context":"https:\/\/schema.org","@graph":[{"@type":"WebPage","@id":"https:\/\/marktxxl.de\/markt\/produkt\/k-bright-dimmbare-led-akku-tischleuchte-fuer-drinnen-und-draussen-geeignet-wiederaufladbar-3000k-kaltweisses-licht-designer-tischleuchte-ladestation-kontaktieren-gold\/","url":"https:\/\/marktxxl.de\/markt\/produkt\/k-bright-dimmbare-led-akku-tischleuchte-fuer-drinnen-und-draussen-geeignet-wiederaufladbar-3000k-kaltweisses-licht-designer-tischleuchte-ladestation-kontaktieren-gold\/","name":"K-Bright Dimmbare LED Akku Tischleuchte | F\u00fcr drinnen und drau\u00dfen geeignet | Wiederaufladbar | 3000K Kaltwei\u00dfes Licht | Designer Tischleuchte | Ladestation kontaktieren | Gold - Markt-XXL","isPartOf":{"@id":"https:\/\/marktxxl.de\/markt\/#website"},"primaryImageOfPage":{"@id":"https:\/\/marktxxl.de\/markt\/produkt\/k-bright-dimmbare-led-akku-tischleuchte-fuer-drinnen-und-draussen-geeignet-wiederaufladbar-3000k-kaltweisses-licht-designer-tischleuchte-ladestation-kontaktieren-gold\/#primaryimage"},"image":{"@id":"https:\/\/marktxxl.de\/markt\/produkt\/k-bright-dimmbare-led-akku-tischleuchte-fuer-drinnen-und-draussen-geeignet-wiederaufladbar-3000k-kaltweisses-licht-designer-tischleuchte-ladestation-kontaktieren-gold\/#primaryimage"},"thumbnailUrl":"https:\/\/m.media-amazon.com\/images\/I\/31Mr-uib6RL._SL500_.jpg","datePublished":"2024-07-28T14:52:30+00:00","description":"Markt-XXL K-Bright Dimmbare LED Akku Tischleuchte | F\u00fcr drinnen und drau\u00dfen geeignet | Wiederaufladbar | 3000K Kaltwei\u00dfes Licht | Designer Tischleuchte | Ladestation kontaktieren | Gold","breadcrumb":{"@id":"https:\/\/marktxxl.de\/markt\/produkt\/k-bright-dimmbare-led-akku-tischleuchte-fuer-drinnen-und-draussen-geeignet-wiederaufladbar-3000k-kaltweisses-licht-designer-tischleuchte-ladestation-kontaktieren-gold\/#breadcrumb"},"inLanguage":"de","potentialAction":[{"@type":"ReadAction","target":["https:\/\/marktxxl.de\/markt\/produkt\/k-bright-dimmbare-led-akku-tischleuchte-fuer-drinnen-und-draussen-geeignet-wiederaufladbar-3000k-kaltweisses-licht-designer-tischleuchte-ladestation-kontaktieren-gold\/"]}]},{"@type":"ImageObject","inLanguage":"de","@id":"https:\/\/marktxxl.de\/markt\/produkt\/k-bright-dimmbare-led-akku-tischleuchte-fuer-drinnen-und-draussen-geeignet-wiederaufladbar-3000k-kaltweisses-licht-designer-tischleuchte-ladestation-kontaktieren-gold\/#primaryimage","url":"https:\/\/m.media-amazon.com\/images\/I\/31Mr-uib6RL._SL500_.jpg","contentUrl":"https:\/\/m.media-amazon.com\/images\/I\/31Mr-uib6RL._SL500_.jpg","width":500,"height":500},{"@type":"BreadcrumbList","@id":"https:\/\/marktxxl.de\/markt\/produkt\/k-bright-dimmbare-led-akku-tischleuchte-fuer-drinnen-und-draussen-geeignet-wiederaufladbar-3000k-kaltweisses-licht-designer-tischleuchte-ladestation-kontaktieren-gold\/#breadcrumb","itemListElement":[{"@type":"ListItem","position":1,"name":"Startseite","item":"https:\/\/marktxxl.de\/markt\/"},{"@type":"ListItem","position":2,"name":"Markt","item":"https:\/\/marktxxl.de\/markt\/"},{"@type":"ListItem","position":3,"name":"K-Bright Dimmbare LED Akku Tischleuchte | F\u00fcr drinnen und drau\u00dfen geeignet | Wiederaufladbar | 3000K Kaltwei\u00dfes Licht | Designer Tischleuchte | Ladestation kontaktieren | Gold"}]},{"@type":"WebSite","@id":"https:\/\/marktxxl.de\/markt\/#website","url":"https:\/\/marktxxl.de\/markt\/","name":"Markt-XXL","description":"Ihr Markt Online","publisher":{"@id":"https:\/\/marktxxl.de\/markt\/#organization"},"potentialAction":[{"@type":"SearchAction","target":{"@type":"EntryPoint","urlTemplate":"https:\/\/marktxxl.de\/markt\/?s={search_term_string}"},"query-input":{"@type":"PropertyValueSpecification","valueRequired":true,"valueName":"search_term_string"}}],"inLanguage":"de"},{"@type":"Organization","@id":"https:\/\/marktxxl.de\/markt\/#organization","name":"Markt-XXL","url":"https:\/\/marktxxl.de\/markt\/","logo":{"@type":"ImageObject","inLanguage":"de","@id":"https:\/\/marktxxl.de\/markt\/#\/schema\/logo\/image\/","url":"https:\/\/marktxxl.de\/markt\/wp-content\/uploads\/sites\/3\/2020\/12\/logo.png","contentUrl":"https:\/\/marktxxl.de\/markt\/wp-content\/uploads\/sites\/3\/2020\/12\/logo.png","width":200,"height":70,"caption":"Markt-XXL"},"image":{"@id":"https:\/\/marktxxl.de\/markt\/#\/schema\/logo\/image\/"}}]}},"_links":{"self":[{"href":"https:\/\/marktxxl.de\/markt\/wp-json\/wp\/v2\/product\/222872","targetHints":{"allow":["GET"]}}],"collection":[{"href":"https:\/\/marktxxl.de\/markt\/wp-json\/wp\/v2\/product"}],"about":[{"href":"https:\/\/marktxxl.de\/markt\/wp-json\/wp\/v2\/types\/product"}],"replies":[{"embeddable":true,"href":"https:\/\/marktxxl.de\/markt\/wp-json\/wp\/v2\/comments?post=222872"}],"wp:featuredmedia":[{"embeddable":true,"href":"https:\/\/marktxxl.de\/markt\/wp-json\/wp\/v2\/media\/222873"}],"wp:attachment":[{"href":"https:\/\/marktxxl.de\/markt\/wp-json\/wp\/v2\/media?parent=222872"}],"wp:term":[{"taxonomy":"product_brand","embeddable":true,"href":"https:\/\/marktxxl.de\/markt\/wp-json\/wp\/v2\/product_brand?post=222872"},{"taxonomy":"product_cat","embeddable":true,"href":"https:\/\/marktxxl.de\/markt\/wp-json\/wp\/v2\/product_cat?post=222872"},{"taxonomy":"product_tag","embeddable":true,"href":"https:\/\/marktxxl.de\/markt\/wp-json\/wp\/v2\/product_tag?post=222872"}],"curies":[{"name":"wp","href":"https:\/\/api.w.org\/{rel}","templated":true}]}}