{"id":222809,"date":"2024-07-28T16:51:50","date_gmt":"2024-07-28T14:51:50","guid":{"rendered":"https:\/\/marktxxl.de\/markt\/produkt\/sigrill-solarlampen-fuer-aussen-mit-bewegungsmelder-solarleuchte-fuer-aussen-garten-mit-3-modi-ip65-wasserdicht-solarstrahler-fuer-aussen-solar-aussenleuchte\/"},"modified":"2024-07-28T16:51:50","modified_gmt":"2024-07-28T14:51:50","slug":"sigrill-solarlampen-fuer-aussen-mit-bewegungsmelder-solarleuchte-fuer-aussen-garten-mit-3-modi-ip65-wasserdicht-solarstrahler-fuer-aussen-solar-aussenleuchte","status":"publish","type":"product","link":"https:\/\/marktxxl.de\/markt\/produkt\/sigrill-solarlampen-fuer-aussen-mit-bewegungsmelder-solarleuchte-fuer-aussen-garten-mit-3-modi-ip65-wasserdicht-solarstrahler-fuer-aussen-solar-aussenleuchte\/","title":{"rendered":"SIGRILL Solarlampen f\u00fcr Au\u00dfen mit Bewegungsmelder, Solarleuchte f\u00fcr Au\u00dfen Garten mit 3 Modi, IP65 Wasserdicht Solarstrahler f\u00fcr Au\u00dfen, Solar Aussenleuchte"},"content":{"rendered":"<p>\ud83c\udf3cIntelligente Beleuchtung\ud83c\udf3c Solarlampe verf\u00fcgen \u00fcber empfindliche Bewegungssensoren, einen Erfassungswinkel von 120\u00b0 und einen Erfassungsabstand von 5 m. Modus 1: Bietet die ganze Nacht \u00fcber eine Beleuchtung mit 30 % Helligkeit. Modus 2: Bietet eine Beleuchtung mit 100 % Helligkeit, wenn eine Bewegung erkannt wird, und stellt nach 20 Sekunden wieder 30 % Helligkeit her. Modus 3: Bietet eine Beleuchtung mit 100 % Helligkeit, wenn eine Bewegung erkannt wird, und schaltet sich nach 20 Sekunden aus.<br \/>\n<div class=\"main-cross-sell\" data-asin=\"B0D2ZX51VB\">\n\n\t<div class=\"WooZone-cross-sell-loader\">\n\t\t<div>\n\t\t\t<div id=\"floatingBarsG\">\n\t\t\t\t<div class=\"blockG\" id=\"rotateG_01\"><\/div>\n\t\t\t\t<div class=\"blockG\" id=\"rotateG_02\"><\/div>\n\t\t\t\t<div class=\"blockG\" id=\"rotateG_03\"><\/div>\n\t\t\t\t<div class=\"blockG\" id=\"rotateG_04\"><\/div>\n\t\t\t\t<div class=\"blockG\" id=\"rotateG_05\"><\/div>\n\t\t\t\t<div class=\"blockG\" id=\"rotateG_06\"><\/div>\n\t\t\t\t<div class=\"blockG\" id=\"rotateG_07\"><\/div>\n\t\t\t\t<div class=\"blockG\" id=\"rotateG_08\"><\/div>\n\t\t\t<\/div>\n\t\t\t<div class=\"WooZone-cross-sell-loader-text\"><\/div>\n\t\t<\/div>\n\t<\/div>\n\n\t\t\n<\/div>\n<div style=\"clear:both;\"><\/div><\/p>\n","protected":false},"excerpt":{"rendered":"<p>\ud83c\udf3cIntelligente Beleuchtung\ud83c\udf3c Solarlampe verf\u00fcgen \u00fcber empfindliche Bewegungssensoren, einen Erfassungswinkel von 120\u00b0 und einen Erfassungsabstand von 5 m. Modus 1: Bietet die ganze Nacht \u00fcber eine Beleuchtung mit 30 % Helligkeit. Modus 2: Bietet eine Beleuchtung mit 100 % Helligkeit, wenn eine Bewegung erkannt wird, und stellt nach 20 Sekunden wieder 30 % Helligkeit her. Modus 3: Bietet eine Beleuchtung mit 100 % Helligkeit, wenn eine Bewegung erkannt wird, und schaltet sich nach 20 Sekunden aus.<\/p>\n","protected":false},"featured_media":222810,"comment_status":"open","ping_status":"closed","template":"","meta":[],"product_brand":[],"product_cat":[11446,2108],"product_tag":[],"class_list":{"0":"post-222809","1":"product","2":"type-product","3":"status-publish","4":"has-post-thumbnail","6":"product_cat-aussenbeleuchtung","7":"product_cat-beleuchtung","8":"pa_brand-sigrill","9":"pa_color-kaltes-weisses-licht","10":"pa_height-4-724409444-zoll","11":"pa_length-2-755905509-zoll","12":"pa_manufacturer-sigrill","13":"pa_model-tbd-55","14":"pa_size-2-stueck","15":"pa_width-8-661417314-zoll","17":"first","18":"instock","19":"shipping-taxable","20":"product-type-simple","21":"customify-col","22":"product-has-gallery"},"yoast_head":"<!-- This site is optimized with the Yoast SEO plugin v27.4 - https:\/\/yoast.com\/product\/yoast-seo-wordpress\/ -->\n<title>SIGRILL Solarlampen f\u00fcr Au\u00dfen mit Bewegungsmelder, Solarleuchte f\u00fcr Au\u00dfen Garten mit 3 Modi, IP65 Wasserdicht Solarstrahler f\u00fcr Au\u00dfen, Solar Aussenleuchte - Markt-XXL<\/title>\n<meta name=\"description\" content=\"Markt-XXL SIGRILL Solarlampen f\u00fcr Au\u00dfen mit Bewegungsmelder, Solarleuchte f\u00fcr Au\u00dfen Garten mit 3 Modi, IP65 Wasserdicht Solarstrahler f\u00fcr Au\u00dfen, Solar Aussenleuchte\" \/>\n<meta name=\"robots\" content=\"index, follow, max-snippet:-1, max-image-preview:large, max-video-preview:-1\" \/>\n<link rel=\"canonical\" href=\"https:\/\/marktxxl.de\/markt\/produkt\/sigrill-solarlampen-fuer-aussen-mit-bewegungsmelder-solarleuchte-fuer-aussen-garten-mit-3-modi-ip65-wasserdicht-solarstrahler-fuer-aussen-solar-aussenleuchte\/\" \/>\n<meta property=\"og:locale\" content=\"de_DE\" \/>\n<meta property=\"og:type\" content=\"article\" \/>\n<meta property=\"og:title\" content=\"SIGRILL Solarlampen f\u00fcr Au\u00dfen mit Bewegungsmelder, Solarleuchte f\u00fcr Au\u00dfen Garten mit 3 Modi, IP65 Wasserdicht Solarstrahler f\u00fcr Au\u00dfen, Solar Aussenleuchte - Markt-XXL\" \/>\n<meta property=\"og:description\" content=\"Markt-XXL SIGRILL Solarlampen f\u00fcr Au\u00dfen mit Bewegungsmelder, Solarleuchte f\u00fcr Au\u00dfen Garten mit 3 Modi, IP65 Wasserdicht Solarstrahler f\u00fcr Au\u00dfen, Solar Aussenleuchte\" \/>\n<meta property=\"og:url\" content=\"https:\/\/marktxxl.de\/markt\/produkt\/sigrill-solarlampen-fuer-aussen-mit-bewegungsmelder-solarleuchte-fuer-aussen-garten-mit-3-modi-ip65-wasserdicht-solarstrahler-fuer-aussen-solar-aussenleuchte\/\" \/>\n<meta property=\"og:site_name\" content=\"Markt-XXL\" \/>\n<meta name=\"twitter:card\" content=\"summary_large_image\" \/>\n<script type=\"application\/ld+json\" class=\"yoast-schema-graph\">{\"@context\":\"https:\\\/\\\/schema.org\",\"@graph\":[{\"@type\":\"WebPage\",\"@id\":\"https:\\\/\\\/marktxxl.de\\\/markt\\\/produkt\\\/sigrill-solarlampen-fuer-aussen-mit-bewegungsmelder-solarleuchte-fuer-aussen-garten-mit-3-modi-ip65-wasserdicht-solarstrahler-fuer-aussen-solar-aussenleuchte\\\/\",\"url\":\"https:\\\/\\\/marktxxl.de\\\/markt\\\/produkt\\\/sigrill-solarlampen-fuer-aussen-mit-bewegungsmelder-solarleuchte-fuer-aussen-garten-mit-3-modi-ip65-wasserdicht-solarstrahler-fuer-aussen-solar-aussenleuchte\\\/\",\"name\":\"SIGRILL Solarlampen f\u00fcr Au\u00dfen mit Bewegungsmelder, Solarleuchte f\u00fcr Au\u00dfen Garten mit 3 Modi, IP65 Wasserdicht Solarstrahler f\u00fcr Au\u00dfen, Solar Aussenleuchte - Markt-XXL\",\"isPartOf\":{\"@id\":\"https:\\\/\\\/marktxxl.de\\\/markt\\\/#website\"},\"primaryImageOfPage\":{\"@id\":\"https:\\\/\\\/marktxxl.de\\\/markt\\\/produkt\\\/sigrill-solarlampen-fuer-aussen-mit-bewegungsmelder-solarleuchte-fuer-aussen-garten-mit-3-modi-ip65-wasserdicht-solarstrahler-fuer-aussen-solar-aussenleuchte\\\/#primaryimage\"},\"image\":{\"@id\":\"https:\\\/\\\/marktxxl.de\\\/markt\\\/produkt\\\/sigrill-solarlampen-fuer-aussen-mit-bewegungsmelder-solarleuchte-fuer-aussen-garten-mit-3-modi-ip65-wasserdicht-solarstrahler-fuer-aussen-solar-aussenleuchte\\\/#primaryimage\"},\"thumbnailUrl\":\"https:\\\/\\\/m.media-amazon.com\\\/images\\\/I\\\/31PNXH6LlrL._SL500_.jpg\",\"datePublished\":\"2024-07-28T14:51:50+00:00\",\"description\":\"Markt-XXL SIGRILL Solarlampen f\u00fcr Au\u00dfen mit Bewegungsmelder, Solarleuchte f\u00fcr Au\u00dfen Garten mit 3 Modi, IP65 Wasserdicht Solarstrahler f\u00fcr Au\u00dfen, Solar Aussenleuchte\",\"breadcrumb\":{\"@id\":\"https:\\\/\\\/marktxxl.de\\\/markt\\\/produkt\\\/sigrill-solarlampen-fuer-aussen-mit-bewegungsmelder-solarleuchte-fuer-aussen-garten-mit-3-modi-ip65-wasserdicht-solarstrahler-fuer-aussen-solar-aussenleuchte\\\/#breadcrumb\"},\"inLanguage\":\"de\",\"potentialAction\":[{\"@type\":\"ReadAction\",\"target\":[\"https:\\\/\\\/marktxxl.de\\\/markt\\\/produkt\\\/sigrill-solarlampen-fuer-aussen-mit-bewegungsmelder-solarleuchte-fuer-aussen-garten-mit-3-modi-ip65-wasserdicht-solarstrahler-fuer-aussen-solar-aussenleuchte\\\/\"]}]},{\"@type\":\"ImageObject\",\"inLanguage\":\"de\",\"@id\":\"https:\\\/\\\/marktxxl.de\\\/markt\\\/produkt\\\/sigrill-solarlampen-fuer-aussen-mit-bewegungsmelder-solarleuchte-fuer-aussen-garten-mit-3-modi-ip65-wasserdicht-solarstrahler-fuer-aussen-solar-aussenleuchte\\\/#primaryimage\",\"url\":\"https:\\\/\\\/m.media-amazon.com\\\/images\\\/I\\\/31PNXH6LlrL._SL500_.jpg\",\"contentUrl\":\"https:\\\/\\\/m.media-amazon.com\\\/images\\\/I\\\/31PNXH6LlrL._SL500_.jpg\",\"width\":500,\"height\":500},{\"@type\":\"BreadcrumbList\",\"@id\":\"https:\\\/\\\/marktxxl.de\\\/markt\\\/produkt\\\/sigrill-solarlampen-fuer-aussen-mit-bewegungsmelder-solarleuchte-fuer-aussen-garten-mit-3-modi-ip65-wasserdicht-solarstrahler-fuer-aussen-solar-aussenleuchte\\\/#breadcrumb\",\"itemListElement\":[{\"@type\":\"ListItem\",\"position\":1,\"name\":\"Startseite\",\"item\":\"https:\\\/\\\/marktxxl.de\\\/markt\\\/\"},{\"@type\":\"ListItem\",\"position\":2,\"name\":\"Markt\",\"item\":\"https:\\\/\\\/marktxxl.de\\\/markt\\\/\"},{\"@type\":\"ListItem\",\"position\":3,\"name\":\"SIGRILL Solarlampen f\u00fcr Au\u00dfen mit Bewegungsmelder, Solarleuchte f\u00fcr Au\u00dfen Garten mit 3 Modi, IP65 Wasserdicht Solarstrahler f\u00fcr Au\u00dfen, Solar Aussenleuchte\"}]},{\"@type\":\"WebSite\",\"@id\":\"https:\\\/\\\/marktxxl.de\\\/markt\\\/#website\",\"url\":\"https:\\\/\\\/marktxxl.de\\\/markt\\\/\",\"name\":\"Markt-XXL\",\"description\":\"Ihr Markt Online\",\"publisher\":{\"@id\":\"https:\\\/\\\/marktxxl.de\\\/markt\\\/#organization\"},\"potentialAction\":[{\"@type\":\"SearchAction\",\"target\":{\"@type\":\"EntryPoint\",\"urlTemplate\":\"https:\\\/\\\/marktxxl.de\\\/markt\\\/?s={search_term_string}\"},\"query-input\":{\"@type\":\"PropertyValueSpecification\",\"valueRequired\":true,\"valueName\":\"search_term_string\"}}],\"inLanguage\":\"de\"},{\"@type\":\"Organization\",\"@id\":\"https:\\\/\\\/marktxxl.de\\\/markt\\\/#organization\",\"name\":\"Markt-XXL\",\"url\":\"https:\\\/\\\/marktxxl.de\\\/markt\\\/\",\"logo\":{\"@type\":\"ImageObject\",\"inLanguage\":\"de\",\"@id\":\"https:\\\/\\\/marktxxl.de\\\/markt\\\/#\\\/schema\\\/logo\\\/image\\\/\",\"url\":\"https:\\\/\\\/marktxxl.de\\\/markt\\\/wp-content\\\/uploads\\\/sites\\\/3\\\/2020\\\/12\\\/logo.png\",\"contentUrl\":\"https:\\\/\\\/marktxxl.de\\\/markt\\\/wp-content\\\/uploads\\\/sites\\\/3\\\/2020\\\/12\\\/logo.png\",\"width\":200,\"height\":70,\"caption\":\"Markt-XXL\"},\"image\":{\"@id\":\"https:\\\/\\\/marktxxl.de\\\/markt\\\/#\\\/schema\\\/logo\\\/image\\\/\"}}]}<\/script>\n<!-- \/ Yoast SEO plugin. -->","yoast_head_json":{"title":"SIGRILL Solarlampen f\u00fcr Au\u00dfen mit Bewegungsmelder, Solarleuchte f\u00fcr Au\u00dfen Garten mit 3 Modi, IP65 Wasserdicht Solarstrahler f\u00fcr Au\u00dfen, Solar Aussenleuchte - Markt-XXL","description":"Markt-XXL SIGRILL Solarlampen f\u00fcr Au\u00dfen mit Bewegungsmelder, Solarleuchte f\u00fcr Au\u00dfen Garten mit 3 Modi, IP65 Wasserdicht Solarstrahler f\u00fcr Au\u00dfen, Solar Aussenleuchte","robots":{"index":"index","follow":"follow","max-snippet":"max-snippet:-1","max-image-preview":"max-image-preview:large","max-video-preview":"max-video-preview:-1"},"canonical":"https:\/\/marktxxl.de\/markt\/produkt\/sigrill-solarlampen-fuer-aussen-mit-bewegungsmelder-solarleuchte-fuer-aussen-garten-mit-3-modi-ip65-wasserdicht-solarstrahler-fuer-aussen-solar-aussenleuchte\/","og_locale":"de_DE","og_type":"article","og_title":"SIGRILL Solarlampen f\u00fcr Au\u00dfen mit Bewegungsmelder, Solarleuchte f\u00fcr Au\u00dfen Garten mit 3 Modi, IP65 Wasserdicht Solarstrahler f\u00fcr Au\u00dfen, Solar Aussenleuchte - Markt-XXL","og_description":"Markt-XXL SIGRILL Solarlampen f\u00fcr Au\u00dfen mit Bewegungsmelder, Solarleuchte f\u00fcr Au\u00dfen Garten mit 3 Modi, IP65 Wasserdicht Solarstrahler f\u00fcr Au\u00dfen, Solar Aussenleuchte","og_url":"https:\/\/marktxxl.de\/markt\/produkt\/sigrill-solarlampen-fuer-aussen-mit-bewegungsmelder-solarleuchte-fuer-aussen-garten-mit-3-modi-ip65-wasserdicht-solarstrahler-fuer-aussen-solar-aussenleuchte\/","og_site_name":"Markt-XXL","twitter_card":"summary_large_image","schema":{"@context":"https:\/\/schema.org","@graph":[{"@type":"WebPage","@id":"https:\/\/marktxxl.de\/markt\/produkt\/sigrill-solarlampen-fuer-aussen-mit-bewegungsmelder-solarleuchte-fuer-aussen-garten-mit-3-modi-ip65-wasserdicht-solarstrahler-fuer-aussen-solar-aussenleuchte\/","url":"https:\/\/marktxxl.de\/markt\/produkt\/sigrill-solarlampen-fuer-aussen-mit-bewegungsmelder-solarleuchte-fuer-aussen-garten-mit-3-modi-ip65-wasserdicht-solarstrahler-fuer-aussen-solar-aussenleuchte\/","name":"SIGRILL Solarlampen f\u00fcr Au\u00dfen mit Bewegungsmelder, Solarleuchte f\u00fcr Au\u00dfen Garten mit 3 Modi, IP65 Wasserdicht Solarstrahler f\u00fcr Au\u00dfen, Solar Aussenleuchte - Markt-XXL","isPartOf":{"@id":"https:\/\/marktxxl.de\/markt\/#website"},"primaryImageOfPage":{"@id":"https:\/\/marktxxl.de\/markt\/produkt\/sigrill-solarlampen-fuer-aussen-mit-bewegungsmelder-solarleuchte-fuer-aussen-garten-mit-3-modi-ip65-wasserdicht-solarstrahler-fuer-aussen-solar-aussenleuchte\/#primaryimage"},"image":{"@id":"https:\/\/marktxxl.de\/markt\/produkt\/sigrill-solarlampen-fuer-aussen-mit-bewegungsmelder-solarleuchte-fuer-aussen-garten-mit-3-modi-ip65-wasserdicht-solarstrahler-fuer-aussen-solar-aussenleuchte\/#primaryimage"},"thumbnailUrl":"https:\/\/m.media-amazon.com\/images\/I\/31PNXH6LlrL._SL500_.jpg","datePublished":"2024-07-28T14:51:50+00:00","description":"Markt-XXL SIGRILL Solarlampen f\u00fcr Au\u00dfen mit Bewegungsmelder, Solarleuchte f\u00fcr Au\u00dfen Garten mit 3 Modi, IP65 Wasserdicht Solarstrahler f\u00fcr Au\u00dfen, Solar Aussenleuchte","breadcrumb":{"@id":"https:\/\/marktxxl.de\/markt\/produkt\/sigrill-solarlampen-fuer-aussen-mit-bewegungsmelder-solarleuchte-fuer-aussen-garten-mit-3-modi-ip65-wasserdicht-solarstrahler-fuer-aussen-solar-aussenleuchte\/#breadcrumb"},"inLanguage":"de","potentialAction":[{"@type":"ReadAction","target":["https:\/\/marktxxl.de\/markt\/produkt\/sigrill-solarlampen-fuer-aussen-mit-bewegungsmelder-solarleuchte-fuer-aussen-garten-mit-3-modi-ip65-wasserdicht-solarstrahler-fuer-aussen-solar-aussenleuchte\/"]}]},{"@type":"ImageObject","inLanguage":"de","@id":"https:\/\/marktxxl.de\/markt\/produkt\/sigrill-solarlampen-fuer-aussen-mit-bewegungsmelder-solarleuchte-fuer-aussen-garten-mit-3-modi-ip65-wasserdicht-solarstrahler-fuer-aussen-solar-aussenleuchte\/#primaryimage","url":"https:\/\/m.media-amazon.com\/images\/I\/31PNXH6LlrL._SL500_.jpg","contentUrl":"https:\/\/m.media-amazon.com\/images\/I\/31PNXH6LlrL._SL500_.jpg","width":500,"height":500},{"@type":"BreadcrumbList","@id":"https:\/\/marktxxl.de\/markt\/produkt\/sigrill-solarlampen-fuer-aussen-mit-bewegungsmelder-solarleuchte-fuer-aussen-garten-mit-3-modi-ip65-wasserdicht-solarstrahler-fuer-aussen-solar-aussenleuchte\/#breadcrumb","itemListElement":[{"@type":"ListItem","position":1,"name":"Startseite","item":"https:\/\/marktxxl.de\/markt\/"},{"@type":"ListItem","position":2,"name":"Markt","item":"https:\/\/marktxxl.de\/markt\/"},{"@type":"ListItem","position":3,"name":"SIGRILL Solarlampen f\u00fcr Au\u00dfen mit Bewegungsmelder, Solarleuchte f\u00fcr Au\u00dfen Garten mit 3 Modi, IP65 Wasserdicht Solarstrahler f\u00fcr Au\u00dfen, Solar Aussenleuchte"}]},{"@type":"WebSite","@id":"https:\/\/marktxxl.de\/markt\/#website","url":"https:\/\/marktxxl.de\/markt\/","name":"Markt-XXL","description":"Ihr Markt Online","publisher":{"@id":"https:\/\/marktxxl.de\/markt\/#organization"},"potentialAction":[{"@type":"SearchAction","target":{"@type":"EntryPoint","urlTemplate":"https:\/\/marktxxl.de\/markt\/?s={search_term_string}"},"query-input":{"@type":"PropertyValueSpecification","valueRequired":true,"valueName":"search_term_string"}}],"inLanguage":"de"},{"@type":"Organization","@id":"https:\/\/marktxxl.de\/markt\/#organization","name":"Markt-XXL","url":"https:\/\/marktxxl.de\/markt\/","logo":{"@type":"ImageObject","inLanguage":"de","@id":"https:\/\/marktxxl.de\/markt\/#\/schema\/logo\/image\/","url":"https:\/\/marktxxl.de\/markt\/wp-content\/uploads\/sites\/3\/2020\/12\/logo.png","contentUrl":"https:\/\/marktxxl.de\/markt\/wp-content\/uploads\/sites\/3\/2020\/12\/logo.png","width":200,"height":70,"caption":"Markt-XXL"},"image":{"@id":"https:\/\/marktxxl.de\/markt\/#\/schema\/logo\/image\/"}}]}},"_links":{"self":[{"href":"https:\/\/marktxxl.de\/markt\/wp-json\/wp\/v2\/product\/222809","targetHints":{"allow":["GET"]}}],"collection":[{"href":"https:\/\/marktxxl.de\/markt\/wp-json\/wp\/v2\/product"}],"about":[{"href":"https:\/\/marktxxl.de\/markt\/wp-json\/wp\/v2\/types\/product"}],"replies":[{"embeddable":true,"href":"https:\/\/marktxxl.de\/markt\/wp-json\/wp\/v2\/comments?post=222809"}],"wp:featuredmedia":[{"embeddable":true,"href":"https:\/\/marktxxl.de\/markt\/wp-json\/wp\/v2\/media\/222810"}],"wp:attachment":[{"href":"https:\/\/marktxxl.de\/markt\/wp-json\/wp\/v2\/media?parent=222809"}],"wp:term":[{"taxonomy":"product_brand","embeddable":true,"href":"https:\/\/marktxxl.de\/markt\/wp-json\/wp\/v2\/product_brand?post=222809"},{"taxonomy":"product_cat","embeddable":true,"href":"https:\/\/marktxxl.de\/markt\/wp-json\/wp\/v2\/product_cat?post=222809"},{"taxonomy":"product_tag","embeddable":true,"href":"https:\/\/marktxxl.de\/markt\/wp-json\/wp\/v2\/product_tag?post=222809"}],"curies":[{"name":"wp","href":"https:\/\/api.w.org\/{rel}","templated":true}]}}