{"id":222792,"date":"2024-07-28T16:51:37","date_gmt":"2024-07-28T14:51:37","guid":{"rendered":"https:\/\/marktxxl.de\/markt\/produkt\/yooshine-solarlampen-fuer-aussen-garten-solarleuchten-fuer-den-aussen-wasserdicht-gartenbeleuchtung-auto-ein-aus-solarlampen-gartendeko-gartenhofgarage-einfahrtterrassenrasenwarmweiss2-stue\/"},"modified":"2024-07-28T16:51:37","modified_gmt":"2024-07-28T14:51:37","slug":"yooshine-solarlampen-fuer-aussen-garten-solarleuchten-fuer-den-aussen-wasserdicht-gartenbeleuchtung-auto-ein-aus-solarlampen-gartendeko-gartenhofgarage-einfahrtterrassenrasenwarmweiss2-stue","status":"publish","type":"product","link":"https:\/\/marktxxl.de\/markt\/produkt\/yooshine-solarlampen-fuer-aussen-garten-solarleuchten-fuer-den-aussen-wasserdicht-gartenbeleuchtung-auto-ein-aus-solarlampen-gartendeko-gartenhofgarage-einfahrtterrassenrasenwarmweiss2-stue\/","title":{"rendered":"YooShine Solarlampen f\u00fcr Au\u00dfen Garten :Solarleuchten f\u00fcr den Au\u00dfen, Wasserdicht Gartenbeleuchtung, Auto Ein\/Aus Solarlampen garten,deko Garten,Hof,Garage, Einfahrt,Terrassen,Rasen,Warmwei\u00df,2 St\u00fcck"},"content":{"rendered":"<p>\u3010Umweltfreundliche Solarleuchten f\u00fcr den Au\u00dfenbereich\u3011Die Solarlampen laden sich tags\u00fcber durch Sonneneinstrahlung f\u00fcr 6-8 Stunden auf und leuchten nachts automatisch f\u00fcr 8-10 Stunden. Sie nutzen saubere Solarenergie, eliminieren Stromkosten und tragen nicht nur zum Umweltschutz bei, sondern k\u00f6nnen auch den Energieverbrauch im Haushalt reduzieren.<br \/>\n\u3010Beleuchtung und Dekoration in einem\u3011Die Solar Gartenleuchten verf\u00fcgen \u00fcber ein einzigartiges Design mit transparenten Linsen und warmwei\u00dfem 3000K Wolframlicht, das eine wundervolle Beleuchtungsatmosph\u00e4re im Au\u00dfenbereich schafft. Sie erhellen Ihren Weg, verleihen kalten N\u00e4chten W\u00e4rme, setzen Akzente im Au\u00dfenbereich und verbessern die Dekoration Ihres Hauses.<br \/>\n\u3010Wasserdichte Solarleuchten f\u00fcr den Garten\u3011Die wetterfesten Solarlampen sind mit hocheffizienter Abdichtung und Wasserbest\u00e4ndigkeit ausgestattet, um verschiedenen Wetterbedingungen standzuhalten. Sie verhindern das Eindringen von Regenwasser und sch\u00fctzen die Leuchten vor Feuchtigkeitssch\u00e4den, was ihre Lebensdauer verl\u00e4ngert. Perfekt geeignet f\u00fcr Gehwege, Wegen, G\u00e4rten, Rasenfl\u00e4chen, Terrassen, Landschaftsg\u00e4rten und H\u00f6fe.<br \/>\n\u3010Einfache Installation\u3011Die Solarlampen lassen sich m\u00fchelos in den Boden stecken, ohne komplizierte Verkabelungen oder Werkzeuge. Die Position und Ausrichtung der Gartenbeleuchtung k\u00f6nnen individuell angepasst werden. Einfach zu installieren und zu bedienen.<br \/>\n<div class=\"main-cross-sell\" data-asin=\"B0CPPHMXXH\">\n\n\t<div class=\"WooZone-cross-sell-loader\">\n\t\t<div>\n\t\t\t<div id=\"floatingBarsG\">\n\t\t\t\t<div class=\"blockG\" id=\"rotateG_01\"><\/div>\n\t\t\t\t<div class=\"blockG\" id=\"rotateG_02\"><\/div>\n\t\t\t\t<div class=\"blockG\" id=\"rotateG_03\"><\/div>\n\t\t\t\t<div class=\"blockG\" id=\"rotateG_04\"><\/div>\n\t\t\t\t<div class=\"blockG\" id=\"rotateG_05\"><\/div>\n\t\t\t\t<div class=\"blockG\" id=\"rotateG_06\"><\/div>\n\t\t\t\t<div class=\"blockG\" id=\"rotateG_07\"><\/div>\n\t\t\t\t<div class=\"blockG\" id=\"rotateG_08\"><\/div>\n\t\t\t<\/div>\n\t\t\t<div class=\"WooZone-cross-sell-loader-text\"><\/div>\n\t\t<\/div>\n\t<\/div>\n\n\t\t\n<\/div>\n<div style=\"clear:both;\"><\/div><\/p>\n","protected":false},"excerpt":{"rendered":"<p>\u3010Umweltfreundliche Solarleuchten f\u00fcr den Au\u00dfenbereich\u3011Die Solarlampen laden sich tags\u00fcber durch Sonneneinstrahlung f\u00fcr 6-8 Stunden auf und leuchten nachts automatisch f\u00fcr 8-10 Stunden. Sie nutzen saubere Solarenergie, eliminieren Stromkosten und tragen nicht nur zum Umweltschutz bei, sondern k\u00f6nnen auch den Energieverbrauch im Haushalt reduzieren.<br \/>\n\u3010Beleuchtung und Dekoration in einem\u3011Die Solar Gartenleuchten verf\u00fcgen \u00fcber ein einzigartiges Design mit transparenten Linsen und warmwei\u00dfem 3000K Wolframlicht, das eine wundervolle Beleuchtungsatmosph\u00e4re im Au\u00dfenbereich schafft. Sie erhellen Ihren Weg, verleihen kalten N\u00e4chten W\u00e4rme, setzen Akzente im Au\u00dfenbereich und verbessern die Dekoration Ihres Hauses.<br \/>\n\u3010Wasserdichte Solarleuchten f\u00fcr den Garten\u3011Die wetterfesten Solarlampen sind mit hocheffizienter Abdichtung und Wasserbest\u00e4ndigkeit ausgestattet, um verschiedenen Wetterbedingungen standzuhalten. Sie verhindern das Eindringen von Regenwasser und sch\u00fctzen die Leuchten vor Feuchtigkeitssch\u00e4den, was ihre Lebensdauer verl\u00e4ngert. Perfekt geeignet f\u00fcr Gehwege, Wegen, G\u00e4rten, Rasenfl\u00e4chen, Terrassen, Landschaftsg\u00e4rten und H\u00f6fe.<\/p>\n","protected":false},"featured_media":222793,"comment_status":"open","ping_status":"closed","template":"","meta":[],"product_brand":[],"product_cat":[11446,2108],"product_tag":[],"class_list":{"0":"post-222792","1":"product","2":"type-product","3":"status-publish","4":"has-post-thumbnail","6":"product_cat-aussenbeleuchtung","7":"product_cat-beleuchtung","8":"pa_brand-yooshine","9":"pa_height-17-716535415-zoll","10":"pa_length-4-330708657-zoll","11":"pa_manufacturer-yooshine","12":"pa_model-pw-t-007","13":"pa_width-4-330708657-zoll","15":"first","16":"instock","17":"sale","18":"shipping-taxable","19":"purchasable","20":"product-type-simple","21":"customify-col","22":"product-has-gallery"},"yoast_head":"<!-- This site is optimized with the Yoast SEO plugin v27.4 - https:\/\/yoast.com\/product\/yoast-seo-wordpress\/ -->\n<title>YooShine Solarlampen f\u00fcr Au\u00dfen Garten :Solarleuchten f\u00fcr den Au\u00dfen, Wasserdicht Gartenbeleuchtung, Auto Ein\/Aus Solarlampen garten,deko Garten,Hof,Garage, Einfahrt,Terrassen,Rasen,Warmwei\u00df,2 St\u00fcck - Markt-XXL<\/title>\n<meta name=\"description\" content=\"Markt-XXL YooShine Solarlampen f\u00fcr Au\u00dfen Garten :Solarleuchten f\u00fcr den Au\u00dfen, Wasserdicht Gartenbeleuchtung, Auto Ein\/Aus Solarlampen garten,deko Garten,Hof,Garage, Einfahrt,Terrassen,Rasen,Warmwei\u00df,2 St\u00fcck\" \/>\n<meta name=\"robots\" content=\"index, follow, max-snippet:-1, max-image-preview:large, max-video-preview:-1\" \/>\n<link rel=\"canonical\" href=\"https:\/\/marktxxl.de\/markt\/produkt\/yooshine-solarlampen-fuer-aussen-garten-solarleuchten-fuer-den-aussen-wasserdicht-gartenbeleuchtung-auto-ein-aus-solarlampen-gartendeko-gartenhofgarage-einfahrtterrassenrasenwarmweiss2-stue\/\" \/>\n<meta property=\"og:locale\" content=\"de_DE\" \/>\n<meta property=\"og:type\" content=\"article\" \/>\n<meta property=\"og:title\" content=\"YooShine Solarlampen f\u00fcr Au\u00dfen Garten :Solarleuchten f\u00fcr den Au\u00dfen, Wasserdicht Gartenbeleuchtung, Auto Ein\/Aus Solarlampen garten,deko Garten,Hof,Garage, Einfahrt,Terrassen,Rasen,Warmwei\u00df,2 St\u00fcck - Markt-XXL\" \/>\n<meta property=\"og:description\" content=\"Markt-XXL YooShine Solarlampen f\u00fcr Au\u00dfen Garten :Solarleuchten f\u00fcr den Au\u00dfen, Wasserdicht Gartenbeleuchtung, Auto Ein\/Aus Solarlampen garten,deko Garten,Hof,Garage, Einfahrt,Terrassen,Rasen,Warmwei\u00df,2 St\u00fcck\" \/>\n<meta property=\"og:url\" content=\"https:\/\/marktxxl.de\/markt\/produkt\/yooshine-solarlampen-fuer-aussen-garten-solarleuchten-fuer-den-aussen-wasserdicht-gartenbeleuchtung-auto-ein-aus-solarlampen-gartendeko-gartenhofgarage-einfahrtterrassenrasenwarmweiss2-stue\/\" \/>\n<meta property=\"og:site_name\" content=\"Markt-XXL\" \/>\n<meta name=\"twitter:card\" content=\"summary_large_image\" \/>\n<meta name=\"twitter:label1\" content=\"Gesch\u00e4tzte Lesezeit\" \/>\n\t<meta name=\"twitter:data1\" content=\"1\u00a0Minute\" \/>\n<script type=\"application\/ld+json\" class=\"yoast-schema-graph\">{\"@context\":\"https:\\\/\\\/schema.org\",\"@graph\":[{\"@type\":\"WebPage\",\"@id\":\"https:\\\/\\\/marktxxl.de\\\/markt\\\/produkt\\\/yooshine-solarlampen-fuer-aussen-garten-solarleuchten-fuer-den-aussen-wasserdicht-gartenbeleuchtung-auto-ein-aus-solarlampen-gartendeko-gartenhofgarage-einfahrtterrassenrasenwarmweiss2-stue\\\/\",\"url\":\"https:\\\/\\\/marktxxl.de\\\/markt\\\/produkt\\\/yooshine-solarlampen-fuer-aussen-garten-solarleuchten-fuer-den-aussen-wasserdicht-gartenbeleuchtung-auto-ein-aus-solarlampen-gartendeko-gartenhofgarage-einfahrtterrassenrasenwarmweiss2-stue\\\/\",\"name\":\"YooShine Solarlampen f\u00fcr Au\u00dfen Garten :Solarleuchten f\u00fcr den Au\u00dfen, Wasserdicht Gartenbeleuchtung, Auto Ein\\\/Aus Solarlampen garten,deko Garten,Hof,Garage, Einfahrt,Terrassen,Rasen,Warmwei\u00df,2 St\u00fcck - Markt-XXL\",\"isPartOf\":{\"@id\":\"https:\\\/\\\/marktxxl.de\\\/markt\\\/#website\"},\"primaryImageOfPage\":{\"@id\":\"https:\\\/\\\/marktxxl.de\\\/markt\\\/produkt\\\/yooshine-solarlampen-fuer-aussen-garten-solarleuchten-fuer-den-aussen-wasserdicht-gartenbeleuchtung-auto-ein-aus-solarlampen-gartendeko-gartenhofgarage-einfahrtterrassenrasenwarmweiss2-stue\\\/#primaryimage\"},\"image\":{\"@id\":\"https:\\\/\\\/marktxxl.de\\\/markt\\\/produkt\\\/yooshine-solarlampen-fuer-aussen-garten-solarleuchten-fuer-den-aussen-wasserdicht-gartenbeleuchtung-auto-ein-aus-solarlampen-gartendeko-gartenhofgarage-einfahrtterrassenrasenwarmweiss2-stue\\\/#primaryimage\"},\"thumbnailUrl\":\"https:\\\/\\\/m.media-amazon.com\\\/images\\\/I\\\/51aYi209S1L._SL500_.jpg\",\"datePublished\":\"2024-07-28T14:51:37+00:00\",\"description\":\"Markt-XXL YooShine Solarlampen f\u00fcr Au\u00dfen Garten :Solarleuchten f\u00fcr den Au\u00dfen, Wasserdicht Gartenbeleuchtung, Auto Ein\\\/Aus Solarlampen garten,deko Garten,Hof,Garage, Einfahrt,Terrassen,Rasen,Warmwei\u00df,2 St\u00fcck\",\"breadcrumb\":{\"@id\":\"https:\\\/\\\/marktxxl.de\\\/markt\\\/produkt\\\/yooshine-solarlampen-fuer-aussen-garten-solarleuchten-fuer-den-aussen-wasserdicht-gartenbeleuchtung-auto-ein-aus-solarlampen-gartendeko-gartenhofgarage-einfahrtterrassenrasenwarmweiss2-stue\\\/#breadcrumb\"},\"inLanguage\":\"de\",\"potentialAction\":[{\"@type\":\"ReadAction\",\"target\":[\"https:\\\/\\\/marktxxl.de\\\/markt\\\/produkt\\\/yooshine-solarlampen-fuer-aussen-garten-solarleuchten-fuer-den-aussen-wasserdicht-gartenbeleuchtung-auto-ein-aus-solarlampen-gartendeko-gartenhofgarage-einfahrtterrassenrasenwarmweiss2-stue\\\/\"]}]},{\"@type\":\"ImageObject\",\"inLanguage\":\"de\",\"@id\":\"https:\\\/\\\/marktxxl.de\\\/markt\\\/produkt\\\/yooshine-solarlampen-fuer-aussen-garten-solarleuchten-fuer-den-aussen-wasserdicht-gartenbeleuchtung-auto-ein-aus-solarlampen-gartendeko-gartenhofgarage-einfahrtterrassenrasenwarmweiss2-stue\\\/#primaryimage\",\"url\":\"https:\\\/\\\/m.media-amazon.com\\\/images\\\/I\\\/51aYi209S1L._SL500_.jpg\",\"contentUrl\":\"https:\\\/\\\/m.media-amazon.com\\\/images\\\/I\\\/51aYi209S1L._SL500_.jpg\",\"width\":500,\"height\":500},{\"@type\":\"BreadcrumbList\",\"@id\":\"https:\\\/\\\/marktxxl.de\\\/markt\\\/produkt\\\/yooshine-solarlampen-fuer-aussen-garten-solarleuchten-fuer-den-aussen-wasserdicht-gartenbeleuchtung-auto-ein-aus-solarlampen-gartendeko-gartenhofgarage-einfahrtterrassenrasenwarmweiss2-stue\\\/#breadcrumb\",\"itemListElement\":[{\"@type\":\"ListItem\",\"position\":1,\"name\":\"Startseite\",\"item\":\"https:\\\/\\\/marktxxl.de\\\/markt\\\/\"},{\"@type\":\"ListItem\",\"position\":2,\"name\":\"Markt\",\"item\":\"https:\\\/\\\/marktxxl.de\\\/markt\\\/\"},{\"@type\":\"ListItem\",\"position\":3,\"name\":\"YooShine Solarlampen f\u00fcr Au\u00dfen Garten :Solarleuchten f\u00fcr den Au\u00dfen, Wasserdicht Gartenbeleuchtung, Auto Ein\\\/Aus Solarlampen garten,deko Garten,Hof,Garage, Einfahrt,Terrassen,Rasen,Warmwei\u00df,2 St\u00fcck\"}]},{\"@type\":\"WebSite\",\"@id\":\"https:\\\/\\\/marktxxl.de\\\/markt\\\/#website\",\"url\":\"https:\\\/\\\/marktxxl.de\\\/markt\\\/\",\"name\":\"Markt-XXL\",\"description\":\"Ihr Markt Online\",\"publisher\":{\"@id\":\"https:\\\/\\\/marktxxl.de\\\/markt\\\/#organization\"},\"potentialAction\":[{\"@type\":\"SearchAction\",\"target\":{\"@type\":\"EntryPoint\",\"urlTemplate\":\"https:\\\/\\\/marktxxl.de\\\/markt\\\/?s={search_term_string}\"},\"query-input\":{\"@type\":\"PropertyValueSpecification\",\"valueRequired\":true,\"valueName\":\"search_term_string\"}}],\"inLanguage\":\"de\"},{\"@type\":\"Organization\",\"@id\":\"https:\\\/\\\/marktxxl.de\\\/markt\\\/#organization\",\"name\":\"Markt-XXL\",\"url\":\"https:\\\/\\\/marktxxl.de\\\/markt\\\/\",\"logo\":{\"@type\":\"ImageObject\",\"inLanguage\":\"de\",\"@id\":\"https:\\\/\\\/marktxxl.de\\\/markt\\\/#\\\/schema\\\/logo\\\/image\\\/\",\"url\":\"https:\\\/\\\/marktxxl.de\\\/markt\\\/wp-content\\\/uploads\\\/sites\\\/3\\\/2020\\\/12\\\/logo.png\",\"contentUrl\":\"https:\\\/\\\/marktxxl.de\\\/markt\\\/wp-content\\\/uploads\\\/sites\\\/3\\\/2020\\\/12\\\/logo.png\",\"width\":200,\"height\":70,\"caption\":\"Markt-XXL\"},\"image\":{\"@id\":\"https:\\\/\\\/marktxxl.de\\\/markt\\\/#\\\/schema\\\/logo\\\/image\\\/\"}}]}<\/script>\n<!-- \/ Yoast SEO plugin. -->","yoast_head_json":{"title":"YooShine Solarlampen f\u00fcr Au\u00dfen Garten :Solarleuchten f\u00fcr den Au\u00dfen, Wasserdicht Gartenbeleuchtung, Auto Ein\/Aus Solarlampen garten,deko Garten,Hof,Garage, Einfahrt,Terrassen,Rasen,Warmwei\u00df,2 St\u00fcck - Markt-XXL","description":"Markt-XXL YooShine Solarlampen f\u00fcr Au\u00dfen Garten :Solarleuchten f\u00fcr den Au\u00dfen, Wasserdicht Gartenbeleuchtung, Auto Ein\/Aus Solarlampen garten,deko Garten,Hof,Garage, Einfahrt,Terrassen,Rasen,Warmwei\u00df,2 St\u00fcck","robots":{"index":"index","follow":"follow","max-snippet":"max-snippet:-1","max-image-preview":"max-image-preview:large","max-video-preview":"max-video-preview:-1"},"canonical":"https:\/\/marktxxl.de\/markt\/produkt\/yooshine-solarlampen-fuer-aussen-garten-solarleuchten-fuer-den-aussen-wasserdicht-gartenbeleuchtung-auto-ein-aus-solarlampen-gartendeko-gartenhofgarage-einfahrtterrassenrasenwarmweiss2-stue\/","og_locale":"de_DE","og_type":"article","og_title":"YooShine Solarlampen f\u00fcr Au\u00dfen Garten :Solarleuchten f\u00fcr den Au\u00dfen, Wasserdicht Gartenbeleuchtung, Auto Ein\/Aus Solarlampen garten,deko Garten,Hof,Garage, Einfahrt,Terrassen,Rasen,Warmwei\u00df,2 St\u00fcck - Markt-XXL","og_description":"Markt-XXL YooShine Solarlampen f\u00fcr Au\u00dfen Garten :Solarleuchten f\u00fcr den Au\u00dfen, Wasserdicht Gartenbeleuchtung, Auto Ein\/Aus Solarlampen garten,deko Garten,Hof,Garage, Einfahrt,Terrassen,Rasen,Warmwei\u00df,2 St\u00fcck","og_url":"https:\/\/marktxxl.de\/markt\/produkt\/yooshine-solarlampen-fuer-aussen-garten-solarleuchten-fuer-den-aussen-wasserdicht-gartenbeleuchtung-auto-ein-aus-solarlampen-gartendeko-gartenhofgarage-einfahrtterrassenrasenwarmweiss2-stue\/","og_site_name":"Markt-XXL","twitter_card":"summary_large_image","twitter_misc":{"Gesch\u00e4tzte Lesezeit":"1\u00a0Minute"},"schema":{"@context":"https:\/\/schema.org","@graph":[{"@type":"WebPage","@id":"https:\/\/marktxxl.de\/markt\/produkt\/yooshine-solarlampen-fuer-aussen-garten-solarleuchten-fuer-den-aussen-wasserdicht-gartenbeleuchtung-auto-ein-aus-solarlampen-gartendeko-gartenhofgarage-einfahrtterrassenrasenwarmweiss2-stue\/","url":"https:\/\/marktxxl.de\/markt\/produkt\/yooshine-solarlampen-fuer-aussen-garten-solarleuchten-fuer-den-aussen-wasserdicht-gartenbeleuchtung-auto-ein-aus-solarlampen-gartendeko-gartenhofgarage-einfahrtterrassenrasenwarmweiss2-stue\/","name":"YooShine Solarlampen f\u00fcr Au\u00dfen Garten :Solarleuchten f\u00fcr den Au\u00dfen, Wasserdicht Gartenbeleuchtung, Auto Ein\/Aus Solarlampen garten,deko Garten,Hof,Garage, Einfahrt,Terrassen,Rasen,Warmwei\u00df,2 St\u00fcck - Markt-XXL","isPartOf":{"@id":"https:\/\/marktxxl.de\/markt\/#website"},"primaryImageOfPage":{"@id":"https:\/\/marktxxl.de\/markt\/produkt\/yooshine-solarlampen-fuer-aussen-garten-solarleuchten-fuer-den-aussen-wasserdicht-gartenbeleuchtung-auto-ein-aus-solarlampen-gartendeko-gartenhofgarage-einfahrtterrassenrasenwarmweiss2-stue\/#primaryimage"},"image":{"@id":"https:\/\/marktxxl.de\/markt\/produkt\/yooshine-solarlampen-fuer-aussen-garten-solarleuchten-fuer-den-aussen-wasserdicht-gartenbeleuchtung-auto-ein-aus-solarlampen-gartendeko-gartenhofgarage-einfahrtterrassenrasenwarmweiss2-stue\/#primaryimage"},"thumbnailUrl":"https:\/\/m.media-amazon.com\/images\/I\/51aYi209S1L._SL500_.jpg","datePublished":"2024-07-28T14:51:37+00:00","description":"Markt-XXL YooShine Solarlampen f\u00fcr Au\u00dfen Garten :Solarleuchten f\u00fcr den Au\u00dfen, Wasserdicht Gartenbeleuchtung, Auto Ein\/Aus Solarlampen garten,deko Garten,Hof,Garage, Einfahrt,Terrassen,Rasen,Warmwei\u00df,2 St\u00fcck","breadcrumb":{"@id":"https:\/\/marktxxl.de\/markt\/produkt\/yooshine-solarlampen-fuer-aussen-garten-solarleuchten-fuer-den-aussen-wasserdicht-gartenbeleuchtung-auto-ein-aus-solarlampen-gartendeko-gartenhofgarage-einfahrtterrassenrasenwarmweiss2-stue\/#breadcrumb"},"inLanguage":"de","potentialAction":[{"@type":"ReadAction","target":["https:\/\/marktxxl.de\/markt\/produkt\/yooshine-solarlampen-fuer-aussen-garten-solarleuchten-fuer-den-aussen-wasserdicht-gartenbeleuchtung-auto-ein-aus-solarlampen-gartendeko-gartenhofgarage-einfahrtterrassenrasenwarmweiss2-stue\/"]}]},{"@type":"ImageObject","inLanguage":"de","@id":"https:\/\/marktxxl.de\/markt\/produkt\/yooshine-solarlampen-fuer-aussen-garten-solarleuchten-fuer-den-aussen-wasserdicht-gartenbeleuchtung-auto-ein-aus-solarlampen-gartendeko-gartenhofgarage-einfahrtterrassenrasenwarmweiss2-stue\/#primaryimage","url":"https:\/\/m.media-amazon.com\/images\/I\/51aYi209S1L._SL500_.jpg","contentUrl":"https:\/\/m.media-amazon.com\/images\/I\/51aYi209S1L._SL500_.jpg","width":500,"height":500},{"@type":"BreadcrumbList","@id":"https:\/\/marktxxl.de\/markt\/produkt\/yooshine-solarlampen-fuer-aussen-garten-solarleuchten-fuer-den-aussen-wasserdicht-gartenbeleuchtung-auto-ein-aus-solarlampen-gartendeko-gartenhofgarage-einfahrtterrassenrasenwarmweiss2-stue\/#breadcrumb","itemListElement":[{"@type":"ListItem","position":1,"name":"Startseite","item":"https:\/\/marktxxl.de\/markt\/"},{"@type":"ListItem","position":2,"name":"Markt","item":"https:\/\/marktxxl.de\/markt\/"},{"@type":"ListItem","position":3,"name":"YooShine Solarlampen f\u00fcr Au\u00dfen Garten :Solarleuchten f\u00fcr den Au\u00dfen, Wasserdicht Gartenbeleuchtung, Auto Ein\/Aus Solarlampen garten,deko Garten,Hof,Garage, Einfahrt,Terrassen,Rasen,Warmwei\u00df,2 St\u00fcck"}]},{"@type":"WebSite","@id":"https:\/\/marktxxl.de\/markt\/#website","url":"https:\/\/marktxxl.de\/markt\/","name":"Markt-XXL","description":"Ihr Markt Online","publisher":{"@id":"https:\/\/marktxxl.de\/markt\/#organization"},"potentialAction":[{"@type":"SearchAction","target":{"@type":"EntryPoint","urlTemplate":"https:\/\/marktxxl.de\/markt\/?s={search_term_string}"},"query-input":{"@type":"PropertyValueSpecification","valueRequired":true,"valueName":"search_term_string"}}],"inLanguage":"de"},{"@type":"Organization","@id":"https:\/\/marktxxl.de\/markt\/#organization","name":"Markt-XXL","url":"https:\/\/marktxxl.de\/markt\/","logo":{"@type":"ImageObject","inLanguage":"de","@id":"https:\/\/marktxxl.de\/markt\/#\/schema\/logo\/image\/","url":"https:\/\/marktxxl.de\/markt\/wp-content\/uploads\/sites\/3\/2020\/12\/logo.png","contentUrl":"https:\/\/marktxxl.de\/markt\/wp-content\/uploads\/sites\/3\/2020\/12\/logo.png","width":200,"height":70,"caption":"Markt-XXL"},"image":{"@id":"https:\/\/marktxxl.de\/markt\/#\/schema\/logo\/image\/"}}]}},"_links":{"self":[{"href":"https:\/\/marktxxl.de\/markt\/wp-json\/wp\/v2\/product\/222792","targetHints":{"allow":["GET"]}}],"collection":[{"href":"https:\/\/marktxxl.de\/markt\/wp-json\/wp\/v2\/product"}],"about":[{"href":"https:\/\/marktxxl.de\/markt\/wp-json\/wp\/v2\/types\/product"}],"replies":[{"embeddable":true,"href":"https:\/\/marktxxl.de\/markt\/wp-json\/wp\/v2\/comments?post=222792"}],"wp:featuredmedia":[{"embeddable":true,"href":"https:\/\/marktxxl.de\/markt\/wp-json\/wp\/v2\/media\/222793"}],"wp:attachment":[{"href":"https:\/\/marktxxl.de\/markt\/wp-json\/wp\/v2\/media?parent=222792"}],"wp:term":[{"taxonomy":"product_brand","embeddable":true,"href":"https:\/\/marktxxl.de\/markt\/wp-json\/wp\/v2\/product_brand?post=222792"},{"taxonomy":"product_cat","embeddable":true,"href":"https:\/\/marktxxl.de\/markt\/wp-json\/wp\/v2\/product_cat?post=222792"},{"taxonomy":"product_tag","embeddable":true,"href":"https:\/\/marktxxl.de\/markt\/wp-json\/wp\/v2\/product_tag?post=222792"}],"curies":[{"name":"wp","href":"https:\/\/api.w.org\/{rel}","templated":true}]}}