{"id":222737,"date":"2024-07-28T16:46:47","date_gmt":"2024-07-28T14:46:47","guid":{"rendered":"https:\/\/marktxxl.de\/markt\/produkt\/festive-lights-solarbetriebene-kuehle-flamme-outdoor-haengende-laterne-rote-flecken-glas-effekt-heissluftballon-licht-mit-griff\/"},"modified":"2024-07-28T16:46:47","modified_gmt":"2024-07-28T14:46:47","slug":"festive-lights-solarbetriebene-kuehle-flamme-outdoor-haengende-laterne-rote-flecken-glas-effekt-heissluftballon-licht-mit-griff","status":"publish","type":"product","link":"https:\/\/marktxxl.de\/markt\/produkt\/festive-lights-solarbetriebene-kuehle-flamme-outdoor-haengende-laterne-rote-flecken-glas-effekt-heissluftballon-licht-mit-griff\/","title":{"rendered":"Festive Lights &#8211; Solarbetriebene k\u00fchle Flamme Outdoor H\u00e4ngende Laterne \u2013 rote Flecken-Glas-Effekt-Hei\u00dfluftballon-Licht mit Griff"},"content":{"rendered":"<p>Gartenlaterne \u2013 Charmant und einzigartig, dieses neuartige Solarlicht von Hei\u00dfluftballon wird Sie diesen Sommer von einer Veranda oder Pergola aufstellen oder auf einer Tischplatte stehen. Diese erstaunliche Dekoration verf\u00fcgt \u00fcber ein charmantes Design und wird einen Blickfang in jedem Garten schaffen.<br \/>\nWillkommener Garten-Charme \u2013 Diese verspielte Solarleuchte ist aus leichtem Kunststoff und kommt mit der traditionellen Hei\u00dfluftballon-Form und einem entz\u00fcckenden passenden Korb, der unten h\u00e4ngt, um den Look zu vervollst\u00e4ndigen<br \/>\nSolarbetrieben \u2013 die Laterne selbst wird mit einem wiederaufladbaren solarbetriebenen Akku an der Oberseite der Leuchte geliefert, was bedeutet, dass Sie die Freiheit haben, Ihre neue Gartendekoration \u00fcberall dort aufzuh\u00e4ngen, wo sie zu Ihrem Stil passt. Stellen Sie einfach sicher, dass es in einem gut beleuchteten Bereich mit einfachem Zugang zu regelm\u00e4\u00dfiger Sonneneinstrahlung platziert wird, um sicherzustellen, dass Ihr Licht hell leuchtet<br \/>\nProduktma\u00dfe: 44 cm (H) x 13,8 cm (B) x 13,8 cm (T)<br \/>\nBestellen Sie noch heute mit 12 Monaten Schutz \u2013 Wir bem\u00fchen uns, die besten Outdoor-Laternen zu liefern. Deshalb bieten wir Ihnen eine 12-monatige Garantie auf alle unsere Produkte f\u00fcr Ihren Seelenfrieden<br \/>\n<div class=\"main-cross-sell\" data-asin=\"B0BWSC991Z\">\n\n\t<div class=\"WooZone-cross-sell-loader\">\n\t\t<div>\n\t\t\t<div id=\"floatingBarsG\">\n\t\t\t\t<div class=\"blockG\" id=\"rotateG_01\"><\/div>\n\t\t\t\t<div class=\"blockG\" id=\"rotateG_02\"><\/div>\n\t\t\t\t<div class=\"blockG\" id=\"rotateG_03\"><\/div>\n\t\t\t\t<div class=\"blockG\" id=\"rotateG_04\"><\/div>\n\t\t\t\t<div class=\"blockG\" id=\"rotateG_05\"><\/div>\n\t\t\t\t<div class=\"blockG\" id=\"rotateG_06\"><\/div>\n\t\t\t\t<div class=\"blockG\" id=\"rotateG_07\"><\/div>\n\t\t\t\t<div class=\"blockG\" id=\"rotateG_08\"><\/div>\n\t\t\t<\/div>\n\t\t\t<div class=\"WooZone-cross-sell-loader-text\"><\/div>\n\t\t<\/div>\n\t<\/div>\n\n\t\t\n<\/div>\n<div style=\"clear:both;\"><\/div><\/p>\n","protected":false},"excerpt":{"rendered":"<p>Gartenlaterne \u2013 Charmant und einzigartig, dieses neuartige Solarlicht von Hei\u00dfluftballon wird Sie diesen Sommer von einer Veranda oder Pergola aufstellen oder auf einer Tischplatte stehen. Diese erstaunliche Dekoration verf\u00fcgt \u00fcber ein charmantes Design und wird einen Blickfang in jedem Garten schaffen.<br \/>\nWillkommener Garten-Charme \u2013 Diese verspielte Solarleuchte ist aus leichtem Kunststoff und kommt mit der traditionellen Hei\u00dfluftballon-Form und einem entz\u00fcckenden passenden Korb, der unten h\u00e4ngt, um den Look zu vervollst\u00e4ndigen<br \/>\nSolarbetrieben \u2013 die Laterne selbst wird mit einem wiederaufladbaren solarbetriebenen Akku an der Oberseite der Leuchte geliefert, was bedeutet, dass Sie die Freiheit haben, Ihre neue Gartendekoration \u00fcberall dort aufzuh\u00e4ngen, wo sie zu Ihrem Stil passt. Stellen Sie einfach sicher, dass es in einem gut beleuchteten Bereich mit einfachem Zugang zu regelm\u00e4\u00dfiger Sonneneinstrahlung platziert wird, um sicherzustellen, dass Ihr Licht hell leuchtet<\/p>\n","protected":false},"featured_media":222738,"comment_status":"open","ping_status":"closed","template":"","meta":[],"product_brand":[],"product_cat":[11446,2108],"product_tag":[],"class_list":{"0":"post-222737","1":"product","2":"type-product","3":"status-publish","4":"has-post-thumbnail","6":"product_cat-aussenbeleuchtung","7":"product_cat-beleuchtung","8":"pa_brand-festive-lights","9":"pa_color-rot","10":"pa_height-17-322834628-zoll","11":"pa_length-5-4330708606-zoll","12":"pa_manufacturer-festive-lights","13":"pa_model-1080079uk","14":"pa_width-5-4330708606-zoll","16":"first","17":"instock","18":"shipping-taxable","19":"purchasable","20":"product-type-simple","21":"customify-col","22":"product-has-gallery"},"yoast_head":"<!-- This site is optimized with the Yoast SEO plugin v27.3 - https:\/\/yoast.com\/product\/yoast-seo-wordpress\/ -->\n<title>Festive Lights - Solarbetriebene k\u00fchle Flamme Outdoor H\u00e4ngende Laterne \u2013 rote Flecken-Glas-Effekt-Hei\u00dfluftballon-Licht mit Griff - Markt-XXL<\/title>\n<meta name=\"description\" content=\"Markt-XXL Festive Lights - Solarbetriebene k\u00fchle Flamme Outdoor H\u00e4ngende Laterne \u2013 rote Flecken-Glas-Effekt-Hei\u00dfluftballon-Licht mit Griff\" \/>\n<meta name=\"robots\" content=\"index, follow, max-snippet:-1, max-image-preview:large, max-video-preview:-1\" \/>\n<link rel=\"canonical\" href=\"https:\/\/marktxxl.de\/markt\/produkt\/festive-lights-solarbetriebene-kuehle-flamme-outdoor-haengende-laterne-rote-flecken-glas-effekt-heissluftballon-licht-mit-griff\/\" \/>\n<meta property=\"og:locale\" content=\"de_DE\" \/>\n<meta property=\"og:type\" content=\"article\" \/>\n<meta property=\"og:title\" content=\"Festive Lights - Solarbetriebene k\u00fchle Flamme Outdoor H\u00e4ngende Laterne \u2013 rote Flecken-Glas-Effekt-Hei\u00dfluftballon-Licht mit Griff - Markt-XXL\" \/>\n<meta property=\"og:description\" content=\"Markt-XXL Festive Lights - Solarbetriebene k\u00fchle Flamme Outdoor H\u00e4ngende Laterne \u2013 rote Flecken-Glas-Effekt-Hei\u00dfluftballon-Licht mit Griff\" \/>\n<meta property=\"og:url\" content=\"https:\/\/marktxxl.de\/markt\/produkt\/festive-lights-solarbetriebene-kuehle-flamme-outdoor-haengende-laterne-rote-flecken-glas-effekt-heissluftballon-licht-mit-griff\/\" \/>\n<meta property=\"og:site_name\" content=\"Markt-XXL\" \/>\n<meta name=\"twitter:card\" content=\"summary_large_image\" \/>\n<meta name=\"twitter:label1\" content=\"Gesch\u00e4tzte Lesezeit\" \/>\n\t<meta name=\"twitter:data1\" content=\"1\u00a0Minute\" \/>\n<script type=\"application\/ld+json\" class=\"yoast-schema-graph\">{\"@context\":\"https:\\\/\\\/schema.org\",\"@graph\":[{\"@type\":\"WebPage\",\"@id\":\"https:\\\/\\\/marktxxl.de\\\/markt\\\/produkt\\\/festive-lights-solarbetriebene-kuehle-flamme-outdoor-haengende-laterne-rote-flecken-glas-effekt-heissluftballon-licht-mit-griff\\\/\",\"url\":\"https:\\\/\\\/marktxxl.de\\\/markt\\\/produkt\\\/festive-lights-solarbetriebene-kuehle-flamme-outdoor-haengende-laterne-rote-flecken-glas-effekt-heissluftballon-licht-mit-griff\\\/\",\"name\":\"Festive Lights - Solarbetriebene k\u00fchle Flamme Outdoor H\u00e4ngende Laterne \u2013 rote Flecken-Glas-Effekt-Hei\u00dfluftballon-Licht mit Griff - Markt-XXL\",\"isPartOf\":{\"@id\":\"https:\\\/\\\/marktxxl.de\\\/markt\\\/#website\"},\"primaryImageOfPage\":{\"@id\":\"https:\\\/\\\/marktxxl.de\\\/markt\\\/produkt\\\/festive-lights-solarbetriebene-kuehle-flamme-outdoor-haengende-laterne-rote-flecken-glas-effekt-heissluftballon-licht-mit-griff\\\/#primaryimage\"},\"image\":{\"@id\":\"https:\\\/\\\/marktxxl.de\\\/markt\\\/produkt\\\/festive-lights-solarbetriebene-kuehle-flamme-outdoor-haengende-laterne-rote-flecken-glas-effekt-heissluftballon-licht-mit-griff\\\/#primaryimage\"},\"thumbnailUrl\":\"https:\\\/\\\/m.media-amazon.com\\\/images\\\/I\\\/51GBG2IG3ML._SL500_.jpg\",\"datePublished\":\"2024-07-28T14:46:47+00:00\",\"description\":\"Markt-XXL Festive Lights - Solarbetriebene k\u00fchle Flamme Outdoor H\u00e4ngende Laterne \u2013 rote Flecken-Glas-Effekt-Hei\u00dfluftballon-Licht mit Griff\",\"breadcrumb\":{\"@id\":\"https:\\\/\\\/marktxxl.de\\\/markt\\\/produkt\\\/festive-lights-solarbetriebene-kuehle-flamme-outdoor-haengende-laterne-rote-flecken-glas-effekt-heissluftballon-licht-mit-griff\\\/#breadcrumb\"},\"inLanguage\":\"de\",\"potentialAction\":[{\"@type\":\"ReadAction\",\"target\":[\"https:\\\/\\\/marktxxl.de\\\/markt\\\/produkt\\\/festive-lights-solarbetriebene-kuehle-flamme-outdoor-haengende-laterne-rote-flecken-glas-effekt-heissluftballon-licht-mit-griff\\\/\"]}]},{\"@type\":\"ImageObject\",\"inLanguage\":\"de\",\"@id\":\"https:\\\/\\\/marktxxl.de\\\/markt\\\/produkt\\\/festive-lights-solarbetriebene-kuehle-flamme-outdoor-haengende-laterne-rote-flecken-glas-effekt-heissluftballon-licht-mit-griff\\\/#primaryimage\",\"url\":\"https:\\\/\\\/m.media-amazon.com\\\/images\\\/I\\\/51GBG2IG3ML._SL500_.jpg\",\"contentUrl\":\"https:\\\/\\\/m.media-amazon.com\\\/images\\\/I\\\/51GBG2IG3ML._SL500_.jpg\",\"width\":500,\"height\":500},{\"@type\":\"BreadcrumbList\",\"@id\":\"https:\\\/\\\/marktxxl.de\\\/markt\\\/produkt\\\/festive-lights-solarbetriebene-kuehle-flamme-outdoor-haengende-laterne-rote-flecken-glas-effekt-heissluftballon-licht-mit-griff\\\/#breadcrumb\",\"itemListElement\":[{\"@type\":\"ListItem\",\"position\":1,\"name\":\"Startseite\",\"item\":\"https:\\\/\\\/marktxxl.de\\\/markt\\\/\"},{\"@type\":\"ListItem\",\"position\":2,\"name\":\"Markt\",\"item\":\"https:\\\/\\\/marktxxl.de\\\/markt\\\/\"},{\"@type\":\"ListItem\",\"position\":3,\"name\":\"Festive Lights &#8211; Solarbetriebene k\u00fchle Flamme Outdoor H\u00e4ngende Laterne \u2013 rote Flecken-Glas-Effekt-Hei\u00dfluftballon-Licht mit Griff\"}]},{\"@type\":\"WebSite\",\"@id\":\"https:\\\/\\\/marktxxl.de\\\/markt\\\/#website\",\"url\":\"https:\\\/\\\/marktxxl.de\\\/markt\\\/\",\"name\":\"Markt-XXL\",\"description\":\"Ihr Markt Online\",\"publisher\":{\"@id\":\"https:\\\/\\\/marktxxl.de\\\/markt\\\/#organization\"},\"potentialAction\":[{\"@type\":\"SearchAction\",\"target\":{\"@type\":\"EntryPoint\",\"urlTemplate\":\"https:\\\/\\\/marktxxl.de\\\/markt\\\/?s={search_term_string}\"},\"query-input\":{\"@type\":\"PropertyValueSpecification\",\"valueRequired\":true,\"valueName\":\"search_term_string\"}}],\"inLanguage\":\"de\"},{\"@type\":\"Organization\",\"@id\":\"https:\\\/\\\/marktxxl.de\\\/markt\\\/#organization\",\"name\":\"Markt-XXL\",\"url\":\"https:\\\/\\\/marktxxl.de\\\/markt\\\/\",\"logo\":{\"@type\":\"ImageObject\",\"inLanguage\":\"de\",\"@id\":\"https:\\\/\\\/marktxxl.de\\\/markt\\\/#\\\/schema\\\/logo\\\/image\\\/\",\"url\":\"https:\\\/\\\/marktxxl.de\\\/markt\\\/wp-content\\\/uploads\\\/sites\\\/3\\\/2020\\\/12\\\/logo.png\",\"contentUrl\":\"https:\\\/\\\/marktxxl.de\\\/markt\\\/wp-content\\\/uploads\\\/sites\\\/3\\\/2020\\\/12\\\/logo.png\",\"width\":200,\"height\":70,\"caption\":\"Markt-XXL\"},\"image\":{\"@id\":\"https:\\\/\\\/marktxxl.de\\\/markt\\\/#\\\/schema\\\/logo\\\/image\\\/\"}}]}<\/script>\n<!-- \/ Yoast SEO plugin. -->","yoast_head_json":{"title":"Festive Lights - Solarbetriebene k\u00fchle Flamme Outdoor H\u00e4ngende Laterne \u2013 rote Flecken-Glas-Effekt-Hei\u00dfluftballon-Licht mit Griff - Markt-XXL","description":"Markt-XXL Festive Lights - Solarbetriebene k\u00fchle Flamme Outdoor H\u00e4ngende Laterne \u2013 rote Flecken-Glas-Effekt-Hei\u00dfluftballon-Licht mit Griff","robots":{"index":"index","follow":"follow","max-snippet":"max-snippet:-1","max-image-preview":"max-image-preview:large","max-video-preview":"max-video-preview:-1"},"canonical":"https:\/\/marktxxl.de\/markt\/produkt\/festive-lights-solarbetriebene-kuehle-flamme-outdoor-haengende-laterne-rote-flecken-glas-effekt-heissluftballon-licht-mit-griff\/","og_locale":"de_DE","og_type":"article","og_title":"Festive Lights - Solarbetriebene k\u00fchle Flamme Outdoor H\u00e4ngende Laterne \u2013 rote Flecken-Glas-Effekt-Hei\u00dfluftballon-Licht mit Griff - Markt-XXL","og_description":"Markt-XXL Festive Lights - Solarbetriebene k\u00fchle Flamme Outdoor H\u00e4ngende Laterne \u2013 rote Flecken-Glas-Effekt-Hei\u00dfluftballon-Licht mit Griff","og_url":"https:\/\/marktxxl.de\/markt\/produkt\/festive-lights-solarbetriebene-kuehle-flamme-outdoor-haengende-laterne-rote-flecken-glas-effekt-heissluftballon-licht-mit-griff\/","og_site_name":"Markt-XXL","twitter_card":"summary_large_image","twitter_misc":{"Gesch\u00e4tzte Lesezeit":"1\u00a0Minute"},"schema":{"@context":"https:\/\/schema.org","@graph":[{"@type":"WebPage","@id":"https:\/\/marktxxl.de\/markt\/produkt\/festive-lights-solarbetriebene-kuehle-flamme-outdoor-haengende-laterne-rote-flecken-glas-effekt-heissluftballon-licht-mit-griff\/","url":"https:\/\/marktxxl.de\/markt\/produkt\/festive-lights-solarbetriebene-kuehle-flamme-outdoor-haengende-laterne-rote-flecken-glas-effekt-heissluftballon-licht-mit-griff\/","name":"Festive Lights - Solarbetriebene k\u00fchle Flamme Outdoor H\u00e4ngende Laterne \u2013 rote Flecken-Glas-Effekt-Hei\u00dfluftballon-Licht mit Griff - Markt-XXL","isPartOf":{"@id":"https:\/\/marktxxl.de\/markt\/#website"},"primaryImageOfPage":{"@id":"https:\/\/marktxxl.de\/markt\/produkt\/festive-lights-solarbetriebene-kuehle-flamme-outdoor-haengende-laterne-rote-flecken-glas-effekt-heissluftballon-licht-mit-griff\/#primaryimage"},"image":{"@id":"https:\/\/marktxxl.de\/markt\/produkt\/festive-lights-solarbetriebene-kuehle-flamme-outdoor-haengende-laterne-rote-flecken-glas-effekt-heissluftballon-licht-mit-griff\/#primaryimage"},"thumbnailUrl":"https:\/\/m.media-amazon.com\/images\/I\/51GBG2IG3ML._SL500_.jpg","datePublished":"2024-07-28T14:46:47+00:00","description":"Markt-XXL Festive Lights - Solarbetriebene k\u00fchle Flamme Outdoor H\u00e4ngende Laterne \u2013 rote Flecken-Glas-Effekt-Hei\u00dfluftballon-Licht mit Griff","breadcrumb":{"@id":"https:\/\/marktxxl.de\/markt\/produkt\/festive-lights-solarbetriebene-kuehle-flamme-outdoor-haengende-laterne-rote-flecken-glas-effekt-heissluftballon-licht-mit-griff\/#breadcrumb"},"inLanguage":"de","potentialAction":[{"@type":"ReadAction","target":["https:\/\/marktxxl.de\/markt\/produkt\/festive-lights-solarbetriebene-kuehle-flamme-outdoor-haengende-laterne-rote-flecken-glas-effekt-heissluftballon-licht-mit-griff\/"]}]},{"@type":"ImageObject","inLanguage":"de","@id":"https:\/\/marktxxl.de\/markt\/produkt\/festive-lights-solarbetriebene-kuehle-flamme-outdoor-haengende-laterne-rote-flecken-glas-effekt-heissluftballon-licht-mit-griff\/#primaryimage","url":"https:\/\/m.media-amazon.com\/images\/I\/51GBG2IG3ML._SL500_.jpg","contentUrl":"https:\/\/m.media-amazon.com\/images\/I\/51GBG2IG3ML._SL500_.jpg","width":500,"height":500},{"@type":"BreadcrumbList","@id":"https:\/\/marktxxl.de\/markt\/produkt\/festive-lights-solarbetriebene-kuehle-flamme-outdoor-haengende-laterne-rote-flecken-glas-effekt-heissluftballon-licht-mit-griff\/#breadcrumb","itemListElement":[{"@type":"ListItem","position":1,"name":"Startseite","item":"https:\/\/marktxxl.de\/markt\/"},{"@type":"ListItem","position":2,"name":"Markt","item":"https:\/\/marktxxl.de\/markt\/"},{"@type":"ListItem","position":3,"name":"Festive Lights &#8211; Solarbetriebene k\u00fchle Flamme Outdoor H\u00e4ngende Laterne \u2013 rote Flecken-Glas-Effekt-Hei\u00dfluftballon-Licht mit Griff"}]},{"@type":"WebSite","@id":"https:\/\/marktxxl.de\/markt\/#website","url":"https:\/\/marktxxl.de\/markt\/","name":"Markt-XXL","description":"Ihr Markt Online","publisher":{"@id":"https:\/\/marktxxl.de\/markt\/#organization"},"potentialAction":[{"@type":"SearchAction","target":{"@type":"EntryPoint","urlTemplate":"https:\/\/marktxxl.de\/markt\/?s={search_term_string}"},"query-input":{"@type":"PropertyValueSpecification","valueRequired":true,"valueName":"search_term_string"}}],"inLanguage":"de"},{"@type":"Organization","@id":"https:\/\/marktxxl.de\/markt\/#organization","name":"Markt-XXL","url":"https:\/\/marktxxl.de\/markt\/","logo":{"@type":"ImageObject","inLanguage":"de","@id":"https:\/\/marktxxl.de\/markt\/#\/schema\/logo\/image\/","url":"https:\/\/marktxxl.de\/markt\/wp-content\/uploads\/sites\/3\/2020\/12\/logo.png","contentUrl":"https:\/\/marktxxl.de\/markt\/wp-content\/uploads\/sites\/3\/2020\/12\/logo.png","width":200,"height":70,"caption":"Markt-XXL"},"image":{"@id":"https:\/\/marktxxl.de\/markt\/#\/schema\/logo\/image\/"}}]}},"_links":{"self":[{"href":"https:\/\/marktxxl.de\/markt\/wp-json\/wp\/v2\/product\/222737","targetHints":{"allow":["GET"]}}],"collection":[{"href":"https:\/\/marktxxl.de\/markt\/wp-json\/wp\/v2\/product"}],"about":[{"href":"https:\/\/marktxxl.de\/markt\/wp-json\/wp\/v2\/types\/product"}],"replies":[{"embeddable":true,"href":"https:\/\/marktxxl.de\/markt\/wp-json\/wp\/v2\/comments?post=222737"}],"wp:featuredmedia":[{"embeddable":true,"href":"https:\/\/marktxxl.de\/markt\/wp-json\/wp\/v2\/media\/222738"}],"wp:attachment":[{"href":"https:\/\/marktxxl.de\/markt\/wp-json\/wp\/v2\/media?parent=222737"}],"wp:term":[{"taxonomy":"product_brand","embeddable":true,"href":"https:\/\/marktxxl.de\/markt\/wp-json\/wp\/v2\/product_brand?post=222737"},{"taxonomy":"product_cat","embeddable":true,"href":"https:\/\/marktxxl.de\/markt\/wp-json\/wp\/v2\/product_cat?post=222737"},{"taxonomy":"product_tag","embeddable":true,"href":"https:\/\/marktxxl.de\/markt\/wp-json\/wp\/v2\/product_tag?post=222737"}],"curies":[{"name":"wp","href":"https:\/\/api.w.org\/{rel}","templated":true}]}}