{"id":222729,"date":"2024-07-28T16:46:40","date_gmt":"2024-07-28T14:46:40","guid":{"rendered":"https:\/\/marktxxl.de\/markt\/produkt\/solarlampen-fuer-aussen2-stueck-solar-laternen-mit-led-gluehbirne-mit-usb-wiederaufladbar-1200mah-solarpanels-ip65-wasserdicht-metall-haengend-solarleuchten-fuer-balkon-deko-gartendeko-kolibri\/"},"modified":"2024-07-28T16:46:40","modified_gmt":"2024-07-28T14:46:40","slug":"solarlampen-fuer-aussen2-stueck-solar-laternen-mit-led-gluehbirne-mit-usb-wiederaufladbar-1200mah-solarpanels-ip65-wasserdicht-metall-haengend-solarleuchten-fuer-balkon-deko-gartendeko-kolibri","status":"publish","type":"product","link":"https:\/\/marktxxl.de\/markt\/produkt\/solarlampen-fuer-aussen2-stueck-solar-laternen-mit-led-gluehbirne-mit-usb-wiederaufladbar-1200mah-solarpanels-ip65-wasserdicht-metall-haengend-solarleuchten-fuer-balkon-deko-gartendeko-kolibri\/","title":{"rendered":"Solarlampen f\u00fcr Au\u00dfen,2 St\u00fcck Solar Laternen mit LED -Gl\u00fchbirne, mit USB wiederaufladbar 1200mah Solarpanels ,IP65 Wasserdicht Metall H\u00e4ngend Solarleuchten f\u00fcr Balkon Deko, Gartendeko (Kolibri)"},"content":{"rendered":"<p>\u2600\ufe0f\u3010Retro-Solarlampe\u30112er-Pack Solarlampen f\u00fcr den Au\u00dfenbereich, jede Solarlampe enth\u00e4lt ein wiederaufladbares 1200-mAh-Solarpanel, das aufgeladen werden kann und Sonnenenergie absorbiert. Es schaltet sich bei D\u00e4mmerung automatisch ein und im Morgengrauen aus, was Ihnen Komfort bietet.<br \/>\n\u2600\ufe0f\u3010USB &amp; 1200 mAh\u3011Solarlaterne f\u00fcr den Au\u00dfenbereich, es gibt 2 Lademethoden. Wenn keine Sonne scheint, k\u00f6nnen Sie die USB-Schnittstelle zum Aufladen verwenden. Wenn gen\u00fcgend Sonnenlicht vorhanden ist oder wenn es vollst\u00e4ndig aufgeladen ist, schaltet sich das Solarlicht automatisch ein Nachts und kann 12\u201314 Stunden arbeiten<br \/>\n\u2600\ufe0f\u3010H\u00e4ngend oder stehend\u3011Kupfer-LED-Au\u00dfenlaterne mit warmwei\u00dfem Licht, kann flach auf das Gras oder den Boden gestellt werden, eine H\u00e4ngekette verwenden, an einem Ast oder einer Wand aufgeh\u00e4ngt werden, das Muster auf dem Boden sieht sch\u00f6n und zart aus, perfekt f\u00fcr G\u00e4rten, tolle Dekoration f\u00fcr Wege, Balkone, Terrassen, Rasenfl\u00e4chen, Hinterh\u00f6fe.<br \/>\n\u2600\ufe0f\u3010IP65 wasserdicht\u3011Solarlampen f\u00fcr au\u00dfen h\u00e4ngend, halten dem Einsatz bei rauem Wetter wie Sonneneinstrahlung, Regen und leichtem Schnee stand, k\u00f6nnen bei jedem Wetter funktionieren, strahlen nachts sch\u00f6nes warmes Licht aus und die Muster auf dem Boden sehen wundersch\u00f6n aus empfindlich<br \/>\n\u2600\ufe0f\u3010Einfach zu installieren\u3011Solarlaterne f\u00fcr den Au\u00dfenbereich: Bei der ersten Installation m\u00fcssen Sie den Knopf an der Unterseite des Solarpanels auf \u201eEIN\u201c stellen. Sie k\u00f6nnen Vintage-Solarlaternen f\u00fcr den Au\u00dfenbereich als Deko-Garten verwenden, um Ihrem Garten und Ihrer Terrasse eine warme und gem\u00fctliche Atmosph\u00e4re zu verleihen<br \/>\n<div class=\"main-cross-sell\" data-asin=\"B0CT5LJ2VL\">\n\n\t<div class=\"WooZone-cross-sell-loader\">\n\t\t<div>\n\t\t\t<div id=\"floatingBarsG\">\n\t\t\t\t<div class=\"blockG\" id=\"rotateG_01\"><\/div>\n\t\t\t\t<div class=\"blockG\" id=\"rotateG_02\"><\/div>\n\t\t\t\t<div class=\"blockG\" id=\"rotateG_03\"><\/div>\n\t\t\t\t<div class=\"blockG\" id=\"rotateG_04\"><\/div>\n\t\t\t\t<div class=\"blockG\" id=\"rotateG_05\"><\/div>\n\t\t\t\t<div class=\"blockG\" id=\"rotateG_06\"><\/div>\n\t\t\t\t<div class=\"blockG\" id=\"rotateG_07\"><\/div>\n\t\t\t\t<div class=\"blockG\" id=\"rotateG_08\"><\/div>\n\t\t\t<\/div>\n\t\t\t<div class=\"WooZone-cross-sell-loader-text\"><\/div>\n\t\t<\/div>\n\t<\/div>\n\n\t\t\n<\/div>\n<div style=\"clear:both;\"><\/div><\/p>\n","protected":false},"excerpt":{"rendered":"<p>\u2600\ufe0f\u3010Retro-Solarlampe\u30112er-Pack Solarlampen f\u00fcr den Au\u00dfenbereich, jede Solarlampe enth\u00e4lt ein wiederaufladbares 1200-mAh-Solarpanel, das aufgeladen werden kann und Sonnenenergie absorbiert. Es schaltet sich bei D\u00e4mmerung automatisch ein und im Morgengrauen aus, was Ihnen Komfort bietet.<br \/>\n\u2600\ufe0f\u3010USB &amp; 1200 mAh\u3011Solarlaterne f\u00fcr den Au\u00dfenbereich, es gibt 2 Lademethoden. Wenn keine Sonne scheint, k\u00f6nnen Sie die USB-Schnittstelle zum Aufladen verwenden. Wenn gen\u00fcgend Sonnenlicht vorhanden ist oder wenn es vollst\u00e4ndig aufgeladen ist, schaltet sich das Solarlicht automatisch ein Nachts und kann 12\u201314 Stunden arbeiten<br \/>\n\u2600\ufe0f\u3010H\u00e4ngend oder stehend\u3011Kupfer-LED-Au\u00dfenlaterne mit warmwei\u00dfem Licht, kann flach auf das Gras oder den Boden gestellt werden, eine H\u00e4ngekette verwenden, an einem Ast oder einer Wand aufgeh\u00e4ngt werden, das Muster auf dem Boden sieht sch\u00f6n und zart aus, perfekt f\u00fcr G\u00e4rten, tolle Dekoration f\u00fcr Wege, Balkone, Terrassen, Rasenfl\u00e4chen, Hinterh\u00f6fe.<\/p>\n","protected":false},"featured_media":222730,"comment_status":"open","ping_status":"closed","template":"","meta":[],"product_brand":[],"product_cat":[11446,2108],"product_tag":[],"class_list":{"0":"post-222729","1":"product","2":"type-product","3":"status-publish","4":"has-post-thumbnail","6":"product_cat-aussenbeleuchtung","7":"product_cat-beleuchtung","8":"pa_binding-unbekannter-einband","9":"pa_brand-liuwid","10":"pa_color-bronze","11":"pa_manufacturer-liuwid","12":"pa_model-ba3-tyngd","14":"first","15":"instock","16":"sale","17":"shipping-taxable","18":"purchasable","19":"product-type-simple","20":"customify-col","21":"product-has-gallery"},"yoast_head":"<!-- This site is optimized with the Yoast SEO plugin v27.4 - https:\/\/yoast.com\/product\/yoast-seo-wordpress\/ -->\n<title>Solarlampen f\u00fcr Au\u00dfen,2 St\u00fcck Solar Laternen mit LED -Gl\u00fchbirne, mit USB wiederaufladbar 1200mah Solarpanels ,IP65 Wasserdicht Metall H\u00e4ngend Solarleuchten f\u00fcr Balkon Deko, Gartendeko (Kolibri) - Markt-XXL<\/title>\n<meta name=\"description\" content=\"Markt-XXL Solarlampen f\u00fcr Au\u00dfen,2 St\u00fcck Solar Laternen mit LED -Gl\u00fchbirne, mit USB wiederaufladbar 1200mah Solarpanels ,IP65 Wasserdicht Metall H\u00e4ngend Solarleuchten f\u00fcr Balkon Deko, Gartendeko (Kolibri)\" \/>\n<meta name=\"robots\" content=\"index, follow, max-snippet:-1, max-image-preview:large, max-video-preview:-1\" \/>\n<link rel=\"canonical\" href=\"https:\/\/marktxxl.de\/markt\/produkt\/solarlampen-fuer-aussen2-stueck-solar-laternen-mit-led-gluehbirne-mit-usb-wiederaufladbar-1200mah-solarpanels-ip65-wasserdicht-metall-haengend-solarleuchten-fuer-balkon-deko-gartendeko-kolibri\/\" \/>\n<meta property=\"og:locale\" content=\"de_DE\" \/>\n<meta property=\"og:type\" content=\"article\" \/>\n<meta property=\"og:title\" content=\"Solarlampen f\u00fcr Au\u00dfen,2 St\u00fcck Solar Laternen mit LED -Gl\u00fchbirne, mit USB wiederaufladbar 1200mah Solarpanels ,IP65 Wasserdicht Metall H\u00e4ngend Solarleuchten f\u00fcr Balkon Deko, Gartendeko (Kolibri) - Markt-XXL\" \/>\n<meta property=\"og:description\" content=\"Markt-XXL Solarlampen f\u00fcr Au\u00dfen,2 St\u00fcck Solar Laternen mit LED -Gl\u00fchbirne, mit USB wiederaufladbar 1200mah Solarpanels ,IP65 Wasserdicht Metall H\u00e4ngend Solarleuchten f\u00fcr Balkon Deko, Gartendeko (Kolibri)\" \/>\n<meta property=\"og:url\" content=\"https:\/\/marktxxl.de\/markt\/produkt\/solarlampen-fuer-aussen2-stueck-solar-laternen-mit-led-gluehbirne-mit-usb-wiederaufladbar-1200mah-solarpanels-ip65-wasserdicht-metall-haengend-solarleuchten-fuer-balkon-deko-gartendeko-kolibri\/\" \/>\n<meta property=\"og:site_name\" content=\"Markt-XXL\" \/>\n<meta name=\"twitter:card\" content=\"summary_large_image\" \/>\n<meta name=\"twitter:label1\" content=\"Gesch\u00e4tzte Lesezeit\" \/>\n\t<meta name=\"twitter:data1\" content=\"1\u00a0Minute\" \/>\n<script type=\"application\/ld+json\" class=\"yoast-schema-graph\">{\"@context\":\"https:\\\/\\\/schema.org\",\"@graph\":[{\"@type\":\"WebPage\",\"@id\":\"https:\\\/\\\/marktxxl.de\\\/markt\\\/produkt\\\/solarlampen-fuer-aussen2-stueck-solar-laternen-mit-led-gluehbirne-mit-usb-wiederaufladbar-1200mah-solarpanels-ip65-wasserdicht-metall-haengend-solarleuchten-fuer-balkon-deko-gartendeko-kolibri\\\/\",\"url\":\"https:\\\/\\\/marktxxl.de\\\/markt\\\/produkt\\\/solarlampen-fuer-aussen2-stueck-solar-laternen-mit-led-gluehbirne-mit-usb-wiederaufladbar-1200mah-solarpanels-ip65-wasserdicht-metall-haengend-solarleuchten-fuer-balkon-deko-gartendeko-kolibri\\\/\",\"name\":\"Solarlampen f\u00fcr Au\u00dfen,2 St\u00fcck Solar Laternen mit LED -Gl\u00fchbirne, mit USB wiederaufladbar 1200mah Solarpanels ,IP65 Wasserdicht Metall H\u00e4ngend Solarleuchten f\u00fcr Balkon Deko, Gartendeko (Kolibri) - Markt-XXL\",\"isPartOf\":{\"@id\":\"https:\\\/\\\/marktxxl.de\\\/markt\\\/#website\"},\"primaryImageOfPage\":{\"@id\":\"https:\\\/\\\/marktxxl.de\\\/markt\\\/produkt\\\/solarlampen-fuer-aussen2-stueck-solar-laternen-mit-led-gluehbirne-mit-usb-wiederaufladbar-1200mah-solarpanels-ip65-wasserdicht-metall-haengend-solarleuchten-fuer-balkon-deko-gartendeko-kolibri\\\/#primaryimage\"},\"image\":{\"@id\":\"https:\\\/\\\/marktxxl.de\\\/markt\\\/produkt\\\/solarlampen-fuer-aussen2-stueck-solar-laternen-mit-led-gluehbirne-mit-usb-wiederaufladbar-1200mah-solarpanels-ip65-wasserdicht-metall-haengend-solarleuchten-fuer-balkon-deko-gartendeko-kolibri\\\/#primaryimage\"},\"thumbnailUrl\":\"https:\\\/\\\/m.media-amazon.com\\\/images\\\/I\\\/510gzPWcZzL._SL500_.jpg\",\"datePublished\":\"2024-07-28T14:46:40+00:00\",\"description\":\"Markt-XXL Solarlampen f\u00fcr Au\u00dfen,2 St\u00fcck Solar Laternen mit LED -Gl\u00fchbirne, mit USB wiederaufladbar 1200mah Solarpanels ,IP65 Wasserdicht Metall H\u00e4ngend Solarleuchten f\u00fcr Balkon Deko, Gartendeko (Kolibri)\",\"breadcrumb\":{\"@id\":\"https:\\\/\\\/marktxxl.de\\\/markt\\\/produkt\\\/solarlampen-fuer-aussen2-stueck-solar-laternen-mit-led-gluehbirne-mit-usb-wiederaufladbar-1200mah-solarpanels-ip65-wasserdicht-metall-haengend-solarleuchten-fuer-balkon-deko-gartendeko-kolibri\\\/#breadcrumb\"},\"inLanguage\":\"de\",\"potentialAction\":[{\"@type\":\"ReadAction\",\"target\":[\"https:\\\/\\\/marktxxl.de\\\/markt\\\/produkt\\\/solarlampen-fuer-aussen2-stueck-solar-laternen-mit-led-gluehbirne-mit-usb-wiederaufladbar-1200mah-solarpanels-ip65-wasserdicht-metall-haengend-solarleuchten-fuer-balkon-deko-gartendeko-kolibri\\\/\"]}]},{\"@type\":\"ImageObject\",\"inLanguage\":\"de\",\"@id\":\"https:\\\/\\\/marktxxl.de\\\/markt\\\/produkt\\\/solarlampen-fuer-aussen2-stueck-solar-laternen-mit-led-gluehbirne-mit-usb-wiederaufladbar-1200mah-solarpanels-ip65-wasserdicht-metall-haengend-solarleuchten-fuer-balkon-deko-gartendeko-kolibri\\\/#primaryimage\",\"url\":\"https:\\\/\\\/m.media-amazon.com\\\/images\\\/I\\\/510gzPWcZzL._SL500_.jpg\",\"contentUrl\":\"https:\\\/\\\/m.media-amazon.com\\\/images\\\/I\\\/510gzPWcZzL._SL500_.jpg\",\"width\":500,\"height\":500},{\"@type\":\"BreadcrumbList\",\"@id\":\"https:\\\/\\\/marktxxl.de\\\/markt\\\/produkt\\\/solarlampen-fuer-aussen2-stueck-solar-laternen-mit-led-gluehbirne-mit-usb-wiederaufladbar-1200mah-solarpanels-ip65-wasserdicht-metall-haengend-solarleuchten-fuer-balkon-deko-gartendeko-kolibri\\\/#breadcrumb\",\"itemListElement\":[{\"@type\":\"ListItem\",\"position\":1,\"name\":\"Startseite\",\"item\":\"https:\\\/\\\/marktxxl.de\\\/markt\\\/\"},{\"@type\":\"ListItem\",\"position\":2,\"name\":\"Markt\",\"item\":\"https:\\\/\\\/marktxxl.de\\\/markt\\\/\"},{\"@type\":\"ListItem\",\"position\":3,\"name\":\"Solarlampen f\u00fcr Au\u00dfen,2 St\u00fcck Solar Laternen mit LED -Gl\u00fchbirne, mit USB wiederaufladbar 1200mah Solarpanels ,IP65 Wasserdicht Metall H\u00e4ngend Solarleuchten f\u00fcr Balkon Deko, Gartendeko (Kolibri)\"}]},{\"@type\":\"WebSite\",\"@id\":\"https:\\\/\\\/marktxxl.de\\\/markt\\\/#website\",\"url\":\"https:\\\/\\\/marktxxl.de\\\/markt\\\/\",\"name\":\"Markt-XXL\",\"description\":\"Ihr Markt Online\",\"publisher\":{\"@id\":\"https:\\\/\\\/marktxxl.de\\\/markt\\\/#organization\"},\"potentialAction\":[{\"@type\":\"SearchAction\",\"target\":{\"@type\":\"EntryPoint\",\"urlTemplate\":\"https:\\\/\\\/marktxxl.de\\\/markt\\\/?s={search_term_string}\"},\"query-input\":{\"@type\":\"PropertyValueSpecification\",\"valueRequired\":true,\"valueName\":\"search_term_string\"}}],\"inLanguage\":\"de\"},{\"@type\":\"Organization\",\"@id\":\"https:\\\/\\\/marktxxl.de\\\/markt\\\/#organization\",\"name\":\"Markt-XXL\",\"url\":\"https:\\\/\\\/marktxxl.de\\\/markt\\\/\",\"logo\":{\"@type\":\"ImageObject\",\"inLanguage\":\"de\",\"@id\":\"https:\\\/\\\/marktxxl.de\\\/markt\\\/#\\\/schema\\\/logo\\\/image\\\/\",\"url\":\"https:\\\/\\\/marktxxl.de\\\/markt\\\/wp-content\\\/uploads\\\/sites\\\/3\\\/2020\\\/12\\\/logo.png\",\"contentUrl\":\"https:\\\/\\\/marktxxl.de\\\/markt\\\/wp-content\\\/uploads\\\/sites\\\/3\\\/2020\\\/12\\\/logo.png\",\"width\":200,\"height\":70,\"caption\":\"Markt-XXL\"},\"image\":{\"@id\":\"https:\\\/\\\/marktxxl.de\\\/markt\\\/#\\\/schema\\\/logo\\\/image\\\/\"}}]}<\/script>\n<!-- \/ Yoast SEO plugin. -->","yoast_head_json":{"title":"Solarlampen f\u00fcr Au\u00dfen,2 St\u00fcck Solar Laternen mit LED -Gl\u00fchbirne, mit USB wiederaufladbar 1200mah Solarpanels ,IP65 Wasserdicht Metall H\u00e4ngend Solarleuchten f\u00fcr Balkon Deko, Gartendeko (Kolibri) - Markt-XXL","description":"Markt-XXL Solarlampen f\u00fcr Au\u00dfen,2 St\u00fcck Solar Laternen mit LED -Gl\u00fchbirne, mit USB wiederaufladbar 1200mah Solarpanels ,IP65 Wasserdicht Metall H\u00e4ngend Solarleuchten f\u00fcr Balkon Deko, Gartendeko (Kolibri)","robots":{"index":"index","follow":"follow","max-snippet":"max-snippet:-1","max-image-preview":"max-image-preview:large","max-video-preview":"max-video-preview:-1"},"canonical":"https:\/\/marktxxl.de\/markt\/produkt\/solarlampen-fuer-aussen2-stueck-solar-laternen-mit-led-gluehbirne-mit-usb-wiederaufladbar-1200mah-solarpanels-ip65-wasserdicht-metall-haengend-solarleuchten-fuer-balkon-deko-gartendeko-kolibri\/","og_locale":"de_DE","og_type":"article","og_title":"Solarlampen f\u00fcr Au\u00dfen,2 St\u00fcck Solar Laternen mit LED -Gl\u00fchbirne, mit USB wiederaufladbar 1200mah Solarpanels ,IP65 Wasserdicht Metall H\u00e4ngend Solarleuchten f\u00fcr Balkon Deko, Gartendeko (Kolibri) - Markt-XXL","og_description":"Markt-XXL Solarlampen f\u00fcr Au\u00dfen,2 St\u00fcck Solar Laternen mit LED -Gl\u00fchbirne, mit USB wiederaufladbar 1200mah Solarpanels ,IP65 Wasserdicht Metall H\u00e4ngend Solarleuchten f\u00fcr Balkon Deko, Gartendeko (Kolibri)","og_url":"https:\/\/marktxxl.de\/markt\/produkt\/solarlampen-fuer-aussen2-stueck-solar-laternen-mit-led-gluehbirne-mit-usb-wiederaufladbar-1200mah-solarpanels-ip65-wasserdicht-metall-haengend-solarleuchten-fuer-balkon-deko-gartendeko-kolibri\/","og_site_name":"Markt-XXL","twitter_card":"summary_large_image","twitter_misc":{"Gesch\u00e4tzte Lesezeit":"1\u00a0Minute"},"schema":{"@context":"https:\/\/schema.org","@graph":[{"@type":"WebPage","@id":"https:\/\/marktxxl.de\/markt\/produkt\/solarlampen-fuer-aussen2-stueck-solar-laternen-mit-led-gluehbirne-mit-usb-wiederaufladbar-1200mah-solarpanels-ip65-wasserdicht-metall-haengend-solarleuchten-fuer-balkon-deko-gartendeko-kolibri\/","url":"https:\/\/marktxxl.de\/markt\/produkt\/solarlampen-fuer-aussen2-stueck-solar-laternen-mit-led-gluehbirne-mit-usb-wiederaufladbar-1200mah-solarpanels-ip65-wasserdicht-metall-haengend-solarleuchten-fuer-balkon-deko-gartendeko-kolibri\/","name":"Solarlampen f\u00fcr Au\u00dfen,2 St\u00fcck Solar Laternen mit LED -Gl\u00fchbirne, mit USB wiederaufladbar 1200mah Solarpanels ,IP65 Wasserdicht Metall H\u00e4ngend Solarleuchten f\u00fcr Balkon Deko, Gartendeko (Kolibri) - Markt-XXL","isPartOf":{"@id":"https:\/\/marktxxl.de\/markt\/#website"},"primaryImageOfPage":{"@id":"https:\/\/marktxxl.de\/markt\/produkt\/solarlampen-fuer-aussen2-stueck-solar-laternen-mit-led-gluehbirne-mit-usb-wiederaufladbar-1200mah-solarpanels-ip65-wasserdicht-metall-haengend-solarleuchten-fuer-balkon-deko-gartendeko-kolibri\/#primaryimage"},"image":{"@id":"https:\/\/marktxxl.de\/markt\/produkt\/solarlampen-fuer-aussen2-stueck-solar-laternen-mit-led-gluehbirne-mit-usb-wiederaufladbar-1200mah-solarpanels-ip65-wasserdicht-metall-haengend-solarleuchten-fuer-balkon-deko-gartendeko-kolibri\/#primaryimage"},"thumbnailUrl":"https:\/\/m.media-amazon.com\/images\/I\/510gzPWcZzL._SL500_.jpg","datePublished":"2024-07-28T14:46:40+00:00","description":"Markt-XXL Solarlampen f\u00fcr Au\u00dfen,2 St\u00fcck Solar Laternen mit LED -Gl\u00fchbirne, mit USB wiederaufladbar 1200mah Solarpanels ,IP65 Wasserdicht Metall H\u00e4ngend Solarleuchten f\u00fcr Balkon Deko, Gartendeko (Kolibri)","breadcrumb":{"@id":"https:\/\/marktxxl.de\/markt\/produkt\/solarlampen-fuer-aussen2-stueck-solar-laternen-mit-led-gluehbirne-mit-usb-wiederaufladbar-1200mah-solarpanels-ip65-wasserdicht-metall-haengend-solarleuchten-fuer-balkon-deko-gartendeko-kolibri\/#breadcrumb"},"inLanguage":"de","potentialAction":[{"@type":"ReadAction","target":["https:\/\/marktxxl.de\/markt\/produkt\/solarlampen-fuer-aussen2-stueck-solar-laternen-mit-led-gluehbirne-mit-usb-wiederaufladbar-1200mah-solarpanels-ip65-wasserdicht-metall-haengend-solarleuchten-fuer-balkon-deko-gartendeko-kolibri\/"]}]},{"@type":"ImageObject","inLanguage":"de","@id":"https:\/\/marktxxl.de\/markt\/produkt\/solarlampen-fuer-aussen2-stueck-solar-laternen-mit-led-gluehbirne-mit-usb-wiederaufladbar-1200mah-solarpanels-ip65-wasserdicht-metall-haengend-solarleuchten-fuer-balkon-deko-gartendeko-kolibri\/#primaryimage","url":"https:\/\/m.media-amazon.com\/images\/I\/510gzPWcZzL._SL500_.jpg","contentUrl":"https:\/\/m.media-amazon.com\/images\/I\/510gzPWcZzL._SL500_.jpg","width":500,"height":500},{"@type":"BreadcrumbList","@id":"https:\/\/marktxxl.de\/markt\/produkt\/solarlampen-fuer-aussen2-stueck-solar-laternen-mit-led-gluehbirne-mit-usb-wiederaufladbar-1200mah-solarpanels-ip65-wasserdicht-metall-haengend-solarleuchten-fuer-balkon-deko-gartendeko-kolibri\/#breadcrumb","itemListElement":[{"@type":"ListItem","position":1,"name":"Startseite","item":"https:\/\/marktxxl.de\/markt\/"},{"@type":"ListItem","position":2,"name":"Markt","item":"https:\/\/marktxxl.de\/markt\/"},{"@type":"ListItem","position":3,"name":"Solarlampen f\u00fcr Au\u00dfen,2 St\u00fcck Solar Laternen mit LED -Gl\u00fchbirne, mit USB wiederaufladbar 1200mah Solarpanels ,IP65 Wasserdicht Metall H\u00e4ngend Solarleuchten f\u00fcr Balkon Deko, Gartendeko (Kolibri)"}]},{"@type":"WebSite","@id":"https:\/\/marktxxl.de\/markt\/#website","url":"https:\/\/marktxxl.de\/markt\/","name":"Markt-XXL","description":"Ihr Markt Online","publisher":{"@id":"https:\/\/marktxxl.de\/markt\/#organization"},"potentialAction":[{"@type":"SearchAction","target":{"@type":"EntryPoint","urlTemplate":"https:\/\/marktxxl.de\/markt\/?s={search_term_string}"},"query-input":{"@type":"PropertyValueSpecification","valueRequired":true,"valueName":"search_term_string"}}],"inLanguage":"de"},{"@type":"Organization","@id":"https:\/\/marktxxl.de\/markt\/#organization","name":"Markt-XXL","url":"https:\/\/marktxxl.de\/markt\/","logo":{"@type":"ImageObject","inLanguage":"de","@id":"https:\/\/marktxxl.de\/markt\/#\/schema\/logo\/image\/","url":"https:\/\/marktxxl.de\/markt\/wp-content\/uploads\/sites\/3\/2020\/12\/logo.png","contentUrl":"https:\/\/marktxxl.de\/markt\/wp-content\/uploads\/sites\/3\/2020\/12\/logo.png","width":200,"height":70,"caption":"Markt-XXL"},"image":{"@id":"https:\/\/marktxxl.de\/markt\/#\/schema\/logo\/image\/"}}]}},"_links":{"self":[{"href":"https:\/\/marktxxl.de\/markt\/wp-json\/wp\/v2\/product\/222729","targetHints":{"allow":["GET"]}}],"collection":[{"href":"https:\/\/marktxxl.de\/markt\/wp-json\/wp\/v2\/product"}],"about":[{"href":"https:\/\/marktxxl.de\/markt\/wp-json\/wp\/v2\/types\/product"}],"replies":[{"embeddable":true,"href":"https:\/\/marktxxl.de\/markt\/wp-json\/wp\/v2\/comments?post=222729"}],"wp:featuredmedia":[{"embeddable":true,"href":"https:\/\/marktxxl.de\/markt\/wp-json\/wp\/v2\/media\/222730"}],"wp:attachment":[{"href":"https:\/\/marktxxl.de\/markt\/wp-json\/wp\/v2\/media?parent=222729"}],"wp:term":[{"taxonomy":"product_brand","embeddable":true,"href":"https:\/\/marktxxl.de\/markt\/wp-json\/wp\/v2\/product_brand?post=222729"},{"taxonomy":"product_cat","embeddable":true,"href":"https:\/\/marktxxl.de\/markt\/wp-json\/wp\/v2\/product_cat?post=222729"},{"taxonomy":"product_tag","embeddable":true,"href":"https:\/\/marktxxl.de\/markt\/wp-json\/wp\/v2\/product_tag?post=222729"}],"curies":[{"name":"wp","href":"https:\/\/api.w.org\/{rel}","templated":true}]}}