{"id":222695,"date":"2024-07-28T16:28:38","date_gmt":"2024-07-28T14:28:38","guid":{"rendered":"https:\/\/marktxxl.de\/markt\/produkt\/satanic-okkult-dark-art-evil-666-antichrist-goth-t-shirt\/"},"modified":"2024-07-28T16:28:38","modified_gmt":"2024-07-28T14:28:38","slug":"satanic-okkult-dark-art-evil-666-antichrist-goth-t-shirt","status":"publish","type":"product","link":"https:\/\/marktxxl.de\/markt\/produkt\/satanic-okkult-dark-art-evil-666-antichrist-goth-t-shirt\/","title":{"rendered":"Satanic Okkult Dark Art Evil 666 Antichrist Goth T-Shirt"},"content":{"rendered":"<p>Schl\u00e4gt dein Herz f\u00fcr Baphomet? Bist du dem Okkultem nicht abgeneigt? Ist der Antichrist dein Erl\u00f6ser? Dann zeig deine Faszination f\u00fcr Luzifer bei der n\u00e4chsten Messe seine treuen Anh\u00e4nger. Satanische Geschenkidee f\u00fcr Liebhaber von Black Metal und Dark Art.<br \/>\nDas Satan Okkult Dark Art Design passt zu deiner Satan Kette oder der Satan Bibel. Es ist auch perfekt f\u00fcr alle Heavy Metal, Death Metal und Rock Musik Fans. Einzigartige Geschenkidee f\u00fcr Freunde und Familie die gerne auf Metalkonzert, Festival gehen.<br \/>\nKlassisch geschnitten, doppelt gen\u00e4hter Saum.<br \/>\n<div class=\"main-cross-sell\" data-asin=\"B09TD2FCPH\">\n\n\t<div class=\"WooZone-cross-sell-loader\">\n\t\t<div>\n\t\t\t<div id=\"floatingBarsG\">\n\t\t\t\t<div class=\"blockG\" id=\"rotateG_01\"><\/div>\n\t\t\t\t<div class=\"blockG\" id=\"rotateG_02\"><\/div>\n\t\t\t\t<div class=\"blockG\" id=\"rotateG_03\"><\/div>\n\t\t\t\t<div class=\"blockG\" id=\"rotateG_04\"><\/div>\n\t\t\t\t<div class=\"blockG\" id=\"rotateG_05\"><\/div>\n\t\t\t\t<div class=\"blockG\" id=\"rotateG_06\"><\/div>\n\t\t\t\t<div class=\"blockG\" id=\"rotateG_07\"><\/div>\n\t\t\t\t<div class=\"blockG\" id=\"rotateG_08\"><\/div>\n\t\t\t<\/div>\n\t\t\t<div class=\"WooZone-cross-sell-loader-text\"><\/div>\n\t\t<\/div>\n\t<\/div>\n\n\t\t\n<\/div>\n<div style=\"clear:both;\"><\/div><\/p>\n","protected":false},"excerpt":{"rendered":"<p>Schl\u00e4gt dein Herz f\u00fcr Baphomet? Bist du dem Okkultem nicht abgeneigt? Ist der Antichrist dein Erl\u00f6ser? Dann zeig deine Faszination f\u00fcr Luzifer bei der n\u00e4chsten Messe seine treuen Anh\u00e4nger. Satanische Geschenkidee f\u00fcr Liebhaber von Black Metal und Dark Art.<br \/>\nDas Satan Okkult Dark Art Design passt zu deiner Satan Kette oder der Satan Bibel. Es ist auch perfekt f\u00fcr alle Heavy Metal, Death Metal und Rock Musik Fans. Einzigartige Geschenkidee f\u00fcr Freunde und Familie die gerne auf Metalkonzert, Festival gehen.<br \/>\nKlassisch geschnitten, doppelt gen\u00e4hter Saum.<\/p>\n","protected":false},"featured_media":222696,"comment_status":"open","ping_status":"closed","template":"","meta":[],"product_brand":[],"product_cat":[1186,4069],"product_tag":[],"class_list":{"0":"post-222695","1":"product","2":"type-product","3":"status-publish","4":"has-post-thumbnail","6":"product_cat-bekleidung","7":"product_cat-spezielle-anlaesse","8":"pa_binding-textilien","9":"pa_brand-baphomet-satanic-occult-pentagramm-goth-outfit","10":"pa_color-schwarz","11":"pa_manufacturer-baphomet-satanic-occult-pentagramm-goth-outfit","12":"pa_size-s","14":"first","15":"instock","16":"sale","17":"shipping-taxable","18":"purchasable","19":"product-type-simple","20":"customify-col","21":"product-has-gallery"},"yoast_head":"<!-- This site is optimized with the Yoast SEO plugin v27.4 - https:\/\/yoast.com\/product\/yoast-seo-wordpress\/ -->\n<title>Satanic Okkult Dark Art Evil 666 Antichrist Goth T-Shirt - Markt-XXL<\/title>\n<meta name=\"description\" content=\"Markt-XXL Satanic Okkult Dark Art Evil 666 Antichrist Goth T-Shirt\" \/>\n<meta name=\"robots\" content=\"index, follow, max-snippet:-1, max-image-preview:large, max-video-preview:-1\" \/>\n<link rel=\"canonical\" href=\"https:\/\/marktxxl.de\/markt\/produkt\/satanic-okkult-dark-art-evil-666-antichrist-goth-t-shirt\/\" \/>\n<meta property=\"og:locale\" content=\"de_DE\" \/>\n<meta property=\"og:type\" content=\"article\" \/>\n<meta property=\"og:title\" content=\"Satanic Okkult Dark Art Evil 666 Antichrist Goth T-Shirt - Markt-XXL\" \/>\n<meta property=\"og:description\" content=\"Markt-XXL Satanic Okkult Dark Art Evil 666 Antichrist Goth T-Shirt\" \/>\n<meta property=\"og:url\" content=\"https:\/\/marktxxl.de\/markt\/produkt\/satanic-okkult-dark-art-evil-666-antichrist-goth-t-shirt\/\" \/>\n<meta property=\"og:site_name\" content=\"Markt-XXL\" \/>\n<meta name=\"twitter:card\" content=\"summary_large_image\" \/>\n<meta name=\"twitter:label1\" content=\"Gesch\u00e4tzte Lesezeit\" \/>\n\t<meta name=\"twitter:data1\" content=\"1\u00a0Minute\" \/>\n<script type=\"application\/ld+json\" class=\"yoast-schema-graph\">{\"@context\":\"https:\\\/\\\/schema.org\",\"@graph\":[{\"@type\":\"WebPage\",\"@id\":\"https:\\\/\\\/marktxxl.de\\\/markt\\\/produkt\\\/satanic-okkult-dark-art-evil-666-antichrist-goth-t-shirt\\\/\",\"url\":\"https:\\\/\\\/marktxxl.de\\\/markt\\\/produkt\\\/satanic-okkult-dark-art-evil-666-antichrist-goth-t-shirt\\\/\",\"name\":\"Satanic Okkult Dark Art Evil 666 Antichrist Goth T-Shirt - Markt-XXL\",\"isPartOf\":{\"@id\":\"https:\\\/\\\/marktxxl.de\\\/markt\\\/#website\"},\"primaryImageOfPage\":{\"@id\":\"https:\\\/\\\/marktxxl.de\\\/markt\\\/produkt\\\/satanic-okkult-dark-art-evil-666-antichrist-goth-t-shirt\\\/#primaryimage\"},\"image\":{\"@id\":\"https:\\\/\\\/marktxxl.de\\\/markt\\\/produkt\\\/satanic-okkult-dark-art-evil-666-antichrist-goth-t-shirt\\\/#primaryimage\"},\"thumbnailUrl\":\"https:\\\/\\\/m.media-amazon.com\\\/images\\\/I\\\/41Pb1DAocLL._SL500_.jpg\",\"datePublished\":\"2024-07-28T14:28:38+00:00\",\"description\":\"Markt-XXL Satanic Okkult Dark Art Evil 666 Antichrist Goth T-Shirt\",\"breadcrumb\":{\"@id\":\"https:\\\/\\\/marktxxl.de\\\/markt\\\/produkt\\\/satanic-okkult-dark-art-evil-666-antichrist-goth-t-shirt\\\/#breadcrumb\"},\"inLanguage\":\"de\",\"potentialAction\":[{\"@type\":\"ReadAction\",\"target\":[\"https:\\\/\\\/marktxxl.de\\\/markt\\\/produkt\\\/satanic-okkult-dark-art-evil-666-antichrist-goth-t-shirt\\\/\"]}]},{\"@type\":\"ImageObject\",\"inLanguage\":\"de\",\"@id\":\"https:\\\/\\\/marktxxl.de\\\/markt\\\/produkt\\\/satanic-okkult-dark-art-evil-666-antichrist-goth-t-shirt\\\/#primaryimage\",\"url\":\"https:\\\/\\\/m.media-amazon.com\\\/images\\\/I\\\/41Pb1DAocLL._SL500_.jpg\",\"contentUrl\":\"https:\\\/\\\/m.media-amazon.com\\\/images\\\/I\\\/41Pb1DAocLL._SL500_.jpg\",\"width\":500,\"height\":468},{\"@type\":\"BreadcrumbList\",\"@id\":\"https:\\\/\\\/marktxxl.de\\\/markt\\\/produkt\\\/satanic-okkult-dark-art-evil-666-antichrist-goth-t-shirt\\\/#breadcrumb\",\"itemListElement\":[{\"@type\":\"ListItem\",\"position\":1,\"name\":\"Startseite\",\"item\":\"https:\\\/\\\/marktxxl.de\\\/markt\\\/\"},{\"@type\":\"ListItem\",\"position\":2,\"name\":\"Markt\",\"item\":\"https:\\\/\\\/marktxxl.de\\\/markt\\\/\"},{\"@type\":\"ListItem\",\"position\":3,\"name\":\"Satanic Okkult Dark Art Evil 666 Antichrist Goth T-Shirt\"}]},{\"@type\":\"WebSite\",\"@id\":\"https:\\\/\\\/marktxxl.de\\\/markt\\\/#website\",\"url\":\"https:\\\/\\\/marktxxl.de\\\/markt\\\/\",\"name\":\"Markt-XXL\",\"description\":\"Ihr Markt Online\",\"publisher\":{\"@id\":\"https:\\\/\\\/marktxxl.de\\\/markt\\\/#organization\"},\"potentialAction\":[{\"@type\":\"SearchAction\",\"target\":{\"@type\":\"EntryPoint\",\"urlTemplate\":\"https:\\\/\\\/marktxxl.de\\\/markt\\\/?s={search_term_string}\"},\"query-input\":{\"@type\":\"PropertyValueSpecification\",\"valueRequired\":true,\"valueName\":\"search_term_string\"}}],\"inLanguage\":\"de\"},{\"@type\":\"Organization\",\"@id\":\"https:\\\/\\\/marktxxl.de\\\/markt\\\/#organization\",\"name\":\"Markt-XXL\",\"url\":\"https:\\\/\\\/marktxxl.de\\\/markt\\\/\",\"logo\":{\"@type\":\"ImageObject\",\"inLanguage\":\"de\",\"@id\":\"https:\\\/\\\/marktxxl.de\\\/markt\\\/#\\\/schema\\\/logo\\\/image\\\/\",\"url\":\"https:\\\/\\\/marktxxl.de\\\/markt\\\/wp-content\\\/uploads\\\/sites\\\/3\\\/2020\\\/12\\\/logo.png\",\"contentUrl\":\"https:\\\/\\\/marktxxl.de\\\/markt\\\/wp-content\\\/uploads\\\/sites\\\/3\\\/2020\\\/12\\\/logo.png\",\"width\":200,\"height\":70,\"caption\":\"Markt-XXL\"},\"image\":{\"@id\":\"https:\\\/\\\/marktxxl.de\\\/markt\\\/#\\\/schema\\\/logo\\\/image\\\/\"}}]}<\/script>\n<!-- \/ Yoast SEO plugin. -->","yoast_head_json":{"title":"Satanic Okkult Dark Art Evil 666 Antichrist Goth T-Shirt - Markt-XXL","description":"Markt-XXL Satanic Okkult Dark Art Evil 666 Antichrist Goth T-Shirt","robots":{"index":"index","follow":"follow","max-snippet":"max-snippet:-1","max-image-preview":"max-image-preview:large","max-video-preview":"max-video-preview:-1"},"canonical":"https:\/\/marktxxl.de\/markt\/produkt\/satanic-okkult-dark-art-evil-666-antichrist-goth-t-shirt\/","og_locale":"de_DE","og_type":"article","og_title":"Satanic Okkult Dark Art Evil 666 Antichrist Goth T-Shirt - Markt-XXL","og_description":"Markt-XXL Satanic Okkult Dark Art Evil 666 Antichrist Goth T-Shirt","og_url":"https:\/\/marktxxl.de\/markt\/produkt\/satanic-okkult-dark-art-evil-666-antichrist-goth-t-shirt\/","og_site_name":"Markt-XXL","twitter_card":"summary_large_image","twitter_misc":{"Gesch\u00e4tzte Lesezeit":"1\u00a0Minute"},"schema":{"@context":"https:\/\/schema.org","@graph":[{"@type":"WebPage","@id":"https:\/\/marktxxl.de\/markt\/produkt\/satanic-okkult-dark-art-evil-666-antichrist-goth-t-shirt\/","url":"https:\/\/marktxxl.de\/markt\/produkt\/satanic-okkult-dark-art-evil-666-antichrist-goth-t-shirt\/","name":"Satanic Okkult Dark Art Evil 666 Antichrist Goth T-Shirt - Markt-XXL","isPartOf":{"@id":"https:\/\/marktxxl.de\/markt\/#website"},"primaryImageOfPage":{"@id":"https:\/\/marktxxl.de\/markt\/produkt\/satanic-okkult-dark-art-evil-666-antichrist-goth-t-shirt\/#primaryimage"},"image":{"@id":"https:\/\/marktxxl.de\/markt\/produkt\/satanic-okkult-dark-art-evil-666-antichrist-goth-t-shirt\/#primaryimage"},"thumbnailUrl":"https:\/\/m.media-amazon.com\/images\/I\/41Pb1DAocLL._SL500_.jpg","datePublished":"2024-07-28T14:28:38+00:00","description":"Markt-XXL Satanic Okkult Dark Art Evil 666 Antichrist Goth T-Shirt","breadcrumb":{"@id":"https:\/\/marktxxl.de\/markt\/produkt\/satanic-okkult-dark-art-evil-666-antichrist-goth-t-shirt\/#breadcrumb"},"inLanguage":"de","potentialAction":[{"@type":"ReadAction","target":["https:\/\/marktxxl.de\/markt\/produkt\/satanic-okkult-dark-art-evil-666-antichrist-goth-t-shirt\/"]}]},{"@type":"ImageObject","inLanguage":"de","@id":"https:\/\/marktxxl.de\/markt\/produkt\/satanic-okkult-dark-art-evil-666-antichrist-goth-t-shirt\/#primaryimage","url":"https:\/\/m.media-amazon.com\/images\/I\/41Pb1DAocLL._SL500_.jpg","contentUrl":"https:\/\/m.media-amazon.com\/images\/I\/41Pb1DAocLL._SL500_.jpg","width":500,"height":468},{"@type":"BreadcrumbList","@id":"https:\/\/marktxxl.de\/markt\/produkt\/satanic-okkult-dark-art-evil-666-antichrist-goth-t-shirt\/#breadcrumb","itemListElement":[{"@type":"ListItem","position":1,"name":"Startseite","item":"https:\/\/marktxxl.de\/markt\/"},{"@type":"ListItem","position":2,"name":"Markt","item":"https:\/\/marktxxl.de\/markt\/"},{"@type":"ListItem","position":3,"name":"Satanic Okkult Dark Art Evil 666 Antichrist Goth T-Shirt"}]},{"@type":"WebSite","@id":"https:\/\/marktxxl.de\/markt\/#website","url":"https:\/\/marktxxl.de\/markt\/","name":"Markt-XXL","description":"Ihr Markt Online","publisher":{"@id":"https:\/\/marktxxl.de\/markt\/#organization"},"potentialAction":[{"@type":"SearchAction","target":{"@type":"EntryPoint","urlTemplate":"https:\/\/marktxxl.de\/markt\/?s={search_term_string}"},"query-input":{"@type":"PropertyValueSpecification","valueRequired":true,"valueName":"search_term_string"}}],"inLanguage":"de"},{"@type":"Organization","@id":"https:\/\/marktxxl.de\/markt\/#organization","name":"Markt-XXL","url":"https:\/\/marktxxl.de\/markt\/","logo":{"@type":"ImageObject","inLanguage":"de","@id":"https:\/\/marktxxl.de\/markt\/#\/schema\/logo\/image\/","url":"https:\/\/marktxxl.de\/markt\/wp-content\/uploads\/sites\/3\/2020\/12\/logo.png","contentUrl":"https:\/\/marktxxl.de\/markt\/wp-content\/uploads\/sites\/3\/2020\/12\/logo.png","width":200,"height":70,"caption":"Markt-XXL"},"image":{"@id":"https:\/\/marktxxl.de\/markt\/#\/schema\/logo\/image\/"}}]}},"_links":{"self":[{"href":"https:\/\/marktxxl.de\/markt\/wp-json\/wp\/v2\/product\/222695","targetHints":{"allow":["GET"]}}],"collection":[{"href":"https:\/\/marktxxl.de\/markt\/wp-json\/wp\/v2\/product"}],"about":[{"href":"https:\/\/marktxxl.de\/markt\/wp-json\/wp\/v2\/types\/product"}],"replies":[{"embeddable":true,"href":"https:\/\/marktxxl.de\/markt\/wp-json\/wp\/v2\/comments?post=222695"}],"wp:featuredmedia":[{"embeddable":true,"href":"https:\/\/marktxxl.de\/markt\/wp-json\/wp\/v2\/media\/222696"}],"wp:attachment":[{"href":"https:\/\/marktxxl.de\/markt\/wp-json\/wp\/v2\/media?parent=222695"}],"wp:term":[{"taxonomy":"product_brand","embeddable":true,"href":"https:\/\/marktxxl.de\/markt\/wp-json\/wp\/v2\/product_brand?post=222695"},{"taxonomy":"product_cat","embeddable":true,"href":"https:\/\/marktxxl.de\/markt\/wp-json\/wp\/v2\/product_cat?post=222695"},{"taxonomy":"product_tag","embeddable":true,"href":"https:\/\/marktxxl.de\/markt\/wp-json\/wp\/v2\/product_tag?post=222695"}],"curies":[{"name":"wp","href":"https:\/\/api.w.org\/{rel}","templated":true}]}}