{"id":222600,"date":"2024-07-28T16:19:46","date_gmt":"2024-07-28T14:19:46","guid":{"rendered":"https:\/\/marktxxl.de\/markt\/produkt\/bisousox-kinder-socken-jungen-maedchen-bunte-socken-kinder-baumwolle-kindersocken-sport-atmungsaktiv-lustige-socken-jungen-schulkind-socken-pizza-avocado-ei-taco-struempfe-geschenk-fuer-kinder\/"},"modified":"2024-07-28T16:19:46","modified_gmt":"2024-07-28T14:19:46","slug":"bisousox-kinder-socken-jungen-maedchen-bunte-socken-kinder-baumwolle-kindersocken-sport-atmungsaktiv-lustige-socken-jungen-schulkind-socken-pizza-avocado-ei-taco-struempfe-geschenk-fuer-kinder","status":"publish","type":"product","link":"https:\/\/marktxxl.de\/markt\/produkt\/bisousox-kinder-socken-jungen-maedchen-bunte-socken-kinder-baumwolle-kindersocken-sport-atmungsaktiv-lustige-socken-jungen-schulkind-socken-pizza-avocado-ei-taco-struempfe-geschenk-fuer-kinder\/","title":{"rendered":"BISOUSOX Kinder Socken Jungen M\u00e4dchen Bunte Socken Kinder Baumwolle Kindersocken Sport Atmungsaktiv Lustige Socken Jungen Schulkind Socken Pizza Avocado Ei Taco Str\u00fcmpfe Geschenk f\u00fcr Kinder"},"content":{"rendered":"<p>\ud83d\ude00\u3010BISOUSOX Bequeme Kindersocken\u3011Mit unseren Kindersocken f\u00fchlen Sie sich bequem und atmungsaktiv. Sie bestehen aus 80 % Baumwolle, GR\u00d6SSE: 27\u201330\uff086-8 Jahre\uff09\/31\u201335\uff088-12 Jahre\uff09. Geeignet f\u00fcr Kinder im Alter von 6\u201312 Jahren.<br \/>\n\u26bd\ud83c\udf55\u3010Socken mit vielen Themen\u3011Wer m\u00f6chte nicht leckeres Essen haben? wie Pizza, Spiegeleier, Taco. Es gibt auch s\u00fc\u00dfe Socken mit Weltraummotiv. Jedes Kind hat einen Astronautentraum. Viele Kinder m\u00f6gen Haie, wer unsere s\u00fc\u00dfen Haifischsocken tr\u00e4gt, ist gl\u00fccklich.<br \/>\n\ud83d\udeb4\u3010Kann jederzeit und \u00fcberall getragen werden\u3011Geeignet f\u00fcr drau\u00dfen und drinnen und kann das ganze Jahr \u00fcber getragen werden. Laufen, Fu\u00dfball spielen. Dadurch f\u00fchlen sich die F\u00fc\u00dfe sehr angenehm an und werden nicht eingeengt<br \/>\n\ud83d\ude80\u3010Tolle Geschenkauswahl\u3011 S\u00fc\u00dfe Kinder werden sehr aufgeregt sein, wenn sie die Geschenke auf einer Weltraum-Mottoparty, einer Food-Pizza-Mottoparty und am Kindertag, zum Schulanfang, zu Weihnachten und Neujahr erhalten.<br \/>\n\ud83d\udc9d\u3010Sorgenfreier Service\u3011Wenn Sie Probleme mit dem Produkt haben, das Sie erhalten haben, k\u00f6nnen Sie sich jederzeit an uns wenden. Wir werden unser Bestes tun, um Ihnen bei der L\u00f6sung des Problems zu helfen, bis Sie zufrieden sind.<br \/>\n<div class=\"main-cross-sell\" data-asin=\"B0CBLT9WXM\">\n\n\t<div class=\"WooZone-cross-sell-loader\">\n\t\t<div>\n\t\t\t<div id=\"floatingBarsG\">\n\t\t\t\t<div class=\"blockG\" id=\"rotateG_01\"><\/div>\n\t\t\t\t<div class=\"blockG\" id=\"rotateG_02\"><\/div>\n\t\t\t\t<div class=\"blockG\" id=\"rotateG_03\"><\/div>\n\t\t\t\t<div class=\"blockG\" id=\"rotateG_04\"><\/div>\n\t\t\t\t<div class=\"blockG\" id=\"rotateG_05\"><\/div>\n\t\t\t\t<div class=\"blockG\" id=\"rotateG_06\"><\/div>\n\t\t\t\t<div class=\"blockG\" id=\"rotateG_07\"><\/div>\n\t\t\t\t<div class=\"blockG\" id=\"rotateG_08\"><\/div>\n\t\t\t<\/div>\n\t\t\t<div class=\"WooZone-cross-sell-loader-text\"><\/div>\n\t\t<\/div>\n\t<\/div>\n\n\t\t\n<\/div>\n<div style=\"clear:both;\"><\/div><\/p>\n","protected":false},"excerpt":{"rendered":"<p>\ud83d\ude00\u3010BISOUSOX Bequeme Kindersocken\u3011Mit unseren Kindersocken f\u00fchlen Sie sich bequem und atmungsaktiv. Sie bestehen aus 80 % Baumwolle, GR\u00d6SSE: 27\u201330\uff086-8 Jahre\uff09\/31\u201335\uff088-12 Jahre\uff09. Geeignet f\u00fcr Kinder im Alter von 6\u201312 Jahren.<br \/>\n\u26bd\ud83c\udf55\u3010Socken mit vielen Themen\u3011Wer m\u00f6chte nicht leckeres Essen haben? wie Pizza, Spiegeleier, Taco. Es gibt auch s\u00fc\u00dfe Socken mit Weltraummotiv. Jedes Kind hat einen Astronautentraum. Viele Kinder m\u00f6gen Haie, wer unsere s\u00fc\u00dfen Haifischsocken tr\u00e4gt, ist gl\u00fccklich.<br \/>\n\ud83d\udeb4\u3010Kann jederzeit und \u00fcberall getragen werden\u3011Geeignet f\u00fcr drau\u00dfen und drinnen und kann das ganze Jahr \u00fcber getragen werden. Laufen, Fu\u00dfball spielen. Dadurch f\u00fchlen sich die F\u00fc\u00dfe sehr angenehm an und werden nicht eingeengt<\/p>\n","protected":false},"featured_media":222601,"comment_status":"open","ping_status":"closed","template":"","meta":[],"product_brand":[],"product_cat":[1186,4034],"product_tag":[],"class_list":{"0":"post-222600","1":"product","2":"type-product","3":"status-publish","4":"has-post-thumbnail","6":"product_cat-bekleidung","7":"product_cat-jungen","8":"pa_brand-bisousox","10":"first","11":"instock","12":"shipping-taxable","13":"product-type-simple","14":"customify-col","15":"product-has-gallery"},"yoast_head":"<!-- This site is optimized with the Yoast SEO plugin v27.4 - https:\/\/yoast.com\/product\/yoast-seo-wordpress\/ -->\n<title>BISOUSOX Kinder Socken Jungen M\u00e4dchen Bunte Socken Kinder Baumwolle Kindersocken Sport Atmungsaktiv Lustige Socken Jungen Schulkind Socken Pizza Avocado Ei Taco Str\u00fcmpfe Geschenk f\u00fcr Kinder - Markt-XXL<\/title>\n<meta name=\"description\" content=\"Markt-XXL BISOUSOX Kinder Socken Jungen M\u00e4dchen Bunte Socken Kinder Baumwolle Kindersocken Sport Atmungsaktiv Lustige Socken Jungen Schulkind Socken Pizza Avocado Ei Taco Str\u00fcmpfe Geschenk f\u00fcr Kinder\" \/>\n<meta name=\"robots\" content=\"index, follow, max-snippet:-1, max-image-preview:large, max-video-preview:-1\" \/>\n<link rel=\"canonical\" href=\"https:\/\/marktxxl.de\/markt\/produkt\/bisousox-kinder-socken-jungen-maedchen-bunte-socken-kinder-baumwolle-kindersocken-sport-atmungsaktiv-lustige-socken-jungen-schulkind-socken-pizza-avocado-ei-taco-struempfe-geschenk-fuer-kinder\/\" \/>\n<meta property=\"og:locale\" content=\"de_DE\" \/>\n<meta property=\"og:type\" content=\"article\" \/>\n<meta property=\"og:title\" content=\"BISOUSOX Kinder Socken Jungen M\u00e4dchen Bunte Socken Kinder Baumwolle Kindersocken Sport Atmungsaktiv Lustige Socken Jungen Schulkind Socken Pizza Avocado Ei Taco Str\u00fcmpfe Geschenk f\u00fcr Kinder - Markt-XXL\" \/>\n<meta property=\"og:description\" content=\"Markt-XXL BISOUSOX Kinder Socken Jungen M\u00e4dchen Bunte Socken Kinder Baumwolle Kindersocken Sport Atmungsaktiv Lustige Socken Jungen Schulkind Socken Pizza Avocado Ei Taco Str\u00fcmpfe Geschenk f\u00fcr Kinder\" \/>\n<meta property=\"og:url\" content=\"https:\/\/marktxxl.de\/markt\/produkt\/bisousox-kinder-socken-jungen-maedchen-bunte-socken-kinder-baumwolle-kindersocken-sport-atmungsaktiv-lustige-socken-jungen-schulkind-socken-pizza-avocado-ei-taco-struempfe-geschenk-fuer-kinder\/\" \/>\n<meta property=\"og:site_name\" content=\"Markt-XXL\" \/>\n<meta name=\"twitter:card\" content=\"summary_large_image\" \/>\n<meta name=\"twitter:label1\" content=\"Gesch\u00e4tzte Lesezeit\" \/>\n\t<meta name=\"twitter:data1\" content=\"1\u00a0Minute\" \/>\n<script type=\"application\/ld+json\" class=\"yoast-schema-graph\">{\"@context\":\"https:\\\/\\\/schema.org\",\"@graph\":[{\"@type\":\"WebPage\",\"@id\":\"https:\\\/\\\/marktxxl.de\\\/markt\\\/produkt\\\/bisousox-kinder-socken-jungen-maedchen-bunte-socken-kinder-baumwolle-kindersocken-sport-atmungsaktiv-lustige-socken-jungen-schulkind-socken-pizza-avocado-ei-taco-struempfe-geschenk-fuer-kinder\\\/\",\"url\":\"https:\\\/\\\/marktxxl.de\\\/markt\\\/produkt\\\/bisousox-kinder-socken-jungen-maedchen-bunte-socken-kinder-baumwolle-kindersocken-sport-atmungsaktiv-lustige-socken-jungen-schulkind-socken-pizza-avocado-ei-taco-struempfe-geschenk-fuer-kinder\\\/\",\"name\":\"BISOUSOX Kinder Socken Jungen M\u00e4dchen Bunte Socken Kinder Baumwolle Kindersocken Sport Atmungsaktiv Lustige Socken Jungen Schulkind Socken Pizza Avocado Ei Taco Str\u00fcmpfe Geschenk f\u00fcr Kinder - Markt-XXL\",\"isPartOf\":{\"@id\":\"https:\\\/\\\/marktxxl.de\\\/markt\\\/#website\"},\"primaryImageOfPage\":{\"@id\":\"https:\\\/\\\/marktxxl.de\\\/markt\\\/produkt\\\/bisousox-kinder-socken-jungen-maedchen-bunte-socken-kinder-baumwolle-kindersocken-sport-atmungsaktiv-lustige-socken-jungen-schulkind-socken-pizza-avocado-ei-taco-struempfe-geschenk-fuer-kinder\\\/#primaryimage\"},\"image\":{\"@id\":\"https:\\\/\\\/marktxxl.de\\\/markt\\\/produkt\\\/bisousox-kinder-socken-jungen-maedchen-bunte-socken-kinder-baumwolle-kindersocken-sport-atmungsaktiv-lustige-socken-jungen-schulkind-socken-pizza-avocado-ei-taco-struempfe-geschenk-fuer-kinder\\\/#primaryimage\"},\"thumbnailUrl\":\"https:\\\/\\\/m.media-amazon.com\\\/images\\\/I\\\/51kxEQdiqHL._SL500_.jpg\",\"datePublished\":\"2024-07-28T14:19:46+00:00\",\"description\":\"Markt-XXL BISOUSOX Kinder Socken Jungen M\u00e4dchen Bunte Socken Kinder Baumwolle Kindersocken Sport Atmungsaktiv Lustige Socken Jungen Schulkind Socken Pizza Avocado Ei Taco Str\u00fcmpfe Geschenk f\u00fcr Kinder\",\"breadcrumb\":{\"@id\":\"https:\\\/\\\/marktxxl.de\\\/markt\\\/produkt\\\/bisousox-kinder-socken-jungen-maedchen-bunte-socken-kinder-baumwolle-kindersocken-sport-atmungsaktiv-lustige-socken-jungen-schulkind-socken-pizza-avocado-ei-taco-struempfe-geschenk-fuer-kinder\\\/#breadcrumb\"},\"inLanguage\":\"de\",\"potentialAction\":[{\"@type\":\"ReadAction\",\"target\":[\"https:\\\/\\\/marktxxl.de\\\/markt\\\/produkt\\\/bisousox-kinder-socken-jungen-maedchen-bunte-socken-kinder-baumwolle-kindersocken-sport-atmungsaktiv-lustige-socken-jungen-schulkind-socken-pizza-avocado-ei-taco-struempfe-geschenk-fuer-kinder\\\/\"]}]},{\"@type\":\"ImageObject\",\"inLanguage\":\"de\",\"@id\":\"https:\\\/\\\/marktxxl.de\\\/markt\\\/produkt\\\/bisousox-kinder-socken-jungen-maedchen-bunte-socken-kinder-baumwolle-kindersocken-sport-atmungsaktiv-lustige-socken-jungen-schulkind-socken-pizza-avocado-ei-taco-struempfe-geschenk-fuer-kinder\\\/#primaryimage\",\"url\":\"https:\\\/\\\/m.media-amazon.com\\\/images\\\/I\\\/51kxEQdiqHL._SL500_.jpg\",\"contentUrl\":\"https:\\\/\\\/m.media-amazon.com\\\/images\\\/I\\\/51kxEQdiqHL._SL500_.jpg\",\"width\":500,\"height\":500},{\"@type\":\"BreadcrumbList\",\"@id\":\"https:\\\/\\\/marktxxl.de\\\/markt\\\/produkt\\\/bisousox-kinder-socken-jungen-maedchen-bunte-socken-kinder-baumwolle-kindersocken-sport-atmungsaktiv-lustige-socken-jungen-schulkind-socken-pizza-avocado-ei-taco-struempfe-geschenk-fuer-kinder\\\/#breadcrumb\",\"itemListElement\":[{\"@type\":\"ListItem\",\"position\":1,\"name\":\"Startseite\",\"item\":\"https:\\\/\\\/marktxxl.de\\\/markt\\\/\"},{\"@type\":\"ListItem\",\"position\":2,\"name\":\"Markt\",\"item\":\"https:\\\/\\\/marktxxl.de\\\/markt\\\/\"},{\"@type\":\"ListItem\",\"position\":3,\"name\":\"BISOUSOX Kinder Socken Jungen M\u00e4dchen Bunte Socken Kinder Baumwolle Kindersocken Sport Atmungsaktiv Lustige Socken Jungen Schulkind Socken Pizza Avocado Ei Taco Str\u00fcmpfe Geschenk f\u00fcr Kinder\"}]},{\"@type\":\"WebSite\",\"@id\":\"https:\\\/\\\/marktxxl.de\\\/markt\\\/#website\",\"url\":\"https:\\\/\\\/marktxxl.de\\\/markt\\\/\",\"name\":\"Markt-XXL\",\"description\":\"Ihr Markt Online\",\"publisher\":{\"@id\":\"https:\\\/\\\/marktxxl.de\\\/markt\\\/#organization\"},\"potentialAction\":[{\"@type\":\"SearchAction\",\"target\":{\"@type\":\"EntryPoint\",\"urlTemplate\":\"https:\\\/\\\/marktxxl.de\\\/markt\\\/?s={search_term_string}\"},\"query-input\":{\"@type\":\"PropertyValueSpecification\",\"valueRequired\":true,\"valueName\":\"search_term_string\"}}],\"inLanguage\":\"de\"},{\"@type\":\"Organization\",\"@id\":\"https:\\\/\\\/marktxxl.de\\\/markt\\\/#organization\",\"name\":\"Markt-XXL\",\"url\":\"https:\\\/\\\/marktxxl.de\\\/markt\\\/\",\"logo\":{\"@type\":\"ImageObject\",\"inLanguage\":\"de\",\"@id\":\"https:\\\/\\\/marktxxl.de\\\/markt\\\/#\\\/schema\\\/logo\\\/image\\\/\",\"url\":\"https:\\\/\\\/marktxxl.de\\\/markt\\\/wp-content\\\/uploads\\\/sites\\\/3\\\/2020\\\/12\\\/logo.png\",\"contentUrl\":\"https:\\\/\\\/marktxxl.de\\\/markt\\\/wp-content\\\/uploads\\\/sites\\\/3\\\/2020\\\/12\\\/logo.png\",\"width\":200,\"height\":70,\"caption\":\"Markt-XXL\"},\"image\":{\"@id\":\"https:\\\/\\\/marktxxl.de\\\/markt\\\/#\\\/schema\\\/logo\\\/image\\\/\"}}]}<\/script>\n<!-- \/ Yoast SEO plugin. -->","yoast_head_json":{"title":"BISOUSOX Kinder Socken Jungen M\u00e4dchen Bunte Socken Kinder Baumwolle Kindersocken Sport Atmungsaktiv Lustige Socken Jungen Schulkind Socken Pizza Avocado Ei Taco Str\u00fcmpfe Geschenk f\u00fcr Kinder - Markt-XXL","description":"Markt-XXL BISOUSOX Kinder Socken Jungen M\u00e4dchen Bunte Socken Kinder Baumwolle Kindersocken Sport Atmungsaktiv Lustige Socken Jungen Schulkind Socken Pizza Avocado Ei Taco Str\u00fcmpfe Geschenk f\u00fcr Kinder","robots":{"index":"index","follow":"follow","max-snippet":"max-snippet:-1","max-image-preview":"max-image-preview:large","max-video-preview":"max-video-preview:-1"},"canonical":"https:\/\/marktxxl.de\/markt\/produkt\/bisousox-kinder-socken-jungen-maedchen-bunte-socken-kinder-baumwolle-kindersocken-sport-atmungsaktiv-lustige-socken-jungen-schulkind-socken-pizza-avocado-ei-taco-struempfe-geschenk-fuer-kinder\/","og_locale":"de_DE","og_type":"article","og_title":"BISOUSOX Kinder Socken Jungen M\u00e4dchen Bunte Socken Kinder Baumwolle Kindersocken Sport Atmungsaktiv Lustige Socken Jungen Schulkind Socken Pizza Avocado Ei Taco Str\u00fcmpfe Geschenk f\u00fcr Kinder - Markt-XXL","og_description":"Markt-XXL BISOUSOX Kinder Socken Jungen M\u00e4dchen Bunte Socken Kinder Baumwolle Kindersocken Sport Atmungsaktiv Lustige Socken Jungen Schulkind Socken Pizza Avocado Ei Taco Str\u00fcmpfe Geschenk f\u00fcr Kinder","og_url":"https:\/\/marktxxl.de\/markt\/produkt\/bisousox-kinder-socken-jungen-maedchen-bunte-socken-kinder-baumwolle-kindersocken-sport-atmungsaktiv-lustige-socken-jungen-schulkind-socken-pizza-avocado-ei-taco-struempfe-geschenk-fuer-kinder\/","og_site_name":"Markt-XXL","twitter_card":"summary_large_image","twitter_misc":{"Gesch\u00e4tzte Lesezeit":"1\u00a0Minute"},"schema":{"@context":"https:\/\/schema.org","@graph":[{"@type":"WebPage","@id":"https:\/\/marktxxl.de\/markt\/produkt\/bisousox-kinder-socken-jungen-maedchen-bunte-socken-kinder-baumwolle-kindersocken-sport-atmungsaktiv-lustige-socken-jungen-schulkind-socken-pizza-avocado-ei-taco-struempfe-geschenk-fuer-kinder\/","url":"https:\/\/marktxxl.de\/markt\/produkt\/bisousox-kinder-socken-jungen-maedchen-bunte-socken-kinder-baumwolle-kindersocken-sport-atmungsaktiv-lustige-socken-jungen-schulkind-socken-pizza-avocado-ei-taco-struempfe-geschenk-fuer-kinder\/","name":"BISOUSOX Kinder Socken Jungen M\u00e4dchen Bunte Socken Kinder Baumwolle Kindersocken Sport Atmungsaktiv Lustige Socken Jungen Schulkind Socken Pizza Avocado Ei Taco Str\u00fcmpfe Geschenk f\u00fcr Kinder - Markt-XXL","isPartOf":{"@id":"https:\/\/marktxxl.de\/markt\/#website"},"primaryImageOfPage":{"@id":"https:\/\/marktxxl.de\/markt\/produkt\/bisousox-kinder-socken-jungen-maedchen-bunte-socken-kinder-baumwolle-kindersocken-sport-atmungsaktiv-lustige-socken-jungen-schulkind-socken-pizza-avocado-ei-taco-struempfe-geschenk-fuer-kinder\/#primaryimage"},"image":{"@id":"https:\/\/marktxxl.de\/markt\/produkt\/bisousox-kinder-socken-jungen-maedchen-bunte-socken-kinder-baumwolle-kindersocken-sport-atmungsaktiv-lustige-socken-jungen-schulkind-socken-pizza-avocado-ei-taco-struempfe-geschenk-fuer-kinder\/#primaryimage"},"thumbnailUrl":"https:\/\/m.media-amazon.com\/images\/I\/51kxEQdiqHL._SL500_.jpg","datePublished":"2024-07-28T14:19:46+00:00","description":"Markt-XXL BISOUSOX Kinder Socken Jungen M\u00e4dchen Bunte Socken Kinder Baumwolle Kindersocken Sport Atmungsaktiv Lustige Socken Jungen Schulkind Socken Pizza Avocado Ei Taco Str\u00fcmpfe Geschenk f\u00fcr Kinder","breadcrumb":{"@id":"https:\/\/marktxxl.de\/markt\/produkt\/bisousox-kinder-socken-jungen-maedchen-bunte-socken-kinder-baumwolle-kindersocken-sport-atmungsaktiv-lustige-socken-jungen-schulkind-socken-pizza-avocado-ei-taco-struempfe-geschenk-fuer-kinder\/#breadcrumb"},"inLanguage":"de","potentialAction":[{"@type":"ReadAction","target":["https:\/\/marktxxl.de\/markt\/produkt\/bisousox-kinder-socken-jungen-maedchen-bunte-socken-kinder-baumwolle-kindersocken-sport-atmungsaktiv-lustige-socken-jungen-schulkind-socken-pizza-avocado-ei-taco-struempfe-geschenk-fuer-kinder\/"]}]},{"@type":"ImageObject","inLanguage":"de","@id":"https:\/\/marktxxl.de\/markt\/produkt\/bisousox-kinder-socken-jungen-maedchen-bunte-socken-kinder-baumwolle-kindersocken-sport-atmungsaktiv-lustige-socken-jungen-schulkind-socken-pizza-avocado-ei-taco-struempfe-geschenk-fuer-kinder\/#primaryimage","url":"https:\/\/m.media-amazon.com\/images\/I\/51kxEQdiqHL._SL500_.jpg","contentUrl":"https:\/\/m.media-amazon.com\/images\/I\/51kxEQdiqHL._SL500_.jpg","width":500,"height":500},{"@type":"BreadcrumbList","@id":"https:\/\/marktxxl.de\/markt\/produkt\/bisousox-kinder-socken-jungen-maedchen-bunte-socken-kinder-baumwolle-kindersocken-sport-atmungsaktiv-lustige-socken-jungen-schulkind-socken-pizza-avocado-ei-taco-struempfe-geschenk-fuer-kinder\/#breadcrumb","itemListElement":[{"@type":"ListItem","position":1,"name":"Startseite","item":"https:\/\/marktxxl.de\/markt\/"},{"@type":"ListItem","position":2,"name":"Markt","item":"https:\/\/marktxxl.de\/markt\/"},{"@type":"ListItem","position":3,"name":"BISOUSOX Kinder Socken Jungen M\u00e4dchen Bunte Socken Kinder Baumwolle Kindersocken Sport Atmungsaktiv Lustige Socken Jungen Schulkind Socken Pizza Avocado Ei Taco Str\u00fcmpfe Geschenk f\u00fcr Kinder"}]},{"@type":"WebSite","@id":"https:\/\/marktxxl.de\/markt\/#website","url":"https:\/\/marktxxl.de\/markt\/","name":"Markt-XXL","description":"Ihr Markt Online","publisher":{"@id":"https:\/\/marktxxl.de\/markt\/#organization"},"potentialAction":[{"@type":"SearchAction","target":{"@type":"EntryPoint","urlTemplate":"https:\/\/marktxxl.de\/markt\/?s={search_term_string}"},"query-input":{"@type":"PropertyValueSpecification","valueRequired":true,"valueName":"search_term_string"}}],"inLanguage":"de"},{"@type":"Organization","@id":"https:\/\/marktxxl.de\/markt\/#organization","name":"Markt-XXL","url":"https:\/\/marktxxl.de\/markt\/","logo":{"@type":"ImageObject","inLanguage":"de","@id":"https:\/\/marktxxl.de\/markt\/#\/schema\/logo\/image\/","url":"https:\/\/marktxxl.de\/markt\/wp-content\/uploads\/sites\/3\/2020\/12\/logo.png","contentUrl":"https:\/\/marktxxl.de\/markt\/wp-content\/uploads\/sites\/3\/2020\/12\/logo.png","width":200,"height":70,"caption":"Markt-XXL"},"image":{"@id":"https:\/\/marktxxl.de\/markt\/#\/schema\/logo\/image\/"}}]}},"_links":{"self":[{"href":"https:\/\/marktxxl.de\/markt\/wp-json\/wp\/v2\/product\/222600","targetHints":{"allow":["GET"]}}],"collection":[{"href":"https:\/\/marktxxl.de\/markt\/wp-json\/wp\/v2\/product"}],"about":[{"href":"https:\/\/marktxxl.de\/markt\/wp-json\/wp\/v2\/types\/product"}],"replies":[{"embeddable":true,"href":"https:\/\/marktxxl.de\/markt\/wp-json\/wp\/v2\/comments?post=222600"}],"wp:featuredmedia":[{"embeddable":true,"href":"https:\/\/marktxxl.de\/markt\/wp-json\/wp\/v2\/media\/222601"}],"wp:attachment":[{"href":"https:\/\/marktxxl.de\/markt\/wp-json\/wp\/v2\/media?parent=222600"}],"wp:term":[{"taxonomy":"product_brand","embeddable":true,"href":"https:\/\/marktxxl.de\/markt\/wp-json\/wp\/v2\/product_brand?post=222600"},{"taxonomy":"product_cat","embeddable":true,"href":"https:\/\/marktxxl.de\/markt\/wp-json\/wp\/v2\/product_cat?post=222600"},{"taxonomy":"product_tag","embeddable":true,"href":"https:\/\/marktxxl.de\/markt\/wp-json\/wp\/v2\/product_tag?post=222600"}],"curies":[{"name":"wp","href":"https:\/\/api.w.org\/{rel}","templated":true}]}}