{"id":222509,"date":"2024-07-28T16:16:07","date_gmt":"2024-07-28T14:16:07","guid":{"rendered":"https:\/\/marktxxl.de\/markt\/produkt\/aisir-wallet-slim-wallet-geldboerse-herren-mini-geldbeutel-herren-und-damen-mit-rfid-geldbeutel-herren-slim-wallet-mit-muenzfach%ef%bc%88braun%ef%bc%89\/"},"modified":"2024-07-28T16:16:07","modified_gmt":"2024-07-28T14:16:07","slug":"aisir-wallet-slim-wallet-geldboerse-herren-mini-geldbeutel-herren-und-damen-mit-rfid-geldbeutel-herren-slim-wallet-mit-muenzfach%ef%bc%88braun%ef%bc%89","status":"publish","type":"product","link":"https:\/\/marktxxl.de\/markt\/produkt\/aisir-wallet-slim-wallet-geldboerse-herren-mini-geldbeutel-herren-und-damen-mit-rfid-geldbeutel-herren-slim-wallet-mit-muenzfach%ef%bc%88braun%ef%bc%89\/","title":{"rendered":"AISIR Wallet, Slim Wallet, Geldb\u00f6rse Herren, Mini Geldbeutel Herren und Damen mit RFID, Geldbeutel Herren, Slim Wallet mit M\u00fcnzfach\uff08braun\uff09"},"content":{"rendered":"<p>\u3010RFID-Schutz\u3011: Wallet Ausgestattet mit RFID-Schutzfunktion, kann es effektiv irgendeine Form von Diebstahl verhindern, Ihre pers\u00f6nlichen Daten und Kreditkarten vor dem Scannen durch Diebe von der Quelle sch\u00fctzen, Ihre Reise sch\u00fctzen und versuchen, die Sicherheit von Kreditkarten, Bankkarten, P\u00e4ssen und F\u00fchrerscheinen zu sch\u00fctzen.<br \/>\n\u3010 Exquisite Design \u3011: Wir slim wallet mit m\u00fcnzfach kartenhalter mit m\u00fcnzfach nehmen ein minimalistisches und kleines Design an, das einfach, aber elegant ist, und passen in Ihre Tasche f\u00fcr einfaches Tragen. Dar\u00fcber hinaus haben wir auch M\u00fcnzs\u00e4cke, die Ihre M\u00fcnzen halten und verhindern, dass sie herumlaufen.<br \/>\n\u3010 Hochwertiges Material \u3011: Wir kartenhalter mit m\u00fcnzfach haben hochwertiges Ledermaterial gew\u00e4hlt, das \u00c4sthetik gew\u00e4hrleistet und gleichzeitig wasserdicht, \u00f6lbest\u00e4ndig und korrosionsbest\u00e4ndig ist und die Lebensdauer dieser Geldb\u00f6rse effektiv erh\u00f6ht.<br \/>\n\u3010Perfektes Geschenk\u3011: Ein kleines und elegantes braunes geldb\u00f6rse herren von hoher Qualit\u00e4t, egal ob Weihnachten, Geburtstag, Ostern oder Valentinstag,vatertagsgeschenk,unsere Brieftasche wird von Frauen und M\u00e4nnern geliebt. Geldb\u00f6rse ist nicht nur ein Aufbewahrungswerkzeug, sondern auch eine kleine Accessoire-Tasche, die unser Leben schm\u00fcckt und es zu Ihrem perfekten Geschenk macht,geldb\u00f6rsen, ausweis- &amp; kartenh\u00fcllen f\u00fcr herren.<br \/>\n\u3010Perfekter Pre-Sales- und After-Sales-Service\u3011: Dass wir geduldig jede Frage beantworten, l\u00f6sen Sie jede Frage, und machen Sie Ihre Bestellung gl\u00fccklich und erhalten Sie Ihre Geldb\u00f6rse gl\u00fccklich, ob vor oder nach der Bestellung.<br \/>\n<div class=\"main-cross-sell\" data-asin=\"B0CTF7K34Q\">\n\n\t<div class=\"WooZone-cross-sell-loader\">\n\t\t<div>\n\t\t\t<div id=\"floatingBarsG\">\n\t\t\t\t<div class=\"blockG\" id=\"rotateG_01\"><\/div>\n\t\t\t\t<div class=\"blockG\" id=\"rotateG_02\"><\/div>\n\t\t\t\t<div class=\"blockG\" id=\"rotateG_03\"><\/div>\n\t\t\t\t<div class=\"blockG\" id=\"rotateG_04\"><\/div>\n\t\t\t\t<div class=\"blockG\" id=\"rotateG_05\"><\/div>\n\t\t\t\t<div class=\"blockG\" id=\"rotateG_06\"><\/div>\n\t\t\t\t<div class=\"blockG\" id=\"rotateG_07\"><\/div>\n\t\t\t\t<div class=\"blockG\" id=\"rotateG_08\"><\/div>\n\t\t\t<\/div>\n\t\t\t<div class=\"WooZone-cross-sell-loader-text\"><\/div>\n\t\t<\/div>\n\t<\/div>\n\n\t\t\n<\/div>\n<div style=\"clear:both;\"><\/div><\/p>\n","protected":false},"excerpt":{"rendered":"<p>\u3010RFID-Schutz\u3011: Wallet Ausgestattet mit RFID-Schutzfunktion, kann es effektiv irgendeine Form von Diebstahl verhindern, Ihre pers\u00f6nlichen Daten und Kreditkarten vor dem Scannen durch Diebe von der Quelle sch\u00fctzen, Ihre Reise sch\u00fctzen und versuchen, die Sicherheit von Kreditkarten, Bankkarten, P\u00e4ssen und F\u00fchrerscheinen zu sch\u00fctzen.<br \/>\n\u3010 Exquisite Design \u3011: Wir slim wallet mit m\u00fcnzfach kartenhalter mit m\u00fcnzfach nehmen ein minimalistisches und kleines Design an, das einfach, aber elegant ist, und passen in Ihre Tasche f\u00fcr einfaches Tragen. Dar\u00fcber hinaus haben wir auch M\u00fcnzs\u00e4cke, die Ihre M\u00fcnzen halten und verhindern, dass sie herumlaufen.<br \/>\n\u3010 Hochwertiges Material \u3011: Wir kartenhalter mit m\u00fcnzfach haben hochwertiges Ledermaterial gew\u00e4hlt, das \u00c4sthetik gew\u00e4hrleistet und gleichzeitig wasserdicht, \u00f6lbest\u00e4ndig und korrosionsbest\u00e4ndig ist und die Lebensdauer dieser Geldb\u00f6rse effektiv erh\u00f6ht.<\/p>\n","protected":false},"featured_media":222510,"comment_status":"open","ping_status":"closed","template":"","meta":[],"product_brand":[],"product_cat":[1186],"product_tag":[],"class_list":{"0":"post-222509","1":"product","2":"type-product","3":"status-publish","4":"has-post-thumbnail","6":"product_cat-bekleidung","7":"pa_binding-textilien","8":"pa_brand-aisir","9":"pa_color-braun","10":"pa_height-0-9448818888-zoll","11":"pa_length-4-1338582635-zoll","12":"pa_model-aisir-2zqb-002","13":"pa_width-2-8740157451-zoll","15":"first","16":"instock","17":"sale","18":"shipping-taxable","19":"purchasable","20":"product-type-simple","21":"customify-col","22":"product-has-gallery"},"yoast_head":"<!-- This site is optimized with the Yoast SEO plugin v27.3 - https:\/\/yoast.com\/product\/yoast-seo-wordpress\/ -->\n<title>AISIR Wallet, Slim Wallet, Geldb\u00f6rse Herren, Mini Geldbeutel Herren und Damen mit RFID, Geldbeutel Herren, Slim Wallet mit M\u00fcnzfach\uff08braun\uff09 - Markt-XXL<\/title>\n<meta name=\"description\" content=\"Markt-XXL AISIR Wallet, Slim Wallet, Geldb\u00f6rse Herren, Mini Geldbeutel Herren und Damen mit RFID, Geldbeutel Herren, Slim Wallet mit M\u00fcnzfach\uff08braun\uff09\" \/>\n<meta name=\"robots\" content=\"index, follow, max-snippet:-1, max-image-preview:large, max-video-preview:-1\" \/>\n<link rel=\"canonical\" href=\"https:\/\/marktxxl.de\/markt\/produkt\/aisir-wallet-slim-wallet-geldboerse-herren-mini-geldbeutel-herren-und-damen-mit-rfid-geldbeutel-herren-slim-wallet-mit-muenzfach\uff08braun\uff09\/\" \/>\n<meta property=\"og:locale\" content=\"de_DE\" \/>\n<meta property=\"og:type\" content=\"article\" \/>\n<meta property=\"og:title\" content=\"AISIR Wallet, Slim Wallet, Geldb\u00f6rse Herren, Mini Geldbeutel Herren und Damen mit RFID, Geldbeutel Herren, Slim Wallet mit M\u00fcnzfach\uff08braun\uff09 - Markt-XXL\" \/>\n<meta property=\"og:description\" content=\"Markt-XXL AISIR Wallet, Slim Wallet, Geldb\u00f6rse Herren, Mini Geldbeutel Herren und Damen mit RFID, Geldbeutel Herren, Slim Wallet mit M\u00fcnzfach\uff08braun\uff09\" \/>\n<meta property=\"og:url\" content=\"https:\/\/marktxxl.de\/markt\/produkt\/aisir-wallet-slim-wallet-geldboerse-herren-mini-geldbeutel-herren-und-damen-mit-rfid-geldbeutel-herren-slim-wallet-mit-muenzfach\uff08braun\uff09\/\" \/>\n<meta property=\"og:site_name\" content=\"Markt-XXL\" \/>\n<meta name=\"twitter:card\" content=\"summary_large_image\" \/>\n<meta name=\"twitter:label1\" content=\"Gesch\u00e4tzte Lesezeit\" \/>\n\t<meta name=\"twitter:data1\" content=\"1\u00a0Minute\" \/>\n<script type=\"application\/ld+json\" class=\"yoast-schema-graph\">{\"@context\":\"https:\\\/\\\/schema.org\",\"@graph\":[{\"@type\":\"WebPage\",\"@id\":\"https:\\\/\\\/marktxxl.de\\\/markt\\\/produkt\\\/aisir-wallet-slim-wallet-geldboerse-herren-mini-geldbeutel-herren-und-damen-mit-rfid-geldbeutel-herren-slim-wallet-mit-muenzfach%ef%bc%88braun%ef%bc%89\\\/\",\"url\":\"https:\\\/\\\/marktxxl.de\\\/markt\\\/produkt\\\/aisir-wallet-slim-wallet-geldboerse-herren-mini-geldbeutel-herren-und-damen-mit-rfid-geldbeutel-herren-slim-wallet-mit-muenzfach%ef%bc%88braun%ef%bc%89\\\/\",\"name\":\"AISIR Wallet, Slim Wallet, Geldb\u00f6rse Herren, Mini Geldbeutel Herren und Damen mit RFID, Geldbeutel Herren, Slim Wallet mit M\u00fcnzfach\uff08braun\uff09 - Markt-XXL\",\"isPartOf\":{\"@id\":\"https:\\\/\\\/marktxxl.de\\\/markt\\\/#website\"},\"primaryImageOfPage\":{\"@id\":\"https:\\\/\\\/marktxxl.de\\\/markt\\\/produkt\\\/aisir-wallet-slim-wallet-geldboerse-herren-mini-geldbeutel-herren-und-damen-mit-rfid-geldbeutel-herren-slim-wallet-mit-muenzfach%ef%bc%88braun%ef%bc%89\\\/#primaryimage\"},\"image\":{\"@id\":\"https:\\\/\\\/marktxxl.de\\\/markt\\\/produkt\\\/aisir-wallet-slim-wallet-geldboerse-herren-mini-geldbeutel-herren-und-damen-mit-rfid-geldbeutel-herren-slim-wallet-mit-muenzfach%ef%bc%88braun%ef%bc%89\\\/#primaryimage\"},\"thumbnailUrl\":\"https:\\\/\\\/m.media-amazon.com\\\/images\\\/I\\\/41rsDiWrTSL._SL500_.jpg\",\"datePublished\":\"2024-07-28T14:16:07+00:00\",\"description\":\"Markt-XXL AISIR Wallet, Slim Wallet, Geldb\u00f6rse Herren, Mini Geldbeutel Herren und Damen mit RFID, Geldbeutel Herren, Slim Wallet mit M\u00fcnzfach\uff08braun\uff09\",\"breadcrumb\":{\"@id\":\"https:\\\/\\\/marktxxl.de\\\/markt\\\/produkt\\\/aisir-wallet-slim-wallet-geldboerse-herren-mini-geldbeutel-herren-und-damen-mit-rfid-geldbeutel-herren-slim-wallet-mit-muenzfach%ef%bc%88braun%ef%bc%89\\\/#breadcrumb\"},\"inLanguage\":\"de\",\"potentialAction\":[{\"@type\":\"ReadAction\",\"target\":[\"https:\\\/\\\/marktxxl.de\\\/markt\\\/produkt\\\/aisir-wallet-slim-wallet-geldboerse-herren-mini-geldbeutel-herren-und-damen-mit-rfid-geldbeutel-herren-slim-wallet-mit-muenzfach%ef%bc%88braun%ef%bc%89\\\/\"]}]},{\"@type\":\"ImageObject\",\"inLanguage\":\"de\",\"@id\":\"https:\\\/\\\/marktxxl.de\\\/markt\\\/produkt\\\/aisir-wallet-slim-wallet-geldboerse-herren-mini-geldbeutel-herren-und-damen-mit-rfid-geldbeutel-herren-slim-wallet-mit-muenzfach%ef%bc%88braun%ef%bc%89\\\/#primaryimage\",\"url\":\"https:\\\/\\\/m.media-amazon.com\\\/images\\\/I\\\/41rsDiWrTSL._SL500_.jpg\",\"contentUrl\":\"https:\\\/\\\/m.media-amazon.com\\\/images\\\/I\\\/41rsDiWrTSL._SL500_.jpg\",\"width\":500,\"height\":500},{\"@type\":\"BreadcrumbList\",\"@id\":\"https:\\\/\\\/marktxxl.de\\\/markt\\\/produkt\\\/aisir-wallet-slim-wallet-geldboerse-herren-mini-geldbeutel-herren-und-damen-mit-rfid-geldbeutel-herren-slim-wallet-mit-muenzfach%ef%bc%88braun%ef%bc%89\\\/#breadcrumb\",\"itemListElement\":[{\"@type\":\"ListItem\",\"position\":1,\"name\":\"Startseite\",\"item\":\"https:\\\/\\\/marktxxl.de\\\/markt\\\/\"},{\"@type\":\"ListItem\",\"position\":2,\"name\":\"Markt\",\"item\":\"https:\\\/\\\/marktxxl.de\\\/markt\\\/\"},{\"@type\":\"ListItem\",\"position\":3,\"name\":\"AISIR Wallet, Slim Wallet, Geldb\u00f6rse Herren, Mini Geldbeutel Herren und Damen mit RFID, Geldbeutel Herren, Slim Wallet mit M\u00fcnzfach\uff08braun\uff09\"}]},{\"@type\":\"WebSite\",\"@id\":\"https:\\\/\\\/marktxxl.de\\\/markt\\\/#website\",\"url\":\"https:\\\/\\\/marktxxl.de\\\/markt\\\/\",\"name\":\"Markt-XXL\",\"description\":\"Ihr Markt Online\",\"publisher\":{\"@id\":\"https:\\\/\\\/marktxxl.de\\\/markt\\\/#organization\"},\"potentialAction\":[{\"@type\":\"SearchAction\",\"target\":{\"@type\":\"EntryPoint\",\"urlTemplate\":\"https:\\\/\\\/marktxxl.de\\\/markt\\\/?s={search_term_string}\"},\"query-input\":{\"@type\":\"PropertyValueSpecification\",\"valueRequired\":true,\"valueName\":\"search_term_string\"}}],\"inLanguage\":\"de\"},{\"@type\":\"Organization\",\"@id\":\"https:\\\/\\\/marktxxl.de\\\/markt\\\/#organization\",\"name\":\"Markt-XXL\",\"url\":\"https:\\\/\\\/marktxxl.de\\\/markt\\\/\",\"logo\":{\"@type\":\"ImageObject\",\"inLanguage\":\"de\",\"@id\":\"https:\\\/\\\/marktxxl.de\\\/markt\\\/#\\\/schema\\\/logo\\\/image\\\/\",\"url\":\"https:\\\/\\\/marktxxl.de\\\/markt\\\/wp-content\\\/uploads\\\/sites\\\/3\\\/2020\\\/12\\\/logo.png\",\"contentUrl\":\"https:\\\/\\\/marktxxl.de\\\/markt\\\/wp-content\\\/uploads\\\/sites\\\/3\\\/2020\\\/12\\\/logo.png\",\"width\":200,\"height\":70,\"caption\":\"Markt-XXL\"},\"image\":{\"@id\":\"https:\\\/\\\/marktxxl.de\\\/markt\\\/#\\\/schema\\\/logo\\\/image\\\/\"}}]}<\/script>\n<!-- \/ Yoast SEO plugin. -->","yoast_head_json":{"title":"AISIR Wallet, Slim Wallet, Geldb\u00f6rse Herren, Mini Geldbeutel Herren und Damen mit RFID, Geldbeutel Herren, Slim Wallet mit M\u00fcnzfach\uff08braun\uff09 - Markt-XXL","description":"Markt-XXL AISIR Wallet, Slim Wallet, Geldb\u00f6rse Herren, Mini Geldbeutel Herren und Damen mit RFID, Geldbeutel Herren, Slim Wallet mit M\u00fcnzfach\uff08braun\uff09","robots":{"index":"index","follow":"follow","max-snippet":"max-snippet:-1","max-image-preview":"max-image-preview:large","max-video-preview":"max-video-preview:-1"},"canonical":"https:\/\/marktxxl.de\/markt\/produkt\/aisir-wallet-slim-wallet-geldboerse-herren-mini-geldbeutel-herren-und-damen-mit-rfid-geldbeutel-herren-slim-wallet-mit-muenzfach\uff08braun\uff09\/","og_locale":"de_DE","og_type":"article","og_title":"AISIR Wallet, Slim Wallet, Geldb\u00f6rse Herren, Mini Geldbeutel Herren und Damen mit RFID, Geldbeutel Herren, Slim Wallet mit M\u00fcnzfach\uff08braun\uff09 - Markt-XXL","og_description":"Markt-XXL AISIR Wallet, Slim Wallet, Geldb\u00f6rse Herren, Mini Geldbeutel Herren und Damen mit RFID, Geldbeutel Herren, Slim Wallet mit M\u00fcnzfach\uff08braun\uff09","og_url":"https:\/\/marktxxl.de\/markt\/produkt\/aisir-wallet-slim-wallet-geldboerse-herren-mini-geldbeutel-herren-und-damen-mit-rfid-geldbeutel-herren-slim-wallet-mit-muenzfach\uff08braun\uff09\/","og_site_name":"Markt-XXL","twitter_card":"summary_large_image","twitter_misc":{"Gesch\u00e4tzte Lesezeit":"1\u00a0Minute"},"schema":{"@context":"https:\/\/schema.org","@graph":[{"@type":"WebPage","@id":"https:\/\/marktxxl.de\/markt\/produkt\/aisir-wallet-slim-wallet-geldboerse-herren-mini-geldbeutel-herren-und-damen-mit-rfid-geldbeutel-herren-slim-wallet-mit-muenzfach%ef%bc%88braun%ef%bc%89\/","url":"https:\/\/marktxxl.de\/markt\/produkt\/aisir-wallet-slim-wallet-geldboerse-herren-mini-geldbeutel-herren-und-damen-mit-rfid-geldbeutel-herren-slim-wallet-mit-muenzfach%ef%bc%88braun%ef%bc%89\/","name":"AISIR Wallet, Slim Wallet, Geldb\u00f6rse Herren, Mini Geldbeutel Herren und Damen mit RFID, Geldbeutel Herren, Slim Wallet mit M\u00fcnzfach\uff08braun\uff09 - Markt-XXL","isPartOf":{"@id":"https:\/\/marktxxl.de\/markt\/#website"},"primaryImageOfPage":{"@id":"https:\/\/marktxxl.de\/markt\/produkt\/aisir-wallet-slim-wallet-geldboerse-herren-mini-geldbeutel-herren-und-damen-mit-rfid-geldbeutel-herren-slim-wallet-mit-muenzfach%ef%bc%88braun%ef%bc%89\/#primaryimage"},"image":{"@id":"https:\/\/marktxxl.de\/markt\/produkt\/aisir-wallet-slim-wallet-geldboerse-herren-mini-geldbeutel-herren-und-damen-mit-rfid-geldbeutel-herren-slim-wallet-mit-muenzfach%ef%bc%88braun%ef%bc%89\/#primaryimage"},"thumbnailUrl":"https:\/\/m.media-amazon.com\/images\/I\/41rsDiWrTSL._SL500_.jpg","datePublished":"2024-07-28T14:16:07+00:00","description":"Markt-XXL AISIR Wallet, Slim Wallet, Geldb\u00f6rse Herren, Mini Geldbeutel Herren und Damen mit RFID, Geldbeutel Herren, Slim Wallet mit M\u00fcnzfach\uff08braun\uff09","breadcrumb":{"@id":"https:\/\/marktxxl.de\/markt\/produkt\/aisir-wallet-slim-wallet-geldboerse-herren-mini-geldbeutel-herren-und-damen-mit-rfid-geldbeutel-herren-slim-wallet-mit-muenzfach%ef%bc%88braun%ef%bc%89\/#breadcrumb"},"inLanguage":"de","potentialAction":[{"@type":"ReadAction","target":["https:\/\/marktxxl.de\/markt\/produkt\/aisir-wallet-slim-wallet-geldboerse-herren-mini-geldbeutel-herren-und-damen-mit-rfid-geldbeutel-herren-slim-wallet-mit-muenzfach%ef%bc%88braun%ef%bc%89\/"]}]},{"@type":"ImageObject","inLanguage":"de","@id":"https:\/\/marktxxl.de\/markt\/produkt\/aisir-wallet-slim-wallet-geldboerse-herren-mini-geldbeutel-herren-und-damen-mit-rfid-geldbeutel-herren-slim-wallet-mit-muenzfach%ef%bc%88braun%ef%bc%89\/#primaryimage","url":"https:\/\/m.media-amazon.com\/images\/I\/41rsDiWrTSL._SL500_.jpg","contentUrl":"https:\/\/m.media-amazon.com\/images\/I\/41rsDiWrTSL._SL500_.jpg","width":500,"height":500},{"@type":"BreadcrumbList","@id":"https:\/\/marktxxl.de\/markt\/produkt\/aisir-wallet-slim-wallet-geldboerse-herren-mini-geldbeutel-herren-und-damen-mit-rfid-geldbeutel-herren-slim-wallet-mit-muenzfach%ef%bc%88braun%ef%bc%89\/#breadcrumb","itemListElement":[{"@type":"ListItem","position":1,"name":"Startseite","item":"https:\/\/marktxxl.de\/markt\/"},{"@type":"ListItem","position":2,"name":"Markt","item":"https:\/\/marktxxl.de\/markt\/"},{"@type":"ListItem","position":3,"name":"AISIR Wallet, Slim Wallet, Geldb\u00f6rse Herren, Mini Geldbeutel Herren und Damen mit RFID, Geldbeutel Herren, Slim Wallet mit M\u00fcnzfach\uff08braun\uff09"}]},{"@type":"WebSite","@id":"https:\/\/marktxxl.de\/markt\/#website","url":"https:\/\/marktxxl.de\/markt\/","name":"Markt-XXL","description":"Ihr Markt Online","publisher":{"@id":"https:\/\/marktxxl.de\/markt\/#organization"},"potentialAction":[{"@type":"SearchAction","target":{"@type":"EntryPoint","urlTemplate":"https:\/\/marktxxl.de\/markt\/?s={search_term_string}"},"query-input":{"@type":"PropertyValueSpecification","valueRequired":true,"valueName":"search_term_string"}}],"inLanguage":"de"},{"@type":"Organization","@id":"https:\/\/marktxxl.de\/markt\/#organization","name":"Markt-XXL","url":"https:\/\/marktxxl.de\/markt\/","logo":{"@type":"ImageObject","inLanguage":"de","@id":"https:\/\/marktxxl.de\/markt\/#\/schema\/logo\/image\/","url":"https:\/\/marktxxl.de\/markt\/wp-content\/uploads\/sites\/3\/2020\/12\/logo.png","contentUrl":"https:\/\/marktxxl.de\/markt\/wp-content\/uploads\/sites\/3\/2020\/12\/logo.png","width":200,"height":70,"caption":"Markt-XXL"},"image":{"@id":"https:\/\/marktxxl.de\/markt\/#\/schema\/logo\/image\/"}}]}},"_links":{"self":[{"href":"https:\/\/marktxxl.de\/markt\/wp-json\/wp\/v2\/product\/222509","targetHints":{"allow":["GET"]}}],"collection":[{"href":"https:\/\/marktxxl.de\/markt\/wp-json\/wp\/v2\/product"}],"about":[{"href":"https:\/\/marktxxl.de\/markt\/wp-json\/wp\/v2\/types\/product"}],"replies":[{"embeddable":true,"href":"https:\/\/marktxxl.de\/markt\/wp-json\/wp\/v2\/comments?post=222509"}],"wp:featuredmedia":[{"embeddable":true,"href":"https:\/\/marktxxl.de\/markt\/wp-json\/wp\/v2\/media\/222510"}],"wp:attachment":[{"href":"https:\/\/marktxxl.de\/markt\/wp-json\/wp\/v2\/media?parent=222509"}],"wp:term":[{"taxonomy":"product_brand","embeddable":true,"href":"https:\/\/marktxxl.de\/markt\/wp-json\/wp\/v2\/product_brand?post=222509"},{"taxonomy":"product_cat","embeddable":true,"href":"https:\/\/marktxxl.de\/markt\/wp-json\/wp\/v2\/product_cat?post=222509"},{"taxonomy":"product_tag","embeddable":true,"href":"https:\/\/marktxxl.de\/markt\/wp-json\/wp\/v2\/product_tag?post=222509"}],"curies":[{"name":"wp","href":"https:\/\/api.w.org\/{rel}","templated":true}]}}