{"id":222477,"date":"2024-07-28T16:14:46","date_gmt":"2024-07-28T14:14:46","guid":{"rendered":"https:\/\/marktxxl.de\/markt\/produkt\/wrimen-sonnenbrille-polarisiert-sonnenbrillen-herren-damen-uv400-schutz-pc-schwarz-sonnen-brille-rechteck-modisch-unisex-klassisch-fuer-autofahren-reisen-camping\/"},"modified":"2024-07-28T16:14:46","modified_gmt":"2024-07-28T14:14:46","slug":"wrimen-sonnenbrille-polarisiert-sonnenbrillen-herren-damen-uv400-schutz-pc-schwarz-sonnen-brille-rechteck-modisch-unisex-klassisch-fuer-autofahren-reisen-camping","status":"publish","type":"product","link":"https:\/\/marktxxl.de\/markt\/produkt\/wrimen-sonnenbrille-polarisiert-sonnenbrillen-herren-damen-uv400-schutz-pc-schwarz-sonnen-brille-rechteck-modisch-unisex-klassisch-fuer-autofahren-reisen-camping\/","title":{"rendered":"Wrimen-Sonnenbrille-Polarisiert-Sonnenbrillen-Herren-Damen-UV400 Schutz PC Schwarz Sonnen Brille Rechteck Modisch Unisex Klassisch f\u00fcr Autofahren Reisen Camping"},"content":{"rendered":"<p>\u3010Polarisierten TAC-Gl\u00e4ser\u3011 Langlebige polarisierte TAC-Gl\u00e4ser in herren sonnenbrille sorgen f\u00fcr eine klare Perspektive! Unsere Sonnenbrillen f\u00fcr Damen und Herren zeichnen sich durch hervorragende Klarheit aus und sind sowohl an sonnigen als auch an bew\u00f6lkten Tagen praktisch.Die UV400-Schutz blockiert sch\u00e4dliche UVA-\/UVB-Strahlen und reduziert so Blendung und visuelle Erm\u00fcdung. Herren sonnenbrille verf\u00fcgen \u00fcber polarisierte CAT3-Gl\u00e4ser, die sto\u00dffest, kratzfest und unzerst\u00f6rbar sind.<br \/>\n\u3010Hochwertige im Klassischen\u3011Hochwertiger PC-Rahmen, um den Retro-Stil zu sp\u00fcren und den klassischen Charme zu schmecken! Unsere Rechteckigen Vintage Sonnenbrillen sind sowohl f\u00fcr Damen und Herren stilvoll und klassisch und passen zu einer Vielzahl von Outfits und Anl\u00e4ssen, um unabh\u00e4ngig von Geschlecht, Alter oder Stil gro\u00dfartig auszusehen. Die glatte Oberfl\u00e4che und das ultraleichte Design reduzieren die Belastung des Nasen- und Ohrr\u00fcckens und bieten Ihnen maximalen Komfort und Flexibilit\u00e4t.<br \/>\n\u3010Rutschfester Einteiliger Nasensteg\u3011Unsere polarisierte sonnenbrille verf\u00fcgen \u00fcber integrierte Anti-Rutsch-Nasenpads f\u00fcr einen sicheren Sitz. Stabile Metallscharniere sind langlebig.Rundum-Sonnenbrillen haben ein stromlinienf\u00f6rmiges Design, eine Kombination aus Sch\u00f6nheit und Zweckm\u00e4\u00dfigkeit. Egal wie Sie Ihren Kopf neigen, Sie m\u00fcssen sich keine Sorgen machen, dass Ihre Sonnenbrille herunterf\u00e4llt. Unsere Herren Sonnenbrille bieten Ihnen ein hervorragendes Preis-Leistungs-Verh\u00e4ltnis.<br \/>\n\u3010Geeignet f\u00fcr alle Gelegenheiten\u3011Ob beim Autofahren, Angeln, Radfahren oder Wandern, diese leichte und Bequeme Sonnenbrille wird Ihr bester Freund sein. Es konzentriert sich nicht nur auf Mode und Trend, sondern ber\u00fccksichtigt auch die Funktionalit\u00e4t und eignet sich f\u00fcr verschiedene Outdoor-Aktivit\u00e4ten, Darunter Reisen, Business, Freizeit, Fotografie, Laufen, Skifahren usw. Nicht nur eine perfekte Wahl f\u00fcr Herren, sondern auch ein unverzichtbares Modeaccessoire f\u00fcr Damen.<br \/>\n\u3010Qualitativ Hochwertige Dienstleistungen\u3011Jedes Produkt wird mit einer exquisiten Verpackung geliefert, einschlie\u00dflich Sonnenbrille, Sonnenbrillenetui, Stofftasche, Polarisationstestkarte und Handbuch. Wir sind bestrebt, Ihnen den durchdachtesten und professionellsten Service zu bieten, damit Sie sicher einkaufen, zufrieden sind und zur\u00fcckkehren k\u00f6nnen! Wenn Sie irgendwelche Fragen haben, wird unser professionelles Kundenservice-Team gerne helfen, das Problem zu l\u00f6sen.<br \/>\n<div class=\"main-cross-sell\" data-asin=\"B0D6YDZJM3\">\n\n\t<div class=\"WooZone-cross-sell-loader\">\n\t\t<div>\n\t\t\t<div id=\"floatingBarsG\">\n\t\t\t\t<div class=\"blockG\" id=\"rotateG_01\"><\/div>\n\t\t\t\t<div class=\"blockG\" id=\"rotateG_02\"><\/div>\n\t\t\t\t<div class=\"blockG\" id=\"rotateG_03\"><\/div>\n\t\t\t\t<div class=\"blockG\" id=\"rotateG_04\"><\/div>\n\t\t\t\t<div class=\"blockG\" id=\"rotateG_05\"><\/div>\n\t\t\t\t<div class=\"blockG\" id=\"rotateG_06\"><\/div>\n\t\t\t\t<div class=\"blockG\" id=\"rotateG_07\"><\/div>\n\t\t\t\t<div class=\"blockG\" id=\"rotateG_08\"><\/div>\n\t\t\t<\/div>\n\t\t\t<div class=\"WooZone-cross-sell-loader-text\"><\/div>\n\t\t<\/div>\n\t<\/div>\n\n\t\t\n<\/div>\n<div style=\"clear:both;\"><\/div><\/p>\n","protected":false},"excerpt":{"rendered":"<p>\u3010Polarisierten TAC-Gl\u00e4ser\u3011 Langlebige polarisierte TAC-Gl\u00e4ser in herren sonnenbrille sorgen f\u00fcr eine klare Perspektive! Unsere Sonnenbrillen f\u00fcr Damen und Herren zeichnen sich durch hervorragende Klarheit aus und sind sowohl an sonnigen als auch an bew\u00f6lkten Tagen praktisch.Die UV400-Schutz blockiert sch\u00e4dliche UVA-\/UVB-Strahlen und reduziert so Blendung und visuelle Erm\u00fcdung. Herren sonnenbrille verf\u00fcgen \u00fcber polarisierte CAT3-Gl\u00e4ser, die sto\u00dffest, kratzfest und unzerst\u00f6rbar sind.<br \/>\n\u3010Hochwertige im Klassischen\u3011Hochwertiger PC-Rahmen, um den Retro-Stil zu sp\u00fcren und den klassischen Charme zu schmecken! Unsere Rechteckigen Vintage Sonnenbrillen sind sowohl f\u00fcr Damen und Herren stilvoll und klassisch und passen zu einer Vielzahl von Outfits und Anl\u00e4ssen, um unabh\u00e4ngig von Geschlecht, Alter oder Stil gro\u00dfartig auszusehen. Die glatte Oberfl\u00e4che und das ultraleichte Design reduzieren die Belastung des Nasen- und Ohrr\u00fcckens und bieten Ihnen maximalen Komfort und Flexibilit\u00e4t.<br \/>\n\u3010Rutschfester Einteiliger Nasensteg\u3011Unsere polarisierte sonnenbrille verf\u00fcgen \u00fcber integrierte Anti-Rutsch-Nasenpads f\u00fcr einen sicheren Sitz. Stabile Metallscharniere sind langlebig.Rundum-Sonnenbrillen haben ein stromlinienf\u00f6rmiges Design, eine Kombination aus Sch\u00f6nheit und Zweckm\u00e4\u00dfigkeit. Egal wie Sie Ihren Kopf neigen, Sie m\u00fcssen sich keine Sorgen machen, dass Ihre Sonnenbrille herunterf\u00e4llt. Unsere Herren Sonnenbrille bieten Ihnen ein hervorragendes Preis-Leistungs-Verh\u00e4ltnis.<\/p>\n","protected":false},"featured_media":222478,"comment_status":"open","ping_status":"closed","template":"","meta":[],"product_brand":[],"product_cat":[1186],"product_tag":[],"class_list":{"0":"post-222477","1":"product","2":"type-product","3":"status-publish","4":"has-post-thumbnail","6":"product_cat-bekleidung","7":"pa_brand-wrimen","9":"first","10":"instock","11":"shipping-taxable","12":"product-type-simple","13":"customify-col","14":"product-has-gallery"},"yoast_head":"<!-- This site is optimized with the Yoast SEO plugin v27.4 - https:\/\/yoast.com\/product\/yoast-seo-wordpress\/ -->\n<title>Wrimen-Sonnenbrille-Polarisiert-Sonnenbrillen-Herren-Damen-UV400 Schutz PC Schwarz Sonnen Brille Rechteck Modisch Unisex Klassisch f\u00fcr Autofahren Reisen Camping - Markt-XXL<\/title>\n<meta name=\"description\" content=\"Markt-XXL Wrimen-Sonnenbrille-Polarisiert-Sonnenbrillen-Herren-Damen-UV400 Schutz PC Schwarz Sonnen Brille Rechteck Modisch Unisex Klassisch f\u00fcr Autofahren Reisen Camping\" \/>\n<meta name=\"robots\" content=\"index, follow, max-snippet:-1, max-image-preview:large, max-video-preview:-1\" \/>\n<link rel=\"canonical\" href=\"https:\/\/marktxxl.de\/markt\/produkt\/wrimen-sonnenbrille-polarisiert-sonnenbrillen-herren-damen-uv400-schutz-pc-schwarz-sonnen-brille-rechteck-modisch-unisex-klassisch-fuer-autofahren-reisen-camping\/\" \/>\n<meta property=\"og:locale\" content=\"de_DE\" \/>\n<meta property=\"og:type\" content=\"article\" \/>\n<meta property=\"og:title\" content=\"Wrimen-Sonnenbrille-Polarisiert-Sonnenbrillen-Herren-Damen-UV400 Schutz PC Schwarz Sonnen Brille Rechteck Modisch Unisex Klassisch f\u00fcr Autofahren Reisen Camping - Markt-XXL\" \/>\n<meta property=\"og:description\" content=\"Markt-XXL Wrimen-Sonnenbrille-Polarisiert-Sonnenbrillen-Herren-Damen-UV400 Schutz PC Schwarz Sonnen Brille Rechteck Modisch Unisex Klassisch f\u00fcr Autofahren Reisen Camping\" \/>\n<meta property=\"og:url\" content=\"https:\/\/marktxxl.de\/markt\/produkt\/wrimen-sonnenbrille-polarisiert-sonnenbrillen-herren-damen-uv400-schutz-pc-schwarz-sonnen-brille-rechteck-modisch-unisex-klassisch-fuer-autofahren-reisen-camping\/\" \/>\n<meta property=\"og:site_name\" content=\"Markt-XXL\" \/>\n<meta name=\"twitter:card\" content=\"summary_large_image\" \/>\n<meta name=\"twitter:label1\" content=\"Gesch\u00e4tzte Lesezeit\" \/>\n\t<meta name=\"twitter:data1\" content=\"2\u00a0Minuten\" \/>\n<script type=\"application\/ld+json\" class=\"yoast-schema-graph\">{\"@context\":\"https:\\\/\\\/schema.org\",\"@graph\":[{\"@type\":\"WebPage\",\"@id\":\"https:\\\/\\\/marktxxl.de\\\/markt\\\/produkt\\\/wrimen-sonnenbrille-polarisiert-sonnenbrillen-herren-damen-uv400-schutz-pc-schwarz-sonnen-brille-rechteck-modisch-unisex-klassisch-fuer-autofahren-reisen-camping\\\/\",\"url\":\"https:\\\/\\\/marktxxl.de\\\/markt\\\/produkt\\\/wrimen-sonnenbrille-polarisiert-sonnenbrillen-herren-damen-uv400-schutz-pc-schwarz-sonnen-brille-rechteck-modisch-unisex-klassisch-fuer-autofahren-reisen-camping\\\/\",\"name\":\"Wrimen-Sonnenbrille-Polarisiert-Sonnenbrillen-Herren-Damen-UV400 Schutz PC Schwarz Sonnen Brille Rechteck Modisch Unisex Klassisch f\u00fcr Autofahren Reisen Camping - Markt-XXL\",\"isPartOf\":{\"@id\":\"https:\\\/\\\/marktxxl.de\\\/markt\\\/#website\"},\"primaryImageOfPage\":{\"@id\":\"https:\\\/\\\/marktxxl.de\\\/markt\\\/produkt\\\/wrimen-sonnenbrille-polarisiert-sonnenbrillen-herren-damen-uv400-schutz-pc-schwarz-sonnen-brille-rechteck-modisch-unisex-klassisch-fuer-autofahren-reisen-camping\\\/#primaryimage\"},\"image\":{\"@id\":\"https:\\\/\\\/marktxxl.de\\\/markt\\\/produkt\\\/wrimen-sonnenbrille-polarisiert-sonnenbrillen-herren-damen-uv400-schutz-pc-schwarz-sonnen-brille-rechteck-modisch-unisex-klassisch-fuer-autofahren-reisen-camping\\\/#primaryimage\"},\"thumbnailUrl\":\"https:\\\/\\\/m.media-amazon.com\\\/images\\\/I\\\/314wKdVu16L._SL500_.jpg\",\"datePublished\":\"2024-07-28T14:14:46+00:00\",\"description\":\"Markt-XXL Wrimen-Sonnenbrille-Polarisiert-Sonnenbrillen-Herren-Damen-UV400 Schutz PC Schwarz Sonnen Brille Rechteck Modisch Unisex Klassisch f\u00fcr Autofahren Reisen Camping\",\"breadcrumb\":{\"@id\":\"https:\\\/\\\/marktxxl.de\\\/markt\\\/produkt\\\/wrimen-sonnenbrille-polarisiert-sonnenbrillen-herren-damen-uv400-schutz-pc-schwarz-sonnen-brille-rechteck-modisch-unisex-klassisch-fuer-autofahren-reisen-camping\\\/#breadcrumb\"},\"inLanguage\":\"de\",\"potentialAction\":[{\"@type\":\"ReadAction\",\"target\":[\"https:\\\/\\\/marktxxl.de\\\/markt\\\/produkt\\\/wrimen-sonnenbrille-polarisiert-sonnenbrillen-herren-damen-uv400-schutz-pc-schwarz-sonnen-brille-rechteck-modisch-unisex-klassisch-fuer-autofahren-reisen-camping\\\/\"]}]},{\"@type\":\"ImageObject\",\"inLanguage\":\"de\",\"@id\":\"https:\\\/\\\/marktxxl.de\\\/markt\\\/produkt\\\/wrimen-sonnenbrille-polarisiert-sonnenbrillen-herren-damen-uv400-schutz-pc-schwarz-sonnen-brille-rechteck-modisch-unisex-klassisch-fuer-autofahren-reisen-camping\\\/#primaryimage\",\"url\":\"https:\\\/\\\/m.media-amazon.com\\\/images\\\/I\\\/314wKdVu16L._SL500_.jpg\",\"contentUrl\":\"https:\\\/\\\/m.media-amazon.com\\\/images\\\/I\\\/314wKdVu16L._SL500_.jpg\",\"width\":500,\"height\":500},{\"@type\":\"BreadcrumbList\",\"@id\":\"https:\\\/\\\/marktxxl.de\\\/markt\\\/produkt\\\/wrimen-sonnenbrille-polarisiert-sonnenbrillen-herren-damen-uv400-schutz-pc-schwarz-sonnen-brille-rechteck-modisch-unisex-klassisch-fuer-autofahren-reisen-camping\\\/#breadcrumb\",\"itemListElement\":[{\"@type\":\"ListItem\",\"position\":1,\"name\":\"Startseite\",\"item\":\"https:\\\/\\\/marktxxl.de\\\/markt\\\/\"},{\"@type\":\"ListItem\",\"position\":2,\"name\":\"Markt\",\"item\":\"https:\\\/\\\/marktxxl.de\\\/markt\\\/\"},{\"@type\":\"ListItem\",\"position\":3,\"name\":\"Wrimen-Sonnenbrille-Polarisiert-Sonnenbrillen-Herren-Damen-UV400 Schutz PC Schwarz Sonnen Brille Rechteck Modisch Unisex Klassisch f\u00fcr Autofahren Reisen Camping\"}]},{\"@type\":\"WebSite\",\"@id\":\"https:\\\/\\\/marktxxl.de\\\/markt\\\/#website\",\"url\":\"https:\\\/\\\/marktxxl.de\\\/markt\\\/\",\"name\":\"Markt-XXL\",\"description\":\"Ihr Markt Online\",\"publisher\":{\"@id\":\"https:\\\/\\\/marktxxl.de\\\/markt\\\/#organization\"},\"potentialAction\":[{\"@type\":\"SearchAction\",\"target\":{\"@type\":\"EntryPoint\",\"urlTemplate\":\"https:\\\/\\\/marktxxl.de\\\/markt\\\/?s={search_term_string}\"},\"query-input\":{\"@type\":\"PropertyValueSpecification\",\"valueRequired\":true,\"valueName\":\"search_term_string\"}}],\"inLanguage\":\"de\"},{\"@type\":\"Organization\",\"@id\":\"https:\\\/\\\/marktxxl.de\\\/markt\\\/#organization\",\"name\":\"Markt-XXL\",\"url\":\"https:\\\/\\\/marktxxl.de\\\/markt\\\/\",\"logo\":{\"@type\":\"ImageObject\",\"inLanguage\":\"de\",\"@id\":\"https:\\\/\\\/marktxxl.de\\\/markt\\\/#\\\/schema\\\/logo\\\/image\\\/\",\"url\":\"https:\\\/\\\/marktxxl.de\\\/markt\\\/wp-content\\\/uploads\\\/sites\\\/3\\\/2020\\\/12\\\/logo.png\",\"contentUrl\":\"https:\\\/\\\/marktxxl.de\\\/markt\\\/wp-content\\\/uploads\\\/sites\\\/3\\\/2020\\\/12\\\/logo.png\",\"width\":200,\"height\":70,\"caption\":\"Markt-XXL\"},\"image\":{\"@id\":\"https:\\\/\\\/marktxxl.de\\\/markt\\\/#\\\/schema\\\/logo\\\/image\\\/\"}}]}<\/script>\n<!-- \/ Yoast SEO plugin. -->","yoast_head_json":{"title":"Wrimen-Sonnenbrille-Polarisiert-Sonnenbrillen-Herren-Damen-UV400 Schutz PC Schwarz Sonnen Brille Rechteck Modisch Unisex Klassisch f\u00fcr Autofahren Reisen Camping - Markt-XXL","description":"Markt-XXL Wrimen-Sonnenbrille-Polarisiert-Sonnenbrillen-Herren-Damen-UV400 Schutz PC Schwarz Sonnen Brille Rechteck Modisch Unisex Klassisch f\u00fcr Autofahren Reisen Camping","robots":{"index":"index","follow":"follow","max-snippet":"max-snippet:-1","max-image-preview":"max-image-preview:large","max-video-preview":"max-video-preview:-1"},"canonical":"https:\/\/marktxxl.de\/markt\/produkt\/wrimen-sonnenbrille-polarisiert-sonnenbrillen-herren-damen-uv400-schutz-pc-schwarz-sonnen-brille-rechteck-modisch-unisex-klassisch-fuer-autofahren-reisen-camping\/","og_locale":"de_DE","og_type":"article","og_title":"Wrimen-Sonnenbrille-Polarisiert-Sonnenbrillen-Herren-Damen-UV400 Schutz PC Schwarz Sonnen Brille Rechteck Modisch Unisex Klassisch f\u00fcr Autofahren Reisen Camping - Markt-XXL","og_description":"Markt-XXL Wrimen-Sonnenbrille-Polarisiert-Sonnenbrillen-Herren-Damen-UV400 Schutz PC Schwarz Sonnen Brille Rechteck Modisch Unisex Klassisch f\u00fcr Autofahren Reisen Camping","og_url":"https:\/\/marktxxl.de\/markt\/produkt\/wrimen-sonnenbrille-polarisiert-sonnenbrillen-herren-damen-uv400-schutz-pc-schwarz-sonnen-brille-rechteck-modisch-unisex-klassisch-fuer-autofahren-reisen-camping\/","og_site_name":"Markt-XXL","twitter_card":"summary_large_image","twitter_misc":{"Gesch\u00e4tzte Lesezeit":"2\u00a0Minuten"},"schema":{"@context":"https:\/\/schema.org","@graph":[{"@type":"WebPage","@id":"https:\/\/marktxxl.de\/markt\/produkt\/wrimen-sonnenbrille-polarisiert-sonnenbrillen-herren-damen-uv400-schutz-pc-schwarz-sonnen-brille-rechteck-modisch-unisex-klassisch-fuer-autofahren-reisen-camping\/","url":"https:\/\/marktxxl.de\/markt\/produkt\/wrimen-sonnenbrille-polarisiert-sonnenbrillen-herren-damen-uv400-schutz-pc-schwarz-sonnen-brille-rechteck-modisch-unisex-klassisch-fuer-autofahren-reisen-camping\/","name":"Wrimen-Sonnenbrille-Polarisiert-Sonnenbrillen-Herren-Damen-UV400 Schutz PC Schwarz Sonnen Brille Rechteck Modisch Unisex Klassisch f\u00fcr Autofahren Reisen Camping - Markt-XXL","isPartOf":{"@id":"https:\/\/marktxxl.de\/markt\/#website"},"primaryImageOfPage":{"@id":"https:\/\/marktxxl.de\/markt\/produkt\/wrimen-sonnenbrille-polarisiert-sonnenbrillen-herren-damen-uv400-schutz-pc-schwarz-sonnen-brille-rechteck-modisch-unisex-klassisch-fuer-autofahren-reisen-camping\/#primaryimage"},"image":{"@id":"https:\/\/marktxxl.de\/markt\/produkt\/wrimen-sonnenbrille-polarisiert-sonnenbrillen-herren-damen-uv400-schutz-pc-schwarz-sonnen-brille-rechteck-modisch-unisex-klassisch-fuer-autofahren-reisen-camping\/#primaryimage"},"thumbnailUrl":"https:\/\/m.media-amazon.com\/images\/I\/314wKdVu16L._SL500_.jpg","datePublished":"2024-07-28T14:14:46+00:00","description":"Markt-XXL Wrimen-Sonnenbrille-Polarisiert-Sonnenbrillen-Herren-Damen-UV400 Schutz PC Schwarz Sonnen Brille Rechteck Modisch Unisex Klassisch f\u00fcr Autofahren Reisen Camping","breadcrumb":{"@id":"https:\/\/marktxxl.de\/markt\/produkt\/wrimen-sonnenbrille-polarisiert-sonnenbrillen-herren-damen-uv400-schutz-pc-schwarz-sonnen-brille-rechteck-modisch-unisex-klassisch-fuer-autofahren-reisen-camping\/#breadcrumb"},"inLanguage":"de","potentialAction":[{"@type":"ReadAction","target":["https:\/\/marktxxl.de\/markt\/produkt\/wrimen-sonnenbrille-polarisiert-sonnenbrillen-herren-damen-uv400-schutz-pc-schwarz-sonnen-brille-rechteck-modisch-unisex-klassisch-fuer-autofahren-reisen-camping\/"]}]},{"@type":"ImageObject","inLanguage":"de","@id":"https:\/\/marktxxl.de\/markt\/produkt\/wrimen-sonnenbrille-polarisiert-sonnenbrillen-herren-damen-uv400-schutz-pc-schwarz-sonnen-brille-rechteck-modisch-unisex-klassisch-fuer-autofahren-reisen-camping\/#primaryimage","url":"https:\/\/m.media-amazon.com\/images\/I\/314wKdVu16L._SL500_.jpg","contentUrl":"https:\/\/m.media-amazon.com\/images\/I\/314wKdVu16L._SL500_.jpg","width":500,"height":500},{"@type":"BreadcrumbList","@id":"https:\/\/marktxxl.de\/markt\/produkt\/wrimen-sonnenbrille-polarisiert-sonnenbrillen-herren-damen-uv400-schutz-pc-schwarz-sonnen-brille-rechteck-modisch-unisex-klassisch-fuer-autofahren-reisen-camping\/#breadcrumb","itemListElement":[{"@type":"ListItem","position":1,"name":"Startseite","item":"https:\/\/marktxxl.de\/markt\/"},{"@type":"ListItem","position":2,"name":"Markt","item":"https:\/\/marktxxl.de\/markt\/"},{"@type":"ListItem","position":3,"name":"Wrimen-Sonnenbrille-Polarisiert-Sonnenbrillen-Herren-Damen-UV400 Schutz PC Schwarz Sonnen Brille Rechteck Modisch Unisex Klassisch f\u00fcr Autofahren Reisen Camping"}]},{"@type":"WebSite","@id":"https:\/\/marktxxl.de\/markt\/#website","url":"https:\/\/marktxxl.de\/markt\/","name":"Markt-XXL","description":"Ihr Markt Online","publisher":{"@id":"https:\/\/marktxxl.de\/markt\/#organization"},"potentialAction":[{"@type":"SearchAction","target":{"@type":"EntryPoint","urlTemplate":"https:\/\/marktxxl.de\/markt\/?s={search_term_string}"},"query-input":{"@type":"PropertyValueSpecification","valueRequired":true,"valueName":"search_term_string"}}],"inLanguage":"de"},{"@type":"Organization","@id":"https:\/\/marktxxl.de\/markt\/#organization","name":"Markt-XXL","url":"https:\/\/marktxxl.de\/markt\/","logo":{"@type":"ImageObject","inLanguage":"de","@id":"https:\/\/marktxxl.de\/markt\/#\/schema\/logo\/image\/","url":"https:\/\/marktxxl.de\/markt\/wp-content\/uploads\/sites\/3\/2020\/12\/logo.png","contentUrl":"https:\/\/marktxxl.de\/markt\/wp-content\/uploads\/sites\/3\/2020\/12\/logo.png","width":200,"height":70,"caption":"Markt-XXL"},"image":{"@id":"https:\/\/marktxxl.de\/markt\/#\/schema\/logo\/image\/"}}]}},"_links":{"self":[{"href":"https:\/\/marktxxl.de\/markt\/wp-json\/wp\/v2\/product\/222477","targetHints":{"allow":["GET"]}}],"collection":[{"href":"https:\/\/marktxxl.de\/markt\/wp-json\/wp\/v2\/product"}],"about":[{"href":"https:\/\/marktxxl.de\/markt\/wp-json\/wp\/v2\/types\/product"}],"replies":[{"embeddable":true,"href":"https:\/\/marktxxl.de\/markt\/wp-json\/wp\/v2\/comments?post=222477"}],"wp:featuredmedia":[{"embeddable":true,"href":"https:\/\/marktxxl.de\/markt\/wp-json\/wp\/v2\/media\/222478"}],"wp:attachment":[{"href":"https:\/\/marktxxl.de\/markt\/wp-json\/wp\/v2\/media?parent=222477"}],"wp:term":[{"taxonomy":"product_brand","embeddable":true,"href":"https:\/\/marktxxl.de\/markt\/wp-json\/wp\/v2\/product_brand?post=222477"},{"taxonomy":"product_cat","embeddable":true,"href":"https:\/\/marktxxl.de\/markt\/wp-json\/wp\/v2\/product_cat?post=222477"},{"taxonomy":"product_tag","embeddable":true,"href":"https:\/\/marktxxl.de\/markt\/wp-json\/wp\/v2\/product_tag?post=222477"}],"curies":[{"name":"wp","href":"https:\/\/api.w.org\/{rel}","templated":true}]}}