{"id":222462,"date":"2024-07-28T16:14:33","date_gmt":"2024-07-28T14:14:33","guid":{"rendered":"https:\/\/marktxxl.de\/markt\/produkt\/crocs-unisex-kinder-minecraft-classic-k-clog\/"},"modified":"2024-07-28T16:14:33","modified_gmt":"2024-07-28T14:14:33","slug":"crocs-unisex-kinder-minecraft-classic-k-clog","status":"publish","type":"product","link":"https:\/\/marktxxl.de\/markt\/produkt\/crocs-unisex-kinder-minecraft-classic-k-clog\/","title":{"rendered":"Crocs Unisex Kinder Minecraft Classic K Clog"},"content":{"rendered":"<p>Gr\u00f6\u00dfen: Crocs verwenden weltweit US-Gr\u00f6\u00dfen auf allen Schuhen, wobei die US-Gr\u00f6\u00dfe auf der Sohle angezeigt wird. F\u00fcr EU-Gr\u00f6\u00dfen und weitere Informationen schauen Sie sich die Gr\u00f6\u00dfentabelle an. UK- und EU-Gr\u00f6\u00dfen befinden sich ebenfalls auf dem Etikett<br \/>\nWelche Gr\u00f6\u00dfe soll ich kaufen? Diese Crocs f\u00fcr Damen und Herren bieten eine ger\u00e4umige Passform, daher empfehlen wir Ihnen, die n\u00e4chstgr\u00f6\u00dfere Gr\u00f6\u00dfe kleiner aus Ihrer \u00fcblichen Gr\u00f6\u00dfe zu bestellen<br \/>\nLeicht und lustig: Extrem leichte Crocs f\u00fcr Kinder erm\u00f6glichen es Ihrem Kind, sich auf das Spiel zu konzentrieren. Leicht zu reinigen mit guter Atmungsaktivit\u00e4t, die Farben in diesen Gummischuhen bleiben nach dem Tragen lebendig<br \/>\nW\u00e4rme: Setzen Sie Crocs Schuhe nicht f\u00fcr einen l\u00e4ngeren Zeitraum extremer Hitze oder intensiver Sonneneinstrahlung aus, da die einzigartige Natur des Crocs PCCR-Material bedeutet, dass hohe Temperaturen dazu f\u00fchren k\u00f6nnen, dass sie sich verziehen k\u00f6nnen<br \/>\nMACHEN SIE JEDES PAAR EINZIGARTIG: Personalisieren Sie Ihr Paar Crocs mit lustigen Jibbitz-Charms, die in die L\u00fcftungs\u00f6ffnungen eingesetzt werden k\u00f6nnen und kreieren Sie Ihren eigenen pers\u00f6nlichen Crocs-Stil<br \/>\n<div class=\"main-cross-sell\" data-asin=\"B0B8FDZM6Z\">\n\n\t<div class=\"WooZone-cross-sell-loader\">\n\t\t<div>\n\t\t\t<div id=\"floatingBarsG\">\n\t\t\t\t<div class=\"blockG\" id=\"rotateG_01\"><\/div>\n\t\t\t\t<div class=\"blockG\" id=\"rotateG_02\"><\/div>\n\t\t\t\t<div class=\"blockG\" id=\"rotateG_03\"><\/div>\n\t\t\t\t<div class=\"blockG\" id=\"rotateG_04\"><\/div>\n\t\t\t\t<div class=\"blockG\" id=\"rotateG_05\"><\/div>\n\t\t\t\t<div class=\"blockG\" id=\"rotateG_06\"><\/div>\n\t\t\t\t<div class=\"blockG\" id=\"rotateG_07\"><\/div>\n\t\t\t\t<div class=\"blockG\" id=\"rotateG_08\"><\/div>\n\t\t\t<\/div>\n\t\t\t<div class=\"WooZone-cross-sell-loader-text\"><\/div>\n\t\t<\/div>\n\t<\/div>\n\n\t\t\n<\/div>\n<div style=\"clear:both;\"><\/div><\/p>\n","protected":false},"excerpt":{"rendered":"<p>Gr\u00f6\u00dfen: Crocs verwenden weltweit US-Gr\u00f6\u00dfen auf allen Schuhen, wobei die US-Gr\u00f6\u00dfe auf der Sohle angezeigt wird. F\u00fcr EU-Gr\u00f6\u00dfen und weitere Informationen schauen Sie sich die Gr\u00f6\u00dfentabelle an. UK- und EU-Gr\u00f6\u00dfen befinden sich ebenfalls auf dem Etikett<br \/>\nWelche Gr\u00f6\u00dfe soll ich kaufen? Diese Crocs f\u00fcr Damen und Herren bieten eine ger\u00e4umige Passform, daher empfehlen wir Ihnen, die n\u00e4chstgr\u00f6\u00dfere Gr\u00f6\u00dfe kleiner aus Ihrer \u00fcblichen Gr\u00f6\u00dfe zu bestellen<br \/>\nLeicht und lustig: Extrem leichte Crocs f\u00fcr Kinder erm\u00f6glichen es Ihrem Kind, sich auf das Spiel zu konzentrieren. Leicht zu reinigen mit guter Atmungsaktivit\u00e4t, die Farben in diesen Gummischuhen bleiben nach dem Tragen lebendig<\/p>\n","protected":false},"featured_media":222463,"comment_status":"open","ping_status":"closed","template":"","meta":[],"product_brand":[],"product_cat":[1186],"product_tag":[],"class_list":{"0":"post-222462","1":"product","2":"type-product","3":"status-publish","4":"has-post-thumbnail","6":"product_cat-bekleidung","7":"pa_binding-textilien","8":"pa_brand-crocs","9":"pa_manufacturer-crocs","10":"pa_model-55738","12":"first","13":"instock","14":"shipping-taxable","15":"product-type-simple","16":"customify-col","17":"product-has-gallery"},"yoast_head":"<!-- This site is optimized with the Yoast SEO plugin v27.3 - https:\/\/yoast.com\/product\/yoast-seo-wordpress\/ -->\n<title>Crocs Unisex Kinder Minecraft Classic K Clog - Markt-XXL<\/title>\n<meta name=\"description\" content=\"Markt-XXL Crocs Unisex Kinder Minecraft Classic K Clog\" \/>\n<meta name=\"robots\" content=\"index, follow, max-snippet:-1, max-image-preview:large, max-video-preview:-1\" \/>\n<link rel=\"canonical\" href=\"https:\/\/marktxxl.de\/markt\/produkt\/crocs-unisex-kinder-minecraft-classic-k-clog\/\" \/>\n<meta property=\"og:locale\" content=\"de_DE\" \/>\n<meta property=\"og:type\" content=\"article\" \/>\n<meta property=\"og:title\" content=\"Crocs Unisex Kinder Minecraft Classic K Clog - Markt-XXL\" \/>\n<meta property=\"og:description\" content=\"Markt-XXL Crocs Unisex Kinder Minecraft Classic K Clog\" \/>\n<meta property=\"og:url\" content=\"https:\/\/marktxxl.de\/markt\/produkt\/crocs-unisex-kinder-minecraft-classic-k-clog\/\" \/>\n<meta property=\"og:site_name\" content=\"Markt-XXL\" \/>\n<meta name=\"twitter:card\" content=\"summary_large_image\" \/>\n<meta name=\"twitter:label1\" content=\"Gesch\u00e4tzte Lesezeit\" \/>\n\t<meta name=\"twitter:data1\" content=\"1\u00a0Minute\" \/>\n<script type=\"application\/ld+json\" class=\"yoast-schema-graph\">{\"@context\":\"https:\\\/\\\/schema.org\",\"@graph\":[{\"@type\":\"WebPage\",\"@id\":\"https:\\\/\\\/marktxxl.de\\\/markt\\\/produkt\\\/crocs-unisex-kinder-minecraft-classic-k-clog\\\/\",\"url\":\"https:\\\/\\\/marktxxl.de\\\/markt\\\/produkt\\\/crocs-unisex-kinder-minecraft-classic-k-clog\\\/\",\"name\":\"Crocs Unisex Kinder Minecraft Classic K Clog - Markt-XXL\",\"isPartOf\":{\"@id\":\"https:\\\/\\\/marktxxl.de\\\/markt\\\/#website\"},\"primaryImageOfPage\":{\"@id\":\"https:\\\/\\\/marktxxl.de\\\/markt\\\/produkt\\\/crocs-unisex-kinder-minecraft-classic-k-clog\\\/#primaryimage\"},\"image\":{\"@id\":\"https:\\\/\\\/marktxxl.de\\\/markt\\\/produkt\\\/crocs-unisex-kinder-minecraft-classic-k-clog\\\/#primaryimage\"},\"thumbnailUrl\":\"https:\\\/\\\/m.media-amazon.com\\\/images\\\/I\\\/51tnJcpxr0L._SL500_.jpg\",\"datePublished\":\"2024-07-28T14:14:33+00:00\",\"description\":\"Markt-XXL Crocs Unisex Kinder Minecraft Classic K Clog\",\"breadcrumb\":{\"@id\":\"https:\\\/\\\/marktxxl.de\\\/markt\\\/produkt\\\/crocs-unisex-kinder-minecraft-classic-k-clog\\\/#breadcrumb\"},\"inLanguage\":\"de\",\"potentialAction\":[{\"@type\":\"ReadAction\",\"target\":[\"https:\\\/\\\/marktxxl.de\\\/markt\\\/produkt\\\/crocs-unisex-kinder-minecraft-classic-k-clog\\\/\"]}]},{\"@type\":\"ImageObject\",\"inLanguage\":\"de\",\"@id\":\"https:\\\/\\\/marktxxl.de\\\/markt\\\/produkt\\\/crocs-unisex-kinder-minecraft-classic-k-clog\\\/#primaryimage\",\"url\":\"https:\\\/\\\/m.media-amazon.com\\\/images\\\/I\\\/51tnJcpxr0L._SL500_.jpg\",\"contentUrl\":\"https:\\\/\\\/m.media-amazon.com\\\/images\\\/I\\\/51tnJcpxr0L._SL500_.jpg\",\"width\":500,\"height\":288},{\"@type\":\"BreadcrumbList\",\"@id\":\"https:\\\/\\\/marktxxl.de\\\/markt\\\/produkt\\\/crocs-unisex-kinder-minecraft-classic-k-clog\\\/#breadcrumb\",\"itemListElement\":[{\"@type\":\"ListItem\",\"position\":1,\"name\":\"Startseite\",\"item\":\"https:\\\/\\\/marktxxl.de\\\/markt\\\/\"},{\"@type\":\"ListItem\",\"position\":2,\"name\":\"Markt\",\"item\":\"https:\\\/\\\/marktxxl.de\\\/markt\\\/\"},{\"@type\":\"ListItem\",\"position\":3,\"name\":\"Crocs Unisex Kinder Minecraft Classic K Clog\"}]},{\"@type\":\"WebSite\",\"@id\":\"https:\\\/\\\/marktxxl.de\\\/markt\\\/#website\",\"url\":\"https:\\\/\\\/marktxxl.de\\\/markt\\\/\",\"name\":\"Markt-XXL\",\"description\":\"Ihr Markt Online\",\"publisher\":{\"@id\":\"https:\\\/\\\/marktxxl.de\\\/markt\\\/#organization\"},\"potentialAction\":[{\"@type\":\"SearchAction\",\"target\":{\"@type\":\"EntryPoint\",\"urlTemplate\":\"https:\\\/\\\/marktxxl.de\\\/markt\\\/?s={search_term_string}\"},\"query-input\":{\"@type\":\"PropertyValueSpecification\",\"valueRequired\":true,\"valueName\":\"search_term_string\"}}],\"inLanguage\":\"de\"},{\"@type\":\"Organization\",\"@id\":\"https:\\\/\\\/marktxxl.de\\\/markt\\\/#organization\",\"name\":\"Markt-XXL\",\"url\":\"https:\\\/\\\/marktxxl.de\\\/markt\\\/\",\"logo\":{\"@type\":\"ImageObject\",\"inLanguage\":\"de\",\"@id\":\"https:\\\/\\\/marktxxl.de\\\/markt\\\/#\\\/schema\\\/logo\\\/image\\\/\",\"url\":\"https:\\\/\\\/marktxxl.de\\\/markt\\\/wp-content\\\/uploads\\\/sites\\\/3\\\/2020\\\/12\\\/logo.png\",\"contentUrl\":\"https:\\\/\\\/marktxxl.de\\\/markt\\\/wp-content\\\/uploads\\\/sites\\\/3\\\/2020\\\/12\\\/logo.png\",\"width\":200,\"height\":70,\"caption\":\"Markt-XXL\"},\"image\":{\"@id\":\"https:\\\/\\\/marktxxl.de\\\/markt\\\/#\\\/schema\\\/logo\\\/image\\\/\"}}]}<\/script>\n<!-- \/ Yoast SEO plugin. -->","yoast_head_json":{"title":"Crocs Unisex Kinder Minecraft Classic K Clog - Markt-XXL","description":"Markt-XXL Crocs Unisex Kinder Minecraft Classic K Clog","robots":{"index":"index","follow":"follow","max-snippet":"max-snippet:-1","max-image-preview":"max-image-preview:large","max-video-preview":"max-video-preview:-1"},"canonical":"https:\/\/marktxxl.de\/markt\/produkt\/crocs-unisex-kinder-minecraft-classic-k-clog\/","og_locale":"de_DE","og_type":"article","og_title":"Crocs Unisex Kinder Minecraft Classic K Clog - Markt-XXL","og_description":"Markt-XXL Crocs Unisex Kinder Minecraft Classic K Clog","og_url":"https:\/\/marktxxl.de\/markt\/produkt\/crocs-unisex-kinder-minecraft-classic-k-clog\/","og_site_name":"Markt-XXL","twitter_card":"summary_large_image","twitter_misc":{"Gesch\u00e4tzte Lesezeit":"1\u00a0Minute"},"schema":{"@context":"https:\/\/schema.org","@graph":[{"@type":"WebPage","@id":"https:\/\/marktxxl.de\/markt\/produkt\/crocs-unisex-kinder-minecraft-classic-k-clog\/","url":"https:\/\/marktxxl.de\/markt\/produkt\/crocs-unisex-kinder-minecraft-classic-k-clog\/","name":"Crocs Unisex Kinder Minecraft Classic K Clog - Markt-XXL","isPartOf":{"@id":"https:\/\/marktxxl.de\/markt\/#website"},"primaryImageOfPage":{"@id":"https:\/\/marktxxl.de\/markt\/produkt\/crocs-unisex-kinder-minecraft-classic-k-clog\/#primaryimage"},"image":{"@id":"https:\/\/marktxxl.de\/markt\/produkt\/crocs-unisex-kinder-minecraft-classic-k-clog\/#primaryimage"},"thumbnailUrl":"https:\/\/m.media-amazon.com\/images\/I\/51tnJcpxr0L._SL500_.jpg","datePublished":"2024-07-28T14:14:33+00:00","description":"Markt-XXL Crocs Unisex Kinder Minecraft Classic K Clog","breadcrumb":{"@id":"https:\/\/marktxxl.de\/markt\/produkt\/crocs-unisex-kinder-minecraft-classic-k-clog\/#breadcrumb"},"inLanguage":"de","potentialAction":[{"@type":"ReadAction","target":["https:\/\/marktxxl.de\/markt\/produkt\/crocs-unisex-kinder-minecraft-classic-k-clog\/"]}]},{"@type":"ImageObject","inLanguage":"de","@id":"https:\/\/marktxxl.de\/markt\/produkt\/crocs-unisex-kinder-minecraft-classic-k-clog\/#primaryimage","url":"https:\/\/m.media-amazon.com\/images\/I\/51tnJcpxr0L._SL500_.jpg","contentUrl":"https:\/\/m.media-amazon.com\/images\/I\/51tnJcpxr0L._SL500_.jpg","width":500,"height":288},{"@type":"BreadcrumbList","@id":"https:\/\/marktxxl.de\/markt\/produkt\/crocs-unisex-kinder-minecraft-classic-k-clog\/#breadcrumb","itemListElement":[{"@type":"ListItem","position":1,"name":"Startseite","item":"https:\/\/marktxxl.de\/markt\/"},{"@type":"ListItem","position":2,"name":"Markt","item":"https:\/\/marktxxl.de\/markt\/"},{"@type":"ListItem","position":3,"name":"Crocs Unisex Kinder Minecraft Classic K Clog"}]},{"@type":"WebSite","@id":"https:\/\/marktxxl.de\/markt\/#website","url":"https:\/\/marktxxl.de\/markt\/","name":"Markt-XXL","description":"Ihr Markt Online","publisher":{"@id":"https:\/\/marktxxl.de\/markt\/#organization"},"potentialAction":[{"@type":"SearchAction","target":{"@type":"EntryPoint","urlTemplate":"https:\/\/marktxxl.de\/markt\/?s={search_term_string}"},"query-input":{"@type":"PropertyValueSpecification","valueRequired":true,"valueName":"search_term_string"}}],"inLanguage":"de"},{"@type":"Organization","@id":"https:\/\/marktxxl.de\/markt\/#organization","name":"Markt-XXL","url":"https:\/\/marktxxl.de\/markt\/","logo":{"@type":"ImageObject","inLanguage":"de","@id":"https:\/\/marktxxl.de\/markt\/#\/schema\/logo\/image\/","url":"https:\/\/marktxxl.de\/markt\/wp-content\/uploads\/sites\/3\/2020\/12\/logo.png","contentUrl":"https:\/\/marktxxl.de\/markt\/wp-content\/uploads\/sites\/3\/2020\/12\/logo.png","width":200,"height":70,"caption":"Markt-XXL"},"image":{"@id":"https:\/\/marktxxl.de\/markt\/#\/schema\/logo\/image\/"}}]}},"_links":{"self":[{"href":"https:\/\/marktxxl.de\/markt\/wp-json\/wp\/v2\/product\/222462","targetHints":{"allow":["GET"]}}],"collection":[{"href":"https:\/\/marktxxl.de\/markt\/wp-json\/wp\/v2\/product"}],"about":[{"href":"https:\/\/marktxxl.de\/markt\/wp-json\/wp\/v2\/types\/product"}],"replies":[{"embeddable":true,"href":"https:\/\/marktxxl.de\/markt\/wp-json\/wp\/v2\/comments?post=222462"}],"wp:featuredmedia":[{"embeddable":true,"href":"https:\/\/marktxxl.de\/markt\/wp-json\/wp\/v2\/media\/222463"}],"wp:attachment":[{"href":"https:\/\/marktxxl.de\/markt\/wp-json\/wp\/v2\/media?parent=222462"}],"wp:term":[{"taxonomy":"product_brand","embeddable":true,"href":"https:\/\/marktxxl.de\/markt\/wp-json\/wp\/v2\/product_brand?post=222462"},{"taxonomy":"product_cat","embeddable":true,"href":"https:\/\/marktxxl.de\/markt\/wp-json\/wp\/v2\/product_cat?post=222462"},{"taxonomy":"product_tag","embeddable":true,"href":"https:\/\/marktxxl.de\/markt\/wp-json\/wp\/v2\/product_tag?post=222462"}],"curies":[{"name":"wp","href":"https:\/\/api.w.org\/{rel}","templated":true}]}}