{"id":222386,"date":"2024-07-28T16:12:52","date_gmt":"2024-07-28T14:12:52","guid":{"rendered":"https:\/\/marktxxl.de\/markt\/produkt\/jan-jul-grow-with-me-baumwoll-flapper-sonnenhut-fuer-babys-und-kinder\/"},"modified":"2024-07-28T16:12:52","modified_gmt":"2024-07-28T14:12:52","slug":"jan-jul-grow-with-me-baumwoll-flapper-sonnenhut-fuer-babys-und-kinder","status":"publish","type":"product","link":"https:\/\/marktxxl.de\/markt\/produkt\/jan-jul-grow-with-me-baumwoll-flapper-sonnenhut-fuer-babys-und-kinder\/","title":{"rendered":"Jan &amp; Jul Grow-with-Me Baumwoll-Flapper Sonnenhut f\u00fcr Babys und Kinder"},"content":{"rendered":"<p>\u3010Mitwachsendes Design\u3011 Sonnenh\u00fcte f\u00fcr Babys, Kleinkinder und Kinder mit voll verstellbarem Kopfzug. Erm\u00f6glichen Sie die Gr\u00f6\u00dfenanpassung, damit Sie denselben Sonnenhut f\u00fcr mehrere Jahreszeiten verwenden k\u00f6nnen<br \/>\n\u3010UV-SONNENSCHUTZ\u3011 50 + UPF-zertifizierter atmungsaktiver Baumwoll-Sonnenhut mit breiter, verst\u00e4rkter Krempe. Der UV-Schutz ist aufgrund der Webtechnik geleistet, es wurden keine sch\u00e4dlichen Chemikalien oder Farbstoffe verwendet.<br \/>\n\u3010Sicherer Sitz\u3011 Der Kinnriemen ist verstellbar und hat einen abrei\u00dfbaren Sicherheitsclip, der einfach wieder eingeklemmt werden kann. So bleibt der Hut immer sicher auf dem Kopf.<br \/>\n\u3010Packbar\u3011 Leicht und gut faltbar, um in jede kleine Tasche zu passen. Perfekt f\u00fcr Reisen.<br \/>\n\u3010GR\u00d6SSEN, VON NEUGEBORENEN BIS 12 JAHRE\u3011 Sonnenh\u00fcte f\u00fcr Babys, Kleinkinder und Kinder, M\u00e4dchen und Jungen. XS: 0-3 Monate (Kopf bis zu 41,4 cm); S: 0-6 Monate (Kopf bis zu 45 cm); M: 6-24 Monate (Kopf bis zu 50 cm); L: 2-5 Jahre (Kopf bis zu 53 cm); XL: 6-12 Jahre (Kopf bis zu 56 cm)<br \/>\n<div class=\"main-cross-sell\" data-asin=\"B0CV6XHN29\">\n\n\t<div class=\"WooZone-cross-sell-loader\">\n\t\t<div>\n\t\t\t<div id=\"floatingBarsG\">\n\t\t\t\t<div class=\"blockG\" id=\"rotateG_01\"><\/div>\n\t\t\t\t<div class=\"blockG\" id=\"rotateG_02\"><\/div>\n\t\t\t\t<div class=\"blockG\" id=\"rotateG_03\"><\/div>\n\t\t\t\t<div class=\"blockG\" id=\"rotateG_04\"><\/div>\n\t\t\t\t<div class=\"blockG\" id=\"rotateG_05\"><\/div>\n\t\t\t\t<div class=\"blockG\" id=\"rotateG_06\"><\/div>\n\t\t\t\t<div class=\"blockG\" id=\"rotateG_07\"><\/div>\n\t\t\t\t<div class=\"blockG\" id=\"rotateG_08\"><\/div>\n\t\t\t<\/div>\n\t\t\t<div class=\"WooZone-cross-sell-loader-text\"><\/div>\n\t\t<\/div>\n\t<\/div>\n\n\t\t\n<\/div>\n<div style=\"clear:both;\"><\/div><\/p>\n","protected":false},"excerpt":{"rendered":"<p>\u3010Mitwachsendes Design\u3011 Sonnenh\u00fcte f\u00fcr Babys, Kleinkinder und Kinder mit voll verstellbarem Kopfzug. Erm\u00f6glichen Sie die Gr\u00f6\u00dfenanpassung, damit Sie denselben Sonnenhut f\u00fcr mehrere Jahreszeiten verwenden k\u00f6nnen<br \/>\n\u3010UV-SONNENSCHUTZ\u3011 50 + UPF-zertifizierter atmungsaktiver Baumwoll-Sonnenhut mit breiter, verst\u00e4rkter Krempe. Der UV-Schutz ist aufgrund der Webtechnik geleistet, es wurden keine sch\u00e4dlichen Chemikalien oder Farbstoffe verwendet.<br \/>\n\u3010Sicherer Sitz\u3011 Der Kinnriemen ist verstellbar und hat einen abrei\u00dfbaren Sicherheitsclip, der einfach wieder eingeklemmt werden kann. So bleibt der Hut immer sicher auf dem Kopf.<\/p>\n","protected":false},"featured_media":222387,"comment_status":"open","ping_status":"closed","template":"","meta":[],"product_brand":[],"product_cat":[1186],"product_tag":[],"class_list":{"0":"post-222386","1":"product","2":"type-product","3":"status-publish","4":"has-post-thumbnail","6":"product_cat-bekleidung","7":"pa_binding-textilien","8":"pa_brand-jan-jul","9":"pa_manufacturer-twinklebelle-design-inc","11":"first","12":"instock","13":"shipping-taxable","14":"product-type-simple","15":"customify-col","16":"product-has-gallery"},"yoast_head":"<!-- This site is optimized with the Yoast SEO plugin v27.3 - https:\/\/yoast.com\/product\/yoast-seo-wordpress\/ -->\n<title>Jan &amp; Jul Grow-with-Me Baumwoll-Flapper Sonnenhut f\u00fcr Babys und Kinder - Markt-XXL<\/title>\n<meta name=\"description\" content=\"Markt-XXL Jan &amp; Jul Grow-with-Me Baumwoll-Flapper Sonnenhut f\u00fcr Babys und Kinder\" \/>\n<meta name=\"robots\" content=\"index, follow, max-snippet:-1, max-image-preview:large, max-video-preview:-1\" \/>\n<link rel=\"canonical\" href=\"https:\/\/marktxxl.de\/markt\/produkt\/jan-jul-grow-with-me-baumwoll-flapper-sonnenhut-fuer-babys-und-kinder\/\" \/>\n<meta property=\"og:locale\" content=\"de_DE\" \/>\n<meta property=\"og:type\" content=\"article\" \/>\n<meta property=\"og:title\" content=\"Jan &amp; Jul Grow-with-Me Baumwoll-Flapper Sonnenhut f\u00fcr Babys und Kinder - Markt-XXL\" \/>\n<meta property=\"og:description\" content=\"Markt-XXL Jan &amp; Jul Grow-with-Me Baumwoll-Flapper Sonnenhut f\u00fcr Babys und Kinder\" \/>\n<meta property=\"og:url\" content=\"https:\/\/marktxxl.de\/markt\/produkt\/jan-jul-grow-with-me-baumwoll-flapper-sonnenhut-fuer-babys-und-kinder\/\" \/>\n<meta property=\"og:site_name\" content=\"Markt-XXL\" \/>\n<meta name=\"twitter:card\" content=\"summary_large_image\" \/>\n<meta name=\"twitter:label1\" content=\"Gesch\u00e4tzte Lesezeit\" \/>\n\t<meta name=\"twitter:data1\" content=\"1\u00a0Minute\" \/>\n<script type=\"application\/ld+json\" class=\"yoast-schema-graph\">{\"@context\":\"https:\\\/\\\/schema.org\",\"@graph\":[{\"@type\":\"WebPage\",\"@id\":\"https:\\\/\\\/marktxxl.de\\\/markt\\\/produkt\\\/jan-jul-grow-with-me-baumwoll-flapper-sonnenhut-fuer-babys-und-kinder\\\/\",\"url\":\"https:\\\/\\\/marktxxl.de\\\/markt\\\/produkt\\\/jan-jul-grow-with-me-baumwoll-flapper-sonnenhut-fuer-babys-und-kinder\\\/\",\"name\":\"Jan &amp; Jul Grow-with-Me Baumwoll-Flapper Sonnenhut f\u00fcr Babys und Kinder - Markt-XXL\",\"isPartOf\":{\"@id\":\"https:\\\/\\\/marktxxl.de\\\/markt\\\/#website\"},\"primaryImageOfPage\":{\"@id\":\"https:\\\/\\\/marktxxl.de\\\/markt\\\/produkt\\\/jan-jul-grow-with-me-baumwoll-flapper-sonnenhut-fuer-babys-und-kinder\\\/#primaryimage\"},\"image\":{\"@id\":\"https:\\\/\\\/marktxxl.de\\\/markt\\\/produkt\\\/jan-jul-grow-with-me-baumwoll-flapper-sonnenhut-fuer-babys-und-kinder\\\/#primaryimage\"},\"thumbnailUrl\":\"https:\\\/\\\/m.media-amazon.com\\\/images\\\/I\\\/412nWCdMQvL._SL500_.jpg\",\"datePublished\":\"2024-07-28T14:12:52+00:00\",\"description\":\"Markt-XXL Jan &amp; Jul Grow-with-Me Baumwoll-Flapper Sonnenhut f\u00fcr Babys und Kinder\",\"breadcrumb\":{\"@id\":\"https:\\\/\\\/marktxxl.de\\\/markt\\\/produkt\\\/jan-jul-grow-with-me-baumwoll-flapper-sonnenhut-fuer-babys-und-kinder\\\/#breadcrumb\"},\"inLanguage\":\"de\",\"potentialAction\":[{\"@type\":\"ReadAction\",\"target\":[\"https:\\\/\\\/marktxxl.de\\\/markt\\\/produkt\\\/jan-jul-grow-with-me-baumwoll-flapper-sonnenhut-fuer-babys-und-kinder\\\/\"]}]},{\"@type\":\"ImageObject\",\"inLanguage\":\"de\",\"@id\":\"https:\\\/\\\/marktxxl.de\\\/markt\\\/produkt\\\/jan-jul-grow-with-me-baumwoll-flapper-sonnenhut-fuer-babys-und-kinder\\\/#primaryimage\",\"url\":\"https:\\\/\\\/m.media-amazon.com\\\/images\\\/I\\\/412nWCdMQvL._SL500_.jpg\",\"contentUrl\":\"https:\\\/\\\/m.media-amazon.com\\\/images\\\/I\\\/412nWCdMQvL._SL500_.jpg\",\"width\":500,\"height\":500},{\"@type\":\"BreadcrumbList\",\"@id\":\"https:\\\/\\\/marktxxl.de\\\/markt\\\/produkt\\\/jan-jul-grow-with-me-baumwoll-flapper-sonnenhut-fuer-babys-und-kinder\\\/#breadcrumb\",\"itemListElement\":[{\"@type\":\"ListItem\",\"position\":1,\"name\":\"Startseite\",\"item\":\"https:\\\/\\\/marktxxl.de\\\/markt\\\/\"},{\"@type\":\"ListItem\",\"position\":2,\"name\":\"Markt\",\"item\":\"https:\\\/\\\/marktxxl.de\\\/markt\\\/\"},{\"@type\":\"ListItem\",\"position\":3,\"name\":\"Jan &amp; Jul Grow-with-Me Baumwoll-Flapper Sonnenhut f\u00fcr Babys und Kinder\"}]},{\"@type\":\"WebSite\",\"@id\":\"https:\\\/\\\/marktxxl.de\\\/markt\\\/#website\",\"url\":\"https:\\\/\\\/marktxxl.de\\\/markt\\\/\",\"name\":\"Markt-XXL\",\"description\":\"Ihr Markt Online\",\"publisher\":{\"@id\":\"https:\\\/\\\/marktxxl.de\\\/markt\\\/#organization\"},\"potentialAction\":[{\"@type\":\"SearchAction\",\"target\":{\"@type\":\"EntryPoint\",\"urlTemplate\":\"https:\\\/\\\/marktxxl.de\\\/markt\\\/?s={search_term_string}\"},\"query-input\":{\"@type\":\"PropertyValueSpecification\",\"valueRequired\":true,\"valueName\":\"search_term_string\"}}],\"inLanguage\":\"de\"},{\"@type\":\"Organization\",\"@id\":\"https:\\\/\\\/marktxxl.de\\\/markt\\\/#organization\",\"name\":\"Markt-XXL\",\"url\":\"https:\\\/\\\/marktxxl.de\\\/markt\\\/\",\"logo\":{\"@type\":\"ImageObject\",\"inLanguage\":\"de\",\"@id\":\"https:\\\/\\\/marktxxl.de\\\/markt\\\/#\\\/schema\\\/logo\\\/image\\\/\",\"url\":\"https:\\\/\\\/marktxxl.de\\\/markt\\\/wp-content\\\/uploads\\\/sites\\\/3\\\/2020\\\/12\\\/logo.png\",\"contentUrl\":\"https:\\\/\\\/marktxxl.de\\\/markt\\\/wp-content\\\/uploads\\\/sites\\\/3\\\/2020\\\/12\\\/logo.png\",\"width\":200,\"height\":70,\"caption\":\"Markt-XXL\"},\"image\":{\"@id\":\"https:\\\/\\\/marktxxl.de\\\/markt\\\/#\\\/schema\\\/logo\\\/image\\\/\"}}]}<\/script>\n<!-- \/ Yoast SEO plugin. -->","yoast_head_json":{"title":"Jan &amp; Jul Grow-with-Me Baumwoll-Flapper Sonnenhut f\u00fcr Babys und Kinder - Markt-XXL","description":"Markt-XXL Jan &amp; Jul Grow-with-Me Baumwoll-Flapper Sonnenhut f\u00fcr Babys und Kinder","robots":{"index":"index","follow":"follow","max-snippet":"max-snippet:-1","max-image-preview":"max-image-preview:large","max-video-preview":"max-video-preview:-1"},"canonical":"https:\/\/marktxxl.de\/markt\/produkt\/jan-jul-grow-with-me-baumwoll-flapper-sonnenhut-fuer-babys-und-kinder\/","og_locale":"de_DE","og_type":"article","og_title":"Jan &amp; Jul Grow-with-Me Baumwoll-Flapper Sonnenhut f\u00fcr Babys und Kinder - Markt-XXL","og_description":"Markt-XXL Jan &amp; Jul Grow-with-Me Baumwoll-Flapper Sonnenhut f\u00fcr Babys und Kinder","og_url":"https:\/\/marktxxl.de\/markt\/produkt\/jan-jul-grow-with-me-baumwoll-flapper-sonnenhut-fuer-babys-und-kinder\/","og_site_name":"Markt-XXL","twitter_card":"summary_large_image","twitter_misc":{"Gesch\u00e4tzte Lesezeit":"1\u00a0Minute"},"schema":{"@context":"https:\/\/schema.org","@graph":[{"@type":"WebPage","@id":"https:\/\/marktxxl.de\/markt\/produkt\/jan-jul-grow-with-me-baumwoll-flapper-sonnenhut-fuer-babys-und-kinder\/","url":"https:\/\/marktxxl.de\/markt\/produkt\/jan-jul-grow-with-me-baumwoll-flapper-sonnenhut-fuer-babys-und-kinder\/","name":"Jan &amp; Jul Grow-with-Me Baumwoll-Flapper Sonnenhut f\u00fcr Babys und Kinder - Markt-XXL","isPartOf":{"@id":"https:\/\/marktxxl.de\/markt\/#website"},"primaryImageOfPage":{"@id":"https:\/\/marktxxl.de\/markt\/produkt\/jan-jul-grow-with-me-baumwoll-flapper-sonnenhut-fuer-babys-und-kinder\/#primaryimage"},"image":{"@id":"https:\/\/marktxxl.de\/markt\/produkt\/jan-jul-grow-with-me-baumwoll-flapper-sonnenhut-fuer-babys-und-kinder\/#primaryimage"},"thumbnailUrl":"https:\/\/m.media-amazon.com\/images\/I\/412nWCdMQvL._SL500_.jpg","datePublished":"2024-07-28T14:12:52+00:00","description":"Markt-XXL Jan &amp; Jul Grow-with-Me Baumwoll-Flapper Sonnenhut f\u00fcr Babys und Kinder","breadcrumb":{"@id":"https:\/\/marktxxl.de\/markt\/produkt\/jan-jul-grow-with-me-baumwoll-flapper-sonnenhut-fuer-babys-und-kinder\/#breadcrumb"},"inLanguage":"de","potentialAction":[{"@type":"ReadAction","target":["https:\/\/marktxxl.de\/markt\/produkt\/jan-jul-grow-with-me-baumwoll-flapper-sonnenhut-fuer-babys-und-kinder\/"]}]},{"@type":"ImageObject","inLanguage":"de","@id":"https:\/\/marktxxl.de\/markt\/produkt\/jan-jul-grow-with-me-baumwoll-flapper-sonnenhut-fuer-babys-und-kinder\/#primaryimage","url":"https:\/\/m.media-amazon.com\/images\/I\/412nWCdMQvL._SL500_.jpg","contentUrl":"https:\/\/m.media-amazon.com\/images\/I\/412nWCdMQvL._SL500_.jpg","width":500,"height":500},{"@type":"BreadcrumbList","@id":"https:\/\/marktxxl.de\/markt\/produkt\/jan-jul-grow-with-me-baumwoll-flapper-sonnenhut-fuer-babys-und-kinder\/#breadcrumb","itemListElement":[{"@type":"ListItem","position":1,"name":"Startseite","item":"https:\/\/marktxxl.de\/markt\/"},{"@type":"ListItem","position":2,"name":"Markt","item":"https:\/\/marktxxl.de\/markt\/"},{"@type":"ListItem","position":3,"name":"Jan &amp; Jul Grow-with-Me Baumwoll-Flapper Sonnenhut f\u00fcr Babys und Kinder"}]},{"@type":"WebSite","@id":"https:\/\/marktxxl.de\/markt\/#website","url":"https:\/\/marktxxl.de\/markt\/","name":"Markt-XXL","description":"Ihr Markt Online","publisher":{"@id":"https:\/\/marktxxl.de\/markt\/#organization"},"potentialAction":[{"@type":"SearchAction","target":{"@type":"EntryPoint","urlTemplate":"https:\/\/marktxxl.de\/markt\/?s={search_term_string}"},"query-input":{"@type":"PropertyValueSpecification","valueRequired":true,"valueName":"search_term_string"}}],"inLanguage":"de"},{"@type":"Organization","@id":"https:\/\/marktxxl.de\/markt\/#organization","name":"Markt-XXL","url":"https:\/\/marktxxl.de\/markt\/","logo":{"@type":"ImageObject","inLanguage":"de","@id":"https:\/\/marktxxl.de\/markt\/#\/schema\/logo\/image\/","url":"https:\/\/marktxxl.de\/markt\/wp-content\/uploads\/sites\/3\/2020\/12\/logo.png","contentUrl":"https:\/\/marktxxl.de\/markt\/wp-content\/uploads\/sites\/3\/2020\/12\/logo.png","width":200,"height":70,"caption":"Markt-XXL"},"image":{"@id":"https:\/\/marktxxl.de\/markt\/#\/schema\/logo\/image\/"}}]}},"_links":{"self":[{"href":"https:\/\/marktxxl.de\/markt\/wp-json\/wp\/v2\/product\/222386","targetHints":{"allow":["GET"]}}],"collection":[{"href":"https:\/\/marktxxl.de\/markt\/wp-json\/wp\/v2\/product"}],"about":[{"href":"https:\/\/marktxxl.de\/markt\/wp-json\/wp\/v2\/types\/product"}],"replies":[{"embeddable":true,"href":"https:\/\/marktxxl.de\/markt\/wp-json\/wp\/v2\/comments?post=222386"}],"wp:featuredmedia":[{"embeddable":true,"href":"https:\/\/marktxxl.de\/markt\/wp-json\/wp\/v2\/media\/222387"}],"wp:attachment":[{"href":"https:\/\/marktxxl.de\/markt\/wp-json\/wp\/v2\/media?parent=222386"}],"wp:term":[{"taxonomy":"product_brand","embeddable":true,"href":"https:\/\/marktxxl.de\/markt\/wp-json\/wp\/v2\/product_brand?post=222386"},{"taxonomy":"product_cat","embeddable":true,"href":"https:\/\/marktxxl.de\/markt\/wp-json\/wp\/v2\/product_cat?post=222386"},{"taxonomy":"product_tag","embeddable":true,"href":"https:\/\/marktxxl.de\/markt\/wp-json\/wp\/v2\/product_tag?post=222386"}],"curies":[{"name":"wp","href":"https:\/\/api.w.org\/{rel}","templated":true}]}}