{"id":222349,"date":"2024-07-28T16:06:54","date_gmt":"2024-07-28T14:06:54","guid":{"rendered":"https:\/\/marktxxl.de\/markt\/produkt\/aqianghui-geldboerse-herren-slim-wallet-wallet-smart-wallet-mit-muenzfach-damen-klein-mit-rfid-schutz-portemonnaie-geldbeutel-herrenbrieftasche-brown%e3%80%82\/"},"modified":"2024-07-28T16:06:54","modified_gmt":"2024-07-28T14:06:54","slug":"aqianghui-geldboerse-herren-slim-wallet-wallet-smart-wallet-mit-muenzfach-damen-klein-mit-rfid-schutz-portemonnaie-geldbeutel-herrenbrieftasche-brown%e3%80%82","status":"publish","type":"product","link":"https:\/\/marktxxl.de\/markt\/produkt\/aqianghui-geldboerse-herren-slim-wallet-wallet-smart-wallet-mit-muenzfach-damen-klein-mit-rfid-schutz-portemonnaie-geldbeutel-herrenbrieftasche-brown%e3%80%82\/","title":{"rendered":"AQIANGHUI Geldb\u00f6rse Herren, Slim Wallet, Wallet Smart Wallet mit M\u00fcnzfach, Damen klein mit RFID Schutz Portemonnaie, Geldbeutel Herren,Brieftasche Brown\u3002"},"content":{"rendered":"<p>\u2714KLEIN &amp; GER\u00c4UMIG: Mit 10 Kartenf\u00e4chern f\u00fcr 7-10 Karten, vollwertigem Scheinfach und M\u00fcnzfach (f\u00fcr 5-7 M\u00fcnzen). Die Ma\u00dfe betragen 9.5 x 6.5 x 1.5 cm.<br \/>\n\u2714PRIVATSPHARE&amp; SICHERHEIT :Herren geldb\u00f6rse sch\u00fctzt Ihre Karte vor unbefugtem Scannen mitfortschrittlicherRFIDBlockierungstechnologie und bewahrt<br \/>\n\u2714 AUSGEW\u00c4HLTES MATERIAL :das tierfreie Material besteht aus ausgew\u00e4hltem Mikrofaser, welches auf maximale Langlebigkeit ausgerichtet ist.Das Lederportemonnaie hat glatte, robuste N\u00e4hte, keine losen F\u00e4den und f\u00fchlt sich angenehm an, so dass es sich luxuri\u00f6s anf\u00fchlt und lange h\u00e4lt Die angenehm weiche Haptik und kratzresistente Oberfl\u00e4che machen unser Material so einzigartig.<br \/>\n\u2714 IDEALES GESCHENK :Dieses stilvolle und praktische Portmonnee kombiniert hohe Funktionalit\u00e4t mit einem schlanken,Geldbeutel wird mit einer schicken Geschenkbox geliefert,Ideal als Geschenk f\u00fcr M\u00e4nner zum Geburtstag, Jubil\u00e4um, Vatertag, Weihnachten, Valentine\u2019s Day und andere Anl\u00e4sse.<br \/>\n<div class=\"main-cross-sell\" data-asin=\"B0D1VRQPF6\">\n\n\t<div class=\"WooZone-cross-sell-loader\">\n\t\t<div>\n\t\t\t<div id=\"floatingBarsG\">\n\t\t\t\t<div class=\"blockG\" id=\"rotateG_01\"><\/div>\n\t\t\t\t<div class=\"blockG\" id=\"rotateG_02\"><\/div>\n\t\t\t\t<div class=\"blockG\" id=\"rotateG_03\"><\/div>\n\t\t\t\t<div class=\"blockG\" id=\"rotateG_04\"><\/div>\n\t\t\t\t<div class=\"blockG\" id=\"rotateG_05\"><\/div>\n\t\t\t\t<div class=\"blockG\" id=\"rotateG_06\"><\/div>\n\t\t\t\t<div class=\"blockG\" id=\"rotateG_07\"><\/div>\n\t\t\t\t<div class=\"blockG\" id=\"rotateG_08\"><\/div>\n\t\t\t<\/div>\n\t\t\t<div class=\"WooZone-cross-sell-loader-text\"><\/div>\n\t\t<\/div>\n\t<\/div>\n\n\t\t\n<\/div>\n<div style=\"clear:both;\"><\/div><\/p>\n","protected":false},"excerpt":{"rendered":"<p>\u2714KLEIN &amp; GER\u00c4UMIG: Mit 10 Kartenf\u00e4chern f\u00fcr 7-10 Karten, vollwertigem Scheinfach und M\u00fcnzfach (f\u00fcr 5-7 M\u00fcnzen). Die Ma\u00dfe betragen 9.5 x 6.5 x 1.5 cm.<br \/>\n\u2714PRIVATSPHARE&amp; SICHERHEIT :Herren geldb\u00f6rse sch\u00fctzt Ihre Karte vor unbefugtem Scannen mitfortschrittlicherRFIDBlockierungstechnologie und bewahrt<br \/>\n\u2714 AUSGEW\u00c4HLTES MATERIAL :das tierfreie Material besteht aus ausgew\u00e4hltem Mikrofaser, welches auf maximale Langlebigkeit ausgerichtet ist.Das Lederportemonnaie hat glatte, robuste N\u00e4hte, keine losen F\u00e4den und f\u00fchlt sich angenehm an, so dass es sich luxuri\u00f6s anf\u00fchlt und lange h\u00e4lt Die angenehm weiche Haptik und kratzresistente Oberfl\u00e4che machen unser Material so einzigartig.<\/p>\n","protected":false},"featured_media":222350,"comment_status":"open","ping_status":"closed","template":"","meta":[],"product_brand":[],"product_cat":[1186],"product_tag":[],"class_list":{"0":"post-222349","1":"product","2":"type-product","3":"status-publish","4":"has-post-thumbnail","6":"product_cat-bekleidung","7":"pa_binding-textilien","8":"pa_brand-aqianghui","9":"pa_color-braun","10":"pa_height-3-7401574765-zoll","11":"pa_length-0-5905511805-zoll","12":"pa_manufacturer-yide-uk","13":"pa_width-2-5590551155-zoll","15":"first","16":"instock","17":"sale","18":"shipping-taxable","19":"purchasable","20":"product-type-simple","21":"customify-col","22":"product-has-gallery"},"yoast_head":"<!-- This site is optimized with the Yoast SEO plugin v27.3 - https:\/\/yoast.com\/product\/yoast-seo-wordpress\/ -->\n<title>AQIANGHUI Geldb\u00f6rse Herren, Slim Wallet, Wallet Smart Wallet mit M\u00fcnzfach, Damen klein mit RFID Schutz Portemonnaie, Geldbeutel Herren,Brieftasche Brown\u3002 - Markt-XXL<\/title>\n<meta name=\"description\" content=\"Markt-XXL AQIANGHUI Geldb\u00f6rse Herren, Slim Wallet, Wallet Smart Wallet mit M\u00fcnzfach, Damen klein mit RFID Schutz Portemonnaie, Geldbeutel Herren,Brieftasche Brown\u3002\" \/>\n<meta name=\"robots\" content=\"index, follow, max-snippet:-1, max-image-preview:large, max-video-preview:-1\" \/>\n<link rel=\"canonical\" href=\"https:\/\/marktxxl.de\/markt\/produkt\/aqianghui-geldboerse-herren-slim-wallet-wallet-smart-wallet-mit-muenzfach-damen-klein-mit-rfid-schutz-portemonnaie-geldbeutel-herrenbrieftasche-brown\u3002\/\" \/>\n<meta property=\"og:locale\" content=\"de_DE\" \/>\n<meta property=\"og:type\" content=\"article\" \/>\n<meta property=\"og:title\" content=\"AQIANGHUI Geldb\u00f6rse Herren, Slim Wallet, Wallet Smart Wallet mit M\u00fcnzfach, Damen klein mit RFID Schutz Portemonnaie, Geldbeutel Herren,Brieftasche Brown\u3002 - Markt-XXL\" \/>\n<meta property=\"og:description\" content=\"Markt-XXL AQIANGHUI Geldb\u00f6rse Herren, Slim Wallet, Wallet Smart Wallet mit M\u00fcnzfach, Damen klein mit RFID Schutz Portemonnaie, Geldbeutel Herren,Brieftasche Brown\u3002\" \/>\n<meta property=\"og:url\" content=\"https:\/\/marktxxl.de\/markt\/produkt\/aqianghui-geldboerse-herren-slim-wallet-wallet-smart-wallet-mit-muenzfach-damen-klein-mit-rfid-schutz-portemonnaie-geldbeutel-herrenbrieftasche-brown\u3002\/\" \/>\n<meta property=\"og:site_name\" content=\"Markt-XXL\" \/>\n<meta name=\"twitter:card\" content=\"summary_large_image\" \/>\n<meta name=\"twitter:label1\" content=\"Gesch\u00e4tzte Lesezeit\" \/>\n\t<meta name=\"twitter:data1\" content=\"1\u00a0Minute\" \/>\n<script type=\"application\/ld+json\" class=\"yoast-schema-graph\">{\"@context\":\"https:\\\/\\\/schema.org\",\"@graph\":[{\"@type\":\"WebPage\",\"@id\":\"https:\\\/\\\/marktxxl.de\\\/markt\\\/produkt\\\/aqianghui-geldboerse-herren-slim-wallet-wallet-smart-wallet-mit-muenzfach-damen-klein-mit-rfid-schutz-portemonnaie-geldbeutel-herrenbrieftasche-brown%e3%80%82\\\/\",\"url\":\"https:\\\/\\\/marktxxl.de\\\/markt\\\/produkt\\\/aqianghui-geldboerse-herren-slim-wallet-wallet-smart-wallet-mit-muenzfach-damen-klein-mit-rfid-schutz-portemonnaie-geldbeutel-herrenbrieftasche-brown%e3%80%82\\\/\",\"name\":\"AQIANGHUI Geldb\u00f6rse Herren, Slim Wallet, Wallet Smart Wallet mit M\u00fcnzfach, Damen klein mit RFID Schutz Portemonnaie, Geldbeutel Herren,Brieftasche Brown\u3002 - Markt-XXL\",\"isPartOf\":{\"@id\":\"https:\\\/\\\/marktxxl.de\\\/markt\\\/#website\"},\"primaryImageOfPage\":{\"@id\":\"https:\\\/\\\/marktxxl.de\\\/markt\\\/produkt\\\/aqianghui-geldboerse-herren-slim-wallet-wallet-smart-wallet-mit-muenzfach-damen-klein-mit-rfid-schutz-portemonnaie-geldbeutel-herrenbrieftasche-brown%e3%80%82\\\/#primaryimage\"},\"image\":{\"@id\":\"https:\\\/\\\/marktxxl.de\\\/markt\\\/produkt\\\/aqianghui-geldboerse-herren-slim-wallet-wallet-smart-wallet-mit-muenzfach-damen-klein-mit-rfid-schutz-portemonnaie-geldbeutel-herrenbrieftasche-brown%e3%80%82\\\/#primaryimage\"},\"thumbnailUrl\":\"https:\\\/\\\/m.media-amazon.com\\\/images\\\/I\\\/51rgCCHPgbL._SL500_.jpg\",\"datePublished\":\"2024-07-28T14:06:54+00:00\",\"description\":\"Markt-XXL AQIANGHUI Geldb\u00f6rse Herren, Slim Wallet, Wallet Smart Wallet mit M\u00fcnzfach, Damen klein mit RFID Schutz Portemonnaie, Geldbeutel Herren,Brieftasche Brown\u3002\",\"breadcrumb\":{\"@id\":\"https:\\\/\\\/marktxxl.de\\\/markt\\\/produkt\\\/aqianghui-geldboerse-herren-slim-wallet-wallet-smart-wallet-mit-muenzfach-damen-klein-mit-rfid-schutz-portemonnaie-geldbeutel-herrenbrieftasche-brown%e3%80%82\\\/#breadcrumb\"},\"inLanguage\":\"de\",\"potentialAction\":[{\"@type\":\"ReadAction\",\"target\":[\"https:\\\/\\\/marktxxl.de\\\/markt\\\/produkt\\\/aqianghui-geldboerse-herren-slim-wallet-wallet-smart-wallet-mit-muenzfach-damen-klein-mit-rfid-schutz-portemonnaie-geldbeutel-herrenbrieftasche-brown%e3%80%82\\\/\"]}]},{\"@type\":\"ImageObject\",\"inLanguage\":\"de\",\"@id\":\"https:\\\/\\\/marktxxl.de\\\/markt\\\/produkt\\\/aqianghui-geldboerse-herren-slim-wallet-wallet-smart-wallet-mit-muenzfach-damen-klein-mit-rfid-schutz-portemonnaie-geldbeutel-herrenbrieftasche-brown%e3%80%82\\\/#primaryimage\",\"url\":\"https:\\\/\\\/m.media-amazon.com\\\/images\\\/I\\\/51rgCCHPgbL._SL500_.jpg\",\"contentUrl\":\"https:\\\/\\\/m.media-amazon.com\\\/images\\\/I\\\/51rgCCHPgbL._SL500_.jpg\",\"width\":500,\"height\":500},{\"@type\":\"BreadcrumbList\",\"@id\":\"https:\\\/\\\/marktxxl.de\\\/markt\\\/produkt\\\/aqianghui-geldboerse-herren-slim-wallet-wallet-smart-wallet-mit-muenzfach-damen-klein-mit-rfid-schutz-portemonnaie-geldbeutel-herrenbrieftasche-brown%e3%80%82\\\/#breadcrumb\",\"itemListElement\":[{\"@type\":\"ListItem\",\"position\":1,\"name\":\"Startseite\",\"item\":\"https:\\\/\\\/marktxxl.de\\\/markt\\\/\"},{\"@type\":\"ListItem\",\"position\":2,\"name\":\"Markt\",\"item\":\"https:\\\/\\\/marktxxl.de\\\/markt\\\/\"},{\"@type\":\"ListItem\",\"position\":3,\"name\":\"AQIANGHUI Geldb\u00f6rse Herren, Slim Wallet, Wallet Smart Wallet mit M\u00fcnzfach, Damen klein mit RFID Schutz Portemonnaie, Geldbeutel Herren,Brieftasche Brown\u3002\"}]},{\"@type\":\"WebSite\",\"@id\":\"https:\\\/\\\/marktxxl.de\\\/markt\\\/#website\",\"url\":\"https:\\\/\\\/marktxxl.de\\\/markt\\\/\",\"name\":\"Markt-XXL\",\"description\":\"Ihr Markt Online\",\"publisher\":{\"@id\":\"https:\\\/\\\/marktxxl.de\\\/markt\\\/#organization\"},\"potentialAction\":[{\"@type\":\"SearchAction\",\"target\":{\"@type\":\"EntryPoint\",\"urlTemplate\":\"https:\\\/\\\/marktxxl.de\\\/markt\\\/?s={search_term_string}\"},\"query-input\":{\"@type\":\"PropertyValueSpecification\",\"valueRequired\":true,\"valueName\":\"search_term_string\"}}],\"inLanguage\":\"de\"},{\"@type\":\"Organization\",\"@id\":\"https:\\\/\\\/marktxxl.de\\\/markt\\\/#organization\",\"name\":\"Markt-XXL\",\"url\":\"https:\\\/\\\/marktxxl.de\\\/markt\\\/\",\"logo\":{\"@type\":\"ImageObject\",\"inLanguage\":\"de\",\"@id\":\"https:\\\/\\\/marktxxl.de\\\/markt\\\/#\\\/schema\\\/logo\\\/image\\\/\",\"url\":\"https:\\\/\\\/marktxxl.de\\\/markt\\\/wp-content\\\/uploads\\\/sites\\\/3\\\/2020\\\/12\\\/logo.png\",\"contentUrl\":\"https:\\\/\\\/marktxxl.de\\\/markt\\\/wp-content\\\/uploads\\\/sites\\\/3\\\/2020\\\/12\\\/logo.png\",\"width\":200,\"height\":70,\"caption\":\"Markt-XXL\"},\"image\":{\"@id\":\"https:\\\/\\\/marktxxl.de\\\/markt\\\/#\\\/schema\\\/logo\\\/image\\\/\"}}]}<\/script>\n<!-- \/ Yoast SEO plugin. -->","yoast_head_json":{"title":"AQIANGHUI Geldb\u00f6rse Herren, Slim Wallet, Wallet Smart Wallet mit M\u00fcnzfach, Damen klein mit RFID Schutz Portemonnaie, Geldbeutel Herren,Brieftasche Brown\u3002 - Markt-XXL","description":"Markt-XXL AQIANGHUI Geldb\u00f6rse Herren, Slim Wallet, Wallet Smart Wallet mit M\u00fcnzfach, Damen klein mit RFID Schutz Portemonnaie, Geldbeutel Herren,Brieftasche Brown\u3002","robots":{"index":"index","follow":"follow","max-snippet":"max-snippet:-1","max-image-preview":"max-image-preview:large","max-video-preview":"max-video-preview:-1"},"canonical":"https:\/\/marktxxl.de\/markt\/produkt\/aqianghui-geldboerse-herren-slim-wallet-wallet-smart-wallet-mit-muenzfach-damen-klein-mit-rfid-schutz-portemonnaie-geldbeutel-herrenbrieftasche-brown\u3002\/","og_locale":"de_DE","og_type":"article","og_title":"AQIANGHUI Geldb\u00f6rse Herren, Slim Wallet, Wallet Smart Wallet mit M\u00fcnzfach, Damen klein mit RFID Schutz Portemonnaie, Geldbeutel Herren,Brieftasche Brown\u3002 - Markt-XXL","og_description":"Markt-XXL AQIANGHUI Geldb\u00f6rse Herren, Slim Wallet, Wallet Smart Wallet mit M\u00fcnzfach, Damen klein mit RFID Schutz Portemonnaie, Geldbeutel Herren,Brieftasche Brown\u3002","og_url":"https:\/\/marktxxl.de\/markt\/produkt\/aqianghui-geldboerse-herren-slim-wallet-wallet-smart-wallet-mit-muenzfach-damen-klein-mit-rfid-schutz-portemonnaie-geldbeutel-herrenbrieftasche-brown\u3002\/","og_site_name":"Markt-XXL","twitter_card":"summary_large_image","twitter_misc":{"Gesch\u00e4tzte Lesezeit":"1\u00a0Minute"},"schema":{"@context":"https:\/\/schema.org","@graph":[{"@type":"WebPage","@id":"https:\/\/marktxxl.de\/markt\/produkt\/aqianghui-geldboerse-herren-slim-wallet-wallet-smart-wallet-mit-muenzfach-damen-klein-mit-rfid-schutz-portemonnaie-geldbeutel-herrenbrieftasche-brown%e3%80%82\/","url":"https:\/\/marktxxl.de\/markt\/produkt\/aqianghui-geldboerse-herren-slim-wallet-wallet-smart-wallet-mit-muenzfach-damen-klein-mit-rfid-schutz-portemonnaie-geldbeutel-herrenbrieftasche-brown%e3%80%82\/","name":"AQIANGHUI Geldb\u00f6rse Herren, Slim Wallet, Wallet Smart Wallet mit M\u00fcnzfach, Damen klein mit RFID Schutz Portemonnaie, Geldbeutel Herren,Brieftasche Brown\u3002 - Markt-XXL","isPartOf":{"@id":"https:\/\/marktxxl.de\/markt\/#website"},"primaryImageOfPage":{"@id":"https:\/\/marktxxl.de\/markt\/produkt\/aqianghui-geldboerse-herren-slim-wallet-wallet-smart-wallet-mit-muenzfach-damen-klein-mit-rfid-schutz-portemonnaie-geldbeutel-herrenbrieftasche-brown%e3%80%82\/#primaryimage"},"image":{"@id":"https:\/\/marktxxl.de\/markt\/produkt\/aqianghui-geldboerse-herren-slim-wallet-wallet-smart-wallet-mit-muenzfach-damen-klein-mit-rfid-schutz-portemonnaie-geldbeutel-herrenbrieftasche-brown%e3%80%82\/#primaryimage"},"thumbnailUrl":"https:\/\/m.media-amazon.com\/images\/I\/51rgCCHPgbL._SL500_.jpg","datePublished":"2024-07-28T14:06:54+00:00","description":"Markt-XXL AQIANGHUI Geldb\u00f6rse Herren, Slim Wallet, Wallet Smart Wallet mit M\u00fcnzfach, Damen klein mit RFID Schutz Portemonnaie, Geldbeutel Herren,Brieftasche Brown\u3002","breadcrumb":{"@id":"https:\/\/marktxxl.de\/markt\/produkt\/aqianghui-geldboerse-herren-slim-wallet-wallet-smart-wallet-mit-muenzfach-damen-klein-mit-rfid-schutz-portemonnaie-geldbeutel-herrenbrieftasche-brown%e3%80%82\/#breadcrumb"},"inLanguage":"de","potentialAction":[{"@type":"ReadAction","target":["https:\/\/marktxxl.de\/markt\/produkt\/aqianghui-geldboerse-herren-slim-wallet-wallet-smart-wallet-mit-muenzfach-damen-klein-mit-rfid-schutz-portemonnaie-geldbeutel-herrenbrieftasche-brown%e3%80%82\/"]}]},{"@type":"ImageObject","inLanguage":"de","@id":"https:\/\/marktxxl.de\/markt\/produkt\/aqianghui-geldboerse-herren-slim-wallet-wallet-smart-wallet-mit-muenzfach-damen-klein-mit-rfid-schutz-portemonnaie-geldbeutel-herrenbrieftasche-brown%e3%80%82\/#primaryimage","url":"https:\/\/m.media-amazon.com\/images\/I\/51rgCCHPgbL._SL500_.jpg","contentUrl":"https:\/\/m.media-amazon.com\/images\/I\/51rgCCHPgbL._SL500_.jpg","width":500,"height":500},{"@type":"BreadcrumbList","@id":"https:\/\/marktxxl.de\/markt\/produkt\/aqianghui-geldboerse-herren-slim-wallet-wallet-smart-wallet-mit-muenzfach-damen-klein-mit-rfid-schutz-portemonnaie-geldbeutel-herrenbrieftasche-brown%e3%80%82\/#breadcrumb","itemListElement":[{"@type":"ListItem","position":1,"name":"Startseite","item":"https:\/\/marktxxl.de\/markt\/"},{"@type":"ListItem","position":2,"name":"Markt","item":"https:\/\/marktxxl.de\/markt\/"},{"@type":"ListItem","position":3,"name":"AQIANGHUI Geldb\u00f6rse Herren, Slim Wallet, Wallet Smart Wallet mit M\u00fcnzfach, Damen klein mit RFID Schutz Portemonnaie, Geldbeutel Herren,Brieftasche Brown\u3002"}]},{"@type":"WebSite","@id":"https:\/\/marktxxl.de\/markt\/#website","url":"https:\/\/marktxxl.de\/markt\/","name":"Markt-XXL","description":"Ihr Markt Online","publisher":{"@id":"https:\/\/marktxxl.de\/markt\/#organization"},"potentialAction":[{"@type":"SearchAction","target":{"@type":"EntryPoint","urlTemplate":"https:\/\/marktxxl.de\/markt\/?s={search_term_string}"},"query-input":{"@type":"PropertyValueSpecification","valueRequired":true,"valueName":"search_term_string"}}],"inLanguage":"de"},{"@type":"Organization","@id":"https:\/\/marktxxl.de\/markt\/#organization","name":"Markt-XXL","url":"https:\/\/marktxxl.de\/markt\/","logo":{"@type":"ImageObject","inLanguage":"de","@id":"https:\/\/marktxxl.de\/markt\/#\/schema\/logo\/image\/","url":"https:\/\/marktxxl.de\/markt\/wp-content\/uploads\/sites\/3\/2020\/12\/logo.png","contentUrl":"https:\/\/marktxxl.de\/markt\/wp-content\/uploads\/sites\/3\/2020\/12\/logo.png","width":200,"height":70,"caption":"Markt-XXL"},"image":{"@id":"https:\/\/marktxxl.de\/markt\/#\/schema\/logo\/image\/"}}]}},"_links":{"self":[{"href":"https:\/\/marktxxl.de\/markt\/wp-json\/wp\/v2\/product\/222349","targetHints":{"allow":["GET"]}}],"collection":[{"href":"https:\/\/marktxxl.de\/markt\/wp-json\/wp\/v2\/product"}],"about":[{"href":"https:\/\/marktxxl.de\/markt\/wp-json\/wp\/v2\/types\/product"}],"replies":[{"embeddable":true,"href":"https:\/\/marktxxl.de\/markt\/wp-json\/wp\/v2\/comments?post=222349"}],"wp:featuredmedia":[{"embeddable":true,"href":"https:\/\/marktxxl.de\/markt\/wp-json\/wp\/v2\/media\/222350"}],"wp:attachment":[{"href":"https:\/\/marktxxl.de\/markt\/wp-json\/wp\/v2\/media?parent=222349"}],"wp:term":[{"taxonomy":"product_brand","embeddable":true,"href":"https:\/\/marktxxl.de\/markt\/wp-json\/wp\/v2\/product_brand?post=222349"},{"taxonomy":"product_cat","embeddable":true,"href":"https:\/\/marktxxl.de\/markt\/wp-json\/wp\/v2\/product_cat?post=222349"},{"taxonomy":"product_tag","embeddable":true,"href":"https:\/\/marktxxl.de\/markt\/wp-json\/wp\/v2\/product_tag?post=222349"}],"curies":[{"name":"wp","href":"https:\/\/api.w.org\/{rel}","templated":true}]}}