{"id":222294,"date":"2024-07-28T16:02:14","date_gmt":"2024-07-28T14:02:14","guid":{"rendered":"https:\/\/marktxxl.de\/markt\/produkt\/lke-uv-lampe-fuer-gelnaegel-36w-nageltrockner-mit-tragbarer-usb-ladefunktion-30-60-90s-timing-funktion-lcd-display-und-infrarotsensor-led-nagellampe-ist-fuer-alle-gele-geeignet\/"},"modified":"2024-07-28T16:02:14","modified_gmt":"2024-07-28T14:02:14","slug":"lke-uv-lampe-fuer-gelnaegel-36w-nageltrockner-mit-tragbarer-usb-ladefunktion-30-60-90s-timing-funktion-lcd-display-und-infrarotsensor-led-nagellampe-ist-fuer-alle-gele-geeignet","status":"publish","type":"product","link":"https:\/\/marktxxl.de\/markt\/produkt\/lke-uv-lampe-fuer-gelnaegel-36w-nageltrockner-mit-tragbarer-usb-ladefunktion-30-60-90s-timing-funktion-lcd-display-und-infrarotsensor-led-nagellampe-ist-fuer-alle-gele-geeignet\/","title":{"rendered":"LKE UV Lampe f\u00fcr Geln\u00e4gel, 36W Nageltrockner mit Tragbarer USB-Ladefunktion, 30\/60\/90s Timing-Funktion, LCD-Display und Infrarotsensor, Led nagellampe ist f\u00fcr alle Gele Geeignet"},"content":{"rendered":"<p>\ud83c\udf84\u3010Anwendbar F\u00fcr Alle Arten Von Gel-Nagellack\u3011: 36W uv lampe f\u00fcr geln\u00e4gel ist mit 12 st\u00fcck UV \/ LED perlen (ihrer dualen Wellenl\u00e4nge von 365nm + 406nm) ausgestattet. Geeignet f\u00fcr alle UV \/ LED nagellacke angewendet werden, zum Beispiel Base Coat, Top Coat, Color Gel, Builder Gel,Acrylic,Hard Gel, Sculpture Gel, Gem Glue und vielen anderen.<br \/>\n\ud83c\udf84\u30103 Timer und Intelligenter Infrarotsensor\u3011: Nageltrockner hat 3 Timer-Einstellungen: 30s \/ 60s \/ 90s. Legen Sie Ihre H\u00e4nde \/ F\u00fc\u00dfe hinein und das Licht geht an. H\u00e4nde \/ Fu\u00df ausgestreckt und das Licht ging aus. 180 \u00b0 abgewinkelte LEDs, keine tote Ecke, kurieren 5 Fingern\u00e4gel oder Fu\u00dfn\u00e4gel gleichm\u00e4\u00dfig und gleichzeitig.<br \/>\n\ud83c\udf84\u3010Sicher zu Benutzen\u3011: UV-LED Nagellampe ist n\u00e4her an wei\u00dfes Licht, das keinen schaden f\u00fcr ihre augen und ihre haut hat. Integrierte Temperatur-Kontrollchip zur vermeidung von \u00fcberhitzung, schutz ihrer h\u00e4nde vor verletzungen, sicher als bei anderen nagellampe. Warm tipps, dass dieser uv nagellack lampe f\u00fcr normalen nagellack nicht empfohlen wird. Gew\u00f6hnlicher nagellack, geeignet zum nat\u00fcrlichen trocknen.<br \/>\n\ud83c\udf84\u3010Tragbarer Nagelstudio\u3011: Das nagellampe eignet sich f\u00fcr USB-Ladeger\u00e4te, Powerbanks, Laptops oder Autoladeger\u00e4te. Digitaler Bildschirm zur Anzeige der Aush\u00e4rtezeit, wodurch Ihr Manik\u00fcreprozess sichtbarer und klarer wird. Egal, ob Sie in der Schule, im B\u00fcro, zu Hause oder im Freien sind, es ist sehr bequem zu bedienen und zu tragen.<br \/>\n\ud83c\udf84\u3010Gro\u00dfer Raum\u3011:Das offene Design der nagellacktrockner hat einen gr\u00f6\u00dferen Innenraum und h\u00e4rtet die gesamte Hand oder den gesamten Fu\u00df gleichzeitig aus, einschlie\u00dflich des Daumens. Lieferumfang: 1x 36W uv lampe f\u00fcr n\u00e4gel; 1x USB-Ladekabel; 1x Bedienungsanleitung. Hinweis: Bei Fragen k\u00f6nnen Sie uns direkt per E-Mail bei Amazon kontaktieren und wir bieten einen perfekten After-Sales-Service.<br \/>\n<div class=\"main-cross-sell\" data-asin=\"B08Q2V1SHY\">\n\n\t<div class=\"WooZone-cross-sell-loader\">\n\t\t<div>\n\t\t\t<div id=\"floatingBarsG\">\n\t\t\t\t<div class=\"blockG\" id=\"rotateG_01\"><\/div>\n\t\t\t\t<div class=\"blockG\" id=\"rotateG_02\"><\/div>\n\t\t\t\t<div class=\"blockG\" id=\"rotateG_03\"><\/div>\n\t\t\t\t<div class=\"blockG\" id=\"rotateG_04\"><\/div>\n\t\t\t\t<div class=\"blockG\" id=\"rotateG_05\"><\/div>\n\t\t\t\t<div class=\"blockG\" id=\"rotateG_06\"><\/div>\n\t\t\t\t<div class=\"blockG\" id=\"rotateG_07\"><\/div>\n\t\t\t\t<div class=\"blockG\" id=\"rotateG_08\"><\/div>\n\t\t\t<\/div>\n\t\t\t<div class=\"WooZone-cross-sell-loader-text\"><\/div>\n\t\t<\/div>\n\t<\/div>\n\n\t\t\n<\/div>\n<div style=\"clear:both;\"><\/div><\/p>\n","protected":false},"excerpt":{"rendered":"<p>\ud83c\udf84\u3010Anwendbar F\u00fcr Alle Arten Von Gel-Nagellack\u3011: 36W uv lampe f\u00fcr geln\u00e4gel ist mit 12 st\u00fcck UV \/ LED perlen (ihrer dualen Wellenl\u00e4nge von 365nm + 406nm) ausgestattet. Geeignet f\u00fcr alle UV \/ LED nagellacke angewendet werden, zum Beispiel Base Coat, Top Coat, Color Gel, Builder Gel,Acrylic,Hard Gel, Sculpture Gel, Gem Glue und vielen anderen.<br \/>\n\ud83c\udf84\u30103 Timer und Intelligenter Infrarotsensor\u3011: Nageltrockner hat 3 Timer-Einstellungen: 30s \/ 60s \/ 90s. Legen Sie Ihre H\u00e4nde \/ F\u00fc\u00dfe hinein und das Licht geht an. H\u00e4nde \/ Fu\u00df ausgestreckt und das Licht ging aus. 180 \u00b0 abgewinkelte LEDs, keine tote Ecke, kurieren 5 Fingern\u00e4gel oder Fu\u00dfn\u00e4gel gleichm\u00e4\u00dfig und gleichzeitig.<br \/>\n\ud83c\udf84\u3010Sicher zu Benutzen\u3011: UV-LED Nagellampe ist n\u00e4her an wei\u00dfes Licht, das keinen schaden f\u00fcr ihre augen und ihre haut hat. Integrierte Temperatur-Kontrollchip zur vermeidung von \u00fcberhitzung, schutz ihrer h\u00e4nde vor verletzungen, sicher als bei anderen nagellampe. Warm tipps, dass dieser uv nagellack lampe f\u00fcr normalen nagellack nicht empfohlen wird. Gew\u00f6hnlicher nagellack, geeignet zum nat\u00fcrlichen trocknen.<\/p>\n","protected":false},"featured_media":222295,"comment_status":"open","ping_status":"closed","template":"","meta":[],"product_brand":[],"product_cat":[2858,7659],"product_tag":[],"class_list":{"0":"post-222294","1":"product","2":"type-product","3":"status-publish","4":"has-post-thumbnail","6":"product_cat-beauty","7":"product_cat-manikuere-pedikuere","8":"pa_binding-haushaltswaren","9":"pa_brand-lke","10":"pa_color-weiss","11":"pa_height-3-0314960599-zoll","12":"pa_length-7-1653543234-zoll","13":"pa_manufacturer-lke","14":"pa_model-vc-x10","15":"pa_size-1-stueck-1er-pack","16":"pa_weight-0-3968320716-pounds","17":"pa_width-5-3149606245-zoll","19":"first","20":"instock","21":"sale","22":"shipping-taxable","23":"purchasable","24":"product-type-simple","25":"customify-col","26":"product-has-gallery"},"yoast_head":"<!-- This site is optimized with the Yoast SEO plugin v27.4 - https:\/\/yoast.com\/product\/yoast-seo-wordpress\/ -->\n<title>LKE UV Lampe f\u00fcr Geln\u00e4gel, 36W Nageltrockner mit Tragbarer USB-Ladefunktion, 30\/60\/90s Timing-Funktion, LCD-Display und Infrarotsensor, Led nagellampe ist f\u00fcr alle Gele Geeignet - Markt-XXL<\/title>\n<meta name=\"description\" content=\"Markt-XXL LKE UV Lampe f\u00fcr Geln\u00e4gel, 36W Nageltrockner mit Tragbarer USB-Ladefunktion, 30\/60\/90s Timing-Funktion, LCD-Display und Infrarotsensor, Led nagellampe ist f\u00fcr alle Gele Geeignet\" \/>\n<meta name=\"robots\" content=\"index, follow, max-snippet:-1, max-image-preview:large, max-video-preview:-1\" \/>\n<link rel=\"canonical\" href=\"https:\/\/marktxxl.de\/markt\/produkt\/lke-uv-lampe-fuer-gelnaegel-36w-nageltrockner-mit-tragbarer-usb-ladefunktion-30-60-90s-timing-funktion-lcd-display-und-infrarotsensor-led-nagellampe-ist-fuer-alle-gele-geeignet\/\" \/>\n<meta property=\"og:locale\" content=\"de_DE\" \/>\n<meta property=\"og:type\" content=\"article\" \/>\n<meta property=\"og:title\" content=\"LKE UV Lampe f\u00fcr Geln\u00e4gel, 36W Nageltrockner mit Tragbarer USB-Ladefunktion, 30\/60\/90s Timing-Funktion, LCD-Display und Infrarotsensor, Led nagellampe ist f\u00fcr alle Gele Geeignet - Markt-XXL\" \/>\n<meta property=\"og:description\" content=\"Markt-XXL LKE UV Lampe f\u00fcr Geln\u00e4gel, 36W Nageltrockner mit Tragbarer USB-Ladefunktion, 30\/60\/90s Timing-Funktion, LCD-Display und Infrarotsensor, Led nagellampe ist f\u00fcr alle Gele Geeignet\" \/>\n<meta property=\"og:url\" content=\"https:\/\/marktxxl.de\/markt\/produkt\/lke-uv-lampe-fuer-gelnaegel-36w-nageltrockner-mit-tragbarer-usb-ladefunktion-30-60-90s-timing-funktion-lcd-display-und-infrarotsensor-led-nagellampe-ist-fuer-alle-gele-geeignet\/\" \/>\n<meta property=\"og:site_name\" content=\"Markt-XXL\" \/>\n<meta name=\"twitter:card\" content=\"summary_large_image\" \/>\n<meta name=\"twitter:label1\" content=\"Gesch\u00e4tzte Lesezeit\" \/>\n\t<meta name=\"twitter:data1\" content=\"1\u00a0Minute\" \/>\n<script type=\"application\/ld+json\" class=\"yoast-schema-graph\">{\"@context\":\"https:\\\/\\\/schema.org\",\"@graph\":[{\"@type\":\"WebPage\",\"@id\":\"https:\\\/\\\/marktxxl.de\\\/markt\\\/produkt\\\/lke-uv-lampe-fuer-gelnaegel-36w-nageltrockner-mit-tragbarer-usb-ladefunktion-30-60-90s-timing-funktion-lcd-display-und-infrarotsensor-led-nagellampe-ist-fuer-alle-gele-geeignet\\\/\",\"url\":\"https:\\\/\\\/marktxxl.de\\\/markt\\\/produkt\\\/lke-uv-lampe-fuer-gelnaegel-36w-nageltrockner-mit-tragbarer-usb-ladefunktion-30-60-90s-timing-funktion-lcd-display-und-infrarotsensor-led-nagellampe-ist-fuer-alle-gele-geeignet\\\/\",\"name\":\"LKE UV Lampe f\u00fcr Geln\u00e4gel, 36W Nageltrockner mit Tragbarer USB-Ladefunktion, 30\\\/60\\\/90s Timing-Funktion, LCD-Display und Infrarotsensor, Led nagellampe ist f\u00fcr alle Gele Geeignet - Markt-XXL\",\"isPartOf\":{\"@id\":\"https:\\\/\\\/marktxxl.de\\\/markt\\\/#website\"},\"primaryImageOfPage\":{\"@id\":\"https:\\\/\\\/marktxxl.de\\\/markt\\\/produkt\\\/lke-uv-lampe-fuer-gelnaegel-36w-nageltrockner-mit-tragbarer-usb-ladefunktion-30-60-90s-timing-funktion-lcd-display-und-infrarotsensor-led-nagellampe-ist-fuer-alle-gele-geeignet\\\/#primaryimage\"},\"image\":{\"@id\":\"https:\\\/\\\/marktxxl.de\\\/markt\\\/produkt\\\/lke-uv-lampe-fuer-gelnaegel-36w-nageltrockner-mit-tragbarer-usb-ladefunktion-30-60-90s-timing-funktion-lcd-display-und-infrarotsensor-led-nagellampe-ist-fuer-alle-gele-geeignet\\\/#primaryimage\"},\"thumbnailUrl\":\"https:\\\/\\\/m.media-amazon.com\\\/images\\\/I\\\/31+ExOP5PvL._SL500_.jpg\",\"datePublished\":\"2024-07-28T14:02:14+00:00\",\"description\":\"Markt-XXL LKE UV Lampe f\u00fcr Geln\u00e4gel, 36W Nageltrockner mit Tragbarer USB-Ladefunktion, 30\\\/60\\\/90s Timing-Funktion, LCD-Display und Infrarotsensor, Led nagellampe ist f\u00fcr alle Gele Geeignet\",\"breadcrumb\":{\"@id\":\"https:\\\/\\\/marktxxl.de\\\/markt\\\/produkt\\\/lke-uv-lampe-fuer-gelnaegel-36w-nageltrockner-mit-tragbarer-usb-ladefunktion-30-60-90s-timing-funktion-lcd-display-und-infrarotsensor-led-nagellampe-ist-fuer-alle-gele-geeignet\\\/#breadcrumb\"},\"inLanguage\":\"de\",\"potentialAction\":[{\"@type\":\"ReadAction\",\"target\":[\"https:\\\/\\\/marktxxl.de\\\/markt\\\/produkt\\\/lke-uv-lampe-fuer-gelnaegel-36w-nageltrockner-mit-tragbarer-usb-ladefunktion-30-60-90s-timing-funktion-lcd-display-und-infrarotsensor-led-nagellampe-ist-fuer-alle-gele-geeignet\\\/\"]}]},{\"@type\":\"ImageObject\",\"inLanguage\":\"de\",\"@id\":\"https:\\\/\\\/marktxxl.de\\\/markt\\\/produkt\\\/lke-uv-lampe-fuer-gelnaegel-36w-nageltrockner-mit-tragbarer-usb-ladefunktion-30-60-90s-timing-funktion-lcd-display-und-infrarotsensor-led-nagellampe-ist-fuer-alle-gele-geeignet\\\/#primaryimage\",\"url\":\"https:\\\/\\\/m.media-amazon.com\\\/images\\\/I\\\/31+ExOP5PvL._SL500_.jpg\",\"contentUrl\":\"https:\\\/\\\/m.media-amazon.com\\\/images\\\/I\\\/31+ExOP5PvL._SL500_.jpg\",\"width\":500,\"height\":500},{\"@type\":\"BreadcrumbList\",\"@id\":\"https:\\\/\\\/marktxxl.de\\\/markt\\\/produkt\\\/lke-uv-lampe-fuer-gelnaegel-36w-nageltrockner-mit-tragbarer-usb-ladefunktion-30-60-90s-timing-funktion-lcd-display-und-infrarotsensor-led-nagellampe-ist-fuer-alle-gele-geeignet\\\/#breadcrumb\",\"itemListElement\":[{\"@type\":\"ListItem\",\"position\":1,\"name\":\"Startseite\",\"item\":\"https:\\\/\\\/marktxxl.de\\\/markt\\\/\"},{\"@type\":\"ListItem\",\"position\":2,\"name\":\"Markt\",\"item\":\"https:\\\/\\\/marktxxl.de\\\/markt\\\/\"},{\"@type\":\"ListItem\",\"position\":3,\"name\":\"LKE UV Lampe f\u00fcr Geln\u00e4gel, 36W Nageltrockner mit Tragbarer USB-Ladefunktion, 30\\\/60\\\/90s Timing-Funktion, LCD-Display und Infrarotsensor, Led nagellampe ist f\u00fcr alle Gele Geeignet\"}]},{\"@type\":\"WebSite\",\"@id\":\"https:\\\/\\\/marktxxl.de\\\/markt\\\/#website\",\"url\":\"https:\\\/\\\/marktxxl.de\\\/markt\\\/\",\"name\":\"Markt-XXL\",\"description\":\"Ihr Markt Online\",\"publisher\":{\"@id\":\"https:\\\/\\\/marktxxl.de\\\/markt\\\/#organization\"},\"potentialAction\":[{\"@type\":\"SearchAction\",\"target\":{\"@type\":\"EntryPoint\",\"urlTemplate\":\"https:\\\/\\\/marktxxl.de\\\/markt\\\/?s={search_term_string}\"},\"query-input\":{\"@type\":\"PropertyValueSpecification\",\"valueRequired\":true,\"valueName\":\"search_term_string\"}}],\"inLanguage\":\"de\"},{\"@type\":\"Organization\",\"@id\":\"https:\\\/\\\/marktxxl.de\\\/markt\\\/#organization\",\"name\":\"Markt-XXL\",\"url\":\"https:\\\/\\\/marktxxl.de\\\/markt\\\/\",\"logo\":{\"@type\":\"ImageObject\",\"inLanguage\":\"de\",\"@id\":\"https:\\\/\\\/marktxxl.de\\\/markt\\\/#\\\/schema\\\/logo\\\/image\\\/\",\"url\":\"https:\\\/\\\/marktxxl.de\\\/markt\\\/wp-content\\\/uploads\\\/sites\\\/3\\\/2020\\\/12\\\/logo.png\",\"contentUrl\":\"https:\\\/\\\/marktxxl.de\\\/markt\\\/wp-content\\\/uploads\\\/sites\\\/3\\\/2020\\\/12\\\/logo.png\",\"width\":200,\"height\":70,\"caption\":\"Markt-XXL\"},\"image\":{\"@id\":\"https:\\\/\\\/marktxxl.de\\\/markt\\\/#\\\/schema\\\/logo\\\/image\\\/\"}}]}<\/script>\n<!-- \/ Yoast SEO plugin. -->","yoast_head_json":{"title":"LKE UV Lampe f\u00fcr Geln\u00e4gel, 36W Nageltrockner mit Tragbarer USB-Ladefunktion, 30\/60\/90s Timing-Funktion, LCD-Display und Infrarotsensor, Led nagellampe ist f\u00fcr alle Gele Geeignet - Markt-XXL","description":"Markt-XXL LKE UV Lampe f\u00fcr Geln\u00e4gel, 36W Nageltrockner mit Tragbarer USB-Ladefunktion, 30\/60\/90s Timing-Funktion, LCD-Display und Infrarotsensor, Led nagellampe ist f\u00fcr alle Gele Geeignet","robots":{"index":"index","follow":"follow","max-snippet":"max-snippet:-1","max-image-preview":"max-image-preview:large","max-video-preview":"max-video-preview:-1"},"canonical":"https:\/\/marktxxl.de\/markt\/produkt\/lke-uv-lampe-fuer-gelnaegel-36w-nageltrockner-mit-tragbarer-usb-ladefunktion-30-60-90s-timing-funktion-lcd-display-und-infrarotsensor-led-nagellampe-ist-fuer-alle-gele-geeignet\/","og_locale":"de_DE","og_type":"article","og_title":"LKE UV Lampe f\u00fcr Geln\u00e4gel, 36W Nageltrockner mit Tragbarer USB-Ladefunktion, 30\/60\/90s Timing-Funktion, LCD-Display und Infrarotsensor, Led nagellampe ist f\u00fcr alle Gele Geeignet - Markt-XXL","og_description":"Markt-XXL LKE UV Lampe f\u00fcr Geln\u00e4gel, 36W Nageltrockner mit Tragbarer USB-Ladefunktion, 30\/60\/90s Timing-Funktion, LCD-Display und Infrarotsensor, Led nagellampe ist f\u00fcr alle Gele Geeignet","og_url":"https:\/\/marktxxl.de\/markt\/produkt\/lke-uv-lampe-fuer-gelnaegel-36w-nageltrockner-mit-tragbarer-usb-ladefunktion-30-60-90s-timing-funktion-lcd-display-und-infrarotsensor-led-nagellampe-ist-fuer-alle-gele-geeignet\/","og_site_name":"Markt-XXL","twitter_card":"summary_large_image","twitter_misc":{"Gesch\u00e4tzte Lesezeit":"1\u00a0Minute"},"schema":{"@context":"https:\/\/schema.org","@graph":[{"@type":"WebPage","@id":"https:\/\/marktxxl.de\/markt\/produkt\/lke-uv-lampe-fuer-gelnaegel-36w-nageltrockner-mit-tragbarer-usb-ladefunktion-30-60-90s-timing-funktion-lcd-display-und-infrarotsensor-led-nagellampe-ist-fuer-alle-gele-geeignet\/","url":"https:\/\/marktxxl.de\/markt\/produkt\/lke-uv-lampe-fuer-gelnaegel-36w-nageltrockner-mit-tragbarer-usb-ladefunktion-30-60-90s-timing-funktion-lcd-display-und-infrarotsensor-led-nagellampe-ist-fuer-alle-gele-geeignet\/","name":"LKE UV Lampe f\u00fcr Geln\u00e4gel, 36W Nageltrockner mit Tragbarer USB-Ladefunktion, 30\/60\/90s Timing-Funktion, LCD-Display und Infrarotsensor, Led nagellampe ist f\u00fcr alle Gele Geeignet - Markt-XXL","isPartOf":{"@id":"https:\/\/marktxxl.de\/markt\/#website"},"primaryImageOfPage":{"@id":"https:\/\/marktxxl.de\/markt\/produkt\/lke-uv-lampe-fuer-gelnaegel-36w-nageltrockner-mit-tragbarer-usb-ladefunktion-30-60-90s-timing-funktion-lcd-display-und-infrarotsensor-led-nagellampe-ist-fuer-alle-gele-geeignet\/#primaryimage"},"image":{"@id":"https:\/\/marktxxl.de\/markt\/produkt\/lke-uv-lampe-fuer-gelnaegel-36w-nageltrockner-mit-tragbarer-usb-ladefunktion-30-60-90s-timing-funktion-lcd-display-und-infrarotsensor-led-nagellampe-ist-fuer-alle-gele-geeignet\/#primaryimage"},"thumbnailUrl":"https:\/\/m.media-amazon.com\/images\/I\/31+ExOP5PvL._SL500_.jpg","datePublished":"2024-07-28T14:02:14+00:00","description":"Markt-XXL LKE UV Lampe f\u00fcr Geln\u00e4gel, 36W Nageltrockner mit Tragbarer USB-Ladefunktion, 30\/60\/90s Timing-Funktion, LCD-Display und Infrarotsensor, Led nagellampe ist f\u00fcr alle Gele Geeignet","breadcrumb":{"@id":"https:\/\/marktxxl.de\/markt\/produkt\/lke-uv-lampe-fuer-gelnaegel-36w-nageltrockner-mit-tragbarer-usb-ladefunktion-30-60-90s-timing-funktion-lcd-display-und-infrarotsensor-led-nagellampe-ist-fuer-alle-gele-geeignet\/#breadcrumb"},"inLanguage":"de","potentialAction":[{"@type":"ReadAction","target":["https:\/\/marktxxl.de\/markt\/produkt\/lke-uv-lampe-fuer-gelnaegel-36w-nageltrockner-mit-tragbarer-usb-ladefunktion-30-60-90s-timing-funktion-lcd-display-und-infrarotsensor-led-nagellampe-ist-fuer-alle-gele-geeignet\/"]}]},{"@type":"ImageObject","inLanguage":"de","@id":"https:\/\/marktxxl.de\/markt\/produkt\/lke-uv-lampe-fuer-gelnaegel-36w-nageltrockner-mit-tragbarer-usb-ladefunktion-30-60-90s-timing-funktion-lcd-display-und-infrarotsensor-led-nagellampe-ist-fuer-alle-gele-geeignet\/#primaryimage","url":"https:\/\/m.media-amazon.com\/images\/I\/31+ExOP5PvL._SL500_.jpg","contentUrl":"https:\/\/m.media-amazon.com\/images\/I\/31+ExOP5PvL._SL500_.jpg","width":500,"height":500},{"@type":"BreadcrumbList","@id":"https:\/\/marktxxl.de\/markt\/produkt\/lke-uv-lampe-fuer-gelnaegel-36w-nageltrockner-mit-tragbarer-usb-ladefunktion-30-60-90s-timing-funktion-lcd-display-und-infrarotsensor-led-nagellampe-ist-fuer-alle-gele-geeignet\/#breadcrumb","itemListElement":[{"@type":"ListItem","position":1,"name":"Startseite","item":"https:\/\/marktxxl.de\/markt\/"},{"@type":"ListItem","position":2,"name":"Markt","item":"https:\/\/marktxxl.de\/markt\/"},{"@type":"ListItem","position":3,"name":"LKE UV Lampe f\u00fcr Geln\u00e4gel, 36W Nageltrockner mit Tragbarer USB-Ladefunktion, 30\/60\/90s Timing-Funktion, LCD-Display und Infrarotsensor, Led nagellampe ist f\u00fcr alle Gele Geeignet"}]},{"@type":"WebSite","@id":"https:\/\/marktxxl.de\/markt\/#website","url":"https:\/\/marktxxl.de\/markt\/","name":"Markt-XXL","description":"Ihr Markt Online","publisher":{"@id":"https:\/\/marktxxl.de\/markt\/#organization"},"potentialAction":[{"@type":"SearchAction","target":{"@type":"EntryPoint","urlTemplate":"https:\/\/marktxxl.de\/markt\/?s={search_term_string}"},"query-input":{"@type":"PropertyValueSpecification","valueRequired":true,"valueName":"search_term_string"}}],"inLanguage":"de"},{"@type":"Organization","@id":"https:\/\/marktxxl.de\/markt\/#organization","name":"Markt-XXL","url":"https:\/\/marktxxl.de\/markt\/","logo":{"@type":"ImageObject","inLanguage":"de","@id":"https:\/\/marktxxl.de\/markt\/#\/schema\/logo\/image\/","url":"https:\/\/marktxxl.de\/markt\/wp-content\/uploads\/sites\/3\/2020\/12\/logo.png","contentUrl":"https:\/\/marktxxl.de\/markt\/wp-content\/uploads\/sites\/3\/2020\/12\/logo.png","width":200,"height":70,"caption":"Markt-XXL"},"image":{"@id":"https:\/\/marktxxl.de\/markt\/#\/schema\/logo\/image\/"}}]}},"_links":{"self":[{"href":"https:\/\/marktxxl.de\/markt\/wp-json\/wp\/v2\/product\/222294","targetHints":{"allow":["GET"]}}],"collection":[{"href":"https:\/\/marktxxl.de\/markt\/wp-json\/wp\/v2\/product"}],"about":[{"href":"https:\/\/marktxxl.de\/markt\/wp-json\/wp\/v2\/types\/product"}],"replies":[{"embeddable":true,"href":"https:\/\/marktxxl.de\/markt\/wp-json\/wp\/v2\/comments?post=222294"}],"wp:featuredmedia":[{"embeddable":true,"href":"https:\/\/marktxxl.de\/markt\/wp-json\/wp\/v2\/media\/222295"}],"wp:attachment":[{"href":"https:\/\/marktxxl.de\/markt\/wp-json\/wp\/v2\/media?parent=222294"}],"wp:term":[{"taxonomy":"product_brand","embeddable":true,"href":"https:\/\/marktxxl.de\/markt\/wp-json\/wp\/v2\/product_brand?post=222294"},{"taxonomy":"product_cat","embeddable":true,"href":"https:\/\/marktxxl.de\/markt\/wp-json\/wp\/v2\/product_cat?post=222294"},{"taxonomy":"product_tag","embeddable":true,"href":"https:\/\/marktxxl.de\/markt\/wp-json\/wp\/v2\/product_tag?post=222294"}],"curies":[{"name":"wp","href":"https:\/\/api.w.org\/{rel}","templated":true}]}}