{"id":222277,"date":"2024-07-28T16:01:54","date_gmt":"2024-07-28T14:01:54","guid":{"rendered":"https:\/\/marktxxl.de\/markt\/produkt\/elektrischer-hornhautentferner-hornhaut-entfernen-fuss-wiederaufladbar-pedikuere-set-fusspflege-hornhauthobel-hornhautraspel-callus-remover-fusspflegegeraet-electric-6-aufsaetze\/"},"modified":"2024-07-28T16:01:54","modified_gmt":"2024-07-28T14:01:54","slug":"elektrischer-hornhautentferner-hornhaut-entfernen-fuss-wiederaufladbar-pedikuere-set-fusspflege-hornhauthobel-hornhautraspel-callus-remover-fusspflegegeraet-electric-6-aufsaetze","status":"publish","type":"product","link":"https:\/\/marktxxl.de\/markt\/produkt\/elektrischer-hornhautentferner-hornhaut-entfernen-fuss-wiederaufladbar-pedikuere-set-fusspflege-hornhauthobel-hornhautraspel-callus-remover-fusspflegegeraet-electric-6-aufsaetze\/","title":{"rendered":"Elektrischer Hornhautentferner, Hornhaut Entfernen Fu\u00df Wiederaufladbar, Pedik\u00fcre Set Fu\u00dfpflege Hornhauthobel Hornhautraspel, Callus Remover Fu\u00dfpflegeger\u00e4t Electric 6 Aufs\u00e4tze"},"content":{"rendered":"<p>\u3010Hohe Qualit\u00e4t und gute Wirkung\u3011Die elektronische Fu\u00dffeile kann das Fu\u00dfpeeling reibungslos und effektiv durchf\u00fchren, die dicke und harte Haut der F\u00fc\u00dfe entfernen und die weichen und glatten F\u00fc\u00dfe freilegen, die mit nur einem Gebrauch ber\u00fchrt werden k\u00f6nnen.<br \/>\n\u3010Abnehmbarer Schleifkopf\u3011Nach Verwendung des Adsorptionsfu\u00dfschleifers kann der Schleifkopf abgenommen und mit Wasser gereinigt werden. Ein elektrischer Vakuum-Fu\u00dfschleifer kann das Problem von Schuppenresten effektiv l\u00f6sen, das Problem des Wachstums vermeiden und Ihre Gesundheit sch\u00fctzen<br \/>\n\u3010Elektrischer Vakuumadsorptions-Fu\u00dfschleifer\u3011Der Hornhautentferner ist mit eingebautem Vakuum motorisiert. Beginnen Sie mit einem Klick und entfernen Sie leicht dicke Haut, abgestorbene Haut, Risse, harte Haut, trockene Haut, Hornhaut und andere Fu\u00dfprobleme ohne Schmerzen<br \/>\n\u3010Anwendung\u3011Extrem leicht- liegt perfekt in der Hand, Integrierter, aufladbarer Akku: jederzeit mit USB- Kabel aufladbar, Inklusive 6 Aufs\u00e4tzen: 3x sanfter Feil-Aufsatz &amp; 3x grober Feil-Aufsatz, Praktischer Auffangbeh\u00e4lter: schnelle und unkomplizierte Reinigung<br \/>\n\u3010Paket Beinhaltet\u30111 x Fu\u00dffeile Elektrischer Pedik\u00fcre-Hautentferner, 6 x Schleifk\u00f6pfe, 1 x Schwammpads, 1 x Staubb\u00fcrste, 1 x USB-Kabel. Perfekt, um Ihre F\u00fc\u00dfe zu Hause und im B\u00fcro bequemer und sexy zu machen. Ein besonderes Geschenk f\u00fcr Ihre Familie und Freunde.<br \/>\n<div class=\"main-cross-sell\" data-asin=\"B0CF9TSLDH\">\n\n\t<div class=\"WooZone-cross-sell-loader\">\n\t\t<div>\n\t\t\t<div id=\"floatingBarsG\">\n\t\t\t\t<div class=\"blockG\" id=\"rotateG_01\"><\/div>\n\t\t\t\t<div class=\"blockG\" id=\"rotateG_02\"><\/div>\n\t\t\t\t<div class=\"blockG\" id=\"rotateG_03\"><\/div>\n\t\t\t\t<div class=\"blockG\" id=\"rotateG_04\"><\/div>\n\t\t\t\t<div class=\"blockG\" id=\"rotateG_05\"><\/div>\n\t\t\t\t<div class=\"blockG\" id=\"rotateG_06\"><\/div>\n\t\t\t\t<div class=\"blockG\" id=\"rotateG_07\"><\/div>\n\t\t\t\t<div class=\"blockG\" id=\"rotateG_08\"><\/div>\n\t\t\t<\/div>\n\t\t\t<div class=\"WooZone-cross-sell-loader-text\"><\/div>\n\t\t<\/div>\n\t<\/div>\n\n\t\t\n<\/div>\n<div style=\"clear:both;\"><\/div><\/p>\n","protected":false},"excerpt":{"rendered":"<p>\u3010Hohe Qualit\u00e4t und gute Wirkung\u3011Die elektronische Fu\u00dffeile kann das Fu\u00dfpeeling reibungslos und effektiv durchf\u00fchren, die dicke und harte Haut der F\u00fc\u00dfe entfernen und die weichen und glatten F\u00fc\u00dfe freilegen, die mit nur einem Gebrauch ber\u00fchrt werden k\u00f6nnen.<br \/>\n\u3010Abnehmbarer Schleifkopf\u3011Nach Verwendung des Adsorptionsfu\u00dfschleifers kann der Schleifkopf abgenommen und mit Wasser gereinigt werden. Ein elektrischer Vakuum-Fu\u00dfschleifer kann das Problem von Schuppenresten effektiv l\u00f6sen, das Problem des Wachstums vermeiden und Ihre Gesundheit sch\u00fctzen<br \/>\n\u3010Elektrischer Vakuumadsorptions-Fu\u00dfschleifer\u3011Der Hornhautentferner ist mit eingebautem Vakuum motorisiert. Beginnen Sie mit einem Klick und entfernen Sie leicht dicke Haut, abgestorbene Haut, Risse, harte Haut, trockene Haut, Hornhaut und andere Fu\u00dfprobleme ohne Schmerzen<\/p>\n","protected":false},"featured_media":222278,"comment_status":"open","ping_status":"closed","template":"","meta":[],"product_brand":[],"product_cat":[2858,7659],"product_tag":[],"class_list":{"0":"post-222277","1":"product","2":"type-product","3":"status-publish","4":"has-post-thumbnail","6":"product_cat-beauty","7":"product_cat-manikuere-pedikuere","8":"pa_brand-joymy","9":"pa_color-weiss","10":"pa_height-3-7401574765-zoll","11":"pa_length-2-5590551155-zoll","12":"pa_manufacturer-joymy","13":"pa_size-1-stueck-1er-pack","14":"pa_weight-0-2425084882-pfund","15":"pa_width-2-5590551155-zoll","17":"first","18":"instock","19":"shipping-taxable","20":"purchasable","21":"product-type-simple","22":"customify-col","23":"product-has-gallery"},"yoast_head":"<!-- This site is optimized with the Yoast SEO plugin v27.4 - https:\/\/yoast.com\/product\/yoast-seo-wordpress\/ -->\n<title>Elektrischer Hornhautentferner, Hornhaut Entfernen Fu\u00df Wiederaufladbar, Pedik\u00fcre Set Fu\u00dfpflege Hornhauthobel Hornhautraspel, Callus Remover Fu\u00dfpflegeger\u00e4t Electric 6 Aufs\u00e4tze - Markt-XXL<\/title>\n<meta name=\"description\" content=\"Markt-XXL Elektrischer Hornhautentferner, Hornhaut Entfernen Fu\u00df Wiederaufladbar, Pedik\u00fcre Set Fu\u00dfpflege Hornhauthobel Hornhautraspel, Callus Remover Fu\u00dfpflegeger\u00e4t Electric 6 Aufs\u00e4tze\" \/>\n<meta name=\"robots\" content=\"index, follow, max-snippet:-1, max-image-preview:large, max-video-preview:-1\" \/>\n<link rel=\"canonical\" href=\"https:\/\/marktxxl.de\/markt\/produkt\/elektrischer-hornhautentferner-hornhaut-entfernen-fuss-wiederaufladbar-pedikuere-set-fusspflege-hornhauthobel-hornhautraspel-callus-remover-fusspflegegeraet-electric-6-aufsaetze\/\" \/>\n<meta property=\"og:locale\" content=\"de_DE\" \/>\n<meta property=\"og:type\" content=\"article\" \/>\n<meta property=\"og:title\" content=\"Elektrischer Hornhautentferner, Hornhaut Entfernen Fu\u00df Wiederaufladbar, Pedik\u00fcre Set Fu\u00dfpflege Hornhauthobel Hornhautraspel, Callus Remover Fu\u00dfpflegeger\u00e4t Electric 6 Aufs\u00e4tze - Markt-XXL\" \/>\n<meta property=\"og:description\" content=\"Markt-XXL Elektrischer Hornhautentferner, Hornhaut Entfernen Fu\u00df Wiederaufladbar, Pedik\u00fcre Set Fu\u00dfpflege Hornhauthobel Hornhautraspel, Callus Remover Fu\u00dfpflegeger\u00e4t Electric 6 Aufs\u00e4tze\" \/>\n<meta property=\"og:url\" content=\"https:\/\/marktxxl.de\/markt\/produkt\/elektrischer-hornhautentferner-hornhaut-entfernen-fuss-wiederaufladbar-pedikuere-set-fusspflege-hornhauthobel-hornhautraspel-callus-remover-fusspflegegeraet-electric-6-aufsaetze\/\" \/>\n<meta property=\"og:site_name\" content=\"Markt-XXL\" \/>\n<meta name=\"twitter:card\" content=\"summary_large_image\" \/>\n<meta name=\"twitter:label1\" content=\"Gesch\u00e4tzte Lesezeit\" \/>\n\t<meta name=\"twitter:data1\" content=\"1\u00a0Minute\" \/>\n<script type=\"application\/ld+json\" class=\"yoast-schema-graph\">{\"@context\":\"https:\\\/\\\/schema.org\",\"@graph\":[{\"@type\":\"WebPage\",\"@id\":\"https:\\\/\\\/marktxxl.de\\\/markt\\\/produkt\\\/elektrischer-hornhautentferner-hornhaut-entfernen-fuss-wiederaufladbar-pedikuere-set-fusspflege-hornhauthobel-hornhautraspel-callus-remover-fusspflegegeraet-electric-6-aufsaetze\\\/\",\"url\":\"https:\\\/\\\/marktxxl.de\\\/markt\\\/produkt\\\/elektrischer-hornhautentferner-hornhaut-entfernen-fuss-wiederaufladbar-pedikuere-set-fusspflege-hornhauthobel-hornhautraspel-callus-remover-fusspflegegeraet-electric-6-aufsaetze\\\/\",\"name\":\"Elektrischer Hornhautentferner, Hornhaut Entfernen Fu\u00df Wiederaufladbar, Pedik\u00fcre Set Fu\u00dfpflege Hornhauthobel Hornhautraspel, Callus Remover Fu\u00dfpflegeger\u00e4t Electric 6 Aufs\u00e4tze - Markt-XXL\",\"isPartOf\":{\"@id\":\"https:\\\/\\\/marktxxl.de\\\/markt\\\/#website\"},\"primaryImageOfPage\":{\"@id\":\"https:\\\/\\\/marktxxl.de\\\/markt\\\/produkt\\\/elektrischer-hornhautentferner-hornhaut-entfernen-fuss-wiederaufladbar-pedikuere-set-fusspflege-hornhauthobel-hornhautraspel-callus-remover-fusspflegegeraet-electric-6-aufsaetze\\\/#primaryimage\"},\"image\":{\"@id\":\"https:\\\/\\\/marktxxl.de\\\/markt\\\/produkt\\\/elektrischer-hornhautentferner-hornhaut-entfernen-fuss-wiederaufladbar-pedikuere-set-fusspflege-hornhauthobel-hornhautraspel-callus-remover-fusspflegegeraet-electric-6-aufsaetze\\\/#primaryimage\"},\"thumbnailUrl\":\"https:\\\/\\\/m.media-amazon.com\\\/images\\\/I\\\/41Kfvxkp1kL._SL500_.jpg\",\"datePublished\":\"2024-07-28T14:01:54+00:00\",\"description\":\"Markt-XXL Elektrischer Hornhautentferner, Hornhaut Entfernen Fu\u00df Wiederaufladbar, Pedik\u00fcre Set Fu\u00dfpflege Hornhauthobel Hornhautraspel, Callus Remover Fu\u00dfpflegeger\u00e4t Electric 6 Aufs\u00e4tze\",\"breadcrumb\":{\"@id\":\"https:\\\/\\\/marktxxl.de\\\/markt\\\/produkt\\\/elektrischer-hornhautentferner-hornhaut-entfernen-fuss-wiederaufladbar-pedikuere-set-fusspflege-hornhauthobel-hornhautraspel-callus-remover-fusspflegegeraet-electric-6-aufsaetze\\\/#breadcrumb\"},\"inLanguage\":\"de\",\"potentialAction\":[{\"@type\":\"ReadAction\",\"target\":[\"https:\\\/\\\/marktxxl.de\\\/markt\\\/produkt\\\/elektrischer-hornhautentferner-hornhaut-entfernen-fuss-wiederaufladbar-pedikuere-set-fusspflege-hornhauthobel-hornhautraspel-callus-remover-fusspflegegeraet-electric-6-aufsaetze\\\/\"]}]},{\"@type\":\"ImageObject\",\"inLanguage\":\"de\",\"@id\":\"https:\\\/\\\/marktxxl.de\\\/markt\\\/produkt\\\/elektrischer-hornhautentferner-hornhaut-entfernen-fuss-wiederaufladbar-pedikuere-set-fusspflege-hornhauthobel-hornhautraspel-callus-remover-fusspflegegeraet-electric-6-aufsaetze\\\/#primaryimage\",\"url\":\"https:\\\/\\\/m.media-amazon.com\\\/images\\\/I\\\/41Kfvxkp1kL._SL500_.jpg\",\"contentUrl\":\"https:\\\/\\\/m.media-amazon.com\\\/images\\\/I\\\/41Kfvxkp1kL._SL500_.jpg\",\"width\":500,\"height\":500},{\"@type\":\"BreadcrumbList\",\"@id\":\"https:\\\/\\\/marktxxl.de\\\/markt\\\/produkt\\\/elektrischer-hornhautentferner-hornhaut-entfernen-fuss-wiederaufladbar-pedikuere-set-fusspflege-hornhauthobel-hornhautraspel-callus-remover-fusspflegegeraet-electric-6-aufsaetze\\\/#breadcrumb\",\"itemListElement\":[{\"@type\":\"ListItem\",\"position\":1,\"name\":\"Startseite\",\"item\":\"https:\\\/\\\/marktxxl.de\\\/markt\\\/\"},{\"@type\":\"ListItem\",\"position\":2,\"name\":\"Markt\",\"item\":\"https:\\\/\\\/marktxxl.de\\\/markt\\\/\"},{\"@type\":\"ListItem\",\"position\":3,\"name\":\"Elektrischer Hornhautentferner, Hornhaut Entfernen Fu\u00df Wiederaufladbar, Pedik\u00fcre Set Fu\u00dfpflege Hornhauthobel Hornhautraspel, Callus Remover Fu\u00dfpflegeger\u00e4t Electric 6 Aufs\u00e4tze\"}]},{\"@type\":\"WebSite\",\"@id\":\"https:\\\/\\\/marktxxl.de\\\/markt\\\/#website\",\"url\":\"https:\\\/\\\/marktxxl.de\\\/markt\\\/\",\"name\":\"Markt-XXL\",\"description\":\"Ihr Markt Online\",\"publisher\":{\"@id\":\"https:\\\/\\\/marktxxl.de\\\/markt\\\/#organization\"},\"potentialAction\":[{\"@type\":\"SearchAction\",\"target\":{\"@type\":\"EntryPoint\",\"urlTemplate\":\"https:\\\/\\\/marktxxl.de\\\/markt\\\/?s={search_term_string}\"},\"query-input\":{\"@type\":\"PropertyValueSpecification\",\"valueRequired\":true,\"valueName\":\"search_term_string\"}}],\"inLanguage\":\"de\"},{\"@type\":\"Organization\",\"@id\":\"https:\\\/\\\/marktxxl.de\\\/markt\\\/#organization\",\"name\":\"Markt-XXL\",\"url\":\"https:\\\/\\\/marktxxl.de\\\/markt\\\/\",\"logo\":{\"@type\":\"ImageObject\",\"inLanguage\":\"de\",\"@id\":\"https:\\\/\\\/marktxxl.de\\\/markt\\\/#\\\/schema\\\/logo\\\/image\\\/\",\"url\":\"https:\\\/\\\/marktxxl.de\\\/markt\\\/wp-content\\\/uploads\\\/sites\\\/3\\\/2020\\\/12\\\/logo.png\",\"contentUrl\":\"https:\\\/\\\/marktxxl.de\\\/markt\\\/wp-content\\\/uploads\\\/sites\\\/3\\\/2020\\\/12\\\/logo.png\",\"width\":200,\"height\":70,\"caption\":\"Markt-XXL\"},\"image\":{\"@id\":\"https:\\\/\\\/marktxxl.de\\\/markt\\\/#\\\/schema\\\/logo\\\/image\\\/\"}}]}<\/script>\n<!-- \/ Yoast SEO plugin. -->","yoast_head_json":{"title":"Elektrischer Hornhautentferner, Hornhaut Entfernen Fu\u00df Wiederaufladbar, Pedik\u00fcre Set Fu\u00dfpflege Hornhauthobel Hornhautraspel, Callus Remover Fu\u00dfpflegeger\u00e4t Electric 6 Aufs\u00e4tze - Markt-XXL","description":"Markt-XXL Elektrischer Hornhautentferner, Hornhaut Entfernen Fu\u00df Wiederaufladbar, Pedik\u00fcre Set Fu\u00dfpflege Hornhauthobel Hornhautraspel, Callus Remover Fu\u00dfpflegeger\u00e4t Electric 6 Aufs\u00e4tze","robots":{"index":"index","follow":"follow","max-snippet":"max-snippet:-1","max-image-preview":"max-image-preview:large","max-video-preview":"max-video-preview:-1"},"canonical":"https:\/\/marktxxl.de\/markt\/produkt\/elektrischer-hornhautentferner-hornhaut-entfernen-fuss-wiederaufladbar-pedikuere-set-fusspflege-hornhauthobel-hornhautraspel-callus-remover-fusspflegegeraet-electric-6-aufsaetze\/","og_locale":"de_DE","og_type":"article","og_title":"Elektrischer Hornhautentferner, Hornhaut Entfernen Fu\u00df Wiederaufladbar, Pedik\u00fcre Set Fu\u00dfpflege Hornhauthobel Hornhautraspel, Callus Remover Fu\u00dfpflegeger\u00e4t Electric 6 Aufs\u00e4tze - Markt-XXL","og_description":"Markt-XXL Elektrischer Hornhautentferner, Hornhaut Entfernen Fu\u00df Wiederaufladbar, Pedik\u00fcre Set Fu\u00dfpflege Hornhauthobel Hornhautraspel, Callus Remover Fu\u00dfpflegeger\u00e4t Electric 6 Aufs\u00e4tze","og_url":"https:\/\/marktxxl.de\/markt\/produkt\/elektrischer-hornhautentferner-hornhaut-entfernen-fuss-wiederaufladbar-pedikuere-set-fusspflege-hornhauthobel-hornhautraspel-callus-remover-fusspflegegeraet-electric-6-aufsaetze\/","og_site_name":"Markt-XXL","twitter_card":"summary_large_image","twitter_misc":{"Gesch\u00e4tzte Lesezeit":"1\u00a0Minute"},"schema":{"@context":"https:\/\/schema.org","@graph":[{"@type":"WebPage","@id":"https:\/\/marktxxl.de\/markt\/produkt\/elektrischer-hornhautentferner-hornhaut-entfernen-fuss-wiederaufladbar-pedikuere-set-fusspflege-hornhauthobel-hornhautraspel-callus-remover-fusspflegegeraet-electric-6-aufsaetze\/","url":"https:\/\/marktxxl.de\/markt\/produkt\/elektrischer-hornhautentferner-hornhaut-entfernen-fuss-wiederaufladbar-pedikuere-set-fusspflege-hornhauthobel-hornhautraspel-callus-remover-fusspflegegeraet-electric-6-aufsaetze\/","name":"Elektrischer Hornhautentferner, Hornhaut Entfernen Fu\u00df Wiederaufladbar, Pedik\u00fcre Set Fu\u00dfpflege Hornhauthobel Hornhautraspel, Callus Remover Fu\u00dfpflegeger\u00e4t Electric 6 Aufs\u00e4tze - Markt-XXL","isPartOf":{"@id":"https:\/\/marktxxl.de\/markt\/#website"},"primaryImageOfPage":{"@id":"https:\/\/marktxxl.de\/markt\/produkt\/elektrischer-hornhautentferner-hornhaut-entfernen-fuss-wiederaufladbar-pedikuere-set-fusspflege-hornhauthobel-hornhautraspel-callus-remover-fusspflegegeraet-electric-6-aufsaetze\/#primaryimage"},"image":{"@id":"https:\/\/marktxxl.de\/markt\/produkt\/elektrischer-hornhautentferner-hornhaut-entfernen-fuss-wiederaufladbar-pedikuere-set-fusspflege-hornhauthobel-hornhautraspel-callus-remover-fusspflegegeraet-electric-6-aufsaetze\/#primaryimage"},"thumbnailUrl":"https:\/\/m.media-amazon.com\/images\/I\/41Kfvxkp1kL._SL500_.jpg","datePublished":"2024-07-28T14:01:54+00:00","description":"Markt-XXL Elektrischer Hornhautentferner, Hornhaut Entfernen Fu\u00df Wiederaufladbar, Pedik\u00fcre Set Fu\u00dfpflege Hornhauthobel Hornhautraspel, Callus Remover Fu\u00dfpflegeger\u00e4t Electric 6 Aufs\u00e4tze","breadcrumb":{"@id":"https:\/\/marktxxl.de\/markt\/produkt\/elektrischer-hornhautentferner-hornhaut-entfernen-fuss-wiederaufladbar-pedikuere-set-fusspflege-hornhauthobel-hornhautraspel-callus-remover-fusspflegegeraet-electric-6-aufsaetze\/#breadcrumb"},"inLanguage":"de","potentialAction":[{"@type":"ReadAction","target":["https:\/\/marktxxl.de\/markt\/produkt\/elektrischer-hornhautentferner-hornhaut-entfernen-fuss-wiederaufladbar-pedikuere-set-fusspflege-hornhauthobel-hornhautraspel-callus-remover-fusspflegegeraet-electric-6-aufsaetze\/"]}]},{"@type":"ImageObject","inLanguage":"de","@id":"https:\/\/marktxxl.de\/markt\/produkt\/elektrischer-hornhautentferner-hornhaut-entfernen-fuss-wiederaufladbar-pedikuere-set-fusspflege-hornhauthobel-hornhautraspel-callus-remover-fusspflegegeraet-electric-6-aufsaetze\/#primaryimage","url":"https:\/\/m.media-amazon.com\/images\/I\/41Kfvxkp1kL._SL500_.jpg","contentUrl":"https:\/\/m.media-amazon.com\/images\/I\/41Kfvxkp1kL._SL500_.jpg","width":500,"height":500},{"@type":"BreadcrumbList","@id":"https:\/\/marktxxl.de\/markt\/produkt\/elektrischer-hornhautentferner-hornhaut-entfernen-fuss-wiederaufladbar-pedikuere-set-fusspflege-hornhauthobel-hornhautraspel-callus-remover-fusspflegegeraet-electric-6-aufsaetze\/#breadcrumb","itemListElement":[{"@type":"ListItem","position":1,"name":"Startseite","item":"https:\/\/marktxxl.de\/markt\/"},{"@type":"ListItem","position":2,"name":"Markt","item":"https:\/\/marktxxl.de\/markt\/"},{"@type":"ListItem","position":3,"name":"Elektrischer Hornhautentferner, Hornhaut Entfernen Fu\u00df Wiederaufladbar, Pedik\u00fcre Set Fu\u00dfpflege Hornhauthobel Hornhautraspel, Callus Remover Fu\u00dfpflegeger\u00e4t Electric 6 Aufs\u00e4tze"}]},{"@type":"WebSite","@id":"https:\/\/marktxxl.de\/markt\/#website","url":"https:\/\/marktxxl.de\/markt\/","name":"Markt-XXL","description":"Ihr Markt Online","publisher":{"@id":"https:\/\/marktxxl.de\/markt\/#organization"},"potentialAction":[{"@type":"SearchAction","target":{"@type":"EntryPoint","urlTemplate":"https:\/\/marktxxl.de\/markt\/?s={search_term_string}"},"query-input":{"@type":"PropertyValueSpecification","valueRequired":true,"valueName":"search_term_string"}}],"inLanguage":"de"},{"@type":"Organization","@id":"https:\/\/marktxxl.de\/markt\/#organization","name":"Markt-XXL","url":"https:\/\/marktxxl.de\/markt\/","logo":{"@type":"ImageObject","inLanguage":"de","@id":"https:\/\/marktxxl.de\/markt\/#\/schema\/logo\/image\/","url":"https:\/\/marktxxl.de\/markt\/wp-content\/uploads\/sites\/3\/2020\/12\/logo.png","contentUrl":"https:\/\/marktxxl.de\/markt\/wp-content\/uploads\/sites\/3\/2020\/12\/logo.png","width":200,"height":70,"caption":"Markt-XXL"},"image":{"@id":"https:\/\/marktxxl.de\/markt\/#\/schema\/logo\/image\/"}}]}},"_links":{"self":[{"href":"https:\/\/marktxxl.de\/markt\/wp-json\/wp\/v2\/product\/222277","targetHints":{"allow":["GET"]}}],"collection":[{"href":"https:\/\/marktxxl.de\/markt\/wp-json\/wp\/v2\/product"}],"about":[{"href":"https:\/\/marktxxl.de\/markt\/wp-json\/wp\/v2\/types\/product"}],"replies":[{"embeddable":true,"href":"https:\/\/marktxxl.de\/markt\/wp-json\/wp\/v2\/comments?post=222277"}],"wp:featuredmedia":[{"embeddable":true,"href":"https:\/\/marktxxl.de\/markt\/wp-json\/wp\/v2\/media\/222278"}],"wp:attachment":[{"href":"https:\/\/marktxxl.de\/markt\/wp-json\/wp\/v2\/media?parent=222277"}],"wp:term":[{"taxonomy":"product_brand","embeddable":true,"href":"https:\/\/marktxxl.de\/markt\/wp-json\/wp\/v2\/product_brand?post=222277"},{"taxonomy":"product_cat","embeddable":true,"href":"https:\/\/marktxxl.de\/markt\/wp-json\/wp\/v2\/product_cat?post=222277"},{"taxonomy":"product_tag","embeddable":true,"href":"https:\/\/marktxxl.de\/markt\/wp-json\/wp\/v2\/product_tag?post=222277"}],"curies":[{"name":"wp","href":"https:\/\/api.w.org\/{rel}","templated":true}]}}