{"id":222121,"date":"2024-07-28T15:56:06","date_gmt":"2024-07-28T13:56:06","guid":{"rendered":"https:\/\/marktxxl.de\/markt\/produkt\/piz-buin-allergy-sensitive-skin-sun-lotion\/"},"modified":"2024-07-28T15:56:06","modified_gmt":"2024-07-28T13:56:06","slug":"piz-buin-allergy-sensitive-skin-sun-lotion","status":"publish","type":"product","link":"https:\/\/marktxxl.de\/markt\/produkt\/piz-buin-allergy-sensitive-skin-sun-lotion\/","title":{"rendered":"Piz Buin Allergy Sensitive Skin Sun Lotion"},"content":{"rendered":"<p>Para pieles sensibles: Este bloqueador solar corporal protege eficazmente la piel sensible al sol, es resistente al agua y proporciona horas de hidrataci\u00f3n<br \/>\nAlta protecci\u00f3n: Gracias a su FPS 50, esta crema solar en loci\u00f3n ofrece una muy alta protecci\u00f3n y contiene filtros solares que protegen la piel de la radiaci\u00f3n UVA y UVB<br \/>\nF\u00f3rmula innovadora: El completo protector con Calmanelle de esta crema hidratante con protecci\u00f3n solar, refuerza las defensas de la piel e incrementa la tolerancia* al sol<br \/>\nCon FEVERVEW PFE: Esta loci\u00f3n solar contiene un ingrediente calmante y antioxidante que alivia el enrojecimiento y el picor y repara las c\u00e9lulas da\u00f1adas por los rayos UV<br \/>\nAprobada por dermat\u00f3logos: La crema solar para la alergia al sol Piz Buin Allergy te garantiza una protecci\u00f3n eficaz mientras gozas de un bronceado deslumbrante<br \/>\n<div class=\"main-cross-sell\" data-asin=\"B09696KNXX\">\n\n\t<div class=\"WooZone-cross-sell-loader\">\n\t\t<div>\n\t\t\t<div id=\"floatingBarsG\">\n\t\t\t\t<div class=\"blockG\" id=\"rotateG_01\"><\/div>\n\t\t\t\t<div class=\"blockG\" id=\"rotateG_02\"><\/div>\n\t\t\t\t<div class=\"blockG\" id=\"rotateG_03\"><\/div>\n\t\t\t\t<div class=\"blockG\" id=\"rotateG_04\"><\/div>\n\t\t\t\t<div class=\"blockG\" id=\"rotateG_05\"><\/div>\n\t\t\t\t<div class=\"blockG\" id=\"rotateG_06\"><\/div>\n\t\t\t\t<div class=\"blockG\" id=\"rotateG_07\"><\/div>\n\t\t\t\t<div class=\"blockG\" id=\"rotateG_08\"><\/div>\n\t\t\t<\/div>\n\t\t\t<div class=\"WooZone-cross-sell-loader-text\"><\/div>\n\t\t<\/div>\n\t<\/div>\n\n\t\t\n<\/div>\n<div style=\"clear:both;\"><\/div><\/p>\n","protected":false},"excerpt":{"rendered":"<p>Para pieles sensibles: Este bloqueador solar corporal protege eficazmente la piel sensible al sol, es resistente al agua y proporciona horas de hidrataci\u00f3n<br \/>\nAlta protecci\u00f3n: Gracias a su FPS 50, esta crema solar en loci\u00f3n ofrece una muy alta protecci\u00f3n y contiene filtros solares que protegen la piel de la radiaci\u00f3n UVA y UVB<br \/>\nF\u00f3rmula innovadora: El completo protector con Calmanelle de esta crema hidratante con protecci\u00f3n solar, refuerza las defensas de la piel e incrementa la tolerancia* al sol<\/p>\n","protected":false},"featured_media":222122,"comment_status":"open","ping_status":"closed","template":"","meta":[],"product_brand":[],"product_cat":[2858,7067],"product_tag":[],"class_list":{"0":"post-222121","1":"product","2":"type-product","3":"status-publish","4":"has-post-thumbnail","6":"product_cat-beauty","7":"product_cat-hautpflege","8":"pa_binding-badartikel","9":"pa_brand-piz-buin","11":"first","12":"instock","13":"shipping-taxable","14":"product-type-simple","15":"customify-col","16":"product-has-gallery"},"yoast_head":"<!-- This site is optimized with the Yoast SEO plugin v27.3 - https:\/\/yoast.com\/product\/yoast-seo-wordpress\/ -->\n<title>Piz Buin Allergy Sensitive Skin Sun Lotion - Markt-XXL<\/title>\n<meta name=\"description\" content=\"Markt-XXL Piz Buin Allergy Sensitive Skin Sun Lotion\" \/>\n<meta name=\"robots\" content=\"index, follow, max-snippet:-1, max-image-preview:large, max-video-preview:-1\" \/>\n<link rel=\"canonical\" href=\"https:\/\/marktxxl.de\/markt\/produkt\/piz-buin-allergy-sensitive-skin-sun-lotion\/\" \/>\n<meta property=\"og:locale\" content=\"de_DE\" \/>\n<meta property=\"og:type\" content=\"article\" \/>\n<meta property=\"og:title\" content=\"Piz Buin Allergy Sensitive Skin Sun Lotion - Markt-XXL\" \/>\n<meta property=\"og:description\" content=\"Markt-XXL Piz Buin Allergy Sensitive Skin Sun Lotion\" \/>\n<meta property=\"og:url\" content=\"https:\/\/marktxxl.de\/markt\/produkt\/piz-buin-allergy-sensitive-skin-sun-lotion\/\" \/>\n<meta property=\"og:site_name\" content=\"Markt-XXL\" \/>\n<meta name=\"twitter:card\" content=\"summary_large_image\" \/>\n<meta name=\"twitter:label1\" content=\"Gesch\u00e4tzte Lesezeit\" \/>\n\t<meta name=\"twitter:data1\" content=\"1\u00a0Minute\" \/>\n<script type=\"application\/ld+json\" class=\"yoast-schema-graph\">{\"@context\":\"https:\\\/\\\/schema.org\",\"@graph\":[{\"@type\":\"WebPage\",\"@id\":\"https:\\\/\\\/marktxxl.de\\\/markt\\\/produkt\\\/piz-buin-allergy-sensitive-skin-sun-lotion\\\/\",\"url\":\"https:\\\/\\\/marktxxl.de\\\/markt\\\/produkt\\\/piz-buin-allergy-sensitive-skin-sun-lotion\\\/\",\"name\":\"Piz Buin Allergy Sensitive Skin Sun Lotion - Markt-XXL\",\"isPartOf\":{\"@id\":\"https:\\\/\\\/marktxxl.de\\\/markt\\\/#website\"},\"primaryImageOfPage\":{\"@id\":\"https:\\\/\\\/marktxxl.de\\\/markt\\\/produkt\\\/piz-buin-allergy-sensitive-skin-sun-lotion\\\/#primaryimage\"},\"image\":{\"@id\":\"https:\\\/\\\/marktxxl.de\\\/markt\\\/produkt\\\/piz-buin-allergy-sensitive-skin-sun-lotion\\\/#primaryimage\"},\"thumbnailUrl\":\"https:\\\/\\\/m.media-amazon.com\\\/images\\\/I\\\/31-GuiV2ueL._SL500_.jpg\",\"datePublished\":\"2024-07-28T13:56:06+00:00\",\"description\":\"Markt-XXL Piz Buin Allergy Sensitive Skin Sun Lotion\",\"breadcrumb\":{\"@id\":\"https:\\\/\\\/marktxxl.de\\\/markt\\\/produkt\\\/piz-buin-allergy-sensitive-skin-sun-lotion\\\/#breadcrumb\"},\"inLanguage\":\"de\",\"potentialAction\":[{\"@type\":\"ReadAction\",\"target\":[\"https:\\\/\\\/marktxxl.de\\\/markt\\\/produkt\\\/piz-buin-allergy-sensitive-skin-sun-lotion\\\/\"]}]},{\"@type\":\"ImageObject\",\"inLanguage\":\"de\",\"@id\":\"https:\\\/\\\/marktxxl.de\\\/markt\\\/produkt\\\/piz-buin-allergy-sensitive-skin-sun-lotion\\\/#primaryimage\",\"url\":\"https:\\\/\\\/m.media-amazon.com\\\/images\\\/I\\\/31-GuiV2ueL._SL500_.jpg\",\"contentUrl\":\"https:\\\/\\\/m.media-amazon.com\\\/images\\\/I\\\/31-GuiV2ueL._SL500_.jpg\",\"width\":500,\"height\":500},{\"@type\":\"BreadcrumbList\",\"@id\":\"https:\\\/\\\/marktxxl.de\\\/markt\\\/produkt\\\/piz-buin-allergy-sensitive-skin-sun-lotion\\\/#breadcrumb\",\"itemListElement\":[{\"@type\":\"ListItem\",\"position\":1,\"name\":\"Startseite\",\"item\":\"https:\\\/\\\/marktxxl.de\\\/markt\\\/\"},{\"@type\":\"ListItem\",\"position\":2,\"name\":\"Markt\",\"item\":\"https:\\\/\\\/marktxxl.de\\\/markt\\\/\"},{\"@type\":\"ListItem\",\"position\":3,\"name\":\"Piz Buin Allergy Sensitive Skin Sun Lotion\"}]},{\"@type\":\"WebSite\",\"@id\":\"https:\\\/\\\/marktxxl.de\\\/markt\\\/#website\",\"url\":\"https:\\\/\\\/marktxxl.de\\\/markt\\\/\",\"name\":\"Markt-XXL\",\"description\":\"Ihr Markt Online\",\"publisher\":{\"@id\":\"https:\\\/\\\/marktxxl.de\\\/markt\\\/#organization\"},\"potentialAction\":[{\"@type\":\"SearchAction\",\"target\":{\"@type\":\"EntryPoint\",\"urlTemplate\":\"https:\\\/\\\/marktxxl.de\\\/markt\\\/?s={search_term_string}\"},\"query-input\":{\"@type\":\"PropertyValueSpecification\",\"valueRequired\":true,\"valueName\":\"search_term_string\"}}],\"inLanguage\":\"de\"},{\"@type\":\"Organization\",\"@id\":\"https:\\\/\\\/marktxxl.de\\\/markt\\\/#organization\",\"name\":\"Markt-XXL\",\"url\":\"https:\\\/\\\/marktxxl.de\\\/markt\\\/\",\"logo\":{\"@type\":\"ImageObject\",\"inLanguage\":\"de\",\"@id\":\"https:\\\/\\\/marktxxl.de\\\/markt\\\/#\\\/schema\\\/logo\\\/image\\\/\",\"url\":\"https:\\\/\\\/marktxxl.de\\\/markt\\\/wp-content\\\/uploads\\\/sites\\\/3\\\/2020\\\/12\\\/logo.png\",\"contentUrl\":\"https:\\\/\\\/marktxxl.de\\\/markt\\\/wp-content\\\/uploads\\\/sites\\\/3\\\/2020\\\/12\\\/logo.png\",\"width\":200,\"height\":70,\"caption\":\"Markt-XXL\"},\"image\":{\"@id\":\"https:\\\/\\\/marktxxl.de\\\/markt\\\/#\\\/schema\\\/logo\\\/image\\\/\"}}]}<\/script>\n<!-- \/ Yoast SEO plugin. -->","yoast_head_json":{"title":"Piz Buin Allergy Sensitive Skin Sun Lotion - Markt-XXL","description":"Markt-XXL Piz Buin Allergy Sensitive Skin Sun Lotion","robots":{"index":"index","follow":"follow","max-snippet":"max-snippet:-1","max-image-preview":"max-image-preview:large","max-video-preview":"max-video-preview:-1"},"canonical":"https:\/\/marktxxl.de\/markt\/produkt\/piz-buin-allergy-sensitive-skin-sun-lotion\/","og_locale":"de_DE","og_type":"article","og_title":"Piz Buin Allergy Sensitive Skin Sun Lotion - Markt-XXL","og_description":"Markt-XXL Piz Buin Allergy Sensitive Skin Sun Lotion","og_url":"https:\/\/marktxxl.de\/markt\/produkt\/piz-buin-allergy-sensitive-skin-sun-lotion\/","og_site_name":"Markt-XXL","twitter_card":"summary_large_image","twitter_misc":{"Gesch\u00e4tzte Lesezeit":"1\u00a0Minute"},"schema":{"@context":"https:\/\/schema.org","@graph":[{"@type":"WebPage","@id":"https:\/\/marktxxl.de\/markt\/produkt\/piz-buin-allergy-sensitive-skin-sun-lotion\/","url":"https:\/\/marktxxl.de\/markt\/produkt\/piz-buin-allergy-sensitive-skin-sun-lotion\/","name":"Piz Buin Allergy Sensitive Skin Sun Lotion - Markt-XXL","isPartOf":{"@id":"https:\/\/marktxxl.de\/markt\/#website"},"primaryImageOfPage":{"@id":"https:\/\/marktxxl.de\/markt\/produkt\/piz-buin-allergy-sensitive-skin-sun-lotion\/#primaryimage"},"image":{"@id":"https:\/\/marktxxl.de\/markt\/produkt\/piz-buin-allergy-sensitive-skin-sun-lotion\/#primaryimage"},"thumbnailUrl":"https:\/\/m.media-amazon.com\/images\/I\/31-GuiV2ueL._SL500_.jpg","datePublished":"2024-07-28T13:56:06+00:00","description":"Markt-XXL Piz Buin Allergy Sensitive Skin Sun Lotion","breadcrumb":{"@id":"https:\/\/marktxxl.de\/markt\/produkt\/piz-buin-allergy-sensitive-skin-sun-lotion\/#breadcrumb"},"inLanguage":"de","potentialAction":[{"@type":"ReadAction","target":["https:\/\/marktxxl.de\/markt\/produkt\/piz-buin-allergy-sensitive-skin-sun-lotion\/"]}]},{"@type":"ImageObject","inLanguage":"de","@id":"https:\/\/marktxxl.de\/markt\/produkt\/piz-buin-allergy-sensitive-skin-sun-lotion\/#primaryimage","url":"https:\/\/m.media-amazon.com\/images\/I\/31-GuiV2ueL._SL500_.jpg","contentUrl":"https:\/\/m.media-amazon.com\/images\/I\/31-GuiV2ueL._SL500_.jpg","width":500,"height":500},{"@type":"BreadcrumbList","@id":"https:\/\/marktxxl.de\/markt\/produkt\/piz-buin-allergy-sensitive-skin-sun-lotion\/#breadcrumb","itemListElement":[{"@type":"ListItem","position":1,"name":"Startseite","item":"https:\/\/marktxxl.de\/markt\/"},{"@type":"ListItem","position":2,"name":"Markt","item":"https:\/\/marktxxl.de\/markt\/"},{"@type":"ListItem","position":3,"name":"Piz Buin Allergy Sensitive Skin Sun Lotion"}]},{"@type":"WebSite","@id":"https:\/\/marktxxl.de\/markt\/#website","url":"https:\/\/marktxxl.de\/markt\/","name":"Markt-XXL","description":"Ihr Markt Online","publisher":{"@id":"https:\/\/marktxxl.de\/markt\/#organization"},"potentialAction":[{"@type":"SearchAction","target":{"@type":"EntryPoint","urlTemplate":"https:\/\/marktxxl.de\/markt\/?s={search_term_string}"},"query-input":{"@type":"PropertyValueSpecification","valueRequired":true,"valueName":"search_term_string"}}],"inLanguage":"de"},{"@type":"Organization","@id":"https:\/\/marktxxl.de\/markt\/#organization","name":"Markt-XXL","url":"https:\/\/marktxxl.de\/markt\/","logo":{"@type":"ImageObject","inLanguage":"de","@id":"https:\/\/marktxxl.de\/markt\/#\/schema\/logo\/image\/","url":"https:\/\/marktxxl.de\/markt\/wp-content\/uploads\/sites\/3\/2020\/12\/logo.png","contentUrl":"https:\/\/marktxxl.de\/markt\/wp-content\/uploads\/sites\/3\/2020\/12\/logo.png","width":200,"height":70,"caption":"Markt-XXL"},"image":{"@id":"https:\/\/marktxxl.de\/markt\/#\/schema\/logo\/image\/"}}]}},"_links":{"self":[{"href":"https:\/\/marktxxl.de\/markt\/wp-json\/wp\/v2\/product\/222121","targetHints":{"allow":["GET"]}}],"collection":[{"href":"https:\/\/marktxxl.de\/markt\/wp-json\/wp\/v2\/product"}],"about":[{"href":"https:\/\/marktxxl.de\/markt\/wp-json\/wp\/v2\/types\/product"}],"replies":[{"embeddable":true,"href":"https:\/\/marktxxl.de\/markt\/wp-json\/wp\/v2\/comments?post=222121"}],"wp:featuredmedia":[{"embeddable":true,"href":"https:\/\/marktxxl.de\/markt\/wp-json\/wp\/v2\/media\/222122"}],"wp:attachment":[{"href":"https:\/\/marktxxl.de\/markt\/wp-json\/wp\/v2\/media?parent=222121"}],"wp:term":[{"taxonomy":"product_brand","embeddable":true,"href":"https:\/\/marktxxl.de\/markt\/wp-json\/wp\/v2\/product_brand?post=222121"},{"taxonomy":"product_cat","embeddable":true,"href":"https:\/\/marktxxl.de\/markt\/wp-json\/wp\/v2\/product_cat?post=222121"},{"taxonomy":"product_tag","embeddable":true,"href":"https:\/\/marktxxl.de\/markt\/wp-json\/wp\/v2\/product_tag?post=222121"}],"curies":[{"name":"wp","href":"https:\/\/api.w.org\/{rel}","templated":true}]}}