{"id":222109,"date":"2024-07-28T15:55:53","date_gmt":"2024-07-28T13:55:53","guid":{"rendered":"https:\/\/marktxxl.de\/markt\/produkt\/beauty-of-joseon-wiederbeleben-augenserum-ginseng-retinal-30-ml-1fl-oz\/"},"modified":"2024-07-28T15:55:53","modified_gmt":"2024-07-28T13:55:53","slug":"beauty-of-joseon-wiederbeleben-augenserum-ginseng-retinal-30-ml-1fl-oz","status":"publish","type":"product","link":"https:\/\/marktxxl.de\/markt\/produkt\/beauty-of-joseon-wiederbeleben-augenserum-ginseng-retinal-30-ml-1fl-oz\/","title":{"rendered":"Beauty of Joseon wiederbeleben Augenserum: Ginseng + Retinal, 30 ml, 1fl.oz."},"content":{"rendered":"<p>Schnelle Ergebnisse: 2 % liposomstabilisiertes Retinal verwandelt sich in Retins\u00e4ure und sorgt f\u00fcr eine schnell wirkende Faltenreduzierung. Sanfte Formel f\u00fcr Komfort und Wirksamkeit<br \/>\nTiefe Feuchtigkeitsversorgung: Ginsengwurzelextrakt spendet tiefenwirksam Feuchtigkeit und erh\u00e4lt die Vitalit\u00e4t der Haut. Enth\u00fcllen Sie gut gen\u00e4hrte, altersresistente Haut mit langanhaltender Feuchtigkeitsversorgung.<br \/>\nGinseng und Retinal Duo: Mit 10 % Ginseng Extrakt und 2 % Retinal Liposom bietet unser Serum eine leistungsstarke, bew\u00e4hrte Formel zur Bek\u00e4mpfung von Falten und f\u00fcr eine widerstandsf\u00e4hige, jugendliche Haut.<br \/>\nNat\u00fcrliche L\u00f6sung gegen Falten: Der Saponingehalt des Ginsengs stellt die Elastizit\u00e4t wieder her, w\u00e4hrend Retinal feine Linien schnell gl\u00e4ttet. Bek\u00e4mpfen Sie die Alterung auf nat\u00fcrliche und effektive Weise.<br \/>\n<div class=\"main-cross-sell\" data-asin=\"B0B45LL4DD\">\n\n\t<div class=\"WooZone-cross-sell-loader\">\n\t\t<div>\n\t\t\t<div id=\"floatingBarsG\">\n\t\t\t\t<div class=\"blockG\" id=\"rotateG_01\"><\/div>\n\t\t\t\t<div class=\"blockG\" id=\"rotateG_02\"><\/div>\n\t\t\t\t<div class=\"blockG\" id=\"rotateG_03\"><\/div>\n\t\t\t\t<div class=\"blockG\" id=\"rotateG_04\"><\/div>\n\t\t\t\t<div class=\"blockG\" id=\"rotateG_05\"><\/div>\n\t\t\t\t<div class=\"blockG\" id=\"rotateG_06\"><\/div>\n\t\t\t\t<div class=\"blockG\" id=\"rotateG_07\"><\/div>\n\t\t\t\t<div class=\"blockG\" id=\"rotateG_08\"><\/div>\n\t\t\t<\/div>\n\t\t\t<div class=\"WooZone-cross-sell-loader-text\"><\/div>\n\t\t<\/div>\n\t<\/div>\n\n\t\t\n<\/div>\n<div style=\"clear:both;\"><\/div><\/p>\n","protected":false},"excerpt":{"rendered":"<p>Schnelle Ergebnisse: 2 % liposomstabilisiertes Retinal verwandelt sich in Retins\u00e4ure und sorgt f\u00fcr eine schnell wirkende Faltenreduzierung. Sanfte Formel f\u00fcr Komfort und Wirksamkeit<br \/>\nTiefe Feuchtigkeitsversorgung: Ginsengwurzelextrakt spendet tiefenwirksam Feuchtigkeit und erh\u00e4lt die Vitalit\u00e4t der Haut. Enth\u00fcllen Sie gut gen\u00e4hrte, altersresistente Haut mit langanhaltender Feuchtigkeitsversorgung.<br \/>\nGinseng und Retinal Duo: Mit 10 % Ginseng Extrakt und 2 % Retinal Liposom bietet unser Serum eine leistungsstarke, bew\u00e4hrte Formel zur Bek\u00e4mpfung von Falten und f\u00fcr eine widerstandsf\u00e4hige, jugendliche Haut.<\/p>\n","protected":false},"featured_media":222110,"comment_status":"open","ping_status":"closed","template":"","meta":[],"product_brand":[],"product_cat":[2858,7067],"product_tag":[],"class_list":{"0":"post-222109","1":"product","2":"type-product","3":"status-publish","4":"has-post-thumbnail","6":"product_cat-beauty","7":"product_cat-hautpflege","8":"pa_binding-badartikel","9":"pa_brand-beauty-of-joseon","10":"pa_height-6-2598425133-zoll","11":"pa_length-1-0599999989188-zoll","12":"pa_manufacturer-beauty-of-joseon","13":"pa_model-jsms01-i","14":"pa_size-295-ml-1-stueck","15":"pa_weight-0-110231131-pfund","16":"pa_width-1-2599999987148-zoll","18":"first","19":"instock","20":"shipping-taxable","21":"purchasable","22":"product-type-simple","23":"customify-col","24":"product-has-gallery"},"yoast_head":"<!-- This site is optimized with the Yoast SEO plugin v27.3 - https:\/\/yoast.com\/product\/yoast-seo-wordpress\/ -->\n<title>Beauty of Joseon wiederbeleben Augenserum: Ginseng + Retinal, 30 ml, 1fl.oz. - Markt-XXL<\/title>\n<meta name=\"description\" content=\"Markt-XXL Beauty of Joseon wiederbeleben Augenserum: Ginseng + Retinal, 30 ml, 1fl.oz.\" \/>\n<meta name=\"robots\" content=\"index, follow, max-snippet:-1, max-image-preview:large, max-video-preview:-1\" \/>\n<link rel=\"canonical\" href=\"https:\/\/marktxxl.de\/markt\/produkt\/beauty-of-joseon-wiederbeleben-augenserum-ginseng-retinal-30-ml-1fl-oz\/\" \/>\n<meta property=\"og:locale\" content=\"de_DE\" \/>\n<meta property=\"og:type\" content=\"article\" \/>\n<meta property=\"og:title\" content=\"Beauty of Joseon wiederbeleben Augenserum: Ginseng + Retinal, 30 ml, 1fl.oz. - Markt-XXL\" \/>\n<meta property=\"og:description\" content=\"Markt-XXL Beauty of Joseon wiederbeleben Augenserum: Ginseng + Retinal, 30 ml, 1fl.oz.\" \/>\n<meta property=\"og:url\" content=\"https:\/\/marktxxl.de\/markt\/produkt\/beauty-of-joseon-wiederbeleben-augenserum-ginseng-retinal-30-ml-1fl-oz\/\" \/>\n<meta property=\"og:site_name\" content=\"Markt-XXL\" \/>\n<meta name=\"twitter:card\" content=\"summary_large_image\" \/>\n<meta name=\"twitter:label1\" content=\"Gesch\u00e4tzte Lesezeit\" \/>\n\t<meta name=\"twitter:data1\" content=\"1\u00a0Minute\" \/>\n<script type=\"application\/ld+json\" class=\"yoast-schema-graph\">{\"@context\":\"https:\\\/\\\/schema.org\",\"@graph\":[{\"@type\":\"WebPage\",\"@id\":\"https:\\\/\\\/marktxxl.de\\\/markt\\\/produkt\\\/beauty-of-joseon-wiederbeleben-augenserum-ginseng-retinal-30-ml-1fl-oz\\\/\",\"url\":\"https:\\\/\\\/marktxxl.de\\\/markt\\\/produkt\\\/beauty-of-joseon-wiederbeleben-augenserum-ginseng-retinal-30-ml-1fl-oz\\\/\",\"name\":\"Beauty of Joseon wiederbeleben Augenserum: Ginseng + Retinal, 30 ml, 1fl.oz. - Markt-XXL\",\"isPartOf\":{\"@id\":\"https:\\\/\\\/marktxxl.de\\\/markt\\\/#website\"},\"primaryImageOfPage\":{\"@id\":\"https:\\\/\\\/marktxxl.de\\\/markt\\\/produkt\\\/beauty-of-joseon-wiederbeleben-augenserum-ginseng-retinal-30-ml-1fl-oz\\\/#primaryimage\"},\"image\":{\"@id\":\"https:\\\/\\\/marktxxl.de\\\/markt\\\/produkt\\\/beauty-of-joseon-wiederbeleben-augenserum-ginseng-retinal-30-ml-1fl-oz\\\/#primaryimage\"},\"thumbnailUrl\":\"https:\\\/\\\/m.media-amazon.com\\\/images\\\/I\\\/31ZNIWikbtL._SL500_.jpg\",\"datePublished\":\"2024-07-28T13:55:53+00:00\",\"description\":\"Markt-XXL Beauty of Joseon wiederbeleben Augenserum: Ginseng + Retinal, 30 ml, 1fl.oz.\",\"breadcrumb\":{\"@id\":\"https:\\\/\\\/marktxxl.de\\\/markt\\\/produkt\\\/beauty-of-joseon-wiederbeleben-augenserum-ginseng-retinal-30-ml-1fl-oz\\\/#breadcrumb\"},\"inLanguage\":\"de\",\"potentialAction\":[{\"@type\":\"ReadAction\",\"target\":[\"https:\\\/\\\/marktxxl.de\\\/markt\\\/produkt\\\/beauty-of-joseon-wiederbeleben-augenserum-ginseng-retinal-30-ml-1fl-oz\\\/\"]}]},{\"@type\":\"ImageObject\",\"inLanguage\":\"de\",\"@id\":\"https:\\\/\\\/marktxxl.de\\\/markt\\\/produkt\\\/beauty-of-joseon-wiederbeleben-augenserum-ginseng-retinal-30-ml-1fl-oz\\\/#primaryimage\",\"url\":\"https:\\\/\\\/m.media-amazon.com\\\/images\\\/I\\\/31ZNIWikbtL._SL500_.jpg\",\"contentUrl\":\"https:\\\/\\\/m.media-amazon.com\\\/images\\\/I\\\/31ZNIWikbtL._SL500_.jpg\",\"width\":500,\"height\":500},{\"@type\":\"BreadcrumbList\",\"@id\":\"https:\\\/\\\/marktxxl.de\\\/markt\\\/produkt\\\/beauty-of-joseon-wiederbeleben-augenserum-ginseng-retinal-30-ml-1fl-oz\\\/#breadcrumb\",\"itemListElement\":[{\"@type\":\"ListItem\",\"position\":1,\"name\":\"Startseite\",\"item\":\"https:\\\/\\\/marktxxl.de\\\/markt\\\/\"},{\"@type\":\"ListItem\",\"position\":2,\"name\":\"Markt\",\"item\":\"https:\\\/\\\/marktxxl.de\\\/markt\\\/\"},{\"@type\":\"ListItem\",\"position\":3,\"name\":\"Beauty of Joseon wiederbeleben Augenserum: Ginseng + Retinal, 30 ml, 1fl.oz.\"}]},{\"@type\":\"WebSite\",\"@id\":\"https:\\\/\\\/marktxxl.de\\\/markt\\\/#website\",\"url\":\"https:\\\/\\\/marktxxl.de\\\/markt\\\/\",\"name\":\"Markt-XXL\",\"description\":\"Ihr Markt Online\",\"publisher\":{\"@id\":\"https:\\\/\\\/marktxxl.de\\\/markt\\\/#organization\"},\"potentialAction\":[{\"@type\":\"SearchAction\",\"target\":{\"@type\":\"EntryPoint\",\"urlTemplate\":\"https:\\\/\\\/marktxxl.de\\\/markt\\\/?s={search_term_string}\"},\"query-input\":{\"@type\":\"PropertyValueSpecification\",\"valueRequired\":true,\"valueName\":\"search_term_string\"}}],\"inLanguage\":\"de\"},{\"@type\":\"Organization\",\"@id\":\"https:\\\/\\\/marktxxl.de\\\/markt\\\/#organization\",\"name\":\"Markt-XXL\",\"url\":\"https:\\\/\\\/marktxxl.de\\\/markt\\\/\",\"logo\":{\"@type\":\"ImageObject\",\"inLanguage\":\"de\",\"@id\":\"https:\\\/\\\/marktxxl.de\\\/markt\\\/#\\\/schema\\\/logo\\\/image\\\/\",\"url\":\"https:\\\/\\\/marktxxl.de\\\/markt\\\/wp-content\\\/uploads\\\/sites\\\/3\\\/2020\\\/12\\\/logo.png\",\"contentUrl\":\"https:\\\/\\\/marktxxl.de\\\/markt\\\/wp-content\\\/uploads\\\/sites\\\/3\\\/2020\\\/12\\\/logo.png\",\"width\":200,\"height\":70,\"caption\":\"Markt-XXL\"},\"image\":{\"@id\":\"https:\\\/\\\/marktxxl.de\\\/markt\\\/#\\\/schema\\\/logo\\\/image\\\/\"}}]}<\/script>\n<!-- \/ Yoast SEO plugin. -->","yoast_head_json":{"title":"Beauty of Joseon wiederbeleben Augenserum: Ginseng + Retinal, 30 ml, 1fl.oz. - Markt-XXL","description":"Markt-XXL Beauty of Joseon wiederbeleben Augenserum: Ginseng + Retinal, 30 ml, 1fl.oz.","robots":{"index":"index","follow":"follow","max-snippet":"max-snippet:-1","max-image-preview":"max-image-preview:large","max-video-preview":"max-video-preview:-1"},"canonical":"https:\/\/marktxxl.de\/markt\/produkt\/beauty-of-joseon-wiederbeleben-augenserum-ginseng-retinal-30-ml-1fl-oz\/","og_locale":"de_DE","og_type":"article","og_title":"Beauty of Joseon wiederbeleben Augenserum: Ginseng + Retinal, 30 ml, 1fl.oz. - Markt-XXL","og_description":"Markt-XXL Beauty of Joseon wiederbeleben Augenserum: Ginseng + Retinal, 30 ml, 1fl.oz.","og_url":"https:\/\/marktxxl.de\/markt\/produkt\/beauty-of-joseon-wiederbeleben-augenserum-ginseng-retinal-30-ml-1fl-oz\/","og_site_name":"Markt-XXL","twitter_card":"summary_large_image","twitter_misc":{"Gesch\u00e4tzte Lesezeit":"1\u00a0Minute"},"schema":{"@context":"https:\/\/schema.org","@graph":[{"@type":"WebPage","@id":"https:\/\/marktxxl.de\/markt\/produkt\/beauty-of-joseon-wiederbeleben-augenserum-ginseng-retinal-30-ml-1fl-oz\/","url":"https:\/\/marktxxl.de\/markt\/produkt\/beauty-of-joseon-wiederbeleben-augenserum-ginseng-retinal-30-ml-1fl-oz\/","name":"Beauty of Joseon wiederbeleben Augenserum: Ginseng + Retinal, 30 ml, 1fl.oz. - Markt-XXL","isPartOf":{"@id":"https:\/\/marktxxl.de\/markt\/#website"},"primaryImageOfPage":{"@id":"https:\/\/marktxxl.de\/markt\/produkt\/beauty-of-joseon-wiederbeleben-augenserum-ginseng-retinal-30-ml-1fl-oz\/#primaryimage"},"image":{"@id":"https:\/\/marktxxl.de\/markt\/produkt\/beauty-of-joseon-wiederbeleben-augenserum-ginseng-retinal-30-ml-1fl-oz\/#primaryimage"},"thumbnailUrl":"https:\/\/m.media-amazon.com\/images\/I\/31ZNIWikbtL._SL500_.jpg","datePublished":"2024-07-28T13:55:53+00:00","description":"Markt-XXL Beauty of Joseon wiederbeleben Augenserum: Ginseng + Retinal, 30 ml, 1fl.oz.","breadcrumb":{"@id":"https:\/\/marktxxl.de\/markt\/produkt\/beauty-of-joseon-wiederbeleben-augenserum-ginseng-retinal-30-ml-1fl-oz\/#breadcrumb"},"inLanguage":"de","potentialAction":[{"@type":"ReadAction","target":["https:\/\/marktxxl.de\/markt\/produkt\/beauty-of-joseon-wiederbeleben-augenserum-ginseng-retinal-30-ml-1fl-oz\/"]}]},{"@type":"ImageObject","inLanguage":"de","@id":"https:\/\/marktxxl.de\/markt\/produkt\/beauty-of-joseon-wiederbeleben-augenserum-ginseng-retinal-30-ml-1fl-oz\/#primaryimage","url":"https:\/\/m.media-amazon.com\/images\/I\/31ZNIWikbtL._SL500_.jpg","contentUrl":"https:\/\/m.media-amazon.com\/images\/I\/31ZNIWikbtL._SL500_.jpg","width":500,"height":500},{"@type":"BreadcrumbList","@id":"https:\/\/marktxxl.de\/markt\/produkt\/beauty-of-joseon-wiederbeleben-augenserum-ginseng-retinal-30-ml-1fl-oz\/#breadcrumb","itemListElement":[{"@type":"ListItem","position":1,"name":"Startseite","item":"https:\/\/marktxxl.de\/markt\/"},{"@type":"ListItem","position":2,"name":"Markt","item":"https:\/\/marktxxl.de\/markt\/"},{"@type":"ListItem","position":3,"name":"Beauty of Joseon wiederbeleben Augenserum: Ginseng + Retinal, 30 ml, 1fl.oz."}]},{"@type":"WebSite","@id":"https:\/\/marktxxl.de\/markt\/#website","url":"https:\/\/marktxxl.de\/markt\/","name":"Markt-XXL","description":"Ihr Markt Online","publisher":{"@id":"https:\/\/marktxxl.de\/markt\/#organization"},"potentialAction":[{"@type":"SearchAction","target":{"@type":"EntryPoint","urlTemplate":"https:\/\/marktxxl.de\/markt\/?s={search_term_string}"},"query-input":{"@type":"PropertyValueSpecification","valueRequired":true,"valueName":"search_term_string"}}],"inLanguage":"de"},{"@type":"Organization","@id":"https:\/\/marktxxl.de\/markt\/#organization","name":"Markt-XXL","url":"https:\/\/marktxxl.de\/markt\/","logo":{"@type":"ImageObject","inLanguage":"de","@id":"https:\/\/marktxxl.de\/markt\/#\/schema\/logo\/image\/","url":"https:\/\/marktxxl.de\/markt\/wp-content\/uploads\/sites\/3\/2020\/12\/logo.png","contentUrl":"https:\/\/marktxxl.de\/markt\/wp-content\/uploads\/sites\/3\/2020\/12\/logo.png","width":200,"height":70,"caption":"Markt-XXL"},"image":{"@id":"https:\/\/marktxxl.de\/markt\/#\/schema\/logo\/image\/"}}]}},"_links":{"self":[{"href":"https:\/\/marktxxl.de\/markt\/wp-json\/wp\/v2\/product\/222109","targetHints":{"allow":["GET"]}}],"collection":[{"href":"https:\/\/marktxxl.de\/markt\/wp-json\/wp\/v2\/product"}],"about":[{"href":"https:\/\/marktxxl.de\/markt\/wp-json\/wp\/v2\/types\/product"}],"replies":[{"embeddable":true,"href":"https:\/\/marktxxl.de\/markt\/wp-json\/wp\/v2\/comments?post=222109"}],"wp:featuredmedia":[{"embeddable":true,"href":"https:\/\/marktxxl.de\/markt\/wp-json\/wp\/v2\/media\/222110"}],"wp:attachment":[{"href":"https:\/\/marktxxl.de\/markt\/wp-json\/wp\/v2\/media?parent=222109"}],"wp:term":[{"taxonomy":"product_brand","embeddable":true,"href":"https:\/\/marktxxl.de\/markt\/wp-json\/wp\/v2\/product_brand?post=222109"},{"taxonomy":"product_cat","embeddable":true,"href":"https:\/\/marktxxl.de\/markt\/wp-json\/wp\/v2\/product_cat?post=222109"},{"taxonomy":"product_tag","embeddable":true,"href":"https:\/\/marktxxl.de\/markt\/wp-json\/wp\/v2\/product_tag?post=222109"}],"curies":[{"name":"wp","href":"https:\/\/api.w.org\/{rel}","templated":true}]}}