{"id":222091,"date":"2024-07-28T15:55:39","date_gmt":"2024-07-28T13:55:39","guid":{"rendered":"https:\/\/marktxxl.de\/markt\/produkt\/cerave-feuchtigkeitscreme-fuer-koerper-und-gesicht-creme-fuer-trockene-bis-sehr-trockene-haut-mit-hyaluron-und-3-essenziellen-ceramiden-1-x-177ml\/"},"modified":"2024-07-28T15:55:39","modified_gmt":"2024-07-28T13:55:39","slug":"cerave-feuchtigkeitscreme-fuer-koerper-und-gesicht-creme-fuer-trockene-bis-sehr-trockene-haut-mit-hyaluron-und-3-essenziellen-ceramiden-1-x-177ml","status":"publish","type":"product","link":"https:\/\/marktxxl.de\/markt\/produkt\/cerave-feuchtigkeitscreme-fuer-koerper-und-gesicht-creme-fuer-trockene-bis-sehr-trockene-haut-mit-hyaluron-und-3-essenziellen-ceramiden-1-x-177ml\/","title":{"rendered":"CeraVe Feuchtigkeitscreme f\u00fcr K\u00f6rper und Gesicht, Creme f\u00fcr trockene bis sehr trockene Haut, Mit Hyaluron und 3 essenziellen Ceramiden, 1 x 177ml"},"content":{"rendered":"<p>Reichhaltige K\u00f6rperpflege mit kontrollierter Wirkstoff-Freisetzung zur Feuchtigkeitsversorgung den ganzen Tage lang, Geeignet f\u00fcr trockene bis sehr trockene Haut bei Erwachsenen und Kindern und auch f\u00fcr zu Neurodermitis neigende Haut<br \/>\nWirkung: 24h lang intensive Feuchtigkeitsversorgung ohne Nachcremen, Geschmeidiges Hautgef\u00fchl, St\u00e4rkung der nat\u00fcrlichen Hautschutzbarriere<br \/>\nHautpflege f\u00fcr die t\u00e4gliche Anwendung: Gro\u00dfz\u00fcgiges Verteilen der Feuchtigkeitspflege nach Belieben im Gesicht und auf dem K\u00f6rper<br \/>\nK\u00f6rpercreme dermatologisch getestet, Nicht-komedogene Formel mit 3 essenziellen Ceramiden pflanzlichen Ursprungs und Hyalurons\u00e4ure, Ohne Parfum, Nicht klebende und nicht fettende Textur<br \/>\nLieferumfang: 1x CeraVe Feuchtigkeitscreme f\u00fcr Gesicht und K\u00f6rper, Inhalt: 177ml<br \/>\n<div class=\"main-cross-sell\" data-asin=\"B07C5VMJPW\">\n\n\t<div class=\"WooZone-cross-sell-loader\">\n\t\t<div>\n\t\t\t<div id=\"floatingBarsG\">\n\t\t\t\t<div class=\"blockG\" id=\"rotateG_01\"><\/div>\n\t\t\t\t<div class=\"blockG\" id=\"rotateG_02\"><\/div>\n\t\t\t\t<div class=\"blockG\" id=\"rotateG_03\"><\/div>\n\t\t\t\t<div class=\"blockG\" id=\"rotateG_04\"><\/div>\n\t\t\t\t<div class=\"blockG\" id=\"rotateG_05\"><\/div>\n\t\t\t\t<div class=\"blockG\" id=\"rotateG_06\"><\/div>\n\t\t\t\t<div class=\"blockG\" id=\"rotateG_07\"><\/div>\n\t\t\t\t<div class=\"blockG\" id=\"rotateG_08\"><\/div>\n\t\t\t<\/div>\n\t\t\t<div class=\"WooZone-cross-sell-loader-text\"><\/div>\n\t\t<\/div>\n\t<\/div>\n\n\t\t\n<\/div>\n<div style=\"clear:both;\"><\/div><\/p>\n","protected":false},"excerpt":{"rendered":"<p>Reichhaltige K\u00f6rperpflege mit kontrollierter Wirkstoff-Freisetzung zur Feuchtigkeitsversorgung den ganzen Tage lang, Geeignet f\u00fcr trockene bis sehr trockene Haut bei Erwachsenen und Kindern und auch f\u00fcr zu Neurodermitis neigende Haut<br \/>\nWirkung: 24h lang intensive Feuchtigkeitsversorgung ohne Nachcremen, Geschmeidiges Hautgef\u00fchl, St\u00e4rkung der nat\u00fcrlichen Hautschutzbarriere<br \/>\nHautpflege f\u00fcr die t\u00e4gliche Anwendung: Gro\u00dfz\u00fcgiges Verteilen der Feuchtigkeitspflege nach Belieben im Gesicht und auf dem K\u00f6rper<\/p>\n","protected":false},"featured_media":222092,"comment_status":"open","ping_status":"closed","template":"","meta":[],"product_brand":[],"product_cat":[2858,7067],"product_tag":[],"class_list":{"0":"post-222091","1":"product","2":"type-product","3":"status-publish","4":"has-post-thumbnail","6":"product_cat-beauty","7":"product_cat-hautpflege","8":"pa_binding-badartikel","9":"pa_brand-cerave","10":"pa_color-feuchtigkeitscreme","11":"pa_height-6-692913379-zoll","12":"pa_languages-unbekannt-englisch-unbekannt-englisch-unbekannt-englisch-unbekannt-englisch-unbekannt-englisch","13":"pa_length-2-9527559025-zoll","14":"pa_manufacturer-cerave","15":"pa_model-mb107500","16":"pa_size-177-ml-1er-pack","17":"pa_weight-0-3748125-pfund","18":"pa_width-3-149606296-zoll","20":"first","21":"instock","22":"sale","23":"shipping-taxable","24":"purchasable","25":"product-type-simple","26":"customify-col","27":"product-has-gallery"},"yoast_head":"<!-- This site is optimized with the Yoast SEO plugin v27.4 - https:\/\/yoast.com\/product\/yoast-seo-wordpress\/ -->\n<title>CeraVe Feuchtigkeitscreme f\u00fcr K\u00f6rper und Gesicht, Creme f\u00fcr trockene bis sehr trockene Haut, Mit Hyaluron und 3 essenziellen Ceramiden, 1 x 177ml - Markt-XXL<\/title>\n<meta name=\"description\" content=\"Markt-XXL CeraVe Feuchtigkeitscreme f\u00fcr K\u00f6rper und Gesicht, Creme f\u00fcr trockene bis sehr trockene Haut, Mit Hyaluron und 3 essenziellen Ceramiden, 1 x 177ml\" \/>\n<meta name=\"robots\" content=\"index, follow, max-snippet:-1, max-image-preview:large, max-video-preview:-1\" \/>\n<link rel=\"canonical\" href=\"https:\/\/marktxxl.de\/markt\/produkt\/cerave-feuchtigkeitscreme-fuer-koerper-und-gesicht-creme-fuer-trockene-bis-sehr-trockene-haut-mit-hyaluron-und-3-essenziellen-ceramiden-1-x-177ml\/\" \/>\n<meta property=\"og:locale\" content=\"de_DE\" \/>\n<meta property=\"og:type\" content=\"article\" \/>\n<meta property=\"og:title\" content=\"CeraVe Feuchtigkeitscreme f\u00fcr K\u00f6rper und Gesicht, Creme f\u00fcr trockene bis sehr trockene Haut, Mit Hyaluron und 3 essenziellen Ceramiden, 1 x 177ml - Markt-XXL\" \/>\n<meta property=\"og:description\" content=\"Markt-XXL CeraVe Feuchtigkeitscreme f\u00fcr K\u00f6rper und Gesicht, Creme f\u00fcr trockene bis sehr trockene Haut, Mit Hyaluron und 3 essenziellen Ceramiden, 1 x 177ml\" \/>\n<meta property=\"og:url\" content=\"https:\/\/marktxxl.de\/markt\/produkt\/cerave-feuchtigkeitscreme-fuer-koerper-und-gesicht-creme-fuer-trockene-bis-sehr-trockene-haut-mit-hyaluron-und-3-essenziellen-ceramiden-1-x-177ml\/\" \/>\n<meta property=\"og:site_name\" content=\"Markt-XXL\" \/>\n<meta name=\"twitter:card\" content=\"summary_large_image\" \/>\n<meta name=\"twitter:label1\" content=\"Gesch\u00e4tzte Lesezeit\" \/>\n\t<meta name=\"twitter:data1\" content=\"1\u00a0Minute\" \/>\n<script type=\"application\/ld+json\" class=\"yoast-schema-graph\">{\"@context\":\"https:\\\/\\\/schema.org\",\"@graph\":[{\"@type\":\"WebPage\",\"@id\":\"https:\\\/\\\/marktxxl.de\\\/markt\\\/produkt\\\/cerave-feuchtigkeitscreme-fuer-koerper-und-gesicht-creme-fuer-trockene-bis-sehr-trockene-haut-mit-hyaluron-und-3-essenziellen-ceramiden-1-x-177ml\\\/\",\"url\":\"https:\\\/\\\/marktxxl.de\\\/markt\\\/produkt\\\/cerave-feuchtigkeitscreme-fuer-koerper-und-gesicht-creme-fuer-trockene-bis-sehr-trockene-haut-mit-hyaluron-und-3-essenziellen-ceramiden-1-x-177ml\\\/\",\"name\":\"CeraVe Feuchtigkeitscreme f\u00fcr K\u00f6rper und Gesicht, Creme f\u00fcr trockene bis sehr trockene Haut, Mit Hyaluron und 3 essenziellen Ceramiden, 1 x 177ml - Markt-XXL\",\"isPartOf\":{\"@id\":\"https:\\\/\\\/marktxxl.de\\\/markt\\\/#website\"},\"primaryImageOfPage\":{\"@id\":\"https:\\\/\\\/marktxxl.de\\\/markt\\\/produkt\\\/cerave-feuchtigkeitscreme-fuer-koerper-und-gesicht-creme-fuer-trockene-bis-sehr-trockene-haut-mit-hyaluron-und-3-essenziellen-ceramiden-1-x-177ml\\\/#primaryimage\"},\"image\":{\"@id\":\"https:\\\/\\\/marktxxl.de\\\/markt\\\/produkt\\\/cerave-feuchtigkeitscreme-fuer-koerper-und-gesicht-creme-fuer-trockene-bis-sehr-trockene-haut-mit-hyaluron-und-3-essenziellen-ceramiden-1-x-177ml\\\/#primaryimage\"},\"thumbnailUrl\":\"https:\\\/\\\/m.media-amazon.com\\\/images\\\/I\\\/31KDky7zc9L._SL500_.jpg\",\"datePublished\":\"2024-07-28T13:55:39+00:00\",\"description\":\"Markt-XXL CeraVe Feuchtigkeitscreme f\u00fcr K\u00f6rper und Gesicht, Creme f\u00fcr trockene bis sehr trockene Haut, Mit Hyaluron und 3 essenziellen Ceramiden, 1 x 177ml\",\"breadcrumb\":{\"@id\":\"https:\\\/\\\/marktxxl.de\\\/markt\\\/produkt\\\/cerave-feuchtigkeitscreme-fuer-koerper-und-gesicht-creme-fuer-trockene-bis-sehr-trockene-haut-mit-hyaluron-und-3-essenziellen-ceramiden-1-x-177ml\\\/#breadcrumb\"},\"inLanguage\":\"de\",\"potentialAction\":[{\"@type\":\"ReadAction\",\"target\":[\"https:\\\/\\\/marktxxl.de\\\/markt\\\/produkt\\\/cerave-feuchtigkeitscreme-fuer-koerper-und-gesicht-creme-fuer-trockene-bis-sehr-trockene-haut-mit-hyaluron-und-3-essenziellen-ceramiden-1-x-177ml\\\/\"]}]},{\"@type\":\"ImageObject\",\"inLanguage\":\"de\",\"@id\":\"https:\\\/\\\/marktxxl.de\\\/markt\\\/produkt\\\/cerave-feuchtigkeitscreme-fuer-koerper-und-gesicht-creme-fuer-trockene-bis-sehr-trockene-haut-mit-hyaluron-und-3-essenziellen-ceramiden-1-x-177ml\\\/#primaryimage\",\"url\":\"https:\\\/\\\/m.media-amazon.com\\\/images\\\/I\\\/31KDky7zc9L._SL500_.jpg\",\"contentUrl\":\"https:\\\/\\\/m.media-amazon.com\\\/images\\\/I\\\/31KDky7zc9L._SL500_.jpg\",\"width\":500,\"height\":500},{\"@type\":\"BreadcrumbList\",\"@id\":\"https:\\\/\\\/marktxxl.de\\\/markt\\\/produkt\\\/cerave-feuchtigkeitscreme-fuer-koerper-und-gesicht-creme-fuer-trockene-bis-sehr-trockene-haut-mit-hyaluron-und-3-essenziellen-ceramiden-1-x-177ml\\\/#breadcrumb\",\"itemListElement\":[{\"@type\":\"ListItem\",\"position\":1,\"name\":\"Startseite\",\"item\":\"https:\\\/\\\/marktxxl.de\\\/markt\\\/\"},{\"@type\":\"ListItem\",\"position\":2,\"name\":\"Markt\",\"item\":\"https:\\\/\\\/marktxxl.de\\\/markt\\\/\"},{\"@type\":\"ListItem\",\"position\":3,\"name\":\"CeraVe Feuchtigkeitscreme f\u00fcr K\u00f6rper und Gesicht, Creme f\u00fcr trockene bis sehr trockene Haut, Mit Hyaluron und 3 essenziellen Ceramiden, 1 x 177ml\"}]},{\"@type\":\"WebSite\",\"@id\":\"https:\\\/\\\/marktxxl.de\\\/markt\\\/#website\",\"url\":\"https:\\\/\\\/marktxxl.de\\\/markt\\\/\",\"name\":\"Markt-XXL\",\"description\":\"Ihr Markt Online\",\"publisher\":{\"@id\":\"https:\\\/\\\/marktxxl.de\\\/markt\\\/#organization\"},\"potentialAction\":[{\"@type\":\"SearchAction\",\"target\":{\"@type\":\"EntryPoint\",\"urlTemplate\":\"https:\\\/\\\/marktxxl.de\\\/markt\\\/?s={search_term_string}\"},\"query-input\":{\"@type\":\"PropertyValueSpecification\",\"valueRequired\":true,\"valueName\":\"search_term_string\"}}],\"inLanguage\":\"de\"},{\"@type\":\"Organization\",\"@id\":\"https:\\\/\\\/marktxxl.de\\\/markt\\\/#organization\",\"name\":\"Markt-XXL\",\"url\":\"https:\\\/\\\/marktxxl.de\\\/markt\\\/\",\"logo\":{\"@type\":\"ImageObject\",\"inLanguage\":\"de\",\"@id\":\"https:\\\/\\\/marktxxl.de\\\/markt\\\/#\\\/schema\\\/logo\\\/image\\\/\",\"url\":\"https:\\\/\\\/marktxxl.de\\\/markt\\\/wp-content\\\/uploads\\\/sites\\\/3\\\/2020\\\/12\\\/logo.png\",\"contentUrl\":\"https:\\\/\\\/marktxxl.de\\\/markt\\\/wp-content\\\/uploads\\\/sites\\\/3\\\/2020\\\/12\\\/logo.png\",\"width\":200,\"height\":70,\"caption\":\"Markt-XXL\"},\"image\":{\"@id\":\"https:\\\/\\\/marktxxl.de\\\/markt\\\/#\\\/schema\\\/logo\\\/image\\\/\"}}]}<\/script>\n<!-- \/ Yoast SEO plugin. -->","yoast_head_json":{"title":"CeraVe Feuchtigkeitscreme f\u00fcr K\u00f6rper und Gesicht, Creme f\u00fcr trockene bis sehr trockene Haut, Mit Hyaluron und 3 essenziellen Ceramiden, 1 x 177ml - Markt-XXL","description":"Markt-XXL CeraVe Feuchtigkeitscreme f\u00fcr K\u00f6rper und Gesicht, Creme f\u00fcr trockene bis sehr trockene Haut, Mit Hyaluron und 3 essenziellen Ceramiden, 1 x 177ml","robots":{"index":"index","follow":"follow","max-snippet":"max-snippet:-1","max-image-preview":"max-image-preview:large","max-video-preview":"max-video-preview:-1"},"canonical":"https:\/\/marktxxl.de\/markt\/produkt\/cerave-feuchtigkeitscreme-fuer-koerper-und-gesicht-creme-fuer-trockene-bis-sehr-trockene-haut-mit-hyaluron-und-3-essenziellen-ceramiden-1-x-177ml\/","og_locale":"de_DE","og_type":"article","og_title":"CeraVe Feuchtigkeitscreme f\u00fcr K\u00f6rper und Gesicht, Creme f\u00fcr trockene bis sehr trockene Haut, Mit Hyaluron und 3 essenziellen Ceramiden, 1 x 177ml - Markt-XXL","og_description":"Markt-XXL CeraVe Feuchtigkeitscreme f\u00fcr K\u00f6rper und Gesicht, Creme f\u00fcr trockene bis sehr trockene Haut, Mit Hyaluron und 3 essenziellen Ceramiden, 1 x 177ml","og_url":"https:\/\/marktxxl.de\/markt\/produkt\/cerave-feuchtigkeitscreme-fuer-koerper-und-gesicht-creme-fuer-trockene-bis-sehr-trockene-haut-mit-hyaluron-und-3-essenziellen-ceramiden-1-x-177ml\/","og_site_name":"Markt-XXL","twitter_card":"summary_large_image","twitter_misc":{"Gesch\u00e4tzte Lesezeit":"1\u00a0Minute"},"schema":{"@context":"https:\/\/schema.org","@graph":[{"@type":"WebPage","@id":"https:\/\/marktxxl.de\/markt\/produkt\/cerave-feuchtigkeitscreme-fuer-koerper-und-gesicht-creme-fuer-trockene-bis-sehr-trockene-haut-mit-hyaluron-und-3-essenziellen-ceramiden-1-x-177ml\/","url":"https:\/\/marktxxl.de\/markt\/produkt\/cerave-feuchtigkeitscreme-fuer-koerper-und-gesicht-creme-fuer-trockene-bis-sehr-trockene-haut-mit-hyaluron-und-3-essenziellen-ceramiden-1-x-177ml\/","name":"CeraVe Feuchtigkeitscreme f\u00fcr K\u00f6rper und Gesicht, Creme f\u00fcr trockene bis sehr trockene Haut, Mit Hyaluron und 3 essenziellen Ceramiden, 1 x 177ml - Markt-XXL","isPartOf":{"@id":"https:\/\/marktxxl.de\/markt\/#website"},"primaryImageOfPage":{"@id":"https:\/\/marktxxl.de\/markt\/produkt\/cerave-feuchtigkeitscreme-fuer-koerper-und-gesicht-creme-fuer-trockene-bis-sehr-trockene-haut-mit-hyaluron-und-3-essenziellen-ceramiden-1-x-177ml\/#primaryimage"},"image":{"@id":"https:\/\/marktxxl.de\/markt\/produkt\/cerave-feuchtigkeitscreme-fuer-koerper-und-gesicht-creme-fuer-trockene-bis-sehr-trockene-haut-mit-hyaluron-und-3-essenziellen-ceramiden-1-x-177ml\/#primaryimage"},"thumbnailUrl":"https:\/\/m.media-amazon.com\/images\/I\/31KDky7zc9L._SL500_.jpg","datePublished":"2024-07-28T13:55:39+00:00","description":"Markt-XXL CeraVe Feuchtigkeitscreme f\u00fcr K\u00f6rper und Gesicht, Creme f\u00fcr trockene bis sehr trockene Haut, Mit Hyaluron und 3 essenziellen Ceramiden, 1 x 177ml","breadcrumb":{"@id":"https:\/\/marktxxl.de\/markt\/produkt\/cerave-feuchtigkeitscreme-fuer-koerper-und-gesicht-creme-fuer-trockene-bis-sehr-trockene-haut-mit-hyaluron-und-3-essenziellen-ceramiden-1-x-177ml\/#breadcrumb"},"inLanguage":"de","potentialAction":[{"@type":"ReadAction","target":["https:\/\/marktxxl.de\/markt\/produkt\/cerave-feuchtigkeitscreme-fuer-koerper-und-gesicht-creme-fuer-trockene-bis-sehr-trockene-haut-mit-hyaluron-und-3-essenziellen-ceramiden-1-x-177ml\/"]}]},{"@type":"ImageObject","inLanguage":"de","@id":"https:\/\/marktxxl.de\/markt\/produkt\/cerave-feuchtigkeitscreme-fuer-koerper-und-gesicht-creme-fuer-trockene-bis-sehr-trockene-haut-mit-hyaluron-und-3-essenziellen-ceramiden-1-x-177ml\/#primaryimage","url":"https:\/\/m.media-amazon.com\/images\/I\/31KDky7zc9L._SL500_.jpg","contentUrl":"https:\/\/m.media-amazon.com\/images\/I\/31KDky7zc9L._SL500_.jpg","width":500,"height":500},{"@type":"BreadcrumbList","@id":"https:\/\/marktxxl.de\/markt\/produkt\/cerave-feuchtigkeitscreme-fuer-koerper-und-gesicht-creme-fuer-trockene-bis-sehr-trockene-haut-mit-hyaluron-und-3-essenziellen-ceramiden-1-x-177ml\/#breadcrumb","itemListElement":[{"@type":"ListItem","position":1,"name":"Startseite","item":"https:\/\/marktxxl.de\/markt\/"},{"@type":"ListItem","position":2,"name":"Markt","item":"https:\/\/marktxxl.de\/markt\/"},{"@type":"ListItem","position":3,"name":"CeraVe Feuchtigkeitscreme f\u00fcr K\u00f6rper und Gesicht, Creme f\u00fcr trockene bis sehr trockene Haut, Mit Hyaluron und 3 essenziellen Ceramiden, 1 x 177ml"}]},{"@type":"WebSite","@id":"https:\/\/marktxxl.de\/markt\/#website","url":"https:\/\/marktxxl.de\/markt\/","name":"Markt-XXL","description":"Ihr Markt Online","publisher":{"@id":"https:\/\/marktxxl.de\/markt\/#organization"},"potentialAction":[{"@type":"SearchAction","target":{"@type":"EntryPoint","urlTemplate":"https:\/\/marktxxl.de\/markt\/?s={search_term_string}"},"query-input":{"@type":"PropertyValueSpecification","valueRequired":true,"valueName":"search_term_string"}}],"inLanguage":"de"},{"@type":"Organization","@id":"https:\/\/marktxxl.de\/markt\/#organization","name":"Markt-XXL","url":"https:\/\/marktxxl.de\/markt\/","logo":{"@type":"ImageObject","inLanguage":"de","@id":"https:\/\/marktxxl.de\/markt\/#\/schema\/logo\/image\/","url":"https:\/\/marktxxl.de\/markt\/wp-content\/uploads\/sites\/3\/2020\/12\/logo.png","contentUrl":"https:\/\/marktxxl.de\/markt\/wp-content\/uploads\/sites\/3\/2020\/12\/logo.png","width":200,"height":70,"caption":"Markt-XXL"},"image":{"@id":"https:\/\/marktxxl.de\/markt\/#\/schema\/logo\/image\/"}}]}},"_links":{"self":[{"href":"https:\/\/marktxxl.de\/markt\/wp-json\/wp\/v2\/product\/222091","targetHints":{"allow":["GET"]}}],"collection":[{"href":"https:\/\/marktxxl.de\/markt\/wp-json\/wp\/v2\/product"}],"about":[{"href":"https:\/\/marktxxl.de\/markt\/wp-json\/wp\/v2\/types\/product"}],"replies":[{"embeddable":true,"href":"https:\/\/marktxxl.de\/markt\/wp-json\/wp\/v2\/comments?post=222091"}],"wp:featuredmedia":[{"embeddable":true,"href":"https:\/\/marktxxl.de\/markt\/wp-json\/wp\/v2\/media\/222092"}],"wp:attachment":[{"href":"https:\/\/marktxxl.de\/markt\/wp-json\/wp\/v2\/media?parent=222091"}],"wp:term":[{"taxonomy":"product_brand","embeddable":true,"href":"https:\/\/marktxxl.de\/markt\/wp-json\/wp\/v2\/product_brand?post=222091"},{"taxonomy":"product_cat","embeddable":true,"href":"https:\/\/marktxxl.de\/markt\/wp-json\/wp\/v2\/product_cat?post=222091"},{"taxonomy":"product_tag","embeddable":true,"href":"https:\/\/marktxxl.de\/markt\/wp-json\/wp\/v2\/product_tag?post=222091"}],"curies":[{"name":"wp","href":"https:\/\/api.w.org\/{rel}","templated":true}]}}