{"id":222061,"date":"2024-07-28T15:54:13","date_gmt":"2024-07-28T13:54:13","guid":{"rendered":"https:\/\/marktxxl.de\/markt\/produkt\/cosrx-advanced-snail-92-all-in-one-cream-schneckenschleim-creme-mit-hyaluron-anti-pickel-anti-falten-gesichtscreme-fuer-trockene-und-empfindliche-haut-korean-skincare\/"},"modified":"2024-07-28T15:54:13","modified_gmt":"2024-07-28T13:54:13","slug":"cosrx-advanced-snail-92-all-in-one-cream-schneckenschleim-creme-mit-hyaluron-anti-pickel-anti-falten-gesichtscreme-fuer-trockene-und-empfindliche-haut-korean-skincare","status":"publish","type":"product","link":"https:\/\/marktxxl.de\/markt\/produkt\/cosrx-advanced-snail-92-all-in-one-cream-schneckenschleim-creme-mit-hyaluron-anti-pickel-anti-falten-gesichtscreme-fuer-trockene-und-empfindliche-haut-korean-skincare\/","title":{"rendered":"COSRX Advanced Snail 92% All in One Cream | Schneckenschleim Creme mit Hyaluron | Anti Pickel Anti Falten Gesichtscreme | f\u00fcr trockene und empfindliche Haut | Korean Skincare"},"content":{"rendered":"<p>Feuchtigkeitsspendende Gesichtscreme mit Schneckenschleim und Hyalurons\u00e4ure f\u00fcr trockene und sensible Haut.<br \/>\nHocheffektive reparierende Feuchtigkeitspflege: Eine leichte Creme, die irritierte, gereizte Haut nach Ausbr\u00fcchen von Rosazea und dergleichen beruhigt und regeneriert.<br \/>\nSchneckenschleim ist ein HOCHWIRKSAMEN Inhaltsstoff f\u00fcr unreine, trockene und empfindliche Haut. Er l\u00e4sst die Feuchtigkeit tief in die Haut eindringen und hilft bei Akneausbr\u00fcchen und Falten.<br \/>\nEs kommen KEINE Schnecken zu Schaden. Schneckenschleim wird auf sichere und umweltfreundliche Weise in einer f\u00fcr Schnecken angenehmen Umgebung gewonnen und zu Kosmetikrohstoff weiterverarbeitet. 100 % nat\u00fcrlich, hypoallergen, dermatologisch getestet.<br \/>\nCOSRX-Standards: Reine Sch\u00f6nheit \u2013 Alle COSRX-Produkte sind aus hautfreundlichen Inhaltsstoffen zubereitet, die Hautreizungen mildern. Hypoallergen, dermatologisch getestet, ohne Tierversuch, ohne Parabene, ohne Alkohol, ohne Sulfate, ohne Phthalate.<br \/>\n<div class=\"main-cross-sell\" data-asin=\"B01LEJ5MSK\">\n\n\t<div class=\"WooZone-cross-sell-loader\">\n\t\t<div>\n\t\t\t<div id=\"floatingBarsG\">\n\t\t\t\t<div class=\"blockG\" id=\"rotateG_01\"><\/div>\n\t\t\t\t<div class=\"blockG\" id=\"rotateG_02\"><\/div>\n\t\t\t\t<div class=\"blockG\" id=\"rotateG_03\"><\/div>\n\t\t\t\t<div class=\"blockG\" id=\"rotateG_04\"><\/div>\n\t\t\t\t<div class=\"blockG\" id=\"rotateG_05\"><\/div>\n\t\t\t\t<div class=\"blockG\" id=\"rotateG_06\"><\/div>\n\t\t\t\t<div class=\"blockG\" id=\"rotateG_07\"><\/div>\n\t\t\t\t<div class=\"blockG\" id=\"rotateG_08\"><\/div>\n\t\t\t<\/div>\n\t\t\t<div class=\"WooZone-cross-sell-loader-text\"><\/div>\n\t\t<\/div>\n\t<\/div>\n\n\t\t\n<\/div>\n<div style=\"clear:both;\"><\/div><\/p>\n","protected":false},"excerpt":{"rendered":"<p>Feuchtigkeitsspendende Gesichtscreme mit Schneckenschleim und Hyalurons\u00e4ure f\u00fcr trockene und sensible Haut.<br \/>\nHocheffektive reparierende Feuchtigkeitspflege: Eine leichte Creme, die irritierte, gereizte Haut nach Ausbr\u00fcchen von Rosazea und dergleichen beruhigt und regeneriert.<br \/>\nSchneckenschleim ist ein HOCHWIRKSAMEN Inhaltsstoff f\u00fcr unreine, trockene und empfindliche Haut. Er l\u00e4sst die Feuchtigkeit tief in die Haut eindringen und hilft bei Akneausbr\u00fcchen und Falten.<\/p>\n","protected":false},"featured_media":222062,"comment_status":"open","ping_status":"closed","template":"","meta":[],"product_brand":[],"product_cat":[2858,7067],"product_tag":[],"class_list":{"0":"post-222061","1":"product","2":"type-product","3":"status-publish","4":"has-post-thumbnail","6":"product_cat-beauty","7":"product_cat-hautpflege","8":"pa_binding-badartikel","9":"pa_brand-cosrx","10":"pa_height-1-74803149428-zoll","11":"pa_languages-unbekannt-deutsch","12":"pa_length-2-74803149326-zoll","13":"pa_manufacturer-cosrx-inc","14":"pa_model-coss02-c","15":"pa_size-100-ml-1er-pack","16":"pa_weight-0-35-pfund","17":"pa_width-2-74803149326-zoll","19":"first","20":"instock","21":"sale","22":"shipping-taxable","23":"purchasable","24":"product-type-simple","25":"customify-col","26":"product-has-gallery"},"yoast_head":"<!-- This site is optimized with the Yoast SEO plugin v27.4 - https:\/\/yoast.com\/product\/yoast-seo-wordpress\/ -->\n<title>COSRX Advanced Snail 92% All in One Cream | Schneckenschleim Creme mit Hyaluron | Anti Pickel Anti Falten Gesichtscreme | f\u00fcr trockene und empfindliche Haut | Korean Skincare - Markt-XXL<\/title>\n<meta name=\"description\" content=\"Markt-XXL COSRX Advanced Snail 92% All in One Cream | Schneckenschleim Creme mit Hyaluron | Anti Pickel Anti Falten Gesichtscreme | f\u00fcr trockene und empfindliche Haut | Korean Skincare\" \/>\n<meta name=\"robots\" content=\"index, follow, max-snippet:-1, max-image-preview:large, max-video-preview:-1\" \/>\n<link rel=\"canonical\" href=\"https:\/\/marktxxl.de\/markt\/produkt\/cosrx-advanced-snail-92-all-in-one-cream-schneckenschleim-creme-mit-hyaluron-anti-pickel-anti-falten-gesichtscreme-fuer-trockene-und-empfindliche-haut-korean-skincare\/\" \/>\n<meta property=\"og:locale\" content=\"de_DE\" \/>\n<meta property=\"og:type\" content=\"article\" \/>\n<meta property=\"og:title\" content=\"COSRX Advanced Snail 92% All in One Cream | Schneckenschleim Creme mit Hyaluron | Anti Pickel Anti Falten Gesichtscreme | f\u00fcr trockene und empfindliche Haut | Korean Skincare - Markt-XXL\" \/>\n<meta property=\"og:description\" content=\"Markt-XXL COSRX Advanced Snail 92% All in One Cream | Schneckenschleim Creme mit Hyaluron | Anti Pickel Anti Falten Gesichtscreme | f\u00fcr trockene und empfindliche Haut | Korean Skincare\" \/>\n<meta property=\"og:url\" content=\"https:\/\/marktxxl.de\/markt\/produkt\/cosrx-advanced-snail-92-all-in-one-cream-schneckenschleim-creme-mit-hyaluron-anti-pickel-anti-falten-gesichtscreme-fuer-trockene-und-empfindliche-haut-korean-skincare\/\" \/>\n<meta property=\"og:site_name\" content=\"Markt-XXL\" \/>\n<meta name=\"twitter:card\" content=\"summary_large_image\" \/>\n<meta name=\"twitter:label1\" content=\"Gesch\u00e4tzte Lesezeit\" \/>\n\t<meta name=\"twitter:data1\" content=\"1\u00a0Minute\" \/>\n<script type=\"application\/ld+json\" class=\"yoast-schema-graph\">{\"@context\":\"https:\\\/\\\/schema.org\",\"@graph\":[{\"@type\":\"WebPage\",\"@id\":\"https:\\\/\\\/marktxxl.de\\\/markt\\\/produkt\\\/cosrx-advanced-snail-92-all-in-one-cream-schneckenschleim-creme-mit-hyaluron-anti-pickel-anti-falten-gesichtscreme-fuer-trockene-und-empfindliche-haut-korean-skincare\\\/\",\"url\":\"https:\\\/\\\/marktxxl.de\\\/markt\\\/produkt\\\/cosrx-advanced-snail-92-all-in-one-cream-schneckenschleim-creme-mit-hyaluron-anti-pickel-anti-falten-gesichtscreme-fuer-trockene-und-empfindliche-haut-korean-skincare\\\/\",\"name\":\"COSRX Advanced Snail 92% All in One Cream | Schneckenschleim Creme mit Hyaluron | Anti Pickel Anti Falten Gesichtscreme | f\u00fcr trockene und empfindliche Haut | Korean Skincare - Markt-XXL\",\"isPartOf\":{\"@id\":\"https:\\\/\\\/marktxxl.de\\\/markt\\\/#website\"},\"primaryImageOfPage\":{\"@id\":\"https:\\\/\\\/marktxxl.de\\\/markt\\\/produkt\\\/cosrx-advanced-snail-92-all-in-one-cream-schneckenschleim-creme-mit-hyaluron-anti-pickel-anti-falten-gesichtscreme-fuer-trockene-und-empfindliche-haut-korean-skincare\\\/#primaryimage\"},\"image\":{\"@id\":\"https:\\\/\\\/marktxxl.de\\\/markt\\\/produkt\\\/cosrx-advanced-snail-92-all-in-one-cream-schneckenschleim-creme-mit-hyaluron-anti-pickel-anti-falten-gesichtscreme-fuer-trockene-und-empfindliche-haut-korean-skincare\\\/#primaryimage\"},\"thumbnailUrl\":\"https:\\\/\\\/m.media-amazon.com\\\/images\\\/I\\\/41jr8+gYzPL._SL500_.jpg\",\"datePublished\":\"2024-07-28T13:54:13+00:00\",\"description\":\"Markt-XXL COSRX Advanced Snail 92% All in One Cream | Schneckenschleim Creme mit Hyaluron | Anti Pickel Anti Falten Gesichtscreme | f\u00fcr trockene und empfindliche Haut | Korean Skincare\",\"breadcrumb\":{\"@id\":\"https:\\\/\\\/marktxxl.de\\\/markt\\\/produkt\\\/cosrx-advanced-snail-92-all-in-one-cream-schneckenschleim-creme-mit-hyaluron-anti-pickel-anti-falten-gesichtscreme-fuer-trockene-und-empfindliche-haut-korean-skincare\\\/#breadcrumb\"},\"inLanguage\":\"de\",\"potentialAction\":[{\"@type\":\"ReadAction\",\"target\":[\"https:\\\/\\\/marktxxl.de\\\/markt\\\/produkt\\\/cosrx-advanced-snail-92-all-in-one-cream-schneckenschleim-creme-mit-hyaluron-anti-pickel-anti-falten-gesichtscreme-fuer-trockene-und-empfindliche-haut-korean-skincare\\\/\"]}]},{\"@type\":\"ImageObject\",\"inLanguage\":\"de\",\"@id\":\"https:\\\/\\\/marktxxl.de\\\/markt\\\/produkt\\\/cosrx-advanced-snail-92-all-in-one-cream-schneckenschleim-creme-mit-hyaluron-anti-pickel-anti-falten-gesichtscreme-fuer-trockene-und-empfindliche-haut-korean-skincare\\\/#primaryimage\",\"url\":\"https:\\\/\\\/m.media-amazon.com\\\/images\\\/I\\\/41jr8+gYzPL._SL500_.jpg\",\"contentUrl\":\"https:\\\/\\\/m.media-amazon.com\\\/images\\\/I\\\/41jr8+gYzPL._SL500_.jpg\",\"width\":500,\"height\":500},{\"@type\":\"BreadcrumbList\",\"@id\":\"https:\\\/\\\/marktxxl.de\\\/markt\\\/produkt\\\/cosrx-advanced-snail-92-all-in-one-cream-schneckenschleim-creme-mit-hyaluron-anti-pickel-anti-falten-gesichtscreme-fuer-trockene-und-empfindliche-haut-korean-skincare\\\/#breadcrumb\",\"itemListElement\":[{\"@type\":\"ListItem\",\"position\":1,\"name\":\"Startseite\",\"item\":\"https:\\\/\\\/marktxxl.de\\\/markt\\\/\"},{\"@type\":\"ListItem\",\"position\":2,\"name\":\"Markt\",\"item\":\"https:\\\/\\\/marktxxl.de\\\/markt\\\/\"},{\"@type\":\"ListItem\",\"position\":3,\"name\":\"COSRX Advanced Snail 92% All in One Cream | Schneckenschleim Creme mit Hyaluron | Anti Pickel Anti Falten Gesichtscreme | f\u00fcr trockene und empfindliche Haut | Korean Skincare\"}]},{\"@type\":\"WebSite\",\"@id\":\"https:\\\/\\\/marktxxl.de\\\/markt\\\/#website\",\"url\":\"https:\\\/\\\/marktxxl.de\\\/markt\\\/\",\"name\":\"Markt-XXL\",\"description\":\"Ihr Markt Online\",\"publisher\":{\"@id\":\"https:\\\/\\\/marktxxl.de\\\/markt\\\/#organization\"},\"potentialAction\":[{\"@type\":\"SearchAction\",\"target\":{\"@type\":\"EntryPoint\",\"urlTemplate\":\"https:\\\/\\\/marktxxl.de\\\/markt\\\/?s={search_term_string}\"},\"query-input\":{\"@type\":\"PropertyValueSpecification\",\"valueRequired\":true,\"valueName\":\"search_term_string\"}}],\"inLanguage\":\"de\"},{\"@type\":\"Organization\",\"@id\":\"https:\\\/\\\/marktxxl.de\\\/markt\\\/#organization\",\"name\":\"Markt-XXL\",\"url\":\"https:\\\/\\\/marktxxl.de\\\/markt\\\/\",\"logo\":{\"@type\":\"ImageObject\",\"inLanguage\":\"de\",\"@id\":\"https:\\\/\\\/marktxxl.de\\\/markt\\\/#\\\/schema\\\/logo\\\/image\\\/\",\"url\":\"https:\\\/\\\/marktxxl.de\\\/markt\\\/wp-content\\\/uploads\\\/sites\\\/3\\\/2020\\\/12\\\/logo.png\",\"contentUrl\":\"https:\\\/\\\/marktxxl.de\\\/markt\\\/wp-content\\\/uploads\\\/sites\\\/3\\\/2020\\\/12\\\/logo.png\",\"width\":200,\"height\":70,\"caption\":\"Markt-XXL\"},\"image\":{\"@id\":\"https:\\\/\\\/marktxxl.de\\\/markt\\\/#\\\/schema\\\/logo\\\/image\\\/\"}}]}<\/script>\n<!-- \/ Yoast SEO plugin. -->","yoast_head_json":{"title":"COSRX Advanced Snail 92% All in One Cream | Schneckenschleim Creme mit Hyaluron | Anti Pickel Anti Falten Gesichtscreme | f\u00fcr trockene und empfindliche Haut | Korean Skincare - Markt-XXL","description":"Markt-XXL COSRX Advanced Snail 92% All in One Cream | Schneckenschleim Creme mit Hyaluron | Anti Pickel Anti Falten Gesichtscreme | f\u00fcr trockene und empfindliche Haut | Korean Skincare","robots":{"index":"index","follow":"follow","max-snippet":"max-snippet:-1","max-image-preview":"max-image-preview:large","max-video-preview":"max-video-preview:-1"},"canonical":"https:\/\/marktxxl.de\/markt\/produkt\/cosrx-advanced-snail-92-all-in-one-cream-schneckenschleim-creme-mit-hyaluron-anti-pickel-anti-falten-gesichtscreme-fuer-trockene-und-empfindliche-haut-korean-skincare\/","og_locale":"de_DE","og_type":"article","og_title":"COSRX Advanced Snail 92% All in One Cream | Schneckenschleim Creme mit Hyaluron | Anti Pickel Anti Falten Gesichtscreme | f\u00fcr trockene und empfindliche Haut | Korean Skincare - Markt-XXL","og_description":"Markt-XXL COSRX Advanced Snail 92% All in One Cream | Schneckenschleim Creme mit Hyaluron | Anti Pickel Anti Falten Gesichtscreme | f\u00fcr trockene und empfindliche Haut | Korean Skincare","og_url":"https:\/\/marktxxl.de\/markt\/produkt\/cosrx-advanced-snail-92-all-in-one-cream-schneckenschleim-creme-mit-hyaluron-anti-pickel-anti-falten-gesichtscreme-fuer-trockene-und-empfindliche-haut-korean-skincare\/","og_site_name":"Markt-XXL","twitter_card":"summary_large_image","twitter_misc":{"Gesch\u00e4tzte Lesezeit":"1\u00a0Minute"},"schema":{"@context":"https:\/\/schema.org","@graph":[{"@type":"WebPage","@id":"https:\/\/marktxxl.de\/markt\/produkt\/cosrx-advanced-snail-92-all-in-one-cream-schneckenschleim-creme-mit-hyaluron-anti-pickel-anti-falten-gesichtscreme-fuer-trockene-und-empfindliche-haut-korean-skincare\/","url":"https:\/\/marktxxl.de\/markt\/produkt\/cosrx-advanced-snail-92-all-in-one-cream-schneckenschleim-creme-mit-hyaluron-anti-pickel-anti-falten-gesichtscreme-fuer-trockene-und-empfindliche-haut-korean-skincare\/","name":"COSRX Advanced Snail 92% All in One Cream | Schneckenschleim Creme mit Hyaluron | Anti Pickel Anti Falten Gesichtscreme | f\u00fcr trockene und empfindliche Haut | Korean Skincare - Markt-XXL","isPartOf":{"@id":"https:\/\/marktxxl.de\/markt\/#website"},"primaryImageOfPage":{"@id":"https:\/\/marktxxl.de\/markt\/produkt\/cosrx-advanced-snail-92-all-in-one-cream-schneckenschleim-creme-mit-hyaluron-anti-pickel-anti-falten-gesichtscreme-fuer-trockene-und-empfindliche-haut-korean-skincare\/#primaryimage"},"image":{"@id":"https:\/\/marktxxl.de\/markt\/produkt\/cosrx-advanced-snail-92-all-in-one-cream-schneckenschleim-creme-mit-hyaluron-anti-pickel-anti-falten-gesichtscreme-fuer-trockene-und-empfindliche-haut-korean-skincare\/#primaryimage"},"thumbnailUrl":"https:\/\/m.media-amazon.com\/images\/I\/41jr8+gYzPL._SL500_.jpg","datePublished":"2024-07-28T13:54:13+00:00","description":"Markt-XXL COSRX Advanced Snail 92% All in One Cream | Schneckenschleim Creme mit Hyaluron | Anti Pickel Anti Falten Gesichtscreme | f\u00fcr trockene und empfindliche Haut | Korean Skincare","breadcrumb":{"@id":"https:\/\/marktxxl.de\/markt\/produkt\/cosrx-advanced-snail-92-all-in-one-cream-schneckenschleim-creme-mit-hyaluron-anti-pickel-anti-falten-gesichtscreme-fuer-trockene-und-empfindliche-haut-korean-skincare\/#breadcrumb"},"inLanguage":"de","potentialAction":[{"@type":"ReadAction","target":["https:\/\/marktxxl.de\/markt\/produkt\/cosrx-advanced-snail-92-all-in-one-cream-schneckenschleim-creme-mit-hyaluron-anti-pickel-anti-falten-gesichtscreme-fuer-trockene-und-empfindliche-haut-korean-skincare\/"]}]},{"@type":"ImageObject","inLanguage":"de","@id":"https:\/\/marktxxl.de\/markt\/produkt\/cosrx-advanced-snail-92-all-in-one-cream-schneckenschleim-creme-mit-hyaluron-anti-pickel-anti-falten-gesichtscreme-fuer-trockene-und-empfindliche-haut-korean-skincare\/#primaryimage","url":"https:\/\/m.media-amazon.com\/images\/I\/41jr8+gYzPL._SL500_.jpg","contentUrl":"https:\/\/m.media-amazon.com\/images\/I\/41jr8+gYzPL._SL500_.jpg","width":500,"height":500},{"@type":"BreadcrumbList","@id":"https:\/\/marktxxl.de\/markt\/produkt\/cosrx-advanced-snail-92-all-in-one-cream-schneckenschleim-creme-mit-hyaluron-anti-pickel-anti-falten-gesichtscreme-fuer-trockene-und-empfindliche-haut-korean-skincare\/#breadcrumb","itemListElement":[{"@type":"ListItem","position":1,"name":"Startseite","item":"https:\/\/marktxxl.de\/markt\/"},{"@type":"ListItem","position":2,"name":"Markt","item":"https:\/\/marktxxl.de\/markt\/"},{"@type":"ListItem","position":3,"name":"COSRX Advanced Snail 92% All in One Cream | Schneckenschleim Creme mit Hyaluron | Anti Pickel Anti Falten Gesichtscreme | f\u00fcr trockene und empfindliche Haut | Korean Skincare"}]},{"@type":"WebSite","@id":"https:\/\/marktxxl.de\/markt\/#website","url":"https:\/\/marktxxl.de\/markt\/","name":"Markt-XXL","description":"Ihr Markt Online","publisher":{"@id":"https:\/\/marktxxl.de\/markt\/#organization"},"potentialAction":[{"@type":"SearchAction","target":{"@type":"EntryPoint","urlTemplate":"https:\/\/marktxxl.de\/markt\/?s={search_term_string}"},"query-input":{"@type":"PropertyValueSpecification","valueRequired":true,"valueName":"search_term_string"}}],"inLanguage":"de"},{"@type":"Organization","@id":"https:\/\/marktxxl.de\/markt\/#organization","name":"Markt-XXL","url":"https:\/\/marktxxl.de\/markt\/","logo":{"@type":"ImageObject","inLanguage":"de","@id":"https:\/\/marktxxl.de\/markt\/#\/schema\/logo\/image\/","url":"https:\/\/marktxxl.de\/markt\/wp-content\/uploads\/sites\/3\/2020\/12\/logo.png","contentUrl":"https:\/\/marktxxl.de\/markt\/wp-content\/uploads\/sites\/3\/2020\/12\/logo.png","width":200,"height":70,"caption":"Markt-XXL"},"image":{"@id":"https:\/\/marktxxl.de\/markt\/#\/schema\/logo\/image\/"}}]}},"_links":{"self":[{"href":"https:\/\/marktxxl.de\/markt\/wp-json\/wp\/v2\/product\/222061","targetHints":{"allow":["GET"]}}],"collection":[{"href":"https:\/\/marktxxl.de\/markt\/wp-json\/wp\/v2\/product"}],"about":[{"href":"https:\/\/marktxxl.de\/markt\/wp-json\/wp\/v2\/types\/product"}],"replies":[{"embeddable":true,"href":"https:\/\/marktxxl.de\/markt\/wp-json\/wp\/v2\/comments?post=222061"}],"wp:featuredmedia":[{"embeddable":true,"href":"https:\/\/marktxxl.de\/markt\/wp-json\/wp\/v2\/media\/222062"}],"wp:attachment":[{"href":"https:\/\/marktxxl.de\/markt\/wp-json\/wp\/v2\/media?parent=222061"}],"wp:term":[{"taxonomy":"product_brand","embeddable":true,"href":"https:\/\/marktxxl.de\/markt\/wp-json\/wp\/v2\/product_brand?post=222061"},{"taxonomy":"product_cat","embeddable":true,"href":"https:\/\/marktxxl.de\/markt\/wp-json\/wp\/v2\/product_cat?post=222061"},{"taxonomy":"product_tag","embeddable":true,"href":"https:\/\/marktxxl.de\/markt\/wp-json\/wp\/v2\/product_tag?post=222061"}],"curies":[{"name":"wp","href":"https:\/\/api.w.org\/{rel}","templated":true}]}}