{"id":221879,"date":"2024-07-28T15:46:42","date_gmt":"2024-07-28T13:46:42","guid":{"rendered":"https:\/\/marktxxl.de\/markt\/produkt\/ring-alarm-security-kit-mit-aussensirene-13-teilig-2-gen-innenkamera-von-amazon-haus-alarmanlage-mit-kamera-6-tuer-fensterkontakte-3-bewegungsmelder-signalverstaerker-alexa-kompatibel\/"},"modified":"2024-07-28T15:46:42","modified_gmt":"2024-07-28T13:46:42","slug":"ring-alarm-security-kit-mit-aussensirene-13-teilig-2-gen-innenkamera-von-amazon-haus-alarmanlage-mit-kamera-6-tuer-fensterkontakte-3-bewegungsmelder-signalverstaerker-alexa-kompatibel","status":"publish","type":"product","link":"https:\/\/marktxxl.de\/markt\/produkt\/ring-alarm-security-kit-mit-aussensirene-13-teilig-2-gen-innenkamera-von-amazon-haus-alarmanlage-mit-kamera-6-tuer-fensterkontakte-3-bewegungsmelder-signalverstaerker-alexa-kompatibel\/","title":{"rendered":"Ring Alarm Security Kit mit Au\u00dfensirene 13-teilig (2. Gen.) + Innenkamera von Amazon | Haus-Alarmanlage mit Kamera &#8211; 6 T\u00fcr-\/Fensterkontakte, 3 Bewegungsmelder, Signalverst\u00e4rker | Alexa-kompatibel"},"content":{"rendered":"<p>Perfekt zum Einstieg: umfassende Heimsicherheit f\u00fcr Ihr Haus oder Ihre Wohnung mit dem 13-teiligen Alarm Security Kit. Das Set enth\u00e4lt Basisstation, Ring Indoor Cam, Keypad, 6 T\u00fcr-\/Fensterkontakte, 3 Bewegungsmelder, einen Signal-Verst\u00e4rker sowie eine Au\u00dfensirene.<br \/>\nUmfassende Heimsicherheit, jederzeit: mit Ring Alarm, einem Alarmsystem, das Sie ganz einfach selbst installieren k\u00f6nnen, inklusive Au\u00dfensirene. Optional stehen Ihnen f\u00fcr 10 \u20ac\/Monat au\u00dferdem unterst\u00fctzte \u00dcberwachung sowie ein Mobilfunk-Reservesystem zur Verf\u00fcgung.<br \/>\nSie erhalten Benachrichtigungen auf Ihrem Handy, wenn das System ausgel\u00f6st wird. Au\u00dferdem k\u00f6nnen Sie \u00fcber die Ring-App Ihre Alarm-Modi anpassen, die Au\u00dfensirene aktivieren und Ring-Ger\u00e4te \u00fcberwachen.<br \/>\nMit Zubeh\u00f6r wie Bewegungsmeldern, T\u00fcr-\/Fensterkontakten und zus\u00e4tzlichen Au\u00dfensirenen l\u00e4sst sich der umfassende Schutz f\u00fcr Ihr Zuhause ganz einfach und schnell erweitern und an die Gr\u00f6\u00dfe Ihres Heims anpassen.<br \/>\nRing Alarm ist benutzerfreundlich und einfach zu installieren. Schlie\u00dfen Sie einfach die Basisstation an eine Stromquelle an, stellen Sie \u00fcber die Ring-App eine Verbindung mit dem WLAN her, montieren Sie die Au\u00dfensirene an einer Wand im Au\u00dfenbereich und platzieren Sie Ihre Bewegungsmelder und T\u00fcr-\/Fensterkontakte dort, wo Sie sie am dringendsten ben\u00f6tigen.<br \/>\nVerkn\u00fcpfen Sie Ihr Ring Alarm-Sicherheitssystem mit kompatiblen Alexa-f\u00e4higen Ger\u00e4ten, um es per Sprachbefehl zu aktivieren oder zu deaktivieren.<br \/>\n<div class=\"main-cross-sell\" data-asin=\"B0929ZRT3L\">\n\n\t<div class=\"WooZone-cross-sell-loader\">\n\t\t<div>\n\t\t\t<div id=\"floatingBarsG\">\n\t\t\t\t<div class=\"blockG\" id=\"rotateG_01\"><\/div>\n\t\t\t\t<div class=\"blockG\" id=\"rotateG_02\"><\/div>\n\t\t\t\t<div class=\"blockG\" id=\"rotateG_03\"><\/div>\n\t\t\t\t<div class=\"blockG\" id=\"rotateG_04\"><\/div>\n\t\t\t\t<div class=\"blockG\" id=\"rotateG_05\"><\/div>\n\t\t\t\t<div class=\"blockG\" id=\"rotateG_06\"><\/div>\n\t\t\t\t<div class=\"blockG\" id=\"rotateG_07\"><\/div>\n\t\t\t\t<div class=\"blockG\" id=\"rotateG_08\"><\/div>\n\t\t\t<\/div>\n\t\t\t<div class=\"WooZone-cross-sell-loader-text\"><\/div>\n\t\t<\/div>\n\t<\/div>\n\n\t\t\n<\/div>\n<div style=\"clear:both;\"><\/div><\/p>\n","protected":false},"excerpt":{"rendered":"<p>Perfekt zum Einstieg: umfassende Heimsicherheit f\u00fcr Ihr Haus oder Ihre Wohnung mit dem 13-teiligen Alarm Security Kit. Das Set enth\u00e4lt Basisstation, Ring Indoor Cam, Keypad, 6 T\u00fcr-\/Fensterkontakte, 3 Bewegungsmelder, einen Signal-Verst\u00e4rker sowie eine Au\u00dfensirene.<br \/>\nUmfassende Heimsicherheit, jederzeit: mit Ring Alarm, einem Alarmsystem, das Sie ganz einfach selbst installieren k\u00f6nnen, inklusive Au\u00dfensirene. Optional stehen Ihnen f\u00fcr 10 \u20ac\/Monat au\u00dferdem unterst\u00fctzte \u00dcberwachung sowie ein Mobilfunk-Reservesystem zur Verf\u00fcgung.<br \/>\nSie erhalten Benachrichtigungen auf Ihrem Handy, wenn das System ausgel\u00f6st wird. Au\u00dferdem k\u00f6nnen Sie \u00fcber die Ring-App Ihre Alarm-Modi anpassen, die Au\u00dfensirene aktivieren und Ring-Ger\u00e4te \u00fcberwachen.<\/p>\n","protected":false},"featured_media":221880,"comment_status":"open","ping_status":"closed","template":"","meta":[],"product_brand":[],"product_cat":[1983,11380],"product_tag":[],"class_list":{"0":"post-221879","1":"product","2":"type-product","3":"status-publish","4":"has-post-thumbnail","6":"product_cat-baumarkt","7":"product_cat-sicherheitstechnik","8":"pa_binding-product-bundle","9":"pa_brand-ring","10":"pa_color-weiss","12":"first","13":"instock","14":"sale","15":"shipping-taxable","16":"purchasable","17":"product-type-simple","18":"customify-col","19":"product-has-gallery"},"yoast_head":"<!-- This site is optimized with the Yoast SEO plugin v27.4 - https:\/\/yoast.com\/product\/yoast-seo-wordpress\/ -->\n<title>Ring Alarm Security Kit mit Au\u00dfensirene 13-teilig (2. Gen.) + Innenkamera von Amazon | Haus-Alarmanlage mit Kamera - 6 T\u00fcr-\/Fensterkontakte, 3 Bewegungsmelder, Signalverst\u00e4rker | Alexa-kompatibel - Markt-XXL<\/title>\n<meta name=\"description\" content=\"Markt-XXL Ring Alarm Security Kit mit Au\u00dfensirene 13-teilig (2. Gen.) + Innenkamera von Amazon | Haus-Alarmanlage mit Kamera - 6 T\u00fcr-\/Fensterkontakte, 3 Bewegungsmelder, Signalverst\u00e4rker | Alexa-kompatibel\" \/>\n<meta name=\"robots\" content=\"index, follow, max-snippet:-1, max-image-preview:large, max-video-preview:-1\" \/>\n<link rel=\"canonical\" href=\"https:\/\/marktxxl.de\/markt\/produkt\/ring-alarm-security-kit-mit-aussensirene-13-teilig-2-gen-innenkamera-von-amazon-haus-alarmanlage-mit-kamera-6-tuer-fensterkontakte-3-bewegungsmelder-signalverstaerker-alexa-kompatibel\/\" \/>\n<meta property=\"og:locale\" content=\"de_DE\" \/>\n<meta property=\"og:type\" content=\"article\" \/>\n<meta property=\"og:title\" content=\"Ring Alarm Security Kit mit Au\u00dfensirene 13-teilig (2. Gen.) + Innenkamera von Amazon | Haus-Alarmanlage mit Kamera - 6 T\u00fcr-\/Fensterkontakte, 3 Bewegungsmelder, Signalverst\u00e4rker | Alexa-kompatibel - Markt-XXL\" \/>\n<meta property=\"og:description\" content=\"Markt-XXL Ring Alarm Security Kit mit Au\u00dfensirene 13-teilig (2. Gen.) + Innenkamera von Amazon | Haus-Alarmanlage mit Kamera - 6 T\u00fcr-\/Fensterkontakte, 3 Bewegungsmelder, Signalverst\u00e4rker | Alexa-kompatibel\" \/>\n<meta property=\"og:url\" content=\"https:\/\/marktxxl.de\/markt\/produkt\/ring-alarm-security-kit-mit-aussensirene-13-teilig-2-gen-innenkamera-von-amazon-haus-alarmanlage-mit-kamera-6-tuer-fensterkontakte-3-bewegungsmelder-signalverstaerker-alexa-kompatibel\/\" \/>\n<meta property=\"og:site_name\" content=\"Markt-XXL\" \/>\n<meta name=\"twitter:card\" content=\"summary_large_image\" \/>\n<meta name=\"twitter:label1\" content=\"Gesch\u00e4tzte Lesezeit\" \/>\n\t<meta name=\"twitter:data1\" content=\"1\u00a0Minute\" \/>\n<script type=\"application\/ld+json\" class=\"yoast-schema-graph\">{\"@context\":\"https:\\\/\\\/schema.org\",\"@graph\":[{\"@type\":\"WebPage\",\"@id\":\"https:\\\/\\\/marktxxl.de\\\/markt\\\/produkt\\\/ring-alarm-security-kit-mit-aussensirene-13-teilig-2-gen-innenkamera-von-amazon-haus-alarmanlage-mit-kamera-6-tuer-fensterkontakte-3-bewegungsmelder-signalverstaerker-alexa-kompatibel\\\/\",\"url\":\"https:\\\/\\\/marktxxl.de\\\/markt\\\/produkt\\\/ring-alarm-security-kit-mit-aussensirene-13-teilig-2-gen-innenkamera-von-amazon-haus-alarmanlage-mit-kamera-6-tuer-fensterkontakte-3-bewegungsmelder-signalverstaerker-alexa-kompatibel\\\/\",\"name\":\"Ring Alarm Security Kit mit Au\u00dfensirene 13-teilig (2. Gen.) + Innenkamera von Amazon | Haus-Alarmanlage mit Kamera - 6 T\u00fcr-\\\/Fensterkontakte, 3 Bewegungsmelder, Signalverst\u00e4rker | Alexa-kompatibel - Markt-XXL\",\"isPartOf\":{\"@id\":\"https:\\\/\\\/marktxxl.de\\\/markt\\\/#website\"},\"primaryImageOfPage\":{\"@id\":\"https:\\\/\\\/marktxxl.de\\\/markt\\\/produkt\\\/ring-alarm-security-kit-mit-aussensirene-13-teilig-2-gen-innenkamera-von-amazon-haus-alarmanlage-mit-kamera-6-tuer-fensterkontakte-3-bewegungsmelder-signalverstaerker-alexa-kompatibel\\\/#primaryimage\"},\"image\":{\"@id\":\"https:\\\/\\\/marktxxl.de\\\/markt\\\/produkt\\\/ring-alarm-security-kit-mit-aussensirene-13-teilig-2-gen-innenkamera-von-amazon-haus-alarmanlage-mit-kamera-6-tuer-fensterkontakte-3-bewegungsmelder-signalverstaerker-alexa-kompatibel\\\/#primaryimage\"},\"thumbnailUrl\":\"https:\\\/\\\/m.media-amazon.com\\\/images\\\/I\\\/311Q+eQc0bS._SL500_.jpg\",\"datePublished\":\"2024-07-28T13:46:42+00:00\",\"description\":\"Markt-XXL Ring Alarm Security Kit mit Au\u00dfensirene 13-teilig (2. Gen.) + Innenkamera von Amazon | Haus-Alarmanlage mit Kamera - 6 T\u00fcr-\\\/Fensterkontakte, 3 Bewegungsmelder, Signalverst\u00e4rker | Alexa-kompatibel\",\"breadcrumb\":{\"@id\":\"https:\\\/\\\/marktxxl.de\\\/markt\\\/produkt\\\/ring-alarm-security-kit-mit-aussensirene-13-teilig-2-gen-innenkamera-von-amazon-haus-alarmanlage-mit-kamera-6-tuer-fensterkontakte-3-bewegungsmelder-signalverstaerker-alexa-kompatibel\\\/#breadcrumb\"},\"inLanguage\":\"de\",\"potentialAction\":[{\"@type\":\"ReadAction\",\"target\":[\"https:\\\/\\\/marktxxl.de\\\/markt\\\/produkt\\\/ring-alarm-security-kit-mit-aussensirene-13-teilig-2-gen-innenkamera-von-amazon-haus-alarmanlage-mit-kamera-6-tuer-fensterkontakte-3-bewegungsmelder-signalverstaerker-alexa-kompatibel\\\/\"]}]},{\"@type\":\"ImageObject\",\"inLanguage\":\"de\",\"@id\":\"https:\\\/\\\/marktxxl.de\\\/markt\\\/produkt\\\/ring-alarm-security-kit-mit-aussensirene-13-teilig-2-gen-innenkamera-von-amazon-haus-alarmanlage-mit-kamera-6-tuer-fensterkontakte-3-bewegungsmelder-signalverstaerker-alexa-kompatibel\\\/#primaryimage\",\"url\":\"https:\\\/\\\/m.media-amazon.com\\\/images\\\/I\\\/311Q+eQc0bS._SL500_.jpg\",\"contentUrl\":\"https:\\\/\\\/m.media-amazon.com\\\/images\\\/I\\\/311Q+eQc0bS._SL500_.jpg\",\"width\":500,\"height\":500},{\"@type\":\"BreadcrumbList\",\"@id\":\"https:\\\/\\\/marktxxl.de\\\/markt\\\/produkt\\\/ring-alarm-security-kit-mit-aussensirene-13-teilig-2-gen-innenkamera-von-amazon-haus-alarmanlage-mit-kamera-6-tuer-fensterkontakte-3-bewegungsmelder-signalverstaerker-alexa-kompatibel\\\/#breadcrumb\",\"itemListElement\":[{\"@type\":\"ListItem\",\"position\":1,\"name\":\"Startseite\",\"item\":\"https:\\\/\\\/marktxxl.de\\\/markt\\\/\"},{\"@type\":\"ListItem\",\"position\":2,\"name\":\"Markt\",\"item\":\"https:\\\/\\\/marktxxl.de\\\/markt\\\/\"},{\"@type\":\"ListItem\",\"position\":3,\"name\":\"Ring Alarm Security Kit mit Au\u00dfensirene 13-teilig (2. Gen.) + Innenkamera von Amazon | Haus-Alarmanlage mit Kamera &#8211; 6 T\u00fcr-\\\/Fensterkontakte, 3 Bewegungsmelder, Signalverst\u00e4rker | Alexa-kompatibel\"}]},{\"@type\":\"WebSite\",\"@id\":\"https:\\\/\\\/marktxxl.de\\\/markt\\\/#website\",\"url\":\"https:\\\/\\\/marktxxl.de\\\/markt\\\/\",\"name\":\"Markt-XXL\",\"description\":\"Ihr Markt Online\",\"publisher\":{\"@id\":\"https:\\\/\\\/marktxxl.de\\\/markt\\\/#organization\"},\"potentialAction\":[{\"@type\":\"SearchAction\",\"target\":{\"@type\":\"EntryPoint\",\"urlTemplate\":\"https:\\\/\\\/marktxxl.de\\\/markt\\\/?s={search_term_string}\"},\"query-input\":{\"@type\":\"PropertyValueSpecification\",\"valueRequired\":true,\"valueName\":\"search_term_string\"}}],\"inLanguage\":\"de\"},{\"@type\":\"Organization\",\"@id\":\"https:\\\/\\\/marktxxl.de\\\/markt\\\/#organization\",\"name\":\"Markt-XXL\",\"url\":\"https:\\\/\\\/marktxxl.de\\\/markt\\\/\",\"logo\":{\"@type\":\"ImageObject\",\"inLanguage\":\"de\",\"@id\":\"https:\\\/\\\/marktxxl.de\\\/markt\\\/#\\\/schema\\\/logo\\\/image\\\/\",\"url\":\"https:\\\/\\\/marktxxl.de\\\/markt\\\/wp-content\\\/uploads\\\/sites\\\/3\\\/2020\\\/12\\\/logo.png\",\"contentUrl\":\"https:\\\/\\\/marktxxl.de\\\/markt\\\/wp-content\\\/uploads\\\/sites\\\/3\\\/2020\\\/12\\\/logo.png\",\"width\":200,\"height\":70,\"caption\":\"Markt-XXL\"},\"image\":{\"@id\":\"https:\\\/\\\/marktxxl.de\\\/markt\\\/#\\\/schema\\\/logo\\\/image\\\/\"}}]}<\/script>\n<!-- \/ Yoast SEO plugin. -->","yoast_head_json":{"title":"Ring Alarm Security Kit mit Au\u00dfensirene 13-teilig (2. Gen.) + Innenkamera von Amazon | Haus-Alarmanlage mit Kamera - 6 T\u00fcr-\/Fensterkontakte, 3 Bewegungsmelder, Signalverst\u00e4rker | Alexa-kompatibel - Markt-XXL","description":"Markt-XXL Ring Alarm Security Kit mit Au\u00dfensirene 13-teilig (2. Gen.) + Innenkamera von Amazon | Haus-Alarmanlage mit Kamera - 6 T\u00fcr-\/Fensterkontakte, 3 Bewegungsmelder, Signalverst\u00e4rker | Alexa-kompatibel","robots":{"index":"index","follow":"follow","max-snippet":"max-snippet:-1","max-image-preview":"max-image-preview:large","max-video-preview":"max-video-preview:-1"},"canonical":"https:\/\/marktxxl.de\/markt\/produkt\/ring-alarm-security-kit-mit-aussensirene-13-teilig-2-gen-innenkamera-von-amazon-haus-alarmanlage-mit-kamera-6-tuer-fensterkontakte-3-bewegungsmelder-signalverstaerker-alexa-kompatibel\/","og_locale":"de_DE","og_type":"article","og_title":"Ring Alarm Security Kit mit Au\u00dfensirene 13-teilig (2. Gen.) + Innenkamera von Amazon | Haus-Alarmanlage mit Kamera - 6 T\u00fcr-\/Fensterkontakte, 3 Bewegungsmelder, Signalverst\u00e4rker | Alexa-kompatibel - Markt-XXL","og_description":"Markt-XXL Ring Alarm Security Kit mit Au\u00dfensirene 13-teilig (2. Gen.) + Innenkamera von Amazon | Haus-Alarmanlage mit Kamera - 6 T\u00fcr-\/Fensterkontakte, 3 Bewegungsmelder, Signalverst\u00e4rker | Alexa-kompatibel","og_url":"https:\/\/marktxxl.de\/markt\/produkt\/ring-alarm-security-kit-mit-aussensirene-13-teilig-2-gen-innenkamera-von-amazon-haus-alarmanlage-mit-kamera-6-tuer-fensterkontakte-3-bewegungsmelder-signalverstaerker-alexa-kompatibel\/","og_site_name":"Markt-XXL","twitter_card":"summary_large_image","twitter_misc":{"Gesch\u00e4tzte Lesezeit":"1\u00a0Minute"},"schema":{"@context":"https:\/\/schema.org","@graph":[{"@type":"WebPage","@id":"https:\/\/marktxxl.de\/markt\/produkt\/ring-alarm-security-kit-mit-aussensirene-13-teilig-2-gen-innenkamera-von-amazon-haus-alarmanlage-mit-kamera-6-tuer-fensterkontakte-3-bewegungsmelder-signalverstaerker-alexa-kompatibel\/","url":"https:\/\/marktxxl.de\/markt\/produkt\/ring-alarm-security-kit-mit-aussensirene-13-teilig-2-gen-innenkamera-von-amazon-haus-alarmanlage-mit-kamera-6-tuer-fensterkontakte-3-bewegungsmelder-signalverstaerker-alexa-kompatibel\/","name":"Ring Alarm Security Kit mit Au\u00dfensirene 13-teilig (2. Gen.) + Innenkamera von Amazon | Haus-Alarmanlage mit Kamera - 6 T\u00fcr-\/Fensterkontakte, 3 Bewegungsmelder, Signalverst\u00e4rker | Alexa-kompatibel - Markt-XXL","isPartOf":{"@id":"https:\/\/marktxxl.de\/markt\/#website"},"primaryImageOfPage":{"@id":"https:\/\/marktxxl.de\/markt\/produkt\/ring-alarm-security-kit-mit-aussensirene-13-teilig-2-gen-innenkamera-von-amazon-haus-alarmanlage-mit-kamera-6-tuer-fensterkontakte-3-bewegungsmelder-signalverstaerker-alexa-kompatibel\/#primaryimage"},"image":{"@id":"https:\/\/marktxxl.de\/markt\/produkt\/ring-alarm-security-kit-mit-aussensirene-13-teilig-2-gen-innenkamera-von-amazon-haus-alarmanlage-mit-kamera-6-tuer-fensterkontakte-3-bewegungsmelder-signalverstaerker-alexa-kompatibel\/#primaryimage"},"thumbnailUrl":"https:\/\/m.media-amazon.com\/images\/I\/311Q+eQc0bS._SL500_.jpg","datePublished":"2024-07-28T13:46:42+00:00","description":"Markt-XXL Ring Alarm Security Kit mit Au\u00dfensirene 13-teilig (2. Gen.) + Innenkamera von Amazon | Haus-Alarmanlage mit Kamera - 6 T\u00fcr-\/Fensterkontakte, 3 Bewegungsmelder, Signalverst\u00e4rker | Alexa-kompatibel","breadcrumb":{"@id":"https:\/\/marktxxl.de\/markt\/produkt\/ring-alarm-security-kit-mit-aussensirene-13-teilig-2-gen-innenkamera-von-amazon-haus-alarmanlage-mit-kamera-6-tuer-fensterkontakte-3-bewegungsmelder-signalverstaerker-alexa-kompatibel\/#breadcrumb"},"inLanguage":"de","potentialAction":[{"@type":"ReadAction","target":["https:\/\/marktxxl.de\/markt\/produkt\/ring-alarm-security-kit-mit-aussensirene-13-teilig-2-gen-innenkamera-von-amazon-haus-alarmanlage-mit-kamera-6-tuer-fensterkontakte-3-bewegungsmelder-signalverstaerker-alexa-kompatibel\/"]}]},{"@type":"ImageObject","inLanguage":"de","@id":"https:\/\/marktxxl.de\/markt\/produkt\/ring-alarm-security-kit-mit-aussensirene-13-teilig-2-gen-innenkamera-von-amazon-haus-alarmanlage-mit-kamera-6-tuer-fensterkontakte-3-bewegungsmelder-signalverstaerker-alexa-kompatibel\/#primaryimage","url":"https:\/\/m.media-amazon.com\/images\/I\/311Q+eQc0bS._SL500_.jpg","contentUrl":"https:\/\/m.media-amazon.com\/images\/I\/311Q+eQc0bS._SL500_.jpg","width":500,"height":500},{"@type":"BreadcrumbList","@id":"https:\/\/marktxxl.de\/markt\/produkt\/ring-alarm-security-kit-mit-aussensirene-13-teilig-2-gen-innenkamera-von-amazon-haus-alarmanlage-mit-kamera-6-tuer-fensterkontakte-3-bewegungsmelder-signalverstaerker-alexa-kompatibel\/#breadcrumb","itemListElement":[{"@type":"ListItem","position":1,"name":"Startseite","item":"https:\/\/marktxxl.de\/markt\/"},{"@type":"ListItem","position":2,"name":"Markt","item":"https:\/\/marktxxl.de\/markt\/"},{"@type":"ListItem","position":3,"name":"Ring Alarm Security Kit mit Au\u00dfensirene 13-teilig (2. Gen.) + Innenkamera von Amazon | Haus-Alarmanlage mit Kamera &#8211; 6 T\u00fcr-\/Fensterkontakte, 3 Bewegungsmelder, Signalverst\u00e4rker | Alexa-kompatibel"}]},{"@type":"WebSite","@id":"https:\/\/marktxxl.de\/markt\/#website","url":"https:\/\/marktxxl.de\/markt\/","name":"Markt-XXL","description":"Ihr Markt Online","publisher":{"@id":"https:\/\/marktxxl.de\/markt\/#organization"},"potentialAction":[{"@type":"SearchAction","target":{"@type":"EntryPoint","urlTemplate":"https:\/\/marktxxl.de\/markt\/?s={search_term_string}"},"query-input":{"@type":"PropertyValueSpecification","valueRequired":true,"valueName":"search_term_string"}}],"inLanguage":"de"},{"@type":"Organization","@id":"https:\/\/marktxxl.de\/markt\/#organization","name":"Markt-XXL","url":"https:\/\/marktxxl.de\/markt\/","logo":{"@type":"ImageObject","inLanguage":"de","@id":"https:\/\/marktxxl.de\/markt\/#\/schema\/logo\/image\/","url":"https:\/\/marktxxl.de\/markt\/wp-content\/uploads\/sites\/3\/2020\/12\/logo.png","contentUrl":"https:\/\/marktxxl.de\/markt\/wp-content\/uploads\/sites\/3\/2020\/12\/logo.png","width":200,"height":70,"caption":"Markt-XXL"},"image":{"@id":"https:\/\/marktxxl.de\/markt\/#\/schema\/logo\/image\/"}}]}},"_links":{"self":[{"href":"https:\/\/marktxxl.de\/markt\/wp-json\/wp\/v2\/product\/221879","targetHints":{"allow":["GET"]}}],"collection":[{"href":"https:\/\/marktxxl.de\/markt\/wp-json\/wp\/v2\/product"}],"about":[{"href":"https:\/\/marktxxl.de\/markt\/wp-json\/wp\/v2\/types\/product"}],"replies":[{"embeddable":true,"href":"https:\/\/marktxxl.de\/markt\/wp-json\/wp\/v2\/comments?post=221879"}],"wp:featuredmedia":[{"embeddable":true,"href":"https:\/\/marktxxl.de\/markt\/wp-json\/wp\/v2\/media\/221880"}],"wp:attachment":[{"href":"https:\/\/marktxxl.de\/markt\/wp-json\/wp\/v2\/media?parent=221879"}],"wp:term":[{"taxonomy":"product_brand","embeddable":true,"href":"https:\/\/marktxxl.de\/markt\/wp-json\/wp\/v2\/product_brand?post=221879"},{"taxonomy":"product_cat","embeddable":true,"href":"https:\/\/marktxxl.de\/markt\/wp-json\/wp\/v2\/product_cat?post=221879"},{"taxonomy":"product_tag","embeddable":true,"href":"https:\/\/marktxxl.de\/markt\/wp-json\/wp\/v2\/product_tag?post=221879"}],"curies":[{"name":"wp","href":"https:\/\/api.w.org\/{rel}","templated":true}]}}