{"id":221871,"date":"2024-07-28T15:38:43","date_gmt":"2024-07-28T13:38:43","guid":{"rendered":"https:\/\/marktxxl.de\/markt\/produkt\/wungliz-hd-1080p-mini-kamera-tragbare-ueberwachungskamera-wifi-minikamera-mit-handy-app-bewegungserkennung-und-nachtsicht\/"},"modified":"2024-07-28T15:38:43","modified_gmt":"2024-07-28T13:38:43","slug":"wungliz-hd-1080p-mini-kamera-tragbare-ueberwachungskamera-wifi-minikamera-mit-handy-app-bewegungserkennung-und-nachtsicht","status":"publish","type":"product","link":"https:\/\/marktxxl.de\/markt\/produkt\/wungliz-hd-1080p-mini-kamera-tragbare-ueberwachungskamera-wifi-minikamera-mit-handy-app-bewegungserkennung-und-nachtsicht\/","title":{"rendered":"Wungliz HD 1080P Mini Kamera Tragbare \u00dcberwachungskamera, WiFi Minikamera mit Handy APP, Bewegungserkennung und Nachtsicht"},"content":{"rendered":"<p>Hochwertige Mini-Kamera: Kompaktes Design, die Mini-Kamera ist einfach und voll funktionsf\u00e4hig. Das Ger\u00e4t verf\u00fcgt \u00fcber einen USB-Anschluss zum einfachen Aufladen, und Sie k\u00f6nnen es w\u00e4hrend des Ladevorgangs verwenden.<br \/>\nHD Vision: Diese Minikamera verwendet ein hochwertiges Objektiv mit bis zu 1080 HD-Pixeln, das sch\u00e4rfere Details bei hervorragender Sichtbarkeit und Weitwinkelansicht erfassen kann.<br \/>\nKabellos und einfach zu installieren: Legen Sie die Micro-SD-Karte (nicht im Lieferumfang enthalten) in den Steckplatz dieser Mini-Kamera ein, schalten Sie sie ein, sie beginnt automatisch zu arbeiten. Wenn der Speicherplatz voll ist, \u00fcberschreibt die Minikamera die Dateien von der \u00e4ltesten zur neuesten. Es ist sehr praktisch und n\u00fctzlich an einigen Orten ohne Netzwerk.<br \/>\nPraktisch f\u00fcr Ihr Leben: Die Mini-Kamera aktualisiert die Uhrzeit automatisch \u00fcber die App, eine manuelle Anpassung ist nicht erforderlich. Es ist sehr geeignet f\u00fcr Ihr Zuhause oder B\u00fcro.<br \/>\n\uf0b7100% zufriedener Service: Unsere Mini-Kamera enth\u00e4lt keinen Akku. Wenn Sie Fragen haben, z\u00f6gern Sie bitte nicht, uns zu kontaktieren. Wir werden rechtzeitig antworten und unser Bestes geben, um es zu l\u00f6sen.<br \/>\n<div class=\"main-cross-sell\" data-asin=\"B0D8BKGZXJ\">\n\n\t<div class=\"WooZone-cross-sell-loader\">\n\t\t<div>\n\t\t\t<div id=\"floatingBarsG\">\n\t\t\t\t<div class=\"blockG\" id=\"rotateG_01\"><\/div>\n\t\t\t\t<div class=\"blockG\" id=\"rotateG_02\"><\/div>\n\t\t\t\t<div class=\"blockG\" id=\"rotateG_03\"><\/div>\n\t\t\t\t<div class=\"blockG\" id=\"rotateG_04\"><\/div>\n\t\t\t\t<div class=\"blockG\" id=\"rotateG_05\"><\/div>\n\t\t\t\t<div class=\"blockG\" id=\"rotateG_06\"><\/div>\n\t\t\t\t<div class=\"blockG\" id=\"rotateG_07\"><\/div>\n\t\t\t\t<div class=\"blockG\" id=\"rotateG_08\"><\/div>\n\t\t\t<\/div>\n\t\t\t<div class=\"WooZone-cross-sell-loader-text\"><\/div>\n\t\t<\/div>\n\t<\/div>\n\n\t\t\n<\/div>\n<div style=\"clear:both;\"><\/div><\/p>\n","protected":false},"excerpt":{"rendered":"<p>Hochwertige Mini-Kamera: Kompaktes Design, die Mini-Kamera ist einfach und voll funktionsf\u00e4hig. Das Ger\u00e4t verf\u00fcgt \u00fcber einen USB-Anschluss zum einfachen Aufladen, und Sie k\u00f6nnen es w\u00e4hrend des Ladevorgangs verwenden.<br \/>\nHD Vision: Diese Minikamera verwendet ein hochwertiges Objektiv mit bis zu 1080 HD-Pixeln, das sch\u00e4rfere Details bei hervorragender Sichtbarkeit und Weitwinkelansicht erfassen kann.<br \/>\nKabellos und einfach zu installieren: Legen Sie die Micro-SD-Karte (nicht im Lieferumfang enthalten) in den Steckplatz dieser Mini-Kamera ein, schalten Sie sie ein, sie beginnt automatisch zu arbeiten. Wenn der Speicherplatz voll ist, \u00fcberschreibt die Minikamera die Dateien von der \u00e4ltesten zur neuesten. Es ist sehr praktisch und n\u00fctzlich an einigen Orten ohne Netzwerk.<\/p>\n","protected":false},"featured_media":221872,"comment_status":"open","ping_status":"closed","template":"","meta":[],"product_brand":[],"product_cat":[1983,11380],"product_tag":[],"class_list":{"0":"post-221871","1":"product","2":"type-product","3":"status-publish","4":"has-post-thumbnail","6":"product_cat-baumarkt","7":"product_cat-sicherheitstechnik","8":"pa_brand-wungliz","9":"pa_color-black","10":"pa_manufacturer-wungliz","11":"pa_model-32283","13":"first","14":"instock","15":"shipping-taxable","16":"product-type-simple","17":"customify-col","18":"product-has-gallery"},"yoast_head":"<!-- This site is optimized with the Yoast SEO plugin v27.4 - https:\/\/yoast.com\/product\/yoast-seo-wordpress\/ -->\n<title>Wungliz HD 1080P Mini Kamera Tragbare \u00dcberwachungskamera, WiFi Minikamera mit Handy APP, Bewegungserkennung und Nachtsicht - Markt-XXL<\/title>\n<meta name=\"description\" content=\"Markt-XXL Wungliz HD 1080P Mini Kamera Tragbare \u00dcberwachungskamera, WiFi Minikamera mit Handy APP, Bewegungserkennung und Nachtsicht\" \/>\n<meta name=\"robots\" content=\"index, follow, max-snippet:-1, max-image-preview:large, max-video-preview:-1\" \/>\n<link rel=\"canonical\" href=\"https:\/\/marktxxl.de\/markt\/produkt\/wungliz-hd-1080p-mini-kamera-tragbare-ueberwachungskamera-wifi-minikamera-mit-handy-app-bewegungserkennung-und-nachtsicht\/\" \/>\n<meta property=\"og:locale\" content=\"de_DE\" \/>\n<meta property=\"og:type\" content=\"article\" \/>\n<meta property=\"og:title\" content=\"Wungliz HD 1080P Mini Kamera Tragbare \u00dcberwachungskamera, WiFi Minikamera mit Handy APP, Bewegungserkennung und Nachtsicht - Markt-XXL\" \/>\n<meta property=\"og:description\" content=\"Markt-XXL Wungliz HD 1080P Mini Kamera Tragbare \u00dcberwachungskamera, WiFi Minikamera mit Handy APP, Bewegungserkennung und Nachtsicht\" \/>\n<meta property=\"og:url\" content=\"https:\/\/marktxxl.de\/markt\/produkt\/wungliz-hd-1080p-mini-kamera-tragbare-ueberwachungskamera-wifi-minikamera-mit-handy-app-bewegungserkennung-und-nachtsicht\/\" \/>\n<meta property=\"og:site_name\" content=\"Markt-XXL\" \/>\n<meta name=\"twitter:card\" content=\"summary_large_image\" \/>\n<meta name=\"twitter:label1\" content=\"Gesch\u00e4tzte Lesezeit\" \/>\n\t<meta name=\"twitter:data1\" content=\"1\u00a0Minute\" \/>\n<script type=\"application\/ld+json\" class=\"yoast-schema-graph\">{\"@context\":\"https:\\\/\\\/schema.org\",\"@graph\":[{\"@type\":\"WebPage\",\"@id\":\"https:\\\/\\\/marktxxl.de\\\/markt\\\/produkt\\\/wungliz-hd-1080p-mini-kamera-tragbare-ueberwachungskamera-wifi-minikamera-mit-handy-app-bewegungserkennung-und-nachtsicht\\\/\",\"url\":\"https:\\\/\\\/marktxxl.de\\\/markt\\\/produkt\\\/wungliz-hd-1080p-mini-kamera-tragbare-ueberwachungskamera-wifi-minikamera-mit-handy-app-bewegungserkennung-und-nachtsicht\\\/\",\"name\":\"Wungliz HD 1080P Mini Kamera Tragbare \u00dcberwachungskamera, WiFi Minikamera mit Handy APP, Bewegungserkennung und Nachtsicht - Markt-XXL\",\"isPartOf\":{\"@id\":\"https:\\\/\\\/marktxxl.de\\\/markt\\\/#website\"},\"primaryImageOfPage\":{\"@id\":\"https:\\\/\\\/marktxxl.de\\\/markt\\\/produkt\\\/wungliz-hd-1080p-mini-kamera-tragbare-ueberwachungskamera-wifi-minikamera-mit-handy-app-bewegungserkennung-und-nachtsicht\\\/#primaryimage\"},\"image\":{\"@id\":\"https:\\\/\\\/marktxxl.de\\\/markt\\\/produkt\\\/wungliz-hd-1080p-mini-kamera-tragbare-ueberwachungskamera-wifi-minikamera-mit-handy-app-bewegungserkennung-und-nachtsicht\\\/#primaryimage\"},\"thumbnailUrl\":\"https:\\\/\\\/m.media-amazon.com\\\/images\\\/I\\\/41Fed+SJKAL._SL500_.jpg\",\"datePublished\":\"2024-07-28T13:38:43+00:00\",\"description\":\"Markt-XXL Wungliz HD 1080P Mini Kamera Tragbare \u00dcberwachungskamera, WiFi Minikamera mit Handy APP, Bewegungserkennung und Nachtsicht\",\"breadcrumb\":{\"@id\":\"https:\\\/\\\/marktxxl.de\\\/markt\\\/produkt\\\/wungliz-hd-1080p-mini-kamera-tragbare-ueberwachungskamera-wifi-minikamera-mit-handy-app-bewegungserkennung-und-nachtsicht\\\/#breadcrumb\"},\"inLanguage\":\"de\",\"potentialAction\":[{\"@type\":\"ReadAction\",\"target\":[\"https:\\\/\\\/marktxxl.de\\\/markt\\\/produkt\\\/wungliz-hd-1080p-mini-kamera-tragbare-ueberwachungskamera-wifi-minikamera-mit-handy-app-bewegungserkennung-und-nachtsicht\\\/\"]}]},{\"@type\":\"ImageObject\",\"inLanguage\":\"de\",\"@id\":\"https:\\\/\\\/marktxxl.de\\\/markt\\\/produkt\\\/wungliz-hd-1080p-mini-kamera-tragbare-ueberwachungskamera-wifi-minikamera-mit-handy-app-bewegungserkennung-und-nachtsicht\\\/#primaryimage\",\"url\":\"https:\\\/\\\/m.media-amazon.com\\\/images\\\/I\\\/41Fed+SJKAL._SL500_.jpg\",\"contentUrl\":\"https:\\\/\\\/m.media-amazon.com\\\/images\\\/I\\\/41Fed+SJKAL._SL500_.jpg\",\"width\":500,\"height\":500},{\"@type\":\"BreadcrumbList\",\"@id\":\"https:\\\/\\\/marktxxl.de\\\/markt\\\/produkt\\\/wungliz-hd-1080p-mini-kamera-tragbare-ueberwachungskamera-wifi-minikamera-mit-handy-app-bewegungserkennung-und-nachtsicht\\\/#breadcrumb\",\"itemListElement\":[{\"@type\":\"ListItem\",\"position\":1,\"name\":\"Startseite\",\"item\":\"https:\\\/\\\/marktxxl.de\\\/markt\\\/\"},{\"@type\":\"ListItem\",\"position\":2,\"name\":\"Markt\",\"item\":\"https:\\\/\\\/marktxxl.de\\\/markt\\\/\"},{\"@type\":\"ListItem\",\"position\":3,\"name\":\"Wungliz HD 1080P Mini Kamera Tragbare \u00dcberwachungskamera, WiFi Minikamera mit Handy APP, Bewegungserkennung und Nachtsicht\"}]},{\"@type\":\"WebSite\",\"@id\":\"https:\\\/\\\/marktxxl.de\\\/markt\\\/#website\",\"url\":\"https:\\\/\\\/marktxxl.de\\\/markt\\\/\",\"name\":\"Markt-XXL\",\"description\":\"Ihr Markt Online\",\"publisher\":{\"@id\":\"https:\\\/\\\/marktxxl.de\\\/markt\\\/#organization\"},\"potentialAction\":[{\"@type\":\"SearchAction\",\"target\":{\"@type\":\"EntryPoint\",\"urlTemplate\":\"https:\\\/\\\/marktxxl.de\\\/markt\\\/?s={search_term_string}\"},\"query-input\":{\"@type\":\"PropertyValueSpecification\",\"valueRequired\":true,\"valueName\":\"search_term_string\"}}],\"inLanguage\":\"de\"},{\"@type\":\"Organization\",\"@id\":\"https:\\\/\\\/marktxxl.de\\\/markt\\\/#organization\",\"name\":\"Markt-XXL\",\"url\":\"https:\\\/\\\/marktxxl.de\\\/markt\\\/\",\"logo\":{\"@type\":\"ImageObject\",\"inLanguage\":\"de\",\"@id\":\"https:\\\/\\\/marktxxl.de\\\/markt\\\/#\\\/schema\\\/logo\\\/image\\\/\",\"url\":\"https:\\\/\\\/marktxxl.de\\\/markt\\\/wp-content\\\/uploads\\\/sites\\\/3\\\/2020\\\/12\\\/logo.png\",\"contentUrl\":\"https:\\\/\\\/marktxxl.de\\\/markt\\\/wp-content\\\/uploads\\\/sites\\\/3\\\/2020\\\/12\\\/logo.png\",\"width\":200,\"height\":70,\"caption\":\"Markt-XXL\"},\"image\":{\"@id\":\"https:\\\/\\\/marktxxl.de\\\/markt\\\/#\\\/schema\\\/logo\\\/image\\\/\"}}]}<\/script>\n<!-- \/ Yoast SEO plugin. -->","yoast_head_json":{"title":"Wungliz HD 1080P Mini Kamera Tragbare \u00dcberwachungskamera, WiFi Minikamera mit Handy APP, Bewegungserkennung und Nachtsicht - Markt-XXL","description":"Markt-XXL Wungliz HD 1080P Mini Kamera Tragbare \u00dcberwachungskamera, WiFi Minikamera mit Handy APP, Bewegungserkennung und Nachtsicht","robots":{"index":"index","follow":"follow","max-snippet":"max-snippet:-1","max-image-preview":"max-image-preview:large","max-video-preview":"max-video-preview:-1"},"canonical":"https:\/\/marktxxl.de\/markt\/produkt\/wungliz-hd-1080p-mini-kamera-tragbare-ueberwachungskamera-wifi-minikamera-mit-handy-app-bewegungserkennung-und-nachtsicht\/","og_locale":"de_DE","og_type":"article","og_title":"Wungliz HD 1080P Mini Kamera Tragbare \u00dcberwachungskamera, WiFi Minikamera mit Handy APP, Bewegungserkennung und Nachtsicht - Markt-XXL","og_description":"Markt-XXL Wungliz HD 1080P Mini Kamera Tragbare \u00dcberwachungskamera, WiFi Minikamera mit Handy APP, Bewegungserkennung und Nachtsicht","og_url":"https:\/\/marktxxl.de\/markt\/produkt\/wungliz-hd-1080p-mini-kamera-tragbare-ueberwachungskamera-wifi-minikamera-mit-handy-app-bewegungserkennung-und-nachtsicht\/","og_site_name":"Markt-XXL","twitter_card":"summary_large_image","twitter_misc":{"Gesch\u00e4tzte Lesezeit":"1\u00a0Minute"},"schema":{"@context":"https:\/\/schema.org","@graph":[{"@type":"WebPage","@id":"https:\/\/marktxxl.de\/markt\/produkt\/wungliz-hd-1080p-mini-kamera-tragbare-ueberwachungskamera-wifi-minikamera-mit-handy-app-bewegungserkennung-und-nachtsicht\/","url":"https:\/\/marktxxl.de\/markt\/produkt\/wungliz-hd-1080p-mini-kamera-tragbare-ueberwachungskamera-wifi-minikamera-mit-handy-app-bewegungserkennung-und-nachtsicht\/","name":"Wungliz HD 1080P Mini Kamera Tragbare \u00dcberwachungskamera, WiFi Minikamera mit Handy APP, Bewegungserkennung und Nachtsicht - Markt-XXL","isPartOf":{"@id":"https:\/\/marktxxl.de\/markt\/#website"},"primaryImageOfPage":{"@id":"https:\/\/marktxxl.de\/markt\/produkt\/wungliz-hd-1080p-mini-kamera-tragbare-ueberwachungskamera-wifi-minikamera-mit-handy-app-bewegungserkennung-und-nachtsicht\/#primaryimage"},"image":{"@id":"https:\/\/marktxxl.de\/markt\/produkt\/wungliz-hd-1080p-mini-kamera-tragbare-ueberwachungskamera-wifi-minikamera-mit-handy-app-bewegungserkennung-und-nachtsicht\/#primaryimage"},"thumbnailUrl":"https:\/\/m.media-amazon.com\/images\/I\/41Fed+SJKAL._SL500_.jpg","datePublished":"2024-07-28T13:38:43+00:00","description":"Markt-XXL Wungliz HD 1080P Mini Kamera Tragbare \u00dcberwachungskamera, WiFi Minikamera mit Handy APP, Bewegungserkennung und Nachtsicht","breadcrumb":{"@id":"https:\/\/marktxxl.de\/markt\/produkt\/wungliz-hd-1080p-mini-kamera-tragbare-ueberwachungskamera-wifi-minikamera-mit-handy-app-bewegungserkennung-und-nachtsicht\/#breadcrumb"},"inLanguage":"de","potentialAction":[{"@type":"ReadAction","target":["https:\/\/marktxxl.de\/markt\/produkt\/wungliz-hd-1080p-mini-kamera-tragbare-ueberwachungskamera-wifi-minikamera-mit-handy-app-bewegungserkennung-und-nachtsicht\/"]}]},{"@type":"ImageObject","inLanguage":"de","@id":"https:\/\/marktxxl.de\/markt\/produkt\/wungliz-hd-1080p-mini-kamera-tragbare-ueberwachungskamera-wifi-minikamera-mit-handy-app-bewegungserkennung-und-nachtsicht\/#primaryimage","url":"https:\/\/m.media-amazon.com\/images\/I\/41Fed+SJKAL._SL500_.jpg","contentUrl":"https:\/\/m.media-amazon.com\/images\/I\/41Fed+SJKAL._SL500_.jpg","width":500,"height":500},{"@type":"BreadcrumbList","@id":"https:\/\/marktxxl.de\/markt\/produkt\/wungliz-hd-1080p-mini-kamera-tragbare-ueberwachungskamera-wifi-minikamera-mit-handy-app-bewegungserkennung-und-nachtsicht\/#breadcrumb","itemListElement":[{"@type":"ListItem","position":1,"name":"Startseite","item":"https:\/\/marktxxl.de\/markt\/"},{"@type":"ListItem","position":2,"name":"Markt","item":"https:\/\/marktxxl.de\/markt\/"},{"@type":"ListItem","position":3,"name":"Wungliz HD 1080P Mini Kamera Tragbare \u00dcberwachungskamera, WiFi Minikamera mit Handy APP, Bewegungserkennung und Nachtsicht"}]},{"@type":"WebSite","@id":"https:\/\/marktxxl.de\/markt\/#website","url":"https:\/\/marktxxl.de\/markt\/","name":"Markt-XXL","description":"Ihr Markt Online","publisher":{"@id":"https:\/\/marktxxl.de\/markt\/#organization"},"potentialAction":[{"@type":"SearchAction","target":{"@type":"EntryPoint","urlTemplate":"https:\/\/marktxxl.de\/markt\/?s={search_term_string}"},"query-input":{"@type":"PropertyValueSpecification","valueRequired":true,"valueName":"search_term_string"}}],"inLanguage":"de"},{"@type":"Organization","@id":"https:\/\/marktxxl.de\/markt\/#organization","name":"Markt-XXL","url":"https:\/\/marktxxl.de\/markt\/","logo":{"@type":"ImageObject","inLanguage":"de","@id":"https:\/\/marktxxl.de\/markt\/#\/schema\/logo\/image\/","url":"https:\/\/marktxxl.de\/markt\/wp-content\/uploads\/sites\/3\/2020\/12\/logo.png","contentUrl":"https:\/\/marktxxl.de\/markt\/wp-content\/uploads\/sites\/3\/2020\/12\/logo.png","width":200,"height":70,"caption":"Markt-XXL"},"image":{"@id":"https:\/\/marktxxl.de\/markt\/#\/schema\/logo\/image\/"}}]}},"_links":{"self":[{"href":"https:\/\/marktxxl.de\/markt\/wp-json\/wp\/v2\/product\/221871","targetHints":{"allow":["GET"]}}],"collection":[{"href":"https:\/\/marktxxl.de\/markt\/wp-json\/wp\/v2\/product"}],"about":[{"href":"https:\/\/marktxxl.de\/markt\/wp-json\/wp\/v2\/types\/product"}],"replies":[{"embeddable":true,"href":"https:\/\/marktxxl.de\/markt\/wp-json\/wp\/v2\/comments?post=221871"}],"wp:featuredmedia":[{"embeddable":true,"href":"https:\/\/marktxxl.de\/markt\/wp-json\/wp\/v2\/media\/221872"}],"wp:attachment":[{"href":"https:\/\/marktxxl.de\/markt\/wp-json\/wp\/v2\/media?parent=221871"}],"wp:term":[{"taxonomy":"product_brand","embeddable":true,"href":"https:\/\/marktxxl.de\/markt\/wp-json\/wp\/v2\/product_brand?post=221871"},{"taxonomy":"product_cat","embeddable":true,"href":"https:\/\/marktxxl.de\/markt\/wp-json\/wp\/v2\/product_cat?post=221871"},{"taxonomy":"product_tag","embeddable":true,"href":"https:\/\/marktxxl.de\/markt\/wp-json\/wp\/v2\/product_tag?post=221871"}],"curies":[{"name":"wp","href":"https:\/\/api.w.org\/{rel}","templated":true}]}}