{"id":221719,"date":"2024-07-28T15:16:29","date_gmt":"2024-07-28T13:16:29","guid":{"rendered":"https:\/\/marktxxl.de\/markt\/produkt\/kofani-garagenhaken-16-stueck-stahl-robuste-garagen-aufbewahrungshaken-mit-anti-rutsch-beschichtung-utility-garage-wandhalterung-haken-zum-aufhaengen-von-fahrrad-leiter-und-gartengeraeten-2\/"},"modified":"2024-07-28T15:16:29","modified_gmt":"2024-07-28T13:16:29","slug":"kofani-garagenhaken-16-stueck-stahl-robuste-garagen-aufbewahrungshaken-mit-anti-rutsch-beschichtung-utility-garage-wandhalterung-haken-zum-aufhaengen-von-fahrrad-leiter-und-gartengeraeten-2","status":"publish","type":"product","link":"https:\/\/marktxxl.de\/markt\/produkt\/kofani-garagenhaken-16-stueck-stahl-robuste-garagen-aufbewahrungshaken-mit-anti-rutsch-beschichtung-utility-garage-wandhalterung-haken-zum-aufhaengen-von-fahrrad-leiter-und-gartengeraeten-2\/","title":{"rendered":"KOFANI Garagenhaken, 16 St\u00fcck, Stahl, robuste Garagen-Aufbewahrungshaken mit Anti-Rutsch-Beschichtung, Utility Garage Wandhalterung Haken zum Aufh\u00e4ngen von Fahrrad, Leiter und Gartenger\u00e4ten"},"content":{"rendered":"<p>Extrem stabiles Material: Die Garagenhaken sind aus hochwertigem, robustem massivem Stahl gefertigt und die Platte ist mit drei Schichten verst\u00e4rkt, was eine \u00fcberlegene Belastbarkeit bietet. Die Haken sind ideal f\u00fcr Leitern, Sportger\u00e4te, Rasentrimmer, Gartenger\u00e4te und andere sperrige Gegenst\u00e4nde<br \/>\nRutschfeste PVC-Beschichtung: Die Leiterhaken mit robuster, rutschfester PVC-Gummi-Beschichtung k\u00f6nnen den Artikel fest greifen und die Oberfl\u00e4che des Artikels vor Kratzern oder Besch\u00e4digungen sch\u00fctzen. Verhindert, dass die Haken f\u00fcr die Garage rosten, k\u00f6nnen viele Jahre verwendet werden<br \/>\nEinfach zu installieren: Kommt mit zwei Arten von Schrauben und D\u00fcbeln, geeignet f\u00fcr Gipsw\u00e4nde, Holz, Ziegel- oder Betonw\u00e4nde, einfach mit einem Bohrer, Hammer und Schraubendreher, kann leicht installiert werden, um jeden Gegenstand zu verstauen.<br \/>\nVerschiedene Gr\u00f6\u00dfen: Es gibt 14 robuste Garagenhaken mit 5 Gr\u00f6\u00dfen: 5 kleine U-Haken, 3 mittelgro\u00dfe U-Haken, 2 gro\u00dfe U-Haken, 2 gro\u00dfe J-Haken und 2 kleine J-Haken. Wir bieten auch 2 Verl\u00e4ngerungskordel-Organizer-B\u00e4nder zum Aufh\u00e4ngen von Werkzeugen unterschiedlicher Gr\u00f6\u00dfe und Gewicht.<br \/>\nEffiziente Aufbewahrungsfunktion: Design mit Doppelhaken, nutzen Sie die vertikale Aufbewahrungsmethode, um zus\u00e4tzlichen Platz zu schaffen. Die Garagenwandhaken k\u00f6nnen \u00fcberall verwendet werden, wo Sie brauchen, wie Garage, Laden, Schuppen, Garten, Lager, Keller usw. Perfekte Garagenwandhaken, um alles organisiert und klar auf einen Blick zu halten.<br \/>\n<div class=\"main-cross-sell\" data-asin=\"B092MQSYKD\">\n\n\t<div class=\"WooZone-cross-sell-loader\">\n\t\t<div>\n\t\t\t<div id=\"floatingBarsG\">\n\t\t\t\t<div class=\"blockG\" id=\"rotateG_01\"><\/div>\n\t\t\t\t<div class=\"blockG\" id=\"rotateG_02\"><\/div>\n\t\t\t\t<div class=\"blockG\" id=\"rotateG_03\"><\/div>\n\t\t\t\t<div class=\"blockG\" id=\"rotateG_04\"><\/div>\n\t\t\t\t<div class=\"blockG\" id=\"rotateG_05\"><\/div>\n\t\t\t\t<div class=\"blockG\" id=\"rotateG_06\"><\/div>\n\t\t\t\t<div class=\"blockG\" id=\"rotateG_07\"><\/div>\n\t\t\t\t<div class=\"blockG\" id=\"rotateG_08\"><\/div>\n\t\t\t<\/div>\n\t\t\t<div class=\"WooZone-cross-sell-loader-text\"><\/div>\n\t\t<\/div>\n\t<\/div>\n\n\t\t\n<\/div>\n<div style=\"clear:both;\"><\/div><\/p>\n","protected":false},"excerpt":{"rendered":"<p>Extrem stabiles Material: Die Garagenhaken sind aus hochwertigem, robustem massivem Stahl gefertigt und die Platte ist mit drei Schichten verst\u00e4rkt, was eine \u00fcberlegene Belastbarkeit bietet. Die Haken sind ideal f\u00fcr Leitern, Sportger\u00e4te, Rasentrimmer, Gartenger\u00e4te und andere sperrige Gegenst\u00e4nde<br \/>\nRutschfeste PVC-Beschichtung: Die Leiterhaken mit robuster, rutschfester PVC-Gummi-Beschichtung k\u00f6nnen den Artikel fest greifen und die Oberfl\u00e4che des Artikels vor Kratzern oder Besch\u00e4digungen sch\u00fctzen. Verhindert, dass die Haken f\u00fcr die Garage rosten, k\u00f6nnen viele Jahre verwendet werden<br \/>\nEinfach zu installieren: Kommt mit zwei Arten von Schrauben und D\u00fcbeln, geeignet f\u00fcr Gipsw\u00e4nde, Holz, Ziegel- oder Betonw\u00e4nde, einfach mit einem Bohrer, Hammer und Schraubendreher, kann leicht installiert werden, um jeden Gegenstand zu verstauen.<\/p>\n","protected":false},"featured_media":221720,"comment_status":"open","ping_status":"closed","template":"","meta":[],"product_brand":[],"product_cat":[1983,11179],"product_tag":[],"class_list":{"0":"post-221719","1":"product","2":"type-product","3":"status-publish","4":"has-post-thumbnail","6":"product_cat-baumarkt","7":"product_cat-lagersysteme","8":"pa_binding-werkzeug","9":"pa_brand-kofani","10":"pa_color-schwarz","11":"pa_manufacturer-kofani","12":"pa_model-garage-hook-3","13":"pa_weight-1-pounds","15":"first","16":"instock","17":"shipping-taxable","18":"purchasable","19":"product-type-simple","20":"customify-col","21":"product-has-gallery"},"yoast_head":"<!-- This site is optimized with the Yoast SEO plugin v27.4 - https:\/\/yoast.com\/product\/yoast-seo-wordpress\/ -->\n<title>KOFANI Garagenhaken, 16 St\u00fcck, Stahl, robuste Garagen-Aufbewahrungshaken mit Anti-Rutsch-Beschichtung, Utility Garage Wandhalterung Haken zum Aufh\u00e4ngen von Fahrrad, Leiter und Gartenger\u00e4ten - Markt-XXL<\/title>\n<meta name=\"description\" content=\"Markt-XXL KOFANI Garagenhaken, 16 St\u00fcck, Stahl, robuste Garagen-Aufbewahrungshaken mit Anti-Rutsch-Beschichtung, Utility Garage Wandhalterung Haken zum Aufh\u00e4ngen von Fahrrad, Leiter und Gartenger\u00e4ten\" \/>\n<meta name=\"robots\" content=\"index, follow, max-snippet:-1, max-image-preview:large, max-video-preview:-1\" \/>\n<link rel=\"canonical\" href=\"https:\/\/marktxxl.de\/markt\/produkt\/kofani-garagenhaken-16-stueck-stahl-robuste-garagen-aufbewahrungshaken-mit-anti-rutsch-beschichtung-utility-garage-wandhalterung-haken-zum-aufhaengen-von-fahrrad-leiter-und-gartengeraeten-2\/\" \/>\n<meta property=\"og:locale\" content=\"de_DE\" \/>\n<meta property=\"og:type\" content=\"article\" \/>\n<meta property=\"og:title\" content=\"KOFANI Garagenhaken, 16 St\u00fcck, Stahl, robuste Garagen-Aufbewahrungshaken mit Anti-Rutsch-Beschichtung, Utility Garage Wandhalterung Haken zum Aufh\u00e4ngen von Fahrrad, Leiter und Gartenger\u00e4ten - Markt-XXL\" \/>\n<meta property=\"og:description\" content=\"Markt-XXL KOFANI Garagenhaken, 16 St\u00fcck, Stahl, robuste Garagen-Aufbewahrungshaken mit Anti-Rutsch-Beschichtung, Utility Garage Wandhalterung Haken zum Aufh\u00e4ngen von Fahrrad, Leiter und Gartenger\u00e4ten\" \/>\n<meta property=\"og:url\" content=\"https:\/\/marktxxl.de\/markt\/produkt\/kofani-garagenhaken-16-stueck-stahl-robuste-garagen-aufbewahrungshaken-mit-anti-rutsch-beschichtung-utility-garage-wandhalterung-haken-zum-aufhaengen-von-fahrrad-leiter-und-gartengeraeten-2\/\" \/>\n<meta property=\"og:site_name\" content=\"Markt-XXL\" \/>\n<meta name=\"twitter:card\" content=\"summary_large_image\" \/>\n<meta name=\"twitter:label1\" content=\"Gesch\u00e4tzte Lesezeit\" \/>\n\t<meta name=\"twitter:data1\" content=\"1\u00a0Minute\" \/>\n<script type=\"application\/ld+json\" class=\"yoast-schema-graph\">{\"@context\":\"https:\\\/\\\/schema.org\",\"@graph\":[{\"@type\":\"WebPage\",\"@id\":\"https:\\\/\\\/marktxxl.de\\\/markt\\\/produkt\\\/kofani-garagenhaken-16-stueck-stahl-robuste-garagen-aufbewahrungshaken-mit-anti-rutsch-beschichtung-utility-garage-wandhalterung-haken-zum-aufhaengen-von-fahrrad-leiter-und-gartengeraeten-2\\\/\",\"url\":\"https:\\\/\\\/marktxxl.de\\\/markt\\\/produkt\\\/kofani-garagenhaken-16-stueck-stahl-robuste-garagen-aufbewahrungshaken-mit-anti-rutsch-beschichtung-utility-garage-wandhalterung-haken-zum-aufhaengen-von-fahrrad-leiter-und-gartengeraeten-2\\\/\",\"name\":\"KOFANI Garagenhaken, 16 St\u00fcck, Stahl, robuste Garagen-Aufbewahrungshaken mit Anti-Rutsch-Beschichtung, Utility Garage Wandhalterung Haken zum Aufh\u00e4ngen von Fahrrad, Leiter und Gartenger\u00e4ten - Markt-XXL\",\"isPartOf\":{\"@id\":\"https:\\\/\\\/marktxxl.de\\\/markt\\\/#website\"},\"primaryImageOfPage\":{\"@id\":\"https:\\\/\\\/marktxxl.de\\\/markt\\\/produkt\\\/kofani-garagenhaken-16-stueck-stahl-robuste-garagen-aufbewahrungshaken-mit-anti-rutsch-beschichtung-utility-garage-wandhalterung-haken-zum-aufhaengen-von-fahrrad-leiter-und-gartengeraeten-2\\\/#primaryimage\"},\"image\":{\"@id\":\"https:\\\/\\\/marktxxl.de\\\/markt\\\/produkt\\\/kofani-garagenhaken-16-stueck-stahl-robuste-garagen-aufbewahrungshaken-mit-anti-rutsch-beschichtung-utility-garage-wandhalterung-haken-zum-aufhaengen-von-fahrrad-leiter-und-gartengeraeten-2\\\/#primaryimage\"},\"thumbnailUrl\":\"https:\\\/\\\/m.media-amazon.com\\\/images\\\/I\\\/519KAItyMCL._SL500_.jpg\",\"datePublished\":\"2024-07-28T13:16:29+00:00\",\"description\":\"Markt-XXL KOFANI Garagenhaken, 16 St\u00fcck, Stahl, robuste Garagen-Aufbewahrungshaken mit Anti-Rutsch-Beschichtung, Utility Garage Wandhalterung Haken zum Aufh\u00e4ngen von Fahrrad, Leiter und Gartenger\u00e4ten\",\"breadcrumb\":{\"@id\":\"https:\\\/\\\/marktxxl.de\\\/markt\\\/produkt\\\/kofani-garagenhaken-16-stueck-stahl-robuste-garagen-aufbewahrungshaken-mit-anti-rutsch-beschichtung-utility-garage-wandhalterung-haken-zum-aufhaengen-von-fahrrad-leiter-und-gartengeraeten-2\\\/#breadcrumb\"},\"inLanguage\":\"de\",\"potentialAction\":[{\"@type\":\"ReadAction\",\"target\":[\"https:\\\/\\\/marktxxl.de\\\/markt\\\/produkt\\\/kofani-garagenhaken-16-stueck-stahl-robuste-garagen-aufbewahrungshaken-mit-anti-rutsch-beschichtung-utility-garage-wandhalterung-haken-zum-aufhaengen-von-fahrrad-leiter-und-gartengeraeten-2\\\/\"]}]},{\"@type\":\"ImageObject\",\"inLanguage\":\"de\",\"@id\":\"https:\\\/\\\/marktxxl.de\\\/markt\\\/produkt\\\/kofani-garagenhaken-16-stueck-stahl-robuste-garagen-aufbewahrungshaken-mit-anti-rutsch-beschichtung-utility-garage-wandhalterung-haken-zum-aufhaengen-von-fahrrad-leiter-und-gartengeraeten-2\\\/#primaryimage\",\"url\":\"https:\\\/\\\/m.media-amazon.com\\\/images\\\/I\\\/519KAItyMCL._SL500_.jpg\",\"contentUrl\":\"https:\\\/\\\/m.media-amazon.com\\\/images\\\/I\\\/519KAItyMCL._SL500_.jpg\",\"width\":500,\"height\":500},{\"@type\":\"BreadcrumbList\",\"@id\":\"https:\\\/\\\/marktxxl.de\\\/markt\\\/produkt\\\/kofani-garagenhaken-16-stueck-stahl-robuste-garagen-aufbewahrungshaken-mit-anti-rutsch-beschichtung-utility-garage-wandhalterung-haken-zum-aufhaengen-von-fahrrad-leiter-und-gartengeraeten-2\\\/#breadcrumb\",\"itemListElement\":[{\"@type\":\"ListItem\",\"position\":1,\"name\":\"Startseite\",\"item\":\"https:\\\/\\\/marktxxl.de\\\/markt\\\/\"},{\"@type\":\"ListItem\",\"position\":2,\"name\":\"Markt\",\"item\":\"https:\\\/\\\/marktxxl.de\\\/markt\\\/\"},{\"@type\":\"ListItem\",\"position\":3,\"name\":\"KOFANI Garagenhaken, 16 St\u00fcck, Stahl, robuste Garagen-Aufbewahrungshaken mit Anti-Rutsch-Beschichtung, Utility Garage Wandhalterung Haken zum Aufh\u00e4ngen von Fahrrad, Leiter und Gartenger\u00e4ten\"}]},{\"@type\":\"WebSite\",\"@id\":\"https:\\\/\\\/marktxxl.de\\\/markt\\\/#website\",\"url\":\"https:\\\/\\\/marktxxl.de\\\/markt\\\/\",\"name\":\"Markt-XXL\",\"description\":\"Ihr Markt Online\",\"publisher\":{\"@id\":\"https:\\\/\\\/marktxxl.de\\\/markt\\\/#organization\"},\"potentialAction\":[{\"@type\":\"SearchAction\",\"target\":{\"@type\":\"EntryPoint\",\"urlTemplate\":\"https:\\\/\\\/marktxxl.de\\\/markt\\\/?s={search_term_string}\"},\"query-input\":{\"@type\":\"PropertyValueSpecification\",\"valueRequired\":true,\"valueName\":\"search_term_string\"}}],\"inLanguage\":\"de\"},{\"@type\":\"Organization\",\"@id\":\"https:\\\/\\\/marktxxl.de\\\/markt\\\/#organization\",\"name\":\"Markt-XXL\",\"url\":\"https:\\\/\\\/marktxxl.de\\\/markt\\\/\",\"logo\":{\"@type\":\"ImageObject\",\"inLanguage\":\"de\",\"@id\":\"https:\\\/\\\/marktxxl.de\\\/markt\\\/#\\\/schema\\\/logo\\\/image\\\/\",\"url\":\"https:\\\/\\\/marktxxl.de\\\/markt\\\/wp-content\\\/uploads\\\/sites\\\/3\\\/2020\\\/12\\\/logo.png\",\"contentUrl\":\"https:\\\/\\\/marktxxl.de\\\/markt\\\/wp-content\\\/uploads\\\/sites\\\/3\\\/2020\\\/12\\\/logo.png\",\"width\":200,\"height\":70,\"caption\":\"Markt-XXL\"},\"image\":{\"@id\":\"https:\\\/\\\/marktxxl.de\\\/markt\\\/#\\\/schema\\\/logo\\\/image\\\/\"}}]}<\/script>\n<!-- \/ Yoast SEO plugin. -->","yoast_head_json":{"title":"KOFANI Garagenhaken, 16 St\u00fcck, Stahl, robuste Garagen-Aufbewahrungshaken mit Anti-Rutsch-Beschichtung, Utility Garage Wandhalterung Haken zum Aufh\u00e4ngen von Fahrrad, Leiter und Gartenger\u00e4ten - Markt-XXL","description":"Markt-XXL KOFANI Garagenhaken, 16 St\u00fcck, Stahl, robuste Garagen-Aufbewahrungshaken mit Anti-Rutsch-Beschichtung, Utility Garage Wandhalterung Haken zum Aufh\u00e4ngen von Fahrrad, Leiter und Gartenger\u00e4ten","robots":{"index":"index","follow":"follow","max-snippet":"max-snippet:-1","max-image-preview":"max-image-preview:large","max-video-preview":"max-video-preview:-1"},"canonical":"https:\/\/marktxxl.de\/markt\/produkt\/kofani-garagenhaken-16-stueck-stahl-robuste-garagen-aufbewahrungshaken-mit-anti-rutsch-beschichtung-utility-garage-wandhalterung-haken-zum-aufhaengen-von-fahrrad-leiter-und-gartengeraeten-2\/","og_locale":"de_DE","og_type":"article","og_title":"KOFANI Garagenhaken, 16 St\u00fcck, Stahl, robuste Garagen-Aufbewahrungshaken mit Anti-Rutsch-Beschichtung, Utility Garage Wandhalterung Haken zum Aufh\u00e4ngen von Fahrrad, Leiter und Gartenger\u00e4ten - Markt-XXL","og_description":"Markt-XXL KOFANI Garagenhaken, 16 St\u00fcck, Stahl, robuste Garagen-Aufbewahrungshaken mit Anti-Rutsch-Beschichtung, Utility Garage Wandhalterung Haken zum Aufh\u00e4ngen von Fahrrad, Leiter und Gartenger\u00e4ten","og_url":"https:\/\/marktxxl.de\/markt\/produkt\/kofani-garagenhaken-16-stueck-stahl-robuste-garagen-aufbewahrungshaken-mit-anti-rutsch-beschichtung-utility-garage-wandhalterung-haken-zum-aufhaengen-von-fahrrad-leiter-und-gartengeraeten-2\/","og_site_name":"Markt-XXL","twitter_card":"summary_large_image","twitter_misc":{"Gesch\u00e4tzte Lesezeit":"1\u00a0Minute"},"schema":{"@context":"https:\/\/schema.org","@graph":[{"@type":"WebPage","@id":"https:\/\/marktxxl.de\/markt\/produkt\/kofani-garagenhaken-16-stueck-stahl-robuste-garagen-aufbewahrungshaken-mit-anti-rutsch-beschichtung-utility-garage-wandhalterung-haken-zum-aufhaengen-von-fahrrad-leiter-und-gartengeraeten-2\/","url":"https:\/\/marktxxl.de\/markt\/produkt\/kofani-garagenhaken-16-stueck-stahl-robuste-garagen-aufbewahrungshaken-mit-anti-rutsch-beschichtung-utility-garage-wandhalterung-haken-zum-aufhaengen-von-fahrrad-leiter-und-gartengeraeten-2\/","name":"KOFANI Garagenhaken, 16 St\u00fcck, Stahl, robuste Garagen-Aufbewahrungshaken mit Anti-Rutsch-Beschichtung, Utility Garage Wandhalterung Haken zum Aufh\u00e4ngen von Fahrrad, Leiter und Gartenger\u00e4ten - Markt-XXL","isPartOf":{"@id":"https:\/\/marktxxl.de\/markt\/#website"},"primaryImageOfPage":{"@id":"https:\/\/marktxxl.de\/markt\/produkt\/kofani-garagenhaken-16-stueck-stahl-robuste-garagen-aufbewahrungshaken-mit-anti-rutsch-beschichtung-utility-garage-wandhalterung-haken-zum-aufhaengen-von-fahrrad-leiter-und-gartengeraeten-2\/#primaryimage"},"image":{"@id":"https:\/\/marktxxl.de\/markt\/produkt\/kofani-garagenhaken-16-stueck-stahl-robuste-garagen-aufbewahrungshaken-mit-anti-rutsch-beschichtung-utility-garage-wandhalterung-haken-zum-aufhaengen-von-fahrrad-leiter-und-gartengeraeten-2\/#primaryimage"},"thumbnailUrl":"https:\/\/m.media-amazon.com\/images\/I\/519KAItyMCL._SL500_.jpg","datePublished":"2024-07-28T13:16:29+00:00","description":"Markt-XXL KOFANI Garagenhaken, 16 St\u00fcck, Stahl, robuste Garagen-Aufbewahrungshaken mit Anti-Rutsch-Beschichtung, Utility Garage Wandhalterung Haken zum Aufh\u00e4ngen von Fahrrad, Leiter und Gartenger\u00e4ten","breadcrumb":{"@id":"https:\/\/marktxxl.de\/markt\/produkt\/kofani-garagenhaken-16-stueck-stahl-robuste-garagen-aufbewahrungshaken-mit-anti-rutsch-beschichtung-utility-garage-wandhalterung-haken-zum-aufhaengen-von-fahrrad-leiter-und-gartengeraeten-2\/#breadcrumb"},"inLanguage":"de","potentialAction":[{"@type":"ReadAction","target":["https:\/\/marktxxl.de\/markt\/produkt\/kofani-garagenhaken-16-stueck-stahl-robuste-garagen-aufbewahrungshaken-mit-anti-rutsch-beschichtung-utility-garage-wandhalterung-haken-zum-aufhaengen-von-fahrrad-leiter-und-gartengeraeten-2\/"]}]},{"@type":"ImageObject","inLanguage":"de","@id":"https:\/\/marktxxl.de\/markt\/produkt\/kofani-garagenhaken-16-stueck-stahl-robuste-garagen-aufbewahrungshaken-mit-anti-rutsch-beschichtung-utility-garage-wandhalterung-haken-zum-aufhaengen-von-fahrrad-leiter-und-gartengeraeten-2\/#primaryimage","url":"https:\/\/m.media-amazon.com\/images\/I\/519KAItyMCL._SL500_.jpg","contentUrl":"https:\/\/m.media-amazon.com\/images\/I\/519KAItyMCL._SL500_.jpg","width":500,"height":500},{"@type":"BreadcrumbList","@id":"https:\/\/marktxxl.de\/markt\/produkt\/kofani-garagenhaken-16-stueck-stahl-robuste-garagen-aufbewahrungshaken-mit-anti-rutsch-beschichtung-utility-garage-wandhalterung-haken-zum-aufhaengen-von-fahrrad-leiter-und-gartengeraeten-2\/#breadcrumb","itemListElement":[{"@type":"ListItem","position":1,"name":"Startseite","item":"https:\/\/marktxxl.de\/markt\/"},{"@type":"ListItem","position":2,"name":"Markt","item":"https:\/\/marktxxl.de\/markt\/"},{"@type":"ListItem","position":3,"name":"KOFANI Garagenhaken, 16 St\u00fcck, Stahl, robuste Garagen-Aufbewahrungshaken mit Anti-Rutsch-Beschichtung, Utility Garage Wandhalterung Haken zum Aufh\u00e4ngen von Fahrrad, Leiter und Gartenger\u00e4ten"}]},{"@type":"WebSite","@id":"https:\/\/marktxxl.de\/markt\/#website","url":"https:\/\/marktxxl.de\/markt\/","name":"Markt-XXL","description":"Ihr Markt Online","publisher":{"@id":"https:\/\/marktxxl.de\/markt\/#organization"},"potentialAction":[{"@type":"SearchAction","target":{"@type":"EntryPoint","urlTemplate":"https:\/\/marktxxl.de\/markt\/?s={search_term_string}"},"query-input":{"@type":"PropertyValueSpecification","valueRequired":true,"valueName":"search_term_string"}}],"inLanguage":"de"},{"@type":"Organization","@id":"https:\/\/marktxxl.de\/markt\/#organization","name":"Markt-XXL","url":"https:\/\/marktxxl.de\/markt\/","logo":{"@type":"ImageObject","inLanguage":"de","@id":"https:\/\/marktxxl.de\/markt\/#\/schema\/logo\/image\/","url":"https:\/\/marktxxl.de\/markt\/wp-content\/uploads\/sites\/3\/2020\/12\/logo.png","contentUrl":"https:\/\/marktxxl.de\/markt\/wp-content\/uploads\/sites\/3\/2020\/12\/logo.png","width":200,"height":70,"caption":"Markt-XXL"},"image":{"@id":"https:\/\/marktxxl.de\/markt\/#\/schema\/logo\/image\/"}}]}},"_links":{"self":[{"href":"https:\/\/marktxxl.de\/markt\/wp-json\/wp\/v2\/product\/221719","targetHints":{"allow":["GET"]}}],"collection":[{"href":"https:\/\/marktxxl.de\/markt\/wp-json\/wp\/v2\/product"}],"about":[{"href":"https:\/\/marktxxl.de\/markt\/wp-json\/wp\/v2\/types\/product"}],"replies":[{"embeddable":true,"href":"https:\/\/marktxxl.de\/markt\/wp-json\/wp\/v2\/comments?post=221719"}],"wp:featuredmedia":[{"embeddable":true,"href":"https:\/\/marktxxl.de\/markt\/wp-json\/wp\/v2\/media\/221720"}],"wp:attachment":[{"href":"https:\/\/marktxxl.de\/markt\/wp-json\/wp\/v2\/media?parent=221719"}],"wp:term":[{"taxonomy":"product_brand","embeddable":true,"href":"https:\/\/marktxxl.de\/markt\/wp-json\/wp\/v2\/product_brand?post=221719"},{"taxonomy":"product_cat","embeddable":true,"href":"https:\/\/marktxxl.de\/markt\/wp-json\/wp\/v2\/product_cat?post=221719"},{"taxonomy":"product_tag","embeddable":true,"href":"https:\/\/marktxxl.de\/markt\/wp-json\/wp\/v2\/product_tag?post=221719"}],"curies":[{"name":"wp","href":"https:\/\/api.w.org\/{rel}","templated":true}]}}