{"id":221619,"date":"2024-07-28T14:47:33","date_gmt":"2024-07-28T12:47:33","guid":{"rendered":"https:\/\/marktxxl.de\/markt\/produkt\/wago-221-412-221-413-und-221-415-compact-verbindungsklemme-mit-betaetigungshebeln-221-412-10\/"},"modified":"2024-07-28T14:47:33","modified_gmt":"2024-07-28T12:47:33","slug":"wago-221-412-221-413-und-221-415-compact-verbindungsklemme-mit-betaetigungshebeln-221-412-10","status":"publish","type":"product","link":"https:\/\/marktxxl.de\/markt\/produkt\/wago-221-412-221-413-und-221-415-compact-verbindungsklemme-mit-betaetigungshebeln-221-412-10\/","title":{"rendered":"WAGO 221-412, 221-413 und 221-415 COMPACT-Verbindungsklemme mit Bet\u00e4tigungshebeln (221-412, 10)"},"content":{"rendered":"<p>Erf\u00fcllt Standards: Die Wago 221 Klemmen erf\u00fcllen wichtige elektrische Normen und bieten somit zus\u00e4tzliche Sicherheit und Zuverl\u00e4ssigkeit.<br \/>\nDIY-freundlich: Egal, ob Sie ein erfahrener Elektriker oder Heimwerker sind, die Wago 221 Klemmen sind einfach zu verwenden und bieten professionelle Ergebnisse.<br \/>\nVertrauensw\u00fcrdige Marke: Original WAGO Produkte stehen f\u00fcr Qualit\u00e4t, Innovation und Sicherheit in der Elektroinstallationstechnik.<br \/>\nBreite Anwendung: Ideal f\u00fcr Elektroinstallationen, Verdrahtungsprojekte und Reparaturen im Haushalt, in Werkst\u00e4tten oder auf Baustellen.<br \/>\nEinfache Installation: Dank des innovativen Federhebel-Designs lassen sich Kabel schnell und m\u00fchelos anschlie\u00dfen, ohne zus\u00e4tzliche Werkzeuge.<br \/>\n<div class=\"main-cross-sell\" data-asin=\"B082H3QDXR\">\n\n\t<div class=\"WooZone-cross-sell-loader\">\n\t\t<div>\n\t\t\t<div id=\"floatingBarsG\">\n\t\t\t\t<div class=\"blockG\" id=\"rotateG_01\"><\/div>\n\t\t\t\t<div class=\"blockG\" id=\"rotateG_02\"><\/div>\n\t\t\t\t<div class=\"blockG\" id=\"rotateG_03\"><\/div>\n\t\t\t\t<div class=\"blockG\" id=\"rotateG_04\"><\/div>\n\t\t\t\t<div class=\"blockG\" id=\"rotateG_05\"><\/div>\n\t\t\t\t<div class=\"blockG\" id=\"rotateG_06\"><\/div>\n\t\t\t\t<div class=\"blockG\" id=\"rotateG_07\"><\/div>\n\t\t\t\t<div class=\"blockG\" id=\"rotateG_08\"><\/div>\n\t\t\t<\/div>\n\t\t\t<div class=\"WooZone-cross-sell-loader-text\"><\/div>\n\t\t<\/div>\n\t<\/div>\n\n\t\t\n<\/div>\n<div style=\"clear:both;\"><\/div><\/p>\n","protected":false},"excerpt":{"rendered":"<p>Erf\u00fcllt Standards: Die Wago 221 Klemmen erf\u00fcllen wichtige elektrische Normen und bieten somit zus\u00e4tzliche Sicherheit und Zuverl\u00e4ssigkeit.<br \/>\nDIY-freundlich: Egal, ob Sie ein erfahrener Elektriker oder Heimwerker sind, die Wago 221 Klemmen sind einfach zu verwenden und bieten professionelle Ergebnisse.<br \/>\nVertrauensw\u00fcrdige Marke: Original WAGO Produkte stehen f\u00fcr Qualit\u00e4t, Innovation und Sicherheit in der Elektroinstallationstechnik.<\/p>\n","protected":false},"featured_media":221620,"comment_status":"open","ping_status":"closed","template":"","meta":[],"product_brand":[],"product_cat":[1983,11009],"product_tag":[],"class_list":{"0":"post-221619","1":"product","2":"type-product","3":"status-publish","4":"has-post-thumbnail","6":"product_cat-baumarkt","7":"product_cat-elektroinstallation","8":"pa_brand-wago","9":"pa_height-0-326771-zoll","10":"pa_length-0-732282-zoll","11":"pa_manufacturer-wago","12":"pa_width-0-732282-zoll","14":"first","15":"instock","16":"sale","17":"shipping-taxable","18":"purchasable","19":"product-type-simple","20":"customify-col","21":"product-has-gallery"},"yoast_head":"<!-- This site is optimized with the Yoast SEO plugin v27.4 - https:\/\/yoast.com\/product\/yoast-seo-wordpress\/ -->\n<title>WAGO 221-412, 221-413 und 221-415 COMPACT-Verbindungsklemme mit Bet\u00e4tigungshebeln (221-412, 10) - Markt-XXL<\/title>\n<meta name=\"description\" content=\"Markt-XXL WAGO 221-412, 221-413 und 221-415 COMPACT-Verbindungsklemme mit Bet\u00e4tigungshebeln (221-412, 10)\" \/>\n<meta name=\"robots\" content=\"index, follow, max-snippet:-1, max-image-preview:large, max-video-preview:-1\" \/>\n<link rel=\"canonical\" href=\"https:\/\/marktxxl.de\/markt\/produkt\/wago-221-412-221-413-und-221-415-compact-verbindungsklemme-mit-betaetigungshebeln-221-412-10\/\" \/>\n<meta property=\"og:locale\" content=\"de_DE\" \/>\n<meta property=\"og:type\" content=\"article\" \/>\n<meta property=\"og:title\" content=\"WAGO 221-412, 221-413 und 221-415 COMPACT-Verbindungsklemme mit Bet\u00e4tigungshebeln (221-412, 10) - Markt-XXL\" \/>\n<meta property=\"og:description\" content=\"Markt-XXL WAGO 221-412, 221-413 und 221-415 COMPACT-Verbindungsklemme mit Bet\u00e4tigungshebeln (221-412, 10)\" \/>\n<meta property=\"og:url\" content=\"https:\/\/marktxxl.de\/markt\/produkt\/wago-221-412-221-413-und-221-415-compact-verbindungsklemme-mit-betaetigungshebeln-221-412-10\/\" \/>\n<meta property=\"og:site_name\" content=\"Markt-XXL\" \/>\n<meta name=\"twitter:card\" content=\"summary_large_image\" \/>\n<meta name=\"twitter:label1\" content=\"Gesch\u00e4tzte Lesezeit\" \/>\n\t<meta name=\"twitter:data1\" content=\"1\u00a0Minute\" \/>\n<script type=\"application\/ld+json\" class=\"yoast-schema-graph\">{\"@context\":\"https:\\\/\\\/schema.org\",\"@graph\":[{\"@type\":\"WebPage\",\"@id\":\"https:\\\/\\\/marktxxl.de\\\/markt\\\/produkt\\\/wago-221-412-221-413-und-221-415-compact-verbindungsklemme-mit-betaetigungshebeln-221-412-10\\\/\",\"url\":\"https:\\\/\\\/marktxxl.de\\\/markt\\\/produkt\\\/wago-221-412-221-413-und-221-415-compact-verbindungsklemme-mit-betaetigungshebeln-221-412-10\\\/\",\"name\":\"WAGO 221-412, 221-413 und 221-415 COMPACT-Verbindungsklemme mit Bet\u00e4tigungshebeln (221-412, 10) - Markt-XXL\",\"isPartOf\":{\"@id\":\"https:\\\/\\\/marktxxl.de\\\/markt\\\/#website\"},\"primaryImageOfPage\":{\"@id\":\"https:\\\/\\\/marktxxl.de\\\/markt\\\/produkt\\\/wago-221-412-221-413-und-221-415-compact-verbindungsklemme-mit-betaetigungshebeln-221-412-10\\\/#primaryimage\"},\"image\":{\"@id\":\"https:\\\/\\\/marktxxl.de\\\/markt\\\/produkt\\\/wago-221-412-221-413-und-221-415-compact-verbindungsklemme-mit-betaetigungshebeln-221-412-10\\\/#primaryimage\"},\"thumbnailUrl\":\"https:\\\/\\\/m.media-amazon.com\\\/images\\\/I\\\/51lHAvzs9jL._SL500_.jpg\",\"datePublished\":\"2024-07-28T12:47:33+00:00\",\"description\":\"Markt-XXL WAGO 221-412, 221-413 und 221-415 COMPACT-Verbindungsklemme mit Bet\u00e4tigungshebeln (221-412, 10)\",\"breadcrumb\":{\"@id\":\"https:\\\/\\\/marktxxl.de\\\/markt\\\/produkt\\\/wago-221-412-221-413-und-221-415-compact-verbindungsklemme-mit-betaetigungshebeln-221-412-10\\\/#breadcrumb\"},\"inLanguage\":\"de\",\"potentialAction\":[{\"@type\":\"ReadAction\",\"target\":[\"https:\\\/\\\/marktxxl.de\\\/markt\\\/produkt\\\/wago-221-412-221-413-und-221-415-compact-verbindungsklemme-mit-betaetigungshebeln-221-412-10\\\/\"]}]},{\"@type\":\"ImageObject\",\"inLanguage\":\"de\",\"@id\":\"https:\\\/\\\/marktxxl.de\\\/markt\\\/produkt\\\/wago-221-412-221-413-und-221-415-compact-verbindungsklemme-mit-betaetigungshebeln-221-412-10\\\/#primaryimage\",\"url\":\"https:\\\/\\\/m.media-amazon.com\\\/images\\\/I\\\/51lHAvzs9jL._SL500_.jpg\",\"contentUrl\":\"https:\\\/\\\/m.media-amazon.com\\\/images\\\/I\\\/51lHAvzs9jL._SL500_.jpg\",\"width\":500,\"height\":414},{\"@type\":\"BreadcrumbList\",\"@id\":\"https:\\\/\\\/marktxxl.de\\\/markt\\\/produkt\\\/wago-221-412-221-413-und-221-415-compact-verbindungsklemme-mit-betaetigungshebeln-221-412-10\\\/#breadcrumb\",\"itemListElement\":[{\"@type\":\"ListItem\",\"position\":1,\"name\":\"Startseite\",\"item\":\"https:\\\/\\\/marktxxl.de\\\/markt\\\/\"},{\"@type\":\"ListItem\",\"position\":2,\"name\":\"Markt\",\"item\":\"https:\\\/\\\/marktxxl.de\\\/markt\\\/\"},{\"@type\":\"ListItem\",\"position\":3,\"name\":\"WAGO 221-412, 221-413 und 221-415 COMPACT-Verbindungsklemme mit Bet\u00e4tigungshebeln (221-412, 10)\"}]},{\"@type\":\"WebSite\",\"@id\":\"https:\\\/\\\/marktxxl.de\\\/markt\\\/#website\",\"url\":\"https:\\\/\\\/marktxxl.de\\\/markt\\\/\",\"name\":\"Markt-XXL\",\"description\":\"Ihr Markt Online\",\"publisher\":{\"@id\":\"https:\\\/\\\/marktxxl.de\\\/markt\\\/#organization\"},\"potentialAction\":[{\"@type\":\"SearchAction\",\"target\":{\"@type\":\"EntryPoint\",\"urlTemplate\":\"https:\\\/\\\/marktxxl.de\\\/markt\\\/?s={search_term_string}\"},\"query-input\":{\"@type\":\"PropertyValueSpecification\",\"valueRequired\":true,\"valueName\":\"search_term_string\"}}],\"inLanguage\":\"de\"},{\"@type\":\"Organization\",\"@id\":\"https:\\\/\\\/marktxxl.de\\\/markt\\\/#organization\",\"name\":\"Markt-XXL\",\"url\":\"https:\\\/\\\/marktxxl.de\\\/markt\\\/\",\"logo\":{\"@type\":\"ImageObject\",\"inLanguage\":\"de\",\"@id\":\"https:\\\/\\\/marktxxl.de\\\/markt\\\/#\\\/schema\\\/logo\\\/image\\\/\",\"url\":\"https:\\\/\\\/marktxxl.de\\\/markt\\\/wp-content\\\/uploads\\\/sites\\\/3\\\/2020\\\/12\\\/logo.png\",\"contentUrl\":\"https:\\\/\\\/marktxxl.de\\\/markt\\\/wp-content\\\/uploads\\\/sites\\\/3\\\/2020\\\/12\\\/logo.png\",\"width\":200,\"height\":70,\"caption\":\"Markt-XXL\"},\"image\":{\"@id\":\"https:\\\/\\\/marktxxl.de\\\/markt\\\/#\\\/schema\\\/logo\\\/image\\\/\"}}]}<\/script>\n<!-- \/ Yoast SEO plugin. -->","yoast_head_json":{"title":"WAGO 221-412, 221-413 und 221-415 COMPACT-Verbindungsklemme mit Bet\u00e4tigungshebeln (221-412, 10) - Markt-XXL","description":"Markt-XXL WAGO 221-412, 221-413 und 221-415 COMPACT-Verbindungsklemme mit Bet\u00e4tigungshebeln (221-412, 10)","robots":{"index":"index","follow":"follow","max-snippet":"max-snippet:-1","max-image-preview":"max-image-preview:large","max-video-preview":"max-video-preview:-1"},"canonical":"https:\/\/marktxxl.de\/markt\/produkt\/wago-221-412-221-413-und-221-415-compact-verbindungsklemme-mit-betaetigungshebeln-221-412-10\/","og_locale":"de_DE","og_type":"article","og_title":"WAGO 221-412, 221-413 und 221-415 COMPACT-Verbindungsklemme mit Bet\u00e4tigungshebeln (221-412, 10) - Markt-XXL","og_description":"Markt-XXL WAGO 221-412, 221-413 und 221-415 COMPACT-Verbindungsklemme mit Bet\u00e4tigungshebeln (221-412, 10)","og_url":"https:\/\/marktxxl.de\/markt\/produkt\/wago-221-412-221-413-und-221-415-compact-verbindungsklemme-mit-betaetigungshebeln-221-412-10\/","og_site_name":"Markt-XXL","twitter_card":"summary_large_image","twitter_misc":{"Gesch\u00e4tzte Lesezeit":"1\u00a0Minute"},"schema":{"@context":"https:\/\/schema.org","@graph":[{"@type":"WebPage","@id":"https:\/\/marktxxl.de\/markt\/produkt\/wago-221-412-221-413-und-221-415-compact-verbindungsklemme-mit-betaetigungshebeln-221-412-10\/","url":"https:\/\/marktxxl.de\/markt\/produkt\/wago-221-412-221-413-und-221-415-compact-verbindungsklemme-mit-betaetigungshebeln-221-412-10\/","name":"WAGO 221-412, 221-413 und 221-415 COMPACT-Verbindungsklemme mit Bet\u00e4tigungshebeln (221-412, 10) - Markt-XXL","isPartOf":{"@id":"https:\/\/marktxxl.de\/markt\/#website"},"primaryImageOfPage":{"@id":"https:\/\/marktxxl.de\/markt\/produkt\/wago-221-412-221-413-und-221-415-compact-verbindungsklemme-mit-betaetigungshebeln-221-412-10\/#primaryimage"},"image":{"@id":"https:\/\/marktxxl.de\/markt\/produkt\/wago-221-412-221-413-und-221-415-compact-verbindungsklemme-mit-betaetigungshebeln-221-412-10\/#primaryimage"},"thumbnailUrl":"https:\/\/m.media-amazon.com\/images\/I\/51lHAvzs9jL._SL500_.jpg","datePublished":"2024-07-28T12:47:33+00:00","description":"Markt-XXL WAGO 221-412, 221-413 und 221-415 COMPACT-Verbindungsklemme mit Bet\u00e4tigungshebeln (221-412, 10)","breadcrumb":{"@id":"https:\/\/marktxxl.de\/markt\/produkt\/wago-221-412-221-413-und-221-415-compact-verbindungsklemme-mit-betaetigungshebeln-221-412-10\/#breadcrumb"},"inLanguage":"de","potentialAction":[{"@type":"ReadAction","target":["https:\/\/marktxxl.de\/markt\/produkt\/wago-221-412-221-413-und-221-415-compact-verbindungsklemme-mit-betaetigungshebeln-221-412-10\/"]}]},{"@type":"ImageObject","inLanguage":"de","@id":"https:\/\/marktxxl.de\/markt\/produkt\/wago-221-412-221-413-und-221-415-compact-verbindungsklemme-mit-betaetigungshebeln-221-412-10\/#primaryimage","url":"https:\/\/m.media-amazon.com\/images\/I\/51lHAvzs9jL._SL500_.jpg","contentUrl":"https:\/\/m.media-amazon.com\/images\/I\/51lHAvzs9jL._SL500_.jpg","width":500,"height":414},{"@type":"BreadcrumbList","@id":"https:\/\/marktxxl.de\/markt\/produkt\/wago-221-412-221-413-und-221-415-compact-verbindungsklemme-mit-betaetigungshebeln-221-412-10\/#breadcrumb","itemListElement":[{"@type":"ListItem","position":1,"name":"Startseite","item":"https:\/\/marktxxl.de\/markt\/"},{"@type":"ListItem","position":2,"name":"Markt","item":"https:\/\/marktxxl.de\/markt\/"},{"@type":"ListItem","position":3,"name":"WAGO 221-412, 221-413 und 221-415 COMPACT-Verbindungsklemme mit Bet\u00e4tigungshebeln (221-412, 10)"}]},{"@type":"WebSite","@id":"https:\/\/marktxxl.de\/markt\/#website","url":"https:\/\/marktxxl.de\/markt\/","name":"Markt-XXL","description":"Ihr Markt Online","publisher":{"@id":"https:\/\/marktxxl.de\/markt\/#organization"},"potentialAction":[{"@type":"SearchAction","target":{"@type":"EntryPoint","urlTemplate":"https:\/\/marktxxl.de\/markt\/?s={search_term_string}"},"query-input":{"@type":"PropertyValueSpecification","valueRequired":true,"valueName":"search_term_string"}}],"inLanguage":"de"},{"@type":"Organization","@id":"https:\/\/marktxxl.de\/markt\/#organization","name":"Markt-XXL","url":"https:\/\/marktxxl.de\/markt\/","logo":{"@type":"ImageObject","inLanguage":"de","@id":"https:\/\/marktxxl.de\/markt\/#\/schema\/logo\/image\/","url":"https:\/\/marktxxl.de\/markt\/wp-content\/uploads\/sites\/3\/2020\/12\/logo.png","contentUrl":"https:\/\/marktxxl.de\/markt\/wp-content\/uploads\/sites\/3\/2020\/12\/logo.png","width":200,"height":70,"caption":"Markt-XXL"},"image":{"@id":"https:\/\/marktxxl.de\/markt\/#\/schema\/logo\/image\/"}}]}},"_links":{"self":[{"href":"https:\/\/marktxxl.de\/markt\/wp-json\/wp\/v2\/product\/221619","targetHints":{"allow":["GET"]}}],"collection":[{"href":"https:\/\/marktxxl.de\/markt\/wp-json\/wp\/v2\/product"}],"about":[{"href":"https:\/\/marktxxl.de\/markt\/wp-json\/wp\/v2\/types\/product"}],"replies":[{"embeddable":true,"href":"https:\/\/marktxxl.de\/markt\/wp-json\/wp\/v2\/comments?post=221619"}],"wp:featuredmedia":[{"embeddable":true,"href":"https:\/\/marktxxl.de\/markt\/wp-json\/wp\/v2\/media\/221620"}],"wp:attachment":[{"href":"https:\/\/marktxxl.de\/markt\/wp-json\/wp\/v2\/media?parent=221619"}],"wp:term":[{"taxonomy":"product_brand","embeddable":true,"href":"https:\/\/marktxxl.de\/markt\/wp-json\/wp\/v2\/product_brand?post=221619"},{"taxonomy":"product_cat","embeddable":true,"href":"https:\/\/marktxxl.de\/markt\/wp-json\/wp\/v2\/product_cat?post=221619"},{"taxonomy":"product_tag","embeddable":true,"href":"https:\/\/marktxxl.de\/markt\/wp-json\/wp\/v2\/product_tag?post=221619"}],"curies":[{"name":"wp","href":"https:\/\/api.w.org\/{rel}","templated":true}]}}