{"id":221604,"date":"2024-07-28T14:47:06","date_gmt":"2024-07-28T12:47:06","guid":{"rendered":"https:\/\/marktxxl.de\/markt\/produkt\/always-read-the-fine-print-im-pregnancy-t-shirt-women-funny-maternity-shirt-casual-letter-print-graphic-tee-tops\/"},"modified":"2024-07-28T14:47:06","modified_gmt":"2024-07-28T12:47:06","slug":"always-read-the-fine-print-im-pregnancy-t-shirt-women-funny-maternity-shirt-casual-letter-print-graphic-tee-tops","status":"publish","type":"product","link":"https:\/\/marktxxl.de\/markt\/produkt\/always-read-the-fine-print-im-pregnancy-t-shirt-women-funny-maternity-shirt-casual-letter-print-graphic-tee-tops\/","title":{"rendered":"Always Read The Fine Print I&#8217;m Pregnancy T-Shirt Women Funny Maternity Shirt Casual Letter Print Graphic Tee Tops"},"content":{"rendered":"<p>\u2764 \u3010Premium-Stoffe\u3011 Dieses niedliche Schwangerschafts-T-Shirt ist aus Baumwollmischgewebe, das weich, leicht und atmungsaktiv ist. Baumwollmischung hat feine Durchl\u00e4ssigkeit, die Sie k\u00fchl und trocken h\u00e4lt und hautfreundlich zu Ihrer Haut h\u00e4lt. Es bietet ein weiches und angenehmes Gef\u00fchl, wenn Sie dieses lockere O-Neck Shirt Top im t\u00e4glichen Leben tragen.<br \/>\n\u2764 Eigenschaften: Damen-T-Shirt mit der Aufschrift \u201eI&#8217;m Pregnant\u201c, lustiges Schwangerschafts-Shirt, Muttertags-Shirt, lustiges Schwangerschafts-Shirt, kurz\u00e4rmeliges T-Shirt f\u00fcr Frauen<br \/>\n\u2764 Anlass: Ideal f\u00fcr Muttertag, Reisen, Strand, Shopping, Fotografieren, Zuhause, Park, Freizeit, Alltag. Einfach mit allen Arten von Shorts, Jeans und Hosen kombinierbar<br \/>\nTolles Geschenk: Ein tolles Geschenk f\u00fcr Sie selbst, Ihre Frau, Mutter, Tochter, Lehrer, Schwester, Cousin, Tante, Muttertag, Valentinstag, Erntedankfest, Ostern usw<br \/>\n\u2764 \u3010Lieferumfang\u3011 1 x Frauen Always Read The Fine Print I&#8217;m Pregnancy Brief Print T-Shirt Casual Kurzarm Graphic Umstands-T-Shirt \u2764 Handw\u00e4sche \/ Maschinenw\u00e4sche kalt Wasser, nicht chemisch reinigen, nicht trocknen, nicht bleichen<br \/>\n<div class=\"main-cross-sell\" data-asin=\"B09MZSXNBK\">\n\n\t<div class=\"WooZone-cross-sell-loader\">\n\t\t<div>\n\t\t\t<div id=\"floatingBarsG\">\n\t\t\t\t<div class=\"blockG\" id=\"rotateG_01\"><\/div>\n\t\t\t\t<div class=\"blockG\" id=\"rotateG_02\"><\/div>\n\t\t\t\t<div class=\"blockG\" id=\"rotateG_03\"><\/div>\n\t\t\t\t<div class=\"blockG\" id=\"rotateG_04\"><\/div>\n\t\t\t\t<div class=\"blockG\" id=\"rotateG_05\"><\/div>\n\t\t\t\t<div class=\"blockG\" id=\"rotateG_06\"><\/div>\n\t\t\t\t<div class=\"blockG\" id=\"rotateG_07\"><\/div>\n\t\t\t\t<div class=\"blockG\" id=\"rotateG_08\"><\/div>\n\t\t\t<\/div>\n\t\t\t<div class=\"WooZone-cross-sell-loader-text\"><\/div>\n\t\t<\/div>\n\t<\/div>\n\n\t\t\n<\/div>\n<div style=\"clear:both;\"><\/div><\/p>\n","protected":false},"excerpt":{"rendered":"<p>\u2764 \u3010Premium-Stoffe\u3011 Dieses niedliche Schwangerschafts-T-Shirt ist aus Baumwollmischgewebe, das weich, leicht und atmungsaktiv ist. Baumwollmischung hat feine Durchl\u00e4ssigkeit, die Sie k\u00fchl und trocken h\u00e4lt und hautfreundlich zu Ihrer Haut h\u00e4lt. Es bietet ein weiches und angenehmes Gef\u00fchl, wenn Sie dieses lockere O-Neck Shirt Top im t\u00e4glichen Leben tragen.<br \/>\n\u2764 Eigenschaften: Damen-T-Shirt mit der Aufschrift \u201eI&#8217;m Pregnant\u201c, lustiges Schwangerschafts-Shirt, Muttertags-Shirt, lustiges Schwangerschafts-Shirt, kurz\u00e4rmeliges T-Shirt f\u00fcr Frauen<br \/>\n\u2764 Anlass: Ideal f\u00fcr Muttertag, Reisen, Strand, Shopping, Fotografieren, Zuhause, Park, Freizeit, Alltag. Einfach mit allen Arten von Shorts, Jeans und Hosen kombinierbar<\/p>\n","protected":false},"featured_media":221605,"comment_status":"open","ping_status":"closed","template":"","meta":[],"product_brand":[],"product_cat":[21,9478],"product_tag":[],"class_list":{"0":"post-221604","1":"product","2":"type-product","3":"status-publish","4":"has-post-thumbnail","6":"product_cat-baby","7":"product_cat-umstandskleidung-baby","8":"pa_binding-textilien","9":"pa_brand-zifota","11":"first","12":"instock","13":"shipping-taxable","14":"product-type-simple","15":"customify-col","16":"product-has-gallery"},"yoast_head":"<!-- This site is optimized with the Yoast SEO plugin v27.4 - https:\/\/yoast.com\/product\/yoast-seo-wordpress\/ -->\n<title>Always Read The Fine Print I&#039;m Pregnancy T-Shirt Women Funny Maternity Shirt Casual Letter Print Graphic Tee Tops - Markt-XXL<\/title>\n<meta name=\"description\" content=\"Markt-XXL Always Read The Fine Print I&#039;m Pregnancy T-Shirt Women Funny Maternity Shirt Casual Letter Print Graphic Tee Tops\" \/>\n<meta name=\"robots\" content=\"index, follow, max-snippet:-1, max-image-preview:large, max-video-preview:-1\" \/>\n<link rel=\"canonical\" href=\"https:\/\/marktxxl.de\/markt\/produkt\/always-read-the-fine-print-im-pregnancy-t-shirt-women-funny-maternity-shirt-casual-letter-print-graphic-tee-tops\/\" \/>\n<meta property=\"og:locale\" content=\"de_DE\" \/>\n<meta property=\"og:type\" content=\"article\" \/>\n<meta property=\"og:title\" content=\"Always Read The Fine Print I&#039;m Pregnancy T-Shirt Women Funny Maternity Shirt Casual Letter Print Graphic Tee Tops - Markt-XXL\" \/>\n<meta property=\"og:description\" content=\"Markt-XXL Always Read The Fine Print I&#039;m Pregnancy T-Shirt Women Funny Maternity Shirt Casual Letter Print Graphic Tee Tops\" \/>\n<meta property=\"og:url\" content=\"https:\/\/marktxxl.de\/markt\/produkt\/always-read-the-fine-print-im-pregnancy-t-shirt-women-funny-maternity-shirt-casual-letter-print-graphic-tee-tops\/\" \/>\n<meta property=\"og:site_name\" content=\"Markt-XXL\" \/>\n<meta name=\"twitter:card\" content=\"summary_large_image\" \/>\n<meta name=\"twitter:label1\" content=\"Gesch\u00e4tzte Lesezeit\" \/>\n\t<meta name=\"twitter:data1\" content=\"1\u00a0Minute\" \/>\n<script type=\"application\/ld+json\" class=\"yoast-schema-graph\">{\"@context\":\"https:\\\/\\\/schema.org\",\"@graph\":[{\"@type\":\"WebPage\",\"@id\":\"https:\\\/\\\/marktxxl.de\\\/markt\\\/produkt\\\/always-read-the-fine-print-im-pregnancy-t-shirt-women-funny-maternity-shirt-casual-letter-print-graphic-tee-tops\\\/\",\"url\":\"https:\\\/\\\/marktxxl.de\\\/markt\\\/produkt\\\/always-read-the-fine-print-im-pregnancy-t-shirt-women-funny-maternity-shirt-casual-letter-print-graphic-tee-tops\\\/\",\"name\":\"Always Read The Fine Print I'm Pregnancy T-Shirt Women Funny Maternity Shirt Casual Letter Print Graphic Tee Tops - Markt-XXL\",\"isPartOf\":{\"@id\":\"https:\\\/\\\/marktxxl.de\\\/markt\\\/#website\"},\"primaryImageOfPage\":{\"@id\":\"https:\\\/\\\/marktxxl.de\\\/markt\\\/produkt\\\/always-read-the-fine-print-im-pregnancy-t-shirt-women-funny-maternity-shirt-casual-letter-print-graphic-tee-tops\\\/#primaryimage\"},\"image\":{\"@id\":\"https:\\\/\\\/marktxxl.de\\\/markt\\\/produkt\\\/always-read-the-fine-print-im-pregnancy-t-shirt-women-funny-maternity-shirt-casual-letter-print-graphic-tee-tops\\\/#primaryimage\"},\"thumbnailUrl\":\"https:\\\/\\\/m.media-amazon.com\\\/images\\\/I\\\/51nRdFEAfML._SL500_.jpg\",\"datePublished\":\"2024-07-28T12:47:06+00:00\",\"description\":\"Markt-XXL Always Read The Fine Print I'm Pregnancy T-Shirt Women Funny Maternity Shirt Casual Letter Print Graphic Tee Tops\",\"breadcrumb\":{\"@id\":\"https:\\\/\\\/marktxxl.de\\\/markt\\\/produkt\\\/always-read-the-fine-print-im-pregnancy-t-shirt-women-funny-maternity-shirt-casual-letter-print-graphic-tee-tops\\\/#breadcrumb\"},\"inLanguage\":\"de\",\"potentialAction\":[{\"@type\":\"ReadAction\",\"target\":[\"https:\\\/\\\/marktxxl.de\\\/markt\\\/produkt\\\/always-read-the-fine-print-im-pregnancy-t-shirt-women-funny-maternity-shirt-casual-letter-print-graphic-tee-tops\\\/\"]}]},{\"@type\":\"ImageObject\",\"inLanguage\":\"de\",\"@id\":\"https:\\\/\\\/marktxxl.de\\\/markt\\\/produkt\\\/always-read-the-fine-print-im-pregnancy-t-shirt-women-funny-maternity-shirt-casual-letter-print-graphic-tee-tops\\\/#primaryimage\",\"url\":\"https:\\\/\\\/m.media-amazon.com\\\/images\\\/I\\\/51nRdFEAfML._SL500_.jpg\",\"contentUrl\":\"https:\\\/\\\/m.media-amazon.com\\\/images\\\/I\\\/51nRdFEAfML._SL500_.jpg\",\"width\":442,\"height\":500},{\"@type\":\"BreadcrumbList\",\"@id\":\"https:\\\/\\\/marktxxl.de\\\/markt\\\/produkt\\\/always-read-the-fine-print-im-pregnancy-t-shirt-women-funny-maternity-shirt-casual-letter-print-graphic-tee-tops\\\/#breadcrumb\",\"itemListElement\":[{\"@type\":\"ListItem\",\"position\":1,\"name\":\"Startseite\",\"item\":\"https:\\\/\\\/marktxxl.de\\\/markt\\\/\"},{\"@type\":\"ListItem\",\"position\":2,\"name\":\"Markt\",\"item\":\"https:\\\/\\\/marktxxl.de\\\/markt\\\/\"},{\"@type\":\"ListItem\",\"position\":3,\"name\":\"Always Read The Fine Print I&#8217;m Pregnancy T-Shirt Women Funny Maternity Shirt Casual Letter Print Graphic Tee Tops\"}]},{\"@type\":\"WebSite\",\"@id\":\"https:\\\/\\\/marktxxl.de\\\/markt\\\/#website\",\"url\":\"https:\\\/\\\/marktxxl.de\\\/markt\\\/\",\"name\":\"Markt-XXL\",\"description\":\"Ihr Markt Online\",\"publisher\":{\"@id\":\"https:\\\/\\\/marktxxl.de\\\/markt\\\/#organization\"},\"potentialAction\":[{\"@type\":\"SearchAction\",\"target\":{\"@type\":\"EntryPoint\",\"urlTemplate\":\"https:\\\/\\\/marktxxl.de\\\/markt\\\/?s={search_term_string}\"},\"query-input\":{\"@type\":\"PropertyValueSpecification\",\"valueRequired\":true,\"valueName\":\"search_term_string\"}}],\"inLanguage\":\"de\"},{\"@type\":\"Organization\",\"@id\":\"https:\\\/\\\/marktxxl.de\\\/markt\\\/#organization\",\"name\":\"Markt-XXL\",\"url\":\"https:\\\/\\\/marktxxl.de\\\/markt\\\/\",\"logo\":{\"@type\":\"ImageObject\",\"inLanguage\":\"de\",\"@id\":\"https:\\\/\\\/marktxxl.de\\\/markt\\\/#\\\/schema\\\/logo\\\/image\\\/\",\"url\":\"https:\\\/\\\/marktxxl.de\\\/markt\\\/wp-content\\\/uploads\\\/sites\\\/3\\\/2020\\\/12\\\/logo.png\",\"contentUrl\":\"https:\\\/\\\/marktxxl.de\\\/markt\\\/wp-content\\\/uploads\\\/sites\\\/3\\\/2020\\\/12\\\/logo.png\",\"width\":200,\"height\":70,\"caption\":\"Markt-XXL\"},\"image\":{\"@id\":\"https:\\\/\\\/marktxxl.de\\\/markt\\\/#\\\/schema\\\/logo\\\/image\\\/\"}}]}<\/script>\n<!-- \/ Yoast SEO plugin. -->","yoast_head_json":{"title":"Always Read The Fine Print I'm Pregnancy T-Shirt Women Funny Maternity Shirt Casual Letter Print Graphic Tee Tops - Markt-XXL","description":"Markt-XXL Always Read The Fine Print I'm Pregnancy T-Shirt Women Funny Maternity Shirt Casual Letter Print Graphic Tee Tops","robots":{"index":"index","follow":"follow","max-snippet":"max-snippet:-1","max-image-preview":"max-image-preview:large","max-video-preview":"max-video-preview:-1"},"canonical":"https:\/\/marktxxl.de\/markt\/produkt\/always-read-the-fine-print-im-pregnancy-t-shirt-women-funny-maternity-shirt-casual-letter-print-graphic-tee-tops\/","og_locale":"de_DE","og_type":"article","og_title":"Always Read The Fine Print I'm Pregnancy T-Shirt Women Funny Maternity Shirt Casual Letter Print Graphic Tee Tops - Markt-XXL","og_description":"Markt-XXL Always Read The Fine Print I'm Pregnancy T-Shirt Women Funny Maternity Shirt Casual Letter Print Graphic Tee Tops","og_url":"https:\/\/marktxxl.de\/markt\/produkt\/always-read-the-fine-print-im-pregnancy-t-shirt-women-funny-maternity-shirt-casual-letter-print-graphic-tee-tops\/","og_site_name":"Markt-XXL","twitter_card":"summary_large_image","twitter_misc":{"Gesch\u00e4tzte Lesezeit":"1\u00a0Minute"},"schema":{"@context":"https:\/\/schema.org","@graph":[{"@type":"WebPage","@id":"https:\/\/marktxxl.de\/markt\/produkt\/always-read-the-fine-print-im-pregnancy-t-shirt-women-funny-maternity-shirt-casual-letter-print-graphic-tee-tops\/","url":"https:\/\/marktxxl.de\/markt\/produkt\/always-read-the-fine-print-im-pregnancy-t-shirt-women-funny-maternity-shirt-casual-letter-print-graphic-tee-tops\/","name":"Always Read The Fine Print I'm Pregnancy T-Shirt Women Funny Maternity Shirt Casual Letter Print Graphic Tee Tops - Markt-XXL","isPartOf":{"@id":"https:\/\/marktxxl.de\/markt\/#website"},"primaryImageOfPage":{"@id":"https:\/\/marktxxl.de\/markt\/produkt\/always-read-the-fine-print-im-pregnancy-t-shirt-women-funny-maternity-shirt-casual-letter-print-graphic-tee-tops\/#primaryimage"},"image":{"@id":"https:\/\/marktxxl.de\/markt\/produkt\/always-read-the-fine-print-im-pregnancy-t-shirt-women-funny-maternity-shirt-casual-letter-print-graphic-tee-tops\/#primaryimage"},"thumbnailUrl":"https:\/\/m.media-amazon.com\/images\/I\/51nRdFEAfML._SL500_.jpg","datePublished":"2024-07-28T12:47:06+00:00","description":"Markt-XXL Always Read The Fine Print I'm Pregnancy T-Shirt Women Funny Maternity Shirt Casual Letter Print Graphic Tee Tops","breadcrumb":{"@id":"https:\/\/marktxxl.de\/markt\/produkt\/always-read-the-fine-print-im-pregnancy-t-shirt-women-funny-maternity-shirt-casual-letter-print-graphic-tee-tops\/#breadcrumb"},"inLanguage":"de","potentialAction":[{"@type":"ReadAction","target":["https:\/\/marktxxl.de\/markt\/produkt\/always-read-the-fine-print-im-pregnancy-t-shirt-women-funny-maternity-shirt-casual-letter-print-graphic-tee-tops\/"]}]},{"@type":"ImageObject","inLanguage":"de","@id":"https:\/\/marktxxl.de\/markt\/produkt\/always-read-the-fine-print-im-pregnancy-t-shirt-women-funny-maternity-shirt-casual-letter-print-graphic-tee-tops\/#primaryimage","url":"https:\/\/m.media-amazon.com\/images\/I\/51nRdFEAfML._SL500_.jpg","contentUrl":"https:\/\/m.media-amazon.com\/images\/I\/51nRdFEAfML._SL500_.jpg","width":442,"height":500},{"@type":"BreadcrumbList","@id":"https:\/\/marktxxl.de\/markt\/produkt\/always-read-the-fine-print-im-pregnancy-t-shirt-women-funny-maternity-shirt-casual-letter-print-graphic-tee-tops\/#breadcrumb","itemListElement":[{"@type":"ListItem","position":1,"name":"Startseite","item":"https:\/\/marktxxl.de\/markt\/"},{"@type":"ListItem","position":2,"name":"Markt","item":"https:\/\/marktxxl.de\/markt\/"},{"@type":"ListItem","position":3,"name":"Always Read The Fine Print I&#8217;m Pregnancy T-Shirt Women Funny Maternity Shirt Casual Letter Print Graphic Tee Tops"}]},{"@type":"WebSite","@id":"https:\/\/marktxxl.de\/markt\/#website","url":"https:\/\/marktxxl.de\/markt\/","name":"Markt-XXL","description":"Ihr Markt Online","publisher":{"@id":"https:\/\/marktxxl.de\/markt\/#organization"},"potentialAction":[{"@type":"SearchAction","target":{"@type":"EntryPoint","urlTemplate":"https:\/\/marktxxl.de\/markt\/?s={search_term_string}"},"query-input":{"@type":"PropertyValueSpecification","valueRequired":true,"valueName":"search_term_string"}}],"inLanguage":"de"},{"@type":"Organization","@id":"https:\/\/marktxxl.de\/markt\/#organization","name":"Markt-XXL","url":"https:\/\/marktxxl.de\/markt\/","logo":{"@type":"ImageObject","inLanguage":"de","@id":"https:\/\/marktxxl.de\/markt\/#\/schema\/logo\/image\/","url":"https:\/\/marktxxl.de\/markt\/wp-content\/uploads\/sites\/3\/2020\/12\/logo.png","contentUrl":"https:\/\/marktxxl.de\/markt\/wp-content\/uploads\/sites\/3\/2020\/12\/logo.png","width":200,"height":70,"caption":"Markt-XXL"},"image":{"@id":"https:\/\/marktxxl.de\/markt\/#\/schema\/logo\/image\/"}}]}},"_links":{"self":[{"href":"https:\/\/marktxxl.de\/markt\/wp-json\/wp\/v2\/product\/221604","targetHints":{"allow":["GET"]}}],"collection":[{"href":"https:\/\/marktxxl.de\/markt\/wp-json\/wp\/v2\/product"}],"about":[{"href":"https:\/\/marktxxl.de\/markt\/wp-json\/wp\/v2\/types\/product"}],"replies":[{"embeddable":true,"href":"https:\/\/marktxxl.de\/markt\/wp-json\/wp\/v2\/comments?post=221604"}],"wp:featuredmedia":[{"embeddable":true,"href":"https:\/\/marktxxl.de\/markt\/wp-json\/wp\/v2\/media\/221605"}],"wp:attachment":[{"href":"https:\/\/marktxxl.de\/markt\/wp-json\/wp\/v2\/media?parent=221604"}],"wp:term":[{"taxonomy":"product_brand","embeddable":true,"href":"https:\/\/marktxxl.de\/markt\/wp-json\/wp\/v2\/product_brand?post=221604"},{"taxonomy":"product_cat","embeddable":true,"href":"https:\/\/marktxxl.de\/markt\/wp-json\/wp\/v2\/product_cat?post=221604"},{"taxonomy":"product_tag","embeddable":true,"href":"https:\/\/marktxxl.de\/markt\/wp-json\/wp\/v2\/product_tag?post=221604"}],"curies":[{"name":"wp","href":"https:\/\/api.w.org\/{rel}","templated":true}]}}