{"id":221573,"date":"2024-07-28T14:46:39","date_gmt":"2024-07-28T12:46:39","guid":{"rendered":"https:\/\/marktxxl.de\/markt\/produkt\/lazychild-mama-t-shirts-fuer-damen-mama-shirt-mommy-mom-bruh-shirt-lustiges-mama-t-shirt\/"},"modified":"2024-07-28T14:46:39","modified_gmt":"2024-07-28T12:46:39","slug":"lazychild-mama-t-shirts-fuer-damen-mama-shirt-mommy-mom-bruh-shirt-lustiges-mama-t-shirt","status":"publish","type":"product","link":"https:\/\/marktxxl.de\/markt\/produkt\/lazychild-mama-t-shirts-fuer-damen-mama-shirt-mommy-mom-bruh-shirt-lustiges-mama-t-shirt\/","title":{"rendered":"LAZYCHILD Mama T-Shirts f\u00fcr Damen, Mama-Shirt \u2013 Mommy Mom Bruh Shirt, lustiges Mama-T-Shirt"},"content":{"rendered":"<p>Weicher Stoff: Das LAZYCHILD Mama T-Shirt mit Buchstabendruck besteht aus einer hochwertigen Baumwollmischung, die weich, bequem und atmungsaktiv ist und den ganzen Tag Komfort gew\u00e4hrleistet. Der hochwertige Stoff ist langlebig und h\u00e4lt wiederholtem Verschlei\u00df und Waschen stand, ohne seine Form oder Textur zu verlieren.<br \/>\nStilvolles Design: Mit einem lustigen Buchstabendruck &#8220;Mama Mommy Mom Bruh&#8221; und niedlicher Mom-Life-Grafik ist dieses l\u00e4ssige Kurzarm-Shirt perfekt als Muttertagsgeschenk oder den Alltag. Mit diesem einzigartigen Mutterschafts-Design vermitteln Sie m\u00fchelos Ihren m\u00fctterlichen Stolz und zeigen Sie Ihre Liebe zu Ihren Kindern.<br \/>\nAnl\u00e4sse: Ob Sie einen l\u00e4ssigen Look oder sich verkleiden, dieses Shirt ist vielseitig einsetzbar und kann f\u00fcr Freizeitausfl\u00fcge, Streetwear, B\u00fcrokleidung, Zuhause, Schule, Alltag, Urlaub und besondere Feiertage wie Muttertag und Erntedankfest getragen werden.<br \/>\nVielseitiger Stil: Kombinieren Sie dieses Mama-Top mit Jeans, Shorts oder R\u00f6cken f\u00fcr einen l\u00e4ssigen und dennoch stilvollen Look. Verkleiden Sie es mit einem Blazer oder einer Mama-Halskette f\u00fcr einen formelleren Anlass oder tragen Sie es unter einem Pullover f\u00fcr zus\u00e4tzliche W\u00e4rme. Vervollst\u00e4ndigen Sie den Look mit Sneakers oder flachen Schuhen f\u00fcr einen l\u00e4ssigen Look oder verkleiden Sie ihn mit Abs\u00e4tzen f\u00fcr einen anspruchsvolleren Look. Dieses Mama Shirt bietet endlose Stylingm\u00f6glichkeiten!<br \/>\n\u2764 Geschenk f\u00fcr Mama: Dieses LAZYCHILD Damen-T-Shirt ist das perfekte Geschenk f\u00fcr jede Mutter, die stilvolle und bequeme Kleidung liebt. Sein vielseitiges Design, die lustige Grafik und die langlebige Qualit\u00e4t machen es zu einem idealen Geschenk f\u00fcr Muttertag, Geburtstage oder jeden Anlass. Dieses Geschenkshirt f\u00fcr M\u00fctter ist eine perfekte M\u00f6glichkeit, Ihre Liebe und Wertsch\u00e4tzung f\u00fcr Ihre Mutter auszudr\u00fccken oder Ihre eigene Reise als neue Mutter zu feiern.<br \/>\n<div class=\"main-cross-sell\" data-asin=\"B0BRT81CVB\">\n\n\t<div class=\"WooZone-cross-sell-loader\">\n\t\t<div>\n\t\t\t<div id=\"floatingBarsG\">\n\t\t\t\t<div class=\"blockG\" id=\"rotateG_01\"><\/div>\n\t\t\t\t<div class=\"blockG\" id=\"rotateG_02\"><\/div>\n\t\t\t\t<div class=\"blockG\" id=\"rotateG_03\"><\/div>\n\t\t\t\t<div class=\"blockG\" id=\"rotateG_04\"><\/div>\n\t\t\t\t<div class=\"blockG\" id=\"rotateG_05\"><\/div>\n\t\t\t\t<div class=\"blockG\" id=\"rotateG_06\"><\/div>\n\t\t\t\t<div class=\"blockG\" id=\"rotateG_07\"><\/div>\n\t\t\t\t<div class=\"blockG\" id=\"rotateG_08\"><\/div>\n\t\t\t<\/div>\n\t\t\t<div class=\"WooZone-cross-sell-loader-text\"><\/div>\n\t\t<\/div>\n\t<\/div>\n\n\t\t\n<\/div>\n<div style=\"clear:both;\"><\/div><\/p>\n","protected":false},"excerpt":{"rendered":"<p>Weicher Stoff: Das LAZYCHILD Mama T-Shirt mit Buchstabendruck besteht aus einer hochwertigen Baumwollmischung, die weich, bequem und atmungsaktiv ist und den ganzen Tag Komfort gew\u00e4hrleistet. Der hochwertige Stoff ist langlebig und h\u00e4lt wiederholtem Verschlei\u00df und Waschen stand, ohne seine Form oder Textur zu verlieren.<br \/>\nStilvolles Design: Mit einem lustigen Buchstabendruck &#8220;Mama Mommy Mom Bruh&#8221; und niedlicher Mom-Life-Grafik ist dieses l\u00e4ssige Kurzarm-Shirt perfekt als Muttertagsgeschenk oder den Alltag. Mit diesem einzigartigen Mutterschafts-Design vermitteln Sie m\u00fchelos Ihren m\u00fctterlichen Stolz und zeigen Sie Ihre Liebe zu Ihren Kindern.<br \/>\nAnl\u00e4sse: Ob Sie einen l\u00e4ssigen Look oder sich verkleiden, dieses Shirt ist vielseitig einsetzbar und kann f\u00fcr Freizeitausfl\u00fcge, Streetwear, B\u00fcrokleidung, Zuhause, Schule, Alltag, Urlaub und besondere Feiertage wie Muttertag und Erntedankfest getragen werden.<\/p>\n","protected":false},"featured_media":221574,"comment_status":"open","ping_status":"closed","template":"","meta":[],"product_brand":[],"product_cat":[21,9478],"product_tag":[],"class_list":{"0":"post-221573","1":"product","2":"type-product","3":"status-publish","4":"has-post-thumbnail","6":"product_cat-baby","7":"product_cat-umstandskleidung-baby","8":"pa_binding-textilien","9":"pa_brand-lazychild","11":"first","12":"instock","13":"shipping-taxable","14":"product-type-simple","15":"customify-col","16":"product-has-gallery"},"yoast_head":"<!-- This site is optimized with the Yoast SEO plugin v27.4 - https:\/\/yoast.com\/product\/yoast-seo-wordpress\/ -->\n<title>LAZYCHILD Mama T-Shirts f\u00fcr Damen, Mama-Shirt \u2013 Mommy Mom Bruh Shirt, lustiges Mama-T-Shirt - Markt-XXL<\/title>\n<meta name=\"description\" content=\"Markt-XXL LAZYCHILD Mama T-Shirts f\u00fcr Damen, Mama-Shirt \u2013 Mommy Mom Bruh Shirt, lustiges Mama-T-Shirt\" \/>\n<meta name=\"robots\" content=\"index, follow, max-snippet:-1, max-image-preview:large, max-video-preview:-1\" \/>\n<link rel=\"canonical\" href=\"https:\/\/marktxxl.de\/markt\/produkt\/lazychild-mama-t-shirts-fuer-damen-mama-shirt-mommy-mom-bruh-shirt-lustiges-mama-t-shirt\/\" \/>\n<meta property=\"og:locale\" content=\"de_DE\" \/>\n<meta property=\"og:type\" content=\"article\" \/>\n<meta property=\"og:title\" content=\"LAZYCHILD Mama T-Shirts f\u00fcr Damen, Mama-Shirt \u2013 Mommy Mom Bruh Shirt, lustiges Mama-T-Shirt - Markt-XXL\" \/>\n<meta property=\"og:description\" content=\"Markt-XXL LAZYCHILD Mama T-Shirts f\u00fcr Damen, Mama-Shirt \u2013 Mommy Mom Bruh Shirt, lustiges Mama-T-Shirt\" \/>\n<meta property=\"og:url\" content=\"https:\/\/marktxxl.de\/markt\/produkt\/lazychild-mama-t-shirts-fuer-damen-mama-shirt-mommy-mom-bruh-shirt-lustiges-mama-t-shirt\/\" \/>\n<meta property=\"og:site_name\" content=\"Markt-XXL\" \/>\n<meta name=\"twitter:card\" content=\"summary_large_image\" \/>\n<meta name=\"twitter:label1\" content=\"Gesch\u00e4tzte Lesezeit\" \/>\n\t<meta name=\"twitter:data1\" content=\"1\u00a0Minute\" \/>\n<script type=\"application\/ld+json\" class=\"yoast-schema-graph\">{\"@context\":\"https:\\\/\\\/schema.org\",\"@graph\":[{\"@type\":\"WebPage\",\"@id\":\"https:\\\/\\\/marktxxl.de\\\/markt\\\/produkt\\\/lazychild-mama-t-shirts-fuer-damen-mama-shirt-mommy-mom-bruh-shirt-lustiges-mama-t-shirt\\\/\",\"url\":\"https:\\\/\\\/marktxxl.de\\\/markt\\\/produkt\\\/lazychild-mama-t-shirts-fuer-damen-mama-shirt-mommy-mom-bruh-shirt-lustiges-mama-t-shirt\\\/\",\"name\":\"LAZYCHILD Mama T-Shirts f\u00fcr Damen, Mama-Shirt \u2013 Mommy Mom Bruh Shirt, lustiges Mama-T-Shirt - Markt-XXL\",\"isPartOf\":{\"@id\":\"https:\\\/\\\/marktxxl.de\\\/markt\\\/#website\"},\"primaryImageOfPage\":{\"@id\":\"https:\\\/\\\/marktxxl.de\\\/markt\\\/produkt\\\/lazychild-mama-t-shirts-fuer-damen-mama-shirt-mommy-mom-bruh-shirt-lustiges-mama-t-shirt\\\/#primaryimage\"},\"image\":{\"@id\":\"https:\\\/\\\/marktxxl.de\\\/markt\\\/produkt\\\/lazychild-mama-t-shirts-fuer-damen-mama-shirt-mommy-mom-bruh-shirt-lustiges-mama-t-shirt\\\/#primaryimage\"},\"thumbnailUrl\":\"https:\\\/\\\/m.media-amazon.com\\\/images\\\/I\\\/41KSnB+H5-L._SL500_.jpg\",\"datePublished\":\"2024-07-28T12:46:39+00:00\",\"description\":\"Markt-XXL LAZYCHILD Mama T-Shirts f\u00fcr Damen, Mama-Shirt \u2013 Mommy Mom Bruh Shirt, lustiges Mama-T-Shirt\",\"breadcrumb\":{\"@id\":\"https:\\\/\\\/marktxxl.de\\\/markt\\\/produkt\\\/lazychild-mama-t-shirts-fuer-damen-mama-shirt-mommy-mom-bruh-shirt-lustiges-mama-t-shirt\\\/#breadcrumb\"},\"inLanguage\":\"de\",\"potentialAction\":[{\"@type\":\"ReadAction\",\"target\":[\"https:\\\/\\\/marktxxl.de\\\/markt\\\/produkt\\\/lazychild-mama-t-shirts-fuer-damen-mama-shirt-mommy-mom-bruh-shirt-lustiges-mama-t-shirt\\\/\"]}]},{\"@type\":\"ImageObject\",\"inLanguage\":\"de\",\"@id\":\"https:\\\/\\\/marktxxl.de\\\/markt\\\/produkt\\\/lazychild-mama-t-shirts-fuer-damen-mama-shirt-mommy-mom-bruh-shirt-lustiges-mama-t-shirt\\\/#primaryimage\",\"url\":\"https:\\\/\\\/m.media-amazon.com\\\/images\\\/I\\\/41KSnB+H5-L._SL500_.jpg\",\"contentUrl\":\"https:\\\/\\\/m.media-amazon.com\\\/images\\\/I\\\/41KSnB+H5-L._SL500_.jpg\",\"width\":500,\"height\":500},{\"@type\":\"BreadcrumbList\",\"@id\":\"https:\\\/\\\/marktxxl.de\\\/markt\\\/produkt\\\/lazychild-mama-t-shirts-fuer-damen-mama-shirt-mommy-mom-bruh-shirt-lustiges-mama-t-shirt\\\/#breadcrumb\",\"itemListElement\":[{\"@type\":\"ListItem\",\"position\":1,\"name\":\"Startseite\",\"item\":\"https:\\\/\\\/marktxxl.de\\\/markt\\\/\"},{\"@type\":\"ListItem\",\"position\":2,\"name\":\"Markt\",\"item\":\"https:\\\/\\\/marktxxl.de\\\/markt\\\/\"},{\"@type\":\"ListItem\",\"position\":3,\"name\":\"LAZYCHILD Mama T-Shirts f\u00fcr Damen, Mama-Shirt \u2013 Mommy Mom Bruh Shirt, lustiges Mama-T-Shirt\"}]},{\"@type\":\"WebSite\",\"@id\":\"https:\\\/\\\/marktxxl.de\\\/markt\\\/#website\",\"url\":\"https:\\\/\\\/marktxxl.de\\\/markt\\\/\",\"name\":\"Markt-XXL\",\"description\":\"Ihr Markt Online\",\"publisher\":{\"@id\":\"https:\\\/\\\/marktxxl.de\\\/markt\\\/#organization\"},\"potentialAction\":[{\"@type\":\"SearchAction\",\"target\":{\"@type\":\"EntryPoint\",\"urlTemplate\":\"https:\\\/\\\/marktxxl.de\\\/markt\\\/?s={search_term_string}\"},\"query-input\":{\"@type\":\"PropertyValueSpecification\",\"valueRequired\":true,\"valueName\":\"search_term_string\"}}],\"inLanguage\":\"de\"},{\"@type\":\"Organization\",\"@id\":\"https:\\\/\\\/marktxxl.de\\\/markt\\\/#organization\",\"name\":\"Markt-XXL\",\"url\":\"https:\\\/\\\/marktxxl.de\\\/markt\\\/\",\"logo\":{\"@type\":\"ImageObject\",\"inLanguage\":\"de\",\"@id\":\"https:\\\/\\\/marktxxl.de\\\/markt\\\/#\\\/schema\\\/logo\\\/image\\\/\",\"url\":\"https:\\\/\\\/marktxxl.de\\\/markt\\\/wp-content\\\/uploads\\\/sites\\\/3\\\/2020\\\/12\\\/logo.png\",\"contentUrl\":\"https:\\\/\\\/marktxxl.de\\\/markt\\\/wp-content\\\/uploads\\\/sites\\\/3\\\/2020\\\/12\\\/logo.png\",\"width\":200,\"height\":70,\"caption\":\"Markt-XXL\"},\"image\":{\"@id\":\"https:\\\/\\\/marktxxl.de\\\/markt\\\/#\\\/schema\\\/logo\\\/image\\\/\"}}]}<\/script>\n<!-- \/ Yoast SEO plugin. -->","yoast_head_json":{"title":"LAZYCHILD Mama T-Shirts f\u00fcr Damen, Mama-Shirt \u2013 Mommy Mom Bruh Shirt, lustiges Mama-T-Shirt - Markt-XXL","description":"Markt-XXL LAZYCHILD Mama T-Shirts f\u00fcr Damen, Mama-Shirt \u2013 Mommy Mom Bruh Shirt, lustiges Mama-T-Shirt","robots":{"index":"index","follow":"follow","max-snippet":"max-snippet:-1","max-image-preview":"max-image-preview:large","max-video-preview":"max-video-preview:-1"},"canonical":"https:\/\/marktxxl.de\/markt\/produkt\/lazychild-mama-t-shirts-fuer-damen-mama-shirt-mommy-mom-bruh-shirt-lustiges-mama-t-shirt\/","og_locale":"de_DE","og_type":"article","og_title":"LAZYCHILD Mama T-Shirts f\u00fcr Damen, Mama-Shirt \u2013 Mommy Mom Bruh Shirt, lustiges Mama-T-Shirt - Markt-XXL","og_description":"Markt-XXL LAZYCHILD Mama T-Shirts f\u00fcr Damen, Mama-Shirt \u2013 Mommy Mom Bruh Shirt, lustiges Mama-T-Shirt","og_url":"https:\/\/marktxxl.de\/markt\/produkt\/lazychild-mama-t-shirts-fuer-damen-mama-shirt-mommy-mom-bruh-shirt-lustiges-mama-t-shirt\/","og_site_name":"Markt-XXL","twitter_card":"summary_large_image","twitter_misc":{"Gesch\u00e4tzte Lesezeit":"1\u00a0Minute"},"schema":{"@context":"https:\/\/schema.org","@graph":[{"@type":"WebPage","@id":"https:\/\/marktxxl.de\/markt\/produkt\/lazychild-mama-t-shirts-fuer-damen-mama-shirt-mommy-mom-bruh-shirt-lustiges-mama-t-shirt\/","url":"https:\/\/marktxxl.de\/markt\/produkt\/lazychild-mama-t-shirts-fuer-damen-mama-shirt-mommy-mom-bruh-shirt-lustiges-mama-t-shirt\/","name":"LAZYCHILD Mama T-Shirts f\u00fcr Damen, Mama-Shirt \u2013 Mommy Mom Bruh Shirt, lustiges Mama-T-Shirt - Markt-XXL","isPartOf":{"@id":"https:\/\/marktxxl.de\/markt\/#website"},"primaryImageOfPage":{"@id":"https:\/\/marktxxl.de\/markt\/produkt\/lazychild-mama-t-shirts-fuer-damen-mama-shirt-mommy-mom-bruh-shirt-lustiges-mama-t-shirt\/#primaryimage"},"image":{"@id":"https:\/\/marktxxl.de\/markt\/produkt\/lazychild-mama-t-shirts-fuer-damen-mama-shirt-mommy-mom-bruh-shirt-lustiges-mama-t-shirt\/#primaryimage"},"thumbnailUrl":"https:\/\/m.media-amazon.com\/images\/I\/41KSnB+H5-L._SL500_.jpg","datePublished":"2024-07-28T12:46:39+00:00","description":"Markt-XXL LAZYCHILD Mama T-Shirts f\u00fcr Damen, Mama-Shirt \u2013 Mommy Mom Bruh Shirt, lustiges Mama-T-Shirt","breadcrumb":{"@id":"https:\/\/marktxxl.de\/markt\/produkt\/lazychild-mama-t-shirts-fuer-damen-mama-shirt-mommy-mom-bruh-shirt-lustiges-mama-t-shirt\/#breadcrumb"},"inLanguage":"de","potentialAction":[{"@type":"ReadAction","target":["https:\/\/marktxxl.de\/markt\/produkt\/lazychild-mama-t-shirts-fuer-damen-mama-shirt-mommy-mom-bruh-shirt-lustiges-mama-t-shirt\/"]}]},{"@type":"ImageObject","inLanguage":"de","@id":"https:\/\/marktxxl.de\/markt\/produkt\/lazychild-mama-t-shirts-fuer-damen-mama-shirt-mommy-mom-bruh-shirt-lustiges-mama-t-shirt\/#primaryimage","url":"https:\/\/m.media-amazon.com\/images\/I\/41KSnB+H5-L._SL500_.jpg","contentUrl":"https:\/\/m.media-amazon.com\/images\/I\/41KSnB+H5-L._SL500_.jpg","width":500,"height":500},{"@type":"BreadcrumbList","@id":"https:\/\/marktxxl.de\/markt\/produkt\/lazychild-mama-t-shirts-fuer-damen-mama-shirt-mommy-mom-bruh-shirt-lustiges-mama-t-shirt\/#breadcrumb","itemListElement":[{"@type":"ListItem","position":1,"name":"Startseite","item":"https:\/\/marktxxl.de\/markt\/"},{"@type":"ListItem","position":2,"name":"Markt","item":"https:\/\/marktxxl.de\/markt\/"},{"@type":"ListItem","position":3,"name":"LAZYCHILD Mama T-Shirts f\u00fcr Damen, Mama-Shirt \u2013 Mommy Mom Bruh Shirt, lustiges Mama-T-Shirt"}]},{"@type":"WebSite","@id":"https:\/\/marktxxl.de\/markt\/#website","url":"https:\/\/marktxxl.de\/markt\/","name":"Markt-XXL","description":"Ihr Markt Online","publisher":{"@id":"https:\/\/marktxxl.de\/markt\/#organization"},"potentialAction":[{"@type":"SearchAction","target":{"@type":"EntryPoint","urlTemplate":"https:\/\/marktxxl.de\/markt\/?s={search_term_string}"},"query-input":{"@type":"PropertyValueSpecification","valueRequired":true,"valueName":"search_term_string"}}],"inLanguage":"de"},{"@type":"Organization","@id":"https:\/\/marktxxl.de\/markt\/#organization","name":"Markt-XXL","url":"https:\/\/marktxxl.de\/markt\/","logo":{"@type":"ImageObject","inLanguage":"de","@id":"https:\/\/marktxxl.de\/markt\/#\/schema\/logo\/image\/","url":"https:\/\/marktxxl.de\/markt\/wp-content\/uploads\/sites\/3\/2020\/12\/logo.png","contentUrl":"https:\/\/marktxxl.de\/markt\/wp-content\/uploads\/sites\/3\/2020\/12\/logo.png","width":200,"height":70,"caption":"Markt-XXL"},"image":{"@id":"https:\/\/marktxxl.de\/markt\/#\/schema\/logo\/image\/"}}]}},"_links":{"self":[{"href":"https:\/\/marktxxl.de\/markt\/wp-json\/wp\/v2\/product\/221573","targetHints":{"allow":["GET"]}}],"collection":[{"href":"https:\/\/marktxxl.de\/markt\/wp-json\/wp\/v2\/product"}],"about":[{"href":"https:\/\/marktxxl.de\/markt\/wp-json\/wp\/v2\/types\/product"}],"replies":[{"embeddable":true,"href":"https:\/\/marktxxl.de\/markt\/wp-json\/wp\/v2\/comments?post=221573"}],"wp:featuredmedia":[{"embeddable":true,"href":"https:\/\/marktxxl.de\/markt\/wp-json\/wp\/v2\/media\/221574"}],"wp:attachment":[{"href":"https:\/\/marktxxl.de\/markt\/wp-json\/wp\/v2\/media?parent=221573"}],"wp:term":[{"taxonomy":"product_brand","embeddable":true,"href":"https:\/\/marktxxl.de\/markt\/wp-json\/wp\/v2\/product_brand?post=221573"},{"taxonomy":"product_cat","embeddable":true,"href":"https:\/\/marktxxl.de\/markt\/wp-json\/wp\/v2\/product_cat?post=221573"},{"taxonomy":"product_tag","embeddable":true,"href":"https:\/\/marktxxl.de\/markt\/wp-json\/wp\/v2\/product_tag?post=221573"}],"curies":[{"name":"wp","href":"https:\/\/api.w.org\/{rel}","templated":true}]}}