{"id":221533,"date":"2024-07-28T14:44:22","date_gmt":"2024-07-28T12:44:22","guid":{"rendered":"https:\/\/marktxxl.de\/markt\/produkt\/badewannenauslauf-abdeckung-fuer-badewanne-wasserhahn-babyabdeckungen-schuetzen-das-baby-waehrend-des-badens-und-machen-gleichzeitig-spass-niedliche-weiche-walherstellung-fuer-angenehme-si\/"},"modified":"2024-07-28T14:44:22","modified_gmt":"2024-07-28T12:44:22","slug":"badewannenauslauf-abdeckung-fuer-badewanne-wasserhahn-babyabdeckungen-schuetzen-das-baby-waehrend-des-badens-und-machen-gleichzeitig-spass-niedliche-weiche-walherstellung-fuer-angenehme-si","status":"publish","type":"product","link":"https:\/\/marktxxl.de\/markt\/produkt\/badewannenauslauf-abdeckung-fuer-badewanne-wasserhahn-babyabdeckungen-schuetzen-das-baby-waehrend-des-badens-und-machen-gleichzeitig-spass-niedliche-weiche-walherstellung-fuer-angenehme-si\/","title":{"rendered":"Badewannenauslauf-Abdeckung f\u00fcr Badewanne \u2013 Wasserhahn-Babyabdeckungen sch\u00fctzen das Baby w\u00e4hrend des Badens und machen gleichzeitig Spa\u00df. Niedliche weiche Walherstellung f\u00fcr angenehme, sichere B\u00e4der,"},"content":{"rendered":"<p>Sichere Badezeit: Machen Sie Ihre Badewanne sicher f\u00fcr Ihr Baby\/Kleinkind mit unseren niedlichen Wal-Wasserhahnabdeckungen.<br \/>\nEinfach zu installieren: Universell passend f\u00fcr alle Standard-Badewannen-Armaturen mit verstellbarem Riemen.<br \/>\nFamiliensicher: BPA-frei, ohne Chemikalien oder sch\u00e4dliche Materialien, die Ihren Kindern schaden.<br \/>\nNiedlich und lustig: Kinder lieben unser Wal-Design, das das Baden lustig und angenehm macht.<br \/>\nUnser Produktversprechen: Wenn Sie unsere Produkte nicht lieben, senden Sie sie einfach f\u00fcr eine volle R\u00fcckerstattung zur\u00fcck.<br \/>\n<div class=\"main-cross-sell\" data-asin=\"B07QRW4C3H\">\n\n\t<div class=\"WooZone-cross-sell-loader\">\n\t\t<div>\n\t\t\t<div id=\"floatingBarsG\">\n\t\t\t\t<div class=\"blockG\" id=\"rotateG_01\"><\/div>\n\t\t\t\t<div class=\"blockG\" id=\"rotateG_02\"><\/div>\n\t\t\t\t<div class=\"blockG\" id=\"rotateG_03\"><\/div>\n\t\t\t\t<div class=\"blockG\" id=\"rotateG_04\"><\/div>\n\t\t\t\t<div class=\"blockG\" id=\"rotateG_05\"><\/div>\n\t\t\t\t<div class=\"blockG\" id=\"rotateG_06\"><\/div>\n\t\t\t\t<div class=\"blockG\" id=\"rotateG_07\"><\/div>\n\t\t\t\t<div class=\"blockG\" id=\"rotateG_08\"><\/div>\n\t\t\t<\/div>\n\t\t\t<div class=\"WooZone-cross-sell-loader-text\"><\/div>\n\t\t<\/div>\n\t<\/div>\n\n\t\t\n<\/div>\n<div style=\"clear:both;\"><\/div><\/p>\n","protected":false},"excerpt":{"rendered":"<p>Sichere Badezeit: Machen Sie Ihre Badewanne sicher f\u00fcr Ihr Baby\/Kleinkind mit unseren niedlichen Wal-Wasserhahnabdeckungen.<br \/>\nEinfach zu installieren: Universell passend f\u00fcr alle Standard-Badewannen-Armaturen mit verstellbarem Riemen.<br \/>\nFamiliensicher: BPA-frei, ohne Chemikalien oder sch\u00e4dliche Materialien, die Ihren Kindern schaden.<\/p>\n","protected":false},"featured_media":221534,"comment_status":"open","ping_status":"closed","template":"","meta":[],"product_brand":[],"product_cat":[21,9378],"product_tag":[],"class_list":{"0":"post-221533","1":"product","2":"type-product","3":"status-publish","4":"has-post-thumbnail","6":"product_cat-baby","7":"product_cat-sicherheit-baby","8":"pa_binding-babyartikel","9":"pa_brand-youthful-advantage","10":"pa_color-violett","11":"pa_manufacturer-desertoasis-international-marketing","12":"pa_model-whale-faucet-cover","13":"pa_size-1-count-pack-of-1","15":"first","16":"instock","17":"shipping-taxable","18":"purchasable","19":"product-type-simple","20":"customify-col","21":"product-has-gallery"},"yoast_head":"<!-- This site is optimized with the Yoast SEO plugin v27.4 - https:\/\/yoast.com\/product\/yoast-seo-wordpress\/ -->\n<title>Badewannenauslauf-Abdeckung f\u00fcr Badewanne \u2013 Wasserhahn-Babyabdeckungen sch\u00fctzen das Baby w\u00e4hrend des Badens und machen gleichzeitig Spa\u00df. Niedliche weiche Walherstellung f\u00fcr angenehme, sichere B\u00e4der, - Markt-XXL<\/title>\n<meta name=\"description\" content=\"Markt-XXL Badewannenauslauf-Abdeckung f\u00fcr Badewanne \u2013 Wasserhahn-Babyabdeckungen sch\u00fctzen das Baby w\u00e4hrend des Badens und machen gleichzeitig Spa\u00df. Niedliche weiche Walherstellung f\u00fcr angenehme, sichere B\u00e4der,\" \/>\n<meta name=\"robots\" content=\"index, follow, max-snippet:-1, max-image-preview:large, max-video-preview:-1\" \/>\n<link rel=\"canonical\" href=\"https:\/\/marktxxl.de\/markt\/produkt\/badewannenauslauf-abdeckung-fuer-badewanne-wasserhahn-babyabdeckungen-schuetzen-das-baby-waehrend-des-badens-und-machen-gleichzeitig-spass-niedliche-weiche-walherstellung-fuer-angenehme-si\/\" \/>\n<meta property=\"og:locale\" content=\"de_DE\" \/>\n<meta property=\"og:type\" content=\"article\" \/>\n<meta property=\"og:title\" content=\"Badewannenauslauf-Abdeckung f\u00fcr Badewanne \u2013 Wasserhahn-Babyabdeckungen sch\u00fctzen das Baby w\u00e4hrend des Badens und machen gleichzeitig Spa\u00df. Niedliche weiche Walherstellung f\u00fcr angenehme, sichere B\u00e4der, - Markt-XXL\" \/>\n<meta property=\"og:description\" content=\"Markt-XXL Badewannenauslauf-Abdeckung f\u00fcr Badewanne \u2013 Wasserhahn-Babyabdeckungen sch\u00fctzen das Baby w\u00e4hrend des Badens und machen gleichzeitig Spa\u00df. Niedliche weiche Walherstellung f\u00fcr angenehme, sichere B\u00e4der,\" \/>\n<meta property=\"og:url\" content=\"https:\/\/marktxxl.de\/markt\/produkt\/badewannenauslauf-abdeckung-fuer-badewanne-wasserhahn-babyabdeckungen-schuetzen-das-baby-waehrend-des-badens-und-machen-gleichzeitig-spass-niedliche-weiche-walherstellung-fuer-angenehme-si\/\" \/>\n<meta property=\"og:site_name\" content=\"Markt-XXL\" \/>\n<meta name=\"twitter:card\" content=\"summary_large_image\" \/>\n<script type=\"application\/ld+json\" class=\"yoast-schema-graph\">{\"@context\":\"https:\\\/\\\/schema.org\",\"@graph\":[{\"@type\":\"WebPage\",\"@id\":\"https:\\\/\\\/marktxxl.de\\\/markt\\\/produkt\\\/badewannenauslauf-abdeckung-fuer-badewanne-wasserhahn-babyabdeckungen-schuetzen-das-baby-waehrend-des-badens-und-machen-gleichzeitig-spass-niedliche-weiche-walherstellung-fuer-angenehme-si\\\/\",\"url\":\"https:\\\/\\\/marktxxl.de\\\/markt\\\/produkt\\\/badewannenauslauf-abdeckung-fuer-badewanne-wasserhahn-babyabdeckungen-schuetzen-das-baby-waehrend-des-badens-und-machen-gleichzeitig-spass-niedliche-weiche-walherstellung-fuer-angenehme-si\\\/\",\"name\":\"Badewannenauslauf-Abdeckung f\u00fcr Badewanne \u2013 Wasserhahn-Babyabdeckungen sch\u00fctzen das Baby w\u00e4hrend des Badens und machen gleichzeitig Spa\u00df. Niedliche weiche Walherstellung f\u00fcr angenehme, sichere B\u00e4der, - Markt-XXL\",\"isPartOf\":{\"@id\":\"https:\\\/\\\/marktxxl.de\\\/markt\\\/#website\"},\"primaryImageOfPage\":{\"@id\":\"https:\\\/\\\/marktxxl.de\\\/markt\\\/produkt\\\/badewannenauslauf-abdeckung-fuer-badewanne-wasserhahn-babyabdeckungen-schuetzen-das-baby-waehrend-des-badens-und-machen-gleichzeitig-spass-niedliche-weiche-walherstellung-fuer-angenehme-si\\\/#primaryimage\"},\"image\":{\"@id\":\"https:\\\/\\\/marktxxl.de\\\/markt\\\/produkt\\\/badewannenauslauf-abdeckung-fuer-badewanne-wasserhahn-babyabdeckungen-schuetzen-das-baby-waehrend-des-badens-und-machen-gleichzeitig-spass-niedliche-weiche-walherstellung-fuer-angenehme-si\\\/#primaryimage\"},\"thumbnailUrl\":\"https:\\\/\\\/m.media-amazon.com\\\/images\\\/I\\\/318UhI7oTJL._SL500_.jpg\",\"datePublished\":\"2024-07-28T12:44:22+00:00\",\"description\":\"Markt-XXL Badewannenauslauf-Abdeckung f\u00fcr Badewanne \u2013 Wasserhahn-Babyabdeckungen sch\u00fctzen das Baby w\u00e4hrend des Badens und machen gleichzeitig Spa\u00df. Niedliche weiche Walherstellung f\u00fcr angenehme, sichere B\u00e4der,\",\"breadcrumb\":{\"@id\":\"https:\\\/\\\/marktxxl.de\\\/markt\\\/produkt\\\/badewannenauslauf-abdeckung-fuer-badewanne-wasserhahn-babyabdeckungen-schuetzen-das-baby-waehrend-des-badens-und-machen-gleichzeitig-spass-niedliche-weiche-walherstellung-fuer-angenehme-si\\\/#breadcrumb\"},\"inLanguage\":\"de\",\"potentialAction\":[{\"@type\":\"ReadAction\",\"target\":[\"https:\\\/\\\/marktxxl.de\\\/markt\\\/produkt\\\/badewannenauslauf-abdeckung-fuer-badewanne-wasserhahn-babyabdeckungen-schuetzen-das-baby-waehrend-des-badens-und-machen-gleichzeitig-spass-niedliche-weiche-walherstellung-fuer-angenehme-si\\\/\"]}]},{\"@type\":\"ImageObject\",\"inLanguage\":\"de\",\"@id\":\"https:\\\/\\\/marktxxl.de\\\/markt\\\/produkt\\\/badewannenauslauf-abdeckung-fuer-badewanne-wasserhahn-babyabdeckungen-schuetzen-das-baby-waehrend-des-badens-und-machen-gleichzeitig-spass-niedliche-weiche-walherstellung-fuer-angenehme-si\\\/#primaryimage\",\"url\":\"https:\\\/\\\/m.media-amazon.com\\\/images\\\/I\\\/318UhI7oTJL._SL500_.jpg\",\"contentUrl\":\"https:\\\/\\\/m.media-amazon.com\\\/images\\\/I\\\/318UhI7oTJL._SL500_.jpg\",\"width\":500,\"height\":333},{\"@type\":\"BreadcrumbList\",\"@id\":\"https:\\\/\\\/marktxxl.de\\\/markt\\\/produkt\\\/badewannenauslauf-abdeckung-fuer-badewanne-wasserhahn-babyabdeckungen-schuetzen-das-baby-waehrend-des-badens-und-machen-gleichzeitig-spass-niedliche-weiche-walherstellung-fuer-angenehme-si\\\/#breadcrumb\",\"itemListElement\":[{\"@type\":\"ListItem\",\"position\":1,\"name\":\"Startseite\",\"item\":\"https:\\\/\\\/marktxxl.de\\\/markt\\\/\"},{\"@type\":\"ListItem\",\"position\":2,\"name\":\"Markt\",\"item\":\"https:\\\/\\\/marktxxl.de\\\/markt\\\/\"},{\"@type\":\"ListItem\",\"position\":3,\"name\":\"Badewannenauslauf-Abdeckung f\u00fcr Badewanne \u2013 Wasserhahn-Babyabdeckungen sch\u00fctzen das Baby w\u00e4hrend des Badens und machen gleichzeitig Spa\u00df. Niedliche weiche Walherstellung f\u00fcr angenehme, sichere B\u00e4der,\"}]},{\"@type\":\"WebSite\",\"@id\":\"https:\\\/\\\/marktxxl.de\\\/markt\\\/#website\",\"url\":\"https:\\\/\\\/marktxxl.de\\\/markt\\\/\",\"name\":\"Markt-XXL\",\"description\":\"Ihr Markt Online\",\"publisher\":{\"@id\":\"https:\\\/\\\/marktxxl.de\\\/markt\\\/#organization\"},\"potentialAction\":[{\"@type\":\"SearchAction\",\"target\":{\"@type\":\"EntryPoint\",\"urlTemplate\":\"https:\\\/\\\/marktxxl.de\\\/markt\\\/?s={search_term_string}\"},\"query-input\":{\"@type\":\"PropertyValueSpecification\",\"valueRequired\":true,\"valueName\":\"search_term_string\"}}],\"inLanguage\":\"de\"},{\"@type\":\"Organization\",\"@id\":\"https:\\\/\\\/marktxxl.de\\\/markt\\\/#organization\",\"name\":\"Markt-XXL\",\"url\":\"https:\\\/\\\/marktxxl.de\\\/markt\\\/\",\"logo\":{\"@type\":\"ImageObject\",\"inLanguage\":\"de\",\"@id\":\"https:\\\/\\\/marktxxl.de\\\/markt\\\/#\\\/schema\\\/logo\\\/image\\\/\",\"url\":\"https:\\\/\\\/marktxxl.de\\\/markt\\\/wp-content\\\/uploads\\\/sites\\\/3\\\/2020\\\/12\\\/logo.png\",\"contentUrl\":\"https:\\\/\\\/marktxxl.de\\\/markt\\\/wp-content\\\/uploads\\\/sites\\\/3\\\/2020\\\/12\\\/logo.png\",\"width\":200,\"height\":70,\"caption\":\"Markt-XXL\"},\"image\":{\"@id\":\"https:\\\/\\\/marktxxl.de\\\/markt\\\/#\\\/schema\\\/logo\\\/image\\\/\"}}]}<\/script>\n<!-- \/ Yoast SEO plugin. -->","yoast_head_json":{"title":"Badewannenauslauf-Abdeckung f\u00fcr Badewanne \u2013 Wasserhahn-Babyabdeckungen sch\u00fctzen das Baby w\u00e4hrend des Badens und machen gleichzeitig Spa\u00df. Niedliche weiche Walherstellung f\u00fcr angenehme, sichere B\u00e4der, - Markt-XXL","description":"Markt-XXL Badewannenauslauf-Abdeckung f\u00fcr Badewanne \u2013 Wasserhahn-Babyabdeckungen sch\u00fctzen das Baby w\u00e4hrend des Badens und machen gleichzeitig Spa\u00df. Niedliche weiche Walherstellung f\u00fcr angenehme, sichere B\u00e4der,","robots":{"index":"index","follow":"follow","max-snippet":"max-snippet:-1","max-image-preview":"max-image-preview:large","max-video-preview":"max-video-preview:-1"},"canonical":"https:\/\/marktxxl.de\/markt\/produkt\/badewannenauslauf-abdeckung-fuer-badewanne-wasserhahn-babyabdeckungen-schuetzen-das-baby-waehrend-des-badens-und-machen-gleichzeitig-spass-niedliche-weiche-walherstellung-fuer-angenehme-si\/","og_locale":"de_DE","og_type":"article","og_title":"Badewannenauslauf-Abdeckung f\u00fcr Badewanne \u2013 Wasserhahn-Babyabdeckungen sch\u00fctzen das Baby w\u00e4hrend des Badens und machen gleichzeitig Spa\u00df. Niedliche weiche Walherstellung f\u00fcr angenehme, sichere B\u00e4der, - Markt-XXL","og_description":"Markt-XXL Badewannenauslauf-Abdeckung f\u00fcr Badewanne \u2013 Wasserhahn-Babyabdeckungen sch\u00fctzen das Baby w\u00e4hrend des Badens und machen gleichzeitig Spa\u00df. Niedliche weiche Walherstellung f\u00fcr angenehme, sichere B\u00e4der,","og_url":"https:\/\/marktxxl.de\/markt\/produkt\/badewannenauslauf-abdeckung-fuer-badewanne-wasserhahn-babyabdeckungen-schuetzen-das-baby-waehrend-des-badens-und-machen-gleichzeitig-spass-niedliche-weiche-walherstellung-fuer-angenehme-si\/","og_site_name":"Markt-XXL","twitter_card":"summary_large_image","schema":{"@context":"https:\/\/schema.org","@graph":[{"@type":"WebPage","@id":"https:\/\/marktxxl.de\/markt\/produkt\/badewannenauslauf-abdeckung-fuer-badewanne-wasserhahn-babyabdeckungen-schuetzen-das-baby-waehrend-des-badens-und-machen-gleichzeitig-spass-niedliche-weiche-walherstellung-fuer-angenehme-si\/","url":"https:\/\/marktxxl.de\/markt\/produkt\/badewannenauslauf-abdeckung-fuer-badewanne-wasserhahn-babyabdeckungen-schuetzen-das-baby-waehrend-des-badens-und-machen-gleichzeitig-spass-niedliche-weiche-walherstellung-fuer-angenehme-si\/","name":"Badewannenauslauf-Abdeckung f\u00fcr Badewanne \u2013 Wasserhahn-Babyabdeckungen sch\u00fctzen das Baby w\u00e4hrend des Badens und machen gleichzeitig Spa\u00df. Niedliche weiche Walherstellung f\u00fcr angenehme, sichere B\u00e4der, - Markt-XXL","isPartOf":{"@id":"https:\/\/marktxxl.de\/markt\/#website"},"primaryImageOfPage":{"@id":"https:\/\/marktxxl.de\/markt\/produkt\/badewannenauslauf-abdeckung-fuer-badewanne-wasserhahn-babyabdeckungen-schuetzen-das-baby-waehrend-des-badens-und-machen-gleichzeitig-spass-niedliche-weiche-walherstellung-fuer-angenehme-si\/#primaryimage"},"image":{"@id":"https:\/\/marktxxl.de\/markt\/produkt\/badewannenauslauf-abdeckung-fuer-badewanne-wasserhahn-babyabdeckungen-schuetzen-das-baby-waehrend-des-badens-und-machen-gleichzeitig-spass-niedliche-weiche-walherstellung-fuer-angenehme-si\/#primaryimage"},"thumbnailUrl":"https:\/\/m.media-amazon.com\/images\/I\/318UhI7oTJL._SL500_.jpg","datePublished":"2024-07-28T12:44:22+00:00","description":"Markt-XXL Badewannenauslauf-Abdeckung f\u00fcr Badewanne \u2013 Wasserhahn-Babyabdeckungen sch\u00fctzen das Baby w\u00e4hrend des Badens und machen gleichzeitig Spa\u00df. Niedliche weiche Walherstellung f\u00fcr angenehme, sichere B\u00e4der,","breadcrumb":{"@id":"https:\/\/marktxxl.de\/markt\/produkt\/badewannenauslauf-abdeckung-fuer-badewanne-wasserhahn-babyabdeckungen-schuetzen-das-baby-waehrend-des-badens-und-machen-gleichzeitig-spass-niedliche-weiche-walherstellung-fuer-angenehme-si\/#breadcrumb"},"inLanguage":"de","potentialAction":[{"@type":"ReadAction","target":["https:\/\/marktxxl.de\/markt\/produkt\/badewannenauslauf-abdeckung-fuer-badewanne-wasserhahn-babyabdeckungen-schuetzen-das-baby-waehrend-des-badens-und-machen-gleichzeitig-spass-niedliche-weiche-walherstellung-fuer-angenehme-si\/"]}]},{"@type":"ImageObject","inLanguage":"de","@id":"https:\/\/marktxxl.de\/markt\/produkt\/badewannenauslauf-abdeckung-fuer-badewanne-wasserhahn-babyabdeckungen-schuetzen-das-baby-waehrend-des-badens-und-machen-gleichzeitig-spass-niedliche-weiche-walherstellung-fuer-angenehme-si\/#primaryimage","url":"https:\/\/m.media-amazon.com\/images\/I\/318UhI7oTJL._SL500_.jpg","contentUrl":"https:\/\/m.media-amazon.com\/images\/I\/318UhI7oTJL._SL500_.jpg","width":500,"height":333},{"@type":"BreadcrumbList","@id":"https:\/\/marktxxl.de\/markt\/produkt\/badewannenauslauf-abdeckung-fuer-badewanne-wasserhahn-babyabdeckungen-schuetzen-das-baby-waehrend-des-badens-und-machen-gleichzeitig-spass-niedliche-weiche-walherstellung-fuer-angenehme-si\/#breadcrumb","itemListElement":[{"@type":"ListItem","position":1,"name":"Startseite","item":"https:\/\/marktxxl.de\/markt\/"},{"@type":"ListItem","position":2,"name":"Markt","item":"https:\/\/marktxxl.de\/markt\/"},{"@type":"ListItem","position":3,"name":"Badewannenauslauf-Abdeckung f\u00fcr Badewanne \u2013 Wasserhahn-Babyabdeckungen sch\u00fctzen das Baby w\u00e4hrend des Badens und machen gleichzeitig Spa\u00df. Niedliche weiche Walherstellung f\u00fcr angenehme, sichere B\u00e4der,"}]},{"@type":"WebSite","@id":"https:\/\/marktxxl.de\/markt\/#website","url":"https:\/\/marktxxl.de\/markt\/","name":"Markt-XXL","description":"Ihr Markt Online","publisher":{"@id":"https:\/\/marktxxl.de\/markt\/#organization"},"potentialAction":[{"@type":"SearchAction","target":{"@type":"EntryPoint","urlTemplate":"https:\/\/marktxxl.de\/markt\/?s={search_term_string}"},"query-input":{"@type":"PropertyValueSpecification","valueRequired":true,"valueName":"search_term_string"}}],"inLanguage":"de"},{"@type":"Organization","@id":"https:\/\/marktxxl.de\/markt\/#organization","name":"Markt-XXL","url":"https:\/\/marktxxl.de\/markt\/","logo":{"@type":"ImageObject","inLanguage":"de","@id":"https:\/\/marktxxl.de\/markt\/#\/schema\/logo\/image\/","url":"https:\/\/marktxxl.de\/markt\/wp-content\/uploads\/sites\/3\/2020\/12\/logo.png","contentUrl":"https:\/\/marktxxl.de\/markt\/wp-content\/uploads\/sites\/3\/2020\/12\/logo.png","width":200,"height":70,"caption":"Markt-XXL"},"image":{"@id":"https:\/\/marktxxl.de\/markt\/#\/schema\/logo\/image\/"}}]}},"_links":{"self":[{"href":"https:\/\/marktxxl.de\/markt\/wp-json\/wp\/v2\/product\/221533","targetHints":{"allow":["GET"]}}],"collection":[{"href":"https:\/\/marktxxl.de\/markt\/wp-json\/wp\/v2\/product"}],"about":[{"href":"https:\/\/marktxxl.de\/markt\/wp-json\/wp\/v2\/types\/product"}],"replies":[{"embeddable":true,"href":"https:\/\/marktxxl.de\/markt\/wp-json\/wp\/v2\/comments?post=221533"}],"wp:featuredmedia":[{"embeddable":true,"href":"https:\/\/marktxxl.de\/markt\/wp-json\/wp\/v2\/media\/221534"}],"wp:attachment":[{"href":"https:\/\/marktxxl.de\/markt\/wp-json\/wp\/v2\/media?parent=221533"}],"wp:term":[{"taxonomy":"product_brand","embeddable":true,"href":"https:\/\/marktxxl.de\/markt\/wp-json\/wp\/v2\/product_brand?post=221533"},{"taxonomy":"product_cat","embeddable":true,"href":"https:\/\/marktxxl.de\/markt\/wp-json\/wp\/v2\/product_cat?post=221533"},{"taxonomy":"product_tag","embeddable":true,"href":"https:\/\/marktxxl.de\/markt\/wp-json\/wp\/v2\/product_tag?post=221533"}],"curies":[{"name":"wp","href":"https:\/\/api.w.org\/{rel}","templated":true}]}}