{"id":221489,"date":"2024-07-28T14:42:56","date_gmt":"2024-07-28T12:42:56","guid":{"rendered":"https:\/\/marktxxl.de\/markt\/produkt\/tritthocker-fuer-kinderzimmer-holz-braun-fuer-kinder-jungen-maedchen-alter-1-6-jahre\/"},"modified":"2024-07-28T14:42:56","modified_gmt":"2024-07-28T12:42:56","slug":"tritthocker-fuer-kinderzimmer-holz-braun-fuer-kinder-jungen-maedchen-alter-1-6-jahre","status":"publish","type":"product","link":"https:\/\/marktxxl.de\/markt\/produkt\/tritthocker-fuer-kinderzimmer-holz-braun-fuer-kinder-jungen-maedchen-alter-1-6-jahre\/","title":{"rendered":"Tritthocker f\u00fcr Kinderzimmer, Holz, Braun, f\u00fcr Kinder, Jungen, M\u00e4dchen, Alter 1\u20136 Jahre"},"content":{"rendered":"<p>\u3010Stabiles und stabiles Design\u3011Keine Sorge \u00fcber Kippen oder Kippen mit unseren Tritthockern, bietet eine stabile Plattform f\u00fcr Kinder. Mit einer maximalen Gewichtskapazit\u00e4t von 150 Pfund.<br \/>\nLanglebige und sichere Materialien: Hergestellt aus soliden Materialien, sind unsere Tritthocker resistent gegen Kratzer und Besch\u00e4digungen und sorgen f\u00fcr dauerhafte Sicherheit. Unser Produkt verwendet eine Kombination aus Holz und Stahl. Im Vergleich zu \u00e4hnlichen Produkten haben wir Produktrisse und Instabilit\u00e4t um 99% reduziert.<br \/>\n\u3010Verstellbare H\u00f6he\u3011 Mit drei verstellbaren Einstellungen passen sich unsere Tritthocker verschiedenen Altersgruppen an und passen sich dem Wachstum Ihres Kindes an.<br \/>\nEinfache Installation: einfache und problemlose Montage mit beiliegender Anleitung, was die Einrichtung f\u00fcr Eltern zum Kinderspiel macht.<br \/>\nVielseitig einsetzbar: Von der Erkundung des Waschbeckens bis hin zu kulinarischen Abenteuern in der K\u00fcche, unsere Tritthocker dienen verschiedenen Zwecken, helfen Kindern bei Lernaufgaben wie Gesichtswaschen, H\u00e4ndewaschen und Kochen.<br \/>\n<div class=\"main-cross-sell\" data-asin=\"B0CRRZC8KJ\">\n\n\t<div class=\"WooZone-cross-sell-loader\">\n\t\t<div>\n\t\t\t<div id=\"floatingBarsG\">\n\t\t\t\t<div class=\"blockG\" id=\"rotateG_01\"><\/div>\n\t\t\t\t<div class=\"blockG\" id=\"rotateG_02\"><\/div>\n\t\t\t\t<div class=\"blockG\" id=\"rotateG_03\"><\/div>\n\t\t\t\t<div class=\"blockG\" id=\"rotateG_04\"><\/div>\n\t\t\t\t<div class=\"blockG\" id=\"rotateG_05\"><\/div>\n\t\t\t\t<div class=\"blockG\" id=\"rotateG_06\"><\/div>\n\t\t\t\t<div class=\"blockG\" id=\"rotateG_07\"><\/div>\n\t\t\t\t<div class=\"blockG\" id=\"rotateG_08\"><\/div>\n\t\t\t<\/div>\n\t\t\t<div class=\"WooZone-cross-sell-loader-text\"><\/div>\n\t\t<\/div>\n\t<\/div>\n\n\t\t\n<\/div>\n<div style=\"clear:both;\"><\/div><\/p>\n","protected":false},"excerpt":{"rendered":"<p>\u3010Stabiles und stabiles Design\u3011Keine Sorge \u00fcber Kippen oder Kippen mit unseren Tritthockern, bietet eine stabile Plattform f\u00fcr Kinder. Mit einer maximalen Gewichtskapazit\u00e4t von 150 Pfund.<br \/>\nLanglebige und sichere Materialien: Hergestellt aus soliden Materialien, sind unsere Tritthocker resistent gegen Kratzer und Besch\u00e4digungen und sorgen f\u00fcr dauerhafte Sicherheit. Unser Produkt verwendet eine Kombination aus Holz und Stahl. Im Vergleich zu \u00e4hnlichen Produkten haben wir Produktrisse und Instabilit\u00e4t um 99% reduziert.<br \/>\n\u3010Verstellbare H\u00f6he\u3011 Mit drei verstellbaren Einstellungen passen sich unsere Tritthocker verschiedenen Altersgruppen an und passen sich dem Wachstum Ihres Kindes an.<\/p>\n","protected":false},"featured_media":221490,"comment_status":"open","ping_status":"closed","template":"","meta":[],"product_brand":[],"product_cat":[21,9437],"product_tag":[],"class_list":{"0":"post-221489","1":"product","2":"type-product","3":"status-publish","4":"has-post-thumbnail","6":"product_cat-baby","7":"product_cat-toepfchen-trittschemel-baby","8":"pa_binding-haushaltswaren","9":"pa_brand-innod","10":"pa_color-holz","11":"pa_height-35-3-zoll","12":"pa_length-15-7-zoll","13":"pa_manufacturer-huizhou-city-huiyang-district-xinxu-tengcheng-wood-products-factory","14":"pa_model-ss-001","15":"pa_width-18-7-zoll","17":"first","18":"instock","19":"shipping-taxable","20":"purchasable","21":"product-type-simple","22":"customify-col","23":"product-has-gallery"},"yoast_head":"<!-- This site is optimized with the Yoast SEO plugin v27.3 - https:\/\/yoast.com\/product\/yoast-seo-wordpress\/ -->\n<title>Tritthocker f\u00fcr Kinderzimmer, Holz, Braun, f\u00fcr Kinder, Jungen, M\u00e4dchen, Alter 1\u20136 Jahre - Markt-XXL<\/title>\n<meta name=\"description\" content=\"Markt-XXL Tritthocker f\u00fcr Kinderzimmer, Holz, Braun, f\u00fcr Kinder, Jungen, M\u00e4dchen, Alter 1\u20136 Jahre\" \/>\n<meta name=\"robots\" content=\"index, follow, max-snippet:-1, max-image-preview:large, max-video-preview:-1\" \/>\n<link rel=\"canonical\" href=\"https:\/\/marktxxl.de\/markt\/produkt\/tritthocker-fuer-kinderzimmer-holz-braun-fuer-kinder-jungen-maedchen-alter-1-6-jahre\/\" \/>\n<meta property=\"og:locale\" content=\"de_DE\" \/>\n<meta property=\"og:type\" content=\"article\" \/>\n<meta property=\"og:title\" content=\"Tritthocker f\u00fcr Kinderzimmer, Holz, Braun, f\u00fcr Kinder, Jungen, M\u00e4dchen, Alter 1\u20136 Jahre - Markt-XXL\" \/>\n<meta property=\"og:description\" content=\"Markt-XXL Tritthocker f\u00fcr Kinderzimmer, Holz, Braun, f\u00fcr Kinder, Jungen, M\u00e4dchen, Alter 1\u20136 Jahre\" \/>\n<meta property=\"og:url\" content=\"https:\/\/marktxxl.de\/markt\/produkt\/tritthocker-fuer-kinderzimmer-holz-braun-fuer-kinder-jungen-maedchen-alter-1-6-jahre\/\" \/>\n<meta property=\"og:site_name\" content=\"Markt-XXL\" \/>\n<meta name=\"twitter:card\" content=\"summary_large_image\" \/>\n<meta name=\"twitter:label1\" content=\"Gesch\u00e4tzte Lesezeit\" \/>\n\t<meta name=\"twitter:data1\" content=\"1\u00a0Minute\" \/>\n<script type=\"application\/ld+json\" class=\"yoast-schema-graph\">{\"@context\":\"https:\\\/\\\/schema.org\",\"@graph\":[{\"@type\":\"WebPage\",\"@id\":\"https:\\\/\\\/marktxxl.de\\\/markt\\\/produkt\\\/tritthocker-fuer-kinderzimmer-holz-braun-fuer-kinder-jungen-maedchen-alter-1-6-jahre\\\/\",\"url\":\"https:\\\/\\\/marktxxl.de\\\/markt\\\/produkt\\\/tritthocker-fuer-kinderzimmer-holz-braun-fuer-kinder-jungen-maedchen-alter-1-6-jahre\\\/\",\"name\":\"Tritthocker f\u00fcr Kinderzimmer, Holz, Braun, f\u00fcr Kinder, Jungen, M\u00e4dchen, Alter 1\u20136 Jahre - Markt-XXL\",\"isPartOf\":{\"@id\":\"https:\\\/\\\/marktxxl.de\\\/markt\\\/#website\"},\"primaryImageOfPage\":{\"@id\":\"https:\\\/\\\/marktxxl.de\\\/markt\\\/produkt\\\/tritthocker-fuer-kinderzimmer-holz-braun-fuer-kinder-jungen-maedchen-alter-1-6-jahre\\\/#primaryimage\"},\"image\":{\"@id\":\"https:\\\/\\\/marktxxl.de\\\/markt\\\/produkt\\\/tritthocker-fuer-kinderzimmer-holz-braun-fuer-kinder-jungen-maedchen-alter-1-6-jahre\\\/#primaryimage\"},\"thumbnailUrl\":\"https:\\\/\\\/m.media-amazon.com\\\/images\\\/I\\\/41e8GXfS5UL._SL500_.jpg\",\"datePublished\":\"2024-07-28T12:42:56+00:00\",\"description\":\"Markt-XXL Tritthocker f\u00fcr Kinderzimmer, Holz, Braun, f\u00fcr Kinder, Jungen, M\u00e4dchen, Alter 1\u20136 Jahre\",\"breadcrumb\":{\"@id\":\"https:\\\/\\\/marktxxl.de\\\/markt\\\/produkt\\\/tritthocker-fuer-kinderzimmer-holz-braun-fuer-kinder-jungen-maedchen-alter-1-6-jahre\\\/#breadcrumb\"},\"inLanguage\":\"de\",\"potentialAction\":[{\"@type\":\"ReadAction\",\"target\":[\"https:\\\/\\\/marktxxl.de\\\/markt\\\/produkt\\\/tritthocker-fuer-kinderzimmer-holz-braun-fuer-kinder-jungen-maedchen-alter-1-6-jahre\\\/\"]}]},{\"@type\":\"ImageObject\",\"inLanguage\":\"de\",\"@id\":\"https:\\\/\\\/marktxxl.de\\\/markt\\\/produkt\\\/tritthocker-fuer-kinderzimmer-holz-braun-fuer-kinder-jungen-maedchen-alter-1-6-jahre\\\/#primaryimage\",\"url\":\"https:\\\/\\\/m.media-amazon.com\\\/images\\\/I\\\/41e8GXfS5UL._SL500_.jpg\",\"contentUrl\":\"https:\\\/\\\/m.media-amazon.com\\\/images\\\/I\\\/41e8GXfS5UL._SL500_.jpg\",\"width\":382,\"height\":500},{\"@type\":\"BreadcrumbList\",\"@id\":\"https:\\\/\\\/marktxxl.de\\\/markt\\\/produkt\\\/tritthocker-fuer-kinderzimmer-holz-braun-fuer-kinder-jungen-maedchen-alter-1-6-jahre\\\/#breadcrumb\",\"itemListElement\":[{\"@type\":\"ListItem\",\"position\":1,\"name\":\"Startseite\",\"item\":\"https:\\\/\\\/marktxxl.de\\\/markt\\\/\"},{\"@type\":\"ListItem\",\"position\":2,\"name\":\"Markt\",\"item\":\"https:\\\/\\\/marktxxl.de\\\/markt\\\/\"},{\"@type\":\"ListItem\",\"position\":3,\"name\":\"Tritthocker f\u00fcr Kinderzimmer, Holz, Braun, f\u00fcr Kinder, Jungen, M\u00e4dchen, Alter 1\u20136 Jahre\"}]},{\"@type\":\"WebSite\",\"@id\":\"https:\\\/\\\/marktxxl.de\\\/markt\\\/#website\",\"url\":\"https:\\\/\\\/marktxxl.de\\\/markt\\\/\",\"name\":\"Markt-XXL\",\"description\":\"Ihr Markt Online\",\"publisher\":{\"@id\":\"https:\\\/\\\/marktxxl.de\\\/markt\\\/#organization\"},\"potentialAction\":[{\"@type\":\"SearchAction\",\"target\":{\"@type\":\"EntryPoint\",\"urlTemplate\":\"https:\\\/\\\/marktxxl.de\\\/markt\\\/?s={search_term_string}\"},\"query-input\":{\"@type\":\"PropertyValueSpecification\",\"valueRequired\":true,\"valueName\":\"search_term_string\"}}],\"inLanguage\":\"de\"},{\"@type\":\"Organization\",\"@id\":\"https:\\\/\\\/marktxxl.de\\\/markt\\\/#organization\",\"name\":\"Markt-XXL\",\"url\":\"https:\\\/\\\/marktxxl.de\\\/markt\\\/\",\"logo\":{\"@type\":\"ImageObject\",\"inLanguage\":\"de\",\"@id\":\"https:\\\/\\\/marktxxl.de\\\/markt\\\/#\\\/schema\\\/logo\\\/image\\\/\",\"url\":\"https:\\\/\\\/marktxxl.de\\\/markt\\\/wp-content\\\/uploads\\\/sites\\\/3\\\/2020\\\/12\\\/logo.png\",\"contentUrl\":\"https:\\\/\\\/marktxxl.de\\\/markt\\\/wp-content\\\/uploads\\\/sites\\\/3\\\/2020\\\/12\\\/logo.png\",\"width\":200,\"height\":70,\"caption\":\"Markt-XXL\"},\"image\":{\"@id\":\"https:\\\/\\\/marktxxl.de\\\/markt\\\/#\\\/schema\\\/logo\\\/image\\\/\"}}]}<\/script>\n<!-- \/ Yoast SEO plugin. -->","yoast_head_json":{"title":"Tritthocker f\u00fcr Kinderzimmer, Holz, Braun, f\u00fcr Kinder, Jungen, M\u00e4dchen, Alter 1\u20136 Jahre - Markt-XXL","description":"Markt-XXL Tritthocker f\u00fcr Kinderzimmer, Holz, Braun, f\u00fcr Kinder, Jungen, M\u00e4dchen, Alter 1\u20136 Jahre","robots":{"index":"index","follow":"follow","max-snippet":"max-snippet:-1","max-image-preview":"max-image-preview:large","max-video-preview":"max-video-preview:-1"},"canonical":"https:\/\/marktxxl.de\/markt\/produkt\/tritthocker-fuer-kinderzimmer-holz-braun-fuer-kinder-jungen-maedchen-alter-1-6-jahre\/","og_locale":"de_DE","og_type":"article","og_title":"Tritthocker f\u00fcr Kinderzimmer, Holz, Braun, f\u00fcr Kinder, Jungen, M\u00e4dchen, Alter 1\u20136 Jahre - Markt-XXL","og_description":"Markt-XXL Tritthocker f\u00fcr Kinderzimmer, Holz, Braun, f\u00fcr Kinder, Jungen, M\u00e4dchen, Alter 1\u20136 Jahre","og_url":"https:\/\/marktxxl.de\/markt\/produkt\/tritthocker-fuer-kinderzimmer-holz-braun-fuer-kinder-jungen-maedchen-alter-1-6-jahre\/","og_site_name":"Markt-XXL","twitter_card":"summary_large_image","twitter_misc":{"Gesch\u00e4tzte Lesezeit":"1\u00a0Minute"},"schema":{"@context":"https:\/\/schema.org","@graph":[{"@type":"WebPage","@id":"https:\/\/marktxxl.de\/markt\/produkt\/tritthocker-fuer-kinderzimmer-holz-braun-fuer-kinder-jungen-maedchen-alter-1-6-jahre\/","url":"https:\/\/marktxxl.de\/markt\/produkt\/tritthocker-fuer-kinderzimmer-holz-braun-fuer-kinder-jungen-maedchen-alter-1-6-jahre\/","name":"Tritthocker f\u00fcr Kinderzimmer, Holz, Braun, f\u00fcr Kinder, Jungen, M\u00e4dchen, Alter 1\u20136 Jahre - Markt-XXL","isPartOf":{"@id":"https:\/\/marktxxl.de\/markt\/#website"},"primaryImageOfPage":{"@id":"https:\/\/marktxxl.de\/markt\/produkt\/tritthocker-fuer-kinderzimmer-holz-braun-fuer-kinder-jungen-maedchen-alter-1-6-jahre\/#primaryimage"},"image":{"@id":"https:\/\/marktxxl.de\/markt\/produkt\/tritthocker-fuer-kinderzimmer-holz-braun-fuer-kinder-jungen-maedchen-alter-1-6-jahre\/#primaryimage"},"thumbnailUrl":"https:\/\/m.media-amazon.com\/images\/I\/41e8GXfS5UL._SL500_.jpg","datePublished":"2024-07-28T12:42:56+00:00","description":"Markt-XXL Tritthocker f\u00fcr Kinderzimmer, Holz, Braun, f\u00fcr Kinder, Jungen, M\u00e4dchen, Alter 1\u20136 Jahre","breadcrumb":{"@id":"https:\/\/marktxxl.de\/markt\/produkt\/tritthocker-fuer-kinderzimmer-holz-braun-fuer-kinder-jungen-maedchen-alter-1-6-jahre\/#breadcrumb"},"inLanguage":"de","potentialAction":[{"@type":"ReadAction","target":["https:\/\/marktxxl.de\/markt\/produkt\/tritthocker-fuer-kinderzimmer-holz-braun-fuer-kinder-jungen-maedchen-alter-1-6-jahre\/"]}]},{"@type":"ImageObject","inLanguage":"de","@id":"https:\/\/marktxxl.de\/markt\/produkt\/tritthocker-fuer-kinderzimmer-holz-braun-fuer-kinder-jungen-maedchen-alter-1-6-jahre\/#primaryimage","url":"https:\/\/m.media-amazon.com\/images\/I\/41e8GXfS5UL._SL500_.jpg","contentUrl":"https:\/\/m.media-amazon.com\/images\/I\/41e8GXfS5UL._SL500_.jpg","width":382,"height":500},{"@type":"BreadcrumbList","@id":"https:\/\/marktxxl.de\/markt\/produkt\/tritthocker-fuer-kinderzimmer-holz-braun-fuer-kinder-jungen-maedchen-alter-1-6-jahre\/#breadcrumb","itemListElement":[{"@type":"ListItem","position":1,"name":"Startseite","item":"https:\/\/marktxxl.de\/markt\/"},{"@type":"ListItem","position":2,"name":"Markt","item":"https:\/\/marktxxl.de\/markt\/"},{"@type":"ListItem","position":3,"name":"Tritthocker f\u00fcr Kinderzimmer, Holz, Braun, f\u00fcr Kinder, Jungen, M\u00e4dchen, Alter 1\u20136 Jahre"}]},{"@type":"WebSite","@id":"https:\/\/marktxxl.de\/markt\/#website","url":"https:\/\/marktxxl.de\/markt\/","name":"Markt-XXL","description":"Ihr Markt Online","publisher":{"@id":"https:\/\/marktxxl.de\/markt\/#organization"},"potentialAction":[{"@type":"SearchAction","target":{"@type":"EntryPoint","urlTemplate":"https:\/\/marktxxl.de\/markt\/?s={search_term_string}"},"query-input":{"@type":"PropertyValueSpecification","valueRequired":true,"valueName":"search_term_string"}}],"inLanguage":"de"},{"@type":"Organization","@id":"https:\/\/marktxxl.de\/markt\/#organization","name":"Markt-XXL","url":"https:\/\/marktxxl.de\/markt\/","logo":{"@type":"ImageObject","inLanguage":"de","@id":"https:\/\/marktxxl.de\/markt\/#\/schema\/logo\/image\/","url":"https:\/\/marktxxl.de\/markt\/wp-content\/uploads\/sites\/3\/2020\/12\/logo.png","contentUrl":"https:\/\/marktxxl.de\/markt\/wp-content\/uploads\/sites\/3\/2020\/12\/logo.png","width":200,"height":70,"caption":"Markt-XXL"},"image":{"@id":"https:\/\/marktxxl.de\/markt\/#\/schema\/logo\/image\/"}}]}},"_links":{"self":[{"href":"https:\/\/marktxxl.de\/markt\/wp-json\/wp\/v2\/product\/221489","targetHints":{"allow":["GET"]}}],"collection":[{"href":"https:\/\/marktxxl.de\/markt\/wp-json\/wp\/v2\/product"}],"about":[{"href":"https:\/\/marktxxl.de\/markt\/wp-json\/wp\/v2\/types\/product"}],"replies":[{"embeddable":true,"href":"https:\/\/marktxxl.de\/markt\/wp-json\/wp\/v2\/comments?post=221489"}],"wp:featuredmedia":[{"embeddable":true,"href":"https:\/\/marktxxl.de\/markt\/wp-json\/wp\/v2\/media\/221490"}],"wp:attachment":[{"href":"https:\/\/marktxxl.de\/markt\/wp-json\/wp\/v2\/media?parent=221489"}],"wp:term":[{"taxonomy":"product_brand","embeddable":true,"href":"https:\/\/marktxxl.de\/markt\/wp-json\/wp\/v2\/product_brand?post=221489"},{"taxonomy":"product_cat","embeddable":true,"href":"https:\/\/marktxxl.de\/markt\/wp-json\/wp\/v2\/product_cat?post=221489"},{"taxonomy":"product_tag","embeddable":true,"href":"https:\/\/marktxxl.de\/markt\/wp-json\/wp\/v2\/product_tag?post=221489"}],"curies":[{"name":"wp","href":"https:\/\/api.w.org\/{rel}","templated":true}]}}