{"id":221444,"date":"2024-07-28T14:42:16","date_gmt":"2024-07-28T12:42:16","guid":{"rendered":"https:\/\/marktxxl.de\/markt\/produkt\/bateria-de-repuesto-29580-10-para-summer-infant-baby-monitor-29580-29590-29610-29620-29630-29710-29740-29790-29940-ni-mh-aaa-tamano-48-v-800-mah-recargable\/"},"modified":"2024-07-28T14:42:16","modified_gmt":"2024-07-28T12:42:16","slug":"bateria-de-repuesto-29580-10-para-summer-infant-baby-monitor-29580-29590-29610-29620-29630-29710-29740-29790-29940-ni-mh-aaa-tamano-48-v-800-mah-recargable","status":"publish","type":"product","link":"https:\/\/marktxxl.de\/markt\/produkt\/bateria-de-repuesto-29580-10-para-summer-infant-baby-monitor-29580-29590-29610-29620-29630-29710-29740-29790-29940-ni-mh-aaa-tamano-48-v-800-mah-recargable\/","title":{"rendered":"Bater\u00eda de repuesto 29580-10 para Summer Infant Baby Monitor 29580 29590 29610 29620 29630 29710 29740 29790 29940, Ni-MH AAA Tama\u00f1o 4,8 V 800 mAh recargable"},"content":{"rendered":"<p>\u00dcberspannung, \u00dcberstrom, \u00dcberladung, Kurzschlussschutz. Beste Drahtl\u00e4nge f\u00fcr den Raum<br \/>\nKaufen Sie mit Vertrauen. Batterien werden mit Herstellungsdatum bedruckt (nicht Ablaufdatum), 24 Monate nach Kaufdatum k\u00fcmmern wir uns iMahDirect um alle qualit\u00e4tsbezogenen Probleme. Bitte \u00fcberpr\u00fcfen Sie die kompatiblen Listen, um sicherzustellen, dass die richtige Gr\u00f6\u00dfe und der richtige Anschluss vorhanden sind<br \/>\nInternational products have separate terms, are sold from abroad and may differ from local products, including fit, age ratings, and language of product, labeling or instructions.<br \/>\n<div class=\"main-cross-sell\" data-asin=\"B07PH3TVCX\">\n\n\t<div class=\"WooZone-cross-sell-loader\">\n\t\t<div>\n\t\t\t<div id=\"floatingBarsG\">\n\t\t\t\t<div class=\"blockG\" id=\"rotateG_01\"><\/div>\n\t\t\t\t<div class=\"blockG\" id=\"rotateG_02\"><\/div>\n\t\t\t\t<div class=\"blockG\" id=\"rotateG_03\"><\/div>\n\t\t\t\t<div class=\"blockG\" id=\"rotateG_04\"><\/div>\n\t\t\t\t<div class=\"blockG\" id=\"rotateG_05\"><\/div>\n\t\t\t\t<div class=\"blockG\" id=\"rotateG_06\"><\/div>\n\t\t\t\t<div class=\"blockG\" id=\"rotateG_07\"><\/div>\n\t\t\t\t<div class=\"blockG\" id=\"rotateG_08\"><\/div>\n\t\t\t<\/div>\n\t\t\t<div class=\"WooZone-cross-sell-loader-text\"><\/div>\n\t\t<\/div>\n\t<\/div>\n\n\t\t\n<\/div>\n<div style=\"clear:both;\"><\/div><\/p>\n","protected":false},"excerpt":{"rendered":"<p>\u00dcberspannung, \u00dcberstrom, \u00dcberladung, Kurzschlussschutz. Beste Drahtl\u00e4nge f\u00fcr den Raum<br \/>\nKaufen Sie mit Vertrauen. Batterien werden mit Herstellungsdatum bedruckt (nicht Ablaufdatum), 24 Monate nach Kaufdatum k\u00fcmmern wir uns iMahDirect um alle qualit\u00e4tsbezogenen Probleme. Bitte \u00fcberpr\u00fcfen Sie die kompatiblen Listen, um sicherzustellen, dass die richtige Gr\u00f6\u00dfe und der richtige Anschluss vorhanden sind<br \/>\nInternational products have separate terms, are sold from abroad and may differ from local products, including fit, age ratings, and language of product, labeling or instructions.<\/p>\n","protected":false},"featured_media":221445,"comment_status":"open","ping_status":"closed","template":"","meta":[],"product_brand":[],"product_cat":[21,9378],"product_tag":[],"class_list":{"0":"post-221444","1":"product","2":"type-product","3":"status-publish","4":"has-post-thumbnail","6":"product_cat-baby","7":"product_cat-sicherheit-baby","8":"pa_binding-elektronik","9":"pa_brand-imah","10":"pa_color-29580-10-battery-for-summer-infant-green","11":"pa_height-1-73228-zoll","12":"pa_length-1-73228-zoll","13":"pa_manufacturer-imahdirect","14":"pa_model-29580-10","15":"pa_width-1-73228-zoll","17":"first","18":"instock","19":"shipping-taxable","20":"purchasable","21":"product-type-simple","22":"customify-col","23":"product-has-gallery"},"yoast_head":"<!-- This site is optimized with the Yoast SEO plugin v27.4 - https:\/\/yoast.com\/product\/yoast-seo-wordpress\/ -->\n<title>Bater\u00eda de repuesto 29580-10 para Summer Infant Baby Monitor 29580 29590 29610 29620 29630 29710 29740 29790 29940, Ni-MH AAA Tama\u00f1o 4,8 V 800 mAh recargable - Markt-XXL<\/title>\n<meta name=\"description\" content=\"Markt-XXL Bater\u00eda de repuesto 29580-10 para Summer Infant Baby Monitor 29580 29590 29610 29620 29630 29710 29740 29790 29940, Ni-MH AAA Tama\u00f1o 4,8 V 800 mAh recargable\" \/>\n<meta name=\"robots\" content=\"index, follow, max-snippet:-1, max-image-preview:large, max-video-preview:-1\" \/>\n<link rel=\"canonical\" href=\"https:\/\/marktxxl.de\/markt\/produkt\/bateria-de-repuesto-29580-10-para-summer-infant-baby-monitor-29580-29590-29610-29620-29630-29710-29740-29790-29940-ni-mh-aaa-tamano-48-v-800-mah-recargable\/\" \/>\n<meta property=\"og:locale\" content=\"de_DE\" \/>\n<meta property=\"og:type\" content=\"article\" \/>\n<meta property=\"og:title\" content=\"Bater\u00eda de repuesto 29580-10 para Summer Infant Baby Monitor 29580 29590 29610 29620 29630 29710 29740 29790 29940, Ni-MH AAA Tama\u00f1o 4,8 V 800 mAh recargable - Markt-XXL\" \/>\n<meta property=\"og:description\" content=\"Markt-XXL Bater\u00eda de repuesto 29580-10 para Summer Infant Baby Monitor 29580 29590 29610 29620 29630 29710 29740 29790 29940, Ni-MH AAA Tama\u00f1o 4,8 V 800 mAh recargable\" \/>\n<meta property=\"og:url\" content=\"https:\/\/marktxxl.de\/markt\/produkt\/bateria-de-repuesto-29580-10-para-summer-infant-baby-monitor-29580-29590-29610-29620-29630-29710-29740-29790-29940-ni-mh-aaa-tamano-48-v-800-mah-recargable\/\" \/>\n<meta property=\"og:site_name\" content=\"Markt-XXL\" \/>\n<meta name=\"twitter:card\" content=\"summary_large_image\" \/>\n<script type=\"application\/ld+json\" class=\"yoast-schema-graph\">{\"@context\":\"https:\\\/\\\/schema.org\",\"@graph\":[{\"@type\":\"WebPage\",\"@id\":\"https:\\\/\\\/marktxxl.de\\\/markt\\\/produkt\\\/bateria-de-repuesto-29580-10-para-summer-infant-baby-monitor-29580-29590-29610-29620-29630-29710-29740-29790-29940-ni-mh-aaa-tamano-48-v-800-mah-recargable\\\/\",\"url\":\"https:\\\/\\\/marktxxl.de\\\/markt\\\/produkt\\\/bateria-de-repuesto-29580-10-para-summer-infant-baby-monitor-29580-29590-29610-29620-29630-29710-29740-29790-29940-ni-mh-aaa-tamano-48-v-800-mah-recargable\\\/\",\"name\":\"Bater\u00eda de repuesto 29580-10 para Summer Infant Baby Monitor 29580 29590 29610 29620 29630 29710 29740 29790 29940, Ni-MH AAA Tama\u00f1o 4,8 V 800 mAh recargable - Markt-XXL\",\"isPartOf\":{\"@id\":\"https:\\\/\\\/marktxxl.de\\\/markt\\\/#website\"},\"primaryImageOfPage\":{\"@id\":\"https:\\\/\\\/marktxxl.de\\\/markt\\\/produkt\\\/bateria-de-repuesto-29580-10-para-summer-infant-baby-monitor-29580-29590-29610-29620-29630-29710-29740-29790-29940-ni-mh-aaa-tamano-48-v-800-mah-recargable\\\/#primaryimage\"},\"image\":{\"@id\":\"https:\\\/\\\/marktxxl.de\\\/markt\\\/produkt\\\/bateria-de-repuesto-29580-10-para-summer-infant-baby-monitor-29580-29590-29610-29620-29630-29710-29740-29790-29940-ni-mh-aaa-tamano-48-v-800-mah-recargable\\\/#primaryimage\"},\"thumbnailUrl\":\"https:\\\/\\\/m.media-amazon.com\\\/images\\\/I\\\/41NEFyQjk3L._SL500_.jpg\",\"datePublished\":\"2024-07-28T12:42:16+00:00\",\"description\":\"Markt-XXL Bater\u00eda de repuesto 29580-10 para Summer Infant Baby Monitor 29580 29590 29610 29620 29630 29710 29740 29790 29940, Ni-MH AAA Tama\u00f1o 4,8 V 800 mAh recargable\",\"breadcrumb\":{\"@id\":\"https:\\\/\\\/marktxxl.de\\\/markt\\\/produkt\\\/bateria-de-repuesto-29580-10-para-summer-infant-baby-monitor-29580-29590-29610-29620-29630-29710-29740-29790-29940-ni-mh-aaa-tamano-48-v-800-mah-recargable\\\/#breadcrumb\"},\"inLanguage\":\"de\",\"potentialAction\":[{\"@type\":\"ReadAction\",\"target\":[\"https:\\\/\\\/marktxxl.de\\\/markt\\\/produkt\\\/bateria-de-repuesto-29580-10-para-summer-infant-baby-monitor-29580-29590-29610-29620-29630-29710-29740-29790-29940-ni-mh-aaa-tamano-48-v-800-mah-recargable\\\/\"]}]},{\"@type\":\"ImageObject\",\"inLanguage\":\"de\",\"@id\":\"https:\\\/\\\/marktxxl.de\\\/markt\\\/produkt\\\/bateria-de-repuesto-29580-10-para-summer-infant-baby-monitor-29580-29590-29610-29620-29630-29710-29740-29790-29940-ni-mh-aaa-tamano-48-v-800-mah-recargable\\\/#primaryimage\",\"url\":\"https:\\\/\\\/m.media-amazon.com\\\/images\\\/I\\\/41NEFyQjk3L._SL500_.jpg\",\"contentUrl\":\"https:\\\/\\\/m.media-amazon.com\\\/images\\\/I\\\/41NEFyQjk3L._SL500_.jpg\",\"width\":500,\"height\":500},{\"@type\":\"BreadcrumbList\",\"@id\":\"https:\\\/\\\/marktxxl.de\\\/markt\\\/produkt\\\/bateria-de-repuesto-29580-10-para-summer-infant-baby-monitor-29580-29590-29610-29620-29630-29710-29740-29790-29940-ni-mh-aaa-tamano-48-v-800-mah-recargable\\\/#breadcrumb\",\"itemListElement\":[{\"@type\":\"ListItem\",\"position\":1,\"name\":\"Startseite\",\"item\":\"https:\\\/\\\/marktxxl.de\\\/markt\\\/\"},{\"@type\":\"ListItem\",\"position\":2,\"name\":\"Markt\",\"item\":\"https:\\\/\\\/marktxxl.de\\\/markt\\\/\"},{\"@type\":\"ListItem\",\"position\":3,\"name\":\"Bater\u00eda de repuesto 29580-10 para Summer Infant Baby Monitor 29580 29590 29610 29620 29630 29710 29740 29790 29940, Ni-MH AAA Tama\u00f1o 4,8 V 800 mAh recargable\"}]},{\"@type\":\"WebSite\",\"@id\":\"https:\\\/\\\/marktxxl.de\\\/markt\\\/#website\",\"url\":\"https:\\\/\\\/marktxxl.de\\\/markt\\\/\",\"name\":\"Markt-XXL\",\"description\":\"Ihr Markt Online\",\"publisher\":{\"@id\":\"https:\\\/\\\/marktxxl.de\\\/markt\\\/#organization\"},\"potentialAction\":[{\"@type\":\"SearchAction\",\"target\":{\"@type\":\"EntryPoint\",\"urlTemplate\":\"https:\\\/\\\/marktxxl.de\\\/markt\\\/?s={search_term_string}\"},\"query-input\":{\"@type\":\"PropertyValueSpecification\",\"valueRequired\":true,\"valueName\":\"search_term_string\"}}],\"inLanguage\":\"de\"},{\"@type\":\"Organization\",\"@id\":\"https:\\\/\\\/marktxxl.de\\\/markt\\\/#organization\",\"name\":\"Markt-XXL\",\"url\":\"https:\\\/\\\/marktxxl.de\\\/markt\\\/\",\"logo\":{\"@type\":\"ImageObject\",\"inLanguage\":\"de\",\"@id\":\"https:\\\/\\\/marktxxl.de\\\/markt\\\/#\\\/schema\\\/logo\\\/image\\\/\",\"url\":\"https:\\\/\\\/marktxxl.de\\\/markt\\\/wp-content\\\/uploads\\\/sites\\\/3\\\/2020\\\/12\\\/logo.png\",\"contentUrl\":\"https:\\\/\\\/marktxxl.de\\\/markt\\\/wp-content\\\/uploads\\\/sites\\\/3\\\/2020\\\/12\\\/logo.png\",\"width\":200,\"height\":70,\"caption\":\"Markt-XXL\"},\"image\":{\"@id\":\"https:\\\/\\\/marktxxl.de\\\/markt\\\/#\\\/schema\\\/logo\\\/image\\\/\"}}]}<\/script>\n<!-- \/ Yoast SEO plugin. -->","yoast_head_json":{"title":"Bater\u00eda de repuesto 29580-10 para Summer Infant Baby Monitor 29580 29590 29610 29620 29630 29710 29740 29790 29940, Ni-MH AAA Tama\u00f1o 4,8 V 800 mAh recargable - Markt-XXL","description":"Markt-XXL Bater\u00eda de repuesto 29580-10 para Summer Infant Baby Monitor 29580 29590 29610 29620 29630 29710 29740 29790 29940, Ni-MH AAA Tama\u00f1o 4,8 V 800 mAh recargable","robots":{"index":"index","follow":"follow","max-snippet":"max-snippet:-1","max-image-preview":"max-image-preview:large","max-video-preview":"max-video-preview:-1"},"canonical":"https:\/\/marktxxl.de\/markt\/produkt\/bateria-de-repuesto-29580-10-para-summer-infant-baby-monitor-29580-29590-29610-29620-29630-29710-29740-29790-29940-ni-mh-aaa-tamano-48-v-800-mah-recargable\/","og_locale":"de_DE","og_type":"article","og_title":"Bater\u00eda de repuesto 29580-10 para Summer Infant Baby Monitor 29580 29590 29610 29620 29630 29710 29740 29790 29940, Ni-MH AAA Tama\u00f1o 4,8 V 800 mAh recargable - Markt-XXL","og_description":"Markt-XXL Bater\u00eda de repuesto 29580-10 para Summer Infant Baby Monitor 29580 29590 29610 29620 29630 29710 29740 29790 29940, Ni-MH AAA Tama\u00f1o 4,8 V 800 mAh recargable","og_url":"https:\/\/marktxxl.de\/markt\/produkt\/bateria-de-repuesto-29580-10-para-summer-infant-baby-monitor-29580-29590-29610-29620-29630-29710-29740-29790-29940-ni-mh-aaa-tamano-48-v-800-mah-recargable\/","og_site_name":"Markt-XXL","twitter_card":"summary_large_image","schema":{"@context":"https:\/\/schema.org","@graph":[{"@type":"WebPage","@id":"https:\/\/marktxxl.de\/markt\/produkt\/bateria-de-repuesto-29580-10-para-summer-infant-baby-monitor-29580-29590-29610-29620-29630-29710-29740-29790-29940-ni-mh-aaa-tamano-48-v-800-mah-recargable\/","url":"https:\/\/marktxxl.de\/markt\/produkt\/bateria-de-repuesto-29580-10-para-summer-infant-baby-monitor-29580-29590-29610-29620-29630-29710-29740-29790-29940-ni-mh-aaa-tamano-48-v-800-mah-recargable\/","name":"Bater\u00eda de repuesto 29580-10 para Summer Infant Baby Monitor 29580 29590 29610 29620 29630 29710 29740 29790 29940, Ni-MH AAA Tama\u00f1o 4,8 V 800 mAh recargable - Markt-XXL","isPartOf":{"@id":"https:\/\/marktxxl.de\/markt\/#website"},"primaryImageOfPage":{"@id":"https:\/\/marktxxl.de\/markt\/produkt\/bateria-de-repuesto-29580-10-para-summer-infant-baby-monitor-29580-29590-29610-29620-29630-29710-29740-29790-29940-ni-mh-aaa-tamano-48-v-800-mah-recargable\/#primaryimage"},"image":{"@id":"https:\/\/marktxxl.de\/markt\/produkt\/bateria-de-repuesto-29580-10-para-summer-infant-baby-monitor-29580-29590-29610-29620-29630-29710-29740-29790-29940-ni-mh-aaa-tamano-48-v-800-mah-recargable\/#primaryimage"},"thumbnailUrl":"https:\/\/m.media-amazon.com\/images\/I\/41NEFyQjk3L._SL500_.jpg","datePublished":"2024-07-28T12:42:16+00:00","description":"Markt-XXL Bater\u00eda de repuesto 29580-10 para Summer Infant Baby Monitor 29580 29590 29610 29620 29630 29710 29740 29790 29940, Ni-MH AAA Tama\u00f1o 4,8 V 800 mAh recargable","breadcrumb":{"@id":"https:\/\/marktxxl.de\/markt\/produkt\/bateria-de-repuesto-29580-10-para-summer-infant-baby-monitor-29580-29590-29610-29620-29630-29710-29740-29790-29940-ni-mh-aaa-tamano-48-v-800-mah-recargable\/#breadcrumb"},"inLanguage":"de","potentialAction":[{"@type":"ReadAction","target":["https:\/\/marktxxl.de\/markt\/produkt\/bateria-de-repuesto-29580-10-para-summer-infant-baby-monitor-29580-29590-29610-29620-29630-29710-29740-29790-29940-ni-mh-aaa-tamano-48-v-800-mah-recargable\/"]}]},{"@type":"ImageObject","inLanguage":"de","@id":"https:\/\/marktxxl.de\/markt\/produkt\/bateria-de-repuesto-29580-10-para-summer-infant-baby-monitor-29580-29590-29610-29620-29630-29710-29740-29790-29940-ni-mh-aaa-tamano-48-v-800-mah-recargable\/#primaryimage","url":"https:\/\/m.media-amazon.com\/images\/I\/41NEFyQjk3L._SL500_.jpg","contentUrl":"https:\/\/m.media-amazon.com\/images\/I\/41NEFyQjk3L._SL500_.jpg","width":500,"height":500},{"@type":"BreadcrumbList","@id":"https:\/\/marktxxl.de\/markt\/produkt\/bateria-de-repuesto-29580-10-para-summer-infant-baby-monitor-29580-29590-29610-29620-29630-29710-29740-29790-29940-ni-mh-aaa-tamano-48-v-800-mah-recargable\/#breadcrumb","itemListElement":[{"@type":"ListItem","position":1,"name":"Startseite","item":"https:\/\/marktxxl.de\/markt\/"},{"@type":"ListItem","position":2,"name":"Markt","item":"https:\/\/marktxxl.de\/markt\/"},{"@type":"ListItem","position":3,"name":"Bater\u00eda de repuesto 29580-10 para Summer Infant Baby Monitor 29580 29590 29610 29620 29630 29710 29740 29790 29940, Ni-MH AAA Tama\u00f1o 4,8 V 800 mAh recargable"}]},{"@type":"WebSite","@id":"https:\/\/marktxxl.de\/markt\/#website","url":"https:\/\/marktxxl.de\/markt\/","name":"Markt-XXL","description":"Ihr Markt Online","publisher":{"@id":"https:\/\/marktxxl.de\/markt\/#organization"},"potentialAction":[{"@type":"SearchAction","target":{"@type":"EntryPoint","urlTemplate":"https:\/\/marktxxl.de\/markt\/?s={search_term_string}"},"query-input":{"@type":"PropertyValueSpecification","valueRequired":true,"valueName":"search_term_string"}}],"inLanguage":"de"},{"@type":"Organization","@id":"https:\/\/marktxxl.de\/markt\/#organization","name":"Markt-XXL","url":"https:\/\/marktxxl.de\/markt\/","logo":{"@type":"ImageObject","inLanguage":"de","@id":"https:\/\/marktxxl.de\/markt\/#\/schema\/logo\/image\/","url":"https:\/\/marktxxl.de\/markt\/wp-content\/uploads\/sites\/3\/2020\/12\/logo.png","contentUrl":"https:\/\/marktxxl.de\/markt\/wp-content\/uploads\/sites\/3\/2020\/12\/logo.png","width":200,"height":70,"caption":"Markt-XXL"},"image":{"@id":"https:\/\/marktxxl.de\/markt\/#\/schema\/logo\/image\/"}}]}},"_links":{"self":[{"href":"https:\/\/marktxxl.de\/markt\/wp-json\/wp\/v2\/product\/221444","targetHints":{"allow":["GET"]}}],"collection":[{"href":"https:\/\/marktxxl.de\/markt\/wp-json\/wp\/v2\/product"}],"about":[{"href":"https:\/\/marktxxl.de\/markt\/wp-json\/wp\/v2\/types\/product"}],"replies":[{"embeddable":true,"href":"https:\/\/marktxxl.de\/markt\/wp-json\/wp\/v2\/comments?post=221444"}],"wp:featuredmedia":[{"embeddable":true,"href":"https:\/\/marktxxl.de\/markt\/wp-json\/wp\/v2\/media\/221445"}],"wp:attachment":[{"href":"https:\/\/marktxxl.de\/markt\/wp-json\/wp\/v2\/media?parent=221444"}],"wp:term":[{"taxonomy":"product_brand","embeddable":true,"href":"https:\/\/marktxxl.de\/markt\/wp-json\/wp\/v2\/product_brand?post=221444"},{"taxonomy":"product_cat","embeddable":true,"href":"https:\/\/marktxxl.de\/markt\/wp-json\/wp\/v2\/product_cat?post=221444"},{"taxonomy":"product_tag","embeddable":true,"href":"https:\/\/marktxxl.de\/markt\/wp-json\/wp\/v2\/product_tag?post=221444"}],"curies":[{"name":"wp","href":"https:\/\/api.w.org\/{rel}","templated":true}]}}