{"id":221425,"date":"2024-07-28T14:41:56","date_gmt":"2024-07-28T12:41:56","guid":{"rendered":"https:\/\/marktxxl.de\/markt\/produkt\/squishmallows-19-cm-halloween-callum-the-green-monster-23574\/"},"modified":"2024-07-28T14:41:56","modified_gmt":"2024-07-28T12:41:56","slug":"squishmallows-19-cm-halloween-callum-the-green-monster-23574","status":"publish","type":"product","link":"https:\/\/marktxxl.de\/markt\/produkt\/squishmallows-19-cm-halloween-callum-the-green-monster-23574\/","title":{"rendered":"Squishmallows &#8211; 19 cm Halloween &#8211; Callum The Green Monster (23574)"},"content":{"rendered":"<p>SQUAD UP: Z\u00fcchten Sie Ihr Squishmallows Squad mit Callum, einem superweichen Stofftier zum Sammeln.<br \/>\nTreffen Sie Ruhe: Er fertigt immer eine neue Charge Glitzerschleim.<br \/>\nMUST-HAVE: Bringen Sie den Spa\u00df nach Hause mit diesem Squishmallows, hergestellt aus ultrasoften, hochwertigen Materialien.<br \/>\nEinzigartige Pers\u00f6nlichkeiten: Squishmallows gibt es in einer Vielzahl von lustigen Pers\u00f6nlichkeiten, Gr\u00f6\u00dfen und Farben.<br \/>\nSammlerst\u00fcck: Suchen Sie nach anderen Squishmallows Erweiterungen, einschlie\u00dflich FlipAMallows, HugMees und Stackables nur von Original Squishmallows.<br \/>\n<div class=\"main-cross-sell\" data-asin=\"B0CDM7SN8W\">\n\n\t<div class=\"WooZone-cross-sell-loader\">\n\t\t<div>\n\t\t\t<div id=\"floatingBarsG\">\n\t\t\t\t<div class=\"blockG\" id=\"rotateG_01\"><\/div>\n\t\t\t\t<div class=\"blockG\" id=\"rotateG_02\"><\/div>\n\t\t\t\t<div class=\"blockG\" id=\"rotateG_03\"><\/div>\n\t\t\t\t<div class=\"blockG\" id=\"rotateG_04\"><\/div>\n\t\t\t\t<div class=\"blockG\" id=\"rotateG_05\"><\/div>\n\t\t\t\t<div class=\"blockG\" id=\"rotateG_06\"><\/div>\n\t\t\t\t<div class=\"blockG\" id=\"rotateG_07\"><\/div>\n\t\t\t\t<div class=\"blockG\" id=\"rotateG_08\"><\/div>\n\t\t\t<\/div>\n\t\t\t<div class=\"WooZone-cross-sell-loader-text\"><\/div>\n\t\t<\/div>\n\t<\/div>\n\n\t\t\n<\/div>\n<div style=\"clear:both;\"><\/div><\/p>\n","protected":false},"excerpt":{"rendered":"<p>SQUAD UP: Z\u00fcchten Sie Ihr Squishmallows Squad mit Callum, einem superweichen Stofftier zum Sammeln.<br \/>\nTreffen Sie Ruhe: Er fertigt immer eine neue Charge Glitzerschleim.<br \/>\nMUST-HAVE: Bringen Sie den Spa\u00df nach Hause mit diesem Squishmallows, hergestellt aus ultrasoften, hochwertigen Materialien.<\/p>\n","protected":false},"featured_media":221426,"comment_status":"open","ping_status":"closed","template":"","meta":[],"product_brand":[],"product_cat":[21,9378],"product_tag":[],"class_list":{"0":"post-221425","1":"product","2":"type-product","3":"status-publish","4":"has-post-thumbnail","6":"product_cat-baby","7":"product_cat-sicherheit-baby","8":"pa_binding-spielzeug","9":"pa_brand-squishmallows","10":"pa_color-gruen","11":"pa_height-8-661417314-zoll","12":"pa_length-14-566929119-zoll","13":"pa_manufacturer-jazwares","14":"pa_model-sqhw00625","15":"pa_warranty-2-year-manufacturer","16":"pa_weight-0-2645547144-pfund","17":"pa_width-8-zoll","19":"first","20":"instock","21":"shipping-taxable","22":"purchasable","23":"product-type-simple","24":"customify-col","25":"product-has-gallery"},"yoast_head":"<!-- This site is optimized with the Yoast SEO plugin v27.4 - https:\/\/yoast.com\/product\/yoast-seo-wordpress\/ -->\n<title>Squishmallows - 19 cm Halloween - Callum The Green Monster (23574) - Markt-XXL<\/title>\n<meta name=\"description\" content=\"Markt-XXL Squishmallows - 19 cm Halloween - Callum The Green Monster (23574)\" \/>\n<meta name=\"robots\" content=\"index, follow, max-snippet:-1, max-image-preview:large, max-video-preview:-1\" \/>\n<link rel=\"canonical\" href=\"https:\/\/marktxxl.de\/markt\/produkt\/squishmallows-19-cm-halloween-callum-the-green-monster-23574\/\" \/>\n<meta property=\"og:locale\" content=\"de_DE\" \/>\n<meta property=\"og:type\" content=\"article\" \/>\n<meta property=\"og:title\" content=\"Squishmallows - 19 cm Halloween - Callum The Green Monster (23574) - Markt-XXL\" \/>\n<meta property=\"og:description\" content=\"Markt-XXL Squishmallows - 19 cm Halloween - Callum The Green Monster (23574)\" \/>\n<meta property=\"og:url\" content=\"https:\/\/marktxxl.de\/markt\/produkt\/squishmallows-19-cm-halloween-callum-the-green-monster-23574\/\" \/>\n<meta property=\"og:site_name\" content=\"Markt-XXL\" \/>\n<meta name=\"twitter:card\" content=\"summary_large_image\" \/>\n<script type=\"application\/ld+json\" class=\"yoast-schema-graph\">{\"@context\":\"https:\\\/\\\/schema.org\",\"@graph\":[{\"@type\":\"WebPage\",\"@id\":\"https:\\\/\\\/marktxxl.de\\\/markt\\\/produkt\\\/squishmallows-19-cm-halloween-callum-the-green-monster-23574\\\/\",\"url\":\"https:\\\/\\\/marktxxl.de\\\/markt\\\/produkt\\\/squishmallows-19-cm-halloween-callum-the-green-monster-23574\\\/\",\"name\":\"Squishmallows - 19 cm Halloween - Callum The Green Monster (23574) - Markt-XXL\",\"isPartOf\":{\"@id\":\"https:\\\/\\\/marktxxl.de\\\/markt\\\/#website\"},\"primaryImageOfPage\":{\"@id\":\"https:\\\/\\\/marktxxl.de\\\/markt\\\/produkt\\\/squishmallows-19-cm-halloween-callum-the-green-monster-23574\\\/#primaryimage\"},\"image\":{\"@id\":\"https:\\\/\\\/marktxxl.de\\\/markt\\\/produkt\\\/squishmallows-19-cm-halloween-callum-the-green-monster-23574\\\/#primaryimage\"},\"thumbnailUrl\":\"https:\\\/\\\/m.media-amazon.com\\\/images\\\/I\\\/51Ur3a5hQZL._SL500_.jpg\",\"datePublished\":\"2024-07-28T12:41:56+00:00\",\"description\":\"Markt-XXL Squishmallows - 19 cm Halloween - Callum The Green Monster (23574)\",\"breadcrumb\":{\"@id\":\"https:\\\/\\\/marktxxl.de\\\/markt\\\/produkt\\\/squishmallows-19-cm-halloween-callum-the-green-monster-23574\\\/#breadcrumb\"},\"inLanguage\":\"de\",\"potentialAction\":[{\"@type\":\"ReadAction\",\"target\":[\"https:\\\/\\\/marktxxl.de\\\/markt\\\/produkt\\\/squishmallows-19-cm-halloween-callum-the-green-monster-23574\\\/\"]}]},{\"@type\":\"ImageObject\",\"inLanguage\":\"de\",\"@id\":\"https:\\\/\\\/marktxxl.de\\\/markt\\\/produkt\\\/squishmallows-19-cm-halloween-callum-the-green-monster-23574\\\/#primaryimage\",\"url\":\"https:\\\/\\\/m.media-amazon.com\\\/images\\\/I\\\/51Ur3a5hQZL._SL500_.jpg\",\"contentUrl\":\"https:\\\/\\\/m.media-amazon.com\\\/images\\\/I\\\/51Ur3a5hQZL._SL500_.jpg\",\"width\":500,\"height\":500},{\"@type\":\"BreadcrumbList\",\"@id\":\"https:\\\/\\\/marktxxl.de\\\/markt\\\/produkt\\\/squishmallows-19-cm-halloween-callum-the-green-monster-23574\\\/#breadcrumb\",\"itemListElement\":[{\"@type\":\"ListItem\",\"position\":1,\"name\":\"Startseite\",\"item\":\"https:\\\/\\\/marktxxl.de\\\/markt\\\/\"},{\"@type\":\"ListItem\",\"position\":2,\"name\":\"Markt\",\"item\":\"https:\\\/\\\/marktxxl.de\\\/markt\\\/\"},{\"@type\":\"ListItem\",\"position\":3,\"name\":\"Squishmallows &#8211; 19 cm Halloween &#8211; Callum The Green Monster (23574)\"}]},{\"@type\":\"WebSite\",\"@id\":\"https:\\\/\\\/marktxxl.de\\\/markt\\\/#website\",\"url\":\"https:\\\/\\\/marktxxl.de\\\/markt\\\/\",\"name\":\"Markt-XXL\",\"description\":\"Ihr Markt Online\",\"publisher\":{\"@id\":\"https:\\\/\\\/marktxxl.de\\\/markt\\\/#organization\"},\"potentialAction\":[{\"@type\":\"SearchAction\",\"target\":{\"@type\":\"EntryPoint\",\"urlTemplate\":\"https:\\\/\\\/marktxxl.de\\\/markt\\\/?s={search_term_string}\"},\"query-input\":{\"@type\":\"PropertyValueSpecification\",\"valueRequired\":true,\"valueName\":\"search_term_string\"}}],\"inLanguage\":\"de\"},{\"@type\":\"Organization\",\"@id\":\"https:\\\/\\\/marktxxl.de\\\/markt\\\/#organization\",\"name\":\"Markt-XXL\",\"url\":\"https:\\\/\\\/marktxxl.de\\\/markt\\\/\",\"logo\":{\"@type\":\"ImageObject\",\"inLanguage\":\"de\",\"@id\":\"https:\\\/\\\/marktxxl.de\\\/markt\\\/#\\\/schema\\\/logo\\\/image\\\/\",\"url\":\"https:\\\/\\\/marktxxl.de\\\/markt\\\/wp-content\\\/uploads\\\/sites\\\/3\\\/2020\\\/12\\\/logo.png\",\"contentUrl\":\"https:\\\/\\\/marktxxl.de\\\/markt\\\/wp-content\\\/uploads\\\/sites\\\/3\\\/2020\\\/12\\\/logo.png\",\"width\":200,\"height\":70,\"caption\":\"Markt-XXL\"},\"image\":{\"@id\":\"https:\\\/\\\/marktxxl.de\\\/markt\\\/#\\\/schema\\\/logo\\\/image\\\/\"}}]}<\/script>\n<!-- \/ Yoast SEO plugin. -->","yoast_head_json":{"title":"Squishmallows - 19 cm Halloween - Callum The Green Monster (23574) - Markt-XXL","description":"Markt-XXL Squishmallows - 19 cm Halloween - Callum The Green Monster (23574)","robots":{"index":"index","follow":"follow","max-snippet":"max-snippet:-1","max-image-preview":"max-image-preview:large","max-video-preview":"max-video-preview:-1"},"canonical":"https:\/\/marktxxl.de\/markt\/produkt\/squishmallows-19-cm-halloween-callum-the-green-monster-23574\/","og_locale":"de_DE","og_type":"article","og_title":"Squishmallows - 19 cm Halloween - Callum The Green Monster (23574) - Markt-XXL","og_description":"Markt-XXL Squishmallows - 19 cm Halloween - Callum The Green Monster (23574)","og_url":"https:\/\/marktxxl.de\/markt\/produkt\/squishmallows-19-cm-halloween-callum-the-green-monster-23574\/","og_site_name":"Markt-XXL","twitter_card":"summary_large_image","schema":{"@context":"https:\/\/schema.org","@graph":[{"@type":"WebPage","@id":"https:\/\/marktxxl.de\/markt\/produkt\/squishmallows-19-cm-halloween-callum-the-green-monster-23574\/","url":"https:\/\/marktxxl.de\/markt\/produkt\/squishmallows-19-cm-halloween-callum-the-green-monster-23574\/","name":"Squishmallows - 19 cm Halloween - Callum The Green Monster (23574) - Markt-XXL","isPartOf":{"@id":"https:\/\/marktxxl.de\/markt\/#website"},"primaryImageOfPage":{"@id":"https:\/\/marktxxl.de\/markt\/produkt\/squishmallows-19-cm-halloween-callum-the-green-monster-23574\/#primaryimage"},"image":{"@id":"https:\/\/marktxxl.de\/markt\/produkt\/squishmallows-19-cm-halloween-callum-the-green-monster-23574\/#primaryimage"},"thumbnailUrl":"https:\/\/m.media-amazon.com\/images\/I\/51Ur3a5hQZL._SL500_.jpg","datePublished":"2024-07-28T12:41:56+00:00","description":"Markt-XXL Squishmallows - 19 cm Halloween - Callum The Green Monster (23574)","breadcrumb":{"@id":"https:\/\/marktxxl.de\/markt\/produkt\/squishmallows-19-cm-halloween-callum-the-green-monster-23574\/#breadcrumb"},"inLanguage":"de","potentialAction":[{"@type":"ReadAction","target":["https:\/\/marktxxl.de\/markt\/produkt\/squishmallows-19-cm-halloween-callum-the-green-monster-23574\/"]}]},{"@type":"ImageObject","inLanguage":"de","@id":"https:\/\/marktxxl.de\/markt\/produkt\/squishmallows-19-cm-halloween-callum-the-green-monster-23574\/#primaryimage","url":"https:\/\/m.media-amazon.com\/images\/I\/51Ur3a5hQZL._SL500_.jpg","contentUrl":"https:\/\/m.media-amazon.com\/images\/I\/51Ur3a5hQZL._SL500_.jpg","width":500,"height":500},{"@type":"BreadcrumbList","@id":"https:\/\/marktxxl.de\/markt\/produkt\/squishmallows-19-cm-halloween-callum-the-green-monster-23574\/#breadcrumb","itemListElement":[{"@type":"ListItem","position":1,"name":"Startseite","item":"https:\/\/marktxxl.de\/markt\/"},{"@type":"ListItem","position":2,"name":"Markt","item":"https:\/\/marktxxl.de\/markt\/"},{"@type":"ListItem","position":3,"name":"Squishmallows &#8211; 19 cm Halloween &#8211; Callum The Green Monster (23574)"}]},{"@type":"WebSite","@id":"https:\/\/marktxxl.de\/markt\/#website","url":"https:\/\/marktxxl.de\/markt\/","name":"Markt-XXL","description":"Ihr Markt Online","publisher":{"@id":"https:\/\/marktxxl.de\/markt\/#organization"},"potentialAction":[{"@type":"SearchAction","target":{"@type":"EntryPoint","urlTemplate":"https:\/\/marktxxl.de\/markt\/?s={search_term_string}"},"query-input":{"@type":"PropertyValueSpecification","valueRequired":true,"valueName":"search_term_string"}}],"inLanguage":"de"},{"@type":"Organization","@id":"https:\/\/marktxxl.de\/markt\/#organization","name":"Markt-XXL","url":"https:\/\/marktxxl.de\/markt\/","logo":{"@type":"ImageObject","inLanguage":"de","@id":"https:\/\/marktxxl.de\/markt\/#\/schema\/logo\/image\/","url":"https:\/\/marktxxl.de\/markt\/wp-content\/uploads\/sites\/3\/2020\/12\/logo.png","contentUrl":"https:\/\/marktxxl.de\/markt\/wp-content\/uploads\/sites\/3\/2020\/12\/logo.png","width":200,"height":70,"caption":"Markt-XXL"},"image":{"@id":"https:\/\/marktxxl.de\/markt\/#\/schema\/logo\/image\/"}}]}},"_links":{"self":[{"href":"https:\/\/marktxxl.de\/markt\/wp-json\/wp\/v2\/product\/221425","targetHints":{"allow":["GET"]}}],"collection":[{"href":"https:\/\/marktxxl.de\/markt\/wp-json\/wp\/v2\/product"}],"about":[{"href":"https:\/\/marktxxl.de\/markt\/wp-json\/wp\/v2\/types\/product"}],"replies":[{"embeddable":true,"href":"https:\/\/marktxxl.de\/markt\/wp-json\/wp\/v2\/comments?post=221425"}],"wp:featuredmedia":[{"embeddable":true,"href":"https:\/\/marktxxl.de\/markt\/wp-json\/wp\/v2\/media\/221426"}],"wp:attachment":[{"href":"https:\/\/marktxxl.de\/markt\/wp-json\/wp\/v2\/media?parent=221425"}],"wp:term":[{"taxonomy":"product_brand","embeddable":true,"href":"https:\/\/marktxxl.de\/markt\/wp-json\/wp\/v2\/product_brand?post=221425"},{"taxonomy":"product_cat","embeddable":true,"href":"https:\/\/marktxxl.de\/markt\/wp-json\/wp\/v2\/product_cat?post=221425"},{"taxonomy":"product_tag","embeddable":true,"href":"https:\/\/marktxxl.de\/markt\/wp-json\/wp\/v2\/product_tag?post=221425"}],"curies":[{"name":"wp","href":"https:\/\/api.w.org\/{rel}","templated":true}]}}