{"id":221417,"date":"2024-07-28T14:39:46","date_gmt":"2024-07-28T12:39:46","guid":{"rendered":"https:\/\/marktxxl.de\/markt\/produkt\/see-my-baby-reflektor-kinderwagen-reflektierender-kinderwagenschutz-bezug-sicherheit-fuer-babywagen-stark-reflektierend-mit-gummizug\/"},"modified":"2024-07-28T14:39:46","modified_gmt":"2024-07-28T12:39:46","slug":"see-my-baby-reflektor-kinderwagen-reflektierender-kinderwagenschutz-bezug-sicherheit-fuer-babywagen-stark-reflektierend-mit-gummizug","status":"publish","type":"product","link":"https:\/\/marktxxl.de\/markt\/produkt\/see-my-baby-reflektor-kinderwagen-reflektierender-kinderwagenschutz-bezug-sicherheit-fuer-babywagen-stark-reflektierend-mit-gummizug\/","title":{"rendered":"See-My-Baby \u2013 Reflektor Kinderwagen \u2013 reflektierender Kinderwagenschutz \u2013 Bezug \u2013 Sicherheit f\u00fcr Babywagen &#8211; stark reflektierend &#8211; mit Gummizug"},"content":{"rendered":"<p>MAXIMALE SICHERHEIT: Unser Schutzbezug mit seiner Signalfarbe reflektiert Licht bei jeder Art von Witterung und bietet somit optimalen Schutz f\u00fcr Kinder und Eltern.<br \/>\nUNIVERSALGR\u00d6SSE: Durch die Gummibandeinfassung ist der reflektierende Bezug f\u00fcr jede Art von Kinderwagen perfekt geeignet.<br \/>\nQUALIT\u00c4T: Der neongelbe Stoff ist leicht per Hand oder in der Maschine zu reinigen und zudem sehr stabil. Auch die Reflektoren sind zur optimalen Sicherheit besonders breit.<br \/>\nEINFACHE MONTAGE: Den Kinderwagenschutz einfach \u00fcber den gew\u00fcnschten Wagen \u00fcberziehen und schon ist man startbereit.<br \/>\nGESCHENK: Der Kinderwagenschutz ist ein tolles Geschenk f\u00fcr junge Eltern und ihre Kinder. Ein einfallsreiches und sicheres Kinderwagenzubeh\u00f6r.<br \/>\n<div class=\"main-cross-sell\" data-asin=\"B08P31M744\">\n\n\t<div class=\"WooZone-cross-sell-loader\">\n\t\t<div>\n\t\t\t<div id=\"floatingBarsG\">\n\t\t\t\t<div class=\"blockG\" id=\"rotateG_01\"><\/div>\n\t\t\t\t<div class=\"blockG\" id=\"rotateG_02\"><\/div>\n\t\t\t\t<div class=\"blockG\" id=\"rotateG_03\"><\/div>\n\t\t\t\t<div class=\"blockG\" id=\"rotateG_04\"><\/div>\n\t\t\t\t<div class=\"blockG\" id=\"rotateG_05\"><\/div>\n\t\t\t\t<div class=\"blockG\" id=\"rotateG_06\"><\/div>\n\t\t\t\t<div class=\"blockG\" id=\"rotateG_07\"><\/div>\n\t\t\t\t<div class=\"blockG\" id=\"rotateG_08\"><\/div>\n\t\t\t<\/div>\n\t\t\t<div class=\"WooZone-cross-sell-loader-text\"><\/div>\n\t\t<\/div>\n\t<\/div>\n\n\t\t\n<\/div>\n<div style=\"clear:both;\"><\/div><\/p>\n","protected":false},"excerpt":{"rendered":"<p>MAXIMALE SICHERHEIT: Unser Schutzbezug mit seiner Signalfarbe reflektiert Licht bei jeder Art von Witterung und bietet somit optimalen Schutz f\u00fcr Kinder und Eltern.<br \/>\nUNIVERSALGR\u00d6SSE: Durch die Gummibandeinfassung ist der reflektierende Bezug f\u00fcr jede Art von Kinderwagen perfekt geeignet.<br \/>\nQUALIT\u00c4T: Der neongelbe Stoff ist leicht per Hand oder in der Maschine zu reinigen und zudem sehr stabil. Auch die Reflektoren sind zur optimalen Sicherheit besonders breit.<\/p>\n","protected":false},"featured_media":221418,"comment_status":"open","ping_status":"closed","template":"","meta":[],"product_brand":[],"product_cat":[21,9378],"product_tag":[],"class_list":{"0":"post-221417","1":"product","2":"type-product","3":"status-publish","4":"has-post-thumbnail","6":"product_cat-baby","7":"product_cat-sicherheit-baby","8":"pa_binding-babyartikel","9":"pa_brand-see-my-baby","10":"pa_color-neongelb","11":"pa_height-2-362204722-zoll","12":"pa_length-11-81102361-zoll","13":"pa_manufacturer-rau","14":"pa_weight-0-661386786-pfund","15":"pa_width-8-661417314-zoll","17":"first","18":"instock","19":"shipping-taxable","20":"purchasable","21":"product-type-simple","22":"customify-col","23":"product-has-gallery"},"yoast_head":"<!-- This site is optimized with the Yoast SEO plugin v27.3 - https:\/\/yoast.com\/product\/yoast-seo-wordpress\/ -->\n<title>See-My-Baby \u2013 Reflektor Kinderwagen \u2013 reflektierender Kinderwagenschutz \u2013 Bezug \u2013 Sicherheit f\u00fcr Babywagen - stark reflektierend - mit Gummizug - Markt-XXL<\/title>\n<meta name=\"description\" content=\"Markt-XXL See-My-Baby \u2013 Reflektor Kinderwagen \u2013 reflektierender Kinderwagenschutz \u2013 Bezug \u2013 Sicherheit f\u00fcr Babywagen - stark reflektierend - mit Gummizug\" \/>\n<meta name=\"robots\" content=\"index, follow, max-snippet:-1, max-image-preview:large, max-video-preview:-1\" \/>\n<link rel=\"canonical\" href=\"https:\/\/marktxxl.de\/markt\/produkt\/see-my-baby-reflektor-kinderwagen-reflektierender-kinderwagenschutz-bezug-sicherheit-fuer-babywagen-stark-reflektierend-mit-gummizug\/\" \/>\n<meta property=\"og:locale\" content=\"de_DE\" \/>\n<meta property=\"og:type\" content=\"article\" \/>\n<meta property=\"og:title\" content=\"See-My-Baby \u2013 Reflektor Kinderwagen \u2013 reflektierender Kinderwagenschutz \u2013 Bezug \u2013 Sicherheit f\u00fcr Babywagen - stark reflektierend - mit Gummizug - Markt-XXL\" \/>\n<meta property=\"og:description\" content=\"Markt-XXL See-My-Baby \u2013 Reflektor Kinderwagen \u2013 reflektierender Kinderwagenschutz \u2013 Bezug \u2013 Sicherheit f\u00fcr Babywagen - stark reflektierend - mit Gummizug\" \/>\n<meta property=\"og:url\" content=\"https:\/\/marktxxl.de\/markt\/produkt\/see-my-baby-reflektor-kinderwagen-reflektierender-kinderwagenschutz-bezug-sicherheit-fuer-babywagen-stark-reflektierend-mit-gummizug\/\" \/>\n<meta property=\"og:site_name\" content=\"Markt-XXL\" \/>\n<meta name=\"twitter:card\" content=\"summary_large_image\" \/>\n<meta name=\"twitter:label1\" content=\"Gesch\u00e4tzte Lesezeit\" \/>\n\t<meta name=\"twitter:data1\" content=\"1\u00a0Minute\" \/>\n<script type=\"application\/ld+json\" class=\"yoast-schema-graph\">{\"@context\":\"https:\\\/\\\/schema.org\",\"@graph\":[{\"@type\":\"WebPage\",\"@id\":\"https:\\\/\\\/marktxxl.de\\\/markt\\\/produkt\\\/see-my-baby-reflektor-kinderwagen-reflektierender-kinderwagenschutz-bezug-sicherheit-fuer-babywagen-stark-reflektierend-mit-gummizug\\\/\",\"url\":\"https:\\\/\\\/marktxxl.de\\\/markt\\\/produkt\\\/see-my-baby-reflektor-kinderwagen-reflektierender-kinderwagenschutz-bezug-sicherheit-fuer-babywagen-stark-reflektierend-mit-gummizug\\\/\",\"name\":\"See-My-Baby \u2013 Reflektor Kinderwagen \u2013 reflektierender Kinderwagenschutz \u2013 Bezug \u2013 Sicherheit f\u00fcr Babywagen - stark reflektierend - mit Gummizug - Markt-XXL\",\"isPartOf\":{\"@id\":\"https:\\\/\\\/marktxxl.de\\\/markt\\\/#website\"},\"primaryImageOfPage\":{\"@id\":\"https:\\\/\\\/marktxxl.de\\\/markt\\\/produkt\\\/see-my-baby-reflektor-kinderwagen-reflektierender-kinderwagenschutz-bezug-sicherheit-fuer-babywagen-stark-reflektierend-mit-gummizug\\\/#primaryimage\"},\"image\":{\"@id\":\"https:\\\/\\\/marktxxl.de\\\/markt\\\/produkt\\\/see-my-baby-reflektor-kinderwagen-reflektierender-kinderwagenschutz-bezug-sicherheit-fuer-babywagen-stark-reflektierend-mit-gummizug\\\/#primaryimage\"},\"thumbnailUrl\":\"https:\\\/\\\/m.media-amazon.com\\\/images\\\/I\\\/41zzkt6MdGL._SL500_.jpg\",\"datePublished\":\"2024-07-28T12:39:46+00:00\",\"description\":\"Markt-XXL See-My-Baby \u2013 Reflektor Kinderwagen \u2013 reflektierender Kinderwagenschutz \u2013 Bezug \u2013 Sicherheit f\u00fcr Babywagen - stark reflektierend - mit Gummizug\",\"breadcrumb\":{\"@id\":\"https:\\\/\\\/marktxxl.de\\\/markt\\\/produkt\\\/see-my-baby-reflektor-kinderwagen-reflektierender-kinderwagenschutz-bezug-sicherheit-fuer-babywagen-stark-reflektierend-mit-gummizug\\\/#breadcrumb\"},\"inLanguage\":\"de\",\"potentialAction\":[{\"@type\":\"ReadAction\",\"target\":[\"https:\\\/\\\/marktxxl.de\\\/markt\\\/produkt\\\/see-my-baby-reflektor-kinderwagen-reflektierender-kinderwagenschutz-bezug-sicherheit-fuer-babywagen-stark-reflektierend-mit-gummizug\\\/\"]}]},{\"@type\":\"ImageObject\",\"inLanguage\":\"de\",\"@id\":\"https:\\\/\\\/marktxxl.de\\\/markt\\\/produkt\\\/see-my-baby-reflektor-kinderwagen-reflektierender-kinderwagenschutz-bezug-sicherheit-fuer-babywagen-stark-reflektierend-mit-gummizug\\\/#primaryimage\",\"url\":\"https:\\\/\\\/m.media-amazon.com\\\/images\\\/I\\\/41zzkt6MdGL._SL500_.jpg\",\"contentUrl\":\"https:\\\/\\\/m.media-amazon.com\\\/images\\\/I\\\/41zzkt6MdGL._SL500_.jpg\",\"width\":500,\"height\":375},{\"@type\":\"BreadcrumbList\",\"@id\":\"https:\\\/\\\/marktxxl.de\\\/markt\\\/produkt\\\/see-my-baby-reflektor-kinderwagen-reflektierender-kinderwagenschutz-bezug-sicherheit-fuer-babywagen-stark-reflektierend-mit-gummizug\\\/#breadcrumb\",\"itemListElement\":[{\"@type\":\"ListItem\",\"position\":1,\"name\":\"Startseite\",\"item\":\"https:\\\/\\\/marktxxl.de\\\/markt\\\/\"},{\"@type\":\"ListItem\",\"position\":2,\"name\":\"Markt\",\"item\":\"https:\\\/\\\/marktxxl.de\\\/markt\\\/\"},{\"@type\":\"ListItem\",\"position\":3,\"name\":\"See-My-Baby \u2013 Reflektor Kinderwagen \u2013 reflektierender Kinderwagenschutz \u2013 Bezug \u2013 Sicherheit f\u00fcr Babywagen &#8211; stark reflektierend &#8211; mit Gummizug\"}]},{\"@type\":\"WebSite\",\"@id\":\"https:\\\/\\\/marktxxl.de\\\/markt\\\/#website\",\"url\":\"https:\\\/\\\/marktxxl.de\\\/markt\\\/\",\"name\":\"Markt-XXL\",\"description\":\"Ihr Markt Online\",\"publisher\":{\"@id\":\"https:\\\/\\\/marktxxl.de\\\/markt\\\/#organization\"},\"potentialAction\":[{\"@type\":\"SearchAction\",\"target\":{\"@type\":\"EntryPoint\",\"urlTemplate\":\"https:\\\/\\\/marktxxl.de\\\/markt\\\/?s={search_term_string}\"},\"query-input\":{\"@type\":\"PropertyValueSpecification\",\"valueRequired\":true,\"valueName\":\"search_term_string\"}}],\"inLanguage\":\"de\"},{\"@type\":\"Organization\",\"@id\":\"https:\\\/\\\/marktxxl.de\\\/markt\\\/#organization\",\"name\":\"Markt-XXL\",\"url\":\"https:\\\/\\\/marktxxl.de\\\/markt\\\/\",\"logo\":{\"@type\":\"ImageObject\",\"inLanguage\":\"de\",\"@id\":\"https:\\\/\\\/marktxxl.de\\\/markt\\\/#\\\/schema\\\/logo\\\/image\\\/\",\"url\":\"https:\\\/\\\/marktxxl.de\\\/markt\\\/wp-content\\\/uploads\\\/sites\\\/3\\\/2020\\\/12\\\/logo.png\",\"contentUrl\":\"https:\\\/\\\/marktxxl.de\\\/markt\\\/wp-content\\\/uploads\\\/sites\\\/3\\\/2020\\\/12\\\/logo.png\",\"width\":200,\"height\":70,\"caption\":\"Markt-XXL\"},\"image\":{\"@id\":\"https:\\\/\\\/marktxxl.de\\\/markt\\\/#\\\/schema\\\/logo\\\/image\\\/\"}}]}<\/script>\n<!-- \/ Yoast SEO plugin. -->","yoast_head_json":{"title":"See-My-Baby \u2013 Reflektor Kinderwagen \u2013 reflektierender Kinderwagenschutz \u2013 Bezug \u2013 Sicherheit f\u00fcr Babywagen - stark reflektierend - mit Gummizug - Markt-XXL","description":"Markt-XXL See-My-Baby \u2013 Reflektor Kinderwagen \u2013 reflektierender Kinderwagenschutz \u2013 Bezug \u2013 Sicherheit f\u00fcr Babywagen - stark reflektierend - mit Gummizug","robots":{"index":"index","follow":"follow","max-snippet":"max-snippet:-1","max-image-preview":"max-image-preview:large","max-video-preview":"max-video-preview:-1"},"canonical":"https:\/\/marktxxl.de\/markt\/produkt\/see-my-baby-reflektor-kinderwagen-reflektierender-kinderwagenschutz-bezug-sicherheit-fuer-babywagen-stark-reflektierend-mit-gummizug\/","og_locale":"de_DE","og_type":"article","og_title":"See-My-Baby \u2013 Reflektor Kinderwagen \u2013 reflektierender Kinderwagenschutz \u2013 Bezug \u2013 Sicherheit f\u00fcr Babywagen - stark reflektierend - mit Gummizug - Markt-XXL","og_description":"Markt-XXL See-My-Baby \u2013 Reflektor Kinderwagen \u2013 reflektierender Kinderwagenschutz \u2013 Bezug \u2013 Sicherheit f\u00fcr Babywagen - stark reflektierend - mit Gummizug","og_url":"https:\/\/marktxxl.de\/markt\/produkt\/see-my-baby-reflektor-kinderwagen-reflektierender-kinderwagenschutz-bezug-sicherheit-fuer-babywagen-stark-reflektierend-mit-gummizug\/","og_site_name":"Markt-XXL","twitter_card":"summary_large_image","twitter_misc":{"Gesch\u00e4tzte Lesezeit":"1\u00a0Minute"},"schema":{"@context":"https:\/\/schema.org","@graph":[{"@type":"WebPage","@id":"https:\/\/marktxxl.de\/markt\/produkt\/see-my-baby-reflektor-kinderwagen-reflektierender-kinderwagenschutz-bezug-sicherheit-fuer-babywagen-stark-reflektierend-mit-gummizug\/","url":"https:\/\/marktxxl.de\/markt\/produkt\/see-my-baby-reflektor-kinderwagen-reflektierender-kinderwagenschutz-bezug-sicherheit-fuer-babywagen-stark-reflektierend-mit-gummizug\/","name":"See-My-Baby \u2013 Reflektor Kinderwagen \u2013 reflektierender Kinderwagenschutz \u2013 Bezug \u2013 Sicherheit f\u00fcr Babywagen - stark reflektierend - mit Gummizug - Markt-XXL","isPartOf":{"@id":"https:\/\/marktxxl.de\/markt\/#website"},"primaryImageOfPage":{"@id":"https:\/\/marktxxl.de\/markt\/produkt\/see-my-baby-reflektor-kinderwagen-reflektierender-kinderwagenschutz-bezug-sicherheit-fuer-babywagen-stark-reflektierend-mit-gummizug\/#primaryimage"},"image":{"@id":"https:\/\/marktxxl.de\/markt\/produkt\/see-my-baby-reflektor-kinderwagen-reflektierender-kinderwagenschutz-bezug-sicherheit-fuer-babywagen-stark-reflektierend-mit-gummizug\/#primaryimage"},"thumbnailUrl":"https:\/\/m.media-amazon.com\/images\/I\/41zzkt6MdGL._SL500_.jpg","datePublished":"2024-07-28T12:39:46+00:00","description":"Markt-XXL See-My-Baby \u2013 Reflektor Kinderwagen \u2013 reflektierender Kinderwagenschutz \u2013 Bezug \u2013 Sicherheit f\u00fcr Babywagen - stark reflektierend - mit Gummizug","breadcrumb":{"@id":"https:\/\/marktxxl.de\/markt\/produkt\/see-my-baby-reflektor-kinderwagen-reflektierender-kinderwagenschutz-bezug-sicherheit-fuer-babywagen-stark-reflektierend-mit-gummizug\/#breadcrumb"},"inLanguage":"de","potentialAction":[{"@type":"ReadAction","target":["https:\/\/marktxxl.de\/markt\/produkt\/see-my-baby-reflektor-kinderwagen-reflektierender-kinderwagenschutz-bezug-sicherheit-fuer-babywagen-stark-reflektierend-mit-gummizug\/"]}]},{"@type":"ImageObject","inLanguage":"de","@id":"https:\/\/marktxxl.de\/markt\/produkt\/see-my-baby-reflektor-kinderwagen-reflektierender-kinderwagenschutz-bezug-sicherheit-fuer-babywagen-stark-reflektierend-mit-gummizug\/#primaryimage","url":"https:\/\/m.media-amazon.com\/images\/I\/41zzkt6MdGL._SL500_.jpg","contentUrl":"https:\/\/m.media-amazon.com\/images\/I\/41zzkt6MdGL._SL500_.jpg","width":500,"height":375},{"@type":"BreadcrumbList","@id":"https:\/\/marktxxl.de\/markt\/produkt\/see-my-baby-reflektor-kinderwagen-reflektierender-kinderwagenschutz-bezug-sicherheit-fuer-babywagen-stark-reflektierend-mit-gummizug\/#breadcrumb","itemListElement":[{"@type":"ListItem","position":1,"name":"Startseite","item":"https:\/\/marktxxl.de\/markt\/"},{"@type":"ListItem","position":2,"name":"Markt","item":"https:\/\/marktxxl.de\/markt\/"},{"@type":"ListItem","position":3,"name":"See-My-Baby \u2013 Reflektor Kinderwagen \u2013 reflektierender Kinderwagenschutz \u2013 Bezug \u2013 Sicherheit f\u00fcr Babywagen &#8211; stark reflektierend &#8211; mit Gummizug"}]},{"@type":"WebSite","@id":"https:\/\/marktxxl.de\/markt\/#website","url":"https:\/\/marktxxl.de\/markt\/","name":"Markt-XXL","description":"Ihr Markt Online","publisher":{"@id":"https:\/\/marktxxl.de\/markt\/#organization"},"potentialAction":[{"@type":"SearchAction","target":{"@type":"EntryPoint","urlTemplate":"https:\/\/marktxxl.de\/markt\/?s={search_term_string}"},"query-input":{"@type":"PropertyValueSpecification","valueRequired":true,"valueName":"search_term_string"}}],"inLanguage":"de"},{"@type":"Organization","@id":"https:\/\/marktxxl.de\/markt\/#organization","name":"Markt-XXL","url":"https:\/\/marktxxl.de\/markt\/","logo":{"@type":"ImageObject","inLanguage":"de","@id":"https:\/\/marktxxl.de\/markt\/#\/schema\/logo\/image\/","url":"https:\/\/marktxxl.de\/markt\/wp-content\/uploads\/sites\/3\/2020\/12\/logo.png","contentUrl":"https:\/\/marktxxl.de\/markt\/wp-content\/uploads\/sites\/3\/2020\/12\/logo.png","width":200,"height":70,"caption":"Markt-XXL"},"image":{"@id":"https:\/\/marktxxl.de\/markt\/#\/schema\/logo\/image\/"}}]}},"_links":{"self":[{"href":"https:\/\/marktxxl.de\/markt\/wp-json\/wp\/v2\/product\/221417","targetHints":{"allow":["GET"]}}],"collection":[{"href":"https:\/\/marktxxl.de\/markt\/wp-json\/wp\/v2\/product"}],"about":[{"href":"https:\/\/marktxxl.de\/markt\/wp-json\/wp\/v2\/types\/product"}],"replies":[{"embeddable":true,"href":"https:\/\/marktxxl.de\/markt\/wp-json\/wp\/v2\/comments?post=221417"}],"wp:featuredmedia":[{"embeddable":true,"href":"https:\/\/marktxxl.de\/markt\/wp-json\/wp\/v2\/media\/221418"}],"wp:attachment":[{"href":"https:\/\/marktxxl.de\/markt\/wp-json\/wp\/v2\/media?parent=221417"}],"wp:term":[{"taxonomy":"product_brand","embeddable":true,"href":"https:\/\/marktxxl.de\/markt\/wp-json\/wp\/v2\/product_brand?post=221417"},{"taxonomy":"product_cat","embeddable":true,"href":"https:\/\/marktxxl.de\/markt\/wp-json\/wp\/v2\/product_cat?post=221417"},{"taxonomy":"product_tag","embeddable":true,"href":"https:\/\/marktxxl.de\/markt\/wp-json\/wp\/v2\/product_tag?post=221417"}],"curies":[{"name":"wp","href":"https:\/\/api.w.org\/{rel}","templated":true}]}}