{"id":221410,"date":"2024-07-28T14:39:39","date_gmt":"2024-07-28T12:39:39","guid":{"rendered":"https:\/\/marktxxl.de\/markt\/produkt\/qdos-stayput-double-outlet-plug-cover-one-plug-covers-both-outlets-secure-fit-and-beveled-edges-prevent-small-fingers-from-removing-unlike-inferior-products-fits-all-outlets-6-pack-white\/"},"modified":"2024-07-28T14:39:39","modified_gmt":"2024-07-28T12:39:39","slug":"qdos-stayput-double-outlet-plug-cover-one-plug-covers-both-outlets-secure-fit-and-beveled-edges-prevent-small-fingers-from-removing-unlike-inferior-products-fits-all-outlets-6-pack-white","status":"publish","type":"product","link":"https:\/\/marktxxl.de\/markt\/produkt\/qdos-stayput-double-outlet-plug-cover-one-plug-covers-both-outlets-secure-fit-and-beveled-edges-prevent-small-fingers-from-removing-unlike-inferior-products-fits-all-outlets-6-pack-white\/","title":{"rendered":"Qdos StayPut Double Outlet Plug Cover &#8211; One Plug Covers both Outlets! &#8211; Secure Fit and Beveled Edges Prevent Small Fingers from Removing Unlike Inferior Products| Fits All Outlets | 6 pack | White"},"content":{"rendered":"<p>Patentiertes Design h\u00e4lt ungenutzte Steckdosen sicher \u2013 \u00fcber 50 % der Steckdosen werden nie verwendet. Beseitigen Sie die Gefahr von Stromschl\u00e4gen oder Verbrennungsverletzungen, indem Sie ungenutzte Steckdosen abdecken.<br \/>\nSicherer StayPut Fit &#8211; Im Gegensatz zu anderen Steckdosensteckern auf dem Markt haben Qdos Outlet Plugs eine extra enge Passform und abgeschr\u00e4gte Kanten, die verhindern, dass kleine Finger sie greifen und entfernen.<br \/>\nEin Stecker deckt beide Ausg\u00e4nge ab \u2013 sauberes Design, das sich mit der Steckdosenabdeckung verbindet und von Kindern unbemerkt bleibt.<br \/>\nPassend f\u00fcr Standard-, Decora- und GFCI-Ausg\u00e4nge.<br \/>\nVerhindert Stromschl\u00e4ge und Verbrennungen \u2013 Verhindert den Zugang zu der Steckdose und verhindert, dass sie Gegenst\u00e4nde hineinlegen.<br \/>\nVerwenden Sie Qdos StayPut Einzelsteckdosen oder Qdos Universal selbstschlie\u00dfende Steckdosenabdeckungen f\u00fcr Steckdosen, die regelm\u00e4\u00dfig verwendet werden.<br \/>\n<div class=\"main-cross-sell\" data-asin=\"B077N6HPV3\">\n\n\t<div class=\"WooZone-cross-sell-loader\">\n\t\t<div>\n\t\t\t<div id=\"floatingBarsG\">\n\t\t\t\t<div class=\"blockG\" id=\"rotateG_01\"><\/div>\n\t\t\t\t<div class=\"blockG\" id=\"rotateG_02\"><\/div>\n\t\t\t\t<div class=\"blockG\" id=\"rotateG_03\"><\/div>\n\t\t\t\t<div class=\"blockG\" id=\"rotateG_04\"><\/div>\n\t\t\t\t<div class=\"blockG\" id=\"rotateG_05\"><\/div>\n\t\t\t\t<div class=\"blockG\" id=\"rotateG_06\"><\/div>\n\t\t\t\t<div class=\"blockG\" id=\"rotateG_07\"><\/div>\n\t\t\t\t<div class=\"blockG\" id=\"rotateG_08\"><\/div>\n\t\t\t<\/div>\n\t\t\t<div class=\"WooZone-cross-sell-loader-text\"><\/div>\n\t\t<\/div>\n\t<\/div>\n\n\t\t\n<\/div>\n<div style=\"clear:both;\"><\/div><\/p>\n","protected":false},"excerpt":{"rendered":"<p>Patentiertes Design h\u00e4lt ungenutzte Steckdosen sicher \u2013 \u00fcber 50 % der Steckdosen werden nie verwendet. Beseitigen Sie die Gefahr von Stromschl\u00e4gen oder Verbrennungsverletzungen, indem Sie ungenutzte Steckdosen abdecken.<br \/>\nSicherer StayPut Fit &#8211; Im Gegensatz zu anderen Steckdosensteckern auf dem Markt haben Qdos Outlet Plugs eine extra enge Passform und abgeschr\u00e4gte Kanten, die verhindern, dass kleine Finger sie greifen und entfernen.<br \/>\nEin Stecker deckt beide Ausg\u00e4nge ab \u2013 sauberes Design, das sich mit der Steckdosenabdeckung verbindet und von Kindern unbemerkt bleibt.<\/p>\n","protected":false},"featured_media":221411,"comment_status":"open","ping_status":"closed","template":"","meta":[],"product_brand":[],"product_cat":[21,9378],"product_tag":[],"class_list":{"0":"post-221410","1":"product","2":"type-product","3":"status-publish","4":"has-post-thumbnail","6":"product_cat-baby","7":"product_cat-sicherheit-baby","8":"pa_binding-babyartikel","9":"pa_brand-qdos","10":"pa_color-weiss","11":"pa_height-5-5-zoll","12":"pa_length-8-75-zoll","13":"pa_manufacturer-regal-lager","14":"pa_model-17-11004","15":"pa_width-1-25-zoll","17":"first","18":"instock","19":"shipping-taxable","20":"purchasable","21":"product-type-simple","22":"customify-col","23":"product-has-gallery"},"yoast_head":"<!-- This site is optimized with the Yoast SEO plugin v27.3 - https:\/\/yoast.com\/product\/yoast-seo-wordpress\/ -->\n<title>Qdos StayPut Double Outlet Plug Cover - One Plug Covers both Outlets! - Secure Fit and Beveled Edges Prevent Small Fingers from Removing Unlike Inferior Products| Fits All Outlets | 6 pack | White - Markt-XXL<\/title>\n<meta name=\"description\" content=\"Markt-XXL Qdos StayPut Double Outlet Plug Cover - One Plug Covers both Outlets! - Secure Fit and Beveled Edges Prevent Small Fingers from Removing Unlike Inferior Products| Fits All Outlets | 6 pack | White\" \/>\n<meta name=\"robots\" content=\"index, follow, max-snippet:-1, max-image-preview:large, max-video-preview:-1\" \/>\n<link rel=\"canonical\" href=\"https:\/\/marktxxl.de\/markt\/produkt\/qdos-stayput-double-outlet-plug-cover-one-plug-covers-both-outlets-secure-fit-and-beveled-edges-prevent-small-fingers-from-removing-unlike-inferior-products-fits-all-outlets-6-pack-white\/\" \/>\n<meta property=\"og:locale\" content=\"de_DE\" \/>\n<meta property=\"og:type\" content=\"article\" \/>\n<meta property=\"og:title\" content=\"Qdos StayPut Double Outlet Plug Cover - One Plug Covers both Outlets! - Secure Fit and Beveled Edges Prevent Small Fingers from Removing Unlike Inferior Products| Fits All Outlets | 6 pack | White - Markt-XXL\" \/>\n<meta property=\"og:description\" content=\"Markt-XXL Qdos StayPut Double Outlet Plug Cover - One Plug Covers both Outlets! - Secure Fit and Beveled Edges Prevent Small Fingers from Removing Unlike Inferior Products| Fits All Outlets | 6 pack | White\" \/>\n<meta property=\"og:url\" content=\"https:\/\/marktxxl.de\/markt\/produkt\/qdos-stayput-double-outlet-plug-cover-one-plug-covers-both-outlets-secure-fit-and-beveled-edges-prevent-small-fingers-from-removing-unlike-inferior-products-fits-all-outlets-6-pack-white\/\" \/>\n<meta property=\"og:site_name\" content=\"Markt-XXL\" \/>\n<meta name=\"twitter:card\" content=\"summary_large_image\" \/>\n<meta name=\"twitter:label1\" content=\"Gesch\u00e4tzte Lesezeit\" \/>\n\t<meta name=\"twitter:data1\" content=\"1\u00a0Minute\" \/>\n<script type=\"application\/ld+json\" class=\"yoast-schema-graph\">{\"@context\":\"https:\\\/\\\/schema.org\",\"@graph\":[{\"@type\":\"WebPage\",\"@id\":\"https:\\\/\\\/marktxxl.de\\\/markt\\\/produkt\\\/qdos-stayput-double-outlet-plug-cover-one-plug-covers-both-outlets-secure-fit-and-beveled-edges-prevent-small-fingers-from-removing-unlike-inferior-products-fits-all-outlets-6-pack-white\\\/\",\"url\":\"https:\\\/\\\/marktxxl.de\\\/markt\\\/produkt\\\/qdos-stayput-double-outlet-plug-cover-one-plug-covers-both-outlets-secure-fit-and-beveled-edges-prevent-small-fingers-from-removing-unlike-inferior-products-fits-all-outlets-6-pack-white\\\/\",\"name\":\"Qdos StayPut Double Outlet Plug Cover - One Plug Covers both Outlets! - Secure Fit and Beveled Edges Prevent Small Fingers from Removing Unlike Inferior Products| Fits All Outlets | 6 pack | White - Markt-XXL\",\"isPartOf\":{\"@id\":\"https:\\\/\\\/marktxxl.de\\\/markt\\\/#website\"},\"primaryImageOfPage\":{\"@id\":\"https:\\\/\\\/marktxxl.de\\\/markt\\\/produkt\\\/qdos-stayput-double-outlet-plug-cover-one-plug-covers-both-outlets-secure-fit-and-beveled-edges-prevent-small-fingers-from-removing-unlike-inferior-products-fits-all-outlets-6-pack-white\\\/#primaryimage\"},\"image\":{\"@id\":\"https:\\\/\\\/marktxxl.de\\\/markt\\\/produkt\\\/qdos-stayput-double-outlet-plug-cover-one-plug-covers-both-outlets-secure-fit-and-beveled-edges-prevent-small-fingers-from-removing-unlike-inferior-products-fits-all-outlets-6-pack-white\\\/#primaryimage\"},\"thumbnailUrl\":\"https:\\\/\\\/m.media-amazon.com\\\/images\\\/I\\\/31dfgIIM4kL._SL500_.jpg\",\"datePublished\":\"2024-07-28T12:39:39+00:00\",\"description\":\"Markt-XXL Qdos StayPut Double Outlet Plug Cover - One Plug Covers both Outlets! - Secure Fit and Beveled Edges Prevent Small Fingers from Removing Unlike Inferior Products| Fits All Outlets | 6 pack | White\",\"breadcrumb\":{\"@id\":\"https:\\\/\\\/marktxxl.de\\\/markt\\\/produkt\\\/qdos-stayput-double-outlet-plug-cover-one-plug-covers-both-outlets-secure-fit-and-beveled-edges-prevent-small-fingers-from-removing-unlike-inferior-products-fits-all-outlets-6-pack-white\\\/#breadcrumb\"},\"inLanguage\":\"de\",\"potentialAction\":[{\"@type\":\"ReadAction\",\"target\":[\"https:\\\/\\\/marktxxl.de\\\/markt\\\/produkt\\\/qdos-stayput-double-outlet-plug-cover-one-plug-covers-both-outlets-secure-fit-and-beveled-edges-prevent-small-fingers-from-removing-unlike-inferior-products-fits-all-outlets-6-pack-white\\\/\"]}]},{\"@type\":\"ImageObject\",\"inLanguage\":\"de\",\"@id\":\"https:\\\/\\\/marktxxl.de\\\/markt\\\/produkt\\\/qdos-stayput-double-outlet-plug-cover-one-plug-covers-both-outlets-secure-fit-and-beveled-edges-prevent-small-fingers-from-removing-unlike-inferior-products-fits-all-outlets-6-pack-white\\\/#primaryimage\",\"url\":\"https:\\\/\\\/m.media-amazon.com\\\/images\\\/I\\\/31dfgIIM4kL._SL500_.jpg\",\"contentUrl\":\"https:\\\/\\\/m.media-amazon.com\\\/images\\\/I\\\/31dfgIIM4kL._SL500_.jpg\",\"width\":500,\"height\":500},{\"@type\":\"BreadcrumbList\",\"@id\":\"https:\\\/\\\/marktxxl.de\\\/markt\\\/produkt\\\/qdos-stayput-double-outlet-plug-cover-one-plug-covers-both-outlets-secure-fit-and-beveled-edges-prevent-small-fingers-from-removing-unlike-inferior-products-fits-all-outlets-6-pack-white\\\/#breadcrumb\",\"itemListElement\":[{\"@type\":\"ListItem\",\"position\":1,\"name\":\"Startseite\",\"item\":\"https:\\\/\\\/marktxxl.de\\\/markt\\\/\"},{\"@type\":\"ListItem\",\"position\":2,\"name\":\"Markt\",\"item\":\"https:\\\/\\\/marktxxl.de\\\/markt\\\/\"},{\"@type\":\"ListItem\",\"position\":3,\"name\":\"Qdos StayPut Double Outlet Plug Cover &#8211; One Plug Covers both Outlets! &#8211; Secure Fit and Beveled Edges Prevent Small Fingers from Removing Unlike Inferior Products| Fits All Outlets | 6 pack | White\"}]},{\"@type\":\"WebSite\",\"@id\":\"https:\\\/\\\/marktxxl.de\\\/markt\\\/#website\",\"url\":\"https:\\\/\\\/marktxxl.de\\\/markt\\\/\",\"name\":\"Markt-XXL\",\"description\":\"Ihr Markt Online\",\"publisher\":{\"@id\":\"https:\\\/\\\/marktxxl.de\\\/markt\\\/#organization\"},\"potentialAction\":[{\"@type\":\"SearchAction\",\"target\":{\"@type\":\"EntryPoint\",\"urlTemplate\":\"https:\\\/\\\/marktxxl.de\\\/markt\\\/?s={search_term_string}\"},\"query-input\":{\"@type\":\"PropertyValueSpecification\",\"valueRequired\":true,\"valueName\":\"search_term_string\"}}],\"inLanguage\":\"de\"},{\"@type\":\"Organization\",\"@id\":\"https:\\\/\\\/marktxxl.de\\\/markt\\\/#organization\",\"name\":\"Markt-XXL\",\"url\":\"https:\\\/\\\/marktxxl.de\\\/markt\\\/\",\"logo\":{\"@type\":\"ImageObject\",\"inLanguage\":\"de\",\"@id\":\"https:\\\/\\\/marktxxl.de\\\/markt\\\/#\\\/schema\\\/logo\\\/image\\\/\",\"url\":\"https:\\\/\\\/marktxxl.de\\\/markt\\\/wp-content\\\/uploads\\\/sites\\\/3\\\/2020\\\/12\\\/logo.png\",\"contentUrl\":\"https:\\\/\\\/marktxxl.de\\\/markt\\\/wp-content\\\/uploads\\\/sites\\\/3\\\/2020\\\/12\\\/logo.png\",\"width\":200,\"height\":70,\"caption\":\"Markt-XXL\"},\"image\":{\"@id\":\"https:\\\/\\\/marktxxl.de\\\/markt\\\/#\\\/schema\\\/logo\\\/image\\\/\"}}]}<\/script>\n<!-- \/ Yoast SEO plugin. -->","yoast_head_json":{"title":"Qdos StayPut Double Outlet Plug Cover - One Plug Covers both Outlets! - Secure Fit and Beveled Edges Prevent Small Fingers from Removing Unlike Inferior Products| Fits All Outlets | 6 pack | White - Markt-XXL","description":"Markt-XXL Qdos StayPut Double Outlet Plug Cover - One Plug Covers both Outlets! - Secure Fit and Beveled Edges Prevent Small Fingers from Removing Unlike Inferior Products| Fits All Outlets | 6 pack | White","robots":{"index":"index","follow":"follow","max-snippet":"max-snippet:-1","max-image-preview":"max-image-preview:large","max-video-preview":"max-video-preview:-1"},"canonical":"https:\/\/marktxxl.de\/markt\/produkt\/qdos-stayput-double-outlet-plug-cover-one-plug-covers-both-outlets-secure-fit-and-beveled-edges-prevent-small-fingers-from-removing-unlike-inferior-products-fits-all-outlets-6-pack-white\/","og_locale":"de_DE","og_type":"article","og_title":"Qdos StayPut Double Outlet Plug Cover - One Plug Covers both Outlets! - Secure Fit and Beveled Edges Prevent Small Fingers from Removing Unlike Inferior Products| Fits All Outlets | 6 pack | White - Markt-XXL","og_description":"Markt-XXL Qdos StayPut Double Outlet Plug Cover - One Plug Covers both Outlets! - Secure Fit and Beveled Edges Prevent Small Fingers from Removing Unlike Inferior Products| Fits All Outlets | 6 pack | White","og_url":"https:\/\/marktxxl.de\/markt\/produkt\/qdos-stayput-double-outlet-plug-cover-one-plug-covers-both-outlets-secure-fit-and-beveled-edges-prevent-small-fingers-from-removing-unlike-inferior-products-fits-all-outlets-6-pack-white\/","og_site_name":"Markt-XXL","twitter_card":"summary_large_image","twitter_misc":{"Gesch\u00e4tzte Lesezeit":"1\u00a0Minute"},"schema":{"@context":"https:\/\/schema.org","@graph":[{"@type":"WebPage","@id":"https:\/\/marktxxl.de\/markt\/produkt\/qdos-stayput-double-outlet-plug-cover-one-plug-covers-both-outlets-secure-fit-and-beveled-edges-prevent-small-fingers-from-removing-unlike-inferior-products-fits-all-outlets-6-pack-white\/","url":"https:\/\/marktxxl.de\/markt\/produkt\/qdos-stayput-double-outlet-plug-cover-one-plug-covers-both-outlets-secure-fit-and-beveled-edges-prevent-small-fingers-from-removing-unlike-inferior-products-fits-all-outlets-6-pack-white\/","name":"Qdos StayPut Double Outlet Plug Cover - One Plug Covers both Outlets! - Secure Fit and Beveled Edges Prevent Small Fingers from Removing Unlike Inferior Products| Fits All Outlets | 6 pack | White - Markt-XXL","isPartOf":{"@id":"https:\/\/marktxxl.de\/markt\/#website"},"primaryImageOfPage":{"@id":"https:\/\/marktxxl.de\/markt\/produkt\/qdos-stayput-double-outlet-plug-cover-one-plug-covers-both-outlets-secure-fit-and-beveled-edges-prevent-small-fingers-from-removing-unlike-inferior-products-fits-all-outlets-6-pack-white\/#primaryimage"},"image":{"@id":"https:\/\/marktxxl.de\/markt\/produkt\/qdos-stayput-double-outlet-plug-cover-one-plug-covers-both-outlets-secure-fit-and-beveled-edges-prevent-small-fingers-from-removing-unlike-inferior-products-fits-all-outlets-6-pack-white\/#primaryimage"},"thumbnailUrl":"https:\/\/m.media-amazon.com\/images\/I\/31dfgIIM4kL._SL500_.jpg","datePublished":"2024-07-28T12:39:39+00:00","description":"Markt-XXL Qdos StayPut Double Outlet Plug Cover - One Plug Covers both Outlets! - Secure Fit and Beveled Edges Prevent Small Fingers from Removing Unlike Inferior Products| Fits All Outlets | 6 pack | White","breadcrumb":{"@id":"https:\/\/marktxxl.de\/markt\/produkt\/qdos-stayput-double-outlet-plug-cover-one-plug-covers-both-outlets-secure-fit-and-beveled-edges-prevent-small-fingers-from-removing-unlike-inferior-products-fits-all-outlets-6-pack-white\/#breadcrumb"},"inLanguage":"de","potentialAction":[{"@type":"ReadAction","target":["https:\/\/marktxxl.de\/markt\/produkt\/qdos-stayput-double-outlet-plug-cover-one-plug-covers-both-outlets-secure-fit-and-beveled-edges-prevent-small-fingers-from-removing-unlike-inferior-products-fits-all-outlets-6-pack-white\/"]}]},{"@type":"ImageObject","inLanguage":"de","@id":"https:\/\/marktxxl.de\/markt\/produkt\/qdos-stayput-double-outlet-plug-cover-one-plug-covers-both-outlets-secure-fit-and-beveled-edges-prevent-small-fingers-from-removing-unlike-inferior-products-fits-all-outlets-6-pack-white\/#primaryimage","url":"https:\/\/m.media-amazon.com\/images\/I\/31dfgIIM4kL._SL500_.jpg","contentUrl":"https:\/\/m.media-amazon.com\/images\/I\/31dfgIIM4kL._SL500_.jpg","width":500,"height":500},{"@type":"BreadcrumbList","@id":"https:\/\/marktxxl.de\/markt\/produkt\/qdos-stayput-double-outlet-plug-cover-one-plug-covers-both-outlets-secure-fit-and-beveled-edges-prevent-small-fingers-from-removing-unlike-inferior-products-fits-all-outlets-6-pack-white\/#breadcrumb","itemListElement":[{"@type":"ListItem","position":1,"name":"Startseite","item":"https:\/\/marktxxl.de\/markt\/"},{"@type":"ListItem","position":2,"name":"Markt","item":"https:\/\/marktxxl.de\/markt\/"},{"@type":"ListItem","position":3,"name":"Qdos StayPut Double Outlet Plug Cover &#8211; One Plug Covers both Outlets! &#8211; Secure Fit and Beveled Edges Prevent Small Fingers from Removing Unlike Inferior Products| Fits All Outlets | 6 pack | White"}]},{"@type":"WebSite","@id":"https:\/\/marktxxl.de\/markt\/#website","url":"https:\/\/marktxxl.de\/markt\/","name":"Markt-XXL","description":"Ihr Markt Online","publisher":{"@id":"https:\/\/marktxxl.de\/markt\/#organization"},"potentialAction":[{"@type":"SearchAction","target":{"@type":"EntryPoint","urlTemplate":"https:\/\/marktxxl.de\/markt\/?s={search_term_string}"},"query-input":{"@type":"PropertyValueSpecification","valueRequired":true,"valueName":"search_term_string"}}],"inLanguage":"de"},{"@type":"Organization","@id":"https:\/\/marktxxl.de\/markt\/#organization","name":"Markt-XXL","url":"https:\/\/marktxxl.de\/markt\/","logo":{"@type":"ImageObject","inLanguage":"de","@id":"https:\/\/marktxxl.de\/markt\/#\/schema\/logo\/image\/","url":"https:\/\/marktxxl.de\/markt\/wp-content\/uploads\/sites\/3\/2020\/12\/logo.png","contentUrl":"https:\/\/marktxxl.de\/markt\/wp-content\/uploads\/sites\/3\/2020\/12\/logo.png","width":200,"height":70,"caption":"Markt-XXL"},"image":{"@id":"https:\/\/marktxxl.de\/markt\/#\/schema\/logo\/image\/"}}]}},"_links":{"self":[{"href":"https:\/\/marktxxl.de\/markt\/wp-json\/wp\/v2\/product\/221410","targetHints":{"allow":["GET"]}}],"collection":[{"href":"https:\/\/marktxxl.de\/markt\/wp-json\/wp\/v2\/product"}],"about":[{"href":"https:\/\/marktxxl.de\/markt\/wp-json\/wp\/v2\/types\/product"}],"replies":[{"embeddable":true,"href":"https:\/\/marktxxl.de\/markt\/wp-json\/wp\/v2\/comments?post=221410"}],"wp:featuredmedia":[{"embeddable":true,"href":"https:\/\/marktxxl.de\/markt\/wp-json\/wp\/v2\/media\/221411"}],"wp:attachment":[{"href":"https:\/\/marktxxl.de\/markt\/wp-json\/wp\/v2\/media?parent=221410"}],"wp:term":[{"taxonomy":"product_brand","embeddable":true,"href":"https:\/\/marktxxl.de\/markt\/wp-json\/wp\/v2\/product_brand?post=221410"},{"taxonomy":"product_cat","embeddable":true,"href":"https:\/\/marktxxl.de\/markt\/wp-json\/wp\/v2\/product_cat?post=221410"},{"taxonomy":"product_tag","embeddable":true,"href":"https:\/\/marktxxl.de\/markt\/wp-json\/wp\/v2\/product_tag?post=221410"}],"curies":[{"name":"wp","href":"https:\/\/api.w.org\/{rel}","templated":true}]}}